{"id":91181949,"date":"2025-12-17T16:52:30","date_gmt":"2025-12-17T15:52:30","guid":{"rendered":"https:\/\/www.aktantis.com\/innovation\/europe\/citadel-une-europe-resiliente-et-sure-renforcer-la-securite-grace-aux-transitions-ecologique-et-numerique\/"},"modified":"2025-12-17T17:22:57","modified_gmt":"2025-12-17T16:22:57","slug":"citadel-une-europe-resiliente-et-sure-renforcer-la-securite-grace-aux-transitions-ecologique-et-numerique","status":"publish","type":"page","link":"https:\/\/www.aktantis.com\/en\/innovation\/europe\/citadel-une-europe-resiliente-et-sure-renforcer-la-securite-grace-aux-transitions-ecologique-et-numerique\/","title":{"rendered":"CITADEL &#8211; Resilient and secure Europe: advancing security through green and digital transitions"},"content":{"rendered":"<div class=\"wpb-content-wrapper\"><p>[vc_row][vc_column][vc_single_image image=&#8221;91181942&#8243; img_size=&#8221;large&#8221; alignment=&#8221;center&#8221; css=&#8221;&#8221;][\/vc_column][\/vc_row][vc_row][vc_column width=&#8221;1\/6&#8243;][\/vc_column][vc_column width=&#8221;4\/6&#8243;][vc_column_text css=&#8221;&#8221;]<\/p>\n<h2 style=\"text-align: center;\"><span class=\"TextRun SCXW76709287 BCX0\" lang=\"EN-GB\" xml:lang=\"EN-GB\" data-contrast=\"none\"><span class=\"NormalTextRun SCXW76709287 BCX0\">Resilient and secure Europe: advancing security through green and digital transitions<\/span><\/span><\/h2>\n<p>[\/vc_column_text][\/vc_column][vc_column width=&#8221;1\/6&#8243;][\/vc_column][\/vc_row][vc_row][vc_column width=&#8221;1\/12&#8243;][\/vc_column][vc_column width=&#8221;10\/12&#8243;][vc_column_text css=&#8221;&#8221;]<\/p>\n<h3>THE CITADEL PROJECT<\/h3>\n<p><span data-contrast=\"auto\">Against a backdrop of growing threats from various sources, including cyber threats, hybrid threats and climate change risks, the CITADEL project seeks to foster innovation, networking and the adoption of advanced digital technologies within the European security landscape. Leveraging technological solutions such as artificial intelligence, the Internet of Things (IoT), photonics and cybersecurity will enable CITADEL to strengthen the resilience of critical infrastructure, urban environments and disaster security operations. CITADEL will also provide direct financial support to European SMEs via a cascade funding mechanism, enabling them to collaborate with end users to develop and implement innovative security solutions. This will promote industrial competitiveness and technological sovereignty while addressing the challenges posed by the green transition.\u00a0<\/span><span data-ccp-props=\"{&quot;134233117&quot;:false,&quot;134233118&quot;:false,&quot;335557856&quot;:16777215,&quot;335559685&quot;:0,&quot;335559737&quot;:0,&quot;335559738&quot;:0,&quot;335559739&quot;:0}\">\u00a0<\/span><\/p>\n<p><span data-contrast=\"auto\">The CITADEL project consists of two main pillars:\u00a0<\/span><span data-ccp-props=\"{&quot;134233117&quot;:false,&quot;134233118&quot;:false,&quot;335557856&quot;:16777215,&quot;335559685&quot;:0,&quot;335559737&quot;:0,&quot;335559738&quot;:0,&quot;335559739&quot;:0}\">\u00a0<\/span><\/p>\n<p><strong>N<\/strong><b><span data-contrast=\"auto\">etworking and\u00a0collaboration\u00a0<\/span><\/b><span data-contrast=\"auto\">:\u00a0mapping existing solutions,\u00a0organising\u00a0matchmaking, sharing knowledge between SMEs,\u00a0clusters\u00a0and security stakeholders<\/span><span data-ccp-props=\"{&quot;134233117&quot;:false,&quot;134233118&quot;:false,&quot;335557856&quot;:16777215,&quot;335559685&quot;:0,&quot;335559737&quot;:0,&quot;335559738&quot;:0,&quot;335559739&quot;:0}\">\u00a0<\/span><\/p>\n<p><b><span data-contrast=\"auto\">Innovation and adoption<\/span><\/b><span data-contrast=\"auto\">\u00a0:\u00a0financial support for SMEs to integrate advanced digital tools to improve monitoring, threat detection, crisis\u00a0response\u00a0and resilience.<\/span>[\/vc_column_text][\/vc_column][vc_column width=&#8221;1\/12&#8243;][\/vc_column][\/vc_row][vc_row][vc_column][vc_row_inner equal_height=&#8221;yes&#8221; gap=&#8221;15&#8243; css=&#8221;.vc_custom_1518050141642{padding-top: 35px !important;padding-right: 35px !important;padding-bottom: 35px !important;padding-left: 35px !important;}&#8221;][vc_column_inner width=&#8221;1\/3&#8243; css=&#8221;.vc_custom_1731493167615{padding-top: 25px !important;padding-right: 25px !important;padding-bottom: 15px !important;padding-left: 25px !important;background-color: #F3F3F9 !important;}&#8221;][vc_column_text css=&#8221;.vc_custom_1765988114265{padding-top: 10px !important;padding-right: 10px !important;padding-bottom: 10px !important;padding-left: 10px !important;}&#8221;]<\/p>\n<h3>Project details :<\/h3>\n<ul>\n<li>Programme : <span class=\"a_GcMg font-feature-liga-off font-feature-clig-off font-feature-calt-off text-decoration-none text-strikethrough-none\">Programme pour le march\u00e9 unique (SMP COSME), Appel \u00ab Initiatives conjointes de clusters (<a href=\"https:\/\/www.clustercollaboration.eu\/content\/sixteen-new-euroclusters-selected-strengthen-industrial-resilience-across-europe\">EUROCLUSTERS<\/a>) pour la relance de l\u2019Europe \u00bb.<\/span><\/li>\n<li>Duration : 36 mois (01\/10\/2025 \u2013 30\/09\/2028)<\/li>\n<li>Coordinator : Systematic Paris-Region<\/li>\n<\/ul>\n<p>[\/vc_column_text][vc_column_text css=&#8221;&#8221;]<\/p>\n<h3>Events :<\/h3>\n<ul>\n<li>17\/11\/2025 \u2013 Kick-off meeting (online)<\/li>\n<\/ul>\n<p>[\/vc_column_text][\/vc_column_inner][vc_column_inner width=&#8221;1\/3&#8243; css=&#8221;.vc_custom_1731493176378{padding-top: 25px !important;padding-right: 25px !important;padding-bottom: 15px !important;padding-left: 25px !important;background-color: #F3F3F9 !important;}&#8221;][vc_column_text css=&#8221;.vc_custom_1765988175396{padding-top: 10px !important;padding-right: 10px !important;padding-bottom: 10px !important;padding-left: 10px !important;}&#8221;]<\/p>\n<h3>Partnership :<\/h3>\n<ul>\n<li><span data-contrast=\"auto\"><a href=\"https:\/\/systematic-paris-region.org\/\">Systematic Paris-Region<\/a> (Coordinator, France)<\/span><\/li>\n<li><a href=\"https:\/\/www.safecluster.com\/\">SAFE Cluster<\/a> (France)<\/li>\n<li>AKTANTIS (France)<\/li>\n<li><a href=\"https:\/\/www.l3ce.eu\/en\/\">L3CE<\/a> (Lithuania)<\/li>\n<li><a href=\"https:\/\/www.clujit.ro\/\">Cluj IT Cluster<\/a> (Romania)<\/li>\n<li><a href=\"https:\/\/businesstampere.com\/en\/ecosystems-and-networks\/tampere-region-security-ecosystem\/tampere-region-safety-and-security-cluster\/\">Tampere Region Safety and Security Cluster<\/a> (Finland)<\/li>\n<\/ul>\n<p>[\/vc_column_text][\/vc_column_inner][vc_column_inner width=&#8221;1\/3&#8243; css=&#8221;.vc_custom_1731493184021{padding-top: 25px !important;padding-right: 25px !important;padding-bottom: 15px !important;padding-left: 25px !important;background-color: #F3F3F9 !important;}&#8221;][vc_column_text css=&#8221;.vc_custom_1765988211601{padding-top: 10px !important;padding-right: 10px !important;padding-bottom: 10px !important;padding-left: 10px !important;}&#8221;]<\/p>\n<h3>Communication :<\/h3>\n<ul>\n<li><a href=\"https:\/\/www.linkedin.com\/company\/citadel-euroclusters-project\/posts\/?feedView=all\">LinkedIn<\/a><\/li>\n<li>Project website currently under construction<\/li>\n<\/ul>\n<p>[\/vc_column_text][\/vc_column_inner][\/vc_row_inner][\/vc_column][\/vc_row][vc_row][vc_column][vc_column_text css=&#8221;.vc_custom_1765986339862{margin-bottom: 70px !important;}&#8221;]<\/p>\n<p style=\"text-align: left;\"><\/p>\n<p>[\/vc_column_text][\/vc_column][\/vc_row][vc_row][vc_column][vc_column_text css=&#8221;.vc_custom_1520287429985{margin-bottom: 70px !important;}&#8221;]<\/p>\n<p style=\"text-align: left;\"><a class=\"btn-return\" href=\"https:\/\/www.aktantis.com\/en\/innovation\/europe\/\">&lt; Back<\/a><\/p>\n<p>[\/vc_column_text][\/vc_column][\/vc_row][vc_row full_width=&#8221;stretch_row&#8221; equal_height=&#8221;yes&#8221; css=&#8221;.vc_custom_1733216921921{margin-top: 0px !important;margin-right: 0px !important;margin-bottom: 0px !important;margin-left: 0px !important;border-right-width: 0px !important;border-left-width: 0px !important;padding-right: 0px !important;padding-left: 0px !important;background-color: #F3F3F9 !important;}&#8221;][vc_column width=&#8221;1\/2&#8243; css=&#8221;.vc_custom_1733216927827{margin-left: 0px !important;border-left-width: 0px !important;padding-top: 0px !important;padding-right: 0px !important;padding-bottom: 0px !important;padding-left: 0px !important;}&#8221; offset=&#8221;vc_hidden-xs&#8221;][vc_column_text css=&#8221;.vc_custom_1731600552103{margin-top: 35px !important;margin-bottom: 35px !important;padding-top: 50px !important;padding-right: 10% !important;padding-bottom: 50px !important;}&#8221;]<\/p>\n<p style=\"text-align: right;\"><a class=\"shrtd-contact-icon\" href=\"https:\/\/www.aktantis.com\/en\/\/contact\/\" ><i class=\"icomoon icon-bubbles6\"><\/i><\/a><\/p>\n<h4 style=\"text-align: right; max-width: 400px; float: right;\">Pour plus d&#8217;information sur ce projet europ\u00e9en, contactez-nous<\/h4>\n<p>[\/vc_column_text][\/vc_column][vc_column width=&#8221;1\/2&#8243; css=&#8221;.vc_custom_1733216845148{margin-right: 0px !important;border-right-width: 0px !important;padding-top: 0px !important;padding-right: 0px !important;padding-bottom: 0px !important;padding-left: 0px !important;}&#8221;][vc_column_text css=&#8221;.vc_custom_1733216894001{margin-top: 70px !important;margin-right: 0px !important;margin-bottom: 70px !important;border-right-width: 0px !important;border-bottom-width: 0px !important;border-left-width: 1px !important;padding-top: 0px !important;padding-right: 0px !important;padding-left: 10% !important;border-left-style: solid !important;border-right-style: solid !important;border-bottom-style: solid !important;border-color: rgba(0,133,166,0.49) !important;}&#8221;]<\/p>\n<h2 style=\"text-align: left;\">VOS CONTACTS<strong><br \/>\n<\/strong><\/h2>\n<div class=\"portrait-contact shortcode clearfix\">\r\n                <img loading=\"lazy\" decoding=\"async\" width=\"165\" height=\"165\" src=\"https:\/\/www.aktantis.com\/wp-content\/uploads\/2017\/03\/Marielle-165x165.jpg\" class=\"attachment-scs_equipe_portrait size-scs_equipe_portrait wp-post-image\" alt=\"\" srcset=\"https:\/\/www.aktantis.com\/wp-content\/uploads\/2017\/03\/Marielle-165x165.jpg 165w, https:\/\/www.aktantis.com\/wp-content\/uploads\/2017\/03\/Marielle-300x300.jpg 300w, https:\/\/www.aktantis.com\/wp-content\/uploads\/2017\/03\/Marielle-150x150.jpg 150w, https:\/\/www.aktantis.com\/wp-content\/uploads\/2017\/03\/Marielle-160x160.jpg 160w, https:\/\/www.aktantis.com\/wp-content\/uploads\/2017\/03\/Marielle-89x89.jpg 89w, https:\/\/www.aktantis.com\/wp-content\/uploads\/2017\/03\/Marielle-238x238.jpg 238w, https:\/\/www.aktantis.com\/wp-content\/uploads\/2017\/03\/Marielle-100x100.jpg 100w, https:\/\/www.aktantis.com\/wp-content\/uploads\/2017\/03\/Marielle.jpg 750w\" sizes=\"auto, 100vw\" \/>                <div class=\"infos\">\r\n                    <h4>Marielle CAMPANELLA<\/h4>                    <p>Innovation - European R&D projects<\/p>\r\n                    <p class=\"contact\">\r\n                                                <i class=\"icon-mobile2\"><\/i><a href=\"tel:+33 6 47 49 85 37\">+33 6 47 49 85 37<\/a>                        <br\/>                        <i class=\"icon-envelop\"><\/i><a href=\"mailto:marielle.campanella@aktantis.com\">marielle.campanella@aktantis.com<\/a>                                            <\/p>\r\n                <\/div>\r\n            <\/div>\r\n        [\/vc_column_text][\/vc_column][\/vc_row]<\/p>\n<\/div>","protected":false},"excerpt":{"rendered":"","protected":false},"author":1280,"featured_media":0,"parent":91148705,"menu_order":0,"comment_status":"closed","ping_status":"closed","template":"","meta":{"footnotes":""},"class_list":["post-91181949","page","type-page","status-publish","hentry"],"yoast_head":"<!-- This site is optimized with the Yoast SEO plugin v25.8 - https:\/\/yoast.com\/wordpress\/plugins\/seo\/ -->\n<title>CITADEL - Une Europe r\u00e9siliente et s\u00fbre : renforcer la s\u00e9curit\u00e9 gr\u00e2ce aux transitions \u00e9cologique et num\u00e9rique<\/title>\n<meta name=\"description\" content=\"AKTANTIS est partenaire du projet CITADEL visant \u00e0 renforcer la s\u00e9curit\u00e9 gr\u00e2ce aux transitions \u00e9cologique et num\u00e9rique\" \/>\n<meta name=\"robots\" content=\"index, follow, max-snippet:-1, max-image-preview:large, max-video-preview:-1\" \/>\n<link rel=\"canonical\" href=\"https:\/\/www.aktantis.com\/en\/innovation\/europe\/citadel-une-europe-resiliente-et-sure-renforcer-la-securite-grace-aux-transitions-ecologique-et-numerique\/\" \/>\n<meta property=\"og:locale\" content=\"en_US\" \/>\n<meta property=\"og:type\" content=\"article\" \/>\n<meta property=\"og:title\" content=\"CITADEL - Une Europe r\u00e9siliente et s\u00fbre : renforcer la s\u00e9curit\u00e9 gr\u00e2ce aux transitions \u00e9cologique et num\u00e9rique\" \/>\n<meta property=\"og:description\" content=\"AKTANTIS est partenaire du projet CITADEL visant \u00e0 renforcer la s\u00e9curit\u00e9 gr\u00e2ce aux transitions \u00e9cologique et num\u00e9rique\" \/>\n<meta property=\"og:url\" content=\"https:\/\/www.aktantis.com\/en\/innovation\/europe\/citadel-une-europe-resiliente-et-sure-renforcer-la-securite-grace-aux-transitions-ecologique-et-numerique\/\" \/>\n<meta property=\"og:site_name\" content=\"AKTANTIS\" \/>\n<meta property=\"article:publisher\" content=\"https:\/\/www.facebook.com\/PoleSCS\/\" \/>\n<meta property=\"article:modified_time\" content=\"2025-12-17T16:22:57+00:00\" \/>\n<meta name=\"twitter:card\" content=\"summary_large_image\" \/>\n<meta name=\"twitter:site\" content=\"@Pole_SCS\" \/>\n<script type=\"application\/ld+json\" class=\"yoast-schema-graph\">{\"@context\":\"https:\/\/schema.org\",\"@graph\":[{\"@type\":\"WebPage\",\"@id\":\"https:\/\/www.aktantis.com\/en\/innovation\/europe\/citadel-une-europe-resiliente-et-sure-renforcer-la-securite-grace-aux-transitions-ecologique-et-numerique\/\",\"url\":\"https:\/\/www.aktantis.com\/en\/innovation\/europe\/citadel-une-europe-resiliente-et-sure-renforcer-la-securite-grace-aux-transitions-ecologique-et-numerique\/\",\"name\":\"CITADEL - Une Europe r\u00e9siliente et s\u00fbre : renforcer la s\u00e9curit\u00e9 gr\u00e2ce aux transitions \u00e9cologique et num\u00e9rique\",\"isPartOf\":{\"@id\":\"https:\/\/www.aktantis.com\/#website\"},\"datePublished\":\"2025-12-17T15:52:30+00:00\",\"dateModified\":\"2025-12-17T16:22:57+00:00\",\"description\":\"AKTANTIS est partenaire du projet CITADEL visant \u00e0 renforcer la s\u00e9curit\u00e9 gr\u00e2ce aux transitions \u00e9cologique et num\u00e9rique\",\"breadcrumb\":{\"@id\":\"https:\/\/www.aktantis.com\/en\/innovation\/europe\/citadel-une-europe-resiliente-et-sure-renforcer-la-securite-grace-aux-transitions-ecologique-et-numerique\/#breadcrumb\"},\"inLanguage\":\"en-US\",\"potentialAction\":[{\"@type\":\"ReadAction\",\"target\":[\"https:\/\/www.aktantis.com\/en\/innovation\/europe\/citadel-une-europe-resiliente-et-sure-renforcer-la-securite-grace-aux-transitions-ecologique-et-numerique\/\"]}]},{\"@type\":\"BreadcrumbList\",\"@id\":\"https:\/\/www.aktantis.com\/en\/innovation\/europe\/citadel-une-europe-resiliente-et-sure-renforcer-la-securite-grace-aux-transitions-ecologique-et-numerique\/#breadcrumb\",\"itemListElement\":[{\"@type\":\"ListItem\",\"position\":1,\"name\":\"Accueil\",\"item\":\"https:\/\/www.aktantis.com\/en\/\"},{\"@type\":\"ListItem\",\"position\":2,\"name\":\"Innovation\",\"item\":\"https:\/\/www.aktantis.com\/innovation\/\"},{\"@type\":\"ListItem\",\"position\":3,\"name\":\"Europe\",\"item\":\"https:\/\/www.aktantis.com\/en\/innovation\/europe\/\"},{\"@type\":\"ListItem\",\"position\":4,\"name\":\"CITADEL &#8211; Resilient and secure Europe: advancing security through green and digital transitions\"}]},{\"@type\":\"WebSite\",\"@id\":\"https:\/\/www.aktantis.com\/#website\",\"url\":\"https:\/\/www.aktantis.com\/\",\"name\":\"AKTANTIS\",\"description\":\"1er \u00e9cosyst\u00e8me europ\u00e9en\",\"publisher\":{\"@id\":\"https:\/\/www.aktantis.com\/#organization\"},\"potentialAction\":[{\"@type\":\"SearchAction\",\"target\":{\"@type\":\"EntryPoint\",\"urlTemplate\":\"https:\/\/www.aktantis.com\/?s={search_term_string}\"},\"query-input\":{\"@type\":\"PropertyValueSpecification\",\"valueRequired\":true,\"valueName\":\"search_term_string\"}}],\"inLanguage\":\"en-US\"},{\"@type\":\"Organization\",\"@id\":\"https:\/\/www.aktantis.com\/#organization\",\"name\":\"Aktantis\",\"url\":\"https:\/\/www.aktantis.com\/\",\"logo\":{\"@type\":\"ImageObject\",\"inLanguage\":\"en-US\",\"@id\":\"https:\/\/www.aktantis.com\/#\/schema\/logo\/image\/\",\"url\":\"https:\/\/www.aktantis.com\/wp-content\/uploads\/2018\/03\/cropped-logo_scs.png\",\"contentUrl\":\"https:\/\/www.aktantis.com\/wp-content\/uploads\/2018\/03\/cropped-logo_scs.png\",\"width\":720,\"height\":250,\"caption\":\"Aktantis\"},\"image\":{\"@id\":\"https:\/\/www.aktantis.com\/#\/schema\/logo\/image\/\"},\"sameAs\":[\"https:\/\/www.facebook.com\/PoleSCS\/\",\"https:\/\/x.com\/Pole_SCS\",\"https:\/\/www.linkedin.com\/company\/pole-scs\/\"]}]}<\/script>\n<!-- \/ Yoast SEO plugin. -->","yoast_head_json":{"title":"CITADEL - Une Europe r\u00e9siliente et s\u00fbre : renforcer la s\u00e9curit\u00e9 gr\u00e2ce aux transitions \u00e9cologique et num\u00e9rique","description":"AKTANTIS est partenaire du projet CITADEL visant \u00e0 renforcer la s\u00e9curit\u00e9 gr\u00e2ce aux transitions \u00e9cologique et num\u00e9rique","robots":{"index":"index","follow":"follow","max-snippet":"max-snippet:-1","max-image-preview":"max-image-preview:large","max-video-preview":"max-video-preview:-1"},"canonical":"https:\/\/www.aktantis.com\/en\/innovation\/europe\/citadel-une-europe-resiliente-et-sure-renforcer-la-securite-grace-aux-transitions-ecologique-et-numerique\/","og_locale":"en_US","og_type":"article","og_title":"CITADEL - Une Europe r\u00e9siliente et s\u00fbre : renforcer la s\u00e9curit\u00e9 gr\u00e2ce aux transitions \u00e9cologique et num\u00e9rique","og_description":"AKTANTIS est partenaire du projet CITADEL visant \u00e0 renforcer la s\u00e9curit\u00e9 gr\u00e2ce aux transitions \u00e9cologique et num\u00e9rique","og_url":"https:\/\/www.aktantis.com\/en\/innovation\/europe\/citadel-une-europe-resiliente-et-sure-renforcer-la-securite-grace-aux-transitions-ecologique-et-numerique\/","og_site_name":"AKTANTIS","article_publisher":"https:\/\/www.facebook.com\/PoleSCS\/","article_modified_time":"2025-12-17T16:22:57+00:00","twitter_card":"summary_large_image","twitter_site":"@Pole_SCS","schema":{"@context":"https:\/\/schema.org","@graph":[{"@type":"WebPage","@id":"https:\/\/www.aktantis.com\/en\/innovation\/europe\/citadel-une-europe-resiliente-et-sure-renforcer-la-securite-grace-aux-transitions-ecologique-et-numerique\/","url":"https:\/\/www.aktantis.com\/en\/innovation\/europe\/citadel-une-europe-resiliente-et-sure-renforcer-la-securite-grace-aux-transitions-ecologique-et-numerique\/","name":"CITADEL - Une Europe r\u00e9siliente et s\u00fbre : renforcer la s\u00e9curit\u00e9 gr\u00e2ce aux transitions \u00e9cologique et num\u00e9rique","isPartOf":{"@id":"https:\/\/www.aktantis.com\/#website"},"datePublished":"2025-12-17T15:52:30+00:00","dateModified":"2025-12-17T16:22:57+00:00","description":"AKTANTIS est partenaire du projet CITADEL visant \u00e0 renforcer la s\u00e9curit\u00e9 gr\u00e2ce aux transitions \u00e9cologique et num\u00e9rique","breadcrumb":{"@id":"https:\/\/www.aktantis.com\/en\/innovation\/europe\/citadel-une-europe-resiliente-et-sure-renforcer-la-securite-grace-aux-transitions-ecologique-et-numerique\/#breadcrumb"},"inLanguage":"en-US","potentialAction":[{"@type":"ReadAction","target":["https:\/\/www.aktantis.com\/en\/innovation\/europe\/citadel-une-europe-resiliente-et-sure-renforcer-la-securite-grace-aux-transitions-ecologique-et-numerique\/"]}]},{"@type":"BreadcrumbList","@id":"https:\/\/www.aktantis.com\/en\/innovation\/europe\/citadel-une-europe-resiliente-et-sure-renforcer-la-securite-grace-aux-transitions-ecologique-et-numerique\/#breadcrumb","itemListElement":[{"@type":"ListItem","position":1,"name":"Accueil","item":"https:\/\/www.aktantis.com\/en\/"},{"@type":"ListItem","position":2,"name":"Innovation","item":"https:\/\/www.aktantis.com\/innovation\/"},{"@type":"ListItem","position":3,"name":"Europe","item":"https:\/\/www.aktantis.com\/en\/innovation\/europe\/"},{"@type":"ListItem","position":4,"name":"CITADEL &#8211; Resilient and secure Europe: advancing security through green and digital transitions"}]},{"@type":"WebSite","@id":"https:\/\/www.aktantis.com\/#website","url":"https:\/\/www.aktantis.com\/","name":"AKTANTIS","description":"1er \u00e9cosyst\u00e8me europ\u00e9en","publisher":{"@id":"https:\/\/www.aktantis.com\/#organization"},"potentialAction":[{"@type":"SearchAction","target":{"@type":"EntryPoint","urlTemplate":"https:\/\/www.aktantis.com\/?s={search_term_string}"},"query-input":{"@type":"PropertyValueSpecification","valueRequired":true,"valueName":"search_term_string"}}],"inLanguage":"en-US"},{"@type":"Organization","@id":"https:\/\/www.aktantis.com\/#organization","name":"Aktantis","url":"https:\/\/www.aktantis.com\/","logo":{"@type":"ImageObject","inLanguage":"en-US","@id":"https:\/\/www.aktantis.com\/#\/schema\/logo\/image\/","url":"https:\/\/www.aktantis.com\/wp-content\/uploads\/2018\/03\/cropped-logo_scs.png","contentUrl":"https:\/\/www.aktantis.com\/wp-content\/uploads\/2018\/03\/cropped-logo_scs.png","width":720,"height":250,"caption":"Aktantis"},"image":{"@id":"https:\/\/www.aktantis.com\/#\/schema\/logo\/image\/"},"sameAs":["https:\/\/www.facebook.com\/PoleSCS\/","https:\/\/x.com\/Pole_SCS","https:\/\/www.linkedin.com\/company\/pole-scs\/"]}]}},"_links":{"self":[{"href":"https:\/\/www.aktantis.com\/en\/wp-json\/wp\/v2\/pages\/91181949","targetHints":{"allow":["GET"]}}],"collection":[{"href":"https:\/\/www.aktantis.com\/en\/wp-json\/wp\/v2\/pages"}],"about":[{"href":"https:\/\/www.aktantis.com\/en\/wp-json\/wp\/v2\/types\/page"}],"author":[{"embeddable":true,"href":"https:\/\/www.aktantis.com\/en\/wp-json\/wp\/v2\/users\/1280"}],"replies":[{"embeddable":true,"href":"https:\/\/www.aktantis.com\/en\/wp-json\/wp\/v2\/comments?post=91181949"}],"version-history":[{"count":2,"href":"https:\/\/www.aktantis.com\/en\/wp-json\/wp\/v2\/pages\/91181949\/revisions"}],"predecessor-version":[{"id":91181960,"href":"https:\/\/www.aktantis.com\/en\/wp-json\/wp\/v2\/pages\/91181949\/revisions\/91181960"}],"up":[{"embeddable":true,"href":"https:\/\/www.aktantis.com\/en\/wp-json\/wp\/v2\/pages\/91148705"}],"wp:attachment":[{"href":"https:\/\/www.aktantis.com\/en\/wp-json\/wp\/v2\/media?parent=91181949"}],"curies":[{"name":"wp","href":"https:\/\/api.w.org\/{rel}","templated":true}]}}