{"id":91181383,"date":"2025-10-29T10:03:42","date_gmt":"2025-10-29T09:03:42","guid":{"rendered":"https:\/\/www.aktantis.com\/innovation\/europe\/digivillae-une-cooperation-transfrontaliere-pour-des-territoires-plus-innovants\/"},"modified":"2025-10-29T16:49:08","modified_gmt":"2025-10-29T15:49:08","slug":"digivillae-cross-border-cooperation-for-more-innovative-territories","status":"publish","type":"page","link":"https:\/\/www.aktantis.com\/en\/innovation\/europe\/digivillae-cross-border-cooperation-for-more-innovative-territories\/","title":{"rendered":"DIGIVILLAE &#8211; Cross-border cooperation for more innovative territories"},"content":{"rendered":"<div class=\"wpb-content-wrapper\"><p>[vc_row][vc_column width=&#8221;1\/6&#8243;][\/vc_column][vc_column width=&#8221;4\/6&#8243;][vc_column_text css=&#8221;&#8221;]<\/p>\n<h2 style=\"text-align: center;\">DIGIVILLAE &#8211; Cross-border cooperation for more<br \/>\ninnovative territories<\/h2>\n<p>[\/vc_column_text][\/vc_column][vc_column width=&#8221;1\/6&#8243;][\/vc_column][\/vc_row][vc_row][vc_column width=&#8221;1\/2&#8243;][vc_single_image image=&#8221;91181354&#8243; img_size=&#8221;large&#8221; alignment=&#8221;center&#8221; css=&#8221;&#8221;][\/vc_column][vc_column width=&#8221;1\/2&#8243;][vc_single_image image=&#8221;91181357&#8243; img_size=&#8221;large&#8221; alignment=&#8221;center&#8221; css=&#8221;&#8221;][\/vc_column][\/vc_row][vc_row][vc_column width=&#8221;1\/6&#8243;][\/vc_column][vc_column width=&#8221;4\/6&#8243;][vc_column_text css=&#8221;&#8221;]<\/p>\n<p style=\"text-align: center;\"><span class=\"TextRun SCXW63927181 BCX0\" lang=\"FR-FR\" xml:lang=\"FR-FR\" data-contrast=\"auto\"><span class=\"NormalTextRun SCXW63927181 BCX0\">AKTANTIS is partner of the European project Digivillae.<\/span><span class=\"NormalTextRun SCXW63927181 BCX0\">\u00a0<\/span><span class=\"NormalTextRun SCXW63927181 BCX0\">Funded by the Interreg VI-A Italie-France ALCOTRA 2021-2027 programme<\/span><span class=\"NormalTextRun SCXW63927181 BCX0\">, the project is part of the broader EUSALP Alpine macro-regional strategy and aims to adopt a Smart Village approach.<\/span><\/span><\/p>\n<p>[\/vc_column_text][\/vc_column][vc_column width=&#8221;1\/6&#8243;][\/vc_column][\/vc_row][vc_row][vc_column width=&#8221;1\/12&#8243;][\/vc_column][vc_column width=&#8221;10\/12&#8243;][vc_column_text css=&#8221;&#8221;]<\/p>\n<h3>The project<\/h3>\n<p>The project aims to support small municipalities in ALCOTRA areas in their innovation efforts by offering tools, services and collaborative working methods to develop a local development strategy. This strategy will consider the needs of local stakeholders (citizens, public institutions, businesses, etc.) and leverage the expertise of businesses to address the identified challenges. A trial phase will then enable this strategy to be tested and improved.<\/p>\n<p><span data-contrast=\"auto\">Digivillae will include the following actions:<\/span><span data-ccp-props=\"{&quot;134233117&quot;:false,&quot;134233118&quot;:false,&quot;201341983&quot;:0,&quot;335551550&quot;:0,&quot;335551620&quot;:0,&quot;335559738&quot;:240,&quot;335559739&quot;:240,&quot;335559740&quot;:270}\">\u00a0<\/span><\/p>\n<ul>\n<li aria-setsize=\"-1\" data-leveltext=\"\uf0b7\" data-font=\"Symbol\" data-listid=\"1\" data-list-defn-props=\"{&quot;335552541&quot;:1,&quot;335559683&quot;:0,&quot;335559684&quot;:-2,&quot;335559685&quot;:720,&quot;335559991&quot;:360,&quot;469769226&quot;:&quot;Symbol&quot;,&quot;469769242&quot;:[8226],&quot;469777803&quot;:&quot;left&quot;,&quot;469777804&quot;:&quot;\uf0b7&quot;,&quot;469777815&quot;:&quot;hybridMultilevel&quot;}\" data-aria-posinset=\"1\" data-aria-level=\"1\"><span data-ccp-props=\"{&quot;134233117&quot;:false,&quot;134233118&quot;:false,&quot;335551550&quot;:0,&quot;335551620&quot;:0,&quot;335559738&quot;:0,&quot;335559739&quot;:0}\"><strong>Creation of a network of local hubs<\/strong>: These hubs will serve as meeting and exchange points for local stakeholders, facilitating the pooling of needs and skills, as well as providing access to shared multilingual digital infrastructure.\u00a0<\/span><\/li>\n<\/ul>\n<ul>\n<li aria-setsize=\"-1\" data-leveltext=\"\uf0b7\" data-font=\"Symbol\" data-listid=\"1\" data-list-defn-props=\"{&quot;335552541&quot;:1,&quot;335559683&quot;:0,&quot;335559684&quot;:-2,&quot;335559685&quot;:720,&quot;335559991&quot;:360,&quot;469769226&quot;:&quot;Symbol&quot;,&quot;469769242&quot;:[8226],&quot;469777803&quot;:&quot;left&quot;,&quot;469777804&quot;:&quot;\uf0b7&quot;,&quot;469777815&quot;:&quot;hybridMultilevel&quot;}\" data-aria-posinset=\"2\" data-aria-level=\"1\"><span data-ccp-props=\"{&quot;134233117&quot;:false,&quot;134233118&quot;:false,&quot;335551550&quot;:0,&quot;335551620&quot;:0,&quot;335559738&quot;:0,&quot;335559739&quot;:0}\"><strong>Development of a digital tool<\/strong>: This tool will enable local needs and potential solutions to be identified, in order to help develop an appropriate development strategy.<\/span><\/li>\n<\/ul>\n<ul>\n<li aria-setsize=\"-1\" data-leveltext=\"\uf0b7\" data-font=\"Symbol\" data-listid=\"1\" data-list-defn-props=\"{&quot;335552541&quot;:1,&quot;335559683&quot;:0,&quot;335559684&quot;:-2,&quot;335559685&quot;:720,&quot;335559991&quot;:360,&quot;469769226&quot;:&quot;Symbol&quot;,&quot;469769242&quot;:[8226],&quot;469777803&quot;:&quot;left&quot;,&quot;469777804&quot;:&quot;\uf0b7&quot;,&quot;469777815&quot;:&quot;hybridMultilevel&quot;}\" data-aria-posinset=\"3\" data-aria-level=\"1\"><b><span data-contrast=\"auto\">S<\/span><\/b><span data-contrast=\"auto\"><strong>ourcing and testing innovative digital solutions<\/strong>: The project will seek out and test digital solutions to meet the specific needs of the regions concerned.<\/span><\/li>\n<\/ul>\n<p>[\/vc_column_text][\/vc_column][vc_column width=&#8221;1\/12&#8243;][\/vc_column][\/vc_row][vc_row][vc_column width=&#8221;1\/12&#8243;][\/vc_column][vc_column width=&#8221;10\/12&#8243;][vc_column_text css=&#8221;&#8221;]<\/p>\n<h3>The INTERREG ALCOTRA programme and the EUSALP strategy<\/h3>\n<p><span data-contrast=\"auto\"><strong><span class=\"TextRun SCXW231675696 BCX0\" lang=\"FR-FR\" xml:lang=\"FR-FR\" data-contrast=\"auto\"><span class=\"NormalTextRun SCXW231675696 BCX0\">INTERREG ALCOTRA<\/span><\/span><\/strong><span class=\"TextRun SCXW231675696 BCX0\" lang=\"FR-FR\" xml:lang=\"FR-FR\" data-contrast=\"auto\"><span class=\"NormalTextRun SCXW231675696 BCX0\"> is a European cooperation programme between France and Italy. It aims to strengthen economic, social, cultural and environmental ties in the Alpine border regions. Funded by the European Regional Development Fund, it supports projects promoting sustainable and integrated development in the Alpine region. In the Provence-Alpes-C\u00f4te d&#8217;Azur Region, the territories covered by the programme are the departments of <strong>Alpes-de-Haute-Provence<\/strong>, <strong>Hautes-Alpes<\/strong> and <strong>Alpes-Maritimes<\/strong>. In Italy, the ALCOTRA territories are the regions of <strong>Valle d\u2019Aosta<\/strong>, <strong>Piedmont<\/strong> and <strong>Liguria<\/strong>.<\/span><\/span><\/span><span data-contrast=\"auto\"><span class=\"TextRun SCXW231675696 BCX0\" lang=\"FR-FR\" xml:lang=\"FR-FR\" data-contrast=\"auto\"><span class=\"NormalTextRun SCXW231675696 BCX0\">\u00a0<\/span><\/span><span class=\"LineBreakBlob BlobObject DragDrop SCXW231675696 BCX0\"><span class=\"SCXW231675696 BCX0\"><br \/>\n<\/span><br class=\"SCXW231675696 BCX0\" \/><\/span><span class=\"TextRun SCXW231675696 BCX0\" lang=\"FR-FR\" xml:lang=\"FR-FR\" data-contrast=\"auto\"><span class=\"NormalTextRun SCXW231675696 BCX0\">The <strong>EUSALP<\/strong> strategy (European Union Strategy for the Alpine Region) aims to strengthen cooperation between Alpine countries for sustainable, innovative and coherent development of the region. Within this framework, the <strong>&#8220;Smart Village&#8221;<\/strong> approach encourages rural and mountain communities to use digital technologies, citizen participation and local solutions to improve the quality of life and attractiveness of Alpine villages.<\/span><\/span><\/span><\/p>\n<p>[\/vc_column_text][\/vc_column][vc_column width=&#8221;1\/12&#8243;][\/vc_column][\/vc_row][vc_row][vc_column][vc_row_inner equal_height=&#8221;yes&#8221; gap=&#8221;15&#8243; css=&#8221;.vc_custom_1518050141642{padding-top: 35px !important;padding-right: 35px !important;padding-bottom: 35px !important;padding-left: 35px !important;}&#8221;][vc_column_inner width=&#8221;1\/3&#8243; css=&#8221;.vc_custom_1731493167615{padding-top: 25px !important;padding-right: 25px !important;padding-bottom: 15px !important;padding-left: 25px !important;background-color: #F3F3F9 !important;}&#8221;][vc_column_text css=&#8221;.vc_custom_1761734197592{padding-top: 10px !important;padding-right: 10px !important;padding-bottom: 10px !important;padding-left: 10px !important;}&#8221;]<\/p>\n<h3>Projet details:<\/h3>\n<ul>\n<li>Programme: <span class=\"a_GcMg font-feature-liga-off font-feature-clig-off font-feature-calt-off text-decoration-none text-strikethrough-none\">Interreg VI-A France-Italia <\/span><a class=\"a_GcMg font-feature-liga-off font-feature-clig-off font-feature-calt-off text-decoration-underline text-strikethrough-none\" draggable=\"false\" href=\"https:\/\/interreg-alcotra.eu\/fr\" target=\"_blank\" rel=\"noopener\">ALCOTRA<\/a><\/li>\n<li>Duration: 30 months (01\/09\/2025 \u2013 01\/03\/2028)<\/li>\n<li>Coordinator: <span class=\"a_GcMg font-feature-liga-off font-feature-clig-off font-feature-calt-off text-decoration-none text-strikethrough-none\">Fondazione Piemonte Innova (FPI)<\/span><\/li>\n<\/ul>\n<p>[\/vc_column_text][vc_column_text css=&#8221;&#8221;]<\/p>\n<h3>Events:<\/h3>\n<ul>\n<li>16-17\/10\/2025: Kick-off meeting in Torino, Italy<\/li>\n<\/ul>\n<p>[\/vc_column_text][\/vc_column_inner][vc_column_inner width=&#8221;1\/3&#8243; css=&#8221;.vc_custom_1731493176378{padding-top: 25px !important;padding-right: 25px !important;padding-bottom: 15px !important;padding-left: 25px !important;background-color: #F3F3F9 !important;}&#8221;][vc_column_text css=&#8221;.vc_custom_1761734066458{padding-top: 10px !important;padding-right: 10px !important;padding-bottom: 10px !important;padding-left: 10px !important;}&#8221;]<\/p>\n<h3>Partnership:<\/h3>\n<ul>\n<li><span data-contrast=\"auto\"><a href=\"https:\/\/piemonteinnova.it\/\">Fondazione Piemonte Innova<\/a> (Italy)<\/span><\/li>\n<li><a href=\"https:\/\/www.smartcommunitiestech.it\/\">SmartCommunitiesTech Cluster<\/a> (Italy)<\/li>\n<li><span class=\"a_GcMg font-feature-liga-off font-feature-clig-off font-feature-calt-off text-decoration-none text-strikethrough-none\"><a href=\"https:\/\/unionedelfossanese.cn.it\/\">Unione del Fossanese<\/a> (Italy)<\/span><\/li>\n<li><span class=\"a_GcMg font-feature-liga-off font-feature-clig-off font-feature-calt-off text-decoration-none text-strikethrough-none\"><a href=\"https:\/\/www.anciliguria.it\/\">ANCI Liguria<\/a> (Italy) <\/span><\/li>\n<li><span class=\"a_GcMg font-feature-liga-off font-feature-clig-off font-feature-calt-off text-decoration-none text-strikethrough-none\"><a href=\"https:\/\/cm-montrose.vda.it\/it-it\/home\">Unit\u00e9 des Communes vald\u00f4taines Mont-Rose<\/a> (Italy)<\/span><\/li>\n<li><span style=\"font-size: 1rem;\">AKTANTIS (France)<\/span><\/li>\n<\/ul>\n<p>[\/vc_column_text][\/vc_column_inner][vc_column_inner width=&#8221;1\/3&#8243; css=&#8221;.vc_custom_1731493184021{padding-top: 25px !important;padding-right: 25px !important;padding-bottom: 15px !important;padding-left: 25px !important;background-color: #F3F3F9 !important;}&#8221;][vc_column_text css=&#8221;.vc_custom_1761734091303{padding-top: 10px !important;padding-right: 10px !important;padding-bottom: 10px !important;padding-left: 10px !important;}&#8221;]<\/p>\n<h3>Communication:<\/h3>\n<ul>\n<li>Project website and social media pages currently under construction<\/li>\n<\/ul>\n<p>[\/vc_column_text][\/vc_column_inner][\/vc_row_inner][\/vc_column][\/vc_row][vc_row][vc_column][vc_column_text css=&#8221;.vc_custom_1520287429985{margin-bottom: 70px !important;}&#8221;]<\/p>\n<p style=\"text-align: left;\"><a class=\"btn-return\" href=\"https:\/\/www.aktantis.com\/en\/innovation\/europe\/\">&lt; Back<\/a><\/p>\n<p>[\/vc_column_text][\/vc_column][\/vc_row][vc_row full_width=&#8221;stretch_row&#8221; equal_height=&#8221;yes&#8221; css=&#8221;.vc_custom_1733216921921{margin-top: 0px !important;margin-right: 0px !important;margin-bottom: 0px !important;margin-left: 0px !important;border-right-width: 0px !important;border-left-width: 0px !important;padding-right: 0px !important;padding-left: 0px !important;background-color: #F3F3F9 !important;}&#8221;][vc_column width=&#8221;1\/2&#8243; css=&#8221;.vc_custom_1733216927827{margin-left: 0px !important;border-left-width: 0px !important;padding-top: 0px !important;padding-right: 0px !important;padding-bottom: 0px !important;padding-left: 0px !important;}&#8221; offset=&#8221;vc_hidden-xs&#8221;][vc_column_text css=&#8221;.vc_custom_1731600552103{margin-top: 35px !important;margin-bottom: 35px !important;padding-top: 50px !important;padding-right: 10% !important;padding-bottom: 50px !important;}&#8221;]<\/p>\n<p style=\"text-align: right;\"><a class=\"shrtd-contact-icon\" href=\"https:\/\/www.aktantis.com\/en\/\/contact\/\" ><i class=\"icomoon icon-bubbles6\"><\/i><\/a><\/p>\n<h4 style=\"text-align: right; max-width: 400px; float: right;\">Pour plus d&#8217;information sur ce projet europ\u00e9en, contactez-nous<\/h4>\n<p>[\/vc_column_text][\/vc_column][vc_column width=&#8221;1\/2&#8243; css=&#8221;.vc_custom_1733216845148{margin-right: 0px !important;border-right-width: 0px !important;padding-top: 0px !important;padding-right: 0px !important;padding-bottom: 0px !important;padding-left: 0px !important;}&#8221;][vc_column_text css=&#8221;.vc_custom_1733216894001{margin-top: 70px !important;margin-right: 0px !important;margin-bottom: 70px !important;border-right-width: 0px !important;border-bottom-width: 0px !important;border-left-width: 1px !important;padding-top: 0px !important;padding-right: 0px !important;padding-left: 10% !important;border-left-style: solid !important;border-right-style: solid !important;border-bottom-style: solid !important;border-color: rgba(0,133,166,0.49) !important;}&#8221;]<\/p>\n<h2 style=\"text-align: left;\">VOS CONTACTS<strong><br \/>\n<\/strong><\/h2>\n<div class=\"portrait-contact shortcode clearfix\">\r\n                <img loading=\"lazy\" decoding=\"async\" width=\"165\" height=\"165\" src=\"https:\/\/www.aktantis.com\/wp-content\/uploads\/2017\/03\/Marielle-165x165.jpg\" class=\"attachment-scs_equipe_portrait size-scs_equipe_portrait wp-post-image\" alt=\"\" srcset=\"https:\/\/www.aktantis.com\/wp-content\/uploads\/2017\/03\/Marielle-165x165.jpg 165w, https:\/\/www.aktantis.com\/wp-content\/uploads\/2017\/03\/Marielle-300x300.jpg 300w, https:\/\/www.aktantis.com\/wp-content\/uploads\/2017\/03\/Marielle-150x150.jpg 150w, https:\/\/www.aktantis.com\/wp-content\/uploads\/2017\/03\/Marielle-160x160.jpg 160w, https:\/\/www.aktantis.com\/wp-content\/uploads\/2017\/03\/Marielle-89x89.jpg 89w, https:\/\/www.aktantis.com\/wp-content\/uploads\/2017\/03\/Marielle-238x238.jpg 238w, https:\/\/www.aktantis.com\/wp-content\/uploads\/2017\/03\/Marielle-100x100.jpg 100w, https:\/\/www.aktantis.com\/wp-content\/uploads\/2017\/03\/Marielle.jpg 750w\" sizes=\"auto, 100vw\" \/>                <div class=\"infos\">\r\n                    <h4>Marielle CAMPANELLA<\/h4>                    <p>Innovation - European R&D projects<\/p>\r\n                    <p class=\"contact\">\r\n                                                <i class=\"icon-mobile2\"><\/i><a href=\"tel:+33 6 47 49 85 37\">+33 6 47 49 85 37<\/a>                        <br\/>                        <i class=\"icon-envelop\"><\/i><a href=\"mailto:marielle.campanella@aktantis.com\">marielle.campanella@aktantis.com<\/a>                                            <\/p>\r\n                <\/div>\r\n            <\/div>\r\n        [\/vc_column_text][\/vc_column][\/vc_row]<\/p>\n<\/div>","protected":false},"excerpt":{"rendered":"","protected":false},"author":1280,"featured_media":0,"parent":91148705,"menu_order":0,"comment_status":"closed","ping_status":"closed","template":"","meta":{"footnotes":""},"class_list":["post-91181383","page","type-page","status-publish","hentry"],"yoast_head":"<!-- This site is optimized with the Yoast SEO plugin v25.8 - https:\/\/yoast.com\/wordpress\/plugins\/seo\/ -->\n<title>Digivillae - Cross-border cooperation for more innovative territories<\/title>\n<meta name=\"description\" content=\"AKTANTIS is a partner in the Digivillae project, which aims to digitally transform Alpine regions to make them more attractive and sustainable.\" \/>\n<meta name=\"robots\" content=\"index, follow, max-snippet:-1, max-image-preview:large, max-video-preview:-1\" \/>\n<link rel=\"canonical\" href=\"https:\/\/www.aktantis.com\/en\/innovation\/europe\/digivillae-cross-border-cooperation-for-more-innovative-territories\/\" \/>\n<meta property=\"og:locale\" content=\"en_US\" \/>\n<meta property=\"og:type\" content=\"article\" \/>\n<meta property=\"og:title\" content=\"Digivillae - Cross-border cooperation for more innovative territories\" \/>\n<meta property=\"og:description\" content=\"AKTANTIS is a partner in the Digivillae project, which aims to digitally transform Alpine regions to make them more attractive and sustainable.\" \/>\n<meta property=\"og:url\" content=\"https:\/\/www.aktantis.com\/en\/innovation\/europe\/digivillae-cross-border-cooperation-for-more-innovative-territories\/\" \/>\n<meta property=\"og:site_name\" content=\"AKTANTIS\" \/>\n<meta property=\"article:publisher\" content=\"https:\/\/www.facebook.com\/PoleSCS\/\" \/>\n<meta property=\"article:modified_time\" content=\"2025-10-29T15:49:08+00:00\" \/>\n<meta name=\"twitter:card\" content=\"summary_large_image\" \/>\n<meta name=\"twitter:site\" content=\"@Pole_SCS\" \/>\n<script type=\"application\/ld+json\" class=\"yoast-schema-graph\">{\"@context\":\"https:\/\/schema.org\",\"@graph\":[{\"@type\":\"WebPage\",\"@id\":\"https:\/\/www.aktantis.com\/en\/innovation\/europe\/digivillae-cross-border-cooperation-for-more-innovative-territories\/\",\"url\":\"https:\/\/www.aktantis.com\/en\/innovation\/europe\/digivillae-cross-border-cooperation-for-more-innovative-territories\/\",\"name\":\"Digivillae - Cross-border cooperation for more innovative territories\",\"isPartOf\":{\"@id\":\"https:\/\/www.aktantis.com\/#website\"},\"datePublished\":\"2025-10-29T09:03:42+00:00\",\"dateModified\":\"2025-10-29T15:49:08+00:00\",\"description\":\"AKTANTIS is a partner in the Digivillae project, which aims to digitally transform Alpine regions to make them more attractive and sustainable.\",\"breadcrumb\":{\"@id\":\"https:\/\/www.aktantis.com\/en\/innovation\/europe\/digivillae-cross-border-cooperation-for-more-innovative-territories\/#breadcrumb\"},\"inLanguage\":\"en-US\",\"potentialAction\":[{\"@type\":\"ReadAction\",\"target\":[\"https:\/\/www.aktantis.com\/en\/innovation\/europe\/digivillae-cross-border-cooperation-for-more-innovative-territories\/\"]}]},{\"@type\":\"BreadcrumbList\",\"@id\":\"https:\/\/www.aktantis.com\/en\/innovation\/europe\/digivillae-cross-border-cooperation-for-more-innovative-territories\/#breadcrumb\",\"itemListElement\":[{\"@type\":\"ListItem\",\"position\":1,\"name\":\"Accueil\",\"item\":\"https:\/\/www.aktantis.com\/en\/\"},{\"@type\":\"ListItem\",\"position\":2,\"name\":\"Innovation\",\"item\":\"https:\/\/www.aktantis.com\/innovation\/\"},{\"@type\":\"ListItem\",\"position\":3,\"name\":\"Europe\",\"item\":\"https:\/\/www.aktantis.com\/en\/innovation\/europe\/\"},{\"@type\":\"ListItem\",\"position\":4,\"name\":\"DIGIVILLAE &#8211; Cross-border cooperation for more innovative territories\"}]},{\"@type\":\"WebSite\",\"@id\":\"https:\/\/www.aktantis.com\/#website\",\"url\":\"https:\/\/www.aktantis.com\/\",\"name\":\"AKTANTIS\",\"description\":\"1er \u00e9cosyst\u00e8me europ\u00e9en\",\"publisher\":{\"@id\":\"https:\/\/www.aktantis.com\/#organization\"},\"potentialAction\":[{\"@type\":\"SearchAction\",\"target\":{\"@type\":\"EntryPoint\",\"urlTemplate\":\"https:\/\/www.aktantis.com\/?s={search_term_string}\"},\"query-input\":{\"@type\":\"PropertyValueSpecification\",\"valueRequired\":true,\"valueName\":\"search_term_string\"}}],\"inLanguage\":\"en-US\"},{\"@type\":\"Organization\",\"@id\":\"https:\/\/www.aktantis.com\/#organization\",\"name\":\"Aktantis\",\"url\":\"https:\/\/www.aktantis.com\/\",\"logo\":{\"@type\":\"ImageObject\",\"inLanguage\":\"en-US\",\"@id\":\"https:\/\/www.aktantis.com\/#\/schema\/logo\/image\/\",\"url\":\"https:\/\/www.aktantis.com\/wp-content\/uploads\/2018\/03\/cropped-logo_scs.png\",\"contentUrl\":\"https:\/\/www.aktantis.com\/wp-content\/uploads\/2018\/03\/cropped-logo_scs.png\",\"width\":720,\"height\":250,\"caption\":\"Aktantis\"},\"image\":{\"@id\":\"https:\/\/www.aktantis.com\/#\/schema\/logo\/image\/\"},\"sameAs\":[\"https:\/\/www.facebook.com\/PoleSCS\/\",\"https:\/\/x.com\/Pole_SCS\",\"https:\/\/www.linkedin.com\/company\/pole-scs\/\"]}]}<\/script>\n<!-- \/ Yoast SEO plugin. -->","yoast_head_json":{"title":"Digivillae - Cross-border cooperation for more innovative territories","description":"AKTANTIS is a partner in the Digivillae project, which aims to digitally transform Alpine regions to make them more attractive and sustainable.","robots":{"index":"index","follow":"follow","max-snippet":"max-snippet:-1","max-image-preview":"max-image-preview:large","max-video-preview":"max-video-preview:-1"},"canonical":"https:\/\/www.aktantis.com\/en\/innovation\/europe\/digivillae-cross-border-cooperation-for-more-innovative-territories\/","og_locale":"en_US","og_type":"article","og_title":"Digivillae - Cross-border cooperation for more innovative territories","og_description":"AKTANTIS is a partner in the Digivillae project, which aims to digitally transform Alpine regions to make them more attractive and sustainable.","og_url":"https:\/\/www.aktantis.com\/en\/innovation\/europe\/digivillae-cross-border-cooperation-for-more-innovative-territories\/","og_site_name":"AKTANTIS","article_publisher":"https:\/\/www.facebook.com\/PoleSCS\/","article_modified_time":"2025-10-29T15:49:08+00:00","twitter_card":"summary_large_image","twitter_site":"@Pole_SCS","schema":{"@context":"https:\/\/schema.org","@graph":[{"@type":"WebPage","@id":"https:\/\/www.aktantis.com\/en\/innovation\/europe\/digivillae-cross-border-cooperation-for-more-innovative-territories\/","url":"https:\/\/www.aktantis.com\/en\/innovation\/europe\/digivillae-cross-border-cooperation-for-more-innovative-territories\/","name":"Digivillae - Cross-border cooperation for more innovative territories","isPartOf":{"@id":"https:\/\/www.aktantis.com\/#website"},"datePublished":"2025-10-29T09:03:42+00:00","dateModified":"2025-10-29T15:49:08+00:00","description":"AKTANTIS is a partner in the Digivillae project, which aims to digitally transform Alpine regions to make them more attractive and sustainable.","breadcrumb":{"@id":"https:\/\/www.aktantis.com\/en\/innovation\/europe\/digivillae-cross-border-cooperation-for-more-innovative-territories\/#breadcrumb"},"inLanguage":"en-US","potentialAction":[{"@type":"ReadAction","target":["https:\/\/www.aktantis.com\/en\/innovation\/europe\/digivillae-cross-border-cooperation-for-more-innovative-territories\/"]}]},{"@type":"BreadcrumbList","@id":"https:\/\/www.aktantis.com\/en\/innovation\/europe\/digivillae-cross-border-cooperation-for-more-innovative-territories\/#breadcrumb","itemListElement":[{"@type":"ListItem","position":1,"name":"Accueil","item":"https:\/\/www.aktantis.com\/en\/"},{"@type":"ListItem","position":2,"name":"Innovation","item":"https:\/\/www.aktantis.com\/innovation\/"},{"@type":"ListItem","position":3,"name":"Europe","item":"https:\/\/www.aktantis.com\/en\/innovation\/europe\/"},{"@type":"ListItem","position":4,"name":"DIGIVILLAE &#8211; Cross-border cooperation for more innovative territories"}]},{"@type":"WebSite","@id":"https:\/\/www.aktantis.com\/#website","url":"https:\/\/www.aktantis.com\/","name":"AKTANTIS","description":"1er \u00e9cosyst\u00e8me europ\u00e9en","publisher":{"@id":"https:\/\/www.aktantis.com\/#organization"},"potentialAction":[{"@type":"SearchAction","target":{"@type":"EntryPoint","urlTemplate":"https:\/\/www.aktantis.com\/?s={search_term_string}"},"query-input":{"@type":"PropertyValueSpecification","valueRequired":true,"valueName":"search_term_string"}}],"inLanguage":"en-US"},{"@type":"Organization","@id":"https:\/\/www.aktantis.com\/#organization","name":"Aktantis","url":"https:\/\/www.aktantis.com\/","logo":{"@type":"ImageObject","inLanguage":"en-US","@id":"https:\/\/www.aktantis.com\/#\/schema\/logo\/image\/","url":"https:\/\/www.aktantis.com\/wp-content\/uploads\/2018\/03\/cropped-logo_scs.png","contentUrl":"https:\/\/www.aktantis.com\/wp-content\/uploads\/2018\/03\/cropped-logo_scs.png","width":720,"height":250,"caption":"Aktantis"},"image":{"@id":"https:\/\/www.aktantis.com\/#\/schema\/logo\/image\/"},"sameAs":["https:\/\/www.facebook.com\/PoleSCS\/","https:\/\/x.com\/Pole_SCS","https:\/\/www.linkedin.com\/company\/pole-scs\/"]}]}},"_links":{"self":[{"href":"https:\/\/www.aktantis.com\/en\/wp-json\/wp\/v2\/pages\/91181383","targetHints":{"allow":["GET"]}}],"collection":[{"href":"https:\/\/www.aktantis.com\/en\/wp-json\/wp\/v2\/pages"}],"about":[{"href":"https:\/\/www.aktantis.com\/en\/wp-json\/wp\/v2\/types\/page"}],"author":[{"embeddable":true,"href":"https:\/\/www.aktantis.com\/en\/wp-json\/wp\/v2\/users\/1280"}],"replies":[{"embeddable":true,"href":"https:\/\/www.aktantis.com\/en\/wp-json\/wp\/v2\/comments?post=91181383"}],"version-history":[{"count":9,"href":"https:\/\/www.aktantis.com\/en\/wp-json\/wp\/v2\/pages\/91181383\/revisions"}],"predecessor-version":[{"id":91181422,"href":"https:\/\/www.aktantis.com\/en\/wp-json\/wp\/v2\/pages\/91181383\/revisions\/91181422"}],"up":[{"embeddable":true,"href":"https:\/\/www.aktantis.com\/en\/wp-json\/wp\/v2\/pages\/91148705"}],"wp:attachment":[{"href":"https:\/\/www.aktantis.com\/en\/wp-json\/wp\/v2\/media?parent=91181383"}],"curies":[{"name":"wp","href":"https:\/\/api.w.org\/{rel}","templated":true}]}}