{"id":91180651,"date":"2020-04-08T10:45:46","date_gmt":"2020-04-08T08:45:46","guid":{"rendered":"https:\/\/www.aktantis.com\/?page_id=91180651"},"modified":"2025-09-05T15:23:06","modified_gmt":"2025-09-05T13:23:06","slug":"cyber-secure-light","status":"publish","type":"page","link":"https:\/\/www.aktantis.com\/en\/innovation\/europe\/cyber-secure-light\/","title":{"rendered":"Cyber Secure Light"},"content":{"rendered":"<div class=\"wpb-content-wrapper\"><p>[vc_row][vc_column][vc_column_text]<\/p>\n<h3 style=\"text-align: center;\">Cyber Secure IoT Lighting and Home Automation systems for Smart Building<\/h3>\n<p><img loading=\"lazy\" decoding=\"async\" class=\"aligncenter wp-image-91149256 size-medium\" src=\"https:\/\/www.aktantis.com\/wp-content\/uploads\/2021\/03\/logo_csl-1-300x174.jpg\" alt=\"\" width=\"300\" height=\"174\" srcset=\"https:\/\/www.aktantis.com\/wp-content\/uploads\/2021\/03\/logo_csl-1-300x174.jpg 300w, https:\/\/www.aktantis.com\/wp-content\/uploads\/2021\/03\/logo_csl-1-160x93.jpg 160w, https:\/\/www.aktantis.com\/wp-content\/uploads\/2021\/03\/logo_csl-1-154x89.jpg 154w, https:\/\/www.aktantis.com\/wp-content\/uploads\/2021\/03\/logo_csl-1.jpg 530w\" sizes=\"auto, (max-width: 300px) 100vw, 300px\" \/><\/p>\n<p>The objective of the project is to involve all the smart building value chain, namely digital lighting in order to increase the cross-sectoral fertilization to trigger the integration of IoT-enabled devices in the lighting systems ; home automation. The benefits relate to digital lighting systems that can lead to a better use of spaces, maintenance improvement, reduction of energy consumption within the integrated Building Management Systems ; cyber security protocols to implement the best practices in cybersecurity for wireless lighting control.<\/p>\n<p>In direct reference to SCS cluster SMEs members, Cyber Secure Light aims to develop a Joint Cluster Partnership Strategy to pursue proactive and business-oriented cross-sector cooperation of SMEs and clusters of the IoT smart building value chain, focused on smart lighting security aspects. The consortium will adopt the interclustering approach to exploit synergies, common assets, innovation sources and financing opportunities to bring the interregional B2B and C2C cooperation to the next level and mobilise joint smart investment.<\/p>\n<p>SCS cluster has been awarded with ESCP-S3 partnership Cyber Secure Light project. The consortium partnership comprises of seven clusters from six different countries.<\/p>\n<p>&nbsp;<\/p>\n<h4><strong>Events :<\/strong><\/h4>\n<p>&nbsp;<\/p>\n<ul>\n<li>14 to 15 March, 2019, Barcelona &#8211; 2<sup>nd<\/sup> meeting of the Steering Committee<\/li>\n<li>September 13, 2019, Meyreuil Innovative Business Incubator, SCS Cluster hosted \u201cInformation Meetings &#8211; R&amp;D Projects and Innovation Financing<\/li>\n<li>October 29th, 2019 &#8211; Conference &#8220;Digital Industry: disruptive solutions to shape the future of SMEs&#8221; during IoTSWC 2019 &#8211; More informations <a href=\"https:\/\/www.aktantis.com\/en\/2019\/09\/17\/digital-industry-disruptive-solutions-to-shape-the-future-of-smes\/\" target=\"_blank\" rel=\"noopener noreferrer\">HERE<\/a><\/li>\n<li>November 26, 2019 Gardanne &#8211; International Bootcamp and 3<sup>rd<\/sup> meeting of the Steering Committee at the \u00c9cole des Mines de Saint-\u00c9tienne, Campus G. Charpak Provence<\/li>\n<li>March 11 &#8211; 12, 2020 &#8211; 4<sup>th<\/sup> Steering Committee meeting and the 2\u00b0 Business visit to be held in Frankfurt\u00a0 at the Light+Building Fair<\/li>\n<\/ul>\n<p>&nbsp;<\/p>\n<h4><strong>Project details\u00a0 :<\/strong><\/h4>\n<p>&nbsp;<\/p>\n<ul>\n<li>Program : COSME<\/li>\n<li>Duration : 1\/10\/2018 till 30\/10\/2020<\/li>\n<li>Coordinator : Luce in Veneto<\/li>\n<\/ul>\n<p>&nbsp;<\/p>\n<h4><strong>Partnership :<\/strong><\/h4>\n<p>&nbsp;<\/p>\n<ul>\n<li><a href=\"https:\/\/www.luceinveneto.com\/?lang=en\" target=\"_blank\" rel=\"noopener noreferrer\">Luce In Veneto<\/a> (Italy)<\/li>\n<li><a href=\"https:\/\/www.domotys.org\/entry-without-preview-image\/\" target=\"_blank\" rel=\"noopener noreferrer\">Domotys<\/a> (Spain)<\/li>\n<li><a href=\"http:\/\/www.sgg.si\/en\/\">Slovenski gradbeni grozd<\/a> (Slovenia)<\/li>\n<li>Aktantis (France)<\/li>\n<li><a href=\"http:\/\/www.elcacluster.eu\/\">European Lighting Cluster Alliance<\/a> (Italy)<\/li>\n<li><span style=\"color: #000000;\"><a style=\"color: #000000;\" href=\"http:\/\/www.klaster-innowator.pl\/\">\u015awi\u0119tokrzyski-Podkarpacki Construction Cluster INNOWATOR<\/a> (Poland)<\/span><\/li>\n<li><a href=\"http:\/\/www.archenerg.eu\" target=\"_blank\" rel=\"noopener noreferrer\">ArchEnerg cluster<\/a>\u00a0 (Hungary)<\/li>\n<\/ul>\n<p>&nbsp;<\/p>\n<h4><strong>Communication :<\/strong><\/h4>\n<p>&nbsp;<\/p>\n<ul>\n<li>Official website<a href=\"https:\/\/cybersecurelight.eu\/\" target=\"_blank\" rel=\"noopener noreferrer\"> HERE<\/a><\/li>\n<li>CSL Newsletter October 2019 <a href=\"https:\/\/mailchi.mp\/5a821a0e3744\/cyber-secure-light-escp-s3-project-newsletter-october-2019-iot-congress-b2b-regional-workshops-boot-camp\" target=\"_blank\" rel=\"noopener noreferrer\">HERE<\/a><\/li>\n<\/ul>\n<p>&nbsp;<\/p>\n<h4><strong>Contact :<\/strong><\/h4>\n<p>&nbsp;<\/p>\n<p>Marielle Campanella &#8211; <a href=\"mailto:marielle.campanella@aktantis.com\">marielle.campanella@aktantis.com<\/a><\/p>\n<p>&nbsp;<\/p>\n<p style=\"text-align: center;\"><em>The Cyber Secure Light project has received funding from the European Union\u2019s Cosme\u00a0 programme under grant agreement n\u00b0 822069<\/em><\/p>\n<p style=\"text-align: center;\"><img loading=\"lazy\" decoding=\"async\" class=\"aligncenter wp-image-91158305 size-medium\" src=\"https:\/\/www.aktantis.com\/wp-content\/uploads\/2022\/04\/europe-cosme-300x62.png\" alt=\"\" width=\"300\" height=\"62\" srcset=\"https:\/\/www.aktantis.com\/wp-content\/uploads\/2022\/04\/europe-cosme-300x62.png 300w, https:\/\/www.aktantis.com\/wp-content\/uploads\/2022\/04\/europe-cosme-1024x211.png 1024w, https:\/\/www.aktantis.com\/wp-content\/uploads\/2022\/04\/europe-cosme-768x158.png 768w, https:\/\/www.aktantis.com\/wp-content\/uploads\/2022\/04\/europe-cosme-1536x316.png 1536w, https:\/\/www.aktantis.com\/wp-content\/uploads\/2022\/04\/europe-cosme-2048x422.png 2048w, https:\/\/www.aktantis.com\/wp-content\/uploads\/2022\/04\/europe-cosme-160x33.png 160w, https:\/\/www.aktantis.com\/wp-content\/uploads\/2022\/04\/europe-cosme-432x89.png 432w\" sizes=\"auto, (max-width: 300px) 100vw, 300px\" \/><\/p>\n<p>[\/vc_column_text][\/vc_column][\/vc_row]<\/p>\n<\/div>","protected":false},"excerpt":{"rendered":"<p>[vc_row][vc_column][vc_column_text]<br \/>\nCyber Secure IoT Lighting and Home Automation systems for Smart Building<\/p>\n<p>The objective of the project is to involve all the smart building value chain, namely&#8230;<\/p>\n","protected":false},"author":2,"featured_media":0,"parent":91148705,"menu_order":0,"comment_status":"closed","ping_status":"closed","template":"","meta":{"footnotes":""},"class_list":["post-91180651","page","type-page","status-publish","hentry"],"yoast_head":"<!-- This site is optimized with the Yoast SEO plugin v25.8 - https:\/\/yoast.com\/wordpress\/plugins\/seo\/ -->\n<title>Cyber Secure Light - AKTANTIS<\/title>\n<meta name=\"robots\" content=\"index, follow, max-snippet:-1, max-image-preview:large, max-video-preview:-1\" \/>\n<link rel=\"canonical\" href=\"https:\/\/www.aktantis.com\/en\/innovation\/europe\/cyber-secure-light\/\" \/>\n<meta property=\"og:locale\" content=\"en_US\" \/>\n<meta property=\"og:type\" content=\"article\" \/>\n<meta property=\"og:title\" content=\"Cyber Secure Light - AKTANTIS\" \/>\n<meta property=\"og:description\" content=\"[vc_row][vc_column][vc_column_text] Cyber Secure IoT Lighting and Home Automation systems for Smart Building The objective of the project is to involve all the smart building value chain, namely...\" \/>\n<meta property=\"og:url\" content=\"https:\/\/www.aktantis.com\/en\/innovation\/europe\/cyber-secure-light\/\" \/>\n<meta property=\"og:site_name\" content=\"AKTANTIS\" \/>\n<meta property=\"article:publisher\" content=\"https:\/\/www.facebook.com\/PoleSCS\/\" \/>\n<meta property=\"article:modified_time\" content=\"2025-09-05T13:23:06+00:00\" \/>\n<meta property=\"og:image\" content=\"https:\/\/www.aktantis.com\/wp-content\/uploads\/2021\/03\/logo_csl-1.jpg\" \/>\n\t<meta property=\"og:image:width\" content=\"530\" \/>\n\t<meta property=\"og:image:height\" content=\"307\" \/>\n\t<meta property=\"og:image:type\" content=\"image\/jpeg\" \/>\n<meta name=\"twitter:card\" content=\"summary_large_image\" \/>\n<meta name=\"twitter:site\" content=\"@Pole_SCS\" \/>\n<script type=\"application\/ld+json\" class=\"yoast-schema-graph\">{\"@context\":\"https:\/\/schema.org\",\"@graph\":[{\"@type\":\"WebPage\",\"@id\":\"https:\/\/www.aktantis.com\/en\/innovation\/europe\/cyber-secure-light\/\",\"url\":\"https:\/\/www.aktantis.com\/en\/innovation\/europe\/cyber-secure-light\/\",\"name\":\"Cyber Secure Light - AKTANTIS\",\"isPartOf\":{\"@id\":\"https:\/\/www.aktantis.com\/#website\"},\"primaryImageOfPage\":{\"@id\":\"https:\/\/www.aktantis.com\/en\/innovation\/europe\/cyber-secure-light\/#primaryimage\"},\"image\":{\"@id\":\"https:\/\/www.aktantis.com\/en\/innovation\/europe\/cyber-secure-light\/#primaryimage\"},\"thumbnailUrl\":\"https:\/\/www.aktantis.com\/wp-content\/uploads\/2021\/03\/logo_csl-1-300x174.jpg\",\"datePublished\":\"2020-04-08T08:45:46+00:00\",\"dateModified\":\"2025-09-05T13:23:06+00:00\",\"breadcrumb\":{\"@id\":\"https:\/\/www.aktantis.com\/en\/innovation\/europe\/cyber-secure-light\/#breadcrumb\"},\"inLanguage\":\"en-US\",\"potentialAction\":[{\"@type\":\"ReadAction\",\"target\":[\"https:\/\/www.aktantis.com\/en\/innovation\/europe\/cyber-secure-light\/\"]}]},{\"@type\":\"ImageObject\",\"inLanguage\":\"en-US\",\"@id\":\"https:\/\/www.aktantis.com\/en\/innovation\/europe\/cyber-secure-light\/#primaryimage\",\"url\":\"https:\/\/www.aktantis.com\/wp-content\/uploads\/2021\/03\/logo_csl-1-300x174.jpg\",\"contentUrl\":\"https:\/\/www.aktantis.com\/wp-content\/uploads\/2021\/03\/logo_csl-1-300x174.jpg\"},{\"@type\":\"BreadcrumbList\",\"@id\":\"https:\/\/www.aktantis.com\/en\/innovation\/europe\/cyber-secure-light\/#breadcrumb\",\"itemListElement\":[{\"@type\":\"ListItem\",\"position\":1,\"name\":\"Accueil\",\"item\":\"https:\/\/www.aktantis.com\/en\/\"},{\"@type\":\"ListItem\",\"position\":2,\"name\":\"Innovation\",\"item\":\"https:\/\/www.aktantis.com\/innovation\/\"},{\"@type\":\"ListItem\",\"position\":3,\"name\":\"Europe\",\"item\":\"https:\/\/www.aktantis.com\/en\/innovation\/europe\/\"},{\"@type\":\"ListItem\",\"position\":4,\"name\":\"Cyber Secure Light\"}]},{\"@type\":\"WebSite\",\"@id\":\"https:\/\/www.aktantis.com\/#website\",\"url\":\"https:\/\/www.aktantis.com\/\",\"name\":\"AKTANTIS\",\"description\":\"1er \u00e9cosyst\u00e8me europ\u00e9en\",\"publisher\":{\"@id\":\"https:\/\/www.aktantis.com\/#organization\"},\"potentialAction\":[{\"@type\":\"SearchAction\",\"target\":{\"@type\":\"EntryPoint\",\"urlTemplate\":\"https:\/\/www.aktantis.com\/?s={search_term_string}\"},\"query-input\":{\"@type\":\"PropertyValueSpecification\",\"valueRequired\":true,\"valueName\":\"search_term_string\"}}],\"inLanguage\":\"en-US\"},{\"@type\":\"Organization\",\"@id\":\"https:\/\/www.aktantis.com\/#organization\",\"name\":\"Aktantis\",\"url\":\"https:\/\/www.aktantis.com\/\",\"logo\":{\"@type\":\"ImageObject\",\"inLanguage\":\"en-US\",\"@id\":\"https:\/\/www.aktantis.com\/#\/schema\/logo\/image\/\",\"url\":\"https:\/\/www.aktantis.com\/wp-content\/uploads\/2018\/03\/cropped-logo_scs.png\",\"contentUrl\":\"https:\/\/www.aktantis.com\/wp-content\/uploads\/2018\/03\/cropped-logo_scs.png\",\"width\":720,\"height\":250,\"caption\":\"Aktantis\"},\"image\":{\"@id\":\"https:\/\/www.aktantis.com\/#\/schema\/logo\/image\/\"},\"sameAs\":[\"https:\/\/www.facebook.com\/PoleSCS\/\",\"https:\/\/x.com\/Pole_SCS\",\"https:\/\/www.linkedin.com\/company\/pole-scs\/\"]}]}<\/script>\n<!-- \/ Yoast SEO plugin. -->","yoast_head_json":{"title":"Cyber Secure Light - AKTANTIS","robots":{"index":"index","follow":"follow","max-snippet":"max-snippet:-1","max-image-preview":"max-image-preview:large","max-video-preview":"max-video-preview:-1"},"canonical":"https:\/\/www.aktantis.com\/en\/innovation\/europe\/cyber-secure-light\/","og_locale":"en_US","og_type":"article","og_title":"Cyber Secure Light - AKTANTIS","og_description":"[vc_row][vc_column][vc_column_text] Cyber Secure IoT Lighting and Home Automation systems for Smart Building The objective of the project is to involve all the smart building value chain, namely...","og_url":"https:\/\/www.aktantis.com\/en\/innovation\/europe\/cyber-secure-light\/","og_site_name":"AKTANTIS","article_publisher":"https:\/\/www.facebook.com\/PoleSCS\/","article_modified_time":"2025-09-05T13:23:06+00:00","og_image":[{"width":530,"height":307,"url":"https:\/\/www.aktantis.com\/wp-content\/uploads\/2021\/03\/logo_csl-1.jpg","type":"image\/jpeg"}],"twitter_card":"summary_large_image","twitter_site":"@Pole_SCS","schema":{"@context":"https:\/\/schema.org","@graph":[{"@type":"WebPage","@id":"https:\/\/www.aktantis.com\/en\/innovation\/europe\/cyber-secure-light\/","url":"https:\/\/www.aktantis.com\/en\/innovation\/europe\/cyber-secure-light\/","name":"Cyber Secure Light - AKTANTIS","isPartOf":{"@id":"https:\/\/www.aktantis.com\/#website"},"primaryImageOfPage":{"@id":"https:\/\/www.aktantis.com\/en\/innovation\/europe\/cyber-secure-light\/#primaryimage"},"image":{"@id":"https:\/\/www.aktantis.com\/en\/innovation\/europe\/cyber-secure-light\/#primaryimage"},"thumbnailUrl":"https:\/\/www.aktantis.com\/wp-content\/uploads\/2021\/03\/logo_csl-1-300x174.jpg","datePublished":"2020-04-08T08:45:46+00:00","dateModified":"2025-09-05T13:23:06+00:00","breadcrumb":{"@id":"https:\/\/www.aktantis.com\/en\/innovation\/europe\/cyber-secure-light\/#breadcrumb"},"inLanguage":"en-US","potentialAction":[{"@type":"ReadAction","target":["https:\/\/www.aktantis.com\/en\/innovation\/europe\/cyber-secure-light\/"]}]},{"@type":"ImageObject","inLanguage":"en-US","@id":"https:\/\/www.aktantis.com\/en\/innovation\/europe\/cyber-secure-light\/#primaryimage","url":"https:\/\/www.aktantis.com\/wp-content\/uploads\/2021\/03\/logo_csl-1-300x174.jpg","contentUrl":"https:\/\/www.aktantis.com\/wp-content\/uploads\/2021\/03\/logo_csl-1-300x174.jpg"},{"@type":"BreadcrumbList","@id":"https:\/\/www.aktantis.com\/en\/innovation\/europe\/cyber-secure-light\/#breadcrumb","itemListElement":[{"@type":"ListItem","position":1,"name":"Accueil","item":"https:\/\/www.aktantis.com\/en\/"},{"@type":"ListItem","position":2,"name":"Innovation","item":"https:\/\/www.aktantis.com\/innovation\/"},{"@type":"ListItem","position":3,"name":"Europe","item":"https:\/\/www.aktantis.com\/en\/innovation\/europe\/"},{"@type":"ListItem","position":4,"name":"Cyber Secure Light"}]},{"@type":"WebSite","@id":"https:\/\/www.aktantis.com\/#website","url":"https:\/\/www.aktantis.com\/","name":"AKTANTIS","description":"1er \u00e9cosyst\u00e8me europ\u00e9en","publisher":{"@id":"https:\/\/www.aktantis.com\/#organization"},"potentialAction":[{"@type":"SearchAction","target":{"@type":"EntryPoint","urlTemplate":"https:\/\/www.aktantis.com\/?s={search_term_string}"},"query-input":{"@type":"PropertyValueSpecification","valueRequired":true,"valueName":"search_term_string"}}],"inLanguage":"en-US"},{"@type":"Organization","@id":"https:\/\/www.aktantis.com\/#organization","name":"Aktantis","url":"https:\/\/www.aktantis.com\/","logo":{"@type":"ImageObject","inLanguage":"en-US","@id":"https:\/\/www.aktantis.com\/#\/schema\/logo\/image\/","url":"https:\/\/www.aktantis.com\/wp-content\/uploads\/2018\/03\/cropped-logo_scs.png","contentUrl":"https:\/\/www.aktantis.com\/wp-content\/uploads\/2018\/03\/cropped-logo_scs.png","width":720,"height":250,"caption":"Aktantis"},"image":{"@id":"https:\/\/www.aktantis.com\/#\/schema\/logo\/image\/"},"sameAs":["https:\/\/www.facebook.com\/PoleSCS\/","https:\/\/x.com\/Pole_SCS","https:\/\/www.linkedin.com\/company\/pole-scs\/"]}]}},"_links":{"self":[{"href":"https:\/\/www.aktantis.com\/en\/wp-json\/wp\/v2\/pages\/91180651","targetHints":{"allow":["GET"]}}],"collection":[{"href":"https:\/\/www.aktantis.com\/en\/wp-json\/wp\/v2\/pages"}],"about":[{"href":"https:\/\/www.aktantis.com\/en\/wp-json\/wp\/v2\/types\/page"}],"author":[{"embeddable":true,"href":"https:\/\/www.aktantis.com\/en\/wp-json\/wp\/v2\/users\/2"}],"replies":[{"embeddable":true,"href":"https:\/\/www.aktantis.com\/en\/wp-json\/wp\/v2\/comments?post=91180651"}],"version-history":[{"count":1,"href":"https:\/\/www.aktantis.com\/en\/wp-json\/wp\/v2\/pages\/91180651\/revisions"}],"predecessor-version":[{"id":91180653,"href":"https:\/\/www.aktantis.com\/en\/wp-json\/wp\/v2\/pages\/91180651\/revisions\/91180653"}],"up":[{"embeddable":true,"href":"https:\/\/www.aktantis.com\/en\/wp-json\/wp\/v2\/pages\/91148705"}],"wp:attachment":[{"href":"https:\/\/www.aktantis.com\/en\/wp-json\/wp\/v2\/media?parent=91180651"}],"curies":[{"name":"wp","href":"https:\/\/api.w.org\/{rel}","templated":true}]}}