{"id":91180644,"date":"2020-04-08T10:45:46","date_gmt":"2020-04-08T08:45:46","guid":{"rendered":"https:\/\/www.aktantis.com\/?page_id=91180644"},"modified":"2025-09-05T15:16:56","modified_gmt":"2025-09-05T13:16:56","slug":"adpack%c2%b2","status":"publish","type":"page","link":"https:\/\/www.aktantis.com\/en\/innovation\/europe\/adpack%c2%b2\/","title":{"rendered":"AdPack\u00b2"},"content":{"rendered":"<div class=\"wpb-content-wrapper\"><p>[vc_row][vc_column][vc_column_text]<\/p>\n<h3 style=\"text-align: center;\">European Strategic Cluster Partnership for Advanced Smart Packaging<\/h3>\n<p><img loading=\"lazy\" decoding=\"async\" class=\"aligncenter wp-image-91148780 size-medium\" src=\"https:\/\/www.aktantis.com\/wp-content\/uploads\/2021\/03\/adpack_finallogo_colour_version_1-300x110.png\" alt=\"\" width=\"300\" height=\"110\" srcset=\"https:\/\/www.aktantis.com\/wp-content\/uploads\/2021\/03\/adpack_finallogo_colour_version_1-300x110.png 300w, https:\/\/www.aktantis.com\/wp-content\/uploads\/2021\/03\/adpack_finallogo_colour_version_1-160x59.png 160w, https:\/\/www.aktantis.com\/wp-content\/uploads\/2021\/03\/adpack_finallogo_colour_version_1-242x89.png 242w, https:\/\/www.aktantis.com\/wp-content\/uploads\/2021\/03\/adpack_finallogo_colour_version_1.png 640w\" sizes=\"auto, (max-width: 300px) 100vw, 300px\" \/><\/p>\n<p>The purpose of this project is to foster cross-sectoral cooperation between the European clusters in the partnership and their SME members, as well as to support their SME members in going international and positioning them in the advanced smart packaging global value chain.<\/p>\n<p>This will be done through the establishment of an ESCP formed by 6 European clusters which bring together different competencies to apply a cross-sectoral approach for the development of the advanced smart packaging global value chain. In this regard, the partnership brings together clusters involved with the final product (packaging), the application market (food), cross-cutting technology clusters (nanotechnologies, microelectronics, software, telecommunications and plasma technologies) and new materials (plastics, polymers and biopolymers).<\/p>\n<p>The partnership clusters aim to cooperate in order to implement their internationalisation strategy towards defined target third countries (Canada, China and United States) and support AdPack\u00b2 SME members in establishing cooperation with relevant counterparts in the target countries.<\/p>\n<p>Therefore, the project includes the following activities:<\/p>\n<ol>\n<li>Training and knowledge sharing actions to prepare SMEs to go international<\/li>\n<li>Activities fostering cooperation agreements between partnership SMEs contributing to decrease sectoral boundaries<\/li>\n<li>Establishment of cooperation agreements with international business and research intermediaries in target countries<\/li>\n<li>Implementation of fact-finding and business internationalisation missions<\/li>\n<li>Establishment of ambassadors in target markets, to provide high added value service to AdPack2 SMEs<\/li>\n<li>Support the establishment of business partnership agreements to develop joint collaborative projects between the Partnership SME members and business and other relevant stakeholders from third countries<\/li>\n<li>Developing the exit strategy in order to continue internationalization support activities after the project lifetime<\/li>\n<\/ol>\n<p>&nbsp;<\/p>\n<h4><strong>Events :<\/strong><\/h4>\n<p>&nbsp;<\/p>\n<ul>\n<li>28th June &#8211; 8th November, 2018 &#8211; W<span style=\"font-size: 1rem;\">ebinars to the core group &#8211; More Informations <a href=\"https:\/\/www.clustercollaboration.eu\/profile-events\/adpack2-will-launch-their-first-webinar-core-group\" target=\"_blank\" rel=\"noopener noreferrer\">HERE<\/a><\/span><\/li>\n<li>13th November, 2018 &#8211; Second\u00a0Fact Finding Mission in Shanghai &#8211; More Informations <a href=\"http:\/\/www.packagingcluster.com\/en\/we-return-from-china-with-contacts-that-can-generate-opportunities-in-the-smart-packaging-field\/\" target=\"_blank\" rel=\"noopener noreferrer\">HERE<\/a><\/li>\n<li>2nd to 7th June, 2019 Canada (Toronto) &#8211; \u00a0also as part of the EU-Canada match making <a href=\"https:\/\/www.clustercollaboration.eu\/event-calendar\/eu-canada-cluster-matchmaking-event\" target=\"_blank\" rel=\"noopener noreferrer\">event delegation<\/a><\/li>\n<li>16th to 20 th June 2019 China (Shanghai)<\/li>\n<li>September 30<sup>th<\/sup>\u00a0to October 4<sup>th <\/sup>2019 &#8211; USA (Washington DC and Philadelphia)<\/li>\n<\/ul>\n<p>&nbsp;<\/p>\n<h4><strong>Project details :<\/strong><\/h4>\n<p>&nbsp;<\/p>\n<ul>\n<li>Programm : COSME<\/li>\n<li>Duration : 1\/12\/2017 till 1\/12\/2019<\/li>\n<li>Coordinator :\u00a0<a href=\"http:\/\/nanoprogress.eu\/en\/home-page-5\/\" target=\"_blank\" rel=\"noopener noreferrer\">Nanoprogress z.s.<\/a>\u00a0 (Czech Republic)<\/li>\n<\/ul>\n<p>&nbsp;<\/p>\n<h4><strong>Partnership :<\/strong><\/h4>\n<p>&nbsp;<\/p>\n<ul>\n<li><a href=\"http:\/\/clusters.wallonie.be\/plastiwin-fr\/\" target=\"_blank\" rel=\"noopener noreferrer\">PLASTIWIN<\/a>\u00a0(Belgium)<\/li>\n<li><a href=\"http:\/\/www.packagingcluster.com\/en\" target=\"_blank\" rel=\"noopener noreferrer\">Packaging Cluster<\/a> (Spain)<\/li>\n<li><a href=\"http:\/\/www.inovcluster.pt\/language\/en\/\" target=\"_blank\" rel=\"noopener noreferrer\">InovCluster &#8211; Associa\u00e7\u00e3o do Cluster Agroindustrial do Centro<\/a>\u00a0(Portugal)<\/li>\n<li><a href=\"http:\/\/www.balticnet-plasmatec.org\/\" target=\"_blank\" rel=\"noopener noreferrer\">BalticNet-PlasmaTec e.V<\/a>. (Germany)<\/li>\n<li><a href=\"https:\/\/www.aktantis.com\/en\" target=\"_blank\" rel=\"noopener noreferrer\">Secured Communicating Solutions cluster &#8211; SCS Cluster<\/a>\u00a0(France)<\/li>\n<\/ul>\n<p>&nbsp;<\/p>\n<h4><strong>Communication :<\/strong><\/h4>\n<p>&nbsp;<\/p>\n<ul>\n<li>Official Brochure\u00a0\u00a0<a href=\"https:\/\/www.clustercollaboration.eu\/sites\/default\/files\/profile-article\/adpack2_brochure.pdf\" target=\"_blank\" rel=\"noopener noreferrer\">HERE<\/a><\/li>\n<li><span style=\"font-size: 1rem;\">May 16, 2019 &#8211; Press Release : AdPack\u00b2 is the European Strategic Cluster Partnership for going international (ESCP-4i) of the Year 2019 <\/span><a style=\"font-size: 1rem;\" href=\"https:\/\/www.clustercollaboration.eu\/profile-articles\/adpack2-european-strategic-cluster-partnership-going\" target=\"_blank\" rel=\"noopener noreferrer\">here<\/a><\/li>\n<\/ul>\n<p>&nbsp;<\/p>\n<h4><strong>Contact :<\/strong><\/h4>\n<p>&nbsp;<\/p>\n<p>Marielle Campanella &#8211; <a href=\"mailto:marielle.campanella@aktantis.com\">marielle.campanella@aktantis.com<\/a><\/p>\n<p>&nbsp;<\/p>\n<p style=\"text-align: center;\"><em>The AdPack\u00b2 project has received funding from the European Union\u2019s Cosme\u00a0 programme under grant agreement n\u00b0 783418<\/em><\/p>\n<p style=\"text-align: center;\">\u00a0 \u00a0 \u00a0\u00a0 <img loading=\"lazy\" decoding=\"async\" class=\"aligncenter wp-image-91158305 size-medium\" src=\"https:\/\/www.aktantis.com\/wp-content\/uploads\/2022\/04\/europe-cosme-300x62.png\" alt=\"\" width=\"300\" height=\"62\" srcset=\"https:\/\/www.aktantis.com\/wp-content\/uploads\/2022\/04\/europe-cosme-300x62.png 300w, https:\/\/www.aktantis.com\/wp-content\/uploads\/2022\/04\/europe-cosme-1024x211.png 1024w, https:\/\/www.aktantis.com\/wp-content\/uploads\/2022\/04\/europe-cosme-768x158.png 768w, https:\/\/www.aktantis.com\/wp-content\/uploads\/2022\/04\/europe-cosme-1536x316.png 1536w, https:\/\/www.aktantis.com\/wp-content\/uploads\/2022\/04\/europe-cosme-2048x422.png 2048w, https:\/\/www.aktantis.com\/wp-content\/uploads\/2022\/04\/europe-cosme-160x33.png 160w, https:\/\/www.aktantis.com\/wp-content\/uploads\/2022\/04\/europe-cosme-432x89.png 432w\" sizes=\"auto, (max-width: 300px) 100vw, 300px\" \/><\/p>\n<p>[\/vc_column_text][\/vc_column][\/vc_row]<\/p>\n<\/div>","protected":false},"excerpt":{"rendered":"<p>[vc_row][vc_column][vc_column_text]<br \/>\nEuropean Strategic Cluster Partnership for Advanced Smart Packaging<\/p>\n<p>The purpose of this project is to foster cross-sectoral cooperation between the European clusters in the partnership and&#8230;<\/p>\n","protected":false},"author":2,"featured_media":0,"parent":91148705,"menu_order":0,"comment_status":"closed","ping_status":"closed","template":"","meta":{"footnotes":""},"class_list":["post-91180644","page","type-page","status-publish","hentry"],"yoast_head":"<!-- This site is optimized with the Yoast SEO plugin v25.8 - https:\/\/yoast.com\/wordpress\/plugins\/seo\/ -->\n<title>AdPack\u00b2 - AKTANTIS<\/title>\n<meta name=\"robots\" content=\"index, follow, max-snippet:-1, max-image-preview:large, max-video-preview:-1\" \/>\n<link rel=\"canonical\" href=\"https:\/\/www.aktantis.com\/en\/innovation\/europe\/adpack\u00b2\/\" \/>\n<meta property=\"og:locale\" content=\"en_US\" \/>\n<meta property=\"og:type\" content=\"article\" \/>\n<meta property=\"og:title\" content=\"AdPack\u00b2 - AKTANTIS\" \/>\n<meta property=\"og:description\" content=\"[vc_row][vc_column][vc_column_text] European Strategic Cluster Partnership for Advanced Smart Packaging The purpose of this project is to foster cross-sectoral cooperation between the European clusters in the partnership and...\" \/>\n<meta property=\"og:url\" content=\"https:\/\/www.aktantis.com\/en\/innovation\/europe\/adpack\u00b2\/\" \/>\n<meta property=\"og:site_name\" content=\"AKTANTIS\" \/>\n<meta property=\"article:publisher\" content=\"https:\/\/www.facebook.com\/PoleSCS\/\" \/>\n<meta property=\"article:modified_time\" content=\"2025-09-05T13:16:56+00:00\" \/>\n<meta property=\"og:image\" content=\"https:\/\/www.aktantis.com\/wp-content\/uploads\/2021\/03\/adpack_finallogo_colour_version_1.png\" \/>\n\t<meta property=\"og:image:width\" content=\"640\" \/>\n\t<meta property=\"og:image:height\" content=\"235\" \/>\n\t<meta property=\"og:image:type\" content=\"image\/png\" \/>\n<meta name=\"twitter:card\" content=\"summary_large_image\" \/>\n<meta name=\"twitter:site\" content=\"@Pole_SCS\" \/>\n<script type=\"application\/ld+json\" class=\"yoast-schema-graph\">{\"@context\":\"https:\/\/schema.org\",\"@graph\":[{\"@type\":\"WebPage\",\"@id\":\"https:\/\/www.aktantis.com\/en\/innovation\/europe\/adpack%c2%b2\/\",\"url\":\"https:\/\/www.aktantis.com\/en\/innovation\/europe\/adpack%c2%b2\/\",\"name\":\"AdPack\u00b2 - AKTANTIS\",\"isPartOf\":{\"@id\":\"https:\/\/www.aktantis.com\/#website\"},\"primaryImageOfPage\":{\"@id\":\"https:\/\/www.aktantis.com\/en\/innovation\/europe\/adpack%c2%b2\/#primaryimage\"},\"image\":{\"@id\":\"https:\/\/www.aktantis.com\/en\/innovation\/europe\/adpack%c2%b2\/#primaryimage\"},\"thumbnailUrl\":\"https:\/\/www.aktantis.com\/wp-content\/uploads\/2021\/03\/adpack_finallogo_colour_version_1-300x110.png\",\"datePublished\":\"2020-04-08T08:45:46+00:00\",\"dateModified\":\"2025-09-05T13:16:56+00:00\",\"breadcrumb\":{\"@id\":\"https:\/\/www.aktantis.com\/en\/innovation\/europe\/adpack%c2%b2\/#breadcrumb\"},\"inLanguage\":\"en-US\",\"potentialAction\":[{\"@type\":\"ReadAction\",\"target\":[\"https:\/\/www.aktantis.com\/en\/innovation\/europe\/adpack%c2%b2\/\"]}]},{\"@type\":\"ImageObject\",\"inLanguage\":\"en-US\",\"@id\":\"https:\/\/www.aktantis.com\/en\/innovation\/europe\/adpack%c2%b2\/#primaryimage\",\"url\":\"https:\/\/www.aktantis.com\/wp-content\/uploads\/2021\/03\/adpack_finallogo_colour_version_1-300x110.png\",\"contentUrl\":\"https:\/\/www.aktantis.com\/wp-content\/uploads\/2021\/03\/adpack_finallogo_colour_version_1-300x110.png\"},{\"@type\":\"BreadcrumbList\",\"@id\":\"https:\/\/www.aktantis.com\/en\/innovation\/europe\/adpack%c2%b2\/#breadcrumb\",\"itemListElement\":[{\"@type\":\"ListItem\",\"position\":1,\"name\":\"Accueil\",\"item\":\"https:\/\/www.aktantis.com\/en\/\"},{\"@type\":\"ListItem\",\"position\":2,\"name\":\"Innovation\",\"item\":\"https:\/\/www.aktantis.com\/innovation\/\"},{\"@type\":\"ListItem\",\"position\":3,\"name\":\"Europe\",\"item\":\"https:\/\/www.aktantis.com\/en\/innovation\/europe\/\"},{\"@type\":\"ListItem\",\"position\":4,\"name\":\"AdPack\u00b2\"}]},{\"@type\":\"WebSite\",\"@id\":\"https:\/\/www.aktantis.com\/#website\",\"url\":\"https:\/\/www.aktantis.com\/\",\"name\":\"AKTANTIS\",\"description\":\"1er \u00e9cosyst\u00e8me europ\u00e9en\",\"publisher\":{\"@id\":\"https:\/\/www.aktantis.com\/#organization\"},\"potentialAction\":[{\"@type\":\"SearchAction\",\"target\":{\"@type\":\"EntryPoint\",\"urlTemplate\":\"https:\/\/www.aktantis.com\/?s={search_term_string}\"},\"query-input\":{\"@type\":\"PropertyValueSpecification\",\"valueRequired\":true,\"valueName\":\"search_term_string\"}}],\"inLanguage\":\"en-US\"},{\"@type\":\"Organization\",\"@id\":\"https:\/\/www.aktantis.com\/#organization\",\"name\":\"Aktantis\",\"url\":\"https:\/\/www.aktantis.com\/\",\"logo\":{\"@type\":\"ImageObject\",\"inLanguage\":\"en-US\",\"@id\":\"https:\/\/www.aktantis.com\/#\/schema\/logo\/image\/\",\"url\":\"https:\/\/www.aktantis.com\/wp-content\/uploads\/2018\/03\/cropped-logo_scs.png\",\"contentUrl\":\"https:\/\/www.aktantis.com\/wp-content\/uploads\/2018\/03\/cropped-logo_scs.png\",\"width\":720,\"height\":250,\"caption\":\"Aktantis\"},\"image\":{\"@id\":\"https:\/\/www.aktantis.com\/#\/schema\/logo\/image\/\"},\"sameAs\":[\"https:\/\/www.facebook.com\/PoleSCS\/\",\"https:\/\/x.com\/Pole_SCS\",\"https:\/\/www.linkedin.com\/company\/pole-scs\/\"]}]}<\/script>\n<!-- \/ Yoast SEO plugin. -->","yoast_head_json":{"title":"AdPack\u00b2 - AKTANTIS","robots":{"index":"index","follow":"follow","max-snippet":"max-snippet:-1","max-image-preview":"max-image-preview:large","max-video-preview":"max-video-preview:-1"},"canonical":"https:\/\/www.aktantis.com\/en\/innovation\/europe\/adpack\u00b2\/","og_locale":"en_US","og_type":"article","og_title":"AdPack\u00b2 - AKTANTIS","og_description":"[vc_row][vc_column][vc_column_text] European Strategic Cluster Partnership for Advanced Smart Packaging The purpose of this project is to foster cross-sectoral cooperation between the European clusters in the partnership and...","og_url":"https:\/\/www.aktantis.com\/en\/innovation\/europe\/adpack\u00b2\/","og_site_name":"AKTANTIS","article_publisher":"https:\/\/www.facebook.com\/PoleSCS\/","article_modified_time":"2025-09-05T13:16:56+00:00","og_image":[{"width":640,"height":235,"url":"https:\/\/www.aktantis.com\/wp-content\/uploads\/2021\/03\/adpack_finallogo_colour_version_1.png","type":"image\/png"}],"twitter_card":"summary_large_image","twitter_site":"@Pole_SCS","schema":{"@context":"https:\/\/schema.org","@graph":[{"@type":"WebPage","@id":"https:\/\/www.aktantis.com\/en\/innovation\/europe\/adpack%c2%b2\/","url":"https:\/\/www.aktantis.com\/en\/innovation\/europe\/adpack%c2%b2\/","name":"AdPack\u00b2 - AKTANTIS","isPartOf":{"@id":"https:\/\/www.aktantis.com\/#website"},"primaryImageOfPage":{"@id":"https:\/\/www.aktantis.com\/en\/innovation\/europe\/adpack%c2%b2\/#primaryimage"},"image":{"@id":"https:\/\/www.aktantis.com\/en\/innovation\/europe\/adpack%c2%b2\/#primaryimage"},"thumbnailUrl":"https:\/\/www.aktantis.com\/wp-content\/uploads\/2021\/03\/adpack_finallogo_colour_version_1-300x110.png","datePublished":"2020-04-08T08:45:46+00:00","dateModified":"2025-09-05T13:16:56+00:00","breadcrumb":{"@id":"https:\/\/www.aktantis.com\/en\/innovation\/europe\/adpack%c2%b2\/#breadcrumb"},"inLanguage":"en-US","potentialAction":[{"@type":"ReadAction","target":["https:\/\/www.aktantis.com\/en\/innovation\/europe\/adpack%c2%b2\/"]}]},{"@type":"ImageObject","inLanguage":"en-US","@id":"https:\/\/www.aktantis.com\/en\/innovation\/europe\/adpack%c2%b2\/#primaryimage","url":"https:\/\/www.aktantis.com\/wp-content\/uploads\/2021\/03\/adpack_finallogo_colour_version_1-300x110.png","contentUrl":"https:\/\/www.aktantis.com\/wp-content\/uploads\/2021\/03\/adpack_finallogo_colour_version_1-300x110.png"},{"@type":"BreadcrumbList","@id":"https:\/\/www.aktantis.com\/en\/innovation\/europe\/adpack%c2%b2\/#breadcrumb","itemListElement":[{"@type":"ListItem","position":1,"name":"Accueil","item":"https:\/\/www.aktantis.com\/en\/"},{"@type":"ListItem","position":2,"name":"Innovation","item":"https:\/\/www.aktantis.com\/innovation\/"},{"@type":"ListItem","position":3,"name":"Europe","item":"https:\/\/www.aktantis.com\/en\/innovation\/europe\/"},{"@type":"ListItem","position":4,"name":"AdPack\u00b2"}]},{"@type":"WebSite","@id":"https:\/\/www.aktantis.com\/#website","url":"https:\/\/www.aktantis.com\/","name":"AKTANTIS","description":"1er \u00e9cosyst\u00e8me europ\u00e9en","publisher":{"@id":"https:\/\/www.aktantis.com\/#organization"},"potentialAction":[{"@type":"SearchAction","target":{"@type":"EntryPoint","urlTemplate":"https:\/\/www.aktantis.com\/?s={search_term_string}"},"query-input":{"@type":"PropertyValueSpecification","valueRequired":true,"valueName":"search_term_string"}}],"inLanguage":"en-US"},{"@type":"Organization","@id":"https:\/\/www.aktantis.com\/#organization","name":"Aktantis","url":"https:\/\/www.aktantis.com\/","logo":{"@type":"ImageObject","inLanguage":"en-US","@id":"https:\/\/www.aktantis.com\/#\/schema\/logo\/image\/","url":"https:\/\/www.aktantis.com\/wp-content\/uploads\/2018\/03\/cropped-logo_scs.png","contentUrl":"https:\/\/www.aktantis.com\/wp-content\/uploads\/2018\/03\/cropped-logo_scs.png","width":720,"height":250,"caption":"Aktantis"},"image":{"@id":"https:\/\/www.aktantis.com\/#\/schema\/logo\/image\/"},"sameAs":["https:\/\/www.facebook.com\/PoleSCS\/","https:\/\/x.com\/Pole_SCS","https:\/\/www.linkedin.com\/company\/pole-scs\/"]}]}},"_links":{"self":[{"href":"https:\/\/www.aktantis.com\/en\/wp-json\/wp\/v2\/pages\/91180644","targetHints":{"allow":["GET"]}}],"collection":[{"href":"https:\/\/www.aktantis.com\/en\/wp-json\/wp\/v2\/pages"}],"about":[{"href":"https:\/\/www.aktantis.com\/en\/wp-json\/wp\/v2\/types\/page"}],"author":[{"embeddable":true,"href":"https:\/\/www.aktantis.com\/en\/wp-json\/wp\/v2\/users\/2"}],"replies":[{"embeddable":true,"href":"https:\/\/www.aktantis.com\/en\/wp-json\/wp\/v2\/comments?post=91180644"}],"version-history":[{"count":1,"href":"https:\/\/www.aktantis.com\/en\/wp-json\/wp\/v2\/pages\/91180644\/revisions"}],"predecessor-version":[{"id":91180647,"href":"https:\/\/www.aktantis.com\/en\/wp-json\/wp\/v2\/pages\/91180644\/revisions\/91180647"}],"up":[{"embeddable":true,"href":"https:\/\/www.aktantis.com\/en\/wp-json\/wp\/v2\/pages\/91148705"}],"wp:attachment":[{"href":"https:\/\/www.aktantis.com\/en\/wp-json\/wp\/v2\/media?parent=91180644"}],"curies":[{"name":"wp","href":"https:\/\/api.w.org\/{rel}","templated":true}]}}