{"id":91180640,"date":"2020-04-08T10:45:46","date_gmt":"2020-04-08T08:45:46","guid":{"rendered":"https:\/\/www.aktantis.com\/?page_id=91180640"},"modified":"2025-09-05T15:12:00","modified_gmt":"2025-09-05T13:12:00","slug":"clusgrid","status":"publish","type":"page","link":"https:\/\/www.aktantis.com\/en\/innovation\/europe\/clusgrid\/","title":{"rendered":"Clusgrid"},"content":{"rendered":"<div class=\"wpb-content-wrapper\"><p>[vc_row][vc_column][vc_column_text]<\/p>\n<h3 style=\"text-align: center;\">Clusters for Smart\u00a0 Grid<\/h3>\n<p><img loading=\"lazy\" decoding=\"async\" class=\"aligncenter wp-image-91149262 size-medium\" src=\"https:\/\/www.aktantis.com\/wp-content\/uploads\/2021\/03\/Clusgrid-293x300.png\" alt=\"\" width=\"293\" height=\"300\" srcset=\"https:\/\/www.aktantis.com\/wp-content\/uploads\/2021\/03\/Clusgrid-293x300.png 293w, https:\/\/www.aktantis.com\/wp-content\/uploads\/2021\/03\/Clusgrid-156x160.png 156w, https:\/\/www.aktantis.com\/wp-content\/uploads\/2021\/03\/Clusgrid-87x89.png 87w, https:\/\/www.aktantis.com\/wp-content\/uploads\/2021\/03\/Clusgrid.png 336w\" sizes=\"auto, (max-width: 293px) 100vw, 293px\" \/><\/p>\n<p>SCS cluster is involved in the CLUSGRID project &#8211; Clusters for Smart Grids, funded under the COSME Cluster Excellence programme of the European Commission.<\/p>\n<p>This project aims at improving management of the clusters of the consortium to provide better services to their SMEs in the smart grids value chain.<\/p>\n<p>The partnership gathers 6 cluster from Poland, Bulgaria, Spain and France. The role of SCS cluster, as the only Gold Label cluster, is to mentor the other cluster towards excellence through best practice exchange in terms of cluster management, ecosystem animation, innovation catalyst, internationalisation\u2026<\/p>\n<p>This project benefits to SCS cluster\u2019s SMEs through the improvements of its own services offered to its members especially in terms of internationalisation but also through the connection opportunities with other clusters\u2019 ecosystems in ICT and efficient energy.<\/p>\n<p>&nbsp;<\/p>\n<h4><strong>Events :<\/strong><\/h4>\n<p>&nbsp;<\/p>\n<ul>\n<li>Cluster training 26-28th April 2017, Berlin<\/li>\n<li>Study visit of SECARTYS, 6-7th November 2017, Barcelone<\/li>\n<li>Grow your Region conference, 8-9th November 2017, Valencia<\/li>\n<li>Cluster training 7-8th June 2018, Sophia-Antipolis and Nice<\/li>\n<li>Final project presentation, 7<sup>th<\/sup> Eastern Europe Inititatives Congress, Lublin (Pologne), 24-25th September 2018<\/li>\n<\/ul>\n<p>&nbsp;<\/p>\n<h4><strong>Project details\u00a0 :<\/strong><\/h4>\n<p>&nbsp;<\/p>\n<ul>\n<li>Programm : COSME<\/li>\n<li>Duration : 16\/11\/2016 till 15\/11\/2018<\/li>\n<li>Coordinator : East Development Agency Co.<\/li>\n<\/ul>\n<p>&nbsp;<\/p>\n<h4><strong>Partnership :<\/strong><\/h4>\n<p>&nbsp;<\/p>\n<ul>\n<li><a href=\"http:\/\/ecict.eu\/en\/home\/\" target=\"_blank\" rel=\"noopener noreferrer\">Wschodni Klaster ICT<\/a> (Poland)<\/li>\n<li><a href=\"http:\/\/www.canariasexcelenciatecnologica.com\/\" target=\"_blank\" rel=\"noopener noreferrer\">Canarias Excellencia Technologica<\/a> (Canary Islands)<\/li>\n<li><a href=\"http:\/\/www.secpho.org\/en\" target=\"_blank\" rel=\"noopener noreferrer\">SECPhO<\/a> (Spain)<\/li>\n<li><a href=\"http:\/\/www.secartys.org\/en\" target=\"_blank\" rel=\"noopener noreferrer\">SECARTYS<\/a> (Spain)<\/li>\n<li><a href=\"http:\/\/srednogorie.eu\/\" target=\"_blank\" rel=\"noopener noreferrer\">Industrial Cluster Srednegorie<\/a> (Bulgaria)<\/li>\n<\/ul>\n<p>&nbsp;<\/p>\n<h4><strong>Communication :<\/strong><\/h4>\n<p>&nbsp;<\/p>\n<ul>\n<li>Official flyer <a href=\"https:\/\/www.aktantis.com\/wp-content\/uploads\/2018\/05\/Flyer-CLUSGRID.pdf\" target=\"_blank\" rel=\"noopener noreferrer\">HERE<\/a><\/li>\n<li>Press Release &#8211;\u00a0<a href=\"https:\/\/www.aktantis.com\/wp-content\/uploads\/2018\/10\/Press_release_Lublin.pdf\" target=\"_blank\" rel=\"noopener noreferrer\">International Workshop of Clusgrid Project in Poland<\/a><\/li>\n<\/ul>\n<p>&nbsp;<\/p>\n<p>&nbsp;<\/p>\n<h4><strong>Contact :<\/strong><\/h4>\n<p>&nbsp;<\/p>\n<p>Marielle Campanella &#8211; <a href=\"mailto:marielle.campanella@aktantis.com\">marielle.campanella@aktantis.com<\/a><\/p>\n<p>&nbsp;<\/p>\n<p style=\"text-align: center;\"><em>The Clusgrid project has received funding from the European Union\u2019s Cosme\u00a0 programme under grant agreement n\u00b0 731113<\/em><\/p>\n<p style=\"text-align: center;\"><img loading=\"lazy\" decoding=\"async\" class=\"alignnone size-full wp-image-91149231\" src=\"https:\/\/www.aktantis.com\/wp-content\/uploads\/2021\/03\/eu-flag-82x55-1.png\" alt=\"\" width=\"82\" height=\"55\" \/><\/p>\n<p>[\/vc_column_text][\/vc_column][\/vc_row]<\/p>\n<\/div>","protected":false},"excerpt":{"rendered":"<p>[vc_row][vc_column][vc_column_text]<br \/>\nClusters for Smart\u00a0 Grid<\/p>\n<p>SCS cluster is involved in the CLUSGRID project &#8211; Clusters for Smart Grids, funded under the COSME Cluster Excellence programme of the&#8230;<\/p>\n","protected":false},"author":2,"featured_media":0,"parent":91148705,"menu_order":0,"comment_status":"closed","ping_status":"closed","template":"","meta":{"footnotes":""},"class_list":["post-91180640","page","type-page","status-publish","hentry"],"yoast_head":"<!-- This site is optimized with the Yoast SEO plugin v25.8 - https:\/\/yoast.com\/wordpress\/plugins\/seo\/ -->\n<title>Clusgrid - AKTANTIS<\/title>\n<meta name=\"robots\" content=\"index, follow, max-snippet:-1, max-image-preview:large, max-video-preview:-1\" \/>\n<link rel=\"canonical\" href=\"https:\/\/www.aktantis.com\/en\/clusgrid\/\" \/>\n<meta property=\"og:locale\" content=\"en_US\" \/>\n<meta property=\"og:type\" content=\"article\" \/>\n<meta property=\"og:title\" content=\"Clusgrid - AKTANTIS\" \/>\n<meta property=\"og:description\" content=\"[vc_row][vc_column][vc_column_text] Clusters for Smart\u00a0 Grid SCS cluster is involved in the CLUSGRID project &#8211; Clusters for Smart Grids, funded under the COSME Cluster Excellence programme of the...\" \/>\n<meta property=\"og:url\" content=\"https:\/\/www.aktantis.com\/en\/clusgrid\/\" \/>\n<meta property=\"og:site_name\" content=\"AKTANTIS\" \/>\n<meta property=\"article:publisher\" content=\"https:\/\/www.facebook.com\/PoleSCS\/\" \/>\n<meta property=\"article:modified_time\" content=\"2025-09-05T13:12:00+00:00\" \/>\n<meta property=\"og:image\" content=\"https:\/\/www.aktantis.com\/wp-content\/uploads\/2021\/03\/Clusgrid.png\" \/>\n\t<meta property=\"og:image:width\" content=\"336\" \/>\n\t<meta property=\"og:image:height\" content=\"344\" \/>\n\t<meta property=\"og:image:type\" content=\"image\/png\" \/>\n<meta name=\"twitter:card\" content=\"summary_large_image\" \/>\n<meta name=\"twitter:site\" content=\"@Pole_SCS\" \/>\n<script type=\"application\/ld+json\" class=\"yoast-schema-graph\">{\"@context\":\"https:\/\/schema.org\",\"@graph\":[{\"@type\":\"WebPage\",\"@id\":\"https:\/\/www.aktantis.com\/en\/clusgrid\/\",\"url\":\"https:\/\/www.aktantis.com\/en\/clusgrid\/\",\"name\":\"Clusgrid - AKTANTIS\",\"isPartOf\":{\"@id\":\"https:\/\/www.aktantis.com\/#website\"},\"primaryImageOfPage\":{\"@id\":\"https:\/\/www.aktantis.com\/en\/clusgrid\/#primaryimage\"},\"image\":{\"@id\":\"https:\/\/www.aktantis.com\/en\/clusgrid\/#primaryimage\"},\"thumbnailUrl\":\"https:\/\/www.aktantis.com\/wp-content\/uploads\/2021\/03\/Clusgrid-293x300.png\",\"datePublished\":\"2020-04-08T08:45:46+00:00\",\"dateModified\":\"2025-09-05T13:12:00+00:00\",\"breadcrumb\":{\"@id\":\"https:\/\/www.aktantis.com\/en\/clusgrid\/#breadcrumb\"},\"inLanguage\":\"en-US\",\"potentialAction\":[{\"@type\":\"ReadAction\",\"target\":[\"https:\/\/www.aktantis.com\/en\/clusgrid\/\"]}]},{\"@type\":\"ImageObject\",\"inLanguage\":\"en-US\",\"@id\":\"https:\/\/www.aktantis.com\/en\/clusgrid\/#primaryimage\",\"url\":\"https:\/\/www.aktantis.com\/wp-content\/uploads\/2021\/03\/Clusgrid-293x300.png\",\"contentUrl\":\"https:\/\/www.aktantis.com\/wp-content\/uploads\/2021\/03\/Clusgrid-293x300.png\"},{\"@type\":\"BreadcrumbList\",\"@id\":\"https:\/\/www.aktantis.com\/en\/clusgrid\/#breadcrumb\",\"itemListElement\":[{\"@type\":\"ListItem\",\"position\":1,\"name\":\"Accueil\",\"item\":\"https:\/\/www.aktantis.com\/en\/\"},{\"@type\":\"ListItem\",\"position\":2,\"name\":\"Clusgrid\"}]},{\"@type\":\"WebSite\",\"@id\":\"https:\/\/www.aktantis.com\/#website\",\"url\":\"https:\/\/www.aktantis.com\/\",\"name\":\"AKTANTIS\",\"description\":\"1er \u00e9cosyst\u00e8me europ\u00e9en\",\"publisher\":{\"@id\":\"https:\/\/www.aktantis.com\/#organization\"},\"potentialAction\":[{\"@type\":\"SearchAction\",\"target\":{\"@type\":\"EntryPoint\",\"urlTemplate\":\"https:\/\/www.aktantis.com\/?s={search_term_string}\"},\"query-input\":{\"@type\":\"PropertyValueSpecification\",\"valueRequired\":true,\"valueName\":\"search_term_string\"}}],\"inLanguage\":\"en-US\"},{\"@type\":\"Organization\",\"@id\":\"https:\/\/www.aktantis.com\/#organization\",\"name\":\"Aktantis\",\"url\":\"https:\/\/www.aktantis.com\/\",\"logo\":{\"@type\":\"ImageObject\",\"inLanguage\":\"en-US\",\"@id\":\"https:\/\/www.aktantis.com\/#\/schema\/logo\/image\/\",\"url\":\"https:\/\/www.aktantis.com\/wp-content\/uploads\/2018\/03\/cropped-logo_scs.png\",\"contentUrl\":\"https:\/\/www.aktantis.com\/wp-content\/uploads\/2018\/03\/cropped-logo_scs.png\",\"width\":720,\"height\":250,\"caption\":\"Aktantis\"},\"image\":{\"@id\":\"https:\/\/www.aktantis.com\/#\/schema\/logo\/image\/\"},\"sameAs\":[\"https:\/\/www.facebook.com\/PoleSCS\/\",\"https:\/\/x.com\/Pole_SCS\",\"https:\/\/www.linkedin.com\/company\/pole-scs\/\"]}]}<\/script>\n<!-- \/ Yoast SEO plugin. -->","yoast_head_json":{"title":"Clusgrid - AKTANTIS","robots":{"index":"index","follow":"follow","max-snippet":"max-snippet:-1","max-image-preview":"max-image-preview:large","max-video-preview":"max-video-preview:-1"},"canonical":"https:\/\/www.aktantis.com\/en\/clusgrid\/","og_locale":"en_US","og_type":"article","og_title":"Clusgrid - AKTANTIS","og_description":"[vc_row][vc_column][vc_column_text] Clusters for Smart\u00a0 Grid SCS cluster is involved in the CLUSGRID project &#8211; Clusters for Smart Grids, funded under the COSME Cluster Excellence programme of the...","og_url":"https:\/\/www.aktantis.com\/en\/clusgrid\/","og_site_name":"AKTANTIS","article_publisher":"https:\/\/www.facebook.com\/PoleSCS\/","article_modified_time":"2025-09-05T13:12:00+00:00","og_image":[{"width":336,"height":344,"url":"https:\/\/www.aktantis.com\/wp-content\/uploads\/2021\/03\/Clusgrid.png","type":"image\/png"}],"twitter_card":"summary_large_image","twitter_site":"@Pole_SCS","schema":{"@context":"https:\/\/schema.org","@graph":[{"@type":"WebPage","@id":"https:\/\/www.aktantis.com\/en\/clusgrid\/","url":"https:\/\/www.aktantis.com\/en\/clusgrid\/","name":"Clusgrid - AKTANTIS","isPartOf":{"@id":"https:\/\/www.aktantis.com\/#website"},"primaryImageOfPage":{"@id":"https:\/\/www.aktantis.com\/en\/clusgrid\/#primaryimage"},"image":{"@id":"https:\/\/www.aktantis.com\/en\/clusgrid\/#primaryimage"},"thumbnailUrl":"https:\/\/www.aktantis.com\/wp-content\/uploads\/2021\/03\/Clusgrid-293x300.png","datePublished":"2020-04-08T08:45:46+00:00","dateModified":"2025-09-05T13:12:00+00:00","breadcrumb":{"@id":"https:\/\/www.aktantis.com\/en\/clusgrid\/#breadcrumb"},"inLanguage":"en-US","potentialAction":[{"@type":"ReadAction","target":["https:\/\/www.aktantis.com\/en\/clusgrid\/"]}]},{"@type":"ImageObject","inLanguage":"en-US","@id":"https:\/\/www.aktantis.com\/en\/clusgrid\/#primaryimage","url":"https:\/\/www.aktantis.com\/wp-content\/uploads\/2021\/03\/Clusgrid-293x300.png","contentUrl":"https:\/\/www.aktantis.com\/wp-content\/uploads\/2021\/03\/Clusgrid-293x300.png"},{"@type":"BreadcrumbList","@id":"https:\/\/www.aktantis.com\/en\/clusgrid\/#breadcrumb","itemListElement":[{"@type":"ListItem","position":1,"name":"Accueil","item":"https:\/\/www.aktantis.com\/en\/"},{"@type":"ListItem","position":2,"name":"Clusgrid"}]},{"@type":"WebSite","@id":"https:\/\/www.aktantis.com\/#website","url":"https:\/\/www.aktantis.com\/","name":"AKTANTIS","description":"1er \u00e9cosyst\u00e8me europ\u00e9en","publisher":{"@id":"https:\/\/www.aktantis.com\/#organization"},"potentialAction":[{"@type":"SearchAction","target":{"@type":"EntryPoint","urlTemplate":"https:\/\/www.aktantis.com\/?s={search_term_string}"},"query-input":{"@type":"PropertyValueSpecification","valueRequired":true,"valueName":"search_term_string"}}],"inLanguage":"en-US"},{"@type":"Organization","@id":"https:\/\/www.aktantis.com\/#organization","name":"Aktantis","url":"https:\/\/www.aktantis.com\/","logo":{"@type":"ImageObject","inLanguage":"en-US","@id":"https:\/\/www.aktantis.com\/#\/schema\/logo\/image\/","url":"https:\/\/www.aktantis.com\/wp-content\/uploads\/2018\/03\/cropped-logo_scs.png","contentUrl":"https:\/\/www.aktantis.com\/wp-content\/uploads\/2018\/03\/cropped-logo_scs.png","width":720,"height":250,"caption":"Aktantis"},"image":{"@id":"https:\/\/www.aktantis.com\/#\/schema\/logo\/image\/"},"sameAs":["https:\/\/www.facebook.com\/PoleSCS\/","https:\/\/x.com\/Pole_SCS","https:\/\/www.linkedin.com\/company\/pole-scs\/"]}]}},"_links":{"self":[{"href":"https:\/\/www.aktantis.com\/en\/wp-json\/wp\/v2\/pages\/91180640","targetHints":{"allow":["GET"]}}],"collection":[{"href":"https:\/\/www.aktantis.com\/en\/wp-json\/wp\/v2\/pages"}],"about":[{"href":"https:\/\/www.aktantis.com\/en\/wp-json\/wp\/v2\/types\/page"}],"author":[{"embeddable":true,"href":"https:\/\/www.aktantis.com\/en\/wp-json\/wp\/v2\/users\/2"}],"replies":[{"embeddable":true,"href":"https:\/\/www.aktantis.com\/en\/wp-json\/wp\/v2\/comments?post=91180640"}],"version-history":[{"count":1,"href":"https:\/\/www.aktantis.com\/en\/wp-json\/wp\/v2\/pages\/91180640\/revisions"}],"predecessor-version":[{"id":91180642,"href":"https:\/\/www.aktantis.com\/en\/wp-json\/wp\/v2\/pages\/91180640\/revisions\/91180642"}],"up":[{"embeddable":true,"href":"https:\/\/www.aktantis.com\/en\/wp-json\/wp\/v2\/pages\/91148705"}],"wp:attachment":[{"href":"https:\/\/www.aktantis.com\/en\/wp-json\/wp\/v2\/media?parent=91180640"}],"curies":[{"name":"wp","href":"https:\/\/api.w.org\/{rel}","templated":true}]}}