{"id":91180398,"date":"2025-08-07T17:22:36","date_gmt":"2025-08-07T15:22:36","guid":{"rendered":"https:\/\/www.aktantis.com\/?page_id=91180398"},"modified":"2025-08-07T17:46:09","modified_gmt":"2025-08-07T15:46:09","slug":"press-coverage","status":"publish","type":"page","link":"https:\/\/www.aktantis.com\/en\/publications\/press-coverage\/","title":{"rendered":"Press coverage"},"content":{"rendered":"<div class=\"wpb-content-wrapper\"><p>[vc_row][vc_column][vc_column_text css=&#8221;&#8221;]<\/p>\n<h2 style=\"text-align: center;\">They talk about us<\/h2>\n<p>[\/vc_column_text][vc_column_text css=&#8221;&#8221;]<section id=\"presse-area\" class=\"scs-actus press-release container \"><div class=\"grid-list\">            <article id=\"post-91182679\" class=\"item grid-item post-91182679 press-release type-press-release status-publish has-post-thumbnail hentry\">\r\n                \r\n                <div class=\"padder\">\r\n                    <div class=\"featured-image\"><img loading=\"lazy\" decoding=\"async\" width=\"525\" height=\"657\" src=\"https:\/\/www.aktantis.com\/wp-content\/uploads\/2026\/01\/la-provence-top.png\" class=\"attachment-large size-large wp-post-image\" alt=\"\" srcset=\"https:\/\/www.aktantis.com\/wp-content\/uploads\/2026\/01\/la-provence-top.png 638w, https:\/\/www.aktantis.com\/wp-content\/uploads\/2026\/01\/la-provence-top-240x300.png 240w, https:\/\/www.aktantis.com\/wp-content\/uploads\/2026\/01\/la-provence-top-128x160.png 128w, https:\/\/www.aktantis.com\/wp-content\/uploads\/2026\/01\/la-provence-top-71x89.png 71w\" sizes=\"auto, (max-width: 767px) 89vw, (max-width: 1000px) 54vw, (max-width: 1071px) 543px, 580px\" \/><\/div>\r\n                    <div class=\"actu-content\">\r\n                        <h3 class=\"entry-title\">Zoom sur&#8230; La Deeptech AKTANTIS<\/h3><time class=\"entry-date published updated\" datetime=\"2026-01-30\">30\/01\/2026<\/time>                    <\/div>\r\n                <\/div>\r\n\r\n                            <\/article>\r\n                        <article id=\"post-91181603\" class=\"item grid-item post-91181603 press-release type-press-release status-publish has-post-thumbnail hentry\">\r\n                                    <a href=\"https:\/\/france3-regions.franceinfo.fr\/occitanie\/herault\/montpellier\/personne-n-est-a-l-abri-d-une-cyberattaque-comment-entreprises-et-chercheurs-s-unissent-pour-lutter-contre-le-piratage-informatique-3238411.html\" target=\"_blank\" rel=\"noopener\" class=\"padder-link-wrapper\" style=\"display:block;text-decoration:none;color:inherit;\">\r\n                \r\n                <div class=\"padder\">\r\n                    <div class=\"featured-image\"><img loading=\"lazy\" decoding=\"async\" width=\"525\" height=\"350\" src=\"https:\/\/www.aktantis.com\/wp-content\/uploads\/2025\/10\/Capture-decran-2025-11-08-195344-1024x683.png\" class=\"attachment-large size-large wp-post-image\" alt=\"\" srcset=\"https:\/\/www.aktantis.com\/wp-content\/uploads\/2025\/10\/Capture-decran-2025-11-08-195344-1024x683.png 1024w, https:\/\/www.aktantis.com\/wp-content\/uploads\/2025\/10\/Capture-decran-2025-11-08-195344-300x200.png 300w, https:\/\/www.aktantis.com\/wp-content\/uploads\/2025\/10\/Capture-decran-2025-11-08-195344-768x512.png 768w, https:\/\/www.aktantis.com\/wp-content\/uploads\/2025\/10\/Capture-decran-2025-11-08-195344-160x107.png 160w, https:\/\/www.aktantis.com\/wp-content\/uploads\/2025\/10\/Capture-decran-2025-11-08-195344-134x89.png 134w, https:\/\/www.aktantis.com\/wp-content\/uploads\/2025\/10\/Capture-decran-2025-11-08-195344.png 1356w\" sizes=\"auto, (max-width: 767px) 89vw, (max-width: 1000px) 54vw, (max-width: 1071px) 543px, 580px\" \/><\/div>\r\n                    <div class=\"actu-content\">\r\n                        <b style=\"text-transform: uppercase;color: var(--secondary-color);\">France 3<\/b><br\/><h3 class=\"entry-title\">&#8220;Personne n\u2019est \u00e0 l\u2019abri d\u2019une cyberattaque&#8221;<\/h3><time class=\"entry-date published updated\" datetime=\"2025-10-25\">25\/10\/2025<\/time>                    <\/div>\r\n                <\/div>\r\n\r\n                                    <\/a>\r\n                            <\/article>\r\n                        <article id=\"post-91181595\" class=\"item grid-item post-91181595 press-release type-press-release status-publish has-post-thumbnail hentry\">\r\n                                    <a href=\"https:\/\/www.ladepeche.fr\/2025\/10\/13\/aktantis-veut-devenir-le-moteur-de-linnovation-deeptech-en-occitanie-et-paca-12989215.php\" target=\"_blank\" rel=\"noopener\" class=\"padder-link-wrapper\" style=\"display:block;text-decoration:none;color:inherit;\">\r\n                \r\n                <div class=\"padder\">\r\n                    <div class=\"featured-image\"><img loading=\"lazy\" decoding=\"async\" width=\"525\" height=\"366\" src=\"https:\/\/www.aktantis.com\/wp-content\/uploads\/2025\/11\/Capture-decran-2025-11-08-194114.png\" class=\"attachment-large size-large wp-post-image\" alt=\"\" srcset=\"https:\/\/www.aktantis.com\/wp-content\/uploads\/2025\/11\/Capture-decran-2025-11-08-194114.png 881w, https:\/\/www.aktantis.com\/wp-content\/uploads\/2025\/11\/Capture-decran-2025-11-08-194114-300x209.png 300w, https:\/\/www.aktantis.com\/wp-content\/uploads\/2025\/11\/Capture-decran-2025-11-08-194114-768x535.png 768w, https:\/\/www.aktantis.com\/wp-content\/uploads\/2025\/11\/Capture-decran-2025-11-08-194114-160x112.png 160w, https:\/\/www.aktantis.com\/wp-content\/uploads\/2025\/11\/Capture-decran-2025-11-08-194114-128x89.png 128w\" sizes=\"auto, (max-width: 767px) 89vw, (max-width: 1000px) 54vw, (max-width: 1071px) 543px, 580px\" \/><\/div>\r\n                    <div class=\"actu-content\">\r\n                        <b style=\"text-transform: uppercase;color: var(--secondary-color);\">La D\u00e9p\u00eache<\/b><br\/><h3 class=\"entry-title\">Aktantis veut devenir le moteur de l\u2019innovation deeptech en Occitanie et PACA<\/h3><time class=\"entry-date published updated\" datetime=\"2025-10-13\">13\/10\/2025<\/time>                    <\/div>\r\n                <\/div>\r\n\r\n                                    <\/a>\r\n                            <\/article>\r\n                        <article id=\"post-91180619\" class=\"item grid-item post-91180619 press-release type-press-release status-publish has-post-thumbnail hentry\">\r\n                                    <a href=\"https:\/\/gazette-du-midi.fr\/au-sommaire\/entreprises\/le-pole-de-competitivite-deeptech-aktantis-met-le-cap-a-l-ouest-et-vise-400\" target=\"_blank\" rel=\"noopener\" class=\"padder-link-wrapper\" style=\"display:block;text-decoration:none;color:inherit;\">\r\n                \r\n                <div class=\"padder\">\r\n                    <div class=\"featured-image\"><img loading=\"lazy\" decoding=\"async\" width=\"525\" height=\"345\" src=\"https:\/\/www.aktantis.com\/wp-content\/uploads\/2025\/09\/Capture-decran-2025-09-05-122151-1024x673.png\" class=\"attachment-large size-large wp-post-image\" alt=\"\" srcset=\"https:\/\/www.aktantis.com\/wp-content\/uploads\/2025\/09\/Capture-decran-2025-09-05-122151-1024x673.png 1024w, https:\/\/www.aktantis.com\/wp-content\/uploads\/2025\/09\/Capture-decran-2025-09-05-122151-300x197.png 300w, https:\/\/www.aktantis.com\/wp-content\/uploads\/2025\/09\/Capture-decran-2025-09-05-122151-768x505.png 768w, https:\/\/www.aktantis.com\/wp-content\/uploads\/2025\/09\/Capture-decran-2025-09-05-122151-160x105.png 160w, https:\/\/www.aktantis.com\/wp-content\/uploads\/2025\/09\/Capture-decran-2025-09-05-122151-135x89.png 135w, https:\/\/www.aktantis.com\/wp-content\/uploads\/2025\/09\/Capture-decran-2025-09-05-122151.png 1283w\" sizes=\"auto, (max-width: 767px) 89vw, (max-width: 1000px) 54vw, (max-width: 1071px) 543px, 580px\" \/><\/div>\r\n                    <div class=\"actu-content\">\r\n                        <b style=\"text-transform: uppercase;color: var(--secondary-color);\">La Gazette du Midi<\/b><br\/><h3 class=\"entry-title\">Le p\u00f4le de comp\u00e9titivit\u00e9 deeptech Aktantis met le cap \u00e0 l\u2019ouest et vise 400 membres en 2026<\/h3><time class=\"entry-date published updated\" datetime=\"2025-07-03\">03\/07\/2025<\/time>                    <\/div>\r\n                <\/div>\r\n\r\n                                    <\/a>\r\n                            <\/article>\r\n                        <article id=\"post-91181600\" class=\"item grid-item post-91181600 press-release type-press-release status-publish has-post-thumbnail hentry\">\r\n                                    <a href=\"https:\/\/www.touleco.fr\/Aktantis-le-pole-deeptech-du-Grand-Sud-dresse-un-premier-bilan,47334\" target=\"_blank\" rel=\"noopener\" class=\"padder-link-wrapper\" style=\"display:block;text-decoration:none;color:inherit;\">\r\n                \r\n                <div class=\"padder\">\r\n                    <div class=\"featured-image\"><img loading=\"lazy\" decoding=\"async\" width=\"525\" height=\"406\" src=\"https:\/\/www.aktantis.com\/wp-content\/uploads\/2025\/11\/Capture-decran-2025-11-08-194301.png\" class=\"attachment-large size-large wp-post-image\" alt=\"\" srcset=\"https:\/\/www.aktantis.com\/wp-content\/uploads\/2025\/11\/Capture-decran-2025-11-08-194301.png 728w, https:\/\/www.aktantis.com\/wp-content\/uploads\/2025\/11\/Capture-decran-2025-11-08-194301-300x232.png 300w, https:\/\/www.aktantis.com\/wp-content\/uploads\/2025\/11\/Capture-decran-2025-11-08-194301-160x124.png 160w, https:\/\/www.aktantis.com\/wp-content\/uploads\/2025\/11\/Capture-decran-2025-11-08-194301-115x89.png 115w\" sizes=\"auto, (max-width: 767px) 89vw, (max-width: 1000px) 54vw, (max-width: 1071px) 543px, 580px\" \/><\/div>\r\n                    <div class=\"actu-content\">\r\n                        <b style=\"text-transform: uppercase;color: var(--secondary-color);\">Toul\u00e9co<\/b><br\/><h3 class=\"entry-title\">Premier bilan positif pour Aktantis, le p\u00f4le deeptech du Grand Sud<\/h3><time class=\"entry-date published updated\" datetime=\"2025-07-01\">01\/07\/2025<\/time>                    <\/div>\r\n                <\/div>\r\n\r\n                                    <\/a>\r\n                            <\/article>\r\n                        <article id=\"post-91180616\" class=\"item grid-item post-91180616 press-release type-press-release status-publish has-post-thumbnail hentry\">\r\n                                    <a href=\"https:\/\/mprovence.com\/deeptech-bilan-positif-pour-le-pole-de-competitivite-aktantis\/\" target=\"_blank\" rel=\"noopener\" class=\"padder-link-wrapper\" style=\"display:block;text-decoration:none;color:inherit;\">\r\n                \r\n                <div class=\"padder\">\r\n                    <div class=\"featured-image\"><img loading=\"lazy\" decoding=\"async\" width=\"525\" height=\"249\" src=\"https:\/\/www.aktantis.com\/wp-content\/uploads\/2025\/09\/Capture-decran-2025-09-05-121603-1024x485.png\" class=\"attachment-large size-large wp-post-image\" alt=\"\" srcset=\"https:\/\/www.aktantis.com\/wp-content\/uploads\/2025\/09\/Capture-decran-2025-09-05-121603-1024x485.png 1024w, https:\/\/www.aktantis.com\/wp-content\/uploads\/2025\/09\/Capture-decran-2025-09-05-121603-300x142.png 300w, https:\/\/www.aktantis.com\/wp-content\/uploads\/2025\/09\/Capture-decran-2025-09-05-121603-768x364.png 768w, https:\/\/www.aktantis.com\/wp-content\/uploads\/2025\/09\/Capture-decran-2025-09-05-121603-1536x728.png 1536w, https:\/\/www.aktantis.com\/wp-content\/uploads\/2025\/09\/Capture-decran-2025-09-05-121603-160x76.png 160w, https:\/\/www.aktantis.com\/wp-content\/uploads\/2025\/09\/Capture-decran-2025-09-05-121603-188x89.png 188w, https:\/\/www.aktantis.com\/wp-content\/uploads\/2025\/09\/Capture-decran-2025-09-05-121603.png 1885w\" sizes=\"auto, (max-width: 767px) 89vw, (max-width: 1000px) 54vw, (max-width: 1071px) 543px, 580px\" \/><\/div>\r\n                    <div class=\"actu-content\">\r\n                        <b style=\"text-transform: uppercase;color: var(--secondary-color);\">MPROVENCE<\/b><br\/><h3 class=\"entry-title\">DeepTech : bilan positif pour le p\u00f4le de comp\u00e9titivit\u00e9 Aktantis<\/h3><time class=\"entry-date published updated\" datetime=\"2025-06-23\">23\/06\/2025<\/time>                    <\/div>\r\n                <\/div>\r\n\r\n                                    <\/a>\r\n                            <\/article>\r\n                        <article id=\"post-91181714\" class=\"item grid-item post-91181714 press-release type-press-release status-publish has-post-thumbnail hentry\">\r\n                                    <a href=\"https:\/\/www.usine-digitale.fr\/article\/aktantis-fusionne-les-expertises-des-poles-solutions-communicantes-securisees-et-optitec.N2222921\" target=\"_blank\" rel=\"noopener\" class=\"padder-link-wrapper\" style=\"display:block;text-decoration:none;color:inherit;\">\r\n                \r\n                <div class=\"padder\">\r\n                    <div class=\"featured-image\"><img loading=\"lazy\" decoding=\"async\" width=\"525\" height=\"305\" src=\"https:\/\/www.aktantis.com\/wp-content\/uploads\/2025\/08\/Capture-decran-2025-09-05-121350-1024x594.png\" class=\"attachment-large size-large wp-post-image\" alt=\"\" srcset=\"https:\/\/www.aktantis.com\/wp-content\/uploads\/2025\/08\/Capture-decran-2025-09-05-121350-1024x594.png 1024w, https:\/\/www.aktantis.com\/wp-content\/uploads\/2025\/08\/Capture-decran-2025-09-05-121350-300x174.png 300w, https:\/\/www.aktantis.com\/wp-content\/uploads\/2025\/08\/Capture-decran-2025-09-05-121350-768x445.png 768w, https:\/\/www.aktantis.com\/wp-content\/uploads\/2025\/08\/Capture-decran-2025-09-05-121350-160x93.png 160w, https:\/\/www.aktantis.com\/wp-content\/uploads\/2025\/08\/Capture-decran-2025-09-05-121350-153x89.png 153w, https:\/\/www.aktantis.com\/wp-content\/uploads\/2025\/08\/Capture-decran-2025-09-05-121350.png 1483w\" sizes=\"auto, (max-width: 767px) 89vw, (max-width: 1000px) 54vw, (max-width: 1071px) 543px, 580px\" \/><\/div>\r\n                    <div class=\"actu-content\">\r\n                        <b style=\"text-transform: uppercase;color: var(--secondary-color);\">L&#039;Usine Digitale<\/b><br\/><h3 class=\"entry-title\">Aktantis fusionne les expertises des p\u00f4les Solutions Communicantes S\u00e9curis\u00e9es et Optitec<\/h3><time class=\"entry-date published updated\" datetime=\"2024-11-21\">21\/11\/2024<\/time>                    <\/div>\r\n                <\/div>\r\n\r\n                                    <\/a>\r\n                            <\/article>\r\n                        <article id=\"post-91181640\" class=\"item grid-item post-91181640 press-release type-press-release status-publish has-post-thumbnail hentry\">\r\n                \r\n                <div class=\"padder\">\r\n                    <div class=\"entry-video\"><iframe loading=\"lazy\" title=\"Webinar : Acteurs de la robotique et de l&#039;IA, int\u00e9grez le programme AgrifoodTEF !\" width=\"525\" height=\"295\" src=\"https:\/\/www.youtube.com\/embed\/wTAVaGrJ3uo?feature=oembed\" frameborder=\"0\" allow=\"accelerometer; autoplay; clipboard-write; encrypted-media; gyroscope; picture-in-picture; web-share\" referrerpolicy=\"strict-origin-when-cross-origin\" allowfullscreen><\/iframe><\/div>\r\n                    <div class=\"actu-content\">\r\n                        <b style=\"text-transform: uppercase;color: var(--secondary-color);\">L&#039;Usine Digitale<\/b><br\/><h3 class=\"entry-title\">Aktantis fusionne les expertises des p\u00f4les Solutions Communicantes S\u00e9curis\u00e9es et Optitec<\/h3><time class=\"entry-date published updated\" datetime=\"2024-11-21\">21\/11\/2024<\/time>                    <\/div>\r\n                <\/div>\r\n\r\n                            <\/article>\r\n            <\/div><\/section>[\/vc_column_text][\/vc_column][\/vc_row]<\/p>\n<\/div>","protected":false},"excerpt":{"rendered":"","protected":false},"author":1,"featured_media":0,"parent":91133007,"menu_order":0,"comment_status":"closed","ping_status":"closed","template":"","meta":{"footnotes":""},"class_list":["post-91180398","page","type-page","status-publish","hentry"],"yoast_head":"<!-- This site is optimized with the Yoast SEO plugin v25.8 - https:\/\/yoast.com\/wordpress\/plugins\/seo\/ -->\n<title>Press coverage - AKTANTIS<\/title>\n<meta name=\"robots\" content=\"index, follow, max-snippet:-1, max-image-preview:large, max-video-preview:-1\" \/>\n<link rel=\"canonical\" href=\"https:\/\/www.aktantis.com\/en\/publications\/press-coverage\/\" \/>\n<meta property=\"og:locale\" content=\"en_US\" \/>\n<meta property=\"og:type\" content=\"article\" \/>\n<meta property=\"og:title\" content=\"Press coverage - AKTANTIS\" \/>\n<meta property=\"og:url\" content=\"https:\/\/www.aktantis.com\/en\/publications\/press-coverage\/\" \/>\n<meta property=\"og:site_name\" content=\"AKTANTIS\" \/>\n<meta property=\"article:publisher\" content=\"https:\/\/www.facebook.com\/PoleSCS\/\" \/>\n<meta property=\"article:modified_time\" content=\"2025-08-07T15:46:09+00:00\" \/>\n<meta name=\"twitter:card\" content=\"summary_large_image\" \/>\n<meta name=\"twitter:site\" content=\"@Pole_SCS\" \/>\n<script type=\"application\/ld+json\" class=\"yoast-schema-graph\">{\"@context\":\"https:\/\/schema.org\",\"@graph\":[{\"@type\":\"WebPage\",\"@id\":\"https:\/\/www.aktantis.com\/en\/publications\/press-coverage\/\",\"url\":\"https:\/\/www.aktantis.com\/en\/publications\/press-coverage\/\",\"name\":\"Press coverage - AKTANTIS\",\"isPartOf\":{\"@id\":\"https:\/\/www.aktantis.com\/#website\"},\"datePublished\":\"2025-08-07T15:22:36+00:00\",\"dateModified\":\"2025-08-07T15:46:09+00:00\",\"breadcrumb\":{\"@id\":\"https:\/\/www.aktantis.com\/en\/publications\/press-coverage\/#breadcrumb\"},\"inLanguage\":\"en-US\",\"potentialAction\":[{\"@type\":\"ReadAction\",\"target\":[\"https:\/\/www.aktantis.com\/en\/publications\/press-coverage\/\"]}]},{\"@type\":\"BreadcrumbList\",\"@id\":\"https:\/\/www.aktantis.com\/en\/publications\/press-coverage\/#breadcrumb\",\"itemListElement\":[{\"@type\":\"ListItem\",\"position\":1,\"name\":\"Accueil\",\"item\":\"https:\/\/www.aktantis.com\/en\/\"},{\"@type\":\"ListItem\",\"position\":2,\"name\":\"Publications\",\"item\":\"https:\/\/www.aktantis.com\/publications\/\"},{\"@type\":\"ListItem\",\"position\":3,\"name\":\"Press coverage\"}]},{\"@type\":\"WebSite\",\"@id\":\"https:\/\/www.aktantis.com\/#website\",\"url\":\"https:\/\/www.aktantis.com\/\",\"name\":\"AKTANTIS\",\"description\":\"1er \u00e9cosyst\u00e8me europ\u00e9en\",\"publisher\":{\"@id\":\"https:\/\/www.aktantis.com\/#organization\"},\"potentialAction\":[{\"@type\":\"SearchAction\",\"target\":{\"@type\":\"EntryPoint\",\"urlTemplate\":\"https:\/\/www.aktantis.com\/?s={search_term_string}\"},\"query-input\":{\"@type\":\"PropertyValueSpecification\",\"valueRequired\":true,\"valueName\":\"search_term_string\"}}],\"inLanguage\":\"en-US\"},{\"@type\":\"Organization\",\"@id\":\"https:\/\/www.aktantis.com\/#organization\",\"name\":\"Aktantis\",\"url\":\"https:\/\/www.aktantis.com\/\",\"logo\":{\"@type\":\"ImageObject\",\"inLanguage\":\"en-US\",\"@id\":\"https:\/\/www.aktantis.com\/#\/schema\/logo\/image\/\",\"url\":\"https:\/\/www.aktantis.com\/wp-content\/uploads\/2018\/03\/cropped-logo_scs.png\",\"contentUrl\":\"https:\/\/www.aktantis.com\/wp-content\/uploads\/2018\/03\/cropped-logo_scs.png\",\"width\":720,\"height\":250,\"caption\":\"Aktantis\"},\"image\":{\"@id\":\"https:\/\/www.aktantis.com\/#\/schema\/logo\/image\/\"},\"sameAs\":[\"https:\/\/www.facebook.com\/PoleSCS\/\",\"https:\/\/x.com\/Pole_SCS\",\"https:\/\/www.linkedin.com\/company\/pole-scs\/\"]}]}<\/script>\n<!-- \/ Yoast SEO plugin. -->","yoast_head_json":{"title":"Press coverage - AKTANTIS","robots":{"index":"index","follow":"follow","max-snippet":"max-snippet:-1","max-image-preview":"max-image-preview:large","max-video-preview":"max-video-preview:-1"},"canonical":"https:\/\/www.aktantis.com\/en\/publications\/press-coverage\/","og_locale":"en_US","og_type":"article","og_title":"Press coverage - AKTANTIS","og_url":"https:\/\/www.aktantis.com\/en\/publications\/press-coverage\/","og_site_name":"AKTANTIS","article_publisher":"https:\/\/www.facebook.com\/PoleSCS\/","article_modified_time":"2025-08-07T15:46:09+00:00","twitter_card":"summary_large_image","twitter_site":"@Pole_SCS","schema":{"@context":"https:\/\/schema.org","@graph":[{"@type":"WebPage","@id":"https:\/\/www.aktantis.com\/en\/publications\/press-coverage\/","url":"https:\/\/www.aktantis.com\/en\/publications\/press-coverage\/","name":"Press coverage - AKTANTIS","isPartOf":{"@id":"https:\/\/www.aktantis.com\/#website"},"datePublished":"2025-08-07T15:22:36+00:00","dateModified":"2025-08-07T15:46:09+00:00","breadcrumb":{"@id":"https:\/\/www.aktantis.com\/en\/publications\/press-coverage\/#breadcrumb"},"inLanguage":"en-US","potentialAction":[{"@type":"ReadAction","target":["https:\/\/www.aktantis.com\/en\/publications\/press-coverage\/"]}]},{"@type":"BreadcrumbList","@id":"https:\/\/www.aktantis.com\/en\/publications\/press-coverage\/#breadcrumb","itemListElement":[{"@type":"ListItem","position":1,"name":"Accueil","item":"https:\/\/www.aktantis.com\/en\/"},{"@type":"ListItem","position":2,"name":"Publications","item":"https:\/\/www.aktantis.com\/publications\/"},{"@type":"ListItem","position":3,"name":"Press coverage"}]},{"@type":"WebSite","@id":"https:\/\/www.aktantis.com\/#website","url":"https:\/\/www.aktantis.com\/","name":"AKTANTIS","description":"1er \u00e9cosyst\u00e8me europ\u00e9en","publisher":{"@id":"https:\/\/www.aktantis.com\/#organization"},"potentialAction":[{"@type":"SearchAction","target":{"@type":"EntryPoint","urlTemplate":"https:\/\/www.aktantis.com\/?s={search_term_string}"},"query-input":{"@type":"PropertyValueSpecification","valueRequired":true,"valueName":"search_term_string"}}],"inLanguage":"en-US"},{"@type":"Organization","@id":"https:\/\/www.aktantis.com\/#organization","name":"Aktantis","url":"https:\/\/www.aktantis.com\/","logo":{"@type":"ImageObject","inLanguage":"en-US","@id":"https:\/\/www.aktantis.com\/#\/schema\/logo\/image\/","url":"https:\/\/www.aktantis.com\/wp-content\/uploads\/2018\/03\/cropped-logo_scs.png","contentUrl":"https:\/\/www.aktantis.com\/wp-content\/uploads\/2018\/03\/cropped-logo_scs.png","width":720,"height":250,"caption":"Aktantis"},"image":{"@id":"https:\/\/www.aktantis.com\/#\/schema\/logo\/image\/"},"sameAs":["https:\/\/www.facebook.com\/PoleSCS\/","https:\/\/x.com\/Pole_SCS","https:\/\/www.linkedin.com\/company\/pole-scs\/"]}]}},"_links":{"self":[{"href":"https:\/\/www.aktantis.com\/en\/wp-json\/wp\/v2\/pages\/91180398","targetHints":{"allow":["GET"]}}],"collection":[{"href":"https:\/\/www.aktantis.com\/en\/wp-json\/wp\/v2\/pages"}],"about":[{"href":"https:\/\/www.aktantis.com\/en\/wp-json\/wp\/v2\/types\/page"}],"author":[{"embeddable":true,"href":"https:\/\/www.aktantis.com\/en\/wp-json\/wp\/v2\/users\/1"}],"replies":[{"embeddable":true,"href":"https:\/\/www.aktantis.com\/en\/wp-json\/wp\/v2\/comments?post=91180398"}],"version-history":[{"count":1,"href":"https:\/\/www.aktantis.com\/en\/wp-json\/wp\/v2\/pages\/91180398\/revisions"}],"predecessor-version":[{"id":91180399,"href":"https:\/\/www.aktantis.com\/en\/wp-json\/wp\/v2\/pages\/91180398\/revisions\/91180399"}],"up":[{"embeddable":true,"href":"https:\/\/www.aktantis.com\/en\/wp-json\/wp\/v2\/pages\/91133007"}],"wp:attachment":[{"href":"https:\/\/www.aktantis.com\/en\/wp-json\/wp\/v2\/media?parent=91180398"}],"curies":[{"name":"wp","href":"https:\/\/api.w.org\/{rel}","templated":true}]}}