{"id":91176288,"date":"2025-01-18T22:53:20","date_gmt":"2025-01-18T21:53:20","guid":{"rendered":"https:\/\/www.aktantis.com\/innovation\/europe\/edih-occitania\/"},"modified":"2025-01-20T16:44:57","modified_gmt":"2025-01-20T15:44:57","slug":"edih-occitania","status":"publish","type":"page","link":"https:\/\/www.aktantis.com\/en\/innovation\/europe\/edih-occitania\/","title":{"rendered":"EDIH OccitanIA"},"content":{"rendered":"<div class=\"wpb-content-wrapper\"><p>[vc_row][vc_column width=&#8221;1\/6&#8243;][\/vc_column][vc_column width=&#8221;4\/6&#8243;][vc_column_text css=&#8221;&#8221;]<\/p>\n<h2 style=\"text-align: center;\">EDIH OCCITANIA<\/h2>\n<p>[\/vc_column_text][vc_single_image image=&#8221;91176231&#8243; img_size=&#8221;medium&#8221; alignment=&#8221;center&#8221; css=&#8221;&#8221;][vc_column_text css=&#8221;&#8221;]<\/p>\n<p style=\"text-align: center;\">AKTANTIS is partner in the European project EDIH OccitanIA, the European Digital Innovation Hub in Occitania, which supports the region&#8217;s small and mid-sized companies in their digital transformation projects to become more efficient and competitive.<\/p>\n<p>[\/vc_column_text][\/vc_column][vc_column width=&#8221;1\/6&#8243;][\/vc_column][\/vc_row][vc_row][vc_column width=&#8221;1\/12&#8243;][\/vc_column][vc_column width=&#8221;10\/12&#8243;][vc_column_text css=&#8221;&#8221;]<\/p>\n<h3>THE EDIH OCCITANIA PROJECT<\/h3>\n<p>The EDIH OccitanIA, a major project co-funded by the European Commission, is the Occitania region\u2019s digital transformation support programme for small, medium and large businesses. It aims to accelerate the adoption of digital technologies by businesses in all sectors, by offering them privileged access to a network of experts and resources.<\/p>\n<p>The EDIH OccitanIA draws on the excellence of its partners in artificial intelligence, high-performance computing, IoT, microelectronics, data ethics and cybersecurity to provide the best possible response to the challenges of digital transformation. It makes the technological potential of Occitanie in the space sector available to companies, particularly in the integration of space data, making it the European reference in this field.<\/p>\n<p>EDIH OccitanIA pays particular attention to companies in the mobility, health and agri-agro sectors. Thanks to the project partners&#8217; in-depth knowledge of these sectors, companies of the region can benefit from tailor-made support that considers the specific challenges of their activities.[\/vc_column_text][\/vc_column][vc_column width=&#8221;1\/12&#8243;][\/vc_column][\/vc_row][vc_row][vc_column width=&#8221;1\/12&#8243;][\/vc_column][vc_column width=&#8221;10\/12&#8243;][vc_column_text css=&#8221;&#8221;]<\/p>\n<h3>THE EDIH OCCITANIA SERVICES<\/h3>\n<p>The EDIH OccitanIA support programme provides a direct access to a range of services, orchestrated by all the members of the consortium. These services are tailored to the beneficiary company\u2019s action plan, predefined with the experts beforehand according to the company\u2019s digital maturity:<\/p>\n<ul>\n<li>Digital maturity assessment<\/li>\n<li>Development of an appropriate digital transformation strategy<\/li>\n<li>Access to innovative technological solutions<\/li>\n<li>Networking and contacts with experts and partners<\/li>\n<li>Participation in digital skills training and workshops<\/li>\n<\/ul>\n<p><a href=\"https:\/\/www.edih-occitania.fr\/wp-content\/uploads\/2024\/09\/Catalogue-de-services-FR.pdf\">Link to the EDIH OccitanIA service catalogue <\/a>[\/vc_column_text][\/vc_column][vc_column width=&#8221;1\/12&#8243;][\/vc_column][\/vc_row][vc_row][vc_column][vc_row_inner equal_height=&#8221;yes&#8221; gap=&#8221;15&#8243; css=&#8221;.vc_custom_1518050141642{padding-top: 35px !important;padding-right: 35px !important;padding-bottom: 35px !important;padding-left: 35px !important;}&#8221;][vc_column_inner width=&#8221;1\/3&#8243; css=&#8221;.vc_custom_1731493167615{padding-top: 25px !important;padding-right: 25px !important;padding-bottom: 15px !important;padding-left: 25px !important;background-color: #F3F3F9 !important;}&#8221;][vc_column_text css=&#8221;.vc_custom_1737372252247{padding-top: 10px !important;padding-right: 10px !important;padding-bottom: 10px !important;padding-left: 10px !important;}&#8221;]<\/p>\n<h3>PROJECT DETAILS :<\/h3>\n<ul>\n<li>Programme: Digital Europe<\/li>\n<li>Duration: 36 months, from 01\/09\/2023 to 31\/08\/2026<\/li>\n<li>Coordinator: Ad\u2019Occ<\/li>\n<\/ul>\n<p>[\/vc_column_text][vc_column_text css=&#8221;&#8221;][\/vc_column_text][\/vc_column_inner][vc_column_inner width=&#8221;1\/3&#8243; css=&#8221;.vc_custom_1731493176378{padding-top: 25px !important;padding-right: 25px !important;padding-bottom: 15px !important;padding-left: 25px !important;background-color: #F3F3F9 !important;}&#8221;][vc_column_text css=&#8221;.vc_custom_1737372267085{padding-top: 10px !important;padding-right: 10px !important;padding-bottom: 10px !important;padding-left: 10px !important;}&#8221;]<\/p>\n<h3>PARTNERSHIP<\/h3>\n<ul>\n<li><a href=\"https:\/\/www.agence-adocc.com\">Ad\u2019Occ<\/a><\/li>\n<li><a href=\"https:\/\/www.digital113.fr\/\">Digital 113<\/a><\/li>\n<li><a href=\"https:\/\/www.eurobiomed.org\/fr\/\">Eurobiomed\u00a0<\/a><\/li>\n<li><a href=\"https:\/\/www.aktantis.com\/\">AKTANTIS\u00a0<\/a><\/li>\n<li><a href=\"https:\/\/www.aerospace-valley.com\/\">Aerospace Valley<\/a><\/li>\n<li><a href=\"https:\/\/agrisudouest.com\">Agri Sud-Ouest Innovation\u00a0<\/a><\/li>\n<li><a href=\"https:\/\/www.cyberocc.com\/\">Cyber\u2019Occ\u00a0<\/a><\/li>\n<li><a href=\"https:\/\/www.ekitia.fr\">Ekitia<\/a><\/li>\n<li><a href=\"https:\/\/www.captronic.fr\/\">CAP\u2019TRONIC<\/a><\/li>\n<li><a href=\"https:\/\/cnes.fr\/fr\">CNES<\/a><\/li>\n<li><a href=\"https:\/\/cerfacs.fr\/\">Cerfacs\u00a0<\/a><\/li>\n<li><a href=\"https:\/\/www.lirmm.fr\/\">LIRMM\u00a0<\/a><\/li>\n<li><a href=\"https:\/\/aniti.univ-toulouse.fr\/\">ANITI\u00a0<\/a><\/li>\n<li><a href=\"http:\/\/www.imt-mines-ales.fr\">IMT Mines Al\u00e8s\u00a0<\/a><\/li>\n<li><a href=\"http:\/\/numeum.fr\">Numeum\u00a0<\/a><\/li>\n<\/ul>\n<p>[\/vc_column_text][\/vc_column_inner][vc_column_inner width=&#8221;1\/3&#8243; css=&#8221;.vc_custom_1731493184021{padding-top: 25px !important;padding-right: 25px !important;padding-bottom: 15px !important;padding-left: 25px !important;background-color: #F3F3F9 !important;}&#8221;][vc_column_text css=&#8221;.vc_custom_1737372284806{padding-top: 10px !important;padding-right: 10px !important;padding-bottom: 10px !important;padding-left: 10px !important;}&#8221;]<\/p>\n<h3>Communication<\/h3>\n<ul>\n<li><a href=\"https:\/\/www.edih-occitania.fr\/\"><span data-contrast=\"none\">Website<\/span><\/a><\/li>\n<li><a href=\"https:\/\/www.linkedin.com\/company\/edihoccitania\"><span data-contrast=\"none\">LinkedIn<\/span><\/a><\/li>\n<\/ul>\n<p>[\/vc_column_text][\/vc_column_inner][\/vc_row_inner][\/vc_column][\/vc_row][vc_row][vc_column][vc_column_text css=&#8221;&#8221;]<img loading=\"lazy\" decoding=\"async\" class=\"aligncenter size-medium wp-image-91176226\" src=\"https:\/\/www.aktantis.com\/wp-content\/uploads\/2025\/01\/europe-edih-300x93.png\" alt=\"\" width=\"300\" height=\"93\" srcset=\"https:\/\/www.aktantis.com\/wp-content\/uploads\/2025\/01\/europe-edih-300x93.png 300w, https:\/\/www.aktantis.com\/wp-content\/uploads\/2025\/01\/europe-edih-160x50.png 160w, https:\/\/www.aktantis.com\/wp-content\/uploads\/2025\/01\/europe-edih-287x89.png 287w, https:\/\/www.aktantis.com\/wp-content\/uploads\/2025\/01\/europe-edih.png 390w\" sizes=\"auto, (max-width: 300px) 100vw, 300px\" \/>[\/vc_column_text][\/vc_column][\/vc_row][vc_row][vc_column][vc_column_text css=&#8221;.vc_custom_1520287429985{margin-bottom: 70px !important;}&#8221;]<\/p>\n<p style=\"text-align: left;\"><a class=\"btn-return\" href=\"https:\/\/www.aktantis.com\/en\/innovation\/europe\/\">&lt; Back<\/a><\/p>\n<p>[\/vc_column_text][\/vc_column][\/vc_row][vc_row full_width=&#8221;stretch_row&#8221; equal_height=&#8221;yes&#8221; css=&#8221;.vc_custom_1733216921921{margin-top: 0px !important;margin-right: 0px !important;margin-bottom: 0px !important;margin-left: 0px !important;border-right-width: 0px !important;border-left-width: 0px !important;padding-right: 0px !important;padding-left: 0px !important;background-color: #F3F3F9 !important;}&#8221;][vc_column width=&#8221;1\/2&#8243; css=&#8221;.vc_custom_1733216927827{margin-left: 0px !important;border-left-width: 0px !important;padding-top: 0px !important;padding-right: 0px !important;padding-bottom: 0px !important;padding-left: 0px !important;}&#8221; offset=&#8221;vc_hidden-xs&#8221;][vc_column_text css=&#8221;.vc_custom_1737387897626{margin-top: 35px !important;margin-bottom: 35px !important;padding-top: 50px !important;padding-right: 10% !important;padding-bottom: 50px !important;}&#8221;]<\/p>\n<p style=\"text-align: right;\"><a class=\"shrtd-contact-icon\" href=\"https:\/\/www.aktantis.com\/en\/\/contact\/\" ><i class=\"icomoon icon-bubbles6\"><\/i><\/a><\/p>\n<h4 style=\"text-align: right; max-width: 400px; float: right;\">For more information, contact us!<\/h4>\n<p>[\/vc_column_text][\/vc_column][vc_column width=&#8221;1\/2&#8243; css=&#8221;.vc_custom_1733216845148{margin-right: 0px !important;border-right-width: 0px !important;padding-top: 0px !important;padding-right: 0px !important;padding-bottom: 0px !important;padding-left: 0px !important;}&#8221;][vc_column_text css=&#8221;.vc_custom_1737383327419{margin-top: 70px !important;margin-right: 0px !important;margin-bottom: 70px !important;border-right-width: 0px !important;border-bottom-width: 0px !important;border-left-width: 1px !important;padding-top: 0px !important;padding-right: 0px !important;padding-left: 10% !important;border-left-style: solid !important;border-right-style: solid !important;border-bottom-style: solid !important;border-color: rgba(0,133,166,0.49) !important;}&#8221;]<\/p>\n<h2 style=\"text-align: left;\"><strong>YOUR CONTACT<\/strong><\/h2>\n<div class=\"portrait-contact shortcode clearfix\">\r\n                <img loading=\"lazy\" decoding=\"async\" width=\"165\" height=\"165\" src=\"https:\/\/www.aktantis.com\/wp-content\/uploads\/2024\/11\/Patrice-1-165x165.jpg\" class=\"attachment-scs_equipe_portrait size-scs_equipe_portrait wp-post-image\" alt=\"\" srcset=\"https:\/\/www.aktantis.com\/wp-content\/uploads\/2024\/11\/Patrice-1-165x165.jpg 165w, https:\/\/www.aktantis.com\/wp-content\/uploads\/2024\/11\/Patrice-1-300x300.jpg 300w, https:\/\/www.aktantis.com\/wp-content\/uploads\/2024\/11\/Patrice-1-150x150.jpg 150w, https:\/\/www.aktantis.com\/wp-content\/uploads\/2024\/11\/Patrice-1-160x160.jpg 160w, https:\/\/www.aktantis.com\/wp-content\/uploads\/2024\/11\/Patrice-1-89x89.jpg 89w, https:\/\/www.aktantis.com\/wp-content\/uploads\/2024\/11\/Patrice-1-238x238.jpg 238w, https:\/\/www.aktantis.com\/wp-content\/uploads\/2024\/11\/Patrice-1-100x100.jpg 100w, https:\/\/www.aktantis.com\/wp-content\/uploads\/2024\/11\/Patrice-1.jpg 750w\" sizes=\"auto, 100vw\" \/>                <div class=\"infos\">\r\n                    <h4>Patrice BENDAHAN<\/h4>                    <p>Innovation Europe Move2Digital<\/p>\r\n                    <p class=\"contact\">\r\n                                                <i class=\"icon-mobile2\"><\/i><a href=\"tel:06 19 80 27 50\">06 19 80 27 50<\/a>                        <br\/>                        <i class=\"icon-envelop\"><\/i><a href=\"mailto:patrice.bendahan@aktantis.com\">patrice.bendahan@aktantis.com<\/a>                                            <\/p>\r\n                <\/div>\r\n            <\/div>\r\n        [\/vc_column_text][\/vc_column][\/vc_row]<\/p>\n<\/div>","protected":false},"excerpt":{"rendered":"","protected":false},"author":1287,"featured_media":0,"parent":91148705,"menu_order":0,"comment_status":"closed","ping_status":"closed","template":"","meta":{"footnotes":""},"class_list":["post-91176288","page","type-page","status-publish","hentry"],"yoast_head":"<!-- This site is optimized with the Yoast SEO plugin v25.8 - https:\/\/yoast.com\/wordpress\/plugins\/seo\/ -->\n<title>EDIH OccitanIA<\/title>\n<meta name=\"description\" content=\"AKTANTIS est partenaire de l&#039;EDIH OccitanIA, European Digital Innovation Hub en Occitanie, pour accompagner les TPE\/PME\/ETI dans leur transformation digitale.\" \/>\n<meta name=\"robots\" content=\"index, follow, max-snippet:-1, max-image-preview:large, max-video-preview:-1\" \/>\n<link rel=\"canonical\" href=\"https:\/\/www.aktantis.com\/en\/innovation\/europe\/edih-occitania\/\" \/>\n<meta property=\"og:locale\" content=\"en_US\" \/>\n<meta property=\"og:type\" content=\"article\" \/>\n<meta property=\"og:title\" content=\"EDIH OccitanIA\" \/>\n<meta property=\"og:description\" content=\"AKTANTIS est partenaire de l&#039;EDIH OccitanIA, European Digital Innovation Hub en Occitanie, pour accompagner les TPE\/PME\/ETI dans leur transformation digitale.\" \/>\n<meta property=\"og:url\" content=\"https:\/\/www.aktantis.com\/en\/innovation\/europe\/edih-occitania\/\" \/>\n<meta property=\"og:site_name\" content=\"AKTANTIS\" \/>\n<meta property=\"article:publisher\" content=\"https:\/\/www.facebook.com\/PoleSCS\/\" \/>\n<meta property=\"article:modified_time\" content=\"2025-01-20T15:44:57+00:00\" \/>\n<meta property=\"og:image\" content=\"https:\/\/www.aktantis.com\/wp-content\/uploads\/2025\/01\/europe-edih-300x93.png\" \/>\n<meta name=\"twitter:card\" content=\"summary_large_image\" \/>\n<meta name=\"twitter:site\" content=\"@Pole_SCS\" \/>\n<script type=\"application\/ld+json\" class=\"yoast-schema-graph\">{\"@context\":\"https:\/\/schema.org\",\"@graph\":[{\"@type\":\"WebPage\",\"@id\":\"https:\/\/www.aktantis.com\/en\/innovation\/europe\/edih-occitania\/\",\"url\":\"https:\/\/www.aktantis.com\/en\/innovation\/europe\/edih-occitania\/\",\"name\":\"EDIH OccitanIA\",\"isPartOf\":{\"@id\":\"https:\/\/www.aktantis.com\/#website\"},\"primaryImageOfPage\":{\"@id\":\"https:\/\/www.aktantis.com\/en\/innovation\/europe\/edih-occitania\/#primaryimage\"},\"image\":{\"@id\":\"https:\/\/www.aktantis.com\/en\/innovation\/europe\/edih-occitania\/#primaryimage\"},\"thumbnailUrl\":\"https:\/\/www.aktantis.com\/wp-content\/uploads\/2025\/01\/europe-edih-300x93.png\",\"datePublished\":\"2025-01-18T21:53:20+00:00\",\"dateModified\":\"2025-01-20T15:44:57+00:00\",\"description\":\"AKTANTIS est partenaire de l'EDIH OccitanIA, European Digital Innovation Hub en Occitanie, pour accompagner les TPE\/PME\/ETI dans leur transformation digitale.\",\"breadcrumb\":{\"@id\":\"https:\/\/www.aktantis.com\/en\/innovation\/europe\/edih-occitania\/#breadcrumb\"},\"inLanguage\":\"en-US\",\"potentialAction\":[{\"@type\":\"ReadAction\",\"target\":[\"https:\/\/www.aktantis.com\/en\/innovation\/europe\/edih-occitania\/\"]}]},{\"@type\":\"ImageObject\",\"inLanguage\":\"en-US\",\"@id\":\"https:\/\/www.aktantis.com\/en\/innovation\/europe\/edih-occitania\/#primaryimage\",\"url\":\"https:\/\/www.aktantis.com\/wp-content\/uploads\/2025\/01\/europe-edih-300x93.png\",\"contentUrl\":\"https:\/\/www.aktantis.com\/wp-content\/uploads\/2025\/01\/europe-edih-300x93.png\"},{\"@type\":\"BreadcrumbList\",\"@id\":\"https:\/\/www.aktantis.com\/en\/innovation\/europe\/edih-occitania\/#breadcrumb\",\"itemListElement\":[{\"@type\":\"ListItem\",\"position\":1,\"name\":\"Accueil\",\"item\":\"https:\/\/www.aktantis.com\/en\/\"},{\"@type\":\"ListItem\",\"position\":2,\"name\":\"Innovation\",\"item\":\"https:\/\/www.aktantis.com\/innovation\/\"},{\"@type\":\"ListItem\",\"position\":3,\"name\":\"Europe\",\"item\":\"https:\/\/www.aktantis.com\/en\/innovation\/europe\/\"},{\"@type\":\"ListItem\",\"position\":4,\"name\":\"EDIH OccitanIA\"}]},{\"@type\":\"WebSite\",\"@id\":\"https:\/\/www.aktantis.com\/#website\",\"url\":\"https:\/\/www.aktantis.com\/\",\"name\":\"AKTANTIS\",\"description\":\"1er \u00e9cosyst\u00e8me europ\u00e9en\",\"publisher\":{\"@id\":\"https:\/\/www.aktantis.com\/#organization\"},\"potentialAction\":[{\"@type\":\"SearchAction\",\"target\":{\"@type\":\"EntryPoint\",\"urlTemplate\":\"https:\/\/www.aktantis.com\/?s={search_term_string}\"},\"query-input\":{\"@type\":\"PropertyValueSpecification\",\"valueRequired\":true,\"valueName\":\"search_term_string\"}}],\"inLanguage\":\"en-US\"},{\"@type\":\"Organization\",\"@id\":\"https:\/\/www.aktantis.com\/#organization\",\"name\":\"Aktantis\",\"url\":\"https:\/\/www.aktantis.com\/\",\"logo\":{\"@type\":\"ImageObject\",\"inLanguage\":\"en-US\",\"@id\":\"https:\/\/www.aktantis.com\/#\/schema\/logo\/image\/\",\"url\":\"https:\/\/www.aktantis.com\/wp-content\/uploads\/2018\/03\/cropped-logo_scs.png\",\"contentUrl\":\"https:\/\/www.aktantis.com\/wp-content\/uploads\/2018\/03\/cropped-logo_scs.png\",\"width\":720,\"height\":250,\"caption\":\"Aktantis\"},\"image\":{\"@id\":\"https:\/\/www.aktantis.com\/#\/schema\/logo\/image\/\"},\"sameAs\":[\"https:\/\/www.facebook.com\/PoleSCS\/\",\"https:\/\/x.com\/Pole_SCS\",\"https:\/\/www.linkedin.com\/company\/pole-scs\/\"]}]}<\/script>\n<!-- \/ Yoast SEO plugin. -->","yoast_head_json":{"title":"EDIH OccitanIA","description":"AKTANTIS est partenaire de l'EDIH OccitanIA, European Digital Innovation Hub en Occitanie, pour accompagner les TPE\/PME\/ETI dans leur transformation digitale.","robots":{"index":"index","follow":"follow","max-snippet":"max-snippet:-1","max-image-preview":"max-image-preview:large","max-video-preview":"max-video-preview:-1"},"canonical":"https:\/\/www.aktantis.com\/en\/innovation\/europe\/edih-occitania\/","og_locale":"en_US","og_type":"article","og_title":"EDIH OccitanIA","og_description":"AKTANTIS est partenaire de l'EDIH OccitanIA, European Digital Innovation Hub en Occitanie, pour accompagner les TPE\/PME\/ETI dans leur transformation digitale.","og_url":"https:\/\/www.aktantis.com\/en\/innovation\/europe\/edih-occitania\/","og_site_name":"AKTANTIS","article_publisher":"https:\/\/www.facebook.com\/PoleSCS\/","article_modified_time":"2025-01-20T15:44:57+00:00","og_image":[{"url":"https:\/\/www.aktantis.com\/wp-content\/uploads\/2025\/01\/europe-edih-300x93.png","type":"","width":"","height":""}],"twitter_card":"summary_large_image","twitter_site":"@Pole_SCS","schema":{"@context":"https:\/\/schema.org","@graph":[{"@type":"WebPage","@id":"https:\/\/www.aktantis.com\/en\/innovation\/europe\/edih-occitania\/","url":"https:\/\/www.aktantis.com\/en\/innovation\/europe\/edih-occitania\/","name":"EDIH OccitanIA","isPartOf":{"@id":"https:\/\/www.aktantis.com\/#website"},"primaryImageOfPage":{"@id":"https:\/\/www.aktantis.com\/en\/innovation\/europe\/edih-occitania\/#primaryimage"},"image":{"@id":"https:\/\/www.aktantis.com\/en\/innovation\/europe\/edih-occitania\/#primaryimage"},"thumbnailUrl":"https:\/\/www.aktantis.com\/wp-content\/uploads\/2025\/01\/europe-edih-300x93.png","datePublished":"2025-01-18T21:53:20+00:00","dateModified":"2025-01-20T15:44:57+00:00","description":"AKTANTIS est partenaire de l'EDIH OccitanIA, European Digital Innovation Hub en Occitanie, pour accompagner les TPE\/PME\/ETI dans leur transformation digitale.","breadcrumb":{"@id":"https:\/\/www.aktantis.com\/en\/innovation\/europe\/edih-occitania\/#breadcrumb"},"inLanguage":"en-US","potentialAction":[{"@type":"ReadAction","target":["https:\/\/www.aktantis.com\/en\/innovation\/europe\/edih-occitania\/"]}]},{"@type":"ImageObject","inLanguage":"en-US","@id":"https:\/\/www.aktantis.com\/en\/innovation\/europe\/edih-occitania\/#primaryimage","url":"https:\/\/www.aktantis.com\/wp-content\/uploads\/2025\/01\/europe-edih-300x93.png","contentUrl":"https:\/\/www.aktantis.com\/wp-content\/uploads\/2025\/01\/europe-edih-300x93.png"},{"@type":"BreadcrumbList","@id":"https:\/\/www.aktantis.com\/en\/innovation\/europe\/edih-occitania\/#breadcrumb","itemListElement":[{"@type":"ListItem","position":1,"name":"Accueil","item":"https:\/\/www.aktantis.com\/en\/"},{"@type":"ListItem","position":2,"name":"Innovation","item":"https:\/\/www.aktantis.com\/innovation\/"},{"@type":"ListItem","position":3,"name":"Europe","item":"https:\/\/www.aktantis.com\/en\/innovation\/europe\/"},{"@type":"ListItem","position":4,"name":"EDIH OccitanIA"}]},{"@type":"WebSite","@id":"https:\/\/www.aktantis.com\/#website","url":"https:\/\/www.aktantis.com\/","name":"AKTANTIS","description":"1er \u00e9cosyst\u00e8me europ\u00e9en","publisher":{"@id":"https:\/\/www.aktantis.com\/#organization"},"potentialAction":[{"@type":"SearchAction","target":{"@type":"EntryPoint","urlTemplate":"https:\/\/www.aktantis.com\/?s={search_term_string}"},"query-input":{"@type":"PropertyValueSpecification","valueRequired":true,"valueName":"search_term_string"}}],"inLanguage":"en-US"},{"@type":"Organization","@id":"https:\/\/www.aktantis.com\/#organization","name":"Aktantis","url":"https:\/\/www.aktantis.com\/","logo":{"@type":"ImageObject","inLanguage":"en-US","@id":"https:\/\/www.aktantis.com\/#\/schema\/logo\/image\/","url":"https:\/\/www.aktantis.com\/wp-content\/uploads\/2018\/03\/cropped-logo_scs.png","contentUrl":"https:\/\/www.aktantis.com\/wp-content\/uploads\/2018\/03\/cropped-logo_scs.png","width":720,"height":250,"caption":"Aktantis"},"image":{"@id":"https:\/\/www.aktantis.com\/#\/schema\/logo\/image\/"},"sameAs":["https:\/\/www.facebook.com\/PoleSCS\/","https:\/\/x.com\/Pole_SCS","https:\/\/www.linkedin.com\/company\/pole-scs\/"]}]}},"_links":{"self":[{"href":"https:\/\/www.aktantis.com\/en\/wp-json\/wp\/v2\/pages\/91176288","targetHints":{"allow":["GET"]}}],"collection":[{"href":"https:\/\/www.aktantis.com\/en\/wp-json\/wp\/v2\/pages"}],"about":[{"href":"https:\/\/www.aktantis.com\/en\/wp-json\/wp\/v2\/types\/page"}],"author":[{"embeddable":true,"href":"https:\/\/www.aktantis.com\/en\/wp-json\/wp\/v2\/users\/1287"}],"replies":[{"embeddable":true,"href":"https:\/\/www.aktantis.com\/en\/wp-json\/wp\/v2\/comments?post=91176288"}],"version-history":[{"count":13,"href":"https:\/\/www.aktantis.com\/en\/wp-json\/wp\/v2\/pages\/91176288\/revisions"}],"predecessor-version":[{"id":91176334,"href":"https:\/\/www.aktantis.com\/en\/wp-json\/wp\/v2\/pages\/91176288\/revisions\/91176334"}],"up":[{"embeddable":true,"href":"https:\/\/www.aktantis.com\/en\/wp-json\/wp\/v2\/pages\/91148705"}],"wp:attachment":[{"href":"https:\/\/www.aktantis.com\/en\/wp-json\/wp\/v2\/media?parent=91176288"}],"curies":[{"name":"wp","href":"https:\/\/api.w.org\/{rel}","templated":true}]}}