{"id":91176284,"date":"2025-01-18T22:16:12","date_gmt":"2025-01-18T21:16:12","guid":{"rendered":"https:\/\/www.aktantis.com\/innovation\/europe\/move2digital\/"},"modified":"2025-01-20T15:26:40","modified_gmt":"2025-01-20T14:26:40","slug":"move2digital","status":"publish","type":"page","link":"https:\/\/www.aktantis.com\/en\/innovation\/europe\/move2digital\/","title":{"rendered":"MOVE2DIGITAL"},"content":{"rendered":"<div class=\"wpb-content-wrapper\"><p>[vc_row][vc_column width=&#8221;1\/6&#8243;][\/vc_column][vc_column width=&#8221;4\/6&#8243;][vc_column_text css=&#8221;&#8221;]<\/p>\n<h2 style=\"text-align: center;\">Move2Digital<\/h2>\n<p>[\/vc_column_text][vc_single_image image=&#8221;91176214&#8243; img_size=&#8221;medium&#8221; alignment=&#8221;center&#8221; css=&#8221;&#8221;][vc_column_text css=&#8221;&#8221;]<\/p>\n<p style=\"text-align: center;\">AKTANTIS is a partner in the European and regional Move2Digital project, the European Digital Innovation Hub in the Provence-Alpes-C\u00f4te d&#8217;Azur region, which supports the region&#8217;s small and mid-sized companies in their digital transformation projects to become more efficient and competitive.<\/p>\n<p>[\/vc_column_text][\/vc_column][vc_column width=&#8221;1\/6&#8243;][\/vc_column][\/vc_row][vc_row][vc_column width=&#8221;1\/12&#8243;][\/vc_column][vc_column width=&#8221;10\/12&#8243;][vc_column_text css=&#8221;&#8221;]<\/p>\n<h3>THE\u00a0 MOVE2DIGITAL PROJECT<\/h3>\n<p>Through EDIH Move2Digital, SMEs and start-ups can benefit from technical, human and financial skills to accelerate their digital and envirnmental transformation, with the support of experts from the SUD region.<\/p>\n<p>It aims to increase efficiency by integrating new technologies such as :<\/p>\n<ul>\n<li>Artificial Intelligence<\/li>\n<li>IoT<\/li>\n<li>Cybersecurity<\/li>\n<\/ul>\n<p>Aimed at start-ups and SMEs, the Move2Digital programme offers a structured framework to boost the competitiveness of businesses by providing them with the tools they need to make a success of their digital transition. This programme of general interest enables companies to benefit from services at reduced prices, made possible thanks to co-financing from Europe, the SUD region and the Aix-Marseille-Provence metropolitan area, particularly in the following industrial specialisations:<\/p>\n<ul>\n<li>Aerospace and Defence<\/li>\n<li>Agriculture and nature<\/li>\n<li>Energy<\/li>\n<li>Blue Economy<\/li>\n<li>Greentech<\/li>\n<li>Health<\/li>\n<\/ul>\n<p>[\/vc_column_text][\/vc_column][vc_column width=&#8221;1\/12&#8243;][\/vc_column][\/vc_row][vc_row][vc_column width=&#8221;1\/12&#8243;][\/vc_column][vc_column width=&#8221;10\/12&#8243;][vc_column_text css=&#8221;&#8221;]<\/p>\n<h3>THE MOVE2DIGITAL SERVICES<\/h3>\n<p>Move2Digital offers a range of services designed to help SMEs and start-ups in the SUD region make their digital transformation a success.<\/p>\n<ol>\n<li><strong>Digital maturity assessment<\/strong>: Move2Digital provides companies with a complete diagnosis of their digital maturity, enabling them to identify their strengths and areas for improvement. The technologies best suited to their needs can be highlighted with an in-depth analysis, along with a personalised action plan to guide the next stages of their digital transformation.<\/li>\n<li><strong>Test technologies before investing<\/strong>: Move2Digital offers companies the opportunity to validate their technology investments through in-depth diagnostics, testing and experimentation. This approach enables them to assess the impact of new technologies on their business before making a financial commitment. Tailored support is provided to minimise risk and optimise return on investment.<\/li>\n<li><strong>Help with financial support<\/strong>: Move2Digital helps companies to secure the funding they need for their digital transformation. This comprehensive support enables them to assess their needs, validate their projects and access the financial support available, while optimising their investment strategy to drive sustainable growth.<\/li>\n<li><strong>Training programmes<\/strong>: Companies can improve the digital skills of their teams through Move2Digital training programmes. These programmes also offer support in recruiting the specialised talent needed to accelerate their digital transformation, drawing on the expertise of training and human resources professionals.<\/li>\n<li><strong>Networking<\/strong>: Move2Digital offers companies the opportunity to join a network of innovative players. This scheme facilitates connections between SMEs, start-ups, regional ecosystems and European EDIHs, encouraging collaboration, exchange of best practice and the development of strategic partnerships.<\/li>\n<\/ol>\n<p>[\/vc_column_text][\/vc_column][vc_column width=&#8221;1\/12&#8243;][\/vc_column][\/vc_row][vc_row][vc_column][vc_row_inner equal_height=&#8221;yes&#8221; gap=&#8221;15&#8243; css=&#8221;.vc_custom_1518050141642{padding-top: 35px !important;padding-right: 35px !important;padding-bottom: 35px !important;padding-left: 35px !important;}&#8221;][vc_column_inner width=&#8221;1\/3&#8243; css=&#8221;.vc_custom_1731493167615{padding-top: 25px !important;padding-right: 25px !important;padding-bottom: 15px !important;padding-left: 25px !important;background-color: #F3F3F9 !important;}&#8221;][vc_column_text css=&#8221;.vc_custom_1737382617376{padding-top: 10px !important;padding-right: 10px !important;padding-bottom: 10px !important;padding-left: 10px !important;}&#8221;]<\/p>\n<h3>PROJECT DETAILS<\/h3>\n<ul>\n<li>Programme: Digital Europe<\/li>\n<li><span style=\"font-size: 1rem;\">Duration: 36 months, from 01\/06\/2023 to 31\/05\/2026<\/span><\/li>\n<li><span style=\"font-size: 1rem;\">Coordinator: In Extenso Innovation Croissance<\/span><\/li>\n<\/ul>\n<p>[\/vc_column_text][vc_column_text css=&#8221;&#8221;][\/vc_column_text][\/vc_column_inner][vc_column_inner width=&#8221;1\/3&#8243; css=&#8221;.vc_custom_1731493176378{padding-top: 25px !important;padding-right: 25px !important;padding-bottom: 15px !important;padding-left: 25px !important;background-color: #F3F3F9 !important;}&#8221;][vc_column_text css=&#8221;.vc_custom_1737369208561{padding-top: 10px !important;padding-right: 10px !important;padding-bottom: 10px !important;padding-left: 10px !important;}&#8221;]<\/p>\n<h3><strong>PARTNERSHIP<\/strong><\/h3>\n<ul>\n<li><a href=\"https:\/\/www.inextenso-innovation.fr\/\">In Extenso Innovation Croissance<\/a><\/li>\n<li><a href=\"https:\/\/www.aktantis.com\/\">AKTANTIS<\/a><\/li>\n<li><a href=\"https:\/\/univ-cotedazur.fr\/\">Universit\u00e9 C\u00f4te d\u2019Azur\u00a0<\/a><\/li>\n<li><a href=\"https:\/\/inria.fr\/\">INRIA\u00a0<\/a><\/li>\n<li><a href=\"https:\/\/www.univ-amu.fr\/\">Aix Marseille Universit\u00e9\u00a0<\/a><\/li>\n<li><a href=\"https:\/\/www.capenergies.fr\/\">Capenergies<\/a><\/li>\n<li><a href=\"https:\/\/www.ea-ecoentreprises.com\/\">Ea \u00e9co-entreprises<\/a><\/li>\n<li><a href=\"https:\/\/www.eurobiomed.org\/\">Eurobiomed\u00a0<\/a><\/li>\n<li><a href=\"https:\/\/polemermediterranee.com\/\">P\u00f4le Mer M\u00e9diterran\u00e9e<\/a><\/li>\n<li><a href=\"https:\/\/www.tvt.fr\/\">TVT Innovation<\/a><\/li>\n<li><a href=\"https:\/\/pole-innovalliance.com\/\">Innov\u2019Alliance\u00a0<\/a><\/li>\n<li><a href=\"https:\/\/www.safecluster.com\/\">SAFE Cluster<\/a><\/li>\n<li><a href=\"https:\/\/www.mines-stetienne.fr\/\">IMT Mine Saint-Etienne\u00a0<\/a><\/li>\n<\/ul>\n<p>[\/vc_column_text][\/vc_column_inner][vc_column_inner width=&#8221;1\/3&#8243; css=&#8221;.vc_custom_1731493184021{padding-top: 25px !important;padding-right: 25px !important;padding-bottom: 15px !important;padding-left: 25px !important;background-color: #F3F3F9 !important;}&#8221;][vc_column_text css=&#8221;.vc_custom_1737382631003{padding-top: 10px !important;padding-right: 10px !important;padding-bottom: 10px !important;padding-left: 10px !important;}&#8221;]<\/p>\n<h3>COMMUNICATION<\/h3>\n<ul>\n<li><a href=\"https:\/\/move2digital.eu\/\"><span data-contrast=\"none\">Website<\/span><\/a><\/li>\n<li><a href=\"https:\/\/www.linkedin.com\/company\/move-2-digital\"><span data-contrast=\"none\">LinkedIn<\/span><\/a><\/li>\n<\/ul>\n<p>[\/vc_column_text][\/vc_column_inner][\/vc_row_inner][\/vc_column][\/vc_row][vc_row][vc_column][vc_column_text css=&#8221;&#8221;]<img loading=\"lazy\" decoding=\"async\" class=\"wp-image-91176217 size-full aligncenter\" src=\"https:\/\/www.aktantis.com\/wp-content\/uploads\/2025\/01\/move2digital-financeurs.png\" alt=\"\" width=\"793\" height=\"122\" srcset=\"https:\/\/www.aktantis.com\/wp-content\/uploads\/2025\/01\/move2digital-financeurs.png 793w, https:\/\/www.aktantis.com\/wp-content\/uploads\/2025\/01\/move2digital-financeurs-300x46.png 300w, https:\/\/www.aktantis.com\/wp-content\/uploads\/2025\/01\/move2digital-financeurs-768x118.png 768w, https:\/\/www.aktantis.com\/wp-content\/uploads\/2025\/01\/move2digital-financeurs-160x25.png 160w, https:\/\/www.aktantis.com\/wp-content\/uploads\/2025\/01\/move2digital-financeurs-579x89.png 579w\" sizes=\"auto, (max-width: 706px) 89vw, (max-width: 767px) 82vw, 740px\" \/>[\/vc_column_text][\/vc_column][\/vc_row][vc_row][vc_column][vc_column_text css=&#8221;.vc_custom_1520287429985{margin-bottom: 70px !important;}&#8221;]<\/p>\n<p style=\"text-align: left;\"><a class=\"btn-return\" href=\"https:\/\/www.aktantis.com\/en\/innovation\/europe\/\">&lt; Back<\/a><\/p>\n<p>[\/vc_column_text][\/vc_column][\/vc_row][vc_row full_width=&#8221;stretch_row&#8221; equal_height=&#8221;yes&#8221; css=&#8221;.vc_custom_1733216921921{margin-top: 0px !important;margin-right: 0px !important;margin-bottom: 0px !important;margin-left: 0px !important;border-right-width: 0px !important;border-left-width: 0px !important;padding-right: 0px !important;padding-left: 0px !important;background-color: #F3F3F9 !important;}&#8221;][vc_column width=&#8221;1\/2&#8243; css=&#8221;.vc_custom_1733216927827{margin-left: 0px !important;border-left-width: 0px !important;padding-top: 0px !important;padding-right: 0px !important;padding-bottom: 0px !important;padding-left: 0px !important;}&#8221; offset=&#8221;vc_hidden-xs&#8221;][vc_column_text css=&#8221;.vc_custom_1737383200359{margin-top: 35px !important;margin-bottom: 35px !important;padding-top: 50px !important;padding-right: 10% !important;padding-bottom: 50px !important;}&#8221;]<\/p>\n<p style=\"text-align: right;\"><a class=\"shrtd-contact-icon\" href=\"https:\/\/www.aktantis.com\/en\/\/contact\/\" ><i class=\"icomoon icon-bubbles6\"><\/i><\/a><\/p>\n<h4 style=\"text-align: right; max-width: 400px; float: right;\">For more information, contact us!<\/h4>\n<p>[\/vc_column_text][\/vc_column][vc_column width=&#8221;1\/2&#8243; css=&#8221;.vc_custom_1733216845148{margin-right: 0px !important;border-right-width: 0px !important;padding-top: 0px !important;padding-right: 0px !important;padding-bottom: 0px !important;padding-left: 0px !important;}&#8221;][vc_column_text css=&#8221;.vc_custom_1737383036472{margin-top: 70px !important;margin-right: 0px !important;margin-bottom: 70px !important;border-right-width: 0px !important;border-bottom-width: 0px !important;border-left-width: 1px !important;padding-top: 0px !important;padding-right: 0px !important;padding-left: 10% !important;border-left-style: solid !important;border-right-style: solid !important;border-bottom-style: solid !important;border-color: rgba(0,133,166,0.49) !important;}&#8221;]<\/p>\n<h2 style=\"text-align: left;\">YOUR CONTACT<strong><br \/>\n<\/strong><\/h2>\n<div class=\"portrait-contact shortcode clearfix\">\r\n                <img loading=\"lazy\" decoding=\"async\" width=\"165\" height=\"165\" src=\"https:\/\/www.aktantis.com\/wp-content\/uploads\/2024\/11\/Patrice-1-165x165.jpg\" class=\"attachment-scs_equipe_portrait size-scs_equipe_portrait wp-post-image\" alt=\"\" srcset=\"https:\/\/www.aktantis.com\/wp-content\/uploads\/2024\/11\/Patrice-1-165x165.jpg 165w, https:\/\/www.aktantis.com\/wp-content\/uploads\/2024\/11\/Patrice-1-300x300.jpg 300w, https:\/\/www.aktantis.com\/wp-content\/uploads\/2024\/11\/Patrice-1-150x150.jpg 150w, https:\/\/www.aktantis.com\/wp-content\/uploads\/2024\/11\/Patrice-1-160x160.jpg 160w, https:\/\/www.aktantis.com\/wp-content\/uploads\/2024\/11\/Patrice-1-89x89.jpg 89w, https:\/\/www.aktantis.com\/wp-content\/uploads\/2024\/11\/Patrice-1-238x238.jpg 238w, https:\/\/www.aktantis.com\/wp-content\/uploads\/2024\/11\/Patrice-1-100x100.jpg 100w, https:\/\/www.aktantis.com\/wp-content\/uploads\/2024\/11\/Patrice-1.jpg 750w\" sizes=\"auto, 100vw\" \/>                <div class=\"infos\">\r\n                    <h4>Patrice BENDAHAN<\/h4>                    <p>Innovation Europe Move2Digital<\/p>\r\n                    <p class=\"contact\">\r\n                                                <i class=\"icon-mobile2\"><\/i><a href=\"tel:06 19 80 27 50\">06 19 80 27 50<\/a>                        <br\/>                        <i class=\"icon-envelop\"><\/i><a href=\"mailto:patrice.bendahan@aktantis.com\">patrice.bendahan@aktantis.com<\/a>                                            <\/p>\r\n                <\/div>\r\n            <\/div>\r\n        [\/vc_column_text][\/vc_column][\/vc_row]<\/p>\n<\/div>","protected":false},"excerpt":{"rendered":"","protected":false},"author":1287,"featured_media":0,"parent":91148705,"menu_order":0,"comment_status":"closed","ping_status":"closed","template":"","meta":{"footnotes":""},"class_list":["post-91176284","page","type-page","status-publish","hentry"],"yoast_head":"<!-- This site is optimized with the Yoast SEO plugin v25.8 - https:\/\/yoast.com\/wordpress\/plugins\/seo\/ -->\n<title>MOVE2DIGITAL<\/title>\n<meta name=\"description\" content=\"AKTANTIS est partenaire du projet europ\u00e9en et r\u00e9gional Move2Digital, European Digital Innovation Hub en r\u00e9gion Provence-Alpes-C\u00f4te d\u2019Azur.\" \/>\n<meta name=\"robots\" content=\"index, follow, max-snippet:-1, max-image-preview:large, max-video-preview:-1\" \/>\n<link rel=\"canonical\" href=\"https:\/\/www.aktantis.com\/en\/innovation\/europe\/move2digital\/\" \/>\n<meta property=\"og:locale\" content=\"en_US\" \/>\n<meta property=\"og:type\" content=\"article\" \/>\n<meta property=\"og:title\" content=\"MOVE2DIGITAL\" \/>\n<meta property=\"og:description\" content=\"AKTANTIS est partenaire du projet europ\u00e9en et r\u00e9gional Move2Digital, European Digital Innovation Hub en r\u00e9gion Provence-Alpes-C\u00f4te d\u2019Azur.\" \/>\n<meta property=\"og:url\" content=\"https:\/\/www.aktantis.com\/en\/innovation\/europe\/move2digital\/\" \/>\n<meta property=\"og:site_name\" content=\"AKTANTIS\" \/>\n<meta property=\"article:publisher\" content=\"https:\/\/www.facebook.com\/PoleSCS\/\" \/>\n<meta property=\"article:modified_time\" content=\"2025-01-20T14:26:40+00:00\" \/>\n<meta property=\"og:image\" content=\"https:\/\/www.aktantis.com\/wp-content\/uploads\/2025\/01\/move2digital-financeurs.png\" \/>\n<meta name=\"twitter:card\" content=\"summary_large_image\" \/>\n<meta name=\"twitter:site\" content=\"@Pole_SCS\" \/>\n<script type=\"application\/ld+json\" class=\"yoast-schema-graph\">{\"@context\":\"https:\/\/schema.org\",\"@graph\":[{\"@type\":\"WebPage\",\"@id\":\"https:\/\/www.aktantis.com\/en\/innovation\/europe\/move2digital\/\",\"url\":\"https:\/\/www.aktantis.com\/en\/innovation\/europe\/move2digital\/\",\"name\":\"MOVE2DIGITAL\",\"isPartOf\":{\"@id\":\"https:\/\/www.aktantis.com\/#website\"},\"primaryImageOfPage\":{\"@id\":\"https:\/\/www.aktantis.com\/en\/innovation\/europe\/move2digital\/#primaryimage\"},\"image\":{\"@id\":\"https:\/\/www.aktantis.com\/en\/innovation\/europe\/move2digital\/#primaryimage\"},\"thumbnailUrl\":\"https:\/\/www.aktantis.com\/wp-content\/uploads\/2025\/01\/move2digital-financeurs.png\",\"datePublished\":\"2025-01-18T21:16:12+00:00\",\"dateModified\":\"2025-01-20T14:26:40+00:00\",\"description\":\"AKTANTIS est partenaire du projet europ\u00e9en et r\u00e9gional Move2Digital, European Digital Innovation Hub en r\u00e9gion Provence-Alpes-C\u00f4te d\u2019Azur.\",\"breadcrumb\":{\"@id\":\"https:\/\/www.aktantis.com\/en\/innovation\/europe\/move2digital\/#breadcrumb\"},\"inLanguage\":\"en-US\",\"potentialAction\":[{\"@type\":\"ReadAction\",\"target\":[\"https:\/\/www.aktantis.com\/en\/innovation\/europe\/move2digital\/\"]}]},{\"@type\":\"ImageObject\",\"inLanguage\":\"en-US\",\"@id\":\"https:\/\/www.aktantis.com\/en\/innovation\/europe\/move2digital\/#primaryimage\",\"url\":\"https:\/\/www.aktantis.com\/wp-content\/uploads\/2025\/01\/move2digital-financeurs.png\",\"contentUrl\":\"https:\/\/www.aktantis.com\/wp-content\/uploads\/2025\/01\/move2digital-financeurs.png\"},{\"@type\":\"BreadcrumbList\",\"@id\":\"https:\/\/www.aktantis.com\/en\/innovation\/europe\/move2digital\/#breadcrumb\",\"itemListElement\":[{\"@type\":\"ListItem\",\"position\":1,\"name\":\"Accueil\",\"item\":\"https:\/\/www.aktantis.com\/en\/\"},{\"@type\":\"ListItem\",\"position\":2,\"name\":\"Innovation\",\"item\":\"https:\/\/www.aktantis.com\/innovation\/\"},{\"@type\":\"ListItem\",\"position\":3,\"name\":\"Europe\",\"item\":\"https:\/\/www.aktantis.com\/en\/innovation\/europe\/\"},{\"@type\":\"ListItem\",\"position\":4,\"name\":\"MOVE2DIGITAL\"}]},{\"@type\":\"WebSite\",\"@id\":\"https:\/\/www.aktantis.com\/#website\",\"url\":\"https:\/\/www.aktantis.com\/\",\"name\":\"AKTANTIS\",\"description\":\"1er \u00e9cosyst\u00e8me europ\u00e9en\",\"publisher\":{\"@id\":\"https:\/\/www.aktantis.com\/#organization\"},\"potentialAction\":[{\"@type\":\"SearchAction\",\"target\":{\"@type\":\"EntryPoint\",\"urlTemplate\":\"https:\/\/www.aktantis.com\/?s={search_term_string}\"},\"query-input\":{\"@type\":\"PropertyValueSpecification\",\"valueRequired\":true,\"valueName\":\"search_term_string\"}}],\"inLanguage\":\"en-US\"},{\"@type\":\"Organization\",\"@id\":\"https:\/\/www.aktantis.com\/#organization\",\"name\":\"Aktantis\",\"url\":\"https:\/\/www.aktantis.com\/\",\"logo\":{\"@type\":\"ImageObject\",\"inLanguage\":\"en-US\",\"@id\":\"https:\/\/www.aktantis.com\/#\/schema\/logo\/image\/\",\"url\":\"https:\/\/www.aktantis.com\/wp-content\/uploads\/2018\/03\/cropped-logo_scs.png\",\"contentUrl\":\"https:\/\/www.aktantis.com\/wp-content\/uploads\/2018\/03\/cropped-logo_scs.png\",\"width\":720,\"height\":250,\"caption\":\"Aktantis\"},\"image\":{\"@id\":\"https:\/\/www.aktantis.com\/#\/schema\/logo\/image\/\"},\"sameAs\":[\"https:\/\/www.facebook.com\/PoleSCS\/\",\"https:\/\/x.com\/Pole_SCS\",\"https:\/\/www.linkedin.com\/company\/pole-scs\/\"]}]}<\/script>\n<!-- \/ Yoast SEO plugin. -->","yoast_head_json":{"title":"MOVE2DIGITAL","description":"AKTANTIS est partenaire du projet europ\u00e9en et r\u00e9gional Move2Digital, European Digital Innovation Hub en r\u00e9gion Provence-Alpes-C\u00f4te d\u2019Azur.","robots":{"index":"index","follow":"follow","max-snippet":"max-snippet:-1","max-image-preview":"max-image-preview:large","max-video-preview":"max-video-preview:-1"},"canonical":"https:\/\/www.aktantis.com\/en\/innovation\/europe\/move2digital\/","og_locale":"en_US","og_type":"article","og_title":"MOVE2DIGITAL","og_description":"AKTANTIS est partenaire du projet europ\u00e9en et r\u00e9gional Move2Digital, European Digital Innovation Hub en r\u00e9gion Provence-Alpes-C\u00f4te d\u2019Azur.","og_url":"https:\/\/www.aktantis.com\/en\/innovation\/europe\/move2digital\/","og_site_name":"AKTANTIS","article_publisher":"https:\/\/www.facebook.com\/PoleSCS\/","article_modified_time":"2025-01-20T14:26:40+00:00","og_image":[{"url":"https:\/\/www.aktantis.com\/wp-content\/uploads\/2025\/01\/move2digital-financeurs.png","type":"","width":"","height":""}],"twitter_card":"summary_large_image","twitter_site":"@Pole_SCS","schema":{"@context":"https:\/\/schema.org","@graph":[{"@type":"WebPage","@id":"https:\/\/www.aktantis.com\/en\/innovation\/europe\/move2digital\/","url":"https:\/\/www.aktantis.com\/en\/innovation\/europe\/move2digital\/","name":"MOVE2DIGITAL","isPartOf":{"@id":"https:\/\/www.aktantis.com\/#website"},"primaryImageOfPage":{"@id":"https:\/\/www.aktantis.com\/en\/innovation\/europe\/move2digital\/#primaryimage"},"image":{"@id":"https:\/\/www.aktantis.com\/en\/innovation\/europe\/move2digital\/#primaryimage"},"thumbnailUrl":"https:\/\/www.aktantis.com\/wp-content\/uploads\/2025\/01\/move2digital-financeurs.png","datePublished":"2025-01-18T21:16:12+00:00","dateModified":"2025-01-20T14:26:40+00:00","description":"AKTANTIS est partenaire du projet europ\u00e9en et r\u00e9gional Move2Digital, European Digital Innovation Hub en r\u00e9gion Provence-Alpes-C\u00f4te d\u2019Azur.","breadcrumb":{"@id":"https:\/\/www.aktantis.com\/en\/innovation\/europe\/move2digital\/#breadcrumb"},"inLanguage":"en-US","potentialAction":[{"@type":"ReadAction","target":["https:\/\/www.aktantis.com\/en\/innovation\/europe\/move2digital\/"]}]},{"@type":"ImageObject","inLanguage":"en-US","@id":"https:\/\/www.aktantis.com\/en\/innovation\/europe\/move2digital\/#primaryimage","url":"https:\/\/www.aktantis.com\/wp-content\/uploads\/2025\/01\/move2digital-financeurs.png","contentUrl":"https:\/\/www.aktantis.com\/wp-content\/uploads\/2025\/01\/move2digital-financeurs.png"},{"@type":"BreadcrumbList","@id":"https:\/\/www.aktantis.com\/en\/innovation\/europe\/move2digital\/#breadcrumb","itemListElement":[{"@type":"ListItem","position":1,"name":"Accueil","item":"https:\/\/www.aktantis.com\/en\/"},{"@type":"ListItem","position":2,"name":"Innovation","item":"https:\/\/www.aktantis.com\/innovation\/"},{"@type":"ListItem","position":3,"name":"Europe","item":"https:\/\/www.aktantis.com\/en\/innovation\/europe\/"},{"@type":"ListItem","position":4,"name":"MOVE2DIGITAL"}]},{"@type":"WebSite","@id":"https:\/\/www.aktantis.com\/#website","url":"https:\/\/www.aktantis.com\/","name":"AKTANTIS","description":"1er \u00e9cosyst\u00e8me europ\u00e9en","publisher":{"@id":"https:\/\/www.aktantis.com\/#organization"},"potentialAction":[{"@type":"SearchAction","target":{"@type":"EntryPoint","urlTemplate":"https:\/\/www.aktantis.com\/?s={search_term_string}"},"query-input":{"@type":"PropertyValueSpecification","valueRequired":true,"valueName":"search_term_string"}}],"inLanguage":"en-US"},{"@type":"Organization","@id":"https:\/\/www.aktantis.com\/#organization","name":"Aktantis","url":"https:\/\/www.aktantis.com\/","logo":{"@type":"ImageObject","inLanguage":"en-US","@id":"https:\/\/www.aktantis.com\/#\/schema\/logo\/image\/","url":"https:\/\/www.aktantis.com\/wp-content\/uploads\/2018\/03\/cropped-logo_scs.png","contentUrl":"https:\/\/www.aktantis.com\/wp-content\/uploads\/2018\/03\/cropped-logo_scs.png","width":720,"height":250,"caption":"Aktantis"},"image":{"@id":"https:\/\/www.aktantis.com\/#\/schema\/logo\/image\/"},"sameAs":["https:\/\/www.facebook.com\/PoleSCS\/","https:\/\/x.com\/Pole_SCS","https:\/\/www.linkedin.com\/company\/pole-scs\/"]}]}},"_links":{"self":[{"href":"https:\/\/www.aktantis.com\/en\/wp-json\/wp\/v2\/pages\/91176284","targetHints":{"allow":["GET"]}}],"collection":[{"href":"https:\/\/www.aktantis.com\/en\/wp-json\/wp\/v2\/pages"}],"about":[{"href":"https:\/\/www.aktantis.com\/en\/wp-json\/wp\/v2\/types\/page"}],"author":[{"embeddable":true,"href":"https:\/\/www.aktantis.com\/en\/wp-json\/wp\/v2\/users\/1287"}],"replies":[{"embeddable":true,"href":"https:\/\/www.aktantis.com\/en\/wp-json\/wp\/v2\/comments?post=91176284"}],"version-history":[{"count":13,"href":"https:\/\/www.aktantis.com\/en\/wp-json\/wp\/v2\/pages\/91176284\/revisions"}],"predecessor-version":[{"id":91176322,"href":"https:\/\/www.aktantis.com\/en\/wp-json\/wp\/v2\/pages\/91176284\/revisions\/91176322"}],"up":[{"embeddable":true,"href":"https:\/\/www.aktantis.com\/en\/wp-json\/wp\/v2\/pages\/91148705"}],"wp:attachment":[{"href":"https:\/\/www.aktantis.com\/en\/wp-json\/wp\/v2\/media?parent=91176284"}],"curies":[{"name":"wp","href":"https:\/\/api.w.org\/{rel}","templated":true}]}}