{"id":91175574,"date":"2020-04-08T10:45:46","date_gmt":"2020-04-08T08:45:46","guid":{"rendered":"https:\/\/www.aktantis.com\/innovation\/european-projects-support\/dia\/"},"modified":"2024-12-13T12:10:42","modified_gmt":"2024-12-13T11:10:42","slug":"dia","status":"publish","type":"page","link":"https:\/\/www.aktantis.com\/en\/innovation\/europe\/dia\/","title":{"rendered":"DIA"},"content":{"rendered":"<div class=\"wpb-content-wrapper\"><p>[vc_row][vc_column width=&#8221;1\/6&#8243;][\/vc_column][vc_column width=&#8221;4\/6&#8243;][vc_column_text css=&#8221;&#8221;]<\/p>\n<h2 style=\"text-align: center;\">European Digital Industry Alliance (DIA)<\/h2>\n<p>[\/vc_column_text][vc_single_image image=&#8221;91158281&#8243; img_size=&#8221;medium&#8221; alignment=&#8221;center&#8221; css=&#8221;&#8221;][vc_column_text css=&#8221;&#8221;]<\/p>\n<p style=\"text-align: center;\">AKTANTIS is coordinator of the DIA project &#8211; European Digital Industry Alliance.<\/p>\n<p>[\/vc_column_text][\/vc_column][vc_column width=&#8221;1\/6&#8243;][\/vc_column][\/vc_row][vc_row][vc_column][vc_column_text css=&#8221;&#8221;]<\/p>\n<h3>DIA PROJECT :<\/h3>\n<p>The main objective of the project is to build-up a partnership of world leading clusters to\u00a0<strong>configure a \u201cEuropean Strategic Cluster Partnership \u2013 Going International\u201d focused on internationalization of digital technologies applied to manufacturing and industry (also called \u201cIndustry 4.0\u201d)<\/strong>. This European Strategic Cluster Partnership (ESCP-4i) will lead clusters to increase their competitiveness and innovation potential for internationalization with a European coherence, fostering international cooperation among SMEs, and enhance innovation. The global value chain will be structured around an\u00a0<strong>innovative transnational collaborative approach focused on cross-sectoral collaboration to commercialize the different technologies, product and services jointly\u00a0<\/strong>in the field of digital technologies applied to manufacturing and industry developed by the clusters (and their SMEs) in international markets that will be identified in the project.<\/p>\n<p>The project will provide a better understanding of the most effective ways to improvecross-sectoral collaboration between clusters at a European interregional level in order todevelop and commercialize frontline innovations internationally. Besides, although focused on digital technology in the manufacturing field, the universality of the method will allow developing other global value chain with other regions and in other technology domains, a very useful approach to build-up regional smart specialization strategies.<\/p>\n<p>&nbsp;<\/p>\n<h4><strong>Ev\u00e8nements\u00a0 :<\/strong><\/h4>\n<p>&nbsp;<\/p>\n<ul>\n<li>13 Septembre 2018, Turin &#8211; MESAP Study Visit &#8211; En savoir plus <a href=\"https:\/\/www.aktantis.com\/wp-content\/uploads\/2018\/07\/DIA-internal-meeting_13-09-2018.pdf\" target=\"_blank\" rel=\"noopener noreferrer\">ICI<\/a><\/li>\n<li>14 Septembre 2018, Turin &#8211; Opportunit\u00e9s RDV Business &#8220;Industrie du Futur&#8221; avec des industriels italiens<span style=\"font-size: 1rem;\"> &#8211; En savoir plus <a href=\"https:\/\/www.mesap.it\/wp-content\/uploads\/DwnVer-4-1.pdf\" target=\"_blank\" rel=\"noopener noreferrer\">ICI<\/a><\/span><\/li>\n<li>14 Mai 2019 &#8211; Workshop durant pl\u00e9ni\u00e8re IoT &#8211; En savoir plus <a href=\"https:\/\/www.aktantis.com\/2019\/02\/25\/pleniere-iot-scs-feuille-de-route-4-0\/\" target=\"_blank\" rel=\"noopener noreferrer\">ICI<\/a><\/li>\n<li>3 et 4 Septembre 2019, Allemagne &#8211; Pr\u00e9sentation des partenaires du projet (BNPT, MESAP, Pole SCS, TICE.PT and MITC)<\/li>\n<li>25-27 Septembre 2019, Eskilstuna, Su\u00e8de \u2013 MITC Study Visit<\/li>\n<li>29 Octobre 2019 &#8211; Conf\u00e9rence &#8220;Digital Industry: disruptive solutions to shape the future of SMEs&#8221; durant IoTSWC 2019 &#8211; Plus d&#8217;informations <a href=\"https:\/\/www.aktantis.com\/en\/2019\/09\/17\/digital-industry-disruptive-solutions-to-shape-the-future-of-smes\/\" target=\"_blank\" rel=\"noopener noreferrer\">ICI<\/a><\/li>\n<\/ul>\n<p>&nbsp;<\/p>\n<h4><strong>D\u00e9tails du projet\u00a0:<\/strong><\/h4>\n<p>&nbsp;<\/p>\n<ul>\n<li>Programme : COSME<\/li>\n<li>Dur\u00e9e : 1\/12\/2017 &#8211; 1\/12\/2019<\/li>\n<li>Coordinateur : Aktantis<\/li>\n<\/ul>\n<p>&nbsp;<\/p>\n<h4><strong>Partenariat\u00a0:<\/strong><\/h4>\n<p>&nbsp;<\/p>\n<ul>\n<li><a href=\"http:\/\/mitc.nu\/\" target=\"_blank\" rel=\"noopener noreferrer\">MITC<\/a>\u00a0(Su\u00e8de)<\/li>\n<li><a href=\"http:\/\/www.gaia.es\" target=\"_blank\" rel=\"noopener noreferrer\">GAIA<\/a>\u00a0(Espagne)<\/li>\n<li><a href=\"https:\/\/www.mesap.it\" target=\"_blank\" rel=\"noopener noreferrer\">MESAP Innovation Cluster<\/a>\u00a0(Italie)<\/li>\n<li><a href=\"https:\/\/www.tice.pt\/\" target=\"_blank\" rel=\"noopener noreferrer\">TICE.PT<\/a>\u00a0 (Portugal)<\/li>\n<li><a href=\"http:\/\/www.balticnet-plasmatec.org\/\" target=\"_blank\" rel=\"noopener noreferrer\">BalticNet-PlasmaTec e.V.<\/a>\u00a0(Allemagne)<\/li>\n<\/ul>\n<p>&nbsp;<\/p>\n<h4><strong>Communication :<\/strong><\/h4>\n<p>&nbsp;<\/p>\n<ol>\n<li>Site Web <a href=\"https:\/\/digitalindustryalliance.eu\" target=\"_blank\" rel=\"noopener noreferrer\">ICI<\/a><\/li>\n<li>Digital Industry Alliance (DIA) Newsletter July 2018 &#8211; A consulter <a href=\"https:\/\/www.aktantis.com\/wp-content\/uploads\/2018\/07\/DIA-newsletter-July-2018.pdf\" target=\"_blank\" rel=\"noopener noreferrer\">ICI<\/a><\/li>\n<li>Digital Industry Alliance (DIA) Newsletter July 2018 &#8211; A consulter <a href=\"https:\/\/www.aktantis.com\/wp-content\/uploads\/2019\/07\/DIA-news-letter-3-Summer-2019.pdf\" target=\"_blank\" rel=\"noopener noreferrer\">ICI<\/a><\/li>\n<\/ol>\n<p>&nbsp;<\/p>\n<p style=\"text-align: center;\"><em>The DIA project has received funding from the European Union\u2019s Cosme\u00a0 programme under grant agreement n\u00b0 783390<\/em><\/p>\n<p style=\"text-align: center;\">\u00a0 \u00a0\u00a0 \u00a0 \u00a0 \u00a0\u00a0 <img loading=\"lazy\" decoding=\"async\" class=\"alignnone size-full wp-image-91149230\" src=\"https:\/\/www.aktantis.com\/wp-content\/uploads\/2021\/03\/eu-flag-82x55-1.png\" alt=\"\" width=\"82\" height=\"55\" \/><\/p>\n<p>[\/vc_column_text][\/vc_column][\/vc_row][vc_row][vc_column][vc_column_text]<\/p>\n<p>[\/vc_column_text][\/vc_column][\/vc_row][vc_row][vc_column][vc_column_text css=&#8221;&#8221;]<\/p>\n<h3>News:<\/h3>\n<p>[\/vc_column_text][vc_row_inner][vc_column_inner width=&#8221;1\/2&#8243;][vc_column_text css=&#8221;&#8221;]Les 12 et 13 septembre 2022, Aktantis a accueilli le consortium DREAM pour la r\u00e9union de lancement du projet, afin de coordonner les actions du projet, le r\u00f4le de chaque partenaire et la mise en place des activit\u00e9s et des \u00e9tapes de la premi\u00e8re p\u00e9riode du projet.[\/vc_column_text][\/vc_column_inner][vc_column_inner width=&#8221;1\/2&#8243;][vc_single_image image=&#8221;91161583&#8243; img_size=&#8221;large&#8221; css=&#8221;&#8221;][\/vc_column_inner][\/vc_row_inner][\/vc_column][\/vc_row][vc_row][vc_column][vc_column_text css=&#8221;&#8221;]<\/p>\n<p style=\"text-align: center;\"><em>This project has received funding from the Erasmus+ Programme of the European Union under Agreement\u00a0 number &#8211; 620101-EPP-1-2020-1-BG-EPPKA3-VET-COVE<\/em><\/p>\n<p style=\"text-align: center;\"><img loading=\"lazy\" decoding=\"async\" class=\"alignnone size-full wp-image-91149530\" src=\"https:\/\/www.aktantis.com\/wp-content\/uploads\/2021\/03\/Erasmus.png\" alt=\"\" width=\"321\" height=\"106\" srcset=\"https:\/\/www.aktantis.com\/wp-content\/uploads\/2021\/03\/Erasmus.png 321w, https:\/\/www.aktantis.com\/wp-content\/uploads\/2021\/03\/Erasmus-300x99.png 300w, https:\/\/www.aktantis.com\/wp-content\/uploads\/2021\/03\/Erasmus-160x53.png 160w, https:\/\/www.aktantis.com\/wp-content\/uploads\/2021\/03\/Erasmus-270x89.png 270w\" sizes=\"auto, (max-width: 321px) 100vw, 321px\" \/><\/p>\n<p>[\/vc_column_text][\/vc_column][\/vc_row][vc_row][vc_column][vc_column_text css=&#8221;.vc_custom_1520287429985{margin-bottom: 70px !important;}&#8221;]<\/p>\n<p style=\"text-align: left;\"><a class=\"btn-return\" href=\"https:\/\/www.aktantis.com\/en\/innovation\/europe\/\">&lt; Back<\/a><\/p>\n<p>[\/vc_column_text][\/vc_column][\/vc_row][vc_row full_width=&#8221;stretch_row_content_no_spaces&#8221; equal_height=&#8221;yes&#8221; css=&#8221;.vc_custom_1731493266001{margin-top: 0px !important;margin-bottom: 0px !important;background-color: #F3F3F9 !important;}&#8221;][vc_column width=&#8221;1\/2&#8243; css=&#8221;.vc_custom_1519589418622{padding-top: 0px !important;padding-right: 0px !important;padding-bottom: 0px !important;padding-left: 0px !important;}&#8221; offset=&#8221;vc_hidden-xs&#8221;][vc_column_text css=&#8221;.vc_custom_1731600552103{margin-top: 35px !important;margin-bottom: 35px !important;padding-top: 50px !important;padding-right: 10% !important;padding-bottom: 50px !important;}&#8221;]<\/p>\n<p style=\"text-align: right;\"><a class=\"shrtd-contact-icon\" href=\"https:\/\/www.aktantis.com\/en\/\/contact\/\" ><i class=\"icomoon icon-bubbles6\"><\/i><\/a><\/p>\n<h4 style=\"text-align: right; max-width: 400px; float: right;\">For more info about this European project, contact us<\/h4>\n<p>[\/vc_column_text][\/vc_column][vc_column width=&#8221;1\/2&#8243; css=&#8221;.vc_custom_1517819586146{padding-top: 0px !important;padding-right: 0px !important;padding-bottom: 0px !important;padding-left: 0px !important;}&#8221;][vc_column_text css=&#8221;.vc_custom_1731600540535{margin-top: 70px !important;margin-bottom: 70px !important;border-bottom-width: 0px !important;border-left-width: 1px !important;padding-top: 0px !important;padding-right: 0px !important;padding-left: 10% !important;border-left-style: solid !important;border-bottom-style: solid !important;border-color: rgba(0,133,166,0.49) !important;}&#8221;]<\/p>\n<h2 style=\"text-align: left;\">YOUR CONTACT<strong><br \/>\n<\/strong><\/h2>\n<div class=\"portrait-contact shortcode clearfix\">\r\n                <img loading=\"lazy\" decoding=\"async\" width=\"165\" height=\"165\" src=\"https:\/\/www.aktantis.com\/wp-content\/uploads\/2017\/03\/Marielle-165x165.jpg\" class=\"attachment-scs_equipe_portrait size-scs_equipe_portrait wp-post-image\" alt=\"\" srcset=\"https:\/\/www.aktantis.com\/wp-content\/uploads\/2017\/03\/Marielle-165x165.jpg 165w, https:\/\/www.aktantis.com\/wp-content\/uploads\/2017\/03\/Marielle-300x300.jpg 300w, https:\/\/www.aktantis.com\/wp-content\/uploads\/2017\/03\/Marielle-150x150.jpg 150w, https:\/\/www.aktantis.com\/wp-content\/uploads\/2017\/03\/Marielle-160x160.jpg 160w, https:\/\/www.aktantis.com\/wp-content\/uploads\/2017\/03\/Marielle-89x89.jpg 89w, https:\/\/www.aktantis.com\/wp-content\/uploads\/2017\/03\/Marielle-238x238.jpg 238w, https:\/\/www.aktantis.com\/wp-content\/uploads\/2017\/03\/Marielle-100x100.jpg 100w, https:\/\/www.aktantis.com\/wp-content\/uploads\/2017\/03\/Marielle.jpg 750w\" sizes=\"auto, 100vw\" \/>                <div class=\"infos\">\r\n                    <h4>Marielle CAMPANELLA<\/h4>                    <p>Innovation - European R&D projects<\/p>\r\n                    <p class=\"contact\">\r\n                                                <i class=\"icon-mobile2\"><\/i><a href=\"tel:+33 6 47 49 85 37\">+33 6 47 49 85 37<\/a>                        <br\/>                        <i class=\"icon-envelop\"><\/i><a href=\"mailto:marielle.campanella@aktantis.com\">marielle.campanella@aktantis.com<\/a>                                            <\/p>\r\n                <\/div>\r\n            <\/div>\r\n        [\/vc_column_text][\/vc_column][\/vc_row]<\/p>\n<\/div>","protected":false},"excerpt":{"rendered":"","protected":false},"author":1287,"featured_media":0,"parent":91148705,"menu_order":0,"comment_status":"closed","ping_status":"closed","template":"","meta":{"footnotes":""},"class_list":["post-91175574","page","type-page","status-publish","hentry"],"yoast_head":"<!-- This site is optimized with the Yoast SEO plugin v25.8 - https:\/\/yoast.com\/wordpress\/plugins\/seo\/ -->\n<title>DIA<\/title>\n<meta name=\"description\" content=\"The main objective of the project is to build-up a partnership of world leading clusters to configure a \u201cEuropean Strategic Cluster Partnership \u2013 Going International\u201d focused on internationalization of digital technologies applied to manufacturing and industry (also called \u201cIndustry 4.0\u201d).\" \/>\n<meta name=\"robots\" content=\"index, follow, max-snippet:-1, max-image-preview:large, max-video-preview:-1\" \/>\n<link rel=\"canonical\" href=\"https:\/\/www.aktantis.com\/en\/innovation\/europe\/dia\/\" \/>\n<meta property=\"og:locale\" content=\"en_US\" \/>\n<meta property=\"og:type\" content=\"article\" \/>\n<meta property=\"og:title\" content=\"DIA\" \/>\n<meta property=\"og:description\" content=\"The main objective of the project is to build-up a partnership of world leading clusters to configure a \u201cEuropean Strategic Cluster Partnership \u2013 Going International\u201d focused on internationalization of digital technologies applied to manufacturing and industry (also called \u201cIndustry 4.0\u201d).\" \/>\n<meta property=\"og:url\" content=\"https:\/\/www.aktantis.com\/en\/innovation\/europe\/dia\/\" \/>\n<meta property=\"og:site_name\" content=\"AKTANTIS\" \/>\n<meta property=\"article:publisher\" content=\"https:\/\/www.facebook.com\/PoleSCS\/\" \/>\n<meta property=\"article:modified_time\" content=\"2024-12-13T11:10:42+00:00\" \/>\n<meta property=\"og:image\" content=\"https:\/\/www.aktantis.com\/wp-content\/uploads\/2021\/03\/eu-flag-82x55-1.png\" \/>\n<meta name=\"twitter:card\" content=\"summary_large_image\" \/>\n<meta name=\"twitter:site\" content=\"@Pole_SCS\" \/>\n<script type=\"application\/ld+json\" class=\"yoast-schema-graph\">{\"@context\":\"https:\/\/schema.org\",\"@graph\":[{\"@type\":\"WebPage\",\"@id\":\"https:\/\/www.aktantis.com\/en\/innovation\/europe\/dia\/\",\"url\":\"https:\/\/www.aktantis.com\/en\/innovation\/europe\/dia\/\",\"name\":\"DIA\",\"isPartOf\":{\"@id\":\"https:\/\/www.aktantis.com\/#website\"},\"primaryImageOfPage\":{\"@id\":\"https:\/\/www.aktantis.com\/en\/innovation\/europe\/dia\/#primaryimage\"},\"image\":{\"@id\":\"https:\/\/www.aktantis.com\/en\/innovation\/europe\/dia\/#primaryimage\"},\"thumbnailUrl\":\"https:\/\/www.aktantis.com\/wp-content\/uploads\/2021\/03\/eu-flag-82x55-1.png\",\"datePublished\":\"2020-04-08T08:45:46+00:00\",\"dateModified\":\"2024-12-13T11:10:42+00:00\",\"description\":\"The main objective of the project is to build-up a partnership of world leading clusters to configure a \u201cEuropean Strategic Cluster Partnership \u2013 Going International\u201d focused on internationalization of digital technologies applied to manufacturing and industry (also called \u201cIndustry 4.0\u201d).\",\"breadcrumb\":{\"@id\":\"https:\/\/www.aktantis.com\/en\/innovation\/europe\/dia\/#breadcrumb\"},\"inLanguage\":\"en-US\",\"potentialAction\":[{\"@type\":\"ReadAction\",\"target\":[\"https:\/\/www.aktantis.com\/en\/innovation\/europe\/dia\/\"]}]},{\"@type\":\"ImageObject\",\"inLanguage\":\"en-US\",\"@id\":\"https:\/\/www.aktantis.com\/en\/innovation\/europe\/dia\/#primaryimage\",\"url\":\"https:\/\/www.aktantis.com\/wp-content\/uploads\/2021\/03\/eu-flag-82x55-1.png\",\"contentUrl\":\"https:\/\/www.aktantis.com\/wp-content\/uploads\/2021\/03\/eu-flag-82x55-1.png\"},{\"@type\":\"BreadcrumbList\",\"@id\":\"https:\/\/www.aktantis.com\/en\/innovation\/europe\/dia\/#breadcrumb\",\"itemListElement\":[{\"@type\":\"ListItem\",\"position\":1,\"name\":\"Accueil\",\"item\":\"https:\/\/www.aktantis.com\/en\/\"},{\"@type\":\"ListItem\",\"position\":2,\"name\":\"Innovation\",\"item\":\"https:\/\/www.aktantis.com\/innovation\/\"},{\"@type\":\"ListItem\",\"position\":3,\"name\":\"Europe\",\"item\":\"https:\/\/www.aktantis.com\/en\/innovation\/europe\/\"},{\"@type\":\"ListItem\",\"position\":4,\"name\":\"DIA\"}]},{\"@type\":\"WebSite\",\"@id\":\"https:\/\/www.aktantis.com\/#website\",\"url\":\"https:\/\/www.aktantis.com\/\",\"name\":\"AKTANTIS\",\"description\":\"1er \u00e9cosyst\u00e8me europ\u00e9en\",\"publisher\":{\"@id\":\"https:\/\/www.aktantis.com\/#organization\"},\"potentialAction\":[{\"@type\":\"SearchAction\",\"target\":{\"@type\":\"EntryPoint\",\"urlTemplate\":\"https:\/\/www.aktantis.com\/?s={search_term_string}\"},\"query-input\":{\"@type\":\"PropertyValueSpecification\",\"valueRequired\":true,\"valueName\":\"search_term_string\"}}],\"inLanguage\":\"en-US\"},{\"@type\":\"Organization\",\"@id\":\"https:\/\/www.aktantis.com\/#organization\",\"name\":\"Aktantis\",\"url\":\"https:\/\/www.aktantis.com\/\",\"logo\":{\"@type\":\"ImageObject\",\"inLanguage\":\"en-US\",\"@id\":\"https:\/\/www.aktantis.com\/#\/schema\/logo\/image\/\",\"url\":\"https:\/\/www.aktantis.com\/wp-content\/uploads\/2018\/03\/cropped-logo_scs.png\",\"contentUrl\":\"https:\/\/www.aktantis.com\/wp-content\/uploads\/2018\/03\/cropped-logo_scs.png\",\"width\":720,\"height\":250,\"caption\":\"Aktantis\"},\"image\":{\"@id\":\"https:\/\/www.aktantis.com\/#\/schema\/logo\/image\/\"},\"sameAs\":[\"https:\/\/www.facebook.com\/PoleSCS\/\",\"https:\/\/x.com\/Pole_SCS\",\"https:\/\/www.linkedin.com\/company\/pole-scs\/\"]}]}<\/script>\n<!-- \/ Yoast SEO plugin. -->","yoast_head_json":{"title":"DIA","description":"The main objective of the project is to build-up a partnership of world leading clusters to configure a \u201cEuropean Strategic Cluster Partnership \u2013 Going International\u201d focused on internationalization of digital technologies applied to manufacturing and industry (also called \u201cIndustry 4.0\u201d).","robots":{"index":"index","follow":"follow","max-snippet":"max-snippet:-1","max-image-preview":"max-image-preview:large","max-video-preview":"max-video-preview:-1"},"canonical":"https:\/\/www.aktantis.com\/en\/innovation\/europe\/dia\/","og_locale":"en_US","og_type":"article","og_title":"DIA","og_description":"The main objective of the project is to build-up a partnership of world leading clusters to configure a \u201cEuropean Strategic Cluster Partnership \u2013 Going International\u201d focused on internationalization of digital technologies applied to manufacturing and industry (also called \u201cIndustry 4.0\u201d).","og_url":"https:\/\/www.aktantis.com\/en\/innovation\/europe\/dia\/","og_site_name":"AKTANTIS","article_publisher":"https:\/\/www.facebook.com\/PoleSCS\/","article_modified_time":"2024-12-13T11:10:42+00:00","og_image":[{"url":"https:\/\/www.aktantis.com\/wp-content\/uploads\/2021\/03\/eu-flag-82x55-1.png","type":"","width":"","height":""}],"twitter_card":"summary_large_image","twitter_site":"@Pole_SCS","schema":{"@context":"https:\/\/schema.org","@graph":[{"@type":"WebPage","@id":"https:\/\/www.aktantis.com\/en\/innovation\/europe\/dia\/","url":"https:\/\/www.aktantis.com\/en\/innovation\/europe\/dia\/","name":"DIA","isPartOf":{"@id":"https:\/\/www.aktantis.com\/#website"},"primaryImageOfPage":{"@id":"https:\/\/www.aktantis.com\/en\/innovation\/europe\/dia\/#primaryimage"},"image":{"@id":"https:\/\/www.aktantis.com\/en\/innovation\/europe\/dia\/#primaryimage"},"thumbnailUrl":"https:\/\/www.aktantis.com\/wp-content\/uploads\/2021\/03\/eu-flag-82x55-1.png","datePublished":"2020-04-08T08:45:46+00:00","dateModified":"2024-12-13T11:10:42+00:00","description":"The main objective of the project is to build-up a partnership of world leading clusters to configure a \u201cEuropean Strategic Cluster Partnership \u2013 Going International\u201d focused on internationalization of digital technologies applied to manufacturing and industry (also called \u201cIndustry 4.0\u201d).","breadcrumb":{"@id":"https:\/\/www.aktantis.com\/en\/innovation\/europe\/dia\/#breadcrumb"},"inLanguage":"en-US","potentialAction":[{"@type":"ReadAction","target":["https:\/\/www.aktantis.com\/en\/innovation\/europe\/dia\/"]}]},{"@type":"ImageObject","inLanguage":"en-US","@id":"https:\/\/www.aktantis.com\/en\/innovation\/europe\/dia\/#primaryimage","url":"https:\/\/www.aktantis.com\/wp-content\/uploads\/2021\/03\/eu-flag-82x55-1.png","contentUrl":"https:\/\/www.aktantis.com\/wp-content\/uploads\/2021\/03\/eu-flag-82x55-1.png"},{"@type":"BreadcrumbList","@id":"https:\/\/www.aktantis.com\/en\/innovation\/europe\/dia\/#breadcrumb","itemListElement":[{"@type":"ListItem","position":1,"name":"Accueil","item":"https:\/\/www.aktantis.com\/en\/"},{"@type":"ListItem","position":2,"name":"Innovation","item":"https:\/\/www.aktantis.com\/innovation\/"},{"@type":"ListItem","position":3,"name":"Europe","item":"https:\/\/www.aktantis.com\/en\/innovation\/europe\/"},{"@type":"ListItem","position":4,"name":"DIA"}]},{"@type":"WebSite","@id":"https:\/\/www.aktantis.com\/#website","url":"https:\/\/www.aktantis.com\/","name":"AKTANTIS","description":"1er \u00e9cosyst\u00e8me europ\u00e9en","publisher":{"@id":"https:\/\/www.aktantis.com\/#organization"},"potentialAction":[{"@type":"SearchAction","target":{"@type":"EntryPoint","urlTemplate":"https:\/\/www.aktantis.com\/?s={search_term_string}"},"query-input":{"@type":"PropertyValueSpecification","valueRequired":true,"valueName":"search_term_string"}}],"inLanguage":"en-US"},{"@type":"Organization","@id":"https:\/\/www.aktantis.com\/#organization","name":"Aktantis","url":"https:\/\/www.aktantis.com\/","logo":{"@type":"ImageObject","inLanguage":"en-US","@id":"https:\/\/www.aktantis.com\/#\/schema\/logo\/image\/","url":"https:\/\/www.aktantis.com\/wp-content\/uploads\/2018\/03\/cropped-logo_scs.png","contentUrl":"https:\/\/www.aktantis.com\/wp-content\/uploads\/2018\/03\/cropped-logo_scs.png","width":720,"height":250,"caption":"Aktantis"},"image":{"@id":"https:\/\/www.aktantis.com\/#\/schema\/logo\/image\/"},"sameAs":["https:\/\/www.facebook.com\/PoleSCS\/","https:\/\/x.com\/Pole_SCS","https:\/\/www.linkedin.com\/company\/pole-scs\/"]}]}},"_links":{"self":[{"href":"https:\/\/www.aktantis.com\/en\/wp-json\/wp\/v2\/pages\/91175574","targetHints":{"allow":["GET"]}}],"collection":[{"href":"https:\/\/www.aktantis.com\/en\/wp-json\/wp\/v2\/pages"}],"about":[{"href":"https:\/\/www.aktantis.com\/en\/wp-json\/wp\/v2\/types\/page"}],"author":[{"embeddable":true,"href":"https:\/\/www.aktantis.com\/en\/wp-json\/wp\/v2\/users\/1287"}],"replies":[{"embeddable":true,"href":"https:\/\/www.aktantis.com\/en\/wp-json\/wp\/v2\/comments?post=91175574"}],"version-history":[{"count":23,"href":"https:\/\/www.aktantis.com\/en\/wp-json\/wp\/v2\/pages\/91175574\/revisions"}],"predecessor-version":[{"id":91175601,"href":"https:\/\/www.aktantis.com\/en\/wp-json\/wp\/v2\/pages\/91175574\/revisions\/91175601"}],"up":[{"embeddable":true,"href":"https:\/\/www.aktantis.com\/en\/wp-json\/wp\/v2\/pages\/91148705"}],"wp:attachment":[{"href":"https:\/\/www.aktantis.com\/en\/wp-json\/wp\/v2\/media?parent=91175574"}],"curies":[{"name":"wp","href":"https:\/\/api.w.org\/{rel}","templated":true}]}}