{"id":91174333,"date":"2024-11-13T13:59:06","date_gmt":"2024-11-13T12:59:06","guid":{"rendered":"https:\/\/www.aktantis.com\/aktantis-services\/"},"modified":"2024-12-06T18:27:42","modified_gmt":"2024-12-06T17:27:42","slug":"services-aktantis","status":"publish","type":"page","link":"https:\/\/www.aktantis.com\/en\/services-aktantis\/","title":{"rendered":"Services"},"content":{"rendered":"<div class=\"wpb-content-wrapper\"><p>[vc_row el_class=&#8221;max_width_920&#8243;][vc_column width=&#8221;1\/6&#8243;][\/vc_column][vc_column width=&#8221;4\/6&#8243;][vc_column_text css=&#8221;.vc_custom_1731681919584{padding-bottom: 50px !important;}&#8221; el_class=&#8221;centered&#8221;]<\/p>\n<h2 style=\"text-align: center;\">Services for your growth<\/h2>\n<h3 style=\"text-align: center;\">Achieve your innovation and growth objectives with Aktantis<\/h3>\n<p style=\"text-align: center;\">AKTANTIS provides its members with a range of services tailored to accelerate their development and strengthen their competitiveness. From project financing support to protection against cyber threats, from ecological transition to international expansion, each service is designed to meet the strategic challenges of innovative businesses.<\/p>\n<p>[\/vc_column_text][\/vc_column][vc_column width=&#8221;1\/6&#8243;][\/vc_column][\/vc_row][vc_row full_width=&#8221;stretch_row&#8221; el_class=&#8221;max_width_920&#8243; css=&#8221;.vc_custom_1731616104134{padding-top: 60px !important;padding-bottom: 60px !important;background-color: #001489 !important;}&#8221;][vc_column width=&#8221;1\/6&#8243;][\/vc_column][vc_column width=&#8221;4\/6&#8243;]    <section class=\"direct-access grid-container shortcode\">\r\n        <div class=\"services-area\">\r\n            <div class=\"all-services\">\r\n                                    <div class=\"item 1\">\r\n                        <a title=\"Developing and financing &lt;br&gt;your project\" \r\n                           href=\"https:\/\/www.aktantis.com\/en\/innovation\/developing-financing-your-project\/\">\r\n                            <img decoding=\"async\" src=\"\/\/www.aktantis.com\/wp-content\/themes\/polescs\/assets\/images\/high\/icon-access-3.png\"\/>\r\n                            <div>\r\n                                <img decoding=\"async\" src=\"https:\/\/www.aktantis.com\/wp-content\/themes\/polescs\/assets\/images\/chevron-secondary.png\">\r\n                                <h3>Developing and financing <br>your project<\/h3>\r\n                            <\/div>\r\n                        <\/a>\r\n                    <\/div>\r\n                                    <div class=\"item 2\">\r\n                        <a title=\"Accelerating &lt;br&gt;your growth\" \r\n                           href=\"https:\/\/www.aktantis.com\/en\/services-aktantis\/accelerating-your-growth\/\">\r\n                            <img decoding=\"async\" src=\"\/\/www.aktantis.com\/wp-content\/themes\/polescs\/assets\/images\/high\/icon-access-1.png\"\/>\r\n                            <div>\r\n                                <img decoding=\"async\" src=\"https:\/\/www.aktantis.com\/wp-content\/themes\/polescs\/assets\/images\/chevron-secondary.png\">\r\n                                <h3>Accelerating <br>your growth<\/h3>\r\n                            <\/div>\r\n                        <\/a>\r\n                    <\/div>\r\n                                    <div class=\"item 3\">\r\n                        <a title=\"Going to &lt;br&gt;international\" \r\n                           href=\"https:\/\/www.aktantis.com\/en\/services-aktantis\/international-business\/\">\r\n                            <img decoding=\"async\" src=\"\/\/www.aktantis.com\/wp-content\/themes\/polescs\/assets\/images\/high\/icon-access-2.png\"\/>\r\n                            <div>\r\n                                <img decoding=\"async\" src=\"https:\/\/www.aktantis.com\/wp-content\/themes\/polescs\/assets\/images\/chevron-secondary.png\">\r\n                                <h3>Going to <br>international<\/h3>\r\n                            <\/div>\r\n                        <\/a>\r\n                    <\/div>\r\n                                    <div class=\"item 4\">\r\n                        <a title=\"Highlighting &lt;br\/&gt;your visibility\" \r\n                           href=\"https:\/\/www.aktantis.com\/en\/services-aktantis\/visibility-notoriety\/\">\r\n                            <img decoding=\"async\" src=\"\/\/www.aktantis.com\/wp-content\/themes\/polescs\/assets\/images\/high\/icon-access-5.png\"\/>\r\n                            <div>\r\n                                <img decoding=\"async\" src=\"https:\/\/www.aktantis.com\/wp-content\/themes\/polescs\/assets\/images\/chevron-secondary.png\">\r\n                                <h3>Highlighting <br\/>your visibility<\/h3>\r\n                            <\/div>\r\n                        <\/a>\r\n                    <\/div>\r\n                                    <div class=\"item 5\">\r\n                        <a title=\"To be protected &lt;br&gt;against cyberthreats\" \r\n                           href=\"https:\/\/www.aktantis.com\/en\/services-aktantis\/be-protected-against-cyberthreats\/\">\r\n                            <img decoding=\"async\" src=\"\/\/www.aktantis.com\/wp-content\/themes\/polescs\/assets\/images\/high\/icon-access-4.png\"\/>\r\n                            <div>\r\n                                <img decoding=\"async\" src=\"https:\/\/www.aktantis.com\/wp-content\/themes\/polescs\/assets\/images\/chevron-secondary.png\">\r\n                                <h3>To be protected <br>against cyberthreats<\/h3>\r\n                            <\/div>\r\n                        <\/a>\r\n                    <\/div>\r\n                                    <div class=\"item 6\">\r\n                        <a title=\"Embarking to your &lt;br&gt;ecological transition\" \r\n                           href=\"https:\/\/www.aktantis.com\/en\/services-aktantis\/ecological-transition\/\">\r\n                            <img decoding=\"async\" src=\"\/\/www.aktantis.com\/wp-content\/themes\/polescs\/assets\/images\/high\/icon-access-6.png\"\/>\r\n                            <div>\r\n                                <img decoding=\"async\" src=\"https:\/\/www.aktantis.com\/wp-content\/themes\/polescs\/assets\/images\/chevron-secondary.png\">\r\n                                <h3>Embarking to your <br>ecological transition<\/h3>\r\n                            <\/div>\r\n                        <\/a>\r\n                    <\/div>\r\n                            <\/div>\r\n        <\/div>\r\n    <\/section>\r\n    [\/vc_column][vc_column width=&#8221;1\/6&#8243;][\/vc_column][\/vc_row][vc_row equal_height=&#8221;yes&#8221; disable_element=&#8221;yes&#8221; css=&#8221;.vc_custom_1731616812912{margin-top: 20px !important;margin-bottom: 0px !important;}&#8221;][vc_column width=&#8221;1\/3&#8243; css=&#8221;.vc_custom_1731349959158{padding-top: 100px !important;padding-right: 50px !important;padding-bottom: 50px !important;padding-left: 50px !important;background-color: #182B95 !important;}&#8221;][vc_single_image image=&#8221;91173781&#8243; img_size=&#8221;full&#8221; alignment=&#8221;center&#8221; onclick=&#8221;custom_link&#8221; css=&#8221;&#8221; link=&#8221;https:\/\/www.aktantis.com\/innovation\/developpement-financement-projet\/&#8221;][vc_row_inner][vc_column_inner width=&#8221;1\/5&#8243; offset=&#8221;vc_hidden-xs&#8221;][vc_single_image image=&#8221;91173775&#8243; alignment=&#8221;center&#8221; css=&#8221;&#8221;][\/vc_column_inner][vc_column_inner width=&#8221;4\/5&#8243;][vc_column_text css=&#8221;&#8221;]<\/p>\n<h3><a href=\"https:\/\/www.aktantis.com\/innovation\/developpement-financement-projet\/\"><span style=\"font-size: 28px; color: #ffffff;\">D\u00e9velopper et financer votre projet<\/span><\/a><\/h3>\n<p>[\/vc_column_text][\/vc_column_inner][\/vc_row_inner][\/vc_column][vc_column width=&#8221;1\/3&#8243; css=&#8221;.vc_custom_1731350234392{padding-top: 100px !important;padding-right: 50px !important;padding-bottom: 50px !important;padding-left: 50px !important;background-color: #001489 !important;}&#8221;][vc_single_image image=&#8221;91173773&#8243; img_size=&#8221;full&#8221; alignment=&#8221;center&#8221; onclick=&#8221;custom_link&#8221; css=&#8221;&#8221; link=&#8221;https:\/\/www.aktantis.com\/aktantis-services\/accelerer-votre-croissance\/&#8221;][vc_row_inner][vc_column_inner width=&#8221;1\/5&#8243; offset=&#8221;vc_hidden-xs&#8221;][vc_single_image image=&#8221;91173775&#8243; alignment=&#8221;center&#8221; css=&#8221;&#8221;][\/vc_column_inner][vc_column_inner width=&#8221;4\/5&#8243;][vc_column_text css=&#8221;&#8221;]<\/p>\n<h3><a href=\"https:\/\/www.aktantis.com\/services-aktantis\/accelerer-votre-croissance\/\"><span style=\"font-size: 28px; color: #ffffff;\">Acc\u00e9l\u00e9rer votre croissance<\/span><\/a><\/h3>\n<p>[\/vc_column_text][\/vc_column_inner][\/vc_row_inner][\/vc_column][vc_column width=&#8221;1\/3&#8243; css=&#8221;.vc_custom_1731350251718{padding-top: 100px !important;padding-right: 50px !important;padding-bottom: 50px !important;padding-left: 50px !important;background-color: #182B95 !important;}&#8221;][vc_single_image image=&#8221;91173779&#8243; img_size=&#8221;full&#8221; alignment=&#8221;center&#8221; onclick=&#8221;custom_link&#8221; css=&#8221;&#8221; link=&#8221;https:\/\/www.aktantis.com\/aktantis-services\/business-international\/&#8221;][vc_row_inner][vc_column_inner width=&#8221;1\/5&#8243; offset=&#8221;vc_hidden-xs&#8221;][vc_single_image image=&#8221;91173775&#8243; alignment=&#8221;center&#8221; css=&#8221;&#8221;][\/vc_column_inner][vc_column_inner width=&#8221;4\/5&#8243;][vc_column_text css=&#8221;&#8221;]<\/p>\n<h3><a href=\"https:\/\/www.aktantis.com\/services-aktantis\/business-international\/\"><span style=\"font-size: 28px; color: #ffffff;\">Aller \u00e0 l&#8217;international<\/span><\/a><\/h3>\n<p>[\/vc_column_text][\/vc_column_inner][\/vc_row_inner][\/vc_column][\/vc_row][vc_row equal_height=&#8221;yes&#8221; disable_element=&#8221;yes&#8221; css=&#8221;.vc_custom_1731616821109{margin-top: 0px !important;margin-bottom: 100px !important;}&#8221;][vc_column width=&#8221;1\/3&#8243; css=&#8221;.vc_custom_1731350849787{padding-top: 100px !important;padding-right: 50px !important;padding-bottom: 50px !important;padding-left: 50px !important;background-color: #001489 !important;}&#8221;][vc_single_image image=&#8221;91173785&#8243; img_size=&#8221;full&#8221; alignment=&#8221;center&#8221; onclick=&#8221;custom_link&#8221; css=&#8221;&#8221; link=&#8221;https:\/\/www.aktantis.com\/aktantis-services\/visibilite-notoriete\/&#8221;][vc_row_inner][vc_column_inner width=&#8221;1\/5&#8243; offset=&#8221;vc_hidden-xs&#8221;][vc_single_image image=&#8221;91173775&#8243; alignment=&#8221;center&#8221; css=&#8221;&#8221;][\/vc_column_inner][vc_column_inner width=&#8221;4\/5&#8243;][vc_column_text css=&#8221;&#8221;]<\/p>\n<h3><a href=\"https:\/\/www.aktantis.com\/services-aktantis\/visibilite-notoriete\/\"><span style=\"font-size: 28px; color: #ffffff;\">Accentuer votre visibilit\u00e9<\/span><\/a><\/h3>\n<p>[\/vc_column_text][\/vc_column_inner][\/vc_row_inner][\/vc_column][vc_column width=&#8221;1\/3&#8243; css=&#8221;.vc_custom_1731350831510{padding-top: 100px !important;padding-right: 50px !important;padding-bottom: 50px !important;padding-left: 50px !important;background-color: #182B95 !important;}&#8221;][vc_single_image image=&#8221;91173783&#8243; img_size=&#8221;full&#8221; alignment=&#8221;center&#8221; onclick=&#8221;custom_link&#8221; css=&#8221;&#8221; link=&#8221;https:\/\/www.aktantis.com\/aktantis-services\/se-proteger-des-cybermenaces\/&#8221;][vc_row_inner][vc_column_inner width=&#8221;1\/5&#8243; offset=&#8221;vc_hidden-xs&#8221;][vc_single_image image=&#8221;91173775&#8243; alignment=&#8221;center&#8221; css=&#8221;&#8221;][\/vc_column_inner][vc_column_inner width=&#8221;4\/5&#8243;][vc_column_text css=&#8221;&#8221;]<\/p>\n<h3><a href=\"https:\/\/www.aktantis.com\/services-aktantis\/se-proteger-des-cybermenaces\/\"><span style=\"font-size: 28px; color: #ffffff;\">Se prot\u00e9ger des cybermenaces<\/span><\/a><\/h3>\n<p>[\/vc_column_text][\/vc_column_inner][\/vc_row_inner][\/vc_column][vc_column width=&#8221;1\/3&#8243; css=&#8221;.vc_custom_1731350866312{padding-top: 100px !important;padding-right: 50px !important;padding-bottom: 50px !important;padding-left: 50px !important;background-color: #001489 !important;}&#8221;][vc_single_image image=&#8221;91173787&#8243; img_size=&#8221;full&#8221; alignment=&#8221;center&#8221; onclick=&#8221;custom_link&#8221; css=&#8221;&#8221; link=&#8221;https:\/\/www.aktantis.com\/aktantis-services\/transition-ecologique\/&#8221;][vc_row_inner][vc_column_inner width=&#8221;1\/5&#8243; offset=&#8221;vc_hidden-xs&#8221;][vc_single_image image=&#8221;91173775&#8243; alignment=&#8221;center&#8221; css=&#8221;&#8221;][\/vc_column_inner][vc_column_inner width=&#8221;4\/5&#8243;][vc_column_text css=&#8221;&#8221;]<\/p>\n<h3><a href=\"https:\/\/www.aktantis.com\/services-aktantis\/transition-ecologique\/\"><span style=\"font-size: 28px; color: #ffffff;\">Entamer sa transition \u00e9cologique<\/span><\/a><\/h3>\n<p>[\/vc_column_text][\/vc_column_inner][\/vc_row_inner][\/vc_column][\/vc_row][vc_row content_placement=&#8221;middle&#8221; css=&#8221;.vc_custom_1731617028512{margin-top: 55px !important;}&#8221;][vc_column width=&#8221;1\/3&#8243; el_class=&#8221;aligncenter&#8221;][\/vc_column][vc_column width=&#8221;1\/3&#8243; el_class=&#8221;aligncenter&#8221;][vc_btn title=&#8221;Join AKTANTIS&#8221; style=&#8221;flat&#8221; shape=&#8221;corner&#8221; color=&#8221;aktantis_orange&#8221; align=&#8221;center&#8221; css=&#8221;&#8221; link=&#8221;url:https%3A%2F%2Fwww.aktantis.com%2Fen%2Fmembership&#8221;][\/vc_column][vc_column width=&#8221;1\/3&#8243; el_class=&#8221;aligncenter&#8221;][\/vc_column][\/vc_row][vc_row full_width=&#8221;stretch_row_content_no_spaces&#8221; css=&#8221;.vc_custom_1731351777457{margin-top: 80px !important;margin-bottom: 0px !important;border-top-width: 0px !important;padding-top: 0px !important;}&#8221;][vc_column css=&#8221;.vc_custom_1731346166341{margin-top: 0px !important;margin-bottom: 0px !important;border-top-width: 0px !important;border-bottom-width: 0px !important;padding-top: 0px !important;padding-bottom: 0px !important;}&#8221;][vc_single_image image=&#8221;91173790&#8243; img_size=&#8221;full&#8221; css=&#8221;.vc_custom_1731352122214{margin-bottom: 0px !important;}&#8221;][\/vc_column][\/vc_row]<\/p>\n<\/div>","protected":false},"excerpt":{"rendered":"<p>[vc_row el_class=&#8221;max_width_920&#8243;][vc_column width=&#8221;1\/6&#8243;][\/vc_column][vc_column width=&#8221;4\/6&#8243;][vc_column_text css=&#8221;.vc_custom_1731681919584{padding-bottom: 50px !important;}&#8221; el_class=&#8221;centered&#8221;]<br \/>\nServices for your growth<br \/>\nAchieve your innovation and growth objectives with Aktantis<br \/>\nAKTANTIS provides its members with a range of&#8230;<\/p>\n","protected":false},"author":1,"featured_media":0,"parent":0,"menu_order":0,"comment_status":"closed","ping_status":"closed","template":"","meta":{"footnotes":""},"class_list":["post-91174333","page","type-page","status-publish","hentry"],"yoast_head":"<!-- This site is optimized with the Yoast SEO plugin v25.8 - https:\/\/yoast.com\/wordpress\/plugins\/seo\/ -->\n<title>Services for your growth - AKTANTIS<\/title>\n<meta name=\"description\" content=\"Achieve your innovation and growth objectives with AKTANTIS: Tailor-made support services for innovative companies\" \/>\n<meta name=\"robots\" content=\"index, follow, max-snippet:-1, max-image-preview:large, max-video-preview:-1\" \/>\n<link rel=\"canonical\" href=\"https:\/\/www.aktantis.com\/en\/services-aktantis\/\" \/>\n<meta property=\"og:locale\" content=\"en_US\" \/>\n<meta property=\"og:type\" content=\"article\" \/>\n<meta property=\"og:title\" content=\"Services for your growth - AKTANTIS\" \/>\n<meta property=\"og:description\" content=\"Achieve your innovation and growth objectives with AKTANTIS: Tailor-made support services for innovative companies\" \/>\n<meta property=\"og:url\" content=\"https:\/\/www.aktantis.com\/en\/services-aktantis\/\" \/>\n<meta property=\"og:site_name\" content=\"AKTANTIS\" \/>\n<meta property=\"article:publisher\" content=\"https:\/\/www.facebook.com\/PoleSCS\/\" \/>\n<meta property=\"article:modified_time\" content=\"2024-12-06T17:27:42+00:00\" \/>\n<meta name=\"twitter:card\" content=\"summary_large_image\" \/>\n<meta name=\"twitter:site\" content=\"@Pole_SCS\" \/>\n<script type=\"application\/ld+json\" class=\"yoast-schema-graph\">{\"@context\":\"https:\/\/schema.org\",\"@graph\":[{\"@type\":\"WebPage\",\"@id\":\"https:\/\/www.aktantis.com\/en\/services-aktantis\/\",\"url\":\"https:\/\/www.aktantis.com\/en\/services-aktantis\/\",\"name\":\"Services for your growth - AKTANTIS\",\"isPartOf\":{\"@id\":\"https:\/\/www.aktantis.com\/#website\"},\"datePublished\":\"2024-11-13T12:59:06+00:00\",\"dateModified\":\"2024-12-06T17:27:42+00:00\",\"description\":\"Achieve your innovation and growth objectives with AKTANTIS: Tailor-made support services for innovative companies\",\"breadcrumb\":{\"@id\":\"https:\/\/www.aktantis.com\/en\/services-aktantis\/#breadcrumb\"},\"inLanguage\":\"en-US\",\"potentialAction\":[{\"@type\":\"ReadAction\",\"target\":[\"https:\/\/www.aktantis.com\/en\/services-aktantis\/\"]}]},{\"@type\":\"BreadcrumbList\",\"@id\":\"https:\/\/www.aktantis.com\/en\/services-aktantis\/#breadcrumb\",\"itemListElement\":[{\"@type\":\"ListItem\",\"position\":1,\"name\":\"Accueil\",\"item\":\"https:\/\/www.aktantis.com\/en\/\"},{\"@type\":\"ListItem\",\"position\":2,\"name\":\"Services\"}]},{\"@type\":\"WebSite\",\"@id\":\"https:\/\/www.aktantis.com\/#website\",\"url\":\"https:\/\/www.aktantis.com\/\",\"name\":\"AKTANTIS\",\"description\":\"1er \u00e9cosyst\u00e8me europ\u00e9en\",\"publisher\":{\"@id\":\"https:\/\/www.aktantis.com\/#organization\"},\"potentialAction\":[{\"@type\":\"SearchAction\",\"target\":{\"@type\":\"EntryPoint\",\"urlTemplate\":\"https:\/\/www.aktantis.com\/?s={search_term_string}\"},\"query-input\":{\"@type\":\"PropertyValueSpecification\",\"valueRequired\":true,\"valueName\":\"search_term_string\"}}],\"inLanguage\":\"en-US\"},{\"@type\":\"Organization\",\"@id\":\"https:\/\/www.aktantis.com\/#organization\",\"name\":\"Aktantis\",\"url\":\"https:\/\/www.aktantis.com\/\",\"logo\":{\"@type\":\"ImageObject\",\"inLanguage\":\"en-US\",\"@id\":\"https:\/\/www.aktantis.com\/#\/schema\/logo\/image\/\",\"url\":\"https:\/\/www.aktantis.com\/wp-content\/uploads\/2018\/03\/cropped-logo_scs.png\",\"contentUrl\":\"https:\/\/www.aktantis.com\/wp-content\/uploads\/2018\/03\/cropped-logo_scs.png\",\"width\":720,\"height\":250,\"caption\":\"Aktantis\"},\"image\":{\"@id\":\"https:\/\/www.aktantis.com\/#\/schema\/logo\/image\/\"},\"sameAs\":[\"https:\/\/www.facebook.com\/PoleSCS\/\",\"https:\/\/x.com\/Pole_SCS\",\"https:\/\/www.linkedin.com\/company\/pole-scs\/\"]}]}<\/script>\n<!-- \/ Yoast SEO plugin. -->","yoast_head_json":{"title":"Services for your growth - AKTANTIS","description":"Achieve your innovation and growth objectives with AKTANTIS: Tailor-made support services for innovative companies","robots":{"index":"index","follow":"follow","max-snippet":"max-snippet:-1","max-image-preview":"max-image-preview:large","max-video-preview":"max-video-preview:-1"},"canonical":"https:\/\/www.aktantis.com\/en\/services-aktantis\/","og_locale":"en_US","og_type":"article","og_title":"Services for your growth - AKTANTIS","og_description":"Achieve your innovation and growth objectives with AKTANTIS: Tailor-made support services for innovative companies","og_url":"https:\/\/www.aktantis.com\/en\/services-aktantis\/","og_site_name":"AKTANTIS","article_publisher":"https:\/\/www.facebook.com\/PoleSCS\/","article_modified_time":"2024-12-06T17:27:42+00:00","twitter_card":"summary_large_image","twitter_site":"@Pole_SCS","schema":{"@context":"https:\/\/schema.org","@graph":[{"@type":"WebPage","@id":"https:\/\/www.aktantis.com\/en\/services-aktantis\/","url":"https:\/\/www.aktantis.com\/en\/services-aktantis\/","name":"Services for your growth - AKTANTIS","isPartOf":{"@id":"https:\/\/www.aktantis.com\/#website"},"datePublished":"2024-11-13T12:59:06+00:00","dateModified":"2024-12-06T17:27:42+00:00","description":"Achieve your innovation and growth objectives with AKTANTIS: Tailor-made support services for innovative companies","breadcrumb":{"@id":"https:\/\/www.aktantis.com\/en\/services-aktantis\/#breadcrumb"},"inLanguage":"en-US","potentialAction":[{"@type":"ReadAction","target":["https:\/\/www.aktantis.com\/en\/services-aktantis\/"]}]},{"@type":"BreadcrumbList","@id":"https:\/\/www.aktantis.com\/en\/services-aktantis\/#breadcrumb","itemListElement":[{"@type":"ListItem","position":1,"name":"Accueil","item":"https:\/\/www.aktantis.com\/en\/"},{"@type":"ListItem","position":2,"name":"Services"}]},{"@type":"WebSite","@id":"https:\/\/www.aktantis.com\/#website","url":"https:\/\/www.aktantis.com\/","name":"AKTANTIS","description":"1er \u00e9cosyst\u00e8me europ\u00e9en","publisher":{"@id":"https:\/\/www.aktantis.com\/#organization"},"potentialAction":[{"@type":"SearchAction","target":{"@type":"EntryPoint","urlTemplate":"https:\/\/www.aktantis.com\/?s={search_term_string}"},"query-input":{"@type":"PropertyValueSpecification","valueRequired":true,"valueName":"search_term_string"}}],"inLanguage":"en-US"},{"@type":"Organization","@id":"https:\/\/www.aktantis.com\/#organization","name":"Aktantis","url":"https:\/\/www.aktantis.com\/","logo":{"@type":"ImageObject","inLanguage":"en-US","@id":"https:\/\/www.aktantis.com\/#\/schema\/logo\/image\/","url":"https:\/\/www.aktantis.com\/wp-content\/uploads\/2018\/03\/cropped-logo_scs.png","contentUrl":"https:\/\/www.aktantis.com\/wp-content\/uploads\/2018\/03\/cropped-logo_scs.png","width":720,"height":250,"caption":"Aktantis"},"image":{"@id":"https:\/\/www.aktantis.com\/#\/schema\/logo\/image\/"},"sameAs":["https:\/\/www.facebook.com\/PoleSCS\/","https:\/\/x.com\/Pole_SCS","https:\/\/www.linkedin.com\/company\/pole-scs\/"]}]}},"_links":{"self":[{"href":"https:\/\/www.aktantis.com\/en\/wp-json\/wp\/v2\/pages\/91174333","targetHints":{"allow":["GET"]}}],"collection":[{"href":"https:\/\/www.aktantis.com\/en\/wp-json\/wp\/v2\/pages"}],"about":[{"href":"https:\/\/www.aktantis.com\/en\/wp-json\/wp\/v2\/types\/page"}],"author":[{"embeddable":true,"href":"https:\/\/www.aktantis.com\/en\/wp-json\/wp\/v2\/users\/1"}],"replies":[{"embeddable":true,"href":"https:\/\/www.aktantis.com\/en\/wp-json\/wp\/v2\/comments?post=91174333"}],"version-history":[{"count":3,"href":"https:\/\/www.aktantis.com\/en\/wp-json\/wp\/v2\/pages\/91174333\/revisions"}],"predecessor-version":[{"id":91174400,"href":"https:\/\/www.aktantis.com\/en\/wp-json\/wp\/v2\/pages\/91174333\/revisions\/91174400"}],"wp:attachment":[{"href":"https:\/\/www.aktantis.com\/en\/wp-json\/wp\/v2\/media?parent=91174333"}],"curies":[{"name":"wp","href":"https:\/\/api.w.org\/{rel}","templated":true}]}}