{"id":91173993,"date":"2018-01-11T19:43:41","date_gmt":"2018-01-11T18:43:41","guid":{"rendered":"https:\/\/www.aktantis.com\/ecosystem\/aktantis-national-network\/"},"modified":"2024-11-14T12:31:59","modified_gmt":"2024-11-14T11:31:59","slug":"partners","status":"publish","type":"page","link":"https:\/\/www.aktantis.com\/en\/ecosystem\/partners\/","title":{"rendered":"Our partners"},"content":{"rendered":"<div class=\"wpb-content-wrapper\"><p>[vc_row css=&#8221;.vc_custom_1516293835315{padding-bottom: 50px !important;}&#8221;][vc_column width=&#8221;1\/6&#8243;][\/vc_column][vc_column width=&#8221;4\/6&#8243;][vc_column_text css_animation=&#8221;none&#8221; css=&#8221;&#8221;]<\/p>\n<h2 style=\"text-align: center;\">Our partners<\/h2>\n<p style=\"text-align: center;\">To give more visibility to its actions and to its members, AKTANTIS relies on a network of French and international partners.<br \/>\nAKTANTIS is also a member of many French and European associations.<\/p>\n<p>[\/vc_column_text][\/vc_column][vc_column width=&#8221;1\/6&#8243;][\/vc_column][\/vc_row][vc_row el_id=&#8221;institutions&#8221; css=&#8221;.vc_custom_1731523912660{margin-bottom: 40px !important;}&#8221;][vc_column][vc_column_text css=&#8221;&#8221;]<\/p>\n<h3>Member of French institutions &amp; associations:<\/h3>\n<p>[\/vc_column_text]\r\n    <div class=\"logo-list acteur_area scs-membre\">\r\n    <div class=\"logo-container\"><a target=\"_blank\" rel=\"nofollow\" href=\"https:\/\/www.confiance-numerique.fr\/\" title=\"Alliance pour la confiance num\u00e9rique\"><img decoding=\"async\" alt=\"Logo Alliance pour la confiance num\u00e9rique\" src=\"https:\/\/www.aktantis.com\/wp-content\/uploads\/2021\/03\/logo_acn.png\"\/><div class=\"title\"><h5>Alliance pour la confiance num\u00e9rique<\/h5><\/div><\/div><\/a><div class=\"logo-container\"><a target=\"_blank\" rel=\"nofollow\" href=\"https:\/\/www.afpc.eu\/fr\" title=\"Association Fran\u00e7aise des P\u00f4les de Comp\u00e9titivit\u00e9\"><img decoding=\"async\" alt=\"Logo Association Fran\u00e7aise des P\u00f4les de Comp\u00e9titivit\u00e9\" src=\"https:\/\/www.aktantis.com\/wp-content\/uploads\/2021\/08\/afpc.png\"\/><div class=\"title\"><h5>Association Fran\u00e7aise des P\u00f4les de Comp\u00e9titivit\u00e9<\/h5><\/div><\/div><\/a><div class=\"logo-container\"><a target=\"_blank\" rel=\"nofollow\" href=\"https:\/\/www.clusteria.fr\/\" title=\"ClusterIA\"><img decoding=\"async\" alt=\"Logo ClusterIA\" src=\"https:\/\/www.aktantis.com\/wp-content\/uploads\/2021\/03\/Cluster-IA.jpg\"\/><div class=\"title\"><h5>ClusterIA<\/h5><\/div><\/div><\/a>    <\/div>\r\n    [\/vc_column][\/vc_row][vc_row el_id=&#8221;SecuriteEcoetNum&#8221; css=&#8221;.vc_custom_1731523919220{margin-bottom: 40px !important;}&#8221;][vc_column][vc_column_text css=&#8221;&#8221;]<\/p>\n<h3>Our Economic and Digital Security partners:<\/h3>\n<p>[\/vc_column_text]\r\n    <div class=\"logo-list acteur_area scs-membre\">\r\n    <div class=\"logo-container\"><a target=\"_blank\" rel=\"nofollow\" href=\"https:\/\/www.prefectures-regions.gouv.fr\/provence-alpes-cote-dazur\" title=\"Pr\u00e9fecture en r\u00e9gion Provence Alpes C\u00f4te d&#8217;Azur\"><img decoding=\"async\" alt=\"Logo Pr\u00e9fecture en r\u00e9gion Provence Alpes C\u00f4te d&#8217;Azur\" src=\"https:\/\/www.aktantis.com\/wp-content\/uploads\/2018\/03\/Prefet_de_la_region_Provence-Alpes-Cote_dAzur.svg-e1731515428451.png\"\/><div class=\"title\"><h5>Pr\u00e9fecture en r\u00e9gion Provence Alpes C\u00f4te d&#8217;Azur<\/h5><\/div><\/div><\/a><div class=\"logo-container\"><a target=\"_blank\" rel=\"nofollow\" href=\"https:\/\/cyber.gouv.fr\/\" title=\"ANSSI\"><img decoding=\"async\" alt=\"Logo ANSSI\" src=\"https:\/\/www.aktantis.com\/wp-content\/uploads\/2022\/03\/ANSSI.png\"\/><div class=\"title\"><h5>ANSSI<\/h5><\/div><\/div><\/a><div class=\"logo-container\"><a target=\"_blank\" rel=\"nofollow\" href=\"https:\/\/www.dgsi.interieur.gouv.fr\/\" title=\"DGSI\"><img decoding=\"async\" alt=\"Logo DGSI\" src=\"https:\/\/www.aktantis.com\/wp-content\/uploads\/2024\/11\/Logo_de_la_Direction_Generale_de_la_Securite_Interieure.svg.png\"\/><div class=\"title\"><h5>DGSI<\/h5><\/div><\/div><\/a><div class=\"logo-container\"><a target=\"_blank\" rel=\"nofollow\" href=\"https:\/\/www.tresor.economie.gouv.fr\/\" title=\"Direction G\u00e9n\u00e9rale du Tr\u00e9sor\"><img decoding=\"async\" alt=\"Logo Direction G\u00e9n\u00e9rale du Tr\u00e9sor\" src=\"https:\/\/www.aktantis.com\/wp-content\/uploads\/2024\/11\/640px-Direction_generale_du_Tresor_logo.jpg\"\/><div class=\"title\"><h5>Direction G\u00e9n\u00e9rale du Tr\u00e9sor<\/h5><\/div><\/div><\/a><div class=\"logo-container\"><a target=\"_blank\" rel=\"nofollow\" href=\"https:\/\/www.entreprises.gouv.fr\/fr\/securite-economique\/service-de-l-information-strategique-et-de-la-securite-economiques-sisse\" title=\"SISSE\"><img decoding=\"async\" alt=\"Logo SISSE\" src=\"https:\/\/www.aktantis.com\/wp-content\/uploads\/2024\/11\/Logo_SISSE_CISSE.png\"\/><div class=\"title\"><h5>SISSE<\/h5><\/div><\/div><\/a>    <\/div>\r\n    [\/vc_column][\/vc_row][vc_row el_id=&#8221;partenaires&#8221; css=&#8221;.vc_custom_1731583755766{margin-bottom: 40px !important;}&#8221;][vc_column css=&#8221;.vc_custom_1517766105679{padding-top: 40px !important;padding-bottom: 70px !important;}&#8221;][vc_column_text css=&#8221;&#8221;]<\/p>\n<h3>Our regional partners:<\/h3>\n<p>[\/vc_column_text]\r\n    <div class=\"logo-list acteur_area scs-membre\">\r\n    <div class=\"logo-container\"><a target=\"_blank\" rel=\"nofollow\" href=\"https:\/\/urgencecyber-regionsud.fr\/\" title=\"C2RC\"><img decoding=\"async\" alt=\"Logo C2RC\" src=\"https:\/\/www.aktantis.com\/wp-content\/uploads\/2021\/03\/C2RC.png\"\/><div class=\"title\"><h5>C2RC<\/h5><\/div><\/div><\/a><div class=\"logo-container\"><a target=\"_blank\" rel=\"nofollow\" nohref title=\"Incubateur Belle de Mai\"><img decoding=\"async\" alt=\"Logo Incubateur Belle de Mai\" src=\"https:\/\/www.aktantis.com\/wp-content\/uploads\/2018\/02\/logo-reseau-belle-de-mai.jpg\"\/><div class=\"title\"><h5>Incubateur Belle de Mai<\/h5><\/div><\/div><\/a><div class=\"logo-container\"><a target=\"_blank\" rel=\"nofollow\" href=\"https:\/\/incubateur-impulse.fr\/\" title=\"Incubateur Impulse\"><img decoding=\"async\" alt=\"Logo Incubateur Impulse\" src=\"https:\/\/www.aktantis.com\/wp-content\/uploads\/2018\/02\/logo-reseau-impulse.jpg\"\/><div class=\"title\"><h5>Incubateur Impulse<\/h5><\/div><\/div><\/a><div class=\"logo-container\"><a target=\"_blank\" rel=\"nofollow\" href=\"https:\/\/incubateurpca.org\/\" title=\"Incubateur Provence C\u00f4te d&#8217;Azur\"><img decoding=\"async\" alt=\"Logo Incubateur Provence C\u00f4te d&#8217;Azur\" src=\"https:\/\/www.aktantis.com\/wp-content\/uploads\/2018\/02\/Logo_IPCA.png\"\/><div class=\"title\"><h5>Incubateur Provence C\u00f4te d&#8217;Azur<\/h5><\/div><\/div><\/a><div class=\"logo-container\"><a target=\"_blank\" rel=\"nofollow\" href=\"https:\/\/www.investinprovence.com\/\" title=\"Provence Promotion\"><img decoding=\"async\" alt=\"Logo Provence Promotion\" src=\"https:\/\/www.aktantis.com\/wp-content\/uploads\/2024\/11\/provence-promotion.png\"\/><div class=\"title\"><h5>Provence Promotion<\/h5><\/div><\/div><\/a><div class=\"logo-container\"><a target=\"_blank\" rel=\"nofollow\" href=\"https:\/\/www.investinprovence.com\/\" title=\"Rising Sud\"><img decoding=\"async\" alt=\"Logo Rising Sud\" src=\"https:\/\/www.aktantis.com\/wp-content\/uploads\/2021\/03\/Rising-SUD.png\"\/><div class=\"title\"><h5>Rising Sud<\/h5><\/div><\/div><\/a><div class=\"logo-container\"><a target=\"_blank\" rel=\"nofollow\" href=\"https:\/\/www.investincotedazur.com\/\" title=\"Invest in C\u00f4te d&#8217;Azur\"><img decoding=\"async\" alt=\"Logo Invest in C\u00f4te d&#8217;Azur\" src=\"https:\/\/www.aktantis.com\/wp-content\/uploads\/2018\/02\/TCA.png\"\/><div class=\"title\"><h5>Invest in C\u00f4te d&#8217;Azur<\/h5><\/div><\/div><\/a><div class=\"logo-container\"><a target=\"_blank\" rel=\"nofollow\" href=\"https:\/\/www.thecamp.fr\/\" title=\"Thecamp\"><img decoding=\"async\" alt=\"Logo Thecamp\" src=\"https:\/\/www.aktantis.com\/wp-content\/uploads\/2018\/02\/image3.png\"\/><div class=\"title\"><h5>Thecamp<\/h5><\/div><\/div><\/a><div class=\"logo-container\"><a target=\"_blank\" rel=\"nofollow\" href=\"https:\/\/www.tvt.fr\/\" title=\"TVT Innovation\"><img decoding=\"async\" alt=\"Logo TVT Innovation\" src=\"https:\/\/www.aktantis.com\/wp-content\/uploads\/2021\/03\/TVT-Innovation.jpg\"\/><div class=\"title\"><h5>TVT Innovation<\/h5><\/div><\/div><\/a><div class=\"logo-container\"><a target=\"_blank\" rel=\"nofollow\" href=\"https:\/\/www.investinvaucluseprovence.com\/\" title=\"Vaucluse Provence Attractivit\u00e9\"><img decoding=\"async\" alt=\"Logo Vaucluse Provence Attractivit\u00e9\" src=\"https:\/\/www.aktantis.com\/wp-content\/uploads\/2018\/02\/vaucluse-provence-attractivite.png\"\/><div class=\"title\"><h5>Vaucluse Provence Attractivit\u00e9<\/h5><\/div><\/div><\/a>    <\/div>\r\n    [\/vc_column][\/vc_row][vc_row el_id=&#8221;institutions&#8221; css=&#8221;.vc_custom_1731583906775{margin-bottom: 60px !important;}&#8221;][vc_column][vc_column_text css=&#8221;&#8221;]<\/p>\n<h3>MEMBER OF INTERNATIONAL INSTITUTIONS &amp; ASSOCIATIONS :<\/h3>\n<p>[\/vc_column_text]\r\n    <div class=\"logo-list acteur_area scs-membre\">\r\n    <div class=\"logo-container\"><a target=\"_blank\" rel=\"nofollow\" href=\"https:\/\/www.ensure-collaborative.eu\/\" title=\"EnSure collaborative\"><img decoding=\"async\" alt=\"Logo EnSure collaborative\" src=\"https:\/\/www.aktantis.com\/wp-content\/uploads\/2022\/05\/ensure_logo_vector_RGB.png\"\/><div class=\"title\"><h5>EnSure collaborative<\/h5><\/div><\/div><\/a><div class=\"logo-container\"><a target=\"_blank\" rel=\"nofollow\" href=\"https:\/\/www.eurosmart.com\/\" title=\"Eurosmart\"><img decoding=\"async\" alt=\"Logo Eurosmart\" src=\"https:\/\/www.aktantis.com\/wp-content\/uploads\/2021\/03\/EUROSMART.png\"\/><div class=\"title\"><h5>Eurosmart<\/h5><\/div><\/div><\/a><div class=\"logo-container\"><a target=\"_blank\" rel=\"nofollow\" href=\"https:\/\/globalepic.org\/\" title=\"Global Epic\"><img decoding=\"async\" alt=\"Logo Global Epic\" src=\"https:\/\/www.aktantis.com\/wp-content\/uploads\/2021\/03\/GlobalEpic_Logo_COLOUR.png\"\/><div class=\"title\"><h5>Global Epic<\/h5><\/div><\/div><\/a><div class=\"logo-container\"><a target=\"_blank\" rel=\"nofollow\" nohref title=\"Industry IoT Consortium\"><img decoding=\"async\" alt=\"Logo Industry IoT Consortium\" src=\"https:\/\/www.aktantis.com\/wp-content\/uploads\/2024\/11\/IIC-DTC-merger-logo.svg\"\/><div class=\"title\"><h5>Industry IoT Consortium<\/h5><\/div><\/div><\/a><div class=\"logo-container\"><a target=\"_blank\" rel=\"nofollow\" href=\"https:\/\/move2digital.eu\/\" title=\"Move2Digital\"><img decoding=\"async\" alt=\"Logo Move2Digital\" src=\"https:\/\/www.aktantis.com\/wp-content\/uploads\/2022\/05\/logo-M2D-white.png\"\/><div class=\"title\"><h5>Move2Digital<\/h5><\/div><\/div><\/a><div class=\"logo-container\"><a target=\"_blank\" rel=\"nofollow\" href=\"https:\/\/www.silicon-europe.eu\/home\/\" title=\"Silicon Europe\"><img decoding=\"async\" alt=\"Logo Silicon Europe\" src=\"https:\/\/www.aktantis.com\/wp-content\/uploads\/2022\/05\/silicon-europe.png\"\/><div class=\"title\"><h5>Silicon Europe<\/h5><\/div><\/div><\/a>    <\/div>\r\n    [\/vc_column][\/vc_row][vc_row el_id=&#8221;partenaires&#8221;][vc_column][vc_column_text css=&#8221;&#8221;]<\/p>\n<h3>OUR EUROPEAN AND INTERNATIONAL PARTNERS :<\/h3>\n<p>[\/vc_column_text][vc_single_image image=&#8221;91158696&#8243; img_size=&#8221;full&#8221; alignment=&#8221;center&#8221;][\/vc_column][\/vc_row][vc_row][vc_column width=&#8221;1\/4&#8243;][vc_column_text]<strong>AUSTRIA :<\/strong><br \/>\n<a href=\"https:\/\/www.silicon-alps.at\/\" target=\"_blank\" rel=\"noopener noreferrer\">Silicon Alps<\/a><\/p>\n<p>&nbsp;<\/p>\n<p><strong>BELGIUM :<\/strong><br \/>\n<a href=\"http:\/\/www.dspvalley.com\" target=\"_blank\" rel=\"noopener noreferrer\">DSP Valley<\/a><br \/>\n<a href=\"https:\/\/www.leadersinsecurity.org\/\" target=\"_blank\" rel=\"noopener noreferrer\">LSEC \u2013 Leaders in Security<\/a><br \/>\n<a href=\"http:\/\/clusters.wallonie.be\/plastiwin-fr\/\" target=\"_blank\" rel=\"noopener noreferrer\">Plastiwin<\/a><br \/>\n<a href=\"https:\/\/www.polemecatech.be\/\" target=\"_blank\" rel=\"noopener noreferrer\">P\u00f4le Mecatech<\/a><\/p>\n<p>&nbsp;<\/p>\n<p><strong>BULGARIA<\/strong><br \/>\n<a href=\"http:\/\/srednogorie.eu\/\" target=\"_blank\" rel=\"noopener noreferrer\">Industrial Cluster Srednegorie<\/a><\/p>\n<p>&nbsp;<\/p>\n<p><strong>CZECH REPUBLIC<\/strong><br \/>\n<a href=\"http:\/\/www.nanoprogress.eu\/\" target=\"_blank\" rel=\"noopener noreferrer\">Nanoprogress<\/a><\/p>\n<p>&nbsp;<\/p>\n<p><strong>DENMARK<\/strong><br \/>\n<a href=\"https:\/\/censec.dk\/en\/\" target=\"_blank\" rel=\"noopener noreferrer\">CENSEC<\/a><\/p>\n<p>&nbsp;<\/p>\n<p><strong>ENGLAND<\/strong><br \/>\n<a href=\"http:\/\/www.the-mtc.org\/\" target=\"_blank\" rel=\"noopener noreferrer\">Manufacturing Technology Center<\/a><\/p>\n<p>[\/vc_column_text][\/vc_column][vc_column width=&#8221;1\/4&#8243;][vc_column_text]<strong>GERMANY :<\/strong><br \/>\n<a href=\"http:\/\/www.balticnet-plasmatec.org\/\" target=\"_blank\" rel=\"noopener noreferrer\">BalticNet-Plasmatech<\/a><br \/>\n<a href=\"http:\/\/www.bicc-net.de\" target=\"_blank\" rel=\"noopener noreferrer\">BICCNET<\/a><br \/>\n<a href=\"http:\/\/www.cyberforum.de\" target=\"_blank\" rel=\"noopener noreferrer\">CyberForum<\/a><br \/>\n<a href=\"https:\/\/www.microtec-suedwest.de\/\" target=\"_blank\" rel=\"noopener noreferrer\">microTEC S\u00fcdwest<\/a><br \/>\n<a href=\"https:\/\/it-security-munich.net\/ueber-uns\/about-us-english\/\" target=\"_blank\" rel=\"noopener noreferrer\">Security Network Munich<\/a><br \/>\n<a href=\"https:\/\/www.silicon-saxony.de\/en\/home\/\" target=\"_blank\" rel=\"noopener noreferrer\">Silicon Saxony<\/a><\/p>\n<p>&nbsp;<\/p>\n<p><strong>HUNGARY :<\/strong><br \/>\n<a href=\"http:\/\/www.archenerg.eu\/\" target=\"_blank\" rel=\"noopener noreferrer\">Archenerg<\/a><\/p>\n<p>&nbsp;<\/p>\n<p><strong>IRELAND :\u00a0<\/strong><br \/>\n<a href=\"http:\/\/www.midasireland.ie\/\" target=\"_blank\" rel=\"noopener noreferrer\">Midas<\/a><\/p>\n<p>&nbsp;<\/p>\n<p><b>ITALY<\/b><strong>\u00a0:<\/strong><br \/>\n<a href=\"https:\/\/www.luceinveneto.com\/\" target=\"_blank\" rel=\"noopener noreferrer\">Luce in Veneto<\/a><br \/>\n<a href=\"http:\/\/www.mesap.it\" target=\"_blank\" rel=\"noopener noreferrer\">Mesap<\/a><br \/>\n<a href=\"http:\/\/torinowireless.it\" target=\"_blank\" rel=\"noopener noreferrer\">Torino wireless<\/a>[\/vc_column_text][\/vc_column][vc_column width=&#8221;1\/4&#8243;][vc_column_text]<strong>LATVIA :<\/strong><br \/>\n<a href=\"https:\/\/www.itbaltic.com\/\" target=\"_blank\" rel=\"noopener noreferrer\">Latvian IT Cluster<\/a><\/p>\n<p>&nbsp;<\/p>\n<p><strong>NETHERLANDS :<\/strong><br \/>\n<a href=\"https:\/\/www.thehaguesecuritydelta.com\/\" target=\"_blank\" rel=\"noopener noreferrer\">Hague Security Delta<\/a><br \/>\n<a href=\"http:\/\/www.hightechnl.nl\/about-high-tech-nl\" target=\"_blank\" rel=\"noopener noreferrer\">High Tech NL<\/a><\/p>\n<p>&nbsp;<\/p>\n<p><strong>POLAND :<\/strong><br \/>\n<a href=\"http:\/\/klasterict.pl\/strona-glowna\" target=\"_blank\" rel=\"noopener noreferrer\">Mazowiecki Klaster ICT<\/a><br \/>\n<a href=\"http:\/\/ecict.eu\/en\/home\" target=\"_blank\" rel=\"noopener noreferrer\">Wischodni Klaster ICT<\/a><\/p>\n<p>&nbsp;<\/p>\n<p><strong>PORTUGAL :<\/strong><br \/>\n<a href=\"http:\/\/www.inovcluster.pt\/language\/en\/\" target=\"_blank\" rel=\"noopener noreferrer\">InovCluster<\/a><br \/>\n<a href=\"http:\/\/www.produtech.org\/\" target=\"_blank\" rel=\"noopener noreferrer\">Produtech<\/a><br \/>\n<a href=\"http:\/\/www.tice.pt\" target=\"_blank\" rel=\"noopener noreferrer\">tice.pt<\/a>[\/vc_column_text][\/vc_column][vc_column width=&#8221;1\/4&#8243;][vc_column_text]<strong>SLOVENIA<\/strong><br \/>\n<a href=\"https:\/\/itc-cluster.com\/\" target=\"_blank\" rel=\"noopener noreferrer\">ITC Cluster<\/a><\/p>\n<p>&nbsp;<\/p>\n<p><strong>SPAIN :<\/strong><br \/>\n<a href=\"http:\/\/www.amueblacooperacion.es\/en\" target=\"_blank\" rel=\"noopener noreferrer\">Amuebla<\/a><br \/>\n<a href=\"http:\/\/www.canariasexcelenciatecnologica.com\/\" target=\"_blank\" rel=\"noopener noreferrer\">Canarias Excellencia Technologica<\/a><br \/>\n<a href=\"http:\/\/www.gaia.es\/\" target=\"_blank\" rel=\"noopener noreferrer\">GAIA<\/a><br \/>\n<a href=\"http:\/\/www.packagingcluster.com\/en\" target=\"_blank\" rel=\"noopener noreferrer\">Packaging Cluster<\/a><br \/>\n<a href=\"http:\/\/www.secpho.org\/\" target=\"_blank\" rel=\"noopener noreferrer\">SECPhO<\/a><br \/>\n<a href=\"https:\/\/www.secartys.org\/es\/\" target=\"_blank\" rel=\"noopener noreferrer\">Secartys<\/a><br \/>\n<a href=\"http:\/\/solartys.org\/en\" target=\"_blank\" rel=\"noopener noreferrer\">Solartys<\/a><\/p>\n<p>&nbsp;<\/p>\n<p><b>SWEDEN<\/b><strong> :<\/strong><br \/>\n<a href=\"http:\/\/mitc.nu\/\" target=\"_blank\" rel=\"noopener noreferrer\">Malardalen Industrial Technology Center<\/a><br \/>\n<a href=\"http:\/\/mobileheights.org\" target=\"_blank\" rel=\"noopener noreferrer\">Mobile Heights<\/a>[\/vc_column_text][\/vc_column][\/vc_row]<\/p>\n<\/div>","protected":false},"excerpt":{"rendered":"","protected":false},"author":1,"featured_media":0,"parent":91132255,"menu_order":0,"comment_status":"closed","ping_status":"closed","template":"","meta":{"footnotes":""},"class_list":["post-91173993","page","type-page","status-publish","hentry"],"yoast_head":"<!-- This site is optimized with the Yoast SEO plugin v25.8 - https:\/\/yoast.com\/wordpress\/plugins\/seo\/ -->\n<title>Our partners | AKTANTIS<\/title>\n<meta name=\"description\" content=\"To increase the visibility of its actions and that of its members, AKTANTIS relies on a network of international partners.\" \/>\n<meta name=\"robots\" content=\"index, follow, max-snippet:-1, max-image-preview:large, max-video-preview:-1\" \/>\n<link rel=\"canonical\" href=\"https:\/\/www.aktantis.com\/ecosysteme\/partenaires\/\" \/>\n<meta property=\"og:locale\" content=\"en_US\" \/>\n<meta property=\"og:type\" content=\"article\" \/>\n<meta property=\"og:title\" content=\"Our partners | AKTANTIS\" \/>\n<meta property=\"og:description\" content=\"To increase the visibility of its actions and that of its members, AKTANTIS relies on a network of international partners.\" \/>\n<meta property=\"og:url\" content=\"https:\/\/www.aktantis.com\/ecosysteme\/partenaires\/\" \/>\n<meta property=\"og:site_name\" content=\"AKTANTIS\" \/>\n<meta property=\"article:publisher\" content=\"https:\/\/www.facebook.com\/PoleSCS\/\" \/>\n<meta property=\"article:modified_time\" content=\"2024-11-14T11:31:59+00:00\" \/>\n<meta name=\"twitter:card\" content=\"summary_large_image\" \/>\n<meta name=\"twitter:site\" content=\"@Pole_SCS\" \/>\n<script type=\"application\/ld+json\" class=\"yoast-schema-graph\">{\"@context\":\"https:\/\/schema.org\",\"@graph\":[{\"@type\":\"WebPage\",\"@id\":\"https:\/\/www.aktantis.com\/ecosysteme\/partenaires\/\",\"url\":\"https:\/\/www.aktantis.com\/ecosysteme\/partenaires\/\",\"name\":\"Our partners | AKTANTIS\",\"isPartOf\":{\"@id\":\"https:\/\/www.aktantis.com\/#website\"},\"datePublished\":\"2018-01-11T18:43:41+00:00\",\"dateModified\":\"2024-11-14T11:31:59+00:00\",\"description\":\"To increase the visibility of its actions and that of its members, AKTANTIS relies on a network of international partners.\",\"breadcrumb\":{\"@id\":\"https:\/\/www.aktantis.com\/ecosysteme\/partenaires\/#breadcrumb\"},\"inLanguage\":\"en-US\",\"potentialAction\":[{\"@type\":\"ReadAction\",\"target\":[\"https:\/\/www.aktantis.com\/ecosysteme\/partenaires\/\"]}]},{\"@type\":\"BreadcrumbList\",\"@id\":\"https:\/\/www.aktantis.com\/ecosysteme\/partenaires\/#breadcrumb\",\"itemListElement\":[{\"@type\":\"ListItem\",\"position\":1,\"name\":\"Accueil\",\"item\":\"https:\/\/www.aktantis.com\/en\/\"},{\"@type\":\"ListItem\",\"position\":2,\"name\":\"Ecosystem\",\"item\":\"https:\/\/www.aktantis.com\/ecosysteme\/\"},{\"@type\":\"ListItem\",\"position\":3,\"name\":\"Our partners\"}]},{\"@type\":\"WebSite\",\"@id\":\"https:\/\/www.aktantis.com\/#website\",\"url\":\"https:\/\/www.aktantis.com\/\",\"name\":\"AKTANTIS\",\"description\":\"1er \u00e9cosyst\u00e8me europ\u00e9en\",\"publisher\":{\"@id\":\"https:\/\/www.aktantis.com\/#organization\"},\"potentialAction\":[{\"@type\":\"SearchAction\",\"target\":{\"@type\":\"EntryPoint\",\"urlTemplate\":\"https:\/\/www.aktantis.com\/?s={search_term_string}\"},\"query-input\":{\"@type\":\"PropertyValueSpecification\",\"valueRequired\":true,\"valueName\":\"search_term_string\"}}],\"inLanguage\":\"en-US\"},{\"@type\":\"Organization\",\"@id\":\"https:\/\/www.aktantis.com\/#organization\",\"name\":\"Aktantis\",\"url\":\"https:\/\/www.aktantis.com\/\",\"logo\":{\"@type\":\"ImageObject\",\"inLanguage\":\"en-US\",\"@id\":\"https:\/\/www.aktantis.com\/#\/schema\/logo\/image\/\",\"url\":\"https:\/\/www.aktantis.com\/wp-content\/uploads\/2018\/03\/cropped-logo_scs.png\",\"contentUrl\":\"https:\/\/www.aktantis.com\/wp-content\/uploads\/2018\/03\/cropped-logo_scs.png\",\"width\":720,\"height\":250,\"caption\":\"Aktantis\"},\"image\":{\"@id\":\"https:\/\/www.aktantis.com\/#\/schema\/logo\/image\/\"},\"sameAs\":[\"https:\/\/www.facebook.com\/PoleSCS\/\",\"https:\/\/x.com\/Pole_SCS\",\"https:\/\/www.linkedin.com\/company\/pole-scs\/\"]}]}<\/script>\n<!-- \/ Yoast SEO plugin. -->","yoast_head_json":{"title":"Our partners | AKTANTIS","description":"To increase the visibility of its actions and that of its members, AKTANTIS relies on a network of international partners.","robots":{"index":"index","follow":"follow","max-snippet":"max-snippet:-1","max-image-preview":"max-image-preview:large","max-video-preview":"max-video-preview:-1"},"canonical":"https:\/\/www.aktantis.com\/ecosysteme\/partenaires\/","og_locale":"en_US","og_type":"article","og_title":"Our partners | AKTANTIS","og_description":"To increase the visibility of its actions and that of its members, AKTANTIS relies on a network of international partners.","og_url":"https:\/\/www.aktantis.com\/ecosysteme\/partenaires\/","og_site_name":"AKTANTIS","article_publisher":"https:\/\/www.facebook.com\/PoleSCS\/","article_modified_time":"2024-11-14T11:31:59+00:00","twitter_card":"summary_large_image","twitter_site":"@Pole_SCS","schema":{"@context":"https:\/\/schema.org","@graph":[{"@type":"WebPage","@id":"https:\/\/www.aktantis.com\/ecosysteme\/partenaires\/","url":"https:\/\/www.aktantis.com\/ecosysteme\/partenaires\/","name":"Our partners | AKTANTIS","isPartOf":{"@id":"https:\/\/www.aktantis.com\/#website"},"datePublished":"2018-01-11T18:43:41+00:00","dateModified":"2024-11-14T11:31:59+00:00","description":"To increase the visibility of its actions and that of its members, AKTANTIS relies on a network of international partners.","breadcrumb":{"@id":"https:\/\/www.aktantis.com\/ecosysteme\/partenaires\/#breadcrumb"},"inLanguage":"en-US","potentialAction":[{"@type":"ReadAction","target":["https:\/\/www.aktantis.com\/ecosysteme\/partenaires\/"]}]},{"@type":"BreadcrumbList","@id":"https:\/\/www.aktantis.com\/ecosysteme\/partenaires\/#breadcrumb","itemListElement":[{"@type":"ListItem","position":1,"name":"Accueil","item":"https:\/\/www.aktantis.com\/en\/"},{"@type":"ListItem","position":2,"name":"Ecosystem","item":"https:\/\/www.aktantis.com\/ecosysteme\/"},{"@type":"ListItem","position":3,"name":"Our partners"}]},{"@type":"WebSite","@id":"https:\/\/www.aktantis.com\/#website","url":"https:\/\/www.aktantis.com\/","name":"AKTANTIS","description":"1er \u00e9cosyst\u00e8me europ\u00e9en","publisher":{"@id":"https:\/\/www.aktantis.com\/#organization"},"potentialAction":[{"@type":"SearchAction","target":{"@type":"EntryPoint","urlTemplate":"https:\/\/www.aktantis.com\/?s={search_term_string}"},"query-input":{"@type":"PropertyValueSpecification","valueRequired":true,"valueName":"search_term_string"}}],"inLanguage":"en-US"},{"@type":"Organization","@id":"https:\/\/www.aktantis.com\/#organization","name":"Aktantis","url":"https:\/\/www.aktantis.com\/","logo":{"@type":"ImageObject","inLanguage":"en-US","@id":"https:\/\/www.aktantis.com\/#\/schema\/logo\/image\/","url":"https:\/\/www.aktantis.com\/wp-content\/uploads\/2018\/03\/cropped-logo_scs.png","contentUrl":"https:\/\/www.aktantis.com\/wp-content\/uploads\/2018\/03\/cropped-logo_scs.png","width":720,"height":250,"caption":"Aktantis"},"image":{"@id":"https:\/\/www.aktantis.com\/#\/schema\/logo\/image\/"},"sameAs":["https:\/\/www.facebook.com\/PoleSCS\/","https:\/\/x.com\/Pole_SCS","https:\/\/www.linkedin.com\/company\/pole-scs\/"]}]}},"_links":{"self":[{"href":"https:\/\/www.aktantis.com\/en\/wp-json\/wp\/v2\/pages\/91173993","targetHints":{"allow":["GET"]}}],"collection":[{"href":"https:\/\/www.aktantis.com\/en\/wp-json\/wp\/v2\/pages"}],"about":[{"href":"https:\/\/www.aktantis.com\/en\/wp-json\/wp\/v2\/types\/page"}],"author":[{"embeddable":true,"href":"https:\/\/www.aktantis.com\/en\/wp-json\/wp\/v2\/users\/1"}],"replies":[{"embeddable":true,"href":"https:\/\/www.aktantis.com\/en\/wp-json\/wp\/v2\/comments?post=91173993"}],"version-history":[{"count":7,"href":"https:\/\/www.aktantis.com\/en\/wp-json\/wp\/v2\/pages\/91173993\/revisions"}],"predecessor-version":[{"id":91174223,"href":"https:\/\/www.aktantis.com\/en\/wp-json\/wp\/v2\/pages\/91173993\/revisions\/91174223"}],"up":[{"embeddable":true,"href":"https:\/\/www.aktantis.com\/en\/wp-json\/wp\/v2\/pages\/91132255"}],"wp:attachment":[{"href":"https:\/\/www.aktantis.com\/en\/wp-json\/wp\/v2\/media?parent=91173993"}],"curies":[{"name":"wp","href":"https:\/\/api.w.org\/{rel}","templated":true}]}}