{"id":91170350,"date":"2024-03-18T17:16:28","date_gmt":"2024-03-18T16:16:28","guid":{"rendered":"https:\/\/www.aktantis.com\/nero-advanced-cybersecurity-awareness-ecosystem-for-smes-3\/"},"modified":"2024-03-25T10:46:12","modified_gmt":"2024-03-25T09:46:12","slug":"nero-advanced-cybersecurity-awareness-ecosystem-for-smes","status":"publish","type":"page","link":"https:\/\/www.aktantis.com\/en\/innovation\/europe\/nero-advanced-cybersecurity-awareness-ecosystem-for-smes\/","title":{"rendered":"NERO &#8211; Advanced Cybersecurity Awareness Ecosystem for SMEs"},"content":{"rendered":"<div class=\"wpb-content-wrapper\"><p>[vc_row][vc_column][vc_column_text]<\/p>\n<h1><\/h1>\n<h1 style=\"text-align: center;\"><strong>NERO<br \/>\nadvaNced cybErsecurity awaReness ecOsystem for SMEs<\/strong><\/h1>\n<p>&nbsp;<\/p>\n<p><img loading=\"lazy\" decoding=\"async\" class=\"size-medium wp-image-91170311 aligncenter\" src=\"https:\/\/www.aktantis.com\/wp-content\/uploads\/2024\/03\/NERO-logo-300x200.jpg\" alt=\"\" width=\"300\" height=\"200\" srcset=\"https:\/\/www.aktantis.com\/wp-content\/uploads\/2024\/03\/NERO-logo-300x200.jpg 300w, https:\/\/www.aktantis.com\/wp-content\/uploads\/2024\/03\/NERO-logo-768x512.jpg 768w, https:\/\/www.aktantis.com\/wp-content\/uploads\/2024\/03\/NERO-logo-160x107.jpg 160w, https:\/\/www.aktantis.com\/wp-content\/uploads\/2024\/03\/NERO-logo-134x89.jpg 134w, https:\/\/www.aktantis.com\/wp-content\/uploads\/2024\/03\/NERO-logo.jpg 900w\" sizes=\"auto, (max-width: 300px) 100vw, 300px\" \/><\/p>\n<p>The European project NERO is an advanced Cybersecurity Ecosystem provisioned to offer a Cybersecurity Awareness program and to best educate and develop a security-first culture amongst SMEs employees on how to mitigate the impact of cyber threats and incorporate activities, resources, and training to foster a cyber security culture.<\/p>\n<p>NERO focuses on the following challenges:<\/p>\n<ol>\n<li>Cyber Threats &amp; Disruptions: Nero tackles the increasing number and sophistication of cyber threats, addressing the potential harm to both individuals and organisations.<\/li>\n<li>AI-Enabled Threats: NERO addresses the rise of AI-enabled disinformation and threats, such as malware, social engineering, data theft and supply chain.<\/li>\n<li>SME Vulnerability: NERO recognises the vulnarability of SMEs to cybercrime, aiming to bridge the awareness gap by providing tailored cybersecurity solutions.<\/li>\n<li>Importance for SMEs: Considering SMEs as the backbone of the European economy, NERO acknowledges the challenges they face and aims to enhance their cybersecurity resilience.<\/li>\n<\/ol>\n<p>The overall objective of NERO is to promote the adoption and the dissemination of innovative cybersecurity solutions (particularly within SMEs, and via the results of research financed by European public funds), and to improve knowledge and cybersecurity audits.<\/p>\n<p>Two main actions will be implemented:<\/p>\n<ol>\n<li>Design a cybersecurity awareness program focused on SMEs to fight cybercrime by providing a repository of cyber immunity toolkits; a support program on cyber resilience and training for cybersecurity awareness via gamification, all via a marketplace.<\/li>\n<li>Demonstrate the benefits of NERO through 3 use cases in the health, finance, transport and logistics sectors.<\/li>\n<\/ol>\n<p>&nbsp;<\/p>\n<p>In this project, SCS is particularly involved in the following activities:<\/p>\n<ol>\n<li>Contribution to market analysis and to the definition of use cases<\/li>\n<li>Contribution to the technology assessment of cybersecurity tools<\/li>\n<li>Dissemination of the training offer and use cases to SMEs<\/li>\n<li>Clustering with other entities<\/li>\n<\/ol>\n<p><b>\u00a0<\/b><\/p>\n<h4><b><span data-contrast=\"auto\">Events<\/span><\/b><\/h4>\n<p><b><br \/>\n<\/b><span class=\"TextRun SCXW257300126 BCX8\" lang=\"FR-FR\" xml:lang=\"FR-FR\" data-contrast=\"auto\"><span class=\"NormalTextRun SCXW257300126 BCX8\">13<\/span><span class=\"NormalTextRun SCXW257300126 BCX8\">\/12\/2023 \u2013 Kick-<\/span><span class=\"NormalTextRun AdvancedProofingIssueV2Themed SCXW257300126 BCX8\">off meeting<\/span> <span class=\"NormalTextRun SCXW257300126 BCX8\">in <\/span><span class=\"NormalTextRun SpellingErrorV2Themed SCXW257300126 BCX8\">Athens<\/span><span class=\"NormalTextRun SCXW257300126 BCX8\">, <\/span><span class=\"NormalTextRun SCXW257300126 BCX8\">Greece<\/span><\/span><span class=\"LineBreakBlob BlobObject DragDrop SCXW257300126 BCX8\"><br class=\"SCXW257300126 BCX8\" \/><\/span><span class=\"TextRun SCXW257300126 BCX8\" lang=\"FR-FR\" xml:lang=\"FR-FR\" data-contrast=\"auto\"><span class=\"NormalTextRun SCXW257300126 BCX8\">05\/2024 &#8211; Consortium <\/span><span class=\"NormalTextRun AdvancedProofingIssueV2Themed SCXW257300126 BCX8\">meeting<\/span><span class=\"NormalTextRun SCXW257300126 BCX8\"> in <\/span><span class=\"NormalTextRun SCXW257300126 BCX8\">Thessaloniki<\/span><span class=\"NormalTextRun SCXW257300126 BCX8\">, <\/span><span class=\"NormalTextRun SpellingErrorV2Themed SCXW257300126 BCX8\">Greece<\/span><\/span><span class=\"EOP SCXW257300126 BCX8\" data-ccp-props=\"{&quot;201341983&quot;:0,&quot;335559739&quot;:160,&quot;335559740&quot;:259}\">\u00a0<\/span><b><br \/>\n<\/b><\/p>\n<p><b>\u00a0<\/b><\/p>\n<h4><b><span data-contrast=\"auto\">Project details<\/span><\/b><\/h4>\n<p><b><br \/>\n<\/b><span class=\"TextRun SCXW103835116 BCX8\" lang=\"FR-FR\" xml:lang=\"FR-FR\" data-contrast=\"auto\"><span class=\"NormalTextRun SCXW103835116 BCX8\">Program<\/span><span class=\"NormalTextRun SCXW103835116 BCX8\">me<\/span><span class=\"NormalTextRun SCXW103835116 BCX8\"> :<\/span><span class=\"NormalTextRun SCXW103835116 BCX8\"> Digital Europe Programme (DIGITAL)<\/span><\/span><span class=\"LineBreakBlob BlobObject DragDrop SCXW103835116 BCX8\"><span class=\"SCXW103835116 BCX8\">\u00a0<\/span><br class=\"SCXW103835116 BCX8\" \/><\/span><span class=\"TextRun SCXW103835116 BCX8\" lang=\"FR-FR\" xml:lang=\"FR-FR\" data-contrast=\"auto\"><span class=\"NormalTextRun SCXW103835116 BCX8\">Duration<\/span><span class=\"NormalTextRun SCXW103835116 BCX8\"> :<\/span><span class=\"NormalTextRun SCXW103835116 BCX8\"> 36 <\/span><span class=\"NormalTextRun SpellingErrorV2Themed SCXW103835116 BCX8\">months<\/span><span class=\"NormalTextRun SCXW103835116 BCX8\"> (01-12-2023 \u2013 <\/span><span class=\"NormalTextRun SCXW103835116 BCX8\">30<\/span><span class=\"NormalTextRun SCXW103835116 BCX8\">-1<\/span><span class=\"NormalTextRun SCXW103835116 BCX8\">1<\/span><span class=\"NormalTextRun SCXW103835116 BCX8\">-2026)<\/span><\/span><span class=\"LineBreakBlob BlobObject DragDrop SCXW103835116 BCX8\"><span class=\"SCXW103835116 BCX8\">\u00a0<\/span><br class=\"SCXW103835116 BCX8\" \/><\/span><span class=\"TextRun SCXW103835116 BCX8\" lang=\"FR-FR\" xml:lang=\"FR-FR\" data-contrast=\"auto\"><span class=\"NormalTextRun SCXW103835116 BCX8\">Coordinator<\/span><span class=\"NormalTextRun SCXW103835116 BCX8\"> :<\/span> <span class=\"NormalTextRun SpellingErrorV2Themed SCXW103835116 BCX8\">Trustilio<\/span><\/span><\/p>\n<h4><span class=\"TextRun SCXW63957291 BCX8\" lang=\"FR-FR\" xml:lang=\"FR-FR\" data-contrast=\"auto\"><span class=\"NormalTextRun SCXW63957291 BCX8\">Project partners<\/span><\/span><\/h4>\n<p><a href=\"https:\/\/trustilio.com\/\"><span data-contrast=\"none\">Trustilio<\/span><\/a><span data-contrast=\"auto\"> (The Netherlands)<\/span><br \/>\n<a href=\"https:\/\/ebos.com.cy\/\"><span data-contrast=\"none\">EBOS TECHNOLOGIES<\/span><\/a><span data-contrast=\"auto\"> (Cyprus)<\/span><br \/>\n<a href=\"https:\/\/www.massivedynamic.se\/\"><span data-contrast=\"none\">Massive Dynamic Sweden<\/span><\/a><span data-contrast=\"auto\"> (Sweden)<\/span><br \/>\n<span data-contrast=\"auto\">MetaMind Innovations (MINDS) (Greece)<\/span><br \/>\n<a href=\"https:\/\/www.montimage.com\/\"><span data-contrast=\"none\">Montimage<\/span><\/a><span data-contrast=\"auto\"> (France)<\/span><br \/>\n<a href=\"https:\/\/www.pluribus-one.it\/it\/home\"><span data-contrast=\"none\">Pluribus One<\/span><\/a><span data-contrast=\"auto\"> (Italy)<\/span><br \/>\n<a href=\"https:\/\/www.trust-itservices.com\/\"><span data-contrast=\"none\">Trust-IT Services<\/span><\/a><span data-contrast=\"auto\"> (Italy)<\/span><br \/>\n<a href=\"https:\/\/commpla.com\/\"><span data-contrast=\"none\">COMMpla<\/span><\/a><span data-contrast=\"auto\"> (Italy)<\/span><br \/>\n<a href=\"https:\/\/onesource.pt\/\"><span data-contrast=\"none\">OneSource<\/span><\/a><span data-contrast=\"auto\"> (Portugal)<\/span><br \/>\n<a href=\"https:\/\/ainigma.tech\/\"><span data-contrast=\"none\">AINIGMA\u00a0<\/span><\/a><span data-contrast=\"auto\"> (Belgium)<\/span><br \/>\n<a href=\"https:\/\/ilink.gr\/\"><span data-contrast=\"none\">iLINK\u00a0<\/span><\/a><span data-contrast=\"auto\"> (Greece)<\/span><br \/>\n<a href=\"https:\/\/infotrendco.com\/\"><span data-contrast=\"none\">INFOTREND<\/span><\/a><span data-contrast=\"auto\"> (Cyprus)<\/span><span data-ccp-props=\"{&quot;134233117&quot;:false,&quot;134233118&quot;:false,&quot;201341983&quot;:0,&quot;335551550&quot;:1,&quot;335551620&quot;:1,&quot;335559685&quot;:0,&quot;335559737&quot;:0,&quot;335559738&quot;:0,&quot;335559739&quot;:160,&quot;335559740&quot;:259}\">\u00a0<\/span><\/p>\n<p><span data-contrast=\"auto\">Aktantis (France)<\/span><br \/>\n<a href=\"https:\/\/senetics.de\/en\/company\/\"><span data-contrast=\"none\">Senetics Healthcare Group<\/span><\/a><span data-contrast=\"auto\"> (Germany)<\/span><br \/>\n<span data-contrast=\"auto\">UNIVERSITY OF PIRAEUS RESEARCH CENTER (Greece)<\/span><br \/>\n<span data-contrast=\"auto\">SPHYNX HELLAS (Greece)<\/span><\/p>\n<p><b>\u00a0<\/b><\/p>\n<h4><b><span data-contrast=\"auto\">Communication<\/span><\/b><\/h4>\n<p>&nbsp;<\/p>\n<p><a class=\"Hyperlink SCXW46395383 BCX8\" href=\"https:\/\/nerocybersecurity.eu\/\" target=\"_blank\" rel=\"noreferrer noopener\"><span class=\"TextRun Underlined SCXW46395383 BCX8\" lang=\"FR-FR\" xml:lang=\"FR-FR\" data-contrast=\"none\"><span class=\"NormalTextRun SCXW46395383 BCX8\" data-ccp-charstyle=\"Hyperlink\">Website<\/span><\/span><\/a><span class=\"LineBreakBlob BlobObject DragDrop SCXW46395383 BCX8\"><span class=\"SCXW46395383 BCX8\">\u00a0<\/span><br class=\"SCXW46395383 BCX8\" \/><\/span><a class=\"Hyperlink SCXW46395383 BCX8\" href=\"https:\/\/www.linkedin.com\/company\/nero-cybersecurity\/\" target=\"_blank\" rel=\"noreferrer noopener\"><span class=\"TextRun Underlined SCXW46395383 BCX8\" lang=\"FR-FR\" xml:lang=\"FR-FR\" data-contrast=\"none\"><span class=\"NormalTextRun SCXW46395383 BCX8\" data-ccp-charstyle=\"Hyperlink\">LinkedIn<\/span><\/span><\/a><span class=\"LineBreakBlob BlobObject DragDrop SCXW46395383 BCX8\"><span class=\"SCXW46395383 BCX8\">\u00a0<\/span><br class=\"SCXW46395383 BCX8\" \/><\/span><a class=\"Hyperlink SCXW46395383 BCX8\" href=\"https:\/\/twitter.com\/NEROcybersec\" target=\"_blank\" rel=\"noreferrer noopener\"><span class=\"TextRun Underlined SCXW46395383 BCX8\" lang=\"FR-FR\" xml:lang=\"FR-FR\" data-contrast=\"none\"><span class=\"NormalTextRun SCXW46395383 BCX8\" data-ccp-charstyle=\"Hyperlink\">X<\/span><\/span><\/a><span class=\"TextRun SCXW46395383 BCX8\" lang=\"FR-FR\" xml:lang=\"FR-FR\" data-contrast=\"auto\"><span class=\"NormalTextRun SCXW46395383 BCX8\"> (Twitter)<\/span><\/span><span class=\"LineBreakBlob BlobObject DragDrop SCXW46395383 BCX8\"><span class=\"SCXW46395383 BCX8\">\u00a0<\/span><br class=\"SCXW46395383 BCX8\" \/><\/span><a class=\"Hyperlink SCXW46395383 BCX8\" href=\"https:\/\/www.youtube.com\/channel\/UCjY8_0CPhd8_m8BWAirg0pQ\" target=\"_blank\" rel=\"noreferrer noopener\"><span class=\"TextRun Underlined SCXW46395383 BCX8\" lang=\"FR-FR\" xml:lang=\"FR-FR\" data-contrast=\"none\"><span class=\"NormalTextRun SCXW46395383 BCX8\" data-ccp-charstyle=\"Hyperlink\">Youtube<\/span><\/span><\/a><span class=\"LineBreakBlob BlobObject DragDrop SCXW46395383 BCX8\"><span class=\"SCXW46395383 BCX8\">\u00a0<\/span><br class=\"SCXW46395383 BCX8\" \/><\/span><a class=\"Hyperlink SCXW46395383 BCX8\" href=\"https:\/\/zenodo.org\/communities\/nerocybersec\/records?q=&amp;l=list&amp;p=1&amp;s=10&amp;sort=newest\" target=\"_blank\" rel=\"noreferrer noopener\"><span class=\"TextRun Underlined SCXW46395383 BCX8\" lang=\"FR-FR\" xml:lang=\"FR-FR\" data-contrast=\"none\"><span class=\"NormalTextRun SCXW46395383 BCX8\" data-ccp-charstyle=\"Hyperlink\">Zenodo<\/span><\/span><\/a><span class=\"LineBreakBlob BlobObject DragDrop SCXW46395383 BCX8\"><span class=\"SCXW46395383 BCX8\">\u00a0<\/span><br class=\"SCXW46395383 BCX8\" \/><\/span><a class=\"Hyperlink SCXW46395383 BCX8\" href=\"https:\/\/nerocybersecurity.eu\/news\/nero-project-launched-download-press-release-now?utm_source=twitter.com&amp;utm_medium=social&amp;utm_campaign=nero_pressrelease\" target=\"_blank\" rel=\"noreferrer noopener\"><span class=\"TextRun Underlined SCXW46395383 BCX8\" lang=\"FR-FR\" xml:lang=\"FR-FR\" data-contrast=\"none\"><span class=\"NormalTextRun SCXW46395383 BCX8\" data-ccp-charstyle=\"Hyperlink\">Press release<\/span><\/span><\/a><\/p>\n<p><b>\u00a0<\/b><\/p>\n<h4><b><span data-contrast=\"auto\">Contacts<\/span><\/b><\/h4>\n<p><b><br \/>\n<\/b>Marielle Campanella : <a href=\"mailto:marielle.campanella@aktantis.com\">marielle.campanella@aktantis.com<\/a><br \/>\nAna\u00efs Mispolet : <a href=\"mailto:anais.mispolet@aktantis.com\">anais.mispolet@aktantis.com<\/a><\/p>\n<p>&nbsp;<\/p>\n<p><img loading=\"lazy\" decoding=\"async\" class=\"alignnone wp-image-91170476 size-medium\" src=\"https:\/\/www.aktantis.com\/wp-content\/uploads\/2024\/03\/funded-by-EU-blue-300x63.jpg\" alt=\"\" width=\"300\" height=\"63\" srcset=\"https:\/\/www.aktantis.com\/wp-content\/uploads\/2024\/03\/funded-by-EU-blue-300x63.jpg 300w, https:\/\/www.aktantis.com\/wp-content\/uploads\/2024\/03\/funded-by-EU-blue-768x161.jpg 768w, https:\/\/www.aktantis.com\/wp-content\/uploads\/2024\/03\/funded-by-EU-blue-160x34.jpg 160w, https:\/\/www.aktantis.com\/wp-content\/uploads\/2024\/03\/funded-by-EU-blue-424x89.jpg 424w, https:\/\/www.aktantis.com\/wp-content\/uploads\/2024\/03\/funded-by-EU-blue.jpg 991w\" sizes=\"auto, (max-width: 300px) 100vw, 300px\" \/> \u00a0 <img loading=\"lazy\" decoding=\"async\" class=\"alignnone wp-image-91170314 \" src=\"https:\/\/www.aktantis.com\/wp-content\/uploads\/2024\/03\/ECCC-300x98.png\" alt=\"\" width=\"279\" height=\"91\" srcset=\"https:\/\/www.aktantis.com\/wp-content\/uploads\/2024\/03\/ECCC-300x98.png 300w, https:\/\/www.aktantis.com\/wp-content\/uploads\/2024\/03\/ECCC-160x52.png 160w, https:\/\/www.aktantis.com\/wp-content\/uploads\/2024\/03\/ECCC-273x89.png 273w, https:\/\/www.aktantis.com\/wp-content\/uploads\/2024\/03\/ECCC.png 393w\" sizes=\"auto, (max-width: 279px) 100vw, 279px\" \/>[\/vc_column_text][\/vc_column][\/vc_row]<\/p>\n<\/div>","protected":false},"excerpt":{"rendered":"<p>[vc_row][vc_column][vc_column_text]<\/p>\n<p>NERO<br \/>\nadvaNced cybErsecurity awaReness ecOsystem for SMEs<br \/>\n&nbsp;<\/p>\n<p>The European project NERO is an advanced Cybersecurity Ecosystem provisioned to offer a Cybersecurity Awareness program and to best educate&#8230;<\/p>\n","protected":false},"author":1287,"featured_media":0,"parent":91148705,"menu_order":0,"comment_status":"closed","ping_status":"closed","template":"","meta":{"footnotes":""},"class_list":["post-91170350","page","type-page","status-publish","hentry"],"yoast_head":"<!-- This site is optimized with the Yoast SEO plugin v25.8 - https:\/\/yoast.com\/wordpress\/plugins\/seo\/ -->\n<title>NERO - Advanced Cybersecurity Awareness Ecosystem for SMEs<\/title>\n<meta name=\"robots\" content=\"index, follow, max-snippet:-1, max-image-preview:large, max-video-preview:-1\" \/>\n<link rel=\"canonical\" href=\"https:\/\/www.aktantis.com\/en\/innovation\/europe\/nero-advanced-cybersecurity-awareness-ecosystem-for-smes\/\" \/>\n<meta property=\"og:locale\" content=\"en_US\" \/>\n<meta property=\"og:type\" content=\"article\" \/>\n<meta property=\"og:title\" content=\"NERO - Advanced Cybersecurity Awareness Ecosystem for SMEs\" \/>\n<meta property=\"og:description\" content=\"[vc_row][vc_column][vc_column_text] NERO advaNced cybErsecurity awaReness ecOsystem for SMEs &nbsp; The European project NERO is an advanced Cybersecurity Ecosystem provisioned to offer a Cybersecurity Awareness program and to best educate...\" \/>\n<meta property=\"og:url\" content=\"https:\/\/www.aktantis.com\/en\/innovation\/europe\/nero-advanced-cybersecurity-awareness-ecosystem-for-smes\/\" \/>\n<meta property=\"og:site_name\" content=\"AKTANTIS\" \/>\n<meta property=\"article:publisher\" content=\"https:\/\/www.facebook.com\/PoleSCS\/\" \/>\n<meta property=\"article:modified_time\" content=\"2024-03-25T09:46:12+00:00\" \/>\n<meta property=\"og:image\" content=\"https:\/\/www.aktantis.com\/wp-content\/uploads\/2024\/03\/NERO-logo-300x200.jpg\" \/>\n<meta name=\"twitter:card\" content=\"summary_large_image\" \/>\n<meta name=\"twitter:site\" content=\"@Pole_SCS\" \/>\n<script type=\"application\/ld+json\" class=\"yoast-schema-graph\">{\"@context\":\"https:\/\/schema.org\",\"@graph\":[{\"@type\":\"WebPage\",\"@id\":\"https:\/\/www.aktantis.com\/en\/innovation\/europe\/nero-advanced-cybersecurity-awareness-ecosystem-for-smes\/\",\"url\":\"https:\/\/www.aktantis.com\/en\/innovation\/europe\/nero-advanced-cybersecurity-awareness-ecosystem-for-smes\/\",\"name\":\"NERO - Advanced Cybersecurity Awareness Ecosystem for SMEs\",\"isPartOf\":{\"@id\":\"https:\/\/www.aktantis.com\/#website\"},\"primaryImageOfPage\":{\"@id\":\"https:\/\/www.aktantis.com\/en\/innovation\/europe\/nero-advanced-cybersecurity-awareness-ecosystem-for-smes\/#primaryimage\"},\"image\":{\"@id\":\"https:\/\/www.aktantis.com\/en\/innovation\/europe\/nero-advanced-cybersecurity-awareness-ecosystem-for-smes\/#primaryimage\"},\"thumbnailUrl\":\"https:\/\/www.aktantis.com\/wp-content\/uploads\/2024\/03\/NERO-logo-300x200.jpg\",\"datePublished\":\"2024-03-18T16:16:28+00:00\",\"dateModified\":\"2024-03-25T09:46:12+00:00\",\"breadcrumb\":{\"@id\":\"https:\/\/www.aktantis.com\/en\/innovation\/europe\/nero-advanced-cybersecurity-awareness-ecosystem-for-smes\/#breadcrumb\"},\"inLanguage\":\"en-US\",\"potentialAction\":[{\"@type\":\"ReadAction\",\"target\":[\"https:\/\/www.aktantis.com\/en\/innovation\/europe\/nero-advanced-cybersecurity-awareness-ecosystem-for-smes\/\"]}]},{\"@type\":\"ImageObject\",\"inLanguage\":\"en-US\",\"@id\":\"https:\/\/www.aktantis.com\/en\/innovation\/europe\/nero-advanced-cybersecurity-awareness-ecosystem-for-smes\/#primaryimage\",\"url\":\"https:\/\/www.aktantis.com\/wp-content\/uploads\/2024\/03\/NERO-logo-300x200.jpg\",\"contentUrl\":\"https:\/\/www.aktantis.com\/wp-content\/uploads\/2024\/03\/NERO-logo-300x200.jpg\"},{\"@type\":\"BreadcrumbList\",\"@id\":\"https:\/\/www.aktantis.com\/en\/innovation\/europe\/nero-advanced-cybersecurity-awareness-ecosystem-for-smes\/#breadcrumb\",\"itemListElement\":[{\"@type\":\"ListItem\",\"position\":1,\"name\":\"Accueil\",\"item\":\"https:\/\/www.aktantis.com\/en\/\"},{\"@type\":\"ListItem\",\"position\":2,\"name\":\"Innovation\",\"item\":\"https:\/\/www.aktantis.com\/innovation\/\"},{\"@type\":\"ListItem\",\"position\":3,\"name\":\"Europe\",\"item\":\"https:\/\/www.aktantis.com\/en\/innovation\/europe\/\"},{\"@type\":\"ListItem\",\"position\":4,\"name\":\"NERO &#8211; Advanced Cybersecurity Awareness Ecosystem for SMEs\"}]},{\"@type\":\"WebSite\",\"@id\":\"https:\/\/www.aktantis.com\/#website\",\"url\":\"https:\/\/www.aktantis.com\/\",\"name\":\"AKTANTIS\",\"description\":\"1er \u00e9cosyst\u00e8me europ\u00e9en\",\"publisher\":{\"@id\":\"https:\/\/www.aktantis.com\/#organization\"},\"potentialAction\":[{\"@type\":\"SearchAction\",\"target\":{\"@type\":\"EntryPoint\",\"urlTemplate\":\"https:\/\/www.aktantis.com\/?s={search_term_string}\"},\"query-input\":{\"@type\":\"PropertyValueSpecification\",\"valueRequired\":true,\"valueName\":\"search_term_string\"}}],\"inLanguage\":\"en-US\"},{\"@type\":\"Organization\",\"@id\":\"https:\/\/www.aktantis.com\/#organization\",\"name\":\"Aktantis\",\"url\":\"https:\/\/www.aktantis.com\/\",\"logo\":{\"@type\":\"ImageObject\",\"inLanguage\":\"en-US\",\"@id\":\"https:\/\/www.aktantis.com\/#\/schema\/logo\/image\/\",\"url\":\"https:\/\/www.aktantis.com\/wp-content\/uploads\/2018\/03\/cropped-logo_scs.png\",\"contentUrl\":\"https:\/\/www.aktantis.com\/wp-content\/uploads\/2018\/03\/cropped-logo_scs.png\",\"width\":720,\"height\":250,\"caption\":\"Aktantis\"},\"image\":{\"@id\":\"https:\/\/www.aktantis.com\/#\/schema\/logo\/image\/\"},\"sameAs\":[\"https:\/\/www.facebook.com\/PoleSCS\/\",\"https:\/\/x.com\/Pole_SCS\",\"https:\/\/www.linkedin.com\/company\/pole-scs\/\"]}]}<\/script>\n<!-- \/ Yoast SEO plugin. -->","yoast_head_json":{"title":"NERO - Advanced Cybersecurity Awareness Ecosystem for SMEs","robots":{"index":"index","follow":"follow","max-snippet":"max-snippet:-1","max-image-preview":"max-image-preview:large","max-video-preview":"max-video-preview:-1"},"canonical":"https:\/\/www.aktantis.com\/en\/innovation\/europe\/nero-advanced-cybersecurity-awareness-ecosystem-for-smes\/","og_locale":"en_US","og_type":"article","og_title":"NERO - Advanced Cybersecurity Awareness Ecosystem for SMEs","og_description":"[vc_row][vc_column][vc_column_text] NERO advaNced cybErsecurity awaReness ecOsystem for SMEs &nbsp; The European project NERO is an advanced Cybersecurity Ecosystem provisioned to offer a Cybersecurity Awareness program and to best educate...","og_url":"https:\/\/www.aktantis.com\/en\/innovation\/europe\/nero-advanced-cybersecurity-awareness-ecosystem-for-smes\/","og_site_name":"AKTANTIS","article_publisher":"https:\/\/www.facebook.com\/PoleSCS\/","article_modified_time":"2024-03-25T09:46:12+00:00","og_image":[{"url":"https:\/\/www.aktantis.com\/wp-content\/uploads\/2024\/03\/NERO-logo-300x200.jpg","type":"","width":"","height":""}],"twitter_card":"summary_large_image","twitter_site":"@Pole_SCS","schema":{"@context":"https:\/\/schema.org","@graph":[{"@type":"WebPage","@id":"https:\/\/www.aktantis.com\/en\/innovation\/europe\/nero-advanced-cybersecurity-awareness-ecosystem-for-smes\/","url":"https:\/\/www.aktantis.com\/en\/innovation\/europe\/nero-advanced-cybersecurity-awareness-ecosystem-for-smes\/","name":"NERO - Advanced Cybersecurity Awareness Ecosystem for SMEs","isPartOf":{"@id":"https:\/\/www.aktantis.com\/#website"},"primaryImageOfPage":{"@id":"https:\/\/www.aktantis.com\/en\/innovation\/europe\/nero-advanced-cybersecurity-awareness-ecosystem-for-smes\/#primaryimage"},"image":{"@id":"https:\/\/www.aktantis.com\/en\/innovation\/europe\/nero-advanced-cybersecurity-awareness-ecosystem-for-smes\/#primaryimage"},"thumbnailUrl":"https:\/\/www.aktantis.com\/wp-content\/uploads\/2024\/03\/NERO-logo-300x200.jpg","datePublished":"2024-03-18T16:16:28+00:00","dateModified":"2024-03-25T09:46:12+00:00","breadcrumb":{"@id":"https:\/\/www.aktantis.com\/en\/innovation\/europe\/nero-advanced-cybersecurity-awareness-ecosystem-for-smes\/#breadcrumb"},"inLanguage":"en-US","potentialAction":[{"@type":"ReadAction","target":["https:\/\/www.aktantis.com\/en\/innovation\/europe\/nero-advanced-cybersecurity-awareness-ecosystem-for-smes\/"]}]},{"@type":"ImageObject","inLanguage":"en-US","@id":"https:\/\/www.aktantis.com\/en\/innovation\/europe\/nero-advanced-cybersecurity-awareness-ecosystem-for-smes\/#primaryimage","url":"https:\/\/www.aktantis.com\/wp-content\/uploads\/2024\/03\/NERO-logo-300x200.jpg","contentUrl":"https:\/\/www.aktantis.com\/wp-content\/uploads\/2024\/03\/NERO-logo-300x200.jpg"},{"@type":"BreadcrumbList","@id":"https:\/\/www.aktantis.com\/en\/innovation\/europe\/nero-advanced-cybersecurity-awareness-ecosystem-for-smes\/#breadcrumb","itemListElement":[{"@type":"ListItem","position":1,"name":"Accueil","item":"https:\/\/www.aktantis.com\/en\/"},{"@type":"ListItem","position":2,"name":"Innovation","item":"https:\/\/www.aktantis.com\/innovation\/"},{"@type":"ListItem","position":3,"name":"Europe","item":"https:\/\/www.aktantis.com\/en\/innovation\/europe\/"},{"@type":"ListItem","position":4,"name":"NERO &#8211; Advanced Cybersecurity Awareness Ecosystem for SMEs"}]},{"@type":"WebSite","@id":"https:\/\/www.aktantis.com\/#website","url":"https:\/\/www.aktantis.com\/","name":"AKTANTIS","description":"1er \u00e9cosyst\u00e8me europ\u00e9en","publisher":{"@id":"https:\/\/www.aktantis.com\/#organization"},"potentialAction":[{"@type":"SearchAction","target":{"@type":"EntryPoint","urlTemplate":"https:\/\/www.aktantis.com\/?s={search_term_string}"},"query-input":{"@type":"PropertyValueSpecification","valueRequired":true,"valueName":"search_term_string"}}],"inLanguage":"en-US"},{"@type":"Organization","@id":"https:\/\/www.aktantis.com\/#organization","name":"Aktantis","url":"https:\/\/www.aktantis.com\/","logo":{"@type":"ImageObject","inLanguage":"en-US","@id":"https:\/\/www.aktantis.com\/#\/schema\/logo\/image\/","url":"https:\/\/www.aktantis.com\/wp-content\/uploads\/2018\/03\/cropped-logo_scs.png","contentUrl":"https:\/\/www.aktantis.com\/wp-content\/uploads\/2018\/03\/cropped-logo_scs.png","width":720,"height":250,"caption":"Aktantis"},"image":{"@id":"https:\/\/www.aktantis.com\/#\/schema\/logo\/image\/"},"sameAs":["https:\/\/www.facebook.com\/PoleSCS\/","https:\/\/x.com\/Pole_SCS","https:\/\/www.linkedin.com\/company\/pole-scs\/"]}]}},"_links":{"self":[{"href":"https:\/\/www.aktantis.com\/en\/wp-json\/wp\/v2\/pages\/91170350","targetHints":{"allow":["GET"]}}],"collection":[{"href":"https:\/\/www.aktantis.com\/en\/wp-json\/wp\/v2\/pages"}],"about":[{"href":"https:\/\/www.aktantis.com\/en\/wp-json\/wp\/v2\/types\/page"}],"author":[{"embeddable":true,"href":"https:\/\/www.aktantis.com\/en\/wp-json\/wp\/v2\/users\/1287"}],"replies":[{"embeddable":true,"href":"https:\/\/www.aktantis.com\/en\/wp-json\/wp\/v2\/comments?post=91170350"}],"version-history":[{"count":3,"href":"https:\/\/www.aktantis.com\/en\/wp-json\/wp\/v2\/pages\/91170350\/revisions"}],"predecessor-version":[{"id":91170481,"href":"https:\/\/www.aktantis.com\/en\/wp-json\/wp\/v2\/pages\/91170350\/revisions\/91170481"}],"up":[{"embeddable":true,"href":"https:\/\/www.aktantis.com\/en\/wp-json\/wp\/v2\/pages\/91148705"}],"wp:attachment":[{"href":"https:\/\/www.aktantis.com\/en\/wp-json\/wp\/v2\/media?parent=91170350"}],"curies":[{"name":"wp","href":"https:\/\/api.w.org\/{rel}","templated":true}]}}