{"id":91169880,"date":"2024-02-27T20:33:44","date_gmt":"2024-02-27T19:33:44","guid":{"rendered":"https:\/\/www.aktantis.com\/ecosystem\/key-technologies\/photonique-imagerie\/"},"modified":"2024-12-16T17:18:59","modified_gmt":"2024-12-16T16:18:59","slug":"photonics-imaging","status":"publish","type":"page","link":"https:\/\/www.aktantis.com\/en\/competitiveness-cluster\/key-technologies\/photonics-imaging\/","title":{"rendered":"Photonics and Imaging"},"content":{"rendered":"<div class=\"wpb-content-wrapper\"><p>[vc_row][vc_column][vc_column_text css=&#8221;.vc_custom_1734365937202{padding-bottom: 1.1em !important;}&#8221; el_class=&#8221;centered&#8221;]<\/p>\n<h2 style=\"text-align: center;\">Photonics &amp; Imaging<\/h2>\n<p>[\/vc_column_text][\/vc_column][\/vc_row][vc_row][vc_column css=&#8221;.vc_custom_1519995869463{margin-top: 0px !important;margin-right: 0px !important;margin-bottom: 0px !important;margin-left: 0px !important;padding-top: 0px !important;padding-right: 0px !important;padding-bottom: 0px !important;padding-left: 0px !important;}&#8221; offset=&#8221;vc_hidden-lg vc_hidden-md&#8221;][vc_single_image image=&#8221;91173737&#8243; img_size=&#8221;full&#8221; alignment=&#8221;center&#8221; css=&#8221;.vc_custom_1731343300021{margin-top: 0px !important;margin-right: 0px !important;margin-bottom: 0px !important;margin-left: 0px !important;padding-top: 0px !important;padding-right: 0px !important;padding-bottom: 0px !important;padding-left: 0px !important;}&#8221;][\/vc_column][\/vc_row][vc_row full_width=&#8221;stretch_row_content_no_spaces&#8221; equal_height=&#8221;yes&#8221; css=&#8221;.vc_custom_1516893238002{margin-top: 0px !important;margin-bottom: 0px !important;padding-top: 0px !important;padding-bottom: 0px !important;background-color: #f0f0f0 !important;}&#8221;][vc_column width=&#8221;1\/2&#8243; css=&#8221;.vc_custom_1731343341070{margin-top: 0px !important;margin-bottom: 0px !important;padding-top: 0px !important;padding-bottom: 0px !important;background-color: #F3F3F9 !important;}&#8221; offset=&#8221;vc_col-lg-6 vc_col-md-12 vc_col-xs-12&#8243; el_class=&#8221;custom_vc_col-sm-12&#8243;][vc_column_text css=&#8221;.vc_custom_1709062653726{padding-top: 16% !important;padding-right: 16% !important;padding-bottom: 16% !important;padding-left: 16% !important;}&#8221; el_class=&#8221;block-text&#8221;]<\/p>\n<h3>Science and technology of light<\/h3>\n<p>Photonics and imaging encompass all devices related to the visible or invisible light spectrum, from infrared to X-rays. Photonics is the science and technology of light, working on the duality of an electromagnetic wave and a particle known as a photon.<br \/>\nPhotonics is now widely used in our daily lives. Cameras, lasers, fibre optics, Augmented &amp; Virtual Reality, sensors, lighting, adaptive optics&#8230; photonics covers an infinite number of applications, thanks to its ability to generate, emit, transmit, capture and analyse photons.<br \/>\n[\/vc_column_text][\/vc_column][vc_column width=&#8221;1\/2&#8243; css=&#8221;.vc_custom_1731343328163{border-top-width: 0px !important;border-bottom-width: 0px !important;padding-top: 0px !important;padding-bottom: 0px !important;background: #F3F3F9 url(https:\/\/www.aktantis.com\/wp-content\/uploads\/2024\/11\/aktantis-technologies-photonics.jpg?id=91173737) !important;background-position: center !important;background-repeat: no-repeat !important;background-size: cover !important;}&#8221; offset=&#8221;vc_hidden-md vc_hidden-sm vc_hidden-xs&#8221;][\/vc_column][\/vc_row][vc_section full_width=&#8221;stretch_row_content&#8221; css=&#8221;.vc_custom_1516893292548{margin-top: 0px !important;margin-bottom: 0px !important;padding-top: 0px !important;padding-bottom: 0px !important;background-color: #f0f0f0 !important;}&#8221;][vc_row][vc_column css=&#8221;.vc_custom_1519995869463{margin-top: 0px !important;margin-right: 0px !important;margin-bottom: 0px !important;margin-left: 0px !important;padding-top: 0px !important;padding-right: 0px !important;padding-bottom: 0px !important;padding-left: 0px !important;}&#8221; offset=&#8221;vc_hidden-lg vc_hidden-md&#8221;][vc_single_image image=&#8221;91169867&#8243; img_size=&#8221;full&#8221; alignment=&#8221;center&#8221; css=&#8221;.vc_custom_1709061133718{margin-top: 0px !important;margin-right: 0px !important;margin-bottom: 0px !important;margin-left: 0px !important;padding-top: 0px !important;padding-right: 0px !important;padding-bottom: 0px !important;padding-left: 0px !important;}&#8221;][\/vc_column][\/vc_row][vc_row full_width=&#8221;stretch_row_content_no_spaces&#8221; equal_height=&#8221;yes&#8221; css=&#8221;.vc_custom_1516893420469{margin-top: 0px !important;margin-bottom: 0px !important;padding-top: 0px !important;padding-bottom: 0px !important;}&#8221;][vc_column width=&#8221;1\/2&#8243; css=&#8221;.vc_custom_1709061150746{margin-top: 0px !important;margin-bottom: 0px !important;padding-top: 0px !important;padding-bottom: 0px !important;background-image: url(https:\/\/www.aktantis.com\/wp-content\/uploads\/2024\/02\/scs-technologies-imagerie.jpg?id=91169866) !important;background-position: center !important;background-repeat: no-repeat !important;background-size: cover !important;}&#8221; offset=&#8221;vc_hidden-md vc_hidden-sm vc_hidden-xs&#8221;][\/vc_column][vc_column width=&#8221;1\/2&#8243; css=&#8221;.vc_custom_1731343351962{margin-top: 0px !important;margin-bottom: 0px !important;padding-top: 0px !important;padding-bottom: 0px !important;background-color: #F3F3F9 !important;}&#8221; offset=&#8221;vc_col-lg-6 vc_col-md-12 vc_col-xs-12&#8243; el_class=&#8221;custom_vc_col-sm-12&#8243;][vc_column_text css=&#8221;.vc_custom_1709062672865{padding-top: 16% !important;padding-right: 16% !important;padding-bottom: 16% !important;padding-left: 16% !important;}&#8221; el_class=&#8221;block-text&#8221;]Photonics produces systems that are complex in their design and manufacture, but simple in their use, for a wide range of civil and military applications: defence and security, space, energy, environment, Industry of the future (or industry 4.0\/Smart industry), agriculture, health, etc.[\/vc_column_text][\/vc_column][\/vc_row][\/vc_section][vc_row css=&#8221;.vc_custom_1518463615912{margin-top: 70px !important;margin-bottom: 110px !important;}&#8221;][vc_column][vc_row_inner][vc_column_inner][vc_column_text css=&#8221;.vc_custom_1731679726498{margin-top: 90px !important;margin-bottom: 70px !important;}&#8221;]<\/p>\n<h2 style=\"text-align: center;\">Major technological challenges<\/h2>\n<p>[\/vc_column_text][\/vc_column_inner][\/vc_row_inner][vc_row_inner][vc_column_inner width=&#8221;1\/3&#8243;][vc_icon icon_fontawesome=&#8221;fa fa-check&#8221; color=&#8221;white&#8221; background_style=&#8221;rounded&#8221; background_color=&#8221;custom&#8221; size=&#8221;xs&#8221; custom_background_color=&#8221;#002f41&#8243; el_class=&#8221;float-left&#8221;][vc_column_text]<\/p>\n<h4><span style=\"color: #4caac1;\">Embedded systems (hardware\/software optimisation)<\/span><\/h4>\n<p>[\/vc_column_text][\/vc_column_inner][vc_column_inner width=&#8221;1\/3&#8243;][vc_icon icon_fontawesome=&#8221;fa fa-check&#8221; color=&#8221;white&#8221; background_style=&#8221;rounded&#8221; background_color=&#8221;custom&#8221; size=&#8221;xs&#8221; custom_background_color=&#8221;#002f41&#8243; el_class=&#8221;float-left&#8221;][vc_column_text]<\/p>\n<h4><span style=\"color: #4caac1;\">Intelligent learning, image recognition<\/span><\/h4>\n<p>[\/vc_column_text][\/vc_column_inner][vc_column_inner width=&#8221;1\/3&#8243;][vc_icon icon_fontawesome=&#8221;fa fa-check&#8221; color=&#8221;white&#8221; background_style=&#8221;rounded&#8221; background_color=&#8221;custom&#8221; size=&#8221;xs&#8221; custom_background_color=&#8221;#002f41&#8243; el_class=&#8221;float-left&#8221;][vc_column_text]<\/p>\n<h4><span style=\"color: #4caac1;\">Robotics<\/span><\/h4>\n<p>[\/vc_column_text][\/vc_column_inner][\/vc_row_inner][vc_row_inner][vc_column_inner width=&#8221;1\/3&#8243;][vc_icon icon_fontawesome=&#8221;fa fa-check&#8221; color=&#8221;white&#8221; background_style=&#8221;rounded&#8221; background_color=&#8221;custom&#8221; size=&#8221;xs&#8221; custom_background_color=&#8221;#002f41&#8243; el_class=&#8221;float-left&#8221;][vc_column_text]<\/p>\n<h4><span style=\"color: #4caac1;\">Connected sensors<\/span><\/h4>\n<p>[\/vc_column_text][\/vc_column_inner][vc_column_inner width=&#8221;1\/3&#8243;][vc_icon icon_fontawesome=&#8221;fa fa-check&#8221; color=&#8221;white&#8221; background_style=&#8221;rounded&#8221; background_color=&#8221;custom&#8221; size=&#8221;xs&#8221; custom_background_color=&#8221;#002f41&#8243; el_class=&#8221;float-left&#8221;][vc_column_text]<\/p>\n<h4><span style=\"color: #4caac1;\">Data interpretation coupled with AI<\/span><\/h4>\n<p>[\/vc_column_text][\/vc_column_inner][vc_column_inner width=&#8221;1\/3&#8243;][vc_icon icon_fontawesome=&#8221;fa fa-check&#8221; color=&#8221;white&#8221; background_style=&#8221;rounded&#8221; background_color=&#8221;custom&#8221; size=&#8221;xs&#8221; custom_background_color=&#8221;#002f41&#8243; el_class=&#8221;float-left&#8221;][vc_column_text]<\/p>\n<h4><span style=\"color: #4caac1;\">Augmented and mixed reality<\/span><\/h4>\n<p>[\/vc_column_text][\/vc_column_inner][\/vc_row_inner][vc_row_inner][vc_column_inner width=&#8221;1\/3&#8243;][vc_icon icon_fontawesome=&#8221;fa fa-check&#8221; color=&#8221;white&#8221; background_style=&#8221;rounded&#8221; background_color=&#8221;custom&#8221; size=&#8221;xs&#8221; custom_background_color=&#8221;#002f41&#8243; el_class=&#8221;float-left&#8221;][vc_column_text]<\/p>\n<h4><span style=\"color: #4caac1;\">Multimodal imaging, data fusion<\/span><\/h4>\n<p>[\/vc_column_text][\/vc_column_inner][\/vc_row_inner][\/vc_column][\/vc_row][vc_row full_width=&#8221;stretch_row_content_no_spaces&#8221; css=&#8221;.vc_custom_1731679895467{margin-top: 50px !important;margin-bottom: 50px !important;padding-top: 30px !important;padding-bottom: 30px !important;background-color: #F3F3F9 !important;}&#8221;][vc_column width=&#8221;1\/4&#8243;][\/vc_column][vc_column width=&#8221;1\/4&#8243;][vc_single_image image=&#8221;91173937&#8243; img_size=&#8221;medium&#8221; alignment=&#8221;center&#8221; css=&#8221;&#8221;][\/vc_column][vc_column width=&#8221;1\/4&#8243;][vc_column_text css=&#8221;&#8221;]<\/p>\n<h3>WORKING GROUP DEDICATED TO PHOTONICS AND IMAGING<\/h3>\n<p>AKTANTIS is setting up a working group to encourage innovation and R&amp;D projects in photonics and imaging.[\/vc_column_text][\/vc_column][vc_column width=&#8221;1\/4&#8243;][\/vc_column][\/vc_row][vc_row css=&#8221;.vc_custom_1516894266303{margin-top: 50px !important;margin-bottom: 50px !important;}&#8221;][vc_column width=&#8221;1\/2&#8243;][vc_column_text css=&#8221;.vc_custom_1731679855620{padding-top: 4em !important;padding-right: 4em !important;padding-bottom: 4em !important;padding-left: 4em !important;background-color: #7BAFDF !important;}&#8221;]<span style=\"color: #ffffff; font-size: 28px;\"><strong>KEY FIGURES<\/strong><\/span><\/p>\n<p>&nbsp;<\/p>\n<p><span style=\"color: #ffffff; font-size: 18px;\">Cumulative sales of around \u20ac18 billion, of which 50% from exports, in a global market worth \u20ac615 billion<\/span><\/p>\n<hr style=\"background-color: white;\" \/>\n<p><span style=\"color: #ffffff; font-size: 18px;\">Growth of more than 30% over the last 5 years<\/span><\/p>\n<hr style=\"background-color: white;\" \/>\n<p><span style=\"color: #ffffff; font-size: 18px;\">85,000 jobs, with a growth forecast of around 150,000 jobs in France by 2030<\/span><\/p>\n<hr style=\"background-color: white;\" \/>\n<p><span style=\"color: #ffffff; font-size: 18px;\">Around 1,100 companies, 80% of them SMEs<\/span><\/p>\n<hr style=\"background-color: white;\" \/>\n<p><span style=\"color: #ffffff; font-size: 18px;\">Around 300 fundamental and applied research laboratories, with the capacity to carry out industrial-scale research<\/span><\/p>\n<p>[\/vc_column_text][\/vc_column][vc_column width=&#8221;1\/2&#8243; css=&#8221;.vc_custom_1709114063479{margin-top: 40px !important;}&#8221;][vc_column_text css=&#8221;.vc_custom_1709113907817{margin-top: 20px !important;}&#8221;]<\/p>\n<h3>TECHNOLOGIES FOR HIGH-GROWTH MARKETS<\/h3>\n<p>Photonics produces systems that are complex in design and manufacture but simple in use:<\/p>\n<ul>\n<li><strong>Space, the historic field of photonics (large telescopes, earth observation satellites, communication satellites with laser links and quantum cryptography), <\/strong><\/li>\n<li><strong>Industry of the future\/Industry 4.0 (quality control with 100% real-time production verification)<\/strong><\/li>\n<li><strong>Agriculture (disease detection, optimising water supply and treatment)<\/strong><\/li>\n<li><strong>Health (biophotonics, etc.) and Life Sciences<\/strong><\/li>\n<li><strong>Defense and access security<\/strong><\/li>\n<\/ul>\n<p>[\/vc_column_text][\/vc_column][\/vc_row][vc_row][vc_column][vc_column_text]<\/p>\n<p style=\"text-align: left;\"><a class=\"btn-return\" href=\"https:\/\/www.aktantis.com\/en\/competitiveness-cluster\/key-technologies\/\">&lt; Back<\/a><\/p>\n<p>[\/vc_column_text][\/vc_column][\/vc_row]<\/p>\n<\/div>","protected":false},"excerpt":{"rendered":"<p>[vc_row][vc_column][vc_column_text css=&#8221;.vc_custom_1734365937202{padding-bottom: 1.1em !important;}&#8221; el_class=&#8221;centered&#8221;]<br \/>\nPhotonics &amp; Imaging<br \/>\n[\/vc_column_text][\/vc_column][\/vc_row][vc_row][vc_column css=&#8221;.vc_custom_1519995869463{margin-top: 0px !important;margin-right: 0px !important;margin-bottom: 0px !important;margin-left: 0px !important;padding-top: 0px !important;padding-right: 0px !important;padding-bottom: 0px !important;padding-left: 0px !important;}&#8221; offset=&#8221;vc_hidden-lg&#8230;<\/p>\n","protected":false},"author":2,"featured_media":0,"parent":91132222,"menu_order":0,"comment_status":"closed","ping_status":"closed","template":"","meta":{"footnotes":""},"class_list":["post-91169880","page","type-page","status-publish","hentry"],"yoast_head":"<!-- This site is optimized with the Yoast SEO plugin v25.8 - https:\/\/yoast.com\/wordpress\/plugins\/seo\/ -->\n<title>Photonics and Imaging | AKTANTIS<\/title>\n<meta name=\"description\" content=\"AKTANTIS is the expert cluster for technologies related to Photonics and Imaging, in France and abroad.\" \/>\n<meta name=\"robots\" content=\"index, follow, max-snippet:-1, max-image-preview:large, max-video-preview:-1\" \/>\n<link rel=\"canonical\" href=\"https:\/\/www.aktantis.com\/pole-de-competitivite\/technologies-cles\/photonique-imagerie\/\" \/>\n<meta property=\"og:locale\" content=\"en_US\" \/>\n<meta property=\"og:type\" content=\"article\" \/>\n<meta property=\"og:title\" content=\"Photonics and Imaging | AKTANTIS\" \/>\n<meta property=\"og:description\" content=\"AKTANTIS is the expert cluster for technologies related to Photonics and Imaging, in France and abroad.\" \/>\n<meta property=\"og:url\" content=\"https:\/\/www.aktantis.com\/pole-de-competitivite\/technologies-cles\/photonique-imagerie\/\" \/>\n<meta property=\"og:site_name\" content=\"AKTANTIS\" \/>\n<meta property=\"article:publisher\" content=\"https:\/\/www.facebook.com\/PoleSCS\/\" \/>\n<meta property=\"article:modified_time\" content=\"2024-12-16T16:18:59+00:00\" \/>\n<meta name=\"twitter:card\" content=\"summary_large_image\" \/>\n<meta name=\"twitter:site\" content=\"@Pole_SCS\" \/>\n<script type=\"application\/ld+json\" class=\"yoast-schema-graph\">{\"@context\":\"https:\/\/schema.org\",\"@graph\":[{\"@type\":\"WebPage\",\"@id\":\"https:\/\/www.aktantis.com\/pole-de-competitivite\/technologies-cles\/photonique-imagerie\/\",\"url\":\"https:\/\/www.aktantis.com\/pole-de-competitivite\/technologies-cles\/photonique-imagerie\/\",\"name\":\"Photonics and Imaging | AKTANTIS\",\"isPartOf\":{\"@id\":\"https:\/\/www.aktantis.com\/#website\"},\"datePublished\":\"2024-02-27T19:33:44+00:00\",\"dateModified\":\"2024-12-16T16:18:59+00:00\",\"description\":\"AKTANTIS is the expert cluster for technologies related to Photonics and Imaging, in France and abroad.\",\"breadcrumb\":{\"@id\":\"https:\/\/www.aktantis.com\/pole-de-competitivite\/technologies-cles\/photonique-imagerie\/#breadcrumb\"},\"inLanguage\":\"en-US\",\"potentialAction\":[{\"@type\":\"ReadAction\",\"target\":[\"https:\/\/www.aktantis.com\/pole-de-competitivite\/technologies-cles\/photonique-imagerie\/\"]}]},{\"@type\":\"BreadcrumbList\",\"@id\":\"https:\/\/www.aktantis.com\/pole-de-competitivite\/technologies-cles\/photonique-imagerie\/#breadcrumb\",\"itemListElement\":[{\"@type\":\"ListItem\",\"position\":1,\"name\":\"Accueil\",\"item\":\"https:\/\/www.aktantis.com\/en\/\"},{\"@type\":\"ListItem\",\"position\":2,\"name\":\"AKTANTIS\",\"item\":\"https:\/\/www.aktantis.com\/en\/competitiveness-cluster\/\"},{\"@type\":\"ListItem\",\"position\":3,\"name\":\"Key Technologies\",\"item\":\"https:\/\/www.aktantis.com\/en\/competitiveness-cluster\/key-technologies\/\"},{\"@type\":\"ListItem\",\"position\":4,\"name\":\"Photonics and Imaging\"}]},{\"@type\":\"WebSite\",\"@id\":\"https:\/\/www.aktantis.com\/#website\",\"url\":\"https:\/\/www.aktantis.com\/\",\"name\":\"AKTANTIS\",\"description\":\"1er \u00e9cosyst\u00e8me europ\u00e9en\",\"publisher\":{\"@id\":\"https:\/\/www.aktantis.com\/#organization\"},\"potentialAction\":[{\"@type\":\"SearchAction\",\"target\":{\"@type\":\"EntryPoint\",\"urlTemplate\":\"https:\/\/www.aktantis.com\/?s={search_term_string}\"},\"query-input\":{\"@type\":\"PropertyValueSpecification\",\"valueRequired\":true,\"valueName\":\"search_term_string\"}}],\"inLanguage\":\"en-US\"},{\"@type\":\"Organization\",\"@id\":\"https:\/\/www.aktantis.com\/#organization\",\"name\":\"Aktantis\",\"url\":\"https:\/\/www.aktantis.com\/\",\"logo\":{\"@type\":\"ImageObject\",\"inLanguage\":\"en-US\",\"@id\":\"https:\/\/www.aktantis.com\/#\/schema\/logo\/image\/\",\"url\":\"https:\/\/www.aktantis.com\/wp-content\/uploads\/2018\/03\/cropped-logo_scs.png\",\"contentUrl\":\"https:\/\/www.aktantis.com\/wp-content\/uploads\/2018\/03\/cropped-logo_scs.png\",\"width\":720,\"height\":250,\"caption\":\"Aktantis\"},\"image\":{\"@id\":\"https:\/\/www.aktantis.com\/#\/schema\/logo\/image\/\"},\"sameAs\":[\"https:\/\/www.facebook.com\/PoleSCS\/\",\"https:\/\/x.com\/Pole_SCS\",\"https:\/\/www.linkedin.com\/company\/pole-scs\/\"]}]}<\/script>\n<!-- \/ Yoast SEO plugin. -->","yoast_head_json":{"title":"Photonics and Imaging | AKTANTIS","description":"AKTANTIS is the expert cluster for technologies related to Photonics and Imaging, in France and abroad.","robots":{"index":"index","follow":"follow","max-snippet":"max-snippet:-1","max-image-preview":"max-image-preview:large","max-video-preview":"max-video-preview:-1"},"canonical":"https:\/\/www.aktantis.com\/pole-de-competitivite\/technologies-cles\/photonique-imagerie\/","og_locale":"en_US","og_type":"article","og_title":"Photonics and Imaging | AKTANTIS","og_description":"AKTANTIS is the expert cluster for technologies related to Photonics and Imaging, in France and abroad.","og_url":"https:\/\/www.aktantis.com\/pole-de-competitivite\/technologies-cles\/photonique-imagerie\/","og_site_name":"AKTANTIS","article_publisher":"https:\/\/www.facebook.com\/PoleSCS\/","article_modified_time":"2024-12-16T16:18:59+00:00","twitter_card":"summary_large_image","twitter_site":"@Pole_SCS","schema":{"@context":"https:\/\/schema.org","@graph":[{"@type":"WebPage","@id":"https:\/\/www.aktantis.com\/pole-de-competitivite\/technologies-cles\/photonique-imagerie\/","url":"https:\/\/www.aktantis.com\/pole-de-competitivite\/technologies-cles\/photonique-imagerie\/","name":"Photonics and Imaging | AKTANTIS","isPartOf":{"@id":"https:\/\/www.aktantis.com\/#website"},"datePublished":"2024-02-27T19:33:44+00:00","dateModified":"2024-12-16T16:18:59+00:00","description":"AKTANTIS is the expert cluster for technologies related to Photonics and Imaging, in France and abroad.","breadcrumb":{"@id":"https:\/\/www.aktantis.com\/pole-de-competitivite\/technologies-cles\/photonique-imagerie\/#breadcrumb"},"inLanguage":"en-US","potentialAction":[{"@type":"ReadAction","target":["https:\/\/www.aktantis.com\/pole-de-competitivite\/technologies-cles\/photonique-imagerie\/"]}]},{"@type":"BreadcrumbList","@id":"https:\/\/www.aktantis.com\/pole-de-competitivite\/technologies-cles\/photonique-imagerie\/#breadcrumb","itemListElement":[{"@type":"ListItem","position":1,"name":"Accueil","item":"https:\/\/www.aktantis.com\/en\/"},{"@type":"ListItem","position":2,"name":"AKTANTIS","item":"https:\/\/www.aktantis.com\/en\/competitiveness-cluster\/"},{"@type":"ListItem","position":3,"name":"Key Technologies","item":"https:\/\/www.aktantis.com\/en\/competitiveness-cluster\/key-technologies\/"},{"@type":"ListItem","position":4,"name":"Photonics and Imaging"}]},{"@type":"WebSite","@id":"https:\/\/www.aktantis.com\/#website","url":"https:\/\/www.aktantis.com\/","name":"AKTANTIS","description":"1er \u00e9cosyst\u00e8me europ\u00e9en","publisher":{"@id":"https:\/\/www.aktantis.com\/#organization"},"potentialAction":[{"@type":"SearchAction","target":{"@type":"EntryPoint","urlTemplate":"https:\/\/www.aktantis.com\/?s={search_term_string}"},"query-input":{"@type":"PropertyValueSpecification","valueRequired":true,"valueName":"search_term_string"}}],"inLanguage":"en-US"},{"@type":"Organization","@id":"https:\/\/www.aktantis.com\/#organization","name":"Aktantis","url":"https:\/\/www.aktantis.com\/","logo":{"@type":"ImageObject","inLanguage":"en-US","@id":"https:\/\/www.aktantis.com\/#\/schema\/logo\/image\/","url":"https:\/\/www.aktantis.com\/wp-content\/uploads\/2018\/03\/cropped-logo_scs.png","contentUrl":"https:\/\/www.aktantis.com\/wp-content\/uploads\/2018\/03\/cropped-logo_scs.png","width":720,"height":250,"caption":"Aktantis"},"image":{"@id":"https:\/\/www.aktantis.com\/#\/schema\/logo\/image\/"},"sameAs":["https:\/\/www.facebook.com\/PoleSCS\/","https:\/\/x.com\/Pole_SCS","https:\/\/www.linkedin.com\/company\/pole-scs\/"]}]}},"_links":{"self":[{"href":"https:\/\/www.aktantis.com\/en\/wp-json\/wp\/v2\/pages\/91169880","targetHints":{"allow":["GET"]}}],"collection":[{"href":"https:\/\/www.aktantis.com\/en\/wp-json\/wp\/v2\/pages"}],"about":[{"href":"https:\/\/www.aktantis.com\/en\/wp-json\/wp\/v2\/types\/page"}],"author":[{"embeddable":true,"href":"https:\/\/www.aktantis.com\/en\/wp-json\/wp\/v2\/users\/2"}],"replies":[{"embeddable":true,"href":"https:\/\/www.aktantis.com\/en\/wp-json\/wp\/v2\/comments?post=91169880"}],"version-history":[{"count":11,"href":"https:\/\/www.aktantis.com\/en\/wp-json\/wp\/v2\/pages\/91169880\/revisions"}],"predecessor-version":[{"id":91175668,"href":"https:\/\/www.aktantis.com\/en\/wp-json\/wp\/v2\/pages\/91169880\/revisions\/91175668"}],"up":[{"embeddable":true,"href":"https:\/\/www.aktantis.com\/en\/wp-json\/wp\/v2\/pages\/91132222"}],"wp:attachment":[{"href":"https:\/\/www.aktantis.com\/en\/wp-json\/wp\/v2\/media?parent=91169880"}],"curies":[{"name":"wp","href":"https:\/\/api.w.org\/{rel}","templated":true}]}}