{"id":91165557,"date":"2022-01-28T13:04:22","date_gmt":"2022-01-28T12:04:22","guid":{"rendered":"https:\/\/www.aktantis.com\/business-compliance-2\/"},"modified":"2024-11-15T17:00:15","modified_gmt":"2024-11-15T16:00:15","slug":"be-protected-against-cyberthreats","status":"publish","type":"page","link":"https:\/\/www.aktantis.com\/en\/services-aktantis\/be-protected-against-cyberthreats\/","title":{"rendered":"To be protected agains cyberthreats"},"content":{"rendered":"<div class=\"wpb-content-wrapper\"><p>[vc_row css=&#8221;.vc_custom_1516293835315{padding-bottom: 50px !important;}&#8221;][vc_column width=&#8221;1\/6&#8243;][\/vc_column][vc_column width=&#8221;4\/6&#8243;][vc_column_text css=&#8221;&#8221;]<\/p>\n<h2 style=\"text-align: center;\">To be protected against cyberthreats<\/h2>\n<p style=\"text-align: center;\">Assess your exposure to cyber risks and strengthen the security of your current and future products\/solutions. AKTANTIS offers strategic support tailored to your needs.<\/p>\n<p>[\/vc_column_text][\/vc_column][vc_column width=&#8221;1\/6&#8243;][\/vc_column][\/vc_row][vc_row css=&#8221;.vc_custom_1516368684864{padding-bottom: 50px !important;}&#8221;][vc_column][vc_tta_tour style=&#8221;flat&#8221; shape=&#8221;square&#8221; color=&#8221;sky&#8221; spacing=&#8221;&#8221; active_section=&#8221;1&#8243; no_fill_content_area=&#8221;true&#8221;][vc_tta_section i_icon_fontawesome=&#8221;fas fa-chevron-right&#8221; add_icon=&#8221;true&#8221; title=&#8221;Security By Design&#8221; tab_id=&#8221;security-by-design&#8221; el_class=&#8221;tab-cherche&#8221;][vc_row_inner][vc_column_inner width=&#8221;1\/2&#8243;][vc_column_text css=&#8221;&#8221;]<\/p>\n<h4>Check your level of security by self-assessing<\/h4>\n<p>Contact <a href=\"mailto:stephanie.schohn@aktantis.com\">stephanie.schohn@aktantis.com<\/a> now and we&#8217;ll send you our self-assessment questionnaire.[\/vc_column_text][\/vc_column_inner][vc_column_inner width=&#8221;1\/2&#8243;][vc_single_image image=&#8221;91173711&#8243; img_size=&#8221;medium&#8221; css=&#8221;&#8221;][\/vc_column_inner][\/vc_row_inner][vc_row_inner][vc_column_inner css=&#8221;.vc_custom_1516374410016{padding-right: 50px !important;padding-left: 0px !important;}&#8221;][vc_column_text css=&#8221;&#8221;]<\/p>\n<h3>SECURITY BY DESIGN: DESIGNING WITH SECURITY IN MIND<\/h3>\n<p>The digitisation of the economy has been underway for many years, and is set to accelerate over the coming decades, particularly in the industrial sector. However, this digitisation brings with it new risks and threats to industrial products and processes.<\/p>\n<p>The integration of digital technologies (sensors, IoT, Big Data, artificial intelligence, etc.) creates potential vulnerabilities and new opportunities for malicious acts that can have damaging consequences for products and processes.[\/vc_column_text][\/vc_column_inner][\/vc_row_inner][vc_row_inner css=&#8221;.vc_custom_1731609329282{margin-bottom: 40px !important;}&#8221;][vc_column_inner css=&#8221;.vc_custom_1516374410016{padding-right: 50px !important;padding-left: 0px !important;}&#8221;][vc_column_text css=&#8221;.vc_custom_1731685109777{margin-bottom: 0px !important;padding-top: 4em !important;padding-right: 4em !important;padding-bottom: 4em !important;padding-left: 4em !important;background-color: #7BAFDF !important;}&#8221;]<span style=\"color: #ffffff; font-size: 28px;\"><strong>CHIFFRES CL\u00c9S<\/strong><\/span><\/p>\n<p>&nbsp;<\/p>\n<p><span style=\"color: #ffffff; font-size: 18px;\">38.6 billion connected devices expected by 2025 and 50 billion by 2030 (according to Strategy Analytics, 2019 study)<\/span><\/p>\n<hr style=\"background-color: white;\" \/>\n<p><span style=\"color: #ffffff; font-size: 18px;\">9 times more cyberattacks suffered by connected objects in the space of a year (between the first half of 2018 and 2019), rising from 12 to 105 million attacks (Source Kaspersky, 2019)<\/span><\/p>\n<hr style=\"background-color: white;\" \/>\n<p><span style=\"color: #ffffff; font-size: 18px;\">Enisa, the European network security agency, is working on certification for secure connected objects by 2023 (Source JDN, 2019)<\/span>[\/vc_column_text][\/vc_column_inner][\/vc_row_inner][vc_row_inner][vc_column_inner css=&#8221;.vc_custom_1516374410016{padding-right: 50px !important;padding-left: 0px !important;}&#8221;][vc_column_text css=&#8221;&#8221;]<strong>It is therefore essential that digital technology providers take into account the security of their products and solutions right from the design stage: this is the principle of \u2018Security by Design\u2019.<\/strong><\/p>\n<p>To help you meet the requirements of your customers and partners, differentiate your products and comply with European safety policies and standards, AKTANTIS provides you with support and services:<\/p>\n<ul>\n<li>Information to raise awareness and best practices<\/li>\n<li>A clear, customised action plan specially designed for AKTANTIS companies developing components or products with a high security requirement<\/li>\n<li>The best Security by Design experts selected by AKTANTIS<\/li>\n<li>Public co-funding from\u00a0 Sud Provence Alpes C\u00f4te d&#8217;Azur Region<\/li>\n<\/ul>\n<p>[\/vc_column_text][vc_column_text css=&#8221;&#8221;]<\/p>\n<h4>AKTANTIS support:<\/h4>\n<ul>\n<li>Individual, personalised support over 8 to 10 days to take stock of the situation and draw up an action plan<\/li>\n<li>An audit of sensitive points, with the production of a full analysis report<\/li>\n<li>Preparation for safety certification, if required<\/li>\n<\/ul>\n<p><strong><a href=\"https:\/\/www.aktantis.com\/wp-content\/uploads\/2024\/05\/Fiche-SCS-Audit-Security-by-Design.pdf\" target=\"_blank\" rel=\"noopener\">Detailed brochure (in French) &gt;<\/a><\/strong>[\/vc_column_text][\/vc_column_inner][\/vc_row_inner][vc_column_text][\/vc_column_text][\/vc_tta_section][vc_tta_section i_icon_fontawesome=&#8221;fas fa-chevron-right&#8221; add_icon=&#8221;true&#8221; title=&#8221;Managing cyber risks&#8221; tab_id=&#8221;Maitrise-des-risques-cyber&#8221; el_class=&#8221;tab-cherche&#8221;][vc_row_inner][vc_column_inner width=&#8221;1\/2&#8243;][vc_column_text css=&#8221;&#8221;]<\/p>\n<h4>Check whether your level of protection is sufficient by carrying out a self-assessment<\/h4>\n<p>Contact <a href=\"mailto:stephanie.schohn@aktantis.com\">stephanie.schohn@aktantis.com<\/a> now and we&#8217;ll send you our self-assessment questionnaire.<\/p>\n<p>If your result is not green, we invite you to make an appointment with the experts at AKTANTIS to determine the actions to be taken to improve your protection.<\/p>\n<p><strong>So don&#8217;t wait any longer!<\/strong>[\/vc_column_text][\/vc_column_inner][vc_column_inner width=&#8221;1\/2&#8243;][vc_single_image image=&#8221;91142703&#8243; img_size=&#8221;medium&#8221; css=&#8221;&#8221;][\/vc_column_inner][\/vc_row_inner][vc_row_inner][vc_column_inner css=&#8221;.vc_custom_1516374404411{padding-right: 35px !important;padding-left: 0px !important;}&#8221;][vc_column_text css=&#8221;&#8221;]<\/p>\n<h3>CYBER SECURITY: MANAGING THE RISKS<\/h3>\n<p>As an innovative start-up and SME in a cutting-edge technology sector, I develop know-how, patents and methods that act as barriers to entry for my competitors and represent very significant value.<\/p>\n<p>In one way or another, this information ends up on a computer information system and\/or in the cloud.<br \/>\nBecause of my limited resources, I have few or no people or resources dedicated to protecting this information. I am therefore potentially more exposed to malicious acts that could jeopardise my business and my growth.<\/p>\n<p><strong>So it&#8217;s vital that we protect ourselves properly.<\/strong>[\/vc_column_text][\/vc_column_inner][\/vc_row_inner][vc_row_inner][vc_column_inner css=&#8221;.vc_custom_1516374404411{padding-right: 35px !important;padding-left: 0px !important;}&#8221;][vc_column_text css=&#8221;.vc_custom_1731685631617{padding-top: 4em !important;padding-right: 4em !important;padding-bottom: 4em !important;padding-left: 4em !important;background-color: #7BAFDF !important;}&#8221;]<span style=\"color: #ffffff; font-size: 28px;\"><strong>KEY FIGURES<\/strong><\/span><\/p>\n<p>&nbsp;<\/p>\n<p><span style=\"color: #ffffff; font-size: 18px;\">45% of French SMEs have not increased their investment in digital security (Ifop &#8211; Kaspersky Labs survey)<\/span><\/p>\n<hr style=\"background-color: white;\" \/>\n<p><span style=\"color: #ffffff; font-size: 18px;\">55% of SMEs have suffered attacks (according to Hub One, 2019 study)<\/span><\/p>\n<hr style=\"background-color: white;\" \/>\n<p><span style=\"color: #ffffff; font-size: 18px;\">Attacks target sensitive company data in over 30% of cases <em>(according to Hub One, 2019 study)<\/em><\/span><\/p>\n<hr style=\"background-color: white;\" \/>\n<p><span style=\"color: #ffffff; font-size: 18px;\">Increasingly numerous and sophisticated \u2018ransomware\u2019, \u2018attack on the president\u2019 and \u2018phishing\u2019 attacks<\/span>[\/vc_column_text][\/vc_column_inner][\/vc_row_inner][vc_row_inner][vc_column_inner css=&#8221;.vc_custom_1516374404411{padding-right: 35px !important;padding-left: 0px !important;}&#8221;][vc_column_text css=&#8221;&#8221;]To help you increase the level of control over your cybersecurity risks, AKTANTIS provides you with :<\/p>\n<ul>\n<li>Information to raise awareness and best practices<\/li>\n<li>Personalised support specially designed for AKTANTIS digital businesses<\/li>\n<li>The best cybersecurity experts in the Provence Alpes C\u00f4te d&#8217;Azur region selected by AKTANTIS<\/li>\n<li>Public co-funding from DREETS PACA, in line with national policy on economic security<\/li>\n<li>ANSSI expertise to support this initiative<\/li>\n<\/ul>\n<p>[\/vc_column_text][vc_column_text css=&#8221;&#8221;]<\/p>\n<h4>AKTANTIS SUPPORT:<\/h4>\n<ul>\n<li>A 3-day individual Flash Audit of your company&#8217;s cyber security risks &#8211; Offer valid for 12 SMEs<\/li>\n<li>Dedicated support for the implementation of one or two identified priority actions over 3 individual days &#8211; Offer valid for 6 SMEs that have completed the audit.<\/li>\n<\/ul>\n<p><strong><a href=\"https:\/\/www.aktantis.com\/wp-content\/uploads\/2021\/03\/Fiche-SCS-Audit-Maitrise-Risques-Cyber.pdf\" target=\"_blank\" rel=\"noopener\">Detailed brochure (in French) &gt;<\/a><\/strong>[\/vc_column_text][\/vc_column_inner][\/vc_row_inner][\/vc_tta_section][vc_tta_section i_icon_fontawesome=&#8221;fas fa-chevron-right&#8221; add_icon=&#8221;true&#8221; title=&#8221;Cyber Defence Diagnosis&#8221; tab_id=&#8221;1695309577753-e3d1b26c-302b&#8221;][vc_column_text css_animation=&#8221;none&#8221; css=&#8221;&#8221;]<\/p>\n<h4 style=\"text-align: left;\">Whether you&#8217;re a defence or dual-use company, assess your company&#8217;s cybersecurity so that you can comply with the DGA&#8217;s maturity benchmark!<\/h4>\n<p>A measure under the French Ministry of Defence&#8217;s ACTION PME plan, the cyber-security assistance scheme is designed to reduce the digital vulnerabilities of SMEs and SMIs in the defence industry. It enables beneficiary companies to obtain partial funding for their cyber-security costs.[\/vc_column_text][vc_column_text css_animation=&#8221;none&#8221; css=&#8221;&#8221;]<\/p>\n<h3>Cyber-Defence Diagnosis<\/h3>\n<p>This diagnosis consists of an audit and consultancy service, which may include support in implementing recommendations.<\/p>\n<p>Its action:<\/p>\n<ul>\n<li>Identify and analyze the company&#8217;s digital and cybersecurity risks,<\/li>\n<li>Determine the security measures adapted to different threat scenarios,<\/li>\n<li>Support the company in the implementation of these measures and a continuous improvement and monitoring process.<\/li>\n<\/ul>\n<p>[\/vc_column_text][vc_column_text css_animation=&#8221;none&#8221; css=&#8221;&#8221;]<\/p>\n<h3>Beneficiaries<\/h3>\n<p>French SMEs (within the meaning of European regulations) carrying out activities related to the defence sector.[\/vc_column_text][\/vc_tta_section][\/vc_tta_tour][\/vc_column][\/vc_row][vc_row full_width=&#8221;stretch_row_content_no_spaces&#8221; equal_height=&#8221;yes&#8221; css=&#8221;.vc_custom_1731416822597{margin-top: 0px !important;margin-bottom: 0px !important;padding-bottom: 0px !important;background-color: #F3F3F9 !important;}&#8221;][vc_column width=&#8221;1\/2&#8243; css=&#8221;.vc_custom_1519589088105{padding-top: 0px !important;padding-right: 0px !important;padding-bottom: 0px !important;padding-left: 0px !important;}&#8221; offset=&#8221;vc_hidden-xs&#8221;][vc_column_text css=&#8221;.vc_custom_1731685270732{margin-top: 35px !important;margin-bottom: 35px !important;padding-top: 50px !important;padding-right: 10% !important;padding-bottom: 50px !important;}&#8221;]<\/p>\n<p style=\"text-align: right;\"><a class=\"shrtd-contact-icon\" href=\"https:\/\/www.aktantis.com\/en\/\/contact\/\" ><i class=\"icomoon icon-bubbles6\"><\/i><\/a><\/p>\n<h4 style=\"text-align: right; max-width: 400px; float: right;\">For more information on cyber risk management, contact us<\/h4>\n<p>[\/vc_column_text][\/vc_column][vc_column width=&#8221;1\/2&#8243; css=&#8221;.vc_custom_1516939675433{padding-top: 0px !important;padding-right: 0px !important;padding-bottom: 0px !important;padding-left: 0px !important;}&#8221;][vc_column_text css=&#8221;.vc_custom_1731685246982{margin-top: 70px !important;margin-bottom: 70px !important;border-bottom-width: 0px !important;border-left-width: 1px !important;padding-top: 0px !important;padding-right: 0px !important;padding-left: 10% !important;border-left-style: solid !important;border-bottom-style: solid !important;border-color: rgba(0,133,166,0.49) !important;}&#8221;]<\/p>\n<h2 style=\"text-align: left;\">YOUR CONTACT<strong><br \/>\n<\/strong><\/h2>\n<div class=\"portrait-contact shortcode clearfix\">\r\n                <img loading=\"lazy\" decoding=\"async\" width=\"165\" height=\"165\" src=\"https:\/\/www.aktantis.com\/wp-content\/uploads\/2024\/11\/Stephanie-165x165.jpg\" class=\"attachment-scs_equipe_portrait size-scs_equipe_portrait wp-post-image\" alt=\"\" srcset=\"https:\/\/www.aktantis.com\/wp-content\/uploads\/2024\/11\/Stephanie-165x165.jpg 165w, https:\/\/www.aktantis.com\/wp-content\/uploads\/2024\/11\/Stephanie-300x300.jpg 300w, https:\/\/www.aktantis.com\/wp-content\/uploads\/2024\/11\/Stephanie-150x150.jpg 150w, https:\/\/www.aktantis.com\/wp-content\/uploads\/2024\/11\/Stephanie-160x160.jpg 160w, https:\/\/www.aktantis.com\/wp-content\/uploads\/2024\/11\/Stephanie-89x89.jpg 89w, https:\/\/www.aktantis.com\/wp-content\/uploads\/2024\/11\/Stephanie-238x238.jpg 238w, https:\/\/www.aktantis.com\/wp-content\/uploads\/2024\/11\/Stephanie-100x100.jpg 100w, https:\/\/www.aktantis.com\/wp-content\/uploads\/2024\/11\/Stephanie.jpg 750w\" sizes=\"auto, 100vw\" \/>                <div class=\"infos\">\r\n                    <h4>St\u00e9phanie SCHOHN<\/h4>                    <p>Event and Ecosystem Director<\/p>\r\n                    <p class=\"contact\">\r\n                        <i class=\"icon-phone\"><\/i><a href=\"tel:+33 4 42 53 82 84\">+33 4 42 53 82 84<\/a><br\/>                        <i class=\"icon-mobile2\"><\/i><a href=\"tel:+33 6 89 96 19 11\">+33 6 89 96 19 11<\/a>                        <br\/>                        <i class=\"icon-envelop\"><\/i><a href=\"mailto:stephanie.schohn@aktantis.com\">stephanie.schohn@aktantis.com<\/a>                                            <\/p>\r\n                <\/div>\r\n            <\/div>\r\n        [\/vc_column_text][\/vc_column][\/vc_row]<\/p>\n<\/div>","protected":false},"excerpt":{"rendered":"","protected":false},"author":1287,"featured_media":0,"parent":91174333,"menu_order":0,"comment_status":"closed","ping_status":"closed","template":"","meta":{"footnotes":""},"class_list":["post-91165557","page","type-page","status-publish","hentry"],"yoast_head":"<!-- This site is optimized with the Yoast SEO plugin v25.8 - https:\/\/yoast.com\/wordpress\/plugins\/seo\/ -->\n<title>Protecting yourself against CyberThreats | AKTANTIS<\/title>\n<meta name=\"description\" content=\"To help you increase the level of control over your cyber security risks, AKTANTIS supports you with best practices,\" \/>\n<meta name=\"robots\" content=\"index, follow, max-snippet:-1, max-image-preview:large, max-video-preview:-1\" \/>\n<link rel=\"canonical\" href=\"https:\/\/www.aktantis.com\/services-aktantis\/se-proteger-des-cybermenaces\/\" \/>\n<meta property=\"og:locale\" content=\"en_US\" \/>\n<meta property=\"og:type\" content=\"article\" \/>\n<meta property=\"og:title\" content=\"Protecting yourself against CyberThreats | AKTANTIS\" \/>\n<meta property=\"og:description\" content=\"To help you increase the level of control over your cyber security risks, AKTANTIS supports you with best practices,\" \/>\n<meta property=\"og:url\" content=\"https:\/\/www.aktantis.com\/services-aktantis\/se-proteger-des-cybermenaces\/\" \/>\n<meta property=\"og:site_name\" content=\"AKTANTIS\" \/>\n<meta property=\"article:publisher\" content=\"https:\/\/www.facebook.com\/PoleSCS\/\" \/>\n<meta property=\"article:modified_time\" content=\"2024-11-15T16:00:15+00:00\" \/>\n<meta name=\"twitter:card\" content=\"summary_large_image\" \/>\n<meta name=\"twitter:site\" content=\"@Pole_SCS\" \/>\n<script type=\"application\/ld+json\" class=\"yoast-schema-graph\">{\"@context\":\"https:\/\/schema.org\",\"@graph\":[{\"@type\":\"WebPage\",\"@id\":\"https:\/\/www.aktantis.com\/services-aktantis\/se-proteger-des-cybermenaces\/\",\"url\":\"https:\/\/www.aktantis.com\/services-aktantis\/se-proteger-des-cybermenaces\/\",\"name\":\"Protecting yourself against CyberThreats | AKTANTIS\",\"isPartOf\":{\"@id\":\"https:\/\/www.aktantis.com\/#website\"},\"datePublished\":\"2022-01-28T12:04:22+00:00\",\"dateModified\":\"2024-11-15T16:00:15+00:00\",\"description\":\"To help you increase the level of control over your cyber security risks, AKTANTIS supports you with best practices,\",\"breadcrumb\":{\"@id\":\"https:\/\/www.aktantis.com\/services-aktantis\/se-proteger-des-cybermenaces\/#breadcrumb\"},\"inLanguage\":\"en-US\",\"potentialAction\":[{\"@type\":\"ReadAction\",\"target\":[\"https:\/\/www.aktantis.com\/services-aktantis\/se-proteger-des-cybermenaces\/\"]}]},{\"@type\":\"BreadcrumbList\",\"@id\":\"https:\/\/www.aktantis.com\/services-aktantis\/se-proteger-des-cybermenaces\/#breadcrumb\",\"itemListElement\":[{\"@type\":\"ListItem\",\"position\":1,\"name\":\"Accueil\",\"item\":\"https:\/\/www.aktantis.com\/en\/\"},{\"@type\":\"ListItem\",\"position\":2,\"name\":\"Services\",\"item\":\"https:\/\/www.aktantis.com\/en\/services-aktantis\/\"},{\"@type\":\"ListItem\",\"position\":3,\"name\":\"To be protected agains cyberthreats\"}]},{\"@type\":\"WebSite\",\"@id\":\"https:\/\/www.aktantis.com\/#website\",\"url\":\"https:\/\/www.aktantis.com\/\",\"name\":\"AKTANTIS\",\"description\":\"1er \u00e9cosyst\u00e8me europ\u00e9en\",\"publisher\":{\"@id\":\"https:\/\/www.aktantis.com\/#organization\"},\"potentialAction\":[{\"@type\":\"SearchAction\",\"target\":{\"@type\":\"EntryPoint\",\"urlTemplate\":\"https:\/\/www.aktantis.com\/?s={search_term_string}\"},\"query-input\":{\"@type\":\"PropertyValueSpecification\",\"valueRequired\":true,\"valueName\":\"search_term_string\"}}],\"inLanguage\":\"en-US\"},{\"@type\":\"Organization\",\"@id\":\"https:\/\/www.aktantis.com\/#organization\",\"name\":\"Aktantis\",\"url\":\"https:\/\/www.aktantis.com\/\",\"logo\":{\"@type\":\"ImageObject\",\"inLanguage\":\"en-US\",\"@id\":\"https:\/\/www.aktantis.com\/#\/schema\/logo\/image\/\",\"url\":\"https:\/\/www.aktantis.com\/wp-content\/uploads\/2018\/03\/cropped-logo_scs.png\",\"contentUrl\":\"https:\/\/www.aktantis.com\/wp-content\/uploads\/2018\/03\/cropped-logo_scs.png\",\"width\":720,\"height\":250,\"caption\":\"Aktantis\"},\"image\":{\"@id\":\"https:\/\/www.aktantis.com\/#\/schema\/logo\/image\/\"},\"sameAs\":[\"https:\/\/www.facebook.com\/PoleSCS\/\",\"https:\/\/x.com\/Pole_SCS\",\"https:\/\/www.linkedin.com\/company\/pole-scs\/\"]}]}<\/script>\n<!-- \/ Yoast SEO plugin. -->","yoast_head_json":{"title":"Protecting yourself against CyberThreats | AKTANTIS","description":"To help you increase the level of control over your cyber security risks, AKTANTIS supports you with best practices,","robots":{"index":"index","follow":"follow","max-snippet":"max-snippet:-1","max-image-preview":"max-image-preview:large","max-video-preview":"max-video-preview:-1"},"canonical":"https:\/\/www.aktantis.com\/services-aktantis\/se-proteger-des-cybermenaces\/","og_locale":"en_US","og_type":"article","og_title":"Protecting yourself against CyberThreats | AKTANTIS","og_description":"To help you increase the level of control over your cyber security risks, AKTANTIS supports you with best practices,","og_url":"https:\/\/www.aktantis.com\/services-aktantis\/se-proteger-des-cybermenaces\/","og_site_name":"AKTANTIS","article_publisher":"https:\/\/www.facebook.com\/PoleSCS\/","article_modified_time":"2024-11-15T16:00:15+00:00","twitter_card":"summary_large_image","twitter_site":"@Pole_SCS","schema":{"@context":"https:\/\/schema.org","@graph":[{"@type":"WebPage","@id":"https:\/\/www.aktantis.com\/services-aktantis\/se-proteger-des-cybermenaces\/","url":"https:\/\/www.aktantis.com\/services-aktantis\/se-proteger-des-cybermenaces\/","name":"Protecting yourself against CyberThreats | AKTANTIS","isPartOf":{"@id":"https:\/\/www.aktantis.com\/#website"},"datePublished":"2022-01-28T12:04:22+00:00","dateModified":"2024-11-15T16:00:15+00:00","description":"To help you increase the level of control over your cyber security risks, AKTANTIS supports you with best practices,","breadcrumb":{"@id":"https:\/\/www.aktantis.com\/services-aktantis\/se-proteger-des-cybermenaces\/#breadcrumb"},"inLanguage":"en-US","potentialAction":[{"@type":"ReadAction","target":["https:\/\/www.aktantis.com\/services-aktantis\/se-proteger-des-cybermenaces\/"]}]},{"@type":"BreadcrumbList","@id":"https:\/\/www.aktantis.com\/services-aktantis\/se-proteger-des-cybermenaces\/#breadcrumb","itemListElement":[{"@type":"ListItem","position":1,"name":"Accueil","item":"https:\/\/www.aktantis.com\/en\/"},{"@type":"ListItem","position":2,"name":"Services","item":"https:\/\/www.aktantis.com\/en\/services-aktantis\/"},{"@type":"ListItem","position":3,"name":"To be protected agains cyberthreats"}]},{"@type":"WebSite","@id":"https:\/\/www.aktantis.com\/#website","url":"https:\/\/www.aktantis.com\/","name":"AKTANTIS","description":"1er \u00e9cosyst\u00e8me europ\u00e9en","publisher":{"@id":"https:\/\/www.aktantis.com\/#organization"},"potentialAction":[{"@type":"SearchAction","target":{"@type":"EntryPoint","urlTemplate":"https:\/\/www.aktantis.com\/?s={search_term_string}"},"query-input":{"@type":"PropertyValueSpecification","valueRequired":true,"valueName":"search_term_string"}}],"inLanguage":"en-US"},{"@type":"Organization","@id":"https:\/\/www.aktantis.com\/#organization","name":"Aktantis","url":"https:\/\/www.aktantis.com\/","logo":{"@type":"ImageObject","inLanguage":"en-US","@id":"https:\/\/www.aktantis.com\/#\/schema\/logo\/image\/","url":"https:\/\/www.aktantis.com\/wp-content\/uploads\/2018\/03\/cropped-logo_scs.png","contentUrl":"https:\/\/www.aktantis.com\/wp-content\/uploads\/2018\/03\/cropped-logo_scs.png","width":720,"height":250,"caption":"Aktantis"},"image":{"@id":"https:\/\/www.aktantis.com\/#\/schema\/logo\/image\/"},"sameAs":["https:\/\/www.facebook.com\/PoleSCS\/","https:\/\/x.com\/Pole_SCS","https:\/\/www.linkedin.com\/company\/pole-scs\/"]}]}},"_links":{"self":[{"href":"https:\/\/www.aktantis.com\/en\/wp-json\/wp\/v2\/pages\/91165557","targetHints":{"allow":["GET"]}}],"collection":[{"href":"https:\/\/www.aktantis.com\/en\/wp-json\/wp\/v2\/pages"}],"about":[{"href":"https:\/\/www.aktantis.com\/en\/wp-json\/wp\/v2\/types\/page"}],"author":[{"embeddable":true,"href":"https:\/\/www.aktantis.com\/en\/wp-json\/wp\/v2\/users\/1287"}],"replies":[{"embeddable":true,"href":"https:\/\/www.aktantis.com\/en\/wp-json\/wp\/v2\/comments?post=91165557"}],"version-history":[{"count":38,"href":"https:\/\/www.aktantis.com\/en\/wp-json\/wp\/v2\/pages\/91165557\/revisions"}],"predecessor-version":[{"id":91174419,"href":"https:\/\/www.aktantis.com\/en\/wp-json\/wp\/v2\/pages\/91165557\/revisions\/91174419"}],"up":[{"embeddable":true,"href":"https:\/\/www.aktantis.com\/en\/wp-json\/wp\/v2\/pages\/91174333"}],"wp:attachment":[{"href":"https:\/\/www.aktantis.com\/en\/wp-json\/wp\/v2\/media?parent=91165557"}],"curies":[{"name":"wp","href":"https:\/\/api.w.org\/{rel}","templated":true}]}}