{"id":91164221,"date":"2020-04-08T10:45:46","date_gmt":"2020-04-08T08:45:46","guid":{"rendered":"https:\/\/www.aktantis.com\/?page_id=91164221"},"modified":"2025-09-05T15:33:05","modified_gmt":"2025-09-05T13:33:05","slug":"startup3","status":"publish","type":"page","link":"https:\/\/www.aktantis.com\/en\/innovation\/europe\/startup3\/","title":{"rendered":"STARTUP3"},"content":{"rendered":"<div class=\"wpb-content-wrapper\"><p>[vc_row][vc_column][vc_column_text]<\/p>\n<h3 style=\"text-align: center;\"><\/h3>\n<p><img loading=\"lazy\" decoding=\"async\" class=\"wp-image-91149228 size-medium aligncenter\" src=\"https:\/\/www.aktantis.com\/wp-content\/uploads\/2021\/03\/startup3-graphic-1-300x153.png\" alt=\"\" width=\"300\" height=\"153\" srcset=\"https:\/\/www.aktantis.com\/wp-content\/uploads\/2021\/03\/startup3-graphic-1-300x153.png 300w, https:\/\/www.aktantis.com\/wp-content\/uploads\/2021\/03\/startup3-graphic-1-160x82.png 160w, https:\/\/www.aktantis.com\/wp-content\/uploads\/2021\/03\/startup3-graphic-1-175x89.png 175w, https:\/\/www.aktantis.com\/wp-content\/uploads\/2021\/03\/startup3-graphic-1.png 698w\" sizes=\"auto, (max-width: 300px) 100vw, 300px\" \/><\/p>\n<p>Driven by real market needs, STARTUP3 aimed at building and facilitating an open and collaborative ecosystem to for high-impact <strong>deep-tech<\/strong> innovation and acted as a cross-border\/sectoral market-maker.<\/p>\n<p><iframe loading=\"lazy\" title=\"STARTUP3 Final Event video!\" width=\"525\" height=\"295\" src=\"https:\/\/www.youtube.com\/embed\/ULILJsW_xso?feature=oembed\" frameborder=\"0\" allow=\"accelerometer; autoplay; clipboard-write; encrypted-media; gyroscope; picture-in-picture; web-share\" referrerpolicy=\"strict-origin-when-cross-origin\" allowfullscreen><\/iframe><\/p>\n<p>From January 2020 to December 2021, the following results were achieved:<\/p>\n<p><strong>5 Top Deep-Tech startups<\/strong> were selected among 250 applicants through a 1-year acceleration programme, from which benefited 25 startups in total. The Top5 completed the programme 3 phases, which provided individualised coaching and prospection services.<\/p>\n<p>The STARTUP5 Top5 startups\u2019 deep technologies are tackling key markets and answer diverse core fields of nowadays challenges, highly contributing to the building of a digital-autonomous Europe<strong>: AI for medtech<\/strong>, <strong>IoT and AI for sustainable food &amp; environment<\/strong>, <strong>IoT for industry 4.0<\/strong>, <strong>VR for metaverse environment<\/strong>, <strong>Space and AI for safe smart building<\/strong>.<\/p>\n<p>The startups\u2019 acceleration was supported by a Pool of <strong>15+ Corporations<\/strong>, <strong>6 Investors<\/strong>, and <strong>15+ Support organisations<\/strong> \u2013 the <strong>STARTUP3 Corporate Pool<\/strong> \u2013 who followed the startups\u2019 development and were involved in their mentoring and selection thanks to the <strong>STARTUP3 Founder Studio Platform<\/strong>.<\/p>\n<p>From the accelerator start until November 2021, <strong>135 deals<\/strong> were established by the STARTUP3 startups, of which <strong>65 with clients<\/strong>, <strong>15+ with R&amp;D partners<\/strong>, <strong>15+ with accelerators<\/strong>, <strong>10+ with public funding bodies<\/strong>, and <strong>10+ with private investors<\/strong>. The startups launched <strong>15+ products in the market<\/strong>, and raised <strong>2.61 million euro<\/strong>, of which almost <strong>1 million private funding<\/strong>.<\/p>\n<p>From the building of the ecosystem, the <strong>STARTUP3 Cooperation Platform<\/strong> has mapped the <strong>305 STARTUP3 ecosystem players<\/strong> and ensures the continuity of their collaboration for future deep tech innovation opportunities.<\/p>\n<p>&nbsp;<\/p>\n<p style=\"text-align: center;\">See SCS Members\u2019 supported projects:\u00a0<a href=\"https:\/\/www.aktantis.com\/wp-content\/uploads\/2021\/03\/CP-Pole-SCS-Startup3-Resultats-Phase-1-VF.pdf\" target=\"_blank\" rel=\"noopener\">HERE<\/a><\/p>\n<h4><\/h4>\n<h4><strong>Events :<\/strong><\/h4>\n<ul>\n<li>16 \u2013 17 January 2020, Serbia \u2013 Kick-Off Meeting<\/li>\n<li>20 February \u2013 20<sup>th<\/sup> April 2020 \u2013 Open Call<\/li>\n<li>27 March 2020 \u2013 Ecosystem Discovery Mission, Sophia-Antipolis \u2013 More information\u00a0<a href=\"https:\/\/www.aktantis.com\/en\/2020\/04\/01\/back-on-startup3-webinar-video-and-presentations\/\">here<\/a><\/li>\n<li>11 May 2021 \u2013 AI Innovation Challenge at SCS AI Working Group \u2013 more information <a href=\"https:\/\/startup3.eu\/throwback-startup3-ai-innovation-challenge\/\" target=\"_blank\" rel=\"noopener\">here<\/a><\/li>\n<li>30 June 2021 \u2013 Sophia Business Angels Tribune \u2013 more information <a href=\"https:\/\/startup3.eu\/startup3-sophia-business-angels-tribune\/\" target=\"_blank\" rel=\"noopener\">here<\/a><\/li>\n<li>29 November \u2013 3 December 2021 \u2013 Brokerage Event Sophia-Antipolis + DeepTech Week \u2013 More information\u00a0<a href=\"https:\/\/startup3.eu\/startup3-deep-tech-week\/\" target=\"_blank\" rel=\"noopener\">here<\/a><\/li>\n<\/ul>\n<p>&nbsp;<\/p>\n<h4>Project Details :<\/h4>\n<ul>\n<li>Programme : Horizon 2020<\/li>\n<li>Dur\u00e9e : 1\/01\/2020 &#8211; 31\/12\/2021<\/li>\n<li>Coordinateur : Aktantis<\/li>\n<\/ul>\n<h4><\/h4>\n<h4>Partnership :<\/h4>\n<ul>\n<li>Aktantis (France)<\/li>\n<li><a href=\"https:\/\/www.itbaltic.com\/\" target=\"_blank\" rel=\"noopener noreferrer\">Latvian IT Cluster<\/a> (Latvia)<\/li>\n<li><a href=\"https:\/\/itc-cluster.com\/\" target=\"_blank\" rel=\"noopener noreferrer\">ITC Cluster<\/a> (Slovenia)<\/li>\n<li><a href=\"http:\/\/www.ekt.gr\/\" target=\"_blank\" rel=\"noopener noreferrer\">EKT<\/a> (Greece)<\/li>\n<li><a href=\"http:\/\/www.hola-up.com\" target=\"_blank\" rel=\"noopener noreferrer\">Hola Up<\/a> (France)<\/li>\n<li><span style=\"font-size: 1rem;\"><a href=\"http:\/\/www.inosens.rs\" target=\"_blank\" rel=\"noopener noreferrer\">InoSens<\/a> (Serbia)<\/span><\/li>\n<li><a href=\"http:\/\/www.agenso.gr\/\" target=\"_blank\" rel=\"noopener noreferrer\">Agenso<\/a> (Greece)<\/li>\n<\/ul>\n<p>&nbsp;<\/p>\n<h4><strong>Communication :<\/strong><\/h4>\n<p>&nbsp;<\/p>\n<ol>\n<li><a href=\"https:\/\/startup3.eu\/\" target=\"_blank\" rel=\"noopener noreferrer\">Site Web<\/a><\/li>\n<li><a href=\"https:\/\/www.linkedin.com\/showcase\/startup3\/\" target=\"_blank\" rel=\"noopener noreferrer\">Linkedin<\/a><\/li>\n<li><a href=\"https:\/\/twitter.com\/STARTUP3_EU\" target=\"_blank\" rel=\"noopener noreferrer\">Twitter<\/a><\/li>\n<li><a href=\"https:\/\/www.facebook.com\/startup3.accelerator\/?__tn__=%2Cd%2CP-R&amp;eid=ARBYUJMk7-8CWKU-YBXZ0ZBjIh24s7DHfB1KznL2JkHb_f2wZEVJj_j2rpB-8ravIYgFA2yMki2NG-UP\" target=\"_blank\" rel=\"noopener noreferrer\">Facebook<\/a><\/li>\n<li><a href=\"https:\/\/www.instagram.com\/STARTUP3_EU\/\" target=\"_blank\" rel=\"noopener noreferrer\">Instagram<\/a><\/li>\n<li><a href=\"https:\/\/www.youtube.com\/channel\/UCYId2f9fuXzBOcM7RAiA1Xg\" target=\"_blank\" rel=\"noopener noreferrer\">You Tube<\/a><\/li>\n<\/ol>\n<p>&nbsp;<\/p>\n<h4><strong>Contact :<\/strong><\/h4>\n<p>&nbsp;<\/p>\n<p>Cl\u00e9mence Castell &#8211; <a href=\"mailto:clemence.castell@aktantis.com\">clemence.castell@aktantis.com<\/a><\/p>\n<p>&nbsp;<\/p>\n<p><em>The STARTUP3 project has received funding from the European Union\u2019s Horizon 2020 research and innovation programme under grant agreement n\u00b0871709<\/em><\/p>\n<p style=\"text-align: center;\"><img loading=\"lazy\" decoding=\"async\" class=\"alignnone size-full wp-image-91149230\" src=\"https:\/\/www.aktantis.com\/wp-content\/uploads\/2021\/03\/eu-flag-82x55-1.png\" alt=\"\" width=\"82\" height=\"55\" \/><\/p>\n<p>[\/vc_column_text][\/vc_column][\/vc_row]<\/p>\n<\/div>","protected":false},"excerpt":{"rendered":"<p>[vc_row][vc_column][vc_column_text]<\/p>\n<p>Driven by real market needs, STARTUP3 aimed at building and facilitating an open and collaborative ecosystem to for high-impact deep-tech innovation and acted as a&#8230;<\/p>\n","protected":false},"author":1003,"featured_media":0,"parent":91148705,"menu_order":0,"comment_status":"closed","ping_status":"closed","template":"","meta":{"footnotes":""},"class_list":["post-91164221","page","type-page","status-publish","hentry"],"yoast_head":"<!-- This site is optimized with the Yoast SEO plugin v25.8 - https:\/\/yoast.com\/wordpress\/plugins\/seo\/ -->\n<title>STARTUP3 - AKTANTIS<\/title>\n<meta name=\"robots\" content=\"index, follow, max-snippet:-1, max-image-preview:large, max-video-preview:-1\" \/>\n<link rel=\"canonical\" href=\"https:\/\/www.aktantis.com\/en\/innovation\/europe\/startup3\/\" \/>\n<meta property=\"og:locale\" content=\"en_US\" \/>\n<meta property=\"og:type\" content=\"article\" \/>\n<meta property=\"og:title\" content=\"STARTUP3 - AKTANTIS\" \/>\n<meta property=\"og:description\" content=\"[vc_row][vc_column][vc_column_text]  Driven by real market needs, STARTUP3 aimed at building and facilitating an open and collaborative ecosystem to for high-impact deep-tech innovation and acted as a...\" \/>\n<meta property=\"og:url\" content=\"https:\/\/www.aktantis.com\/en\/innovation\/europe\/startup3\/\" \/>\n<meta property=\"og:site_name\" content=\"AKTANTIS\" \/>\n<meta property=\"article:publisher\" content=\"https:\/\/www.facebook.com\/PoleSCS\/\" \/>\n<meta property=\"article:modified_time\" content=\"2025-09-05T13:33:05+00:00\" \/>\n<meta property=\"og:image\" content=\"https:\/\/www.aktantis.com\/wp-content\/uploads\/2021\/03\/startup3-graphic-1.png\" \/>\n\t<meta property=\"og:image:width\" content=\"698\" \/>\n\t<meta property=\"og:image:height\" content=\"356\" \/>\n\t<meta property=\"og:image:type\" content=\"image\/png\" \/>\n<meta name=\"twitter:card\" content=\"summary_large_image\" \/>\n<meta name=\"twitter:site\" content=\"@Pole_SCS\" \/>\n<script type=\"application\/ld+json\" class=\"yoast-schema-graph\">{\"@context\":\"https:\/\/schema.org\",\"@graph\":[{\"@type\":\"WebPage\",\"@id\":\"https:\/\/www.aktantis.com\/en\/innovation\/europe\/startup3\/\",\"url\":\"https:\/\/www.aktantis.com\/en\/innovation\/europe\/startup3\/\",\"name\":\"STARTUP3 - AKTANTIS\",\"isPartOf\":{\"@id\":\"https:\/\/www.aktantis.com\/#website\"},\"primaryImageOfPage\":{\"@id\":\"https:\/\/www.aktantis.com\/en\/innovation\/europe\/startup3\/#primaryimage\"},\"image\":{\"@id\":\"https:\/\/www.aktantis.com\/en\/innovation\/europe\/startup3\/#primaryimage\"},\"thumbnailUrl\":\"https:\/\/www.aktantis.com\/wp-content\/uploads\/2021\/03\/startup3-graphic-1-300x153.png\",\"datePublished\":\"2020-04-08T08:45:46+00:00\",\"dateModified\":\"2025-09-05T13:33:05+00:00\",\"breadcrumb\":{\"@id\":\"https:\/\/www.aktantis.com\/en\/innovation\/europe\/startup3\/#breadcrumb\"},\"inLanguage\":\"en-US\",\"potentialAction\":[{\"@type\":\"ReadAction\",\"target\":[\"https:\/\/www.aktantis.com\/en\/innovation\/europe\/startup3\/\"]}]},{\"@type\":\"ImageObject\",\"inLanguage\":\"en-US\",\"@id\":\"https:\/\/www.aktantis.com\/en\/innovation\/europe\/startup3\/#primaryimage\",\"url\":\"https:\/\/www.aktantis.com\/wp-content\/uploads\/2021\/03\/startup3-graphic-1-300x153.png\",\"contentUrl\":\"https:\/\/www.aktantis.com\/wp-content\/uploads\/2021\/03\/startup3-graphic-1-300x153.png\"},{\"@type\":\"BreadcrumbList\",\"@id\":\"https:\/\/www.aktantis.com\/en\/innovation\/europe\/startup3\/#breadcrumb\",\"itemListElement\":[{\"@type\":\"ListItem\",\"position\":1,\"name\":\"Accueil\",\"item\":\"https:\/\/www.aktantis.com\/en\/\"},{\"@type\":\"ListItem\",\"position\":2,\"name\":\"Innovation\",\"item\":\"https:\/\/www.aktantis.com\/innovation\/\"},{\"@type\":\"ListItem\",\"position\":3,\"name\":\"Europe\",\"item\":\"https:\/\/www.aktantis.com\/en\/innovation\/europe\/\"},{\"@type\":\"ListItem\",\"position\":4,\"name\":\"STARTUP3\"}]},{\"@type\":\"WebSite\",\"@id\":\"https:\/\/www.aktantis.com\/#website\",\"url\":\"https:\/\/www.aktantis.com\/\",\"name\":\"AKTANTIS\",\"description\":\"1er \u00e9cosyst\u00e8me europ\u00e9en\",\"publisher\":{\"@id\":\"https:\/\/www.aktantis.com\/#organization\"},\"potentialAction\":[{\"@type\":\"SearchAction\",\"target\":{\"@type\":\"EntryPoint\",\"urlTemplate\":\"https:\/\/www.aktantis.com\/?s={search_term_string}\"},\"query-input\":{\"@type\":\"PropertyValueSpecification\",\"valueRequired\":true,\"valueName\":\"search_term_string\"}}],\"inLanguage\":\"en-US\"},{\"@type\":\"Organization\",\"@id\":\"https:\/\/www.aktantis.com\/#organization\",\"name\":\"Aktantis\",\"url\":\"https:\/\/www.aktantis.com\/\",\"logo\":{\"@type\":\"ImageObject\",\"inLanguage\":\"en-US\",\"@id\":\"https:\/\/www.aktantis.com\/#\/schema\/logo\/image\/\",\"url\":\"https:\/\/www.aktantis.com\/wp-content\/uploads\/2018\/03\/cropped-logo_scs.png\",\"contentUrl\":\"https:\/\/www.aktantis.com\/wp-content\/uploads\/2018\/03\/cropped-logo_scs.png\",\"width\":720,\"height\":250,\"caption\":\"Aktantis\"},\"image\":{\"@id\":\"https:\/\/www.aktantis.com\/#\/schema\/logo\/image\/\"},\"sameAs\":[\"https:\/\/www.facebook.com\/PoleSCS\/\",\"https:\/\/x.com\/Pole_SCS\",\"https:\/\/www.linkedin.com\/company\/pole-scs\/\"]}]}<\/script>\n<!-- \/ Yoast SEO plugin. -->","yoast_head_json":{"title":"STARTUP3 - AKTANTIS","robots":{"index":"index","follow":"follow","max-snippet":"max-snippet:-1","max-image-preview":"max-image-preview:large","max-video-preview":"max-video-preview:-1"},"canonical":"https:\/\/www.aktantis.com\/en\/innovation\/europe\/startup3\/","og_locale":"en_US","og_type":"article","og_title":"STARTUP3 - AKTANTIS","og_description":"[vc_row][vc_column][vc_column_text]  Driven by real market needs, STARTUP3 aimed at building and facilitating an open and collaborative ecosystem to for high-impact deep-tech innovation and acted as a...","og_url":"https:\/\/www.aktantis.com\/en\/innovation\/europe\/startup3\/","og_site_name":"AKTANTIS","article_publisher":"https:\/\/www.facebook.com\/PoleSCS\/","article_modified_time":"2025-09-05T13:33:05+00:00","og_image":[{"width":698,"height":356,"url":"https:\/\/www.aktantis.com\/wp-content\/uploads\/2021\/03\/startup3-graphic-1.png","type":"image\/png"}],"twitter_card":"summary_large_image","twitter_site":"@Pole_SCS","schema":{"@context":"https:\/\/schema.org","@graph":[{"@type":"WebPage","@id":"https:\/\/www.aktantis.com\/en\/innovation\/europe\/startup3\/","url":"https:\/\/www.aktantis.com\/en\/innovation\/europe\/startup3\/","name":"STARTUP3 - AKTANTIS","isPartOf":{"@id":"https:\/\/www.aktantis.com\/#website"},"primaryImageOfPage":{"@id":"https:\/\/www.aktantis.com\/en\/innovation\/europe\/startup3\/#primaryimage"},"image":{"@id":"https:\/\/www.aktantis.com\/en\/innovation\/europe\/startup3\/#primaryimage"},"thumbnailUrl":"https:\/\/www.aktantis.com\/wp-content\/uploads\/2021\/03\/startup3-graphic-1-300x153.png","datePublished":"2020-04-08T08:45:46+00:00","dateModified":"2025-09-05T13:33:05+00:00","breadcrumb":{"@id":"https:\/\/www.aktantis.com\/en\/innovation\/europe\/startup3\/#breadcrumb"},"inLanguage":"en-US","potentialAction":[{"@type":"ReadAction","target":["https:\/\/www.aktantis.com\/en\/innovation\/europe\/startup3\/"]}]},{"@type":"ImageObject","inLanguage":"en-US","@id":"https:\/\/www.aktantis.com\/en\/innovation\/europe\/startup3\/#primaryimage","url":"https:\/\/www.aktantis.com\/wp-content\/uploads\/2021\/03\/startup3-graphic-1-300x153.png","contentUrl":"https:\/\/www.aktantis.com\/wp-content\/uploads\/2021\/03\/startup3-graphic-1-300x153.png"},{"@type":"BreadcrumbList","@id":"https:\/\/www.aktantis.com\/en\/innovation\/europe\/startup3\/#breadcrumb","itemListElement":[{"@type":"ListItem","position":1,"name":"Accueil","item":"https:\/\/www.aktantis.com\/en\/"},{"@type":"ListItem","position":2,"name":"Innovation","item":"https:\/\/www.aktantis.com\/innovation\/"},{"@type":"ListItem","position":3,"name":"Europe","item":"https:\/\/www.aktantis.com\/en\/innovation\/europe\/"},{"@type":"ListItem","position":4,"name":"STARTUP3"}]},{"@type":"WebSite","@id":"https:\/\/www.aktantis.com\/#website","url":"https:\/\/www.aktantis.com\/","name":"AKTANTIS","description":"1er \u00e9cosyst\u00e8me europ\u00e9en","publisher":{"@id":"https:\/\/www.aktantis.com\/#organization"},"potentialAction":[{"@type":"SearchAction","target":{"@type":"EntryPoint","urlTemplate":"https:\/\/www.aktantis.com\/?s={search_term_string}"},"query-input":{"@type":"PropertyValueSpecification","valueRequired":true,"valueName":"search_term_string"}}],"inLanguage":"en-US"},{"@type":"Organization","@id":"https:\/\/www.aktantis.com\/#organization","name":"Aktantis","url":"https:\/\/www.aktantis.com\/","logo":{"@type":"ImageObject","inLanguage":"en-US","@id":"https:\/\/www.aktantis.com\/#\/schema\/logo\/image\/","url":"https:\/\/www.aktantis.com\/wp-content\/uploads\/2018\/03\/cropped-logo_scs.png","contentUrl":"https:\/\/www.aktantis.com\/wp-content\/uploads\/2018\/03\/cropped-logo_scs.png","width":720,"height":250,"caption":"Aktantis"},"image":{"@id":"https:\/\/www.aktantis.com\/#\/schema\/logo\/image\/"},"sameAs":["https:\/\/www.facebook.com\/PoleSCS\/","https:\/\/x.com\/Pole_SCS","https:\/\/www.linkedin.com\/company\/pole-scs\/"]}]}},"_links":{"self":[{"href":"https:\/\/www.aktantis.com\/en\/wp-json\/wp\/v2\/pages\/91164221","targetHints":{"allow":["GET"]}}],"collection":[{"href":"https:\/\/www.aktantis.com\/en\/wp-json\/wp\/v2\/pages"}],"about":[{"href":"https:\/\/www.aktantis.com\/en\/wp-json\/wp\/v2\/types\/page"}],"author":[{"embeddable":true,"href":"https:\/\/www.aktantis.com\/en\/wp-json\/wp\/v2\/users\/1003"}],"replies":[{"embeddable":true,"href":"https:\/\/www.aktantis.com\/en\/wp-json\/wp\/v2\/comments?post=91164221"}],"version-history":[{"count":6,"href":"https:\/\/www.aktantis.com\/en\/wp-json\/wp\/v2\/pages\/91164221\/revisions"}],"predecessor-version":[{"id":91164237,"href":"https:\/\/www.aktantis.com\/en\/wp-json\/wp\/v2\/pages\/91164221\/revisions\/91164237"}],"up":[{"embeddable":true,"href":"https:\/\/www.aktantis.com\/en\/wp-json\/wp\/v2\/pages\/91148705"}],"wp:attachment":[{"href":"https:\/\/www.aktantis.com\/en\/wp-json\/wp\/v2\/media?parent=91164221"}],"curies":[{"name":"wp","href":"https:\/\/api.w.org\/{rel}","templated":true}]}}