{"id":91163908,"date":"2020-04-08T10:45:46","date_gmt":"2020-04-08T08:45:46","guid":{"rendered":"https:\/\/www.aktantis.com\/alliance-2\/"},"modified":"2025-09-05T15:19:17","modified_gmt":"2025-09-05T13:19:17","slug":"alliance","status":"publish","type":"page","link":"https:\/\/www.aktantis.com\/en\/innovation\/europe\/alliance\/","title":{"rendered":"Alliance"},"content":{"rendered":"<div class=\"wpb-content-wrapper\"><p>[vc_row][vc_column][vc_column_text]<\/p>\n<h3 style=\"text-align: center;\">Alliance for International Business Development of Advanced Materials and CoNnectivity for DefenCe and SEcurity Markets<\/h3>\n<p>&nbsp;<\/p>\n<p><img loading=\"lazy\" decoding=\"async\" class=\"aligncenter wp-image-91149265 size-medium\" src=\"https:\/\/www.aktantis.com\/wp-content\/uploads\/2021\/03\/ALLIANCE_event-invitation_eng-1-300x97.jpg\" alt=\"\" width=\"300\" height=\"97\" srcset=\"https:\/\/www.aktantis.com\/wp-content\/uploads\/2021\/03\/ALLIANCE_event-invitation_eng-1-300x97.jpg 300w, https:\/\/www.aktantis.com\/wp-content\/uploads\/2021\/03\/ALLIANCE_event-invitation_eng-1-160x52.jpg 160w, https:\/\/www.aktantis.com\/wp-content\/uploads\/2021\/03\/ALLIANCE_event-invitation_eng-1-274x89.jpg 274w, https:\/\/www.aktantis.com\/wp-content\/uploads\/2021\/03\/ALLIANCE_event-invitation_eng-1.jpg 484w\" sizes=\"auto, (max-width: 300px) 100vw, 300px\" \/><\/p>\n<p>The initiative will support the innovative products on advanced materials and connectivity for dual use, such as aerospace, soldier systems, robotics. ALLIANCE involves a seven-partners consortium between French, Italian and Dutch clusters (TECHTERA, SAFE cluster, NTT \u2013 Next Technology Tecnotessile, CS-PO.IN.TEX \u2013 CITTA Studi SPA, SIIT \u2013 Societa Consortile Per Azioni Siglabile SIIT SCPA and SCS cluster).<\/p>\n<p>The project\u2019s objective is to create dual technology transfer initiatives between the civilian and military sectors, to bring out innovations, to make our companies and leaders in this field, and export these new products. From Aktantis SMEs perspective the projects methodology is based on supporting the exportation of products and services to final markets or to global integrators within three target countries (Japan, Republic of Korea and USA).<\/p>\n<p>The ALLIANCE consortium is fully committed to the aims and objectives of the EU defence and cluster support policies and already projects itself into a sustainable partnership and collaboration by engaging a process for the creation of a\u00a0<strong>European metacluster<\/strong>\u00a0in the domain of Advanced Materials, ICT and the emerging domain of connected materials,<strong>\u00a0for security and defence applications<\/strong>\u00a0that will be launched on the back of the Joint Internationalisation Strategy.<\/p>\n<p>&nbsp;<\/p>\n<h4><strong>Events :<\/strong><\/h4>\n<p>&nbsp;<\/p>\n<ul>\n<li>25\u00a0 to 26 September 2018, Lyon &#8211; Kick-Off Meeting<\/li>\n<li>10 April 2019, Genova \u2013 R\u00e9union Coop\u00e9ration Textiles, D\u00e9fense et S\u00e9curit\u00e9<\/li>\n<li>14 to 17 October 2019, SCS Cluster participated in the delegation of European companies led by ALLIANCE in the United States for the Association of United States Army (AUSA)<\/li>\n<li>22 November 2019, SCS Cluster presented the ALLIANCE project to the Commission&#8217;s Directorate-General for Research and Innovation, at the CDMA building in Brussels, during `A study on dual-use materials &#8211; tackling the problems of dual use in enabling technologies<\/li>\n<li>5 December 2019, Aix-en-Provence &#8211; <a href=\"https:\/\/www.aktantis.com\/en\/2019\/11\/06\/alliance-b2b-event\/\" target=\"_blank\" rel=\"noopener noreferrer\">B2B Event<\/a><\/li>\n<li>12 February 2020 and 14 February 2020 \u2013 Japon Mission to Osaka and Tokyo<\/li>\n<li>6 &#8211; 8 May 2020, Seoul &#8211; EU-Korea Cluster Policy Learning and Matchmaking Event &#8211; The European Commission and the Korea Industrial Complex Corporation (KICOX) jointly organize the EU-Korea Cluster Matchmaking Event<\/li>\n<\/ul>\n<p>&nbsp;<\/p>\n<h4><strong>Project details\u00a0 :<\/strong><\/h4>\n<p>&nbsp;<\/p>\n<ul>\n<li>Programm : COSME<\/li>\n<li>Duration : 1\/10\/2018 till 30\/09\/2020<\/li>\n<li>Coordinator : Techtera<\/li>\n<\/ul>\n<p>&nbsp;<\/p>\n<p>&nbsp;<\/p>\n<h4><strong>Partnership :<\/strong><\/h4>\n<p>&nbsp;<\/p>\n<ul>\n<li><a href=\"https:\/\/www.techtera.org\/\" target=\"_blank\" rel=\"noopener noreferrer\">Techtera<\/a> (France)<\/li>\n<li><a href=\"http:\/\/www.safecluster.com\/\" target=\"_blank\" rel=\"noopener noreferrer\">Safe Cluster<\/a> (France)<\/li>\n<li><a href=\"https:\/\/www.pointex.eu\/\" target=\"_blank\" rel=\"noopener noreferrer\">PO.IN.TEX<\/a> \u2013 Textile innovation cluster (Italy)<\/li>\n<li><a href=\"http:\/\/www.tuscanyfashioncluster.it\/\" target=\"_blank\" rel=\"noopener noreferrer\">OTIR \u2013 Tuscany Fashion Cluster<\/a> (Italy)<\/li>\n<li><a href=\"https:\/\/www.nidv.eu\/en\/\" target=\"_blank\" rel=\"noopener noreferrer\">NIDV \u2013 Industries for Defense and Security<\/a> (The Netherlands)<\/li>\n<li>Aktantis (France)<\/li>\n<li><a href=\"http:\/\/www.siitscpa.it\/en\" target=\"_blank\" rel=\"noopener noreferrer\">SIIT \u2013 Intelligent System Integrated Technologies<\/a> (Italy)<\/li>\n<\/ul>\n<p>&nbsp;<\/p>\n<p>&nbsp;<\/p>\n<h4><strong>Communication :<\/strong><\/h4>\n<p>&nbsp;<\/p>\n<ul>\n<li>Official flyer &#8211; <a href=\"https:\/\/www.aktantis.com\/wp-content\/uploads\/2020\/02\/ALLIANCE-Flyer.pdf\" target=\"_blank\" rel=\"noopener noreferrer\">Here<\/a><\/li>\n<li><a href=\"https:\/\/www.linkedin.com\/company\/alliance-project-cosme\/\" target=\"_blank\" rel=\"noopener noreferrer\">Linkedin<\/a><\/li>\n<\/ul>\n<p>&nbsp;<\/p>\n<p>&nbsp;<\/p>\n<h4><strong>Contact :<\/strong><\/h4>\n<p>&nbsp;<\/p>\n<p>Marielle Campanella &#8211; <a href=\"mailto:marielle.campanella@aktantis.com\">marielle.campanella@aktantis.com<\/a><\/p>\n<p>&nbsp;<\/p>\n<p style=\"text-align: center;\"><em>The Alliance project has received funding from the European Union\u2019s Cosme\u00a0 programme under grant agreement n\u00b0 811201<\/em><\/p>\n<p style=\"text-align: center;\"><img loading=\"lazy\" decoding=\"async\" class=\"aligncenter wp-image-91158305 size-medium\" src=\"https:\/\/www.aktantis.com\/wp-content\/uploads\/2022\/04\/europe-cosme-300x62.png\" alt=\"\" width=\"300\" height=\"62\" srcset=\"https:\/\/www.aktantis.com\/wp-content\/uploads\/2022\/04\/europe-cosme-300x62.png 300w, https:\/\/www.aktantis.com\/wp-content\/uploads\/2022\/04\/europe-cosme-1024x211.png 1024w, https:\/\/www.aktantis.com\/wp-content\/uploads\/2022\/04\/europe-cosme-768x158.png 768w, https:\/\/www.aktantis.com\/wp-content\/uploads\/2022\/04\/europe-cosme-1536x316.png 1536w, https:\/\/www.aktantis.com\/wp-content\/uploads\/2022\/04\/europe-cosme-2048x422.png 2048w, https:\/\/www.aktantis.com\/wp-content\/uploads\/2022\/04\/europe-cosme-160x33.png 160w, https:\/\/www.aktantis.com\/wp-content\/uploads\/2022\/04\/europe-cosme-432x89.png 432w\" sizes=\"auto, (max-width: 300px) 100vw, 300px\" \/><\/p>\n<p>[\/vc_column_text][\/vc_column][\/vc_row]<\/p>\n<\/div>","protected":false},"excerpt":{"rendered":"<p>[vc_row][vc_column][vc_column_text]<br \/>\nAlliance for International Business Development of Advanced Materials and CoNnectivity for DefenCe and SEcurity Markets<br \/>\n&nbsp;<\/p>\n<p>The initiative will support the innovative products on advanced materials and&#8230;<\/p>\n","protected":false},"author":1287,"featured_media":0,"parent":91148705,"menu_order":0,"comment_status":"closed","ping_status":"closed","template":"","meta":{"footnotes":""},"class_list":["post-91163908","page","type-page","status-publish","hentry"],"yoast_head":"<!-- This site is optimized with the Yoast SEO plugin v25.8 - https:\/\/yoast.com\/wordpress\/plugins\/seo\/ -->\n<title>Alliance<\/title>\n<meta name=\"description\" content=\"L\u2019objectif du projet AdPack\u00b2 est d\u2019acc\u00e9l\u00e9rer la coop\u00e9ration entre les clusters europ\u00e9ens du partenariat et leur membres (et en particulier les PME) ainsi que d\u2019acc\u00e9l\u00e9rer le d\u00e9veloppement international de ces PME en les positionnant dans la cha\u00eene de valeur du \u00ab smart packaging \u00bb (emballage intelligent, durable et connect\u00e9).\" \/>\n<meta name=\"robots\" content=\"index, follow, max-snippet:-1, max-image-preview:large, max-video-preview:-1\" \/>\n<link rel=\"canonical\" href=\"https:\/\/www.aktantis.com\/en\/innovation\/europe\/alliance\/\" \/>\n<meta property=\"og:locale\" content=\"en_US\" \/>\n<meta property=\"og:type\" content=\"article\" \/>\n<meta property=\"og:title\" content=\"Alliance\" \/>\n<meta property=\"og:description\" content=\"L\u2019objectif du projet AdPack\u00b2 est d\u2019acc\u00e9l\u00e9rer la coop\u00e9ration entre les clusters europ\u00e9ens du partenariat et leur membres (et en particulier les PME) ainsi que d\u2019acc\u00e9l\u00e9rer le d\u00e9veloppement international de ces PME en les positionnant dans la cha\u00eene de valeur du \u00ab smart packaging \u00bb (emballage intelligent, durable et connect\u00e9).\" \/>\n<meta property=\"og:url\" content=\"https:\/\/www.aktantis.com\/en\/innovation\/europe\/alliance\/\" \/>\n<meta property=\"og:site_name\" content=\"AKTANTIS\" \/>\n<meta property=\"article:publisher\" content=\"https:\/\/www.facebook.com\/PoleSCS\/\" \/>\n<meta property=\"article:modified_time\" content=\"2025-09-05T13:19:17+00:00\" \/>\n<meta property=\"og:image\" content=\"https:\/\/www.aktantis.com\/wp-content\/uploads\/2021\/03\/ALLIANCE_event-invitation_eng-1.jpg\" \/>\n\t<meta property=\"og:image:width\" content=\"484\" \/>\n\t<meta property=\"og:image:height\" content=\"157\" \/>\n\t<meta property=\"og:image:type\" content=\"image\/jpeg\" \/>\n<meta name=\"twitter:card\" content=\"summary_large_image\" \/>\n<meta name=\"twitter:site\" content=\"@Pole_SCS\" \/>\n<script type=\"application\/ld+json\" class=\"yoast-schema-graph\">{\"@context\":\"https:\/\/schema.org\",\"@graph\":[{\"@type\":\"WebPage\",\"@id\":\"https:\/\/www.aktantis.com\/en\/innovation\/europe\/alliance\/\",\"url\":\"https:\/\/www.aktantis.com\/en\/innovation\/europe\/alliance\/\",\"name\":\"Alliance\",\"isPartOf\":{\"@id\":\"https:\/\/www.aktantis.com\/#website\"},\"primaryImageOfPage\":{\"@id\":\"https:\/\/www.aktantis.com\/en\/innovation\/europe\/alliance\/#primaryimage\"},\"image\":{\"@id\":\"https:\/\/www.aktantis.com\/en\/innovation\/europe\/alliance\/#primaryimage\"},\"thumbnailUrl\":\"https:\/\/www.aktantis.com\/wp-content\/uploads\/2021\/03\/ALLIANCE_event-invitation_eng-1-300x97.jpg\",\"datePublished\":\"2020-04-08T08:45:46+00:00\",\"dateModified\":\"2025-09-05T13:19:17+00:00\",\"description\":\"L\u2019objectif du projet AdPack\u00b2 est d\u2019acc\u00e9l\u00e9rer la coop\u00e9ration entre les clusters europ\u00e9ens du partenariat et leur membres (et en particulier les PME) ainsi que d\u2019acc\u00e9l\u00e9rer le d\u00e9veloppement international de ces PME en les positionnant dans la cha\u00eene de valeur du \u00ab smart packaging \u00bb (emballage intelligent, durable et connect\u00e9).\",\"breadcrumb\":{\"@id\":\"https:\/\/www.aktantis.com\/en\/innovation\/europe\/alliance\/#breadcrumb\"},\"inLanguage\":\"en-US\",\"potentialAction\":[{\"@type\":\"ReadAction\",\"target\":[\"https:\/\/www.aktantis.com\/en\/innovation\/europe\/alliance\/\"]}]},{\"@type\":\"ImageObject\",\"inLanguage\":\"en-US\",\"@id\":\"https:\/\/www.aktantis.com\/en\/innovation\/europe\/alliance\/#primaryimage\",\"url\":\"https:\/\/www.aktantis.com\/wp-content\/uploads\/2021\/03\/ALLIANCE_event-invitation_eng-1-300x97.jpg\",\"contentUrl\":\"https:\/\/www.aktantis.com\/wp-content\/uploads\/2021\/03\/ALLIANCE_event-invitation_eng-1-300x97.jpg\"},{\"@type\":\"BreadcrumbList\",\"@id\":\"https:\/\/www.aktantis.com\/en\/innovation\/europe\/alliance\/#breadcrumb\",\"itemListElement\":[{\"@type\":\"ListItem\",\"position\":1,\"name\":\"Accueil\",\"item\":\"https:\/\/www.aktantis.com\/en\/\"},{\"@type\":\"ListItem\",\"position\":2,\"name\":\"Innovation\",\"item\":\"https:\/\/www.aktantis.com\/innovation\/\"},{\"@type\":\"ListItem\",\"position\":3,\"name\":\"Europe\",\"item\":\"https:\/\/www.aktantis.com\/en\/innovation\/europe\/\"},{\"@type\":\"ListItem\",\"position\":4,\"name\":\"Alliance\"}]},{\"@type\":\"WebSite\",\"@id\":\"https:\/\/www.aktantis.com\/#website\",\"url\":\"https:\/\/www.aktantis.com\/\",\"name\":\"AKTANTIS\",\"description\":\"1er \u00e9cosyst\u00e8me europ\u00e9en\",\"publisher\":{\"@id\":\"https:\/\/www.aktantis.com\/#organization\"},\"potentialAction\":[{\"@type\":\"SearchAction\",\"target\":{\"@type\":\"EntryPoint\",\"urlTemplate\":\"https:\/\/www.aktantis.com\/?s={search_term_string}\"},\"query-input\":{\"@type\":\"PropertyValueSpecification\",\"valueRequired\":true,\"valueName\":\"search_term_string\"}}],\"inLanguage\":\"en-US\"},{\"@type\":\"Organization\",\"@id\":\"https:\/\/www.aktantis.com\/#organization\",\"name\":\"Aktantis\",\"url\":\"https:\/\/www.aktantis.com\/\",\"logo\":{\"@type\":\"ImageObject\",\"inLanguage\":\"en-US\",\"@id\":\"https:\/\/www.aktantis.com\/#\/schema\/logo\/image\/\",\"url\":\"https:\/\/www.aktantis.com\/wp-content\/uploads\/2018\/03\/cropped-logo_scs.png\",\"contentUrl\":\"https:\/\/www.aktantis.com\/wp-content\/uploads\/2018\/03\/cropped-logo_scs.png\",\"width\":720,\"height\":250,\"caption\":\"Aktantis\"},\"image\":{\"@id\":\"https:\/\/www.aktantis.com\/#\/schema\/logo\/image\/\"},\"sameAs\":[\"https:\/\/www.facebook.com\/PoleSCS\/\",\"https:\/\/x.com\/Pole_SCS\",\"https:\/\/www.linkedin.com\/company\/pole-scs\/\"]}]}<\/script>\n<!-- \/ Yoast SEO plugin. -->","yoast_head_json":{"title":"Alliance","description":"L\u2019objectif du projet AdPack\u00b2 est d\u2019acc\u00e9l\u00e9rer la coop\u00e9ration entre les clusters europ\u00e9ens du partenariat et leur membres (et en particulier les PME) ainsi que d\u2019acc\u00e9l\u00e9rer le d\u00e9veloppement international de ces PME en les positionnant dans la cha\u00eene de valeur du \u00ab smart packaging \u00bb (emballage intelligent, durable et connect\u00e9).","robots":{"index":"index","follow":"follow","max-snippet":"max-snippet:-1","max-image-preview":"max-image-preview:large","max-video-preview":"max-video-preview:-1"},"canonical":"https:\/\/www.aktantis.com\/en\/innovation\/europe\/alliance\/","og_locale":"en_US","og_type":"article","og_title":"Alliance","og_description":"L\u2019objectif du projet AdPack\u00b2 est d\u2019acc\u00e9l\u00e9rer la coop\u00e9ration entre les clusters europ\u00e9ens du partenariat et leur membres (et en particulier les PME) ainsi que d\u2019acc\u00e9l\u00e9rer le d\u00e9veloppement international de ces PME en les positionnant dans la cha\u00eene de valeur du \u00ab smart packaging \u00bb (emballage intelligent, durable et connect\u00e9).","og_url":"https:\/\/www.aktantis.com\/en\/innovation\/europe\/alliance\/","og_site_name":"AKTANTIS","article_publisher":"https:\/\/www.facebook.com\/PoleSCS\/","article_modified_time":"2025-09-05T13:19:17+00:00","og_image":[{"width":484,"height":157,"url":"https:\/\/www.aktantis.com\/wp-content\/uploads\/2021\/03\/ALLIANCE_event-invitation_eng-1.jpg","type":"image\/jpeg"}],"twitter_card":"summary_large_image","twitter_site":"@Pole_SCS","schema":{"@context":"https:\/\/schema.org","@graph":[{"@type":"WebPage","@id":"https:\/\/www.aktantis.com\/en\/innovation\/europe\/alliance\/","url":"https:\/\/www.aktantis.com\/en\/innovation\/europe\/alliance\/","name":"Alliance","isPartOf":{"@id":"https:\/\/www.aktantis.com\/#website"},"primaryImageOfPage":{"@id":"https:\/\/www.aktantis.com\/en\/innovation\/europe\/alliance\/#primaryimage"},"image":{"@id":"https:\/\/www.aktantis.com\/en\/innovation\/europe\/alliance\/#primaryimage"},"thumbnailUrl":"https:\/\/www.aktantis.com\/wp-content\/uploads\/2021\/03\/ALLIANCE_event-invitation_eng-1-300x97.jpg","datePublished":"2020-04-08T08:45:46+00:00","dateModified":"2025-09-05T13:19:17+00:00","description":"L\u2019objectif du projet AdPack\u00b2 est d\u2019acc\u00e9l\u00e9rer la coop\u00e9ration entre les clusters europ\u00e9ens du partenariat et leur membres (et en particulier les PME) ainsi que d\u2019acc\u00e9l\u00e9rer le d\u00e9veloppement international de ces PME en les positionnant dans la cha\u00eene de valeur du \u00ab smart packaging \u00bb (emballage intelligent, durable et connect\u00e9).","breadcrumb":{"@id":"https:\/\/www.aktantis.com\/en\/innovation\/europe\/alliance\/#breadcrumb"},"inLanguage":"en-US","potentialAction":[{"@type":"ReadAction","target":["https:\/\/www.aktantis.com\/en\/innovation\/europe\/alliance\/"]}]},{"@type":"ImageObject","inLanguage":"en-US","@id":"https:\/\/www.aktantis.com\/en\/innovation\/europe\/alliance\/#primaryimage","url":"https:\/\/www.aktantis.com\/wp-content\/uploads\/2021\/03\/ALLIANCE_event-invitation_eng-1-300x97.jpg","contentUrl":"https:\/\/www.aktantis.com\/wp-content\/uploads\/2021\/03\/ALLIANCE_event-invitation_eng-1-300x97.jpg"},{"@type":"BreadcrumbList","@id":"https:\/\/www.aktantis.com\/en\/innovation\/europe\/alliance\/#breadcrumb","itemListElement":[{"@type":"ListItem","position":1,"name":"Accueil","item":"https:\/\/www.aktantis.com\/en\/"},{"@type":"ListItem","position":2,"name":"Innovation","item":"https:\/\/www.aktantis.com\/innovation\/"},{"@type":"ListItem","position":3,"name":"Europe","item":"https:\/\/www.aktantis.com\/en\/innovation\/europe\/"},{"@type":"ListItem","position":4,"name":"Alliance"}]},{"@type":"WebSite","@id":"https:\/\/www.aktantis.com\/#website","url":"https:\/\/www.aktantis.com\/","name":"AKTANTIS","description":"1er \u00e9cosyst\u00e8me europ\u00e9en","publisher":{"@id":"https:\/\/www.aktantis.com\/#organization"},"potentialAction":[{"@type":"SearchAction","target":{"@type":"EntryPoint","urlTemplate":"https:\/\/www.aktantis.com\/?s={search_term_string}"},"query-input":{"@type":"PropertyValueSpecification","valueRequired":true,"valueName":"search_term_string"}}],"inLanguage":"en-US"},{"@type":"Organization","@id":"https:\/\/www.aktantis.com\/#organization","name":"Aktantis","url":"https:\/\/www.aktantis.com\/","logo":{"@type":"ImageObject","inLanguage":"en-US","@id":"https:\/\/www.aktantis.com\/#\/schema\/logo\/image\/","url":"https:\/\/www.aktantis.com\/wp-content\/uploads\/2018\/03\/cropped-logo_scs.png","contentUrl":"https:\/\/www.aktantis.com\/wp-content\/uploads\/2018\/03\/cropped-logo_scs.png","width":720,"height":250,"caption":"Aktantis"},"image":{"@id":"https:\/\/www.aktantis.com\/#\/schema\/logo\/image\/"},"sameAs":["https:\/\/www.facebook.com\/PoleSCS\/","https:\/\/x.com\/Pole_SCS","https:\/\/www.linkedin.com\/company\/pole-scs\/"]}]}},"_links":{"self":[{"href":"https:\/\/www.aktantis.com\/en\/wp-json\/wp\/v2\/pages\/91163908","targetHints":{"allow":["GET"]}}],"collection":[{"href":"https:\/\/www.aktantis.com\/en\/wp-json\/wp\/v2\/pages"}],"about":[{"href":"https:\/\/www.aktantis.com\/en\/wp-json\/wp\/v2\/types\/page"}],"author":[{"embeddable":true,"href":"https:\/\/www.aktantis.com\/en\/wp-json\/wp\/v2\/users\/1287"}],"replies":[{"embeddable":true,"href":"https:\/\/www.aktantis.com\/en\/wp-json\/wp\/v2\/comments?post=91163908"}],"version-history":[{"count":2,"href":"https:\/\/www.aktantis.com\/en\/wp-json\/wp\/v2\/pages\/91163908\/revisions"}],"predecessor-version":[{"id":91180650,"href":"https:\/\/www.aktantis.com\/en\/wp-json\/wp\/v2\/pages\/91163908\/revisions\/91180650"}],"up":[{"embeddable":true,"href":"https:\/\/www.aktantis.com\/en\/wp-json\/wp\/v2\/pages\/91148705"}],"wp:attachment":[{"href":"https:\/\/www.aktantis.com\/en\/wp-json\/wp\/v2\/media?parent=91163908"}],"curies":[{"name":"wp","href":"https:\/\/api.w.org\/{rel}","templated":true}]}}