{"id":91163792,"date":"2020-04-08T10:45:46","date_gmt":"2020-04-08T08:45:46","guid":{"rendered":"https:\/\/www.aktantis.com\/cluster4smart-2\/"},"modified":"2025-09-05T15:21:00","modified_gmt":"2025-09-05T13:21:00","slug":"cluster4smart","status":"publish","type":"page","link":"https:\/\/www.aktantis.com\/en\/innovation\/europe\/cluster4smart\/","title":{"rendered":"Cluster4Smart"},"content":{"rendered":"<div class=\"wpb-content-wrapper\"><p>[vc_row][vc_column][vc_column_text]<\/p>\n<h3 style=\"text-align: center;\">CLUSTER MANAGEMENT ABILITIES, CAPACITIES, SKILLS AND COMPETENCES TOWARDS A SMART INDUSTRY<\/h3>\n<p>&nbsp;<\/p>\n<p><img loading=\"lazy\" decoding=\"async\" class=\"aligncenter wp-image-91158331 size-large\" src=\"https:\/\/www.aktantis.com\/wp-content\/uploads\/2022\/04\/C4S-Good-practice-1024x575.png\" alt=\"\" width=\"525\" height=\"295\" srcset=\"https:\/\/www.aktantis.com\/wp-content\/uploads\/2022\/04\/C4S-Good-practice-1024x575.png 1024w, https:\/\/www.aktantis.com\/wp-content\/uploads\/2022\/04\/C4S-Good-practice-300x168.png 300w, https:\/\/www.aktantis.com\/wp-content\/uploads\/2022\/04\/C4S-Good-practice-768x431.png 768w, https:\/\/www.aktantis.com\/wp-content\/uploads\/2022\/04\/C4S-Good-practice-160x90.png 160w, https:\/\/www.aktantis.com\/wp-content\/uploads\/2022\/04\/C4S-Good-practice-159x89.png 159w, https:\/\/www.aktantis.com\/wp-content\/uploads\/2022\/04\/C4S-Good-practice.png 1382w\" sizes=\"auto, (max-width: 525px) 100vw, 525px\" \/><\/p>\n<div class=\"FFpbKc\">\n<div class=\"nidPne\">\n<div data-show-delay-ms=\"250\" data-append-to-body=\"true\" data-propagate-tooltip-mouseover-events=\"true\" data-anchor-corner=\"bottom-left\" data-enable-skip-handler=\"false\" data-popup-corner=\"top-left\">\n<div>\n<div class=\"scLCMd\">\n<div id=\"itamenu\">\n<div class=\"goog-container goog-container-vertical\" tabindex=\"-1\"><\/div>\n<\/div>\n<\/div>\n<\/div>\n<\/div>\n<\/div>\n<\/div>\n<div class=\"QcsUad BDJ8fb BLojaf wneUed\">\n<div class=\"usGWQd\" aria-live=\"polite\">\n<div class=\"KkbLmb\">\n<div class=\"lRu31\"><span class=\"HwtZe\" lang=\"en\"><span class=\"jCAhz ChMk0b\"><span class=\"ryNqvb\">Cluster4Smart aims at meeting the skills needs of cluster managers in the context of the 4th industrial revolution, by offering online professional training to cluster staff,\u00a0 business networks and their stakeholders.<\/span><\/span><\/span><\/div>\n<div><\/div>\n<\/div>\n<\/div>\n<\/div>\n<p>The project received the \u201cGood Practice\u201d distinction from the Erasmus + agency, acknowledging the quality of the management and the results of the project.<\/p>\n<p style=\"text-align: left;\"><span style=\"color: #000000;\"><em><strong>Upgrade your skills \u2013 Upgrade smart industries!<\/strong><\/em><\/span><\/p>\n<p><iframe loading=\"lazy\" title=\"Cluster4Smart presentation (English subtitles)\" width=\"525\" height=\"295\" src=\"https:\/\/www.youtube.com\/embed\/w7fSsK_dXwY?feature=oembed\" frameborder=\"0\" allow=\"accelerometer; autoplay; clipboard-write; encrypted-media; gyroscope; picture-in-picture; web-share\" referrerpolicy=\"strict-origin-when-cross-origin\" allowfullscreen><\/iframe><\/p>\n<h3><\/h3>\n<h3 style=\"text-align: left;\"><a href=\"https:\/\/training.cluster4smart.eu\/\" target=\"_blank\" rel=\"noopener\">Start your training now!<\/a><\/h3>\n<p>&nbsp;<\/p>\n<p style=\"text-align: left;\">Complete the <strong>4 training modules<\/strong> to get your Cluster4Smart Certification:<\/p>\n<p><strong><a href=\"https:\/\/www.aktantis.com\/wp-content\/uploads\/2022\/04\/C4S-pic-modules.png\"><img loading=\"lazy\" decoding=\"async\" class=\"wp-image-91158333 size-large alignnone\" src=\"https:\/\/www.aktantis.com\/wp-content\/uploads\/2022\/04\/C4S-pic-modules-1024x624.png\" alt=\"\" width=\"525\" height=\"320\" srcset=\"https:\/\/www.aktantis.com\/wp-content\/uploads\/2022\/04\/C4S-pic-modules-1024x624.png 1024w, https:\/\/www.aktantis.com\/wp-content\/uploads\/2022\/04\/C4S-pic-modules-300x183.png 300w, https:\/\/www.aktantis.com\/wp-content\/uploads\/2022\/04\/C4S-pic-modules-768x468.png 768w, https:\/\/www.aktantis.com\/wp-content\/uploads\/2022\/04\/C4S-pic-modules-160x97.png 160w, https:\/\/www.aktantis.com\/wp-content\/uploads\/2022\/04\/C4S-pic-modules-146x89.png 146w, https:\/\/www.aktantis.com\/wp-content\/uploads\/2022\/04\/C4S-pic-modules.png 1259w\" sizes=\"auto, (max-width: 525px) 100vw, 525px\" \/><\/a><\/strong><\/p>\n<p>&nbsp;<\/p>\n<h4><strong>Events :<\/strong><\/h4>\n<p>&nbsp;<\/p>\n<ul>\n<li><span style=\"font-size: 1rem;\">21 September 2017 &#8211; Kick-Off Meeting inSophia-Antipolis <a href=\"https:\/\/www.aktantis.com\/2017\/09\/21\/cluster4smart-le-ple-scs-pilote-du-projet-europen\/\" target=\"_blank\" rel=\"noopener noreferrer\">HERE<\/a><\/span><\/li>\n<li><span style=\"font-size: 1rem;\">03\/2018: 2nd Transnational meeting in Szeged, Hongrie<\/span><\/li>\n<li><span style=\"font-size: 1rem;\">10\/2018: 3rd Transnational meeting in Strasbourg, France<\/span><\/li>\n<li><span style=\"font-size: 1rem;\">04\/2019: 4th Transnational meeting in Yecla, Espagne<\/span><\/li>\n<li><span style=\"font-size: 1rem;\">10\/2019: 5th Transnational meeting in Sophia Antipolis, France<\/span><\/li>\n<li>25 May 2020 &#8211; Final Event Webinar Cluster4Smart training course <a href=\"https:\/\/www.aktantis.com\/en\/2020\/05\/12\/cluster4smart-training-course\/\" target=\"_blank\" rel=\"noopener\">HERE<\/a><\/li>\n<\/ul>\n<p>&nbsp;<\/p>\n<h4>Results :<\/h4>\n<p>&nbsp;<\/p>\n<ol>\n<li>IO1: Cluster4Smart Survey &#8211; <a href=\"https:\/\/cluster4smart.eu\/files\/IO1_FINAL_REPORT-redesign_v2.pdf\" target=\"_blank\" rel=\"noopener noreferrer\">Cluster management abilities, capacities, skills and competences towards a smart industry<\/a><\/li>\n<li>IO2: <a href=\"https:\/\/cluster4smart.eu\/files\/Cluster4Smart_Joint_Curriculum.pdf\" target=\"_blank\" rel=\"noopener noreferrer\">Cluster4Smart Joint Curriculum<\/a><\/li>\n<li>IO3 \u2013 IO4: <a href=\"http:\/\/training.cluster4smart.eu\/\" target=\"_blank\" rel=\"noopener noreferrer\">Cluster4Smart training platform<\/a><\/li>\n<\/ol>\n<p>&nbsp;<\/p>\n<p>&nbsp;<\/p>\n<h4><strong>Project details :<\/strong><\/h4>\n<p>&nbsp;<\/p>\n<ul>\n<li>Programme : Erasmus+<\/li>\n<li>Duration : 1\/09\/2017 &#8211; 31\/05\/2020<\/li>\n<li>Coordinator : Aktantis<\/li>\n<\/ul>\n<p>&nbsp;<\/p>\n<h4><strong>Partnership :<\/strong><\/h4>\n<p>&nbsp;<\/p>\n<ul>\n<li><a href=\"http:\/\/www.amueblacooperacion.es\/en\" target=\"_blank\" rel=\"noopener noreferrer\">Amuebla<\/a> (Espagne)<\/li>\n<li><a href=\"http:\/\/www.archenerg.eu\" target=\"_blank\" rel=\"noopener noreferrer\">ArchEnerg Cluster<\/a> (Hongrie)<\/li>\n<li><a href=\"https:\/\/www.unistra.fr\" target=\"_blank\" rel=\"noopener noreferrer\">Universit\u00e9 de Strasbourg<\/a> (France)<\/li>\n<li><a href=\"https:\/\/www.clustercollaboration.eu\/cluster-networks\/hungarian-national-alliance-innovative-clusters-ikosz\" target=\"_blank\" rel=\"noopener noreferrer\">IKOSZ<\/a> (Hongrie)<\/li>\n<li><a style=\"font-size: 1rem;\" href=\"https:\/\/www.ceeiburgos.es\/?language=en\" target=\"_blank\" rel=\"noopener noreferrer\">CEEI Burgos<\/a><span style=\"font-size: 1rem;\"> (Espagne)<\/span><\/li>\n<li>Gnomon (France)<\/li>\n<\/ul>\n<p>&nbsp;<\/p>\n<h4 style=\"text-align: left;\"><strong>Communication :<\/strong><\/h4>\n<p>&nbsp;<\/p>\n<ol>\n<li><a href=\"https:\/\/www.linkedin.com\/company\/19065944\" target=\"_blank\" rel=\"noopener noreferrer\">LinkedIn<\/a><\/li>\n<li><a href=\"https:\/\/twitter.com\/Cluster4S\" target=\"_blank\" rel=\"noopener noreferrer\">Twitter<\/a><\/li>\n<li><a href=\"https:\/\/cluster4smart.eu\/\" target=\"_blank\" rel=\"noopener noreferrer\">Official Website<\/a><\/li>\n<li><a href=\"https:\/\/www.clustercollaboration.eu\/eu-project-profile\/cluster4smart\" target=\"_blank\" rel=\"noopener noreferrer\">ECCP profile<\/a><\/li>\n<li><a href=\"https:\/\/www.youtube.com\/watch?v=w7fSsK_dXwY\" target=\"_blank\" rel=\"noopener noreferrer\">Cluster4Smart youtube channel<\/a><\/li>\n<li>Project Newsletter &#8211;\u00a0 <a href=\"https:\/\/mailchi.mp\/2ab28b747b42\/cluster4smart-1st-newsletter\" target=\"_blank\" rel=\"noopener noreferrer\">HERE<\/a><\/li>\n<li><a style=\"font-size: 1rem;\" href=\"https:\/\/cluster4smart.eu\/index.php\/news-events\/59-cluster4smart-making-of-everything-you-should-know-about-the-project-s-phases-in-our-linkedin-series\" target=\"_blank\" rel=\"noopener noreferrer\">Making Of Series<\/a><\/li>\n<\/ol>\n<p>&nbsp;<\/p>\n<h4><strong>Contact :<\/strong><\/h4>\n<p>&nbsp;<\/p>\n<p>Cl\u00e9mence Castell &#8211; <a href=\"mailto:clemence.castell@aktantis.com\">clemence.castell@aktantis.com<\/a><\/p>\n<p>&nbsp;<\/p>\n<p style=\"text-align: center;\"><em>The Cluster4Smart project has received funding from the European Union\u2019s Erasmus+ programme under grant agreement n\u00b02017-1-FR01-KA202-037407<\/em><\/p>\n<p style=\"text-align: center;\"><img loading=\"lazy\" decoding=\"async\" class=\"alignnone size-full wp-image-91149230\" src=\"https:\/\/www.aktantis.com\/wp-content\/uploads\/2021\/03\/eu-flag-82x55-1.png\" alt=\"\" width=\"82\" height=\"55\" \/><\/p>\n<p>[\/vc_column_text][\/vc_column][\/vc_row]<\/p>\n<\/div>","protected":false},"excerpt":{"rendered":"<p>[vc_row][vc_column][vc_column_text]<br \/>\nCLUSTER MANAGEMENT ABILITIES, CAPACITIES, SKILLS AND COMPETENCES TOWARDS A SMART INDUSTRY<br \/>\n&nbsp;<\/p>\n<p>Cluster4Smart aims at meeting the skills needs of cluster managers in the context of the&#8230;<\/p>\n","protected":false},"author":1287,"featured_media":0,"parent":91148705,"menu_order":0,"comment_status":"closed","ping_status":"closed","template":"","meta":{"footnotes":""},"class_list":["post-91163792","page","type-page","status-publish","hentry"],"yoast_head":"<!-- This site is optimized with the Yoast SEO plugin v25.8 - https:\/\/yoast.com\/wordpress\/plugins\/seo\/ -->\n<title>Cluster4Smart<\/title>\n<meta name=\"description\" content=\"Ce projet\u00a0 financ\u00e9 dans le cadre du programme\u00a0Erasmus + formation et education, a pour objectif de diffuser\/\u00e9largir les connaissances\/comp\u00e9tences des dirigeants de clusters dans le domaine de l\u2019Industrie 4.0 en d\u00e9veloppant un outil innovant de formation en ligne.\" \/>\n<meta name=\"robots\" content=\"index, follow, max-snippet:-1, max-image-preview:large, max-video-preview:-1\" \/>\n<link rel=\"canonical\" href=\"https:\/\/www.aktantis.com\/en\/innovation\/europe\/cluster4smart\/\" \/>\n<meta property=\"og:locale\" content=\"en_US\" \/>\n<meta property=\"og:type\" content=\"article\" \/>\n<meta property=\"og:title\" content=\"Cluster4Smart\" \/>\n<meta property=\"og:description\" content=\"Ce projet\u00a0 financ\u00e9 dans le cadre du programme\u00a0Erasmus + formation et education, a pour objectif de diffuser\/\u00e9largir les connaissances\/comp\u00e9tences des dirigeants de clusters dans le domaine de l\u2019Industrie 4.0 en d\u00e9veloppant un outil innovant de formation en ligne.\" \/>\n<meta property=\"og:url\" content=\"https:\/\/www.aktantis.com\/en\/innovation\/europe\/cluster4smart\/\" \/>\n<meta property=\"og:site_name\" content=\"AKTANTIS\" \/>\n<meta property=\"article:publisher\" content=\"https:\/\/www.facebook.com\/PoleSCS\/\" \/>\n<meta property=\"article:modified_time\" content=\"2025-09-05T13:21:00+00:00\" \/>\n<meta property=\"og:image\" content=\"https:\/\/www.aktantis.com\/wp-content\/uploads\/2022\/04\/C4S-Good-practice.png\" \/>\n\t<meta property=\"og:image:width\" content=\"1382\" \/>\n\t<meta property=\"og:image:height\" content=\"776\" \/>\n\t<meta property=\"og:image:type\" content=\"image\/png\" \/>\n<meta name=\"twitter:card\" content=\"summary_large_image\" \/>\n<meta name=\"twitter:site\" content=\"@Pole_SCS\" \/>\n<script type=\"application\/ld+json\" class=\"yoast-schema-graph\">{\"@context\":\"https:\/\/schema.org\",\"@graph\":[{\"@type\":\"WebPage\",\"@id\":\"https:\/\/www.aktantis.com\/en\/innovation\/europe\/cluster4smart\/\",\"url\":\"https:\/\/www.aktantis.com\/en\/innovation\/europe\/cluster4smart\/\",\"name\":\"Cluster4Smart\",\"isPartOf\":{\"@id\":\"https:\/\/www.aktantis.com\/#website\"},\"primaryImageOfPage\":{\"@id\":\"https:\/\/www.aktantis.com\/en\/innovation\/europe\/cluster4smart\/#primaryimage\"},\"image\":{\"@id\":\"https:\/\/www.aktantis.com\/en\/innovation\/europe\/cluster4smart\/#primaryimage\"},\"thumbnailUrl\":\"https:\/\/www.aktantis.com\/wp-content\/uploads\/2022\/04\/C4S-Good-practice-1024x575.png\",\"datePublished\":\"2020-04-08T08:45:46+00:00\",\"dateModified\":\"2025-09-05T13:21:00+00:00\",\"description\":\"Ce projet\u00a0 financ\u00e9 dans le cadre du programme\u00a0Erasmus + formation et education, a pour objectif de diffuser\/\u00e9largir les connaissances\/comp\u00e9tences des dirigeants de clusters dans le domaine de l\u2019Industrie 4.0 en d\u00e9veloppant un outil innovant de formation en ligne.\",\"breadcrumb\":{\"@id\":\"https:\/\/www.aktantis.com\/en\/innovation\/europe\/cluster4smart\/#breadcrumb\"},\"inLanguage\":\"en-US\",\"potentialAction\":[{\"@type\":\"ReadAction\",\"target\":[\"https:\/\/www.aktantis.com\/en\/innovation\/europe\/cluster4smart\/\"]}]},{\"@type\":\"ImageObject\",\"inLanguage\":\"en-US\",\"@id\":\"https:\/\/www.aktantis.com\/en\/innovation\/europe\/cluster4smart\/#primaryimage\",\"url\":\"https:\/\/www.aktantis.com\/wp-content\/uploads\/2022\/04\/C4S-Good-practice-1024x575.png\",\"contentUrl\":\"https:\/\/www.aktantis.com\/wp-content\/uploads\/2022\/04\/C4S-Good-practice-1024x575.png\"},{\"@type\":\"BreadcrumbList\",\"@id\":\"https:\/\/www.aktantis.com\/en\/innovation\/europe\/cluster4smart\/#breadcrumb\",\"itemListElement\":[{\"@type\":\"ListItem\",\"position\":1,\"name\":\"Accueil\",\"item\":\"https:\/\/www.aktantis.com\/en\/\"},{\"@type\":\"ListItem\",\"position\":2,\"name\":\"Innovation\",\"item\":\"https:\/\/www.aktantis.com\/innovation\/\"},{\"@type\":\"ListItem\",\"position\":3,\"name\":\"Europe\",\"item\":\"https:\/\/www.aktantis.com\/en\/innovation\/europe\/\"},{\"@type\":\"ListItem\",\"position\":4,\"name\":\"Cluster4Smart\"}]},{\"@type\":\"WebSite\",\"@id\":\"https:\/\/www.aktantis.com\/#website\",\"url\":\"https:\/\/www.aktantis.com\/\",\"name\":\"AKTANTIS\",\"description\":\"1er \u00e9cosyst\u00e8me europ\u00e9en\",\"publisher\":{\"@id\":\"https:\/\/www.aktantis.com\/#organization\"},\"potentialAction\":[{\"@type\":\"SearchAction\",\"target\":{\"@type\":\"EntryPoint\",\"urlTemplate\":\"https:\/\/www.aktantis.com\/?s={search_term_string}\"},\"query-input\":{\"@type\":\"PropertyValueSpecification\",\"valueRequired\":true,\"valueName\":\"search_term_string\"}}],\"inLanguage\":\"en-US\"},{\"@type\":\"Organization\",\"@id\":\"https:\/\/www.aktantis.com\/#organization\",\"name\":\"Aktantis\",\"url\":\"https:\/\/www.aktantis.com\/\",\"logo\":{\"@type\":\"ImageObject\",\"inLanguage\":\"en-US\",\"@id\":\"https:\/\/www.aktantis.com\/#\/schema\/logo\/image\/\",\"url\":\"https:\/\/www.aktantis.com\/wp-content\/uploads\/2018\/03\/cropped-logo_scs.png\",\"contentUrl\":\"https:\/\/www.aktantis.com\/wp-content\/uploads\/2018\/03\/cropped-logo_scs.png\",\"width\":720,\"height\":250,\"caption\":\"Aktantis\"},\"image\":{\"@id\":\"https:\/\/www.aktantis.com\/#\/schema\/logo\/image\/\"},\"sameAs\":[\"https:\/\/www.facebook.com\/PoleSCS\/\",\"https:\/\/x.com\/Pole_SCS\",\"https:\/\/www.linkedin.com\/company\/pole-scs\/\"]}]}<\/script>\n<!-- \/ Yoast SEO plugin. -->","yoast_head_json":{"title":"Cluster4Smart","description":"Ce projet\u00a0 financ\u00e9 dans le cadre du programme\u00a0Erasmus + formation et education, a pour objectif de diffuser\/\u00e9largir les connaissances\/comp\u00e9tences des dirigeants de clusters dans le domaine de l\u2019Industrie 4.0 en d\u00e9veloppant un outil innovant de formation en ligne.","robots":{"index":"index","follow":"follow","max-snippet":"max-snippet:-1","max-image-preview":"max-image-preview:large","max-video-preview":"max-video-preview:-1"},"canonical":"https:\/\/www.aktantis.com\/en\/innovation\/europe\/cluster4smart\/","og_locale":"en_US","og_type":"article","og_title":"Cluster4Smart","og_description":"Ce projet\u00a0 financ\u00e9 dans le cadre du programme\u00a0Erasmus + formation et education, a pour objectif de diffuser\/\u00e9largir les connaissances\/comp\u00e9tences des dirigeants de clusters dans le domaine de l\u2019Industrie 4.0 en d\u00e9veloppant un outil innovant de formation en ligne.","og_url":"https:\/\/www.aktantis.com\/en\/innovation\/europe\/cluster4smart\/","og_site_name":"AKTANTIS","article_publisher":"https:\/\/www.facebook.com\/PoleSCS\/","article_modified_time":"2025-09-05T13:21:00+00:00","og_image":[{"width":1382,"height":776,"url":"https:\/\/www.aktantis.com\/wp-content\/uploads\/2022\/04\/C4S-Good-practice.png","type":"image\/png"}],"twitter_card":"summary_large_image","twitter_site":"@Pole_SCS","schema":{"@context":"https:\/\/schema.org","@graph":[{"@type":"WebPage","@id":"https:\/\/www.aktantis.com\/en\/innovation\/europe\/cluster4smart\/","url":"https:\/\/www.aktantis.com\/en\/innovation\/europe\/cluster4smart\/","name":"Cluster4Smart","isPartOf":{"@id":"https:\/\/www.aktantis.com\/#website"},"primaryImageOfPage":{"@id":"https:\/\/www.aktantis.com\/en\/innovation\/europe\/cluster4smart\/#primaryimage"},"image":{"@id":"https:\/\/www.aktantis.com\/en\/innovation\/europe\/cluster4smart\/#primaryimage"},"thumbnailUrl":"https:\/\/www.aktantis.com\/wp-content\/uploads\/2022\/04\/C4S-Good-practice-1024x575.png","datePublished":"2020-04-08T08:45:46+00:00","dateModified":"2025-09-05T13:21:00+00:00","description":"Ce projet\u00a0 financ\u00e9 dans le cadre du programme\u00a0Erasmus + formation et education, a pour objectif de diffuser\/\u00e9largir les connaissances\/comp\u00e9tences des dirigeants de clusters dans le domaine de l\u2019Industrie 4.0 en d\u00e9veloppant un outil innovant de formation en ligne.","breadcrumb":{"@id":"https:\/\/www.aktantis.com\/en\/innovation\/europe\/cluster4smart\/#breadcrumb"},"inLanguage":"en-US","potentialAction":[{"@type":"ReadAction","target":["https:\/\/www.aktantis.com\/en\/innovation\/europe\/cluster4smart\/"]}]},{"@type":"ImageObject","inLanguage":"en-US","@id":"https:\/\/www.aktantis.com\/en\/innovation\/europe\/cluster4smart\/#primaryimage","url":"https:\/\/www.aktantis.com\/wp-content\/uploads\/2022\/04\/C4S-Good-practice-1024x575.png","contentUrl":"https:\/\/www.aktantis.com\/wp-content\/uploads\/2022\/04\/C4S-Good-practice-1024x575.png"},{"@type":"BreadcrumbList","@id":"https:\/\/www.aktantis.com\/en\/innovation\/europe\/cluster4smart\/#breadcrumb","itemListElement":[{"@type":"ListItem","position":1,"name":"Accueil","item":"https:\/\/www.aktantis.com\/en\/"},{"@type":"ListItem","position":2,"name":"Innovation","item":"https:\/\/www.aktantis.com\/innovation\/"},{"@type":"ListItem","position":3,"name":"Europe","item":"https:\/\/www.aktantis.com\/en\/innovation\/europe\/"},{"@type":"ListItem","position":4,"name":"Cluster4Smart"}]},{"@type":"WebSite","@id":"https:\/\/www.aktantis.com\/#website","url":"https:\/\/www.aktantis.com\/","name":"AKTANTIS","description":"1er \u00e9cosyst\u00e8me europ\u00e9en","publisher":{"@id":"https:\/\/www.aktantis.com\/#organization"},"potentialAction":[{"@type":"SearchAction","target":{"@type":"EntryPoint","urlTemplate":"https:\/\/www.aktantis.com\/?s={search_term_string}"},"query-input":{"@type":"PropertyValueSpecification","valueRequired":true,"valueName":"search_term_string"}}],"inLanguage":"en-US"},{"@type":"Organization","@id":"https:\/\/www.aktantis.com\/#organization","name":"Aktantis","url":"https:\/\/www.aktantis.com\/","logo":{"@type":"ImageObject","inLanguage":"en-US","@id":"https:\/\/www.aktantis.com\/#\/schema\/logo\/image\/","url":"https:\/\/www.aktantis.com\/wp-content\/uploads\/2018\/03\/cropped-logo_scs.png","contentUrl":"https:\/\/www.aktantis.com\/wp-content\/uploads\/2018\/03\/cropped-logo_scs.png","width":720,"height":250,"caption":"Aktantis"},"image":{"@id":"https:\/\/www.aktantis.com\/#\/schema\/logo\/image\/"},"sameAs":["https:\/\/www.facebook.com\/PoleSCS\/","https:\/\/x.com\/Pole_SCS","https:\/\/www.linkedin.com\/company\/pole-scs\/"]}]}},"_links":{"self":[{"href":"https:\/\/www.aktantis.com\/en\/wp-json\/wp\/v2\/pages\/91163792","targetHints":{"allow":["GET"]}}],"collection":[{"href":"https:\/\/www.aktantis.com\/en\/wp-json\/wp\/v2\/pages"}],"about":[{"href":"https:\/\/www.aktantis.com\/en\/wp-json\/wp\/v2\/types\/page"}],"author":[{"embeddable":true,"href":"https:\/\/www.aktantis.com\/en\/wp-json\/wp\/v2\/users\/1287"}],"replies":[{"embeddable":true,"href":"https:\/\/www.aktantis.com\/en\/wp-json\/wp\/v2\/comments?post=91163792"}],"version-history":[{"count":4,"href":"https:\/\/www.aktantis.com\/en\/wp-json\/wp\/v2\/pages\/91163792\/revisions"}],"predecessor-version":[{"id":91164192,"href":"https:\/\/www.aktantis.com\/en\/wp-json\/wp\/v2\/pages\/91163792\/revisions\/91164192"}],"up":[{"embeddable":true,"href":"https:\/\/www.aktantis.com\/en\/wp-json\/wp\/v2\/pages\/91148705"}],"wp:attachment":[{"href":"https:\/\/www.aktantis.com\/en\/wp-json\/wp\/v2\/media?parent=91163792"}],"curies":[{"name":"wp","href":"https:\/\/api.w.org\/{rel}","templated":true}]}}