{"id":91161607,"date":"2022-10-26T16:00:50","date_gmt":"2022-10-26T14:00:50","guid":{"rendered":"https:\/\/www.aktantis.com\/silicon-eurocluster\/"},"modified":"2022-10-26T17:05:29","modified_gmt":"2022-10-26T15:05:29","slug":"silicon-eurocluster","status":"publish","type":"page","link":"https:\/\/www.aktantis.com\/en\/innovation\/europe\/silicon-eurocluster\/","title":{"rendered":"SILICON EUROCLUSTER"},"content":{"rendered":"<div class=\"wpb-content-wrapper\"><p>[vc_row][vc_column][vc_column_text]<\/p>\n<p style=\"text-align: center;\"><strong>Silicon Eurocluster <\/strong><\/p>\n<p style=\"text-align: center;\"><strong>Serving the electronics value chain for maintaining sovereignty in microelectronics, components and systems for a greener, more digital and resilient future Europe<\/strong><\/p>\n<p>&nbsp;<\/p>\n<p><img loading=\"lazy\" decoding=\"async\" class=\"aligncenter wp-image-91161603 size-medium\" src=\"https:\/\/www.aktantis.com\/wp-content\/uploads\/2022\/10\/SILICON-EUROCLUSTER-300x140.jpg\" alt=\"\" width=\"300\" height=\"140\" srcset=\"https:\/\/www.aktantis.com\/wp-content\/uploads\/2022\/10\/SILICON-EUROCLUSTER-300x140.jpg 300w, https:\/\/www.aktantis.com\/wp-content\/uploads\/2022\/10\/SILICON-EUROCLUSTER-160x75.jpg 160w, https:\/\/www.aktantis.com\/wp-content\/uploads\/2022\/10\/SILICON-EUROCLUSTER-191x89.jpg 191w, https:\/\/www.aktantis.com\/wp-content\/uploads\/2022\/10\/SILICON-EUROCLUSTER.jpg 715w\" sizes=\"auto, (max-width: 300px) 100vw, 300px\" \/><\/p>\n<p>Silicon Eurocluster project aims to achieve greater European self-sufficiency, with increased competitiveness and resilience in the electronics value chain, with specific attention to SMEs.<\/p>\n<p>Focused on SMEs, Silicon Eurocluster project will be centred around 5 main domains:<\/p>\n<ul>\n<li><strong>Network for resilience<\/strong>: mapping of European value chains in the electronics sector, analysis of market trends, elaboration of business continuity \/ resilience plans<\/li>\n<li><strong>Training<\/strong>: training of cluster staff on green transition applied to electronics sectors; distribution of \u201cGreen vouchers\u201d to selected SMEs<\/li>\n<li><strong>Internationalisation<\/strong>: organisation of joint booths\/pavilions in international fairs, exploring new international partnerships<\/li>\n<li><strong>Innovate<\/strong>: organisation of open innovation sessions between large entities for micro\/electronics sector and SMEs<\/li>\n<li><strong>Adopt<\/strong>: cascade funding targeting SME from the electronics sector via \u00ab innovation vouchers \u00bb for validating the deployment (demonstration \/ prototype) of electronics solutions in less digitalised sectors.<\/li>\n<\/ul>\n<p>Silicon Eurocluster will mobilise more than one million euros via open calls (2023) that will give access to cascade funding to SMEs.<\/p>\n<p>&nbsp;<\/p>\n<h4><\/h4>\n<h4>Project details :<\/h4>\n<p>&nbsp;<\/p>\n<ul>\n<li>Programme : Single Market Programme (SMP COSME), call \u00ab Joint Cluster Initiatives (<a href=\"https:\/\/clustercollaboration.eu\/euroclusters\" target=\"_blank\" rel=\"noopener\">Euroclusters<\/a>) &#8220;<\/li>\n<li>Duration : 01\/09\/2022 \u2013 28\/02\/2025<\/li>\n<li>Coordinator : Minalogic<\/li>\n<\/ul>\n<p>&nbsp;<\/p>\n<h4>Partnership :<\/h4>\n<p>&nbsp;<\/p>\n<ul>\n<li><a href=\"https:\/\/www.minalogic.com\/\">Minalogic<\/a>, France<\/li>\n<li><a href=\"https:\/\/gaia.es\/\">Cluster GAIA<\/a>, Spain<\/li>\n<li><a href=\"https:\/\/www.hightechnl.nl\/\">High Tech NL<\/a>, Netherlands<\/li>\n<li><a href=\"https:\/\/www.mesap.it\/\">Mesap Innovation Cluster<\/a>, Italy<\/li>\n<li><a href=\"https:\/\/mobileheights.org\/\">Mobile Heights<\/a>, Sweden<\/li>\n<li><a href=\"https:\/\/www.aktantis.com\/en\/\">Aktantis<\/a>, France<\/li>\n<li><a href=\"https:\/\/www.silicon-alps.at\/\">Silicon Alps<\/a>, Austria<\/li>\n<li><a href=\"https:\/\/www.silicon-saxony.de\/en\/home\/\">Silicon Saxony<\/a>, Germany<\/li>\n<li><a href=\"https:\/\/www.tice.pt\/\">TICE.PT<\/a>, Portugal<\/li>\n<li><a href=\"http:\/\/www.ictcluster.bg\/\">ICT Cluster<\/a>, Bulgaria<\/li>\n<\/ul>\n<p>&nbsp;<\/p>\n<p>&nbsp;<\/p>\n<h4>Contact<\/h4>\n<p>&nbsp;<\/p>\n<p>Marielle Campanella \u2013 <a href=\"mailto:marielle.campanella@aktantis.com\">marielle.campanella@aktantis.com <\/a><\/p>\n<p><img loading=\"lazy\" decoding=\"async\" class=\"aligncenter wp-image-91161598 size-medium\" src=\"https:\/\/www.aktantis.com\/wp-content\/uploads\/2022\/10\/Cofunded-EU-300x63.jpg\" alt=\"\" width=\"300\" height=\"63\" srcset=\"https:\/\/www.aktantis.com\/wp-content\/uploads\/2022\/10\/Cofunded-EU-300x63.jpg 300w, https:\/\/www.aktantis.com\/wp-content\/uploads\/2022\/10\/Cofunded-EU-768x161.jpg 768w, https:\/\/www.aktantis.com\/wp-content\/uploads\/2022\/10\/Cofunded-EU-160x34.jpg 160w, https:\/\/www.aktantis.com\/wp-content\/uploads\/2022\/10\/Cofunded-EU-425x89.jpg 425w, https:\/\/www.aktantis.com\/wp-content\/uploads\/2022\/10\/Cofunded-EU.jpg 873w\" sizes=\"auto, (max-width: 300px) 100vw, 300px\" \/><\/p>\n<p>[\/vc_column_text][\/vc_column][\/vc_row]<\/p>\n<\/div>","protected":false},"excerpt":{"rendered":"<p>[vc_row][vc_column][vc_column_text]<br \/>\nSilicon Eurocluster<br \/>\nServing the electronics value chain for maintaining sovereignty in microelectronics, components and systems for a greener, more digital and resilient future Europe<br \/>\n&nbsp;<\/p>\n<p>Silicon Eurocluster&#8230;<\/p>\n","protected":false},"author":1287,"featured_media":0,"parent":91148705,"menu_order":0,"comment_status":"closed","ping_status":"closed","template":"","meta":{"footnotes":""},"class_list":["post-91161607","page","type-page","status-publish","hentry"],"yoast_head":"<!-- This site is optimized with the Yoast SEO plugin v25.8 - https:\/\/yoast.com\/wordpress\/plugins\/seo\/ -->\n<title>SILICON EUROCLUSTER<\/title>\n<meta name=\"description\" content=\"Silicon Eurocluster \u2013 Serving the electronics value chain for maintaining sovereignty in microelectronics, components and systems for a greener, more digital and resilient future Europe\" \/>\n<meta name=\"robots\" content=\"index, follow, max-snippet:-1, max-image-preview:large, max-video-preview:-1\" \/>\n<link rel=\"canonical\" href=\"https:\/\/www.aktantis.com\/en\/innovation\/europe\/silicon-eurocluster\/\" \/>\n<meta property=\"og:locale\" content=\"en_US\" \/>\n<meta property=\"og:type\" content=\"article\" \/>\n<meta property=\"og:title\" content=\"SILICON EUROCLUSTER\" \/>\n<meta property=\"og:description\" content=\"Silicon Eurocluster \u2013 Serving the electronics value chain for maintaining sovereignty in microelectronics, components and systems for a greener, more digital and resilient future Europe\" \/>\n<meta property=\"og:url\" content=\"https:\/\/www.aktantis.com\/en\/innovation\/europe\/silicon-eurocluster\/\" \/>\n<meta property=\"og:site_name\" content=\"AKTANTIS\" \/>\n<meta property=\"article:publisher\" content=\"https:\/\/www.facebook.com\/PoleSCS\/\" \/>\n<meta property=\"article:modified_time\" content=\"2022-10-26T15:05:29+00:00\" \/>\n<meta property=\"og:image\" content=\"https:\/\/www.aktantis.com\/wp-content\/uploads\/2022\/10\/SILICON-EUROCLUSTER-300x140.jpg\" \/>\n<meta name=\"twitter:card\" content=\"summary_large_image\" \/>\n<meta name=\"twitter:site\" content=\"@Pole_SCS\" \/>\n<script type=\"application\/ld+json\" class=\"yoast-schema-graph\">{\"@context\":\"https:\/\/schema.org\",\"@graph\":[{\"@type\":\"WebPage\",\"@id\":\"https:\/\/www.aktantis.com\/en\/innovation\/europe\/silicon-eurocluster\/\",\"url\":\"https:\/\/www.aktantis.com\/en\/innovation\/europe\/silicon-eurocluster\/\",\"name\":\"SILICON EUROCLUSTER\",\"isPartOf\":{\"@id\":\"https:\/\/www.aktantis.com\/#website\"},\"primaryImageOfPage\":{\"@id\":\"https:\/\/www.aktantis.com\/en\/innovation\/europe\/silicon-eurocluster\/#primaryimage\"},\"image\":{\"@id\":\"https:\/\/www.aktantis.com\/en\/innovation\/europe\/silicon-eurocluster\/#primaryimage\"},\"thumbnailUrl\":\"https:\/\/www.aktantis.com\/wp-content\/uploads\/2022\/10\/SILICON-EUROCLUSTER-300x140.jpg\",\"datePublished\":\"2022-10-26T14:00:50+00:00\",\"dateModified\":\"2022-10-26T15:05:29+00:00\",\"description\":\"Silicon Eurocluster \u2013 Serving the electronics value chain for maintaining sovereignty in microelectronics, components and systems for a greener, more digital and resilient future Europe\",\"breadcrumb\":{\"@id\":\"https:\/\/www.aktantis.com\/en\/innovation\/europe\/silicon-eurocluster\/#breadcrumb\"},\"inLanguage\":\"en-US\",\"potentialAction\":[{\"@type\":\"ReadAction\",\"target\":[\"https:\/\/www.aktantis.com\/en\/innovation\/europe\/silicon-eurocluster\/\"]}]},{\"@type\":\"ImageObject\",\"inLanguage\":\"en-US\",\"@id\":\"https:\/\/www.aktantis.com\/en\/innovation\/europe\/silicon-eurocluster\/#primaryimage\",\"url\":\"https:\/\/www.aktantis.com\/wp-content\/uploads\/2022\/10\/SILICON-EUROCLUSTER-300x140.jpg\",\"contentUrl\":\"https:\/\/www.aktantis.com\/wp-content\/uploads\/2022\/10\/SILICON-EUROCLUSTER-300x140.jpg\"},{\"@type\":\"BreadcrumbList\",\"@id\":\"https:\/\/www.aktantis.com\/en\/innovation\/europe\/silicon-eurocluster\/#breadcrumb\",\"itemListElement\":[{\"@type\":\"ListItem\",\"position\":1,\"name\":\"Accueil\",\"item\":\"https:\/\/www.aktantis.com\/en\/\"},{\"@type\":\"ListItem\",\"position\":2,\"name\":\"Innovation\",\"item\":\"https:\/\/www.aktantis.com\/innovation\/\"},{\"@type\":\"ListItem\",\"position\":3,\"name\":\"Europe\",\"item\":\"https:\/\/www.aktantis.com\/en\/innovation\/europe\/\"},{\"@type\":\"ListItem\",\"position\":4,\"name\":\"SILICON EUROCLUSTER\"}]},{\"@type\":\"WebSite\",\"@id\":\"https:\/\/www.aktantis.com\/#website\",\"url\":\"https:\/\/www.aktantis.com\/\",\"name\":\"AKTANTIS\",\"description\":\"1er \u00e9cosyst\u00e8me europ\u00e9en\",\"publisher\":{\"@id\":\"https:\/\/www.aktantis.com\/#organization\"},\"potentialAction\":[{\"@type\":\"SearchAction\",\"target\":{\"@type\":\"EntryPoint\",\"urlTemplate\":\"https:\/\/www.aktantis.com\/?s={search_term_string}\"},\"query-input\":{\"@type\":\"PropertyValueSpecification\",\"valueRequired\":true,\"valueName\":\"search_term_string\"}}],\"inLanguage\":\"en-US\"},{\"@type\":\"Organization\",\"@id\":\"https:\/\/www.aktantis.com\/#organization\",\"name\":\"Aktantis\",\"url\":\"https:\/\/www.aktantis.com\/\",\"logo\":{\"@type\":\"ImageObject\",\"inLanguage\":\"en-US\",\"@id\":\"https:\/\/www.aktantis.com\/#\/schema\/logo\/image\/\",\"url\":\"https:\/\/www.aktantis.com\/wp-content\/uploads\/2018\/03\/cropped-logo_scs.png\",\"contentUrl\":\"https:\/\/www.aktantis.com\/wp-content\/uploads\/2018\/03\/cropped-logo_scs.png\",\"width\":720,\"height\":250,\"caption\":\"Aktantis\"},\"image\":{\"@id\":\"https:\/\/www.aktantis.com\/#\/schema\/logo\/image\/\"},\"sameAs\":[\"https:\/\/www.facebook.com\/PoleSCS\/\",\"https:\/\/x.com\/Pole_SCS\",\"https:\/\/www.linkedin.com\/company\/pole-scs\/\"]}]}<\/script>\n<!-- \/ Yoast SEO plugin. -->","yoast_head_json":{"title":"SILICON EUROCLUSTER","description":"Silicon Eurocluster \u2013 Serving the electronics value chain for maintaining sovereignty in microelectronics, components and systems for a greener, more digital and resilient future Europe","robots":{"index":"index","follow":"follow","max-snippet":"max-snippet:-1","max-image-preview":"max-image-preview:large","max-video-preview":"max-video-preview:-1"},"canonical":"https:\/\/www.aktantis.com\/en\/innovation\/europe\/silicon-eurocluster\/","og_locale":"en_US","og_type":"article","og_title":"SILICON EUROCLUSTER","og_description":"Silicon Eurocluster \u2013 Serving the electronics value chain for maintaining sovereignty in microelectronics, components and systems for a greener, more digital and resilient future Europe","og_url":"https:\/\/www.aktantis.com\/en\/innovation\/europe\/silicon-eurocluster\/","og_site_name":"AKTANTIS","article_publisher":"https:\/\/www.facebook.com\/PoleSCS\/","article_modified_time":"2022-10-26T15:05:29+00:00","og_image":[{"url":"https:\/\/www.aktantis.com\/wp-content\/uploads\/2022\/10\/SILICON-EUROCLUSTER-300x140.jpg","type":"","width":"","height":""}],"twitter_card":"summary_large_image","twitter_site":"@Pole_SCS","schema":{"@context":"https:\/\/schema.org","@graph":[{"@type":"WebPage","@id":"https:\/\/www.aktantis.com\/en\/innovation\/europe\/silicon-eurocluster\/","url":"https:\/\/www.aktantis.com\/en\/innovation\/europe\/silicon-eurocluster\/","name":"SILICON EUROCLUSTER","isPartOf":{"@id":"https:\/\/www.aktantis.com\/#website"},"primaryImageOfPage":{"@id":"https:\/\/www.aktantis.com\/en\/innovation\/europe\/silicon-eurocluster\/#primaryimage"},"image":{"@id":"https:\/\/www.aktantis.com\/en\/innovation\/europe\/silicon-eurocluster\/#primaryimage"},"thumbnailUrl":"https:\/\/www.aktantis.com\/wp-content\/uploads\/2022\/10\/SILICON-EUROCLUSTER-300x140.jpg","datePublished":"2022-10-26T14:00:50+00:00","dateModified":"2022-10-26T15:05:29+00:00","description":"Silicon Eurocluster \u2013 Serving the electronics value chain for maintaining sovereignty in microelectronics, components and systems for a greener, more digital and resilient future Europe","breadcrumb":{"@id":"https:\/\/www.aktantis.com\/en\/innovation\/europe\/silicon-eurocluster\/#breadcrumb"},"inLanguage":"en-US","potentialAction":[{"@type":"ReadAction","target":["https:\/\/www.aktantis.com\/en\/innovation\/europe\/silicon-eurocluster\/"]}]},{"@type":"ImageObject","inLanguage":"en-US","@id":"https:\/\/www.aktantis.com\/en\/innovation\/europe\/silicon-eurocluster\/#primaryimage","url":"https:\/\/www.aktantis.com\/wp-content\/uploads\/2022\/10\/SILICON-EUROCLUSTER-300x140.jpg","contentUrl":"https:\/\/www.aktantis.com\/wp-content\/uploads\/2022\/10\/SILICON-EUROCLUSTER-300x140.jpg"},{"@type":"BreadcrumbList","@id":"https:\/\/www.aktantis.com\/en\/innovation\/europe\/silicon-eurocluster\/#breadcrumb","itemListElement":[{"@type":"ListItem","position":1,"name":"Accueil","item":"https:\/\/www.aktantis.com\/en\/"},{"@type":"ListItem","position":2,"name":"Innovation","item":"https:\/\/www.aktantis.com\/innovation\/"},{"@type":"ListItem","position":3,"name":"Europe","item":"https:\/\/www.aktantis.com\/en\/innovation\/europe\/"},{"@type":"ListItem","position":4,"name":"SILICON EUROCLUSTER"}]},{"@type":"WebSite","@id":"https:\/\/www.aktantis.com\/#website","url":"https:\/\/www.aktantis.com\/","name":"AKTANTIS","description":"1er \u00e9cosyst\u00e8me europ\u00e9en","publisher":{"@id":"https:\/\/www.aktantis.com\/#organization"},"potentialAction":[{"@type":"SearchAction","target":{"@type":"EntryPoint","urlTemplate":"https:\/\/www.aktantis.com\/?s={search_term_string}"},"query-input":{"@type":"PropertyValueSpecification","valueRequired":true,"valueName":"search_term_string"}}],"inLanguage":"en-US"},{"@type":"Organization","@id":"https:\/\/www.aktantis.com\/#organization","name":"Aktantis","url":"https:\/\/www.aktantis.com\/","logo":{"@type":"ImageObject","inLanguage":"en-US","@id":"https:\/\/www.aktantis.com\/#\/schema\/logo\/image\/","url":"https:\/\/www.aktantis.com\/wp-content\/uploads\/2018\/03\/cropped-logo_scs.png","contentUrl":"https:\/\/www.aktantis.com\/wp-content\/uploads\/2018\/03\/cropped-logo_scs.png","width":720,"height":250,"caption":"Aktantis"},"image":{"@id":"https:\/\/www.aktantis.com\/#\/schema\/logo\/image\/"},"sameAs":["https:\/\/www.facebook.com\/PoleSCS\/","https:\/\/x.com\/Pole_SCS","https:\/\/www.linkedin.com\/company\/pole-scs\/"]}]}},"_links":{"self":[{"href":"https:\/\/www.aktantis.com\/en\/wp-json\/wp\/v2\/pages\/91161607","targetHints":{"allow":["GET"]}}],"collection":[{"href":"https:\/\/www.aktantis.com\/en\/wp-json\/wp\/v2\/pages"}],"about":[{"href":"https:\/\/www.aktantis.com\/en\/wp-json\/wp\/v2\/types\/page"}],"author":[{"embeddable":true,"href":"https:\/\/www.aktantis.com\/en\/wp-json\/wp\/v2\/users\/1287"}],"replies":[{"embeddable":true,"href":"https:\/\/www.aktantis.com\/en\/wp-json\/wp\/v2\/comments?post=91161607"}],"version-history":[{"count":5,"href":"https:\/\/www.aktantis.com\/en\/wp-json\/wp\/v2\/pages\/91161607\/revisions"}],"predecessor-version":[{"id":91161631,"href":"https:\/\/www.aktantis.com\/en\/wp-json\/wp\/v2\/pages\/91161607\/revisions\/91161631"}],"up":[{"embeddable":true,"href":"https:\/\/www.aktantis.com\/en\/wp-json\/wp\/v2\/pages\/91148705"}],"wp:attachment":[{"href":"https:\/\/www.aktantis.com\/en\/wp-json\/wp\/v2\/media?parent=91161607"}],"curies":[{"name":"wp","href":"https:\/\/api.w.org\/{rel}","templated":true}]}}