{"id":91161594,"date":"2022-10-26T15:40:24","date_gmt":"2022-10-26T13:40:24","guid":{"rendered":"https:\/\/www.aktantis.com\/dream\/"},"modified":"2022-11-15T15:34:23","modified_gmt":"2022-11-15T14:34:23","slug":"dream","status":"publish","type":"page","link":"https:\/\/www.aktantis.com\/en\/innovation\/europe\/dream\/","title":{"rendered":"DREAM"},"content":{"rendered":"<div class=\"wpb-content-wrapper\"><p>[vc_row][vc_column][vc_column_text]<\/p>\n<p style=\"text-align: center;\"><strong>DREAM \u2013 Digital Resilient Europe for Advanced Manufacturing<\/strong><\/p>\n<p><img loading=\"lazy\" decoding=\"async\" class=\"aligncenter wp-image-91161859 size-medium\" src=\"https:\/\/www.aktantis.com\/wp-content\/uploads\/2022\/11\/DREAM-400x400-1-300x300.jpg\" alt=\"\" width=\"300\" height=\"300\" srcset=\"https:\/\/www.aktantis.com\/wp-content\/uploads\/2022\/11\/DREAM-400x400-1-300x300.jpg 300w, https:\/\/www.aktantis.com\/wp-content\/uploads\/2022\/11\/DREAM-400x400-1-150x150.jpg 150w, https:\/\/www.aktantis.com\/wp-content\/uploads\/2022\/11\/DREAM-400x400-1-160x160.jpg 160w, https:\/\/www.aktantis.com\/wp-content\/uploads\/2022\/11\/DREAM-400x400-1-165x165.jpg 165w, https:\/\/www.aktantis.com\/wp-content\/uploads\/2022\/11\/DREAM-400x400-1-89x89.jpg 89w, https:\/\/www.aktantis.com\/wp-content\/uploads\/2022\/11\/DREAM-400x400-1-238x238.jpg 238w, https:\/\/www.aktantis.com\/wp-content\/uploads\/2022\/11\/DREAM-400x400-1-100x100.jpg 100w, https:\/\/www.aktantis.com\/wp-content\/uploads\/2022\/11\/DREAM-400x400-1.jpg 400w\" sizes=\"auto, (max-width: 300px) 100vw, 300px\" \/><\/p>\n<p>The European project DREAM aims at reinforcing the European digital ecosystem applied to manufacturing domain, in order to cope with the main European challenges related to the green transition, the digital transition and the European industrial resilience.<\/p>\n<p>Focused on SMEs, DREAM project will be centred around 4 main domains:<\/p>\n<ul>\n<li><strong>Network for resilience<\/strong>: mapping of European value chains, preparation of business continuity plans<\/li>\n<li><strong>Training<\/strong>: training of cluster managers, training of SME related to business continuity plans<\/li>\n<li><strong>Internationalise<\/strong>: workshops on internationalisation strategies focusing on 3 non-EU countries<\/li>\n<li><strong>Innovate &amp; adopt<\/strong>: cascade funding targeting SME from the digital sector via \u00ab innovation vouchers \u00bb for validating the deployment (demonstration \/ prototype) of digital solutions in industrial processes, for a more efficient use of resources (energy, water, materials, wastes).<\/li>\n<\/ul>\n<p>DREAM will mobilise more than one million euros via an open call (2023) that will give access to cascade funding to SMEs<\/p>\n<p>&nbsp;<\/p>\n<h4><\/h4>\n<h4>Project details :<\/h4>\n<p>&nbsp;<\/p>\n<ul>\n<li>Programme :\u00a0 Single Market Programme (SMP COSME), call &#8221; Joint Cluster Initiatives (<a href=\"https:\/\/clustercollaboration.eu\/euroclusters\" target=\"_blank\" rel=\"noopener\">Euroclusters<\/a>) &#8220;<\/li>\n<li>Duration : 01\/09\/2022 \u2013 31\/08\/2024<\/li>\n<li>Coordinator : Aktantis<\/li>\n<\/ul>\n<p>&nbsp;<\/p>\n<h4>Partnership :<\/h4>\n<p>&nbsp;<\/p>\n<ul>\n<li><a href=\"https:\/\/www.aktantis.com\/en\/\" target=\"_blank\" rel=\"noopener\">Aktantis<\/a>, France<\/li>\n<li><a href=\"https:\/\/www.clujit.ro\/\" target=\"_blank\" rel=\"noopener\">Cluj IT Cluster<\/a>, Roumania<\/li>\n<li><a href=\"https:\/\/www.polemecatech.be\/fr\/\" target=\"_blank\" rel=\"noopener\">P\u00f4le Mecatech<\/a>, Belgium<\/li>\n<li><a href=\"https:\/\/www.mesap.it\/\" target=\"_blank\" rel=\"noopener\">MESAP<\/a>, Italy<\/li>\n<li><a href=\"https:\/\/group-gac.com\/\" target=\"_blank\" rel=\"noopener\">G.A.C. Group<\/a>, France<\/li>\n<\/ul>\n<p>&nbsp;<\/p>\n<h4><strong>Communication :<\/strong><\/h4>\n<p>&nbsp;<\/p>\n<ul>\n<li><a href=\"https:\/\/www.linkedin.com\/in\/dream-eurocluster-521625256\/\" target=\"_blank\" rel=\"noopener\">LinkedIn<\/a><\/li>\n<li><a href=\"https:\/\/twitter.com\/DREAMeucluster\" target=\"_blank\" rel=\"noopener\">Twitter<\/a><\/li>\n<\/ul>\n<p>&nbsp;<\/p>\n<h4><\/h4>\n<h4>Latest news :<\/h4>\n<p>&nbsp;<\/p>\n<p>On the 12th and 13th of September 2022, Aktantis welcomed in Sophia Antipolis the DREAM consortium for the kick-off meeting of the project, in order to coordinate the project activities, the role of each partner, and the setup of the activities and first steps of the project.<\/p>\n<p style=\"text-align: center;\"><img loading=\"lazy\" decoding=\"async\" class=\"aligncenter wp-image-91161583 size-full\" src=\"https:\/\/www.aktantis.com\/wp-content\/uploads\/2022\/10\/DREAM_Sept_2022.jpg\" alt=\"\" width=\"605\" height=\"340\" srcset=\"https:\/\/www.aktantis.com\/wp-content\/uploads\/2022\/10\/DREAM_Sept_2022.jpg 605w, https:\/\/www.aktantis.com\/wp-content\/uploads\/2022\/10\/DREAM_Sept_2022-300x169.jpg 300w, https:\/\/www.aktantis.com\/wp-content\/uploads\/2022\/10\/DREAM_Sept_2022-160x90.jpg 160w, https:\/\/www.aktantis.com\/wp-content\/uploads\/2022\/10\/DREAM_Sept_2022-158x89.jpg 158w\" sizes=\"auto, (max-width: 605px) 100vw, 605px\" \/><\/p>\n<h4>Contact<\/h4>\n<p>&nbsp;<\/p>\n<p>Marielle Campanella \u2013 <a href=\"mailto:marielle.campanella@aktantis.com\">marielle.campanella@aktantis.com <\/a><\/p>\n<p>&nbsp;<\/p>\n<p><img loading=\"lazy\" decoding=\"async\" class=\"aligncenter wp-image-91161598 size-medium\" src=\"https:\/\/www.aktantis.com\/wp-content\/uploads\/2022\/10\/Cofunded-EU-300x63.jpg\" alt=\"\" width=\"300\" height=\"63\" srcset=\"https:\/\/www.aktantis.com\/wp-content\/uploads\/2022\/10\/Cofunded-EU-300x63.jpg 300w, https:\/\/www.aktantis.com\/wp-content\/uploads\/2022\/10\/Cofunded-EU-768x161.jpg 768w, https:\/\/www.aktantis.com\/wp-content\/uploads\/2022\/10\/Cofunded-EU-160x34.jpg 160w, https:\/\/www.aktantis.com\/wp-content\/uploads\/2022\/10\/Cofunded-EU-425x89.jpg 425w, https:\/\/www.aktantis.com\/wp-content\/uploads\/2022\/10\/Cofunded-EU.jpg 873w\" sizes=\"auto, (max-width: 300px) 100vw, 300px\" \/><\/p>\n<p>[\/vc_column_text][\/vc_column][\/vc_row]<\/p>\n<\/div>","protected":false},"excerpt":{"rendered":"<p>[vc_row][vc_column][vc_column_text]<br \/>\nDREAM \u2013 Digital Resilient Europe for Advanced Manufacturing<\/p>\n<p>The European project DREAM aims at reinforcing the European digital ecosystem applied to manufacturing domain, in order to&#8230;<\/p>\n","protected":false},"author":1287,"featured_media":0,"parent":91148705,"menu_order":0,"comment_status":"closed","ping_status":"closed","template":"","meta":{"footnotes":""},"class_list":["post-91161594","page","type-page","status-publish","hentry"],"yoast_head":"<!-- This site is optimized with the Yoast SEO plugin v25.8 - https:\/\/yoast.com\/wordpress\/plugins\/seo\/ -->\n<title>DREAM<\/title>\n<meta name=\"description\" content=\"DREAM \u2013 Digital Resilient Europe for Advanced Manufacturing\" \/>\n<meta name=\"robots\" content=\"index, follow, max-snippet:-1, max-image-preview:large, max-video-preview:-1\" \/>\n<link rel=\"canonical\" href=\"https:\/\/www.aktantis.com\/en\/innovation\/europe\/dream\/\" \/>\n<meta property=\"og:locale\" content=\"en_US\" \/>\n<meta property=\"og:type\" content=\"article\" \/>\n<meta property=\"og:title\" content=\"DREAM\" \/>\n<meta property=\"og:description\" content=\"DREAM \u2013 Digital Resilient Europe for Advanced Manufacturing\" \/>\n<meta property=\"og:url\" content=\"https:\/\/www.aktantis.com\/en\/innovation\/europe\/dream\/\" \/>\n<meta property=\"og:site_name\" content=\"AKTANTIS\" \/>\n<meta property=\"article:publisher\" content=\"https:\/\/www.facebook.com\/PoleSCS\/\" \/>\n<meta property=\"article:modified_time\" content=\"2022-11-15T14:34:23+00:00\" \/>\n<meta property=\"og:image\" content=\"https:\/\/www.aktantis.com\/wp-content\/uploads\/2022\/11\/DREAM-400x400-1-300x300.jpg\" \/>\n<meta name=\"twitter:card\" content=\"summary_large_image\" \/>\n<meta name=\"twitter:site\" content=\"@Pole_SCS\" \/>\n<script type=\"application\/ld+json\" class=\"yoast-schema-graph\">{\"@context\":\"https:\/\/schema.org\",\"@graph\":[{\"@type\":\"WebPage\",\"@id\":\"https:\/\/www.aktantis.com\/en\/innovation\/europe\/dream\/\",\"url\":\"https:\/\/www.aktantis.com\/en\/innovation\/europe\/dream\/\",\"name\":\"DREAM\",\"isPartOf\":{\"@id\":\"https:\/\/www.aktantis.com\/#website\"},\"primaryImageOfPage\":{\"@id\":\"https:\/\/www.aktantis.com\/en\/innovation\/europe\/dream\/#primaryimage\"},\"image\":{\"@id\":\"https:\/\/www.aktantis.com\/en\/innovation\/europe\/dream\/#primaryimage\"},\"thumbnailUrl\":\"https:\/\/www.aktantis.com\/wp-content\/uploads\/2022\/11\/DREAM-400x400-1-300x300.jpg\",\"datePublished\":\"2022-10-26T13:40:24+00:00\",\"dateModified\":\"2022-11-15T14:34:23+00:00\",\"description\":\"DREAM \u2013 Digital Resilient Europe for Advanced Manufacturing\",\"breadcrumb\":{\"@id\":\"https:\/\/www.aktantis.com\/en\/innovation\/europe\/dream\/#breadcrumb\"},\"inLanguage\":\"en-US\",\"potentialAction\":[{\"@type\":\"ReadAction\",\"target\":[\"https:\/\/www.aktantis.com\/en\/innovation\/europe\/dream\/\"]}]},{\"@type\":\"ImageObject\",\"inLanguage\":\"en-US\",\"@id\":\"https:\/\/www.aktantis.com\/en\/innovation\/europe\/dream\/#primaryimage\",\"url\":\"https:\/\/www.aktantis.com\/wp-content\/uploads\/2022\/11\/DREAM-400x400-1-300x300.jpg\",\"contentUrl\":\"https:\/\/www.aktantis.com\/wp-content\/uploads\/2022\/11\/DREAM-400x400-1-300x300.jpg\"},{\"@type\":\"BreadcrumbList\",\"@id\":\"https:\/\/www.aktantis.com\/en\/innovation\/europe\/dream\/#breadcrumb\",\"itemListElement\":[{\"@type\":\"ListItem\",\"position\":1,\"name\":\"Accueil\",\"item\":\"https:\/\/www.aktantis.com\/en\/\"},{\"@type\":\"ListItem\",\"position\":2,\"name\":\"Innovation\",\"item\":\"https:\/\/www.aktantis.com\/innovation\/\"},{\"@type\":\"ListItem\",\"position\":3,\"name\":\"Europe\",\"item\":\"https:\/\/www.aktantis.com\/en\/innovation\/europe\/\"},{\"@type\":\"ListItem\",\"position\":4,\"name\":\"DREAM\"}]},{\"@type\":\"WebSite\",\"@id\":\"https:\/\/www.aktantis.com\/#website\",\"url\":\"https:\/\/www.aktantis.com\/\",\"name\":\"AKTANTIS\",\"description\":\"1er \u00e9cosyst\u00e8me europ\u00e9en\",\"publisher\":{\"@id\":\"https:\/\/www.aktantis.com\/#organization\"},\"potentialAction\":[{\"@type\":\"SearchAction\",\"target\":{\"@type\":\"EntryPoint\",\"urlTemplate\":\"https:\/\/www.aktantis.com\/?s={search_term_string}\"},\"query-input\":{\"@type\":\"PropertyValueSpecification\",\"valueRequired\":true,\"valueName\":\"search_term_string\"}}],\"inLanguage\":\"en-US\"},{\"@type\":\"Organization\",\"@id\":\"https:\/\/www.aktantis.com\/#organization\",\"name\":\"Aktantis\",\"url\":\"https:\/\/www.aktantis.com\/\",\"logo\":{\"@type\":\"ImageObject\",\"inLanguage\":\"en-US\",\"@id\":\"https:\/\/www.aktantis.com\/#\/schema\/logo\/image\/\",\"url\":\"https:\/\/www.aktantis.com\/wp-content\/uploads\/2018\/03\/cropped-logo_scs.png\",\"contentUrl\":\"https:\/\/www.aktantis.com\/wp-content\/uploads\/2018\/03\/cropped-logo_scs.png\",\"width\":720,\"height\":250,\"caption\":\"Aktantis\"},\"image\":{\"@id\":\"https:\/\/www.aktantis.com\/#\/schema\/logo\/image\/\"},\"sameAs\":[\"https:\/\/www.facebook.com\/PoleSCS\/\",\"https:\/\/x.com\/Pole_SCS\",\"https:\/\/www.linkedin.com\/company\/pole-scs\/\"]}]}<\/script>\n<!-- \/ Yoast SEO plugin. -->","yoast_head_json":{"title":"DREAM","description":"DREAM \u2013 Digital Resilient Europe for Advanced Manufacturing","robots":{"index":"index","follow":"follow","max-snippet":"max-snippet:-1","max-image-preview":"max-image-preview:large","max-video-preview":"max-video-preview:-1"},"canonical":"https:\/\/www.aktantis.com\/en\/innovation\/europe\/dream\/","og_locale":"en_US","og_type":"article","og_title":"DREAM","og_description":"DREAM \u2013 Digital Resilient Europe for Advanced Manufacturing","og_url":"https:\/\/www.aktantis.com\/en\/innovation\/europe\/dream\/","og_site_name":"AKTANTIS","article_publisher":"https:\/\/www.facebook.com\/PoleSCS\/","article_modified_time":"2022-11-15T14:34:23+00:00","og_image":[{"url":"https:\/\/www.aktantis.com\/wp-content\/uploads\/2022\/11\/DREAM-400x400-1-300x300.jpg","type":"","width":"","height":""}],"twitter_card":"summary_large_image","twitter_site":"@Pole_SCS","schema":{"@context":"https:\/\/schema.org","@graph":[{"@type":"WebPage","@id":"https:\/\/www.aktantis.com\/en\/innovation\/europe\/dream\/","url":"https:\/\/www.aktantis.com\/en\/innovation\/europe\/dream\/","name":"DREAM","isPartOf":{"@id":"https:\/\/www.aktantis.com\/#website"},"primaryImageOfPage":{"@id":"https:\/\/www.aktantis.com\/en\/innovation\/europe\/dream\/#primaryimage"},"image":{"@id":"https:\/\/www.aktantis.com\/en\/innovation\/europe\/dream\/#primaryimage"},"thumbnailUrl":"https:\/\/www.aktantis.com\/wp-content\/uploads\/2022\/11\/DREAM-400x400-1-300x300.jpg","datePublished":"2022-10-26T13:40:24+00:00","dateModified":"2022-11-15T14:34:23+00:00","description":"DREAM \u2013 Digital Resilient Europe for Advanced Manufacturing","breadcrumb":{"@id":"https:\/\/www.aktantis.com\/en\/innovation\/europe\/dream\/#breadcrumb"},"inLanguage":"en-US","potentialAction":[{"@type":"ReadAction","target":["https:\/\/www.aktantis.com\/en\/innovation\/europe\/dream\/"]}]},{"@type":"ImageObject","inLanguage":"en-US","@id":"https:\/\/www.aktantis.com\/en\/innovation\/europe\/dream\/#primaryimage","url":"https:\/\/www.aktantis.com\/wp-content\/uploads\/2022\/11\/DREAM-400x400-1-300x300.jpg","contentUrl":"https:\/\/www.aktantis.com\/wp-content\/uploads\/2022\/11\/DREAM-400x400-1-300x300.jpg"},{"@type":"BreadcrumbList","@id":"https:\/\/www.aktantis.com\/en\/innovation\/europe\/dream\/#breadcrumb","itemListElement":[{"@type":"ListItem","position":1,"name":"Accueil","item":"https:\/\/www.aktantis.com\/en\/"},{"@type":"ListItem","position":2,"name":"Innovation","item":"https:\/\/www.aktantis.com\/innovation\/"},{"@type":"ListItem","position":3,"name":"Europe","item":"https:\/\/www.aktantis.com\/en\/innovation\/europe\/"},{"@type":"ListItem","position":4,"name":"DREAM"}]},{"@type":"WebSite","@id":"https:\/\/www.aktantis.com\/#website","url":"https:\/\/www.aktantis.com\/","name":"AKTANTIS","description":"1er \u00e9cosyst\u00e8me europ\u00e9en","publisher":{"@id":"https:\/\/www.aktantis.com\/#organization"},"potentialAction":[{"@type":"SearchAction","target":{"@type":"EntryPoint","urlTemplate":"https:\/\/www.aktantis.com\/?s={search_term_string}"},"query-input":{"@type":"PropertyValueSpecification","valueRequired":true,"valueName":"search_term_string"}}],"inLanguage":"en-US"},{"@type":"Organization","@id":"https:\/\/www.aktantis.com\/#organization","name":"Aktantis","url":"https:\/\/www.aktantis.com\/","logo":{"@type":"ImageObject","inLanguage":"en-US","@id":"https:\/\/www.aktantis.com\/#\/schema\/logo\/image\/","url":"https:\/\/www.aktantis.com\/wp-content\/uploads\/2018\/03\/cropped-logo_scs.png","contentUrl":"https:\/\/www.aktantis.com\/wp-content\/uploads\/2018\/03\/cropped-logo_scs.png","width":720,"height":250,"caption":"Aktantis"},"image":{"@id":"https:\/\/www.aktantis.com\/#\/schema\/logo\/image\/"},"sameAs":["https:\/\/www.facebook.com\/PoleSCS\/","https:\/\/x.com\/Pole_SCS","https:\/\/www.linkedin.com\/company\/pole-scs\/"]}]}},"_links":{"self":[{"href":"https:\/\/www.aktantis.com\/en\/wp-json\/wp\/v2\/pages\/91161594","targetHints":{"allow":["GET"]}}],"collection":[{"href":"https:\/\/www.aktantis.com\/en\/wp-json\/wp\/v2\/pages"}],"about":[{"href":"https:\/\/www.aktantis.com\/en\/wp-json\/wp\/v2\/types\/page"}],"author":[{"embeddable":true,"href":"https:\/\/www.aktantis.com\/en\/wp-json\/wp\/v2\/users\/1287"}],"replies":[{"embeddable":true,"href":"https:\/\/www.aktantis.com\/en\/wp-json\/wp\/v2\/comments?post=91161594"}],"version-history":[{"count":8,"href":"https:\/\/www.aktantis.com\/en\/wp-json\/wp\/v2\/pages\/91161594\/revisions"}],"predecessor-version":[{"id":91161870,"href":"https:\/\/www.aktantis.com\/en\/wp-json\/wp\/v2\/pages\/91161594\/revisions\/91161870"}],"up":[{"embeddable":true,"href":"https:\/\/www.aktantis.com\/en\/wp-json\/wp\/v2\/pages\/91148705"}],"wp:attachment":[{"href":"https:\/\/www.aktantis.com\/en\/wp-json\/wp\/v2\/media?parent=91161594"}],"curies":[{"name":"wp","href":"https:\/\/api.w.org\/{rel}","templated":true}]}}