{"id":91158307,"date":"2022-04-14T12:08:12","date_gmt":"2022-04-14T10:08:12","guid":{"rendered":"https:\/\/www.aktantis.com\/excite\/"},"modified":"2023-04-03T17:15:56","modified_gmt":"2023-04-03T15:15:56","slug":"en-excite","status":"publish","type":"page","link":"https:\/\/www.aktantis.com\/en\/en-excite\/","title":{"rendered":"Excite"},"content":{"rendered":"<div class=\"wpb-content-wrapper\"><p>[vc_row][vc_column][vc_column_text]<img loading=\"lazy\" decoding=\"async\" class=\"aligncenter wp-image-91158300 size-medium\" src=\"https:\/\/www.aktantis.com\/wp-content\/uploads\/2022\/04\/MicrosoftTeams-image-300x150.png\" alt=\"\" width=\"300\" height=\"150\" srcset=\"https:\/\/www.aktantis.com\/wp-content\/uploads\/2022\/04\/MicrosoftTeams-image-300x150.png 300w, https:\/\/www.aktantis.com\/wp-content\/uploads\/2022\/04\/MicrosoftTeams-image-1024x512.png 1024w, https:\/\/www.aktantis.com\/wp-content\/uploads\/2022\/04\/MicrosoftTeams-image-768x384.png 768w, https:\/\/www.aktantis.com\/wp-content\/uploads\/2022\/04\/MicrosoftTeams-image-160x80.png 160w, https:\/\/www.aktantis.com\/wp-content\/uploads\/2022\/04\/MicrosoftTeams-image-178x89.png 178w, https:\/\/www.aktantis.com\/wp-content\/uploads\/2022\/04\/MicrosoftTeams-image.png 1200w\" sizes=\"auto, (max-width: 300px) 100vw, 300px\" \/><\/p>\n<p>EXCITE is a two-year EU-funded project (COSME-ClusterExcellence) focus on skills, processes and services related to digital transformation. Both the participating cluster organisations themselves and their SME members are to be supported in this way in successfully opening up international markets.<\/p>\n<p>The consortium consists of six European clusters and scale-up organisations from Eastern and Western Europe that are active in the ICT sector. In addition to the clusters Silicon Saxony (Germany), Gaia \u2013 Association of Knowledge and Applied Technologies Industries in the Basque Country (Spain) and Secure Communication Cluster (France), which have already been working together for several years as part of the\u00a0<a href=\"https:\/\/www.silicon-europe.eu\/home\/\">Silicon Europe<\/a>\u00a0Alliance, partners such as Cluster for Digital Transformation and Innovation (Bulgaria), Business Hive Vilnius (Lithuania) and Mazovia Cluster ICT (Poland) are also involved.<\/p>\n<p><strong>The ClusterXChange Scheme\u00a0\u2013\u00a0Supporting international networking of small and medium-sized enterprises (SMEs)<\/strong><\/p>\n<p>In the frame of the project will be organised international missions aiming at facilitating networking exchanges in partnership with participating clusters and there members according to personalised agendas. Information sessions will be organised by SCS on this matter.<br \/>\n<a href=\"https:\/\/clustercollaboration.eu\/clusterxchange\">More information<\/a><\/p>\n<h4>Events:<\/h4>\n<ul>\n<li>From 12 to 14\/10\/2022: Smart Mobility Mission C\u00f4te d\u2019Azur. More information\u00a0<a href=\"https:\/\/www.aktantis.com\/en\/2022\/11\/24\/smart-mobility-retour-sur-une-semaine-riche-en-echanges\/\">HERE<\/a><\/li>\n<li>From 29\/11\u00a0 to 01\/12\/\u00a02022: Automotive Mission in Germany. More information\u00a0<a href=\"https:\/\/www.aktantis.com\/en\/2022\/12\/20\/4-membres-scs-a-la-conquete-du-marche-automobile-allemand\/\">HERE<\/a><\/li>\n<li><strong>REGISTRAGIONS OPEN<\/strong>\u00a0: From 20 to 22 June 2023: B2B Mission to Germany- Digital &amp; Microelectronics. More Information <a href=\"https:\/\/www.aktantis.com\/2023\/03\/30\/mission-b2b-micro-electronics-allemagne-silicon-saxony\/\">HERE<\/a><\/li>\n<\/ul>\n<p><strong><em>In preparation:<\/em><\/strong><\/p>\n<ul>\n<li>From 26 to 28 September 2023\u00a0: Hosting of German delegation from e-mobil BW \u2013 Smart Mobility Mission2023 \u2013 More information very soon!<\/li>\n<li>Autumn 2023 TBD\u00a0: Mission to Spain, Basque Country-Industry 4.0<\/li>\n<li>January 2024 TBD\u00a0: Mission to Poland, Smart City<\/li>\n<\/ul>\n<p>&nbsp;<\/p>\n<h4><strong>Projects details<\/strong>:<\/h4>\n<ul>\n<li>Funding programme : COSME, Cluster Excellence<\/li>\n<li>Duration : 1\/02\/2022 \u2013 31\/01\/2024<\/li>\n<li>Coordinator : Silicon Saxony<\/li>\n<\/ul>\n<p>&nbsp;<\/p>\n<h4><strong>Partnership<\/strong>s:<\/h4>\n<ul>\n<li><a href=\"https:\/\/www.silicon-saxony.de\/en\/home\/\">Silicon Saxony<\/a><\/li>\n<li><a href=\"https:\/\/dticluster.org\/\">DTI Cluster<\/a><\/li>\n<li><a href=\"http:\/\/www.bhv.lt\/en\/\">BHV \u2013 Business Hive Vilnius<\/a><\/li>\n<li><a href=\"https:\/\/klasterict.pl\/en\/about-us\/\">Mazovia Cluster ITC<\/a><\/li>\n<li><a href=\"https:\/\/gaia.es\/en_US\/\">Gaia<\/a><\/li>\n<li>Aktantis<\/li>\n<\/ul>\n<p>&nbsp;<\/p>\n<h4><strong>Communication<\/strong>:<\/h4>\n<ol>\n<li><a href=\"https:\/\/clustercollaboration.eu\/content\/excite\">Website<\/a><\/li>\n<li>Social networks : follow the hashtags\u00a0#EXCITE\u00a0et\u00a0#ClusterXchange<\/li>\n<li>All our news about EXCITE\u00a0<a href=\"https:\/\/www.aktantis.com\/?s=excite\">HERE<\/a><\/li>\n<\/ol>\n<p>&nbsp;<\/p>\n<h4><strong>Contacts<\/strong> :<\/h4>\n<p>Cl\u00e9mence Castell \u2013\u00a0<a href=\"mailto:clemence.castell@aktantis.com\">clemence.castell@aktantis.com<\/a><br \/>\nMarielle Campanella \u2013\u00a0<a href=\"mailto:marielle.campanella@aktantis.com\">marielle.campanella@aktantis.com<\/a><\/p>\n<p>&nbsp;<\/p>\n<p>&nbsp;<\/p>\n<p>&nbsp;<\/p>\n<p style=\"text-align: center;\"><img loading=\"lazy\" decoding=\"async\" class=\"aligncenter wp-image-91158304 size-medium\" src=\"https:\/\/www.aktantis.com\/wp-content\/uploads\/2022\/04\/europe-cosme-300x62.png\" alt=\"\" width=\"300\" height=\"62\" srcset=\"https:\/\/www.aktantis.com\/wp-content\/uploads\/2022\/04\/europe-cosme-300x62.png 300w, https:\/\/www.aktantis.com\/wp-content\/uploads\/2022\/04\/europe-cosme-1024x211.png 1024w, https:\/\/www.aktantis.com\/wp-content\/uploads\/2022\/04\/europe-cosme-768x158.png 768w, https:\/\/www.aktantis.com\/wp-content\/uploads\/2022\/04\/europe-cosme-1536x316.png 1536w, https:\/\/www.aktantis.com\/wp-content\/uploads\/2022\/04\/europe-cosme-2048x422.png 2048w, https:\/\/www.aktantis.com\/wp-content\/uploads\/2022\/04\/europe-cosme-160x33.png 160w, https:\/\/www.aktantis.com\/wp-content\/uploads\/2022\/04\/europe-cosme-432x89.png 432w\" sizes=\"auto, (max-width: 300px) 100vw, 300px\" \/><\/p>\n<p>[\/vc_column_text][\/vc_column][\/vc_row]<\/p>\n<\/div>","protected":false},"excerpt":{"rendered":"<p>[vc_row][vc_column][vc_column_text]<br \/>\nEXCITE is a two-year EU-funded project (COSME-ClusterExcellence) focus on skills, processes and services related to digital transformation. Both the participating cluster organisations themselves and their&#8230;<\/p>\n","protected":false},"author":1287,"featured_media":0,"parent":0,"menu_order":0,"comment_status":"closed","ping_status":"closed","template":"","meta":{"footnotes":""},"class_list":["post-91158307","page","type-page","status-publish","hentry"],"yoast_head":"<!-- This site is optimized with the Yoast SEO plugin v25.8 - https:\/\/yoast.com\/wordpress\/plugins\/seo\/ -->\n<title>Excite<\/title>\n<meta name=\"description\" content=\"EXCITE - Exchange of Clusters using Digital Transformation for Excellence\" \/>\n<meta name=\"robots\" content=\"index, follow, max-snippet:-1, max-image-preview:large, max-video-preview:-1\" \/>\n<link rel=\"canonical\" href=\"https:\/\/www.aktantis.com\/en\/en-excite\/\" \/>\n<meta property=\"og:locale\" content=\"en_US\" \/>\n<meta property=\"og:type\" content=\"article\" \/>\n<meta property=\"og:title\" content=\"Excite\" \/>\n<meta property=\"og:description\" content=\"EXCITE - Exchange of Clusters using Digital Transformation for Excellence\" \/>\n<meta property=\"og:url\" content=\"https:\/\/www.aktantis.com\/en\/en-excite\/\" \/>\n<meta property=\"og:site_name\" content=\"AKTANTIS\" \/>\n<meta property=\"article:publisher\" content=\"https:\/\/www.facebook.com\/PoleSCS\/\" \/>\n<meta property=\"article:modified_time\" content=\"2023-04-03T15:15:56+00:00\" \/>\n<meta property=\"og:image\" content=\"https:\/\/www.aktantis.com\/wp-content\/uploads\/2022\/04\/MicrosoftTeams-image-300x150.png\" \/>\n<meta name=\"twitter:card\" content=\"summary_large_image\" \/>\n<meta name=\"twitter:site\" content=\"@Pole_SCS\" \/>\n<script type=\"application\/ld+json\" class=\"yoast-schema-graph\">{\"@context\":\"https:\/\/schema.org\",\"@graph\":[{\"@type\":\"WebPage\",\"@id\":\"https:\/\/www.aktantis.com\/en\/en-excite\/\",\"url\":\"https:\/\/www.aktantis.com\/en\/en-excite\/\",\"name\":\"Excite\",\"isPartOf\":{\"@id\":\"https:\/\/www.aktantis.com\/#website\"},\"primaryImageOfPage\":{\"@id\":\"https:\/\/www.aktantis.com\/en\/en-excite\/#primaryimage\"},\"image\":{\"@id\":\"https:\/\/www.aktantis.com\/en\/en-excite\/#primaryimage\"},\"thumbnailUrl\":\"https:\/\/www.aktantis.com\/wp-content\/uploads\/2022\/04\/MicrosoftTeams-image-300x150.png\",\"datePublished\":\"2022-04-14T10:08:12+00:00\",\"dateModified\":\"2023-04-03T15:15:56+00:00\",\"description\":\"EXCITE - Exchange of Clusters using Digital Transformation for Excellence\",\"breadcrumb\":{\"@id\":\"https:\/\/www.aktantis.com\/en\/en-excite\/#breadcrumb\"},\"inLanguage\":\"en-US\",\"potentialAction\":[{\"@type\":\"ReadAction\",\"target\":[\"https:\/\/www.aktantis.com\/en\/en-excite\/\"]}]},{\"@type\":\"ImageObject\",\"inLanguage\":\"en-US\",\"@id\":\"https:\/\/www.aktantis.com\/en\/en-excite\/#primaryimage\",\"url\":\"https:\/\/www.aktantis.com\/wp-content\/uploads\/2022\/04\/MicrosoftTeams-image-300x150.png\",\"contentUrl\":\"https:\/\/www.aktantis.com\/wp-content\/uploads\/2022\/04\/MicrosoftTeams-image-300x150.png\"},{\"@type\":\"BreadcrumbList\",\"@id\":\"https:\/\/www.aktantis.com\/en\/en-excite\/#breadcrumb\",\"itemListElement\":[{\"@type\":\"ListItem\",\"position\":1,\"name\":\"Accueil\",\"item\":\"https:\/\/www.aktantis.com\/en\/\"},{\"@type\":\"ListItem\",\"position\":2,\"name\":\"Excite\"}]},{\"@type\":\"WebSite\",\"@id\":\"https:\/\/www.aktantis.com\/#website\",\"url\":\"https:\/\/www.aktantis.com\/\",\"name\":\"AKTANTIS\",\"description\":\"1er \u00e9cosyst\u00e8me europ\u00e9en\",\"publisher\":{\"@id\":\"https:\/\/www.aktantis.com\/#organization\"},\"potentialAction\":[{\"@type\":\"SearchAction\",\"target\":{\"@type\":\"EntryPoint\",\"urlTemplate\":\"https:\/\/www.aktantis.com\/?s={search_term_string}\"},\"query-input\":{\"@type\":\"PropertyValueSpecification\",\"valueRequired\":true,\"valueName\":\"search_term_string\"}}],\"inLanguage\":\"en-US\"},{\"@type\":\"Organization\",\"@id\":\"https:\/\/www.aktantis.com\/#organization\",\"name\":\"Aktantis\",\"url\":\"https:\/\/www.aktantis.com\/\",\"logo\":{\"@type\":\"ImageObject\",\"inLanguage\":\"en-US\",\"@id\":\"https:\/\/www.aktantis.com\/#\/schema\/logo\/image\/\",\"url\":\"https:\/\/www.aktantis.com\/wp-content\/uploads\/2018\/03\/cropped-logo_scs.png\",\"contentUrl\":\"https:\/\/www.aktantis.com\/wp-content\/uploads\/2018\/03\/cropped-logo_scs.png\",\"width\":720,\"height\":250,\"caption\":\"Aktantis\"},\"image\":{\"@id\":\"https:\/\/www.aktantis.com\/#\/schema\/logo\/image\/\"},\"sameAs\":[\"https:\/\/www.facebook.com\/PoleSCS\/\",\"https:\/\/x.com\/Pole_SCS\",\"https:\/\/www.linkedin.com\/company\/pole-scs\/\"]}]}<\/script>\n<!-- \/ Yoast SEO plugin. -->","yoast_head_json":{"title":"Excite","description":"EXCITE - Exchange of Clusters using Digital Transformation for Excellence","robots":{"index":"index","follow":"follow","max-snippet":"max-snippet:-1","max-image-preview":"max-image-preview:large","max-video-preview":"max-video-preview:-1"},"canonical":"https:\/\/www.aktantis.com\/en\/en-excite\/","og_locale":"en_US","og_type":"article","og_title":"Excite","og_description":"EXCITE - Exchange of Clusters using Digital Transformation for Excellence","og_url":"https:\/\/www.aktantis.com\/en\/en-excite\/","og_site_name":"AKTANTIS","article_publisher":"https:\/\/www.facebook.com\/PoleSCS\/","article_modified_time":"2023-04-03T15:15:56+00:00","og_image":[{"url":"https:\/\/www.aktantis.com\/wp-content\/uploads\/2022\/04\/MicrosoftTeams-image-300x150.png","type":"","width":"","height":""}],"twitter_card":"summary_large_image","twitter_site":"@Pole_SCS","schema":{"@context":"https:\/\/schema.org","@graph":[{"@type":"WebPage","@id":"https:\/\/www.aktantis.com\/en\/en-excite\/","url":"https:\/\/www.aktantis.com\/en\/en-excite\/","name":"Excite","isPartOf":{"@id":"https:\/\/www.aktantis.com\/#website"},"primaryImageOfPage":{"@id":"https:\/\/www.aktantis.com\/en\/en-excite\/#primaryimage"},"image":{"@id":"https:\/\/www.aktantis.com\/en\/en-excite\/#primaryimage"},"thumbnailUrl":"https:\/\/www.aktantis.com\/wp-content\/uploads\/2022\/04\/MicrosoftTeams-image-300x150.png","datePublished":"2022-04-14T10:08:12+00:00","dateModified":"2023-04-03T15:15:56+00:00","description":"EXCITE - Exchange of Clusters using Digital Transformation for Excellence","breadcrumb":{"@id":"https:\/\/www.aktantis.com\/en\/en-excite\/#breadcrumb"},"inLanguage":"en-US","potentialAction":[{"@type":"ReadAction","target":["https:\/\/www.aktantis.com\/en\/en-excite\/"]}]},{"@type":"ImageObject","inLanguage":"en-US","@id":"https:\/\/www.aktantis.com\/en\/en-excite\/#primaryimage","url":"https:\/\/www.aktantis.com\/wp-content\/uploads\/2022\/04\/MicrosoftTeams-image-300x150.png","contentUrl":"https:\/\/www.aktantis.com\/wp-content\/uploads\/2022\/04\/MicrosoftTeams-image-300x150.png"},{"@type":"BreadcrumbList","@id":"https:\/\/www.aktantis.com\/en\/en-excite\/#breadcrumb","itemListElement":[{"@type":"ListItem","position":1,"name":"Accueil","item":"https:\/\/www.aktantis.com\/en\/"},{"@type":"ListItem","position":2,"name":"Excite"}]},{"@type":"WebSite","@id":"https:\/\/www.aktantis.com\/#website","url":"https:\/\/www.aktantis.com\/","name":"AKTANTIS","description":"1er \u00e9cosyst\u00e8me europ\u00e9en","publisher":{"@id":"https:\/\/www.aktantis.com\/#organization"},"potentialAction":[{"@type":"SearchAction","target":{"@type":"EntryPoint","urlTemplate":"https:\/\/www.aktantis.com\/?s={search_term_string}"},"query-input":{"@type":"PropertyValueSpecification","valueRequired":true,"valueName":"search_term_string"}}],"inLanguage":"en-US"},{"@type":"Organization","@id":"https:\/\/www.aktantis.com\/#organization","name":"Aktantis","url":"https:\/\/www.aktantis.com\/","logo":{"@type":"ImageObject","inLanguage":"en-US","@id":"https:\/\/www.aktantis.com\/#\/schema\/logo\/image\/","url":"https:\/\/www.aktantis.com\/wp-content\/uploads\/2018\/03\/cropped-logo_scs.png","contentUrl":"https:\/\/www.aktantis.com\/wp-content\/uploads\/2018\/03\/cropped-logo_scs.png","width":720,"height":250,"caption":"Aktantis"},"image":{"@id":"https:\/\/www.aktantis.com\/#\/schema\/logo\/image\/"},"sameAs":["https:\/\/www.facebook.com\/PoleSCS\/","https:\/\/x.com\/Pole_SCS","https:\/\/www.linkedin.com\/company\/pole-scs\/"]}]}},"_links":{"self":[{"href":"https:\/\/www.aktantis.com\/en\/wp-json\/wp\/v2\/pages\/91158307","targetHints":{"allow":["GET"]}}],"collection":[{"href":"https:\/\/www.aktantis.com\/en\/wp-json\/wp\/v2\/pages"}],"about":[{"href":"https:\/\/www.aktantis.com\/en\/wp-json\/wp\/v2\/types\/page"}],"author":[{"embeddable":true,"href":"https:\/\/www.aktantis.com\/en\/wp-json\/wp\/v2\/users\/1287"}],"replies":[{"embeddable":true,"href":"https:\/\/www.aktantis.com\/en\/wp-json\/wp\/v2\/comments?post=91158307"}],"version-history":[{"count":10,"href":"https:\/\/www.aktantis.com\/en\/wp-json\/wp\/v2\/pages\/91158307\/revisions"}],"predecessor-version":[{"id":91163800,"href":"https:\/\/www.aktantis.com\/en\/wp-json\/wp\/v2\/pages\/91158307\/revisions\/91163800"}],"wp:attachment":[{"href":"https:\/\/www.aktantis.com\/en\/wp-json\/wp\/v2\/media?parent=91158307"}],"curies":[{"name":"wp","href":"https:\/\/api.w.org\/{rel}","templated":true}]}}