{"id":91154119,"date":"2021-09-01T16:56:13","date_gmt":"2021-09-01T14:56:13","guid":{"rendered":"https:\/\/www.aktantis.com\/develop-innovation\/open-innovation\/"},"modified":"2025-09-02T14:30:09","modified_gmt":"2025-09-02T12:30:09","slug":"open-innovation","status":"publish","type":"page","link":"https:\/\/www.aktantis.com\/en\/innovation\/open-innovation\/","title":{"rendered":"Open Innovation"},"content":{"rendered":"<div class=\"wpb-content-wrapper\"><p>[vc_row css=&#8221;.vc_custom_1731432341936{margin-bottom: 40px !important;}&#8221;][vc_column][vc_column_text css=&#8221;&#8221;]<\/p>\n<h2 style=\"text-align: center;\">OPEN INNOVATION DAY<\/h2>\n<p>[\/vc_column_text][vc_column_text]<\/p>\n<p style=\"text-align: center;\"><strong>Individualized support to organize your personalized open innovation sessions<\/strong><\/p>\n<p>[\/vc_column_text][\/vc_column][\/vc_row][vc_row][vc_column width=&#8221;1\/2&#8243;][vc_column_text]<\/p>\n<h3>INCREASE YOUR INNOVATION<\/h3>\n<div class=\"QmZWSe\">\n<div class=\"DHcWmd\"><\/div>\n<\/div>\n<p>[\/vc_column_text][vc_column_text]<\/p>\n<ul>\n<li>By sharing your technical and market issues<\/li>\n<li>By meeting reliable partners<\/li>\n<li>By reducing your search time<\/li>\n<\/ul>\n<p>[\/vc_column_text][vc_column_text]<\/p>\n<h3>A CALIBRATED AND COMPREHENSIVE SUPPORT APPROACH<\/h3>\n<p>[\/vc_column_text][vc_column_text]<\/p>\n<ul>\n<li>Expression and formalization of needs<\/li>\n<li>Identification and qualification of solution providers in the AKTANTIS ecosystem<\/li>\n<li>Preselection in order to establish a &#8220;short-list&#8221; (8 maximum)<\/li>\n<li>Organization of a day (logistical aspects, communication, animation, agenda, preparation of interventions in the form of a pitch)<\/li>\n<li>Organization of individual meetings<\/li>\n<li>Follow-up meeting<\/li>\n<li>Monitoring of possible contacts<\/li>\n<\/ul>\n<p>[\/vc_column_text][vc_column_text css=&#8221;&#8221;]<\/p>\n<h4>MORE INFO:<\/h4>\n<p>[\/vc_column_text][vc_column_text css=&#8221;&#8221;]<\/p>\n<p style=\"text-align: left;\"><a href=\"https:\/\/www.aktantis.com\/wp-content\/uploads\/2025\/04\/fiches_OPEN_INNOVATION_AKTANTIS_2025.pdf\"><strong>Detailed brochure (in French) &gt;<\/strong><\/a><\/p>\n<p>[\/vc_column_text][\/vc_column][vc_column width=&#8221;1\/2&#8243;][vc_column_text css=&#8221;.vc_custom_1731696153895{padding-top: 4em !important;padding-right: 4em !important;padding-bottom: 4em !important;padding-left: 4em !important;background-color: #7BAFDF !important;}&#8221;]<span style=\"color: #ffffff; font-size: 28px;\"><strong>KEY FIGURES<\/strong><\/span><\/p>\n<p>&nbsp;<\/p>\n<p><span style=\"color: #ffffff; font-size: 18px;\">20 Open Innovation days organized by AKTANTIS<\/span><\/p>\n<hr style=\"background-color: white;\" \/>\n<p><span style=\"color: #ffffff; font-size: 18px;\">40 collaborations for committed PoCs and MVP<\/span><\/p>\n<hr style=\"background-color: white;\" \/>\n<p><span style=\"color: #ffffff; font-size: 18px;\">200 startups involved<\/span>[\/vc_column_text][\/vc_column][\/vc_row][vc_row][vc_column][vc_column_text]<\/p>\n<p style=\"text-align: left;\"><a class=\"btn-return\" href=\"https:\/\/www.aktantis.com\/en\/innovation\/\">&lt; Back<\/a><\/p>\n<p>[\/vc_column_text][vc_empty_space][\/vc_column][\/vc_row][vc_row full_width=&#8221;stretch_row&#8221; equal_height=&#8221;yes&#8221; content_placement=&#8221;middle&#8221; css=&#8221;.vc_custom_1731611567905{margin-top: 0px !important;margin-bottom: 0px !important;padding-top: 70px !important;padding-bottom: 70px !important;background-color: #F3F3F9 !important;}&#8221;][vc_column css=&#8221;.vc_custom_1731078238180{margin-top: 0px !important;margin-bottom: 0px !important;padding-top: 0px !important;padding-bottom: 0px !important;}&#8221;][vc_column_text css=&#8221;&#8221;]<\/p>\n<h2 style=\"text-align: center; font-size: 40px; font-weight: 800;\">Your Contact<\/h2>\n<p>[\/vc_column_text][\/vc_column][vc_column width=&#8221;1\/2&#8243; css=&#8221;.vc_custom_1731077806193{border-bottom-width: 0px !important;padding-top: 0px !important;padding-right: 0px !important;padding-left: 0px !important;}&#8221; offset=&#8221;vc_hidden-xs&#8221;][vc_column_text css=&#8221;.vc_custom_1731696073530{margin-top: 0px !important;margin-bottom: 0px !important;padding-top: 0px !important;padding-right: 10% !important;padding-bottom: 0px !important;}&#8221;]<\/p>\n<p style=\"text-align: right;\"><a class=\"shrtd-contact-icon\" href=\"https:\/\/www.aktantis.com\/en\/\/contact\/\" ><i class=\"icomoon icon-bubbles6\"><\/i><\/a><\/p>\n<p style=\"text-align: right; max-width: 290px; float: right; line-height: 1.25em; color: #001489;\"><strong>For more information about our open innovation days, contact us<\/strong><\/p>\n<p>[\/vc_column_text][\/vc_column][vc_column width=&#8221;1\/2&#8243; css=&#8221;.vc_custom_1520244792008{padding-top: 0px !important;padding-right: 0px !important;padding-bottom: 0px !important;padding-left: 0px !important;}&#8221;][vc_column_text css=&#8221;.vc_custom_1731171223251{margin-top: 0px !important;margin-bottom: 0px !important;border-left-width: 2px !important;padding-top: 60px !important;padding-right: 10% !important;padding-bottom: 60px !important;padding-left: 10% !important;border-left-style: solid !important;border-color: #001489 !important;}&#8221;]            <div class=\"portrait-contact shortcode clearfix\">\r\n                <img loading=\"lazy\" decoding=\"async\" width=\"165\" height=\"165\" src=\"https:\/\/www.aktantis.com\/wp-content\/uploads\/2023\/01\/Fabienne-165x165.jpg\" class=\"attachment-scs_equipe_portrait size-scs_equipe_portrait wp-post-image\" alt=\"\" srcset=\"https:\/\/www.aktantis.com\/wp-content\/uploads\/2023\/01\/Fabienne-165x165.jpg 165w, https:\/\/www.aktantis.com\/wp-content\/uploads\/2023\/01\/Fabienne-300x300.jpg 300w, https:\/\/www.aktantis.com\/wp-content\/uploads\/2023\/01\/Fabienne-150x150.jpg 150w, https:\/\/www.aktantis.com\/wp-content\/uploads\/2023\/01\/Fabienne-160x160.jpg 160w, https:\/\/www.aktantis.com\/wp-content\/uploads\/2023\/01\/Fabienne-89x89.jpg 89w, https:\/\/www.aktantis.com\/wp-content\/uploads\/2023\/01\/Fabienne-238x238.jpg 238w, https:\/\/www.aktantis.com\/wp-content\/uploads\/2023\/01\/Fabienne-100x100.jpg 100w, https:\/\/www.aktantis.com\/wp-content\/uploads\/2023\/01\/Fabienne.jpg 750w\" sizes=\"auto, 100vw\" \/>                <div class=\"infos\">\r\n                    <h4>Fabienne DE TOMA<\/h4>                    <p>Innovation - Strategy<\/p>\r\n                    <p class=\"contact\">\r\n                        <i class=\"icon-phone\"><\/i><a href=\"tel:+33 4 42 53 82 86\">+33 4 42 53 82 86<\/a><br\/>                        <i class=\"icon-mobile2\"><\/i><a href=\"tel:+33 6 73 03 30 23\">+33 6 73 03 30 23<\/a>                        <br\/>                        <i class=\"icon-envelop\"><\/i><a href=\"mailto:fabienne.detoma@aktantis.com\">fabienne.detoma@aktantis.com<\/a>                                            <\/p>\r\n                <\/div>\r\n            <\/div>\r\n        [\/vc_column_text][\/vc_column][\/vc_row]<\/p>\n<\/div>","protected":false},"excerpt":{"rendered":"","protected":false},"author":1287,"featured_media":0,"parent":91173860,"menu_order":0,"comment_status":"closed","ping_status":"closed","template":"","meta":{"footnotes":""},"class_list":["post-91154119","page","type-page","status-publish","hentry"],"yoast_head":"<!-- This site is optimized with the Yoast SEO plugin v25.8 - https:\/\/yoast.com\/wordpress\/plugins\/seo\/ -->\n<title>Open Innovation | AKTANTIS<\/title>\n<meta name=\"description\" content=\"Accelerate your Innovation with AKTANTIS: customized support to organize your personalized open innovation sessions\" \/>\n<meta name=\"robots\" content=\"index, follow, max-snippet:-1, max-image-preview:large, max-video-preview:-1\" \/>\n<link rel=\"canonical\" href=\"https:\/\/www.aktantis.com\/en\/innovation\/open-innovation\/\" \/>\n<meta property=\"og:locale\" content=\"en_US\" \/>\n<meta property=\"og:type\" content=\"article\" \/>\n<meta property=\"og:title\" content=\"Open Innovation | AKTANTIS\" \/>\n<meta property=\"og:description\" content=\"Accelerate your Innovation with AKTANTIS: customized support to organize your personalized open innovation sessions\" \/>\n<meta property=\"og:url\" content=\"https:\/\/www.aktantis.com\/en\/innovation\/open-innovation\/\" \/>\n<meta property=\"og:site_name\" content=\"AKTANTIS\" \/>\n<meta property=\"article:publisher\" content=\"https:\/\/www.facebook.com\/PoleSCS\/\" \/>\n<meta property=\"article:modified_time\" content=\"2025-09-02T12:30:09+00:00\" \/>\n<meta name=\"twitter:card\" content=\"summary_large_image\" \/>\n<meta name=\"twitter:site\" content=\"@Pole_SCS\" \/>\n<script type=\"application\/ld+json\" class=\"yoast-schema-graph\">{\"@context\":\"https:\/\/schema.org\",\"@graph\":[{\"@type\":\"WebPage\",\"@id\":\"https:\/\/www.aktantis.com\/en\/innovation\/open-innovation\/\",\"url\":\"https:\/\/www.aktantis.com\/en\/innovation\/open-innovation\/\",\"name\":\"Open Innovation | AKTANTIS\",\"isPartOf\":{\"@id\":\"https:\/\/www.aktantis.com\/#website\"},\"datePublished\":\"2021-09-01T14:56:13+00:00\",\"dateModified\":\"2025-09-02T12:30:09+00:00\",\"description\":\"Accelerate your Innovation with AKTANTIS: customized support to organize your personalized open innovation sessions\",\"breadcrumb\":{\"@id\":\"https:\/\/www.aktantis.com\/en\/innovation\/open-innovation\/#breadcrumb\"},\"inLanguage\":\"en-US\",\"potentialAction\":[{\"@type\":\"ReadAction\",\"target\":[\"https:\/\/www.aktantis.com\/en\/innovation\/open-innovation\/\"]}]},{\"@type\":\"BreadcrumbList\",\"@id\":\"https:\/\/www.aktantis.com\/en\/innovation\/open-innovation\/#breadcrumb\",\"itemListElement\":[{\"@type\":\"ListItem\",\"position\":1,\"name\":\"Accueil\",\"item\":\"https:\/\/www.aktantis.com\/en\/\"},{\"@type\":\"ListItem\",\"position\":2,\"name\":\"Innovation\",\"item\":\"https:\/\/www.aktantis.com\/innovation\/\"},{\"@type\":\"ListItem\",\"position\":3,\"name\":\"Open Innovation\"}]},{\"@type\":\"WebSite\",\"@id\":\"https:\/\/www.aktantis.com\/#website\",\"url\":\"https:\/\/www.aktantis.com\/\",\"name\":\"AKTANTIS\",\"description\":\"1er \u00e9cosyst\u00e8me europ\u00e9en\",\"publisher\":{\"@id\":\"https:\/\/www.aktantis.com\/#organization\"},\"potentialAction\":[{\"@type\":\"SearchAction\",\"target\":{\"@type\":\"EntryPoint\",\"urlTemplate\":\"https:\/\/www.aktantis.com\/?s={search_term_string}\"},\"query-input\":{\"@type\":\"PropertyValueSpecification\",\"valueRequired\":true,\"valueName\":\"search_term_string\"}}],\"inLanguage\":\"en-US\"},{\"@type\":\"Organization\",\"@id\":\"https:\/\/www.aktantis.com\/#organization\",\"name\":\"Aktantis\",\"url\":\"https:\/\/www.aktantis.com\/\",\"logo\":{\"@type\":\"ImageObject\",\"inLanguage\":\"en-US\",\"@id\":\"https:\/\/www.aktantis.com\/#\/schema\/logo\/image\/\",\"url\":\"https:\/\/www.aktantis.com\/wp-content\/uploads\/2018\/03\/cropped-logo_scs.png\",\"contentUrl\":\"https:\/\/www.aktantis.com\/wp-content\/uploads\/2018\/03\/cropped-logo_scs.png\",\"width\":720,\"height\":250,\"caption\":\"Aktantis\"},\"image\":{\"@id\":\"https:\/\/www.aktantis.com\/#\/schema\/logo\/image\/\"},\"sameAs\":[\"https:\/\/www.facebook.com\/PoleSCS\/\",\"https:\/\/x.com\/Pole_SCS\",\"https:\/\/www.linkedin.com\/company\/pole-scs\/\"]}]}<\/script>\n<!-- \/ Yoast SEO plugin. -->","yoast_head_json":{"title":"Open Innovation | AKTANTIS","description":"Accelerate your Innovation with AKTANTIS: customized support to organize your personalized open innovation sessions","robots":{"index":"index","follow":"follow","max-snippet":"max-snippet:-1","max-image-preview":"max-image-preview:large","max-video-preview":"max-video-preview:-1"},"canonical":"https:\/\/www.aktantis.com\/en\/innovation\/open-innovation\/","og_locale":"en_US","og_type":"article","og_title":"Open Innovation | AKTANTIS","og_description":"Accelerate your Innovation with AKTANTIS: customized support to organize your personalized open innovation sessions","og_url":"https:\/\/www.aktantis.com\/en\/innovation\/open-innovation\/","og_site_name":"AKTANTIS","article_publisher":"https:\/\/www.facebook.com\/PoleSCS\/","article_modified_time":"2025-09-02T12:30:09+00:00","twitter_card":"summary_large_image","twitter_site":"@Pole_SCS","schema":{"@context":"https:\/\/schema.org","@graph":[{"@type":"WebPage","@id":"https:\/\/www.aktantis.com\/en\/innovation\/open-innovation\/","url":"https:\/\/www.aktantis.com\/en\/innovation\/open-innovation\/","name":"Open Innovation | AKTANTIS","isPartOf":{"@id":"https:\/\/www.aktantis.com\/#website"},"datePublished":"2021-09-01T14:56:13+00:00","dateModified":"2025-09-02T12:30:09+00:00","description":"Accelerate your Innovation with AKTANTIS: customized support to organize your personalized open innovation sessions","breadcrumb":{"@id":"https:\/\/www.aktantis.com\/en\/innovation\/open-innovation\/#breadcrumb"},"inLanguage":"en-US","potentialAction":[{"@type":"ReadAction","target":["https:\/\/www.aktantis.com\/en\/innovation\/open-innovation\/"]}]},{"@type":"BreadcrumbList","@id":"https:\/\/www.aktantis.com\/en\/innovation\/open-innovation\/#breadcrumb","itemListElement":[{"@type":"ListItem","position":1,"name":"Accueil","item":"https:\/\/www.aktantis.com\/en\/"},{"@type":"ListItem","position":2,"name":"Innovation","item":"https:\/\/www.aktantis.com\/innovation\/"},{"@type":"ListItem","position":3,"name":"Open Innovation"}]},{"@type":"WebSite","@id":"https:\/\/www.aktantis.com\/#website","url":"https:\/\/www.aktantis.com\/","name":"AKTANTIS","description":"1er \u00e9cosyst\u00e8me europ\u00e9en","publisher":{"@id":"https:\/\/www.aktantis.com\/#organization"},"potentialAction":[{"@type":"SearchAction","target":{"@type":"EntryPoint","urlTemplate":"https:\/\/www.aktantis.com\/?s={search_term_string}"},"query-input":{"@type":"PropertyValueSpecification","valueRequired":true,"valueName":"search_term_string"}}],"inLanguage":"en-US"},{"@type":"Organization","@id":"https:\/\/www.aktantis.com\/#organization","name":"Aktantis","url":"https:\/\/www.aktantis.com\/","logo":{"@type":"ImageObject","inLanguage":"en-US","@id":"https:\/\/www.aktantis.com\/#\/schema\/logo\/image\/","url":"https:\/\/www.aktantis.com\/wp-content\/uploads\/2018\/03\/cropped-logo_scs.png","contentUrl":"https:\/\/www.aktantis.com\/wp-content\/uploads\/2018\/03\/cropped-logo_scs.png","width":720,"height":250,"caption":"Aktantis"},"image":{"@id":"https:\/\/www.aktantis.com\/#\/schema\/logo\/image\/"},"sameAs":["https:\/\/www.facebook.com\/PoleSCS\/","https:\/\/x.com\/Pole_SCS","https:\/\/www.linkedin.com\/company\/pole-scs\/"]}]}},"_links":{"self":[{"href":"https:\/\/www.aktantis.com\/en\/wp-json\/wp\/v2\/pages\/91154119","targetHints":{"allow":["GET"]}}],"collection":[{"href":"https:\/\/www.aktantis.com\/en\/wp-json\/wp\/v2\/pages"}],"about":[{"href":"https:\/\/www.aktantis.com\/en\/wp-json\/wp\/v2\/types\/page"}],"author":[{"embeddable":true,"href":"https:\/\/www.aktantis.com\/en\/wp-json\/wp\/v2\/users\/1287"}],"replies":[{"embeddable":true,"href":"https:\/\/www.aktantis.com\/en\/wp-json\/wp\/v2\/comments?post=91154119"}],"version-history":[{"count":14,"href":"https:\/\/www.aktantis.com\/en\/wp-json\/wp\/v2\/pages\/91154119\/revisions"}],"predecessor-version":[{"id":91180530,"href":"https:\/\/www.aktantis.com\/en\/wp-json\/wp\/v2\/pages\/91154119\/revisions\/91180530"}],"up":[{"embeddable":true,"href":"https:\/\/www.aktantis.com\/en\/wp-json\/wp\/v2\/pages\/91173860"}],"wp:attachment":[{"href":"https:\/\/www.aktantis.com\/en\/wp-json\/wp\/v2\/media?parent=91154119"}],"curies":[{"name":"wp","href":"https:\/\/api.w.org\/{rel}","templated":true}]}}