{"id":91153553,"date":"2021-08-20T10:45:46","date_gmt":"2021-08-20T08:45:46","guid":{"rendered":"https:\/\/www.aktantis.com\/securit\/"},"modified":"2025-09-05T15:32:01","modified_gmt":"2025-09-05T13:32:01","slug":"securit","status":"publish","type":"page","link":"https:\/\/www.aktantis.com\/en\/innovation\/europe\/securit\/","title":{"rendered":"SecurIT"},"content":{"rendered":"<div class=\"wpb-content-wrapper\"><p>[vc_row][vc_column][vc_column_text]<\/p>\n<h3 style=\"text-align: center;\">SecurIT &#8211; New industrial value chain for Safe, sECURe and resilient cIties and\u00a0 Territories<\/h3>\n<p>&nbsp;<\/p>\n<p><img loading=\"lazy\" decoding=\"async\" class=\"aligncenter wp-image-91155210 size-large\" src=\"https:\/\/www.aktantis.com\/wp-content\/uploads\/2021\/10\/SecurIT-1024x279.png\" alt=\"\" width=\"525\" height=\"143\" srcset=\"https:\/\/www.aktantis.com\/wp-content\/uploads\/2021\/10\/SecurIT-1024x279.png 1024w, https:\/\/www.aktantis.com\/wp-content\/uploads\/2021\/10\/SecurIT-300x82.png 300w, https:\/\/www.aktantis.com\/wp-content\/uploads\/2021\/10\/SecurIT-768x209.png 768w, https:\/\/www.aktantis.com\/wp-content\/uploads\/2021\/10\/SecurIT-160x44.png 160w, https:\/\/www.aktantis.com\/wp-content\/uploads\/2021\/10\/SecurIT-327x89.png 327w, https:\/\/www.aktantis.com\/wp-content\/uploads\/2021\/10\/SecurIT.png 1200w\" sizes=\"auto, (max-width: 525px) 100vw, 525px\" \/><\/p>\n<p><span data-contrast=\"auto\">SecurIT\u00a0is a European project aiming at supporting and co-financing the development of collaborative projects allowing <strong>prototyping and experimentation of top-notch technological solutions in the field of Security<\/strong>, with respect of the nowadays ethics, legal, and social challenges.<\/span><span data-ccp-props=\"{&quot;201341983&quot;:0,&quot;335559739&quot;:160,&quot;335559740&quot;:259}\">\u00a0<\/span><\/p>\n<p><span data-contrast=\"auto\">The project is structured in three major axes:<\/span><span data-ccp-props=\"{&quot;201341983&quot;:0,&quot;335559739&quot;:160,&quot;335559740&quot;:259}\">\u00a0<\/span><\/p>\n<ul>\n<li data-leveltext=\"-\" data-font=\"Calibri\" data-listid=\"5\" aria-setsize=\"-1\" data-aria-posinset=\"0\" data-aria-level=\"1\"><span data-contrast=\"auto\"><strong>Demand analyses (new use cases identification)<\/strong> on the Security market, with integrators and final users (including industrial players, public authorities, managers of critical infrastructures\u2026)<\/span><span data-ccp-props=\"{&quot;134233279&quot;:true,&quot;201341983&quot;:0,&quot;335559739&quot;:160,&quot;335559740&quot;:259}\">\u00a0<\/span><\/li>\n<li data-leveltext=\"-\" data-font=\"Calibri\" data-listid=\"5\" aria-setsize=\"-1\" data-aria-posinset=\"0\" data-aria-level=\"1\"><span data-contrast=\"auto\"><strong>Identification of technological solutions<\/strong> in Europe (solutions and services for digital and physical security)<\/span><span data-ccp-props=\"{&quot;134233279&quot;:true,&quot;201341983&quot;:0,&quot;335559739&quot;:160,&quot;335559740&quot;:259}\">\u00a0<\/span><\/li>\n<li data-leveltext=\"-\" data-font=\"Calibri\" data-listid=\"5\" aria-setsize=\"-1\" data-aria-posinset=\"0\" data-aria-level=\"1\"><span data-contrast=\"auto\"><strong>Matchmaking<\/strong> activities will be proposed by the European clusters of the project consortium, including SCS,\u00a0to facilitate the consortium building for the applications to the <strong>2 Open Calls for Projects<\/strong> that will be launched by\u00a0SecurIT.<\/span><span data-ccp-props=\"{&quot;134233279&quot;:true,&quot;201341983&quot;:0,&quot;335559739&quot;:160,&quot;335559740&quot;:259}\">\u00a0<\/span><\/li>\n<\/ul>\n<p><span data-contrast=\"auto\">SecurIT\u00a0will support 63 best-in-class projects\u00a0developped\u00a0by 126 SMEs across Europe, through 2 cascade funding open calls, with a financing up to 74 k\u20ac per prototyping projects\u00a0and\u00a088\u00a0k\u20ac per\u00a0demonstrator projects.<\/span><\/p>\n<p>&nbsp;<\/p>\n<p><iframe loading=\"lazy\" title=\"SecurIT Open Call #1\" width=\"525\" height=\"394\" src=\"https:\/\/www.youtube.com\/embed\/UoKCqMiqu60?feature=oembed\" frameborder=\"0\" allow=\"accelerometer; autoplay; clipboard-write; encrypted-media; gyroscope; picture-in-picture; web-share\" referrerpolicy=\"strict-origin-when-cross-origin\" allowfullscreen><\/iframe><\/p>\n<h4><strong>Calendar:<\/strong><\/h4>\n<p>&nbsp;<\/p>\n<ul>\n<li data-leveltext=\"-\" data-font=\"Calibri\" data-listid=\"6\" aria-setsize=\"-1\" data-aria-posinset=\"0\" data-aria-level=\"1\"><span data-contrast=\"auto\">Project start: 1 September 2021, (36 months duration)<\/span><span data-ccp-props=\"{&quot;134233279&quot;:true,&quot;201341983&quot;:0,&quot;335559739&quot;:160,&quot;335559740&quot;:259}\">\u00a0<\/span><\/li>\n<li data-leveltext=\"-\" data-font=\"Calibri\" data-listid=\"6\" aria-setsize=\"-1\" data-aria-posinset=\"0\" data-aria-level=\"1\"><span data-contrast=\"auto\">First Open Call for projects: 25 January to 26 april 2022 &#8211; <strong>Closed<\/strong><br \/>\n<\/span><\/li>\n<li>Second Open Call for projects: From 10 January to 14 March 2023 <span data-contrast=\"auto\">&#8211; <strong>Closed<\/strong><\/span><\/li>\n<\/ul>\n<p>&nbsp;<\/p>\n<p>&nbsp;<\/p>\n<h4>Deliverables:<\/h4>\n<p>&nbsp;<\/p>\n<ul>\n<li><a href=\"https:\/\/securit-project.eu\/storage\/2022\/02\/D2.1-SecurIT-challenges-definition-Open-call-1.pdf\" target=\"_blank\" rel=\"noopener\">D2.1 SecurIT Open call 1 Challenges<\/a><\/li>\n<li><a href=\"https:\/\/securit-project.eu\/securit-first-security-solutions-catalogue\/\" target=\"_blank\" rel=\"noopener\">D2.3 SecurIT first security solutions catalogue<\/a><\/li>\n<li><a href=\"https:\/\/mapping.securit-project.eu\/\" target=\"_blank\" rel=\"noopener\">D2.4SecurIT second security solutions catalogue &#8211; Mapping platform<\/a><\/li>\n<\/ul>\n<p>&nbsp;<\/p>\n<h4><strong>Events :<\/strong><\/h4>\n<p>&nbsp;<\/p>\n<ul>\n<li><span data-contrast=\"auto\">14\/09\/2021: Kick Off Meeting, Aix-en-Provence<\/span><span data-ccp-props=\"{&quot;201341983&quot;:0,&quot;335559739&quot;:160,&quot;335559740&quot;:259}\"> &#8211; More informations <a href=\"https:\/\/securit-project.eu\/project-launch\/\" target=\"_blank\" rel=\"noopener\">HERE<\/a><br \/>\n<\/span><\/li>\n<li>8 and 19\/11\/2021 : Workshops \u2013 More informations <a href=\"https:\/\/securit-project.eu\/the-securit-open-call-1-challenges-are-set\/\" target=\"_blank\" rel=\"noopener\">HERE<\/a><\/li>\n<li>7\/12\/2021 : Webinaire d\u2019information \u2013 More informations <a href=\"https:\/\/www.aktantis.com\/2021\/11\/19\/opportunites-de-financement-avec-le-projet-europeen-securit\/\" target=\"_blank\" rel=\"noopener\">HERE<\/a><\/li>\n<li>8\/02\/2022 : SecurIT Open Call Webinar #1 \u2013 More informations <a href=\"https:\/\/www.aktantis.com\/en\/2022\/01\/19\/securit-open-call-webinar-1\/\" target=\"_blank\" rel=\"noopener\">HERE<\/a><\/li>\n<li>17\/2\/2022 : Open Call Webinar &amp; Matchmaking Session #1 \u2013 More informations <a href=\"https:\/\/www.aktantis.com\/en\/2022\/01\/19\/open-call-webinar-matchmaking-session-1\/\" target=\"_blank\" rel=\"noopener\">HERE<\/a><\/li>\n<li>1\/03\/2022: SecurIT Lunch Break at MWC22 \u2013 More information <a href=\"https:\/\/securit-project.eu\/have-lunch-with-us-at-mwc22\/\" target=\"_blank\" rel=\"noopener\">HERE<\/a><\/li>\n<li>17\/03\/2022: Open Call Webinar &amp; Matchmaking Session #2\u2013 More information <a href=\"https:\/\/securit-project.eu\/find-your-partners\/\" target=\"_blank\" rel=\"noopener\">HERE<\/a><\/li>\n<li>6\/04\/2022: SecurIT Open Call Webinar #2 \u2013 More information <a href=\"https:\/\/securit-project.eu\/open-call-webinar-info-session-4\/\" target=\"_blank\" rel=\"noopener\">HERE<\/a><\/li>\n<li>22-23\/06\/2022: Jury Day, Paris \u2013 More information <a href=\"https:\/\/securit-project.eu\/securit-jury-day-the-29-pre-selected-projects\/\" target=\"_blank\" rel=\"noopener\">HERE<\/a><\/li>\n<li>15\/09\/2022: Funded projects 1st batch Kick off \u2013 More information <a href=\"https:\/\/securit-project.eu\/1st-batch-of-securit-funded-projects\/\" target=\"_blank\" rel=\"noopener\">HERE<\/a><\/li>\n<li>10\/01\/2023: Open Call#2 launch webinar by SCS, Safe, Systematic Paris-R\u00e9gion (French language \u2013 More information <a href=\"https:\/\/www.aktantis.com\/2022\/12\/14\/lancement-2nd-appel-du-projet-europeen-securit\/\" target=\"_blank\" rel=\"noopener\">HERE<\/a><\/li>\n<li>25\/01\/2023: Open Call 2 webinar (English) : Register <a href=\"https:\/\/www.eventbrite.fi\/e\/securit-second-open-call-second-webinar-tickets-484344235647\" target=\"_blank\" rel=\"noopener\">HERE<\/a><\/li>\n<li>08\/02\/2023: Matchmaking session : Register <a href=\"https:\/\/server.matchmaking-studio.com\/en\/securITopencall\/\" target=\"_blank\" rel=\"noopener\">HERE<\/a><\/li>\n<li><strong>16-17\/05\/2023: Online Jury Day<\/strong><\/li>\n<li><strong>4-5\/05\/2023: Kick Off meeting of the Open Call #2 winning projects<\/strong><\/li>\n<\/ul>\n<p>&nbsp;<\/p>\n<p><span class=\"NormalTextRun SCXW230413350 BCX0\">Numerous events implying our ecosystem members are <\/span><span class=\"NormalTextRun SCXW230413350 BCX0\">taking place in the frame of the project, such as workshops in the frame of the use cases identification, Open Calls information meetings\u2026 <\/span><span class=\"NormalTextRun ContextualSpellingAndGrammarErrorV2 SCXW230413350 BCX0\">So<\/span><span class=\"NormalTextRun SCXW230413350 BCX0\">\u00a0stay updated!\u00a0<\/span><\/p>\n<p>All videos and replays are available <a href=\"https:\/\/securit-project.eu\/media-hub\/\" target=\"_blank\" rel=\"noopener\">HERE<\/a>.<\/p>\n<p>&nbsp;<\/p>\n<h4><b><span data-contrast=\"auto\">Partnership<\/span><\/b><span data-ccp-props=\"{&quot;201341983&quot;:0,&quot;335559739&quot;:160,&quot;335559740&quot;:259}\">\u00a0:<\/span><\/h4>\n<p>&nbsp;<\/p>\n<ul>\n<li><a href=\"https:\/\/www.safecluster.com\/\"><span data-contrast=\"none\">Safe Cluster<\/span><\/a><span data-contrast=\"auto\">, France<\/span><\/li>\n<li><a href=\"https:\/\/www.aktantis.com\/en\/\"><span data-contrast=\"none\">Aktantis<\/span><\/a><span data-contrast=\"auto\">, France<\/span><\/li>\n<li><a href=\"https:\/\/www.leadersinsecurity.org\/\"><span data-contrast=\"none\">LSEC<\/span><\/a><span data-contrast=\"auto\">, Belgium<\/span><\/li>\n<li><a href=\"http:\/\/www.l3ce.eu\/en\/\"><span data-contrast=\"none\">L3CE<\/span><\/a><span data-contrast=\"auto\">, Lithuania<\/span><\/li>\n<li><a href=\"https:\/\/www.thehaguesecuritydelta.com\/\"><span data-contrast=\"none\">Hague Security Delta (HSD)<\/span><\/a><span data-contrast=\"auto\">, The Netherlands<br \/>\n<\/span><\/li>\n<li><a href=\"https:\/\/systematic-paris-region.org\/\"><span data-contrast=\"none\">Systematic\u00a0Paris-R\u00e9gion<\/span><\/a><span data-contrast=\"auto\">, France<\/span><\/li>\n<li><a href=\"https:\/\/censec.dk\/\"><span data-contrast=\"none\">CenSec<\/span><\/a><span data-contrast=\"auto\">, Denmark<\/span><\/li>\n<li><a href=\"https:\/\/fundingbox.com\/\"><span data-contrast=\"none\">FundingBox<\/span><\/a><span data-contrast=\"auto\">, Poland<\/span><span data-ccp-props=\"{&quot;201341983&quot;:0,&quot;335559739&quot;:160,&quot;335559740&quot;:259}\">\u00a0<\/span><\/li>\n<\/ul>\n<h4><\/h4>\n<p>&nbsp;<\/p>\n<h4><strong>Project Details:<\/strong><\/h4>\n<p>&nbsp;<\/p>\n<ul>\n<li>Program: Horizon 2020, Innosup-01<\/li>\n<li>Duration: <span class=\"TextRun SCXW34308254 BCX0\" lang=\"FR-FR\" xml:lang=\"FR-FR\" data-contrast=\"auto\"><span class=\"NormalTextRun SCXW34308254 BCX0\">1\/09\/2021 \u2013 31\/08\/2024<\/span><\/span><span class=\"EOP SCXW34308254 BCX0\" data-ccp-props=\"{&quot;201341983&quot;:0,&quot;335559739&quot;:160,&quot;335559740&quot;:259}\">\u00a0<\/span><\/li>\n<li>Coordinator: <a href=\"https:\/\/www.safecluster.com\/\">Safe Cluster<\/a><\/li>\n<\/ul>\n<p>&nbsp;<\/p>\n<h4><strong>Communication:<\/strong><\/h4>\n<p>&nbsp;<\/p>\n<ol>\n<li><a href=\"https:\/\/securit-project.eu\/\" target=\"_blank\" rel=\"noopener\">Website<\/a><\/li>\n<li><a href=\"https:\/\/www.linkedin.com\/company\/securit-project\" target=\"_blank\" rel=\"noopener\">Linkedin<\/a><\/li>\n<li><a href=\"https:\/\/twitter.com\/SecurIT20\" target=\"_blank\" rel=\"noopener\">Twitter<\/a><\/li>\n<li><a href=\"https:\/\/www.youtube.com\/channel\/UCgugF8EkG2Qs9HMUIloBsnw\" target=\"_blank\" rel=\"noopener\">Youtube<\/a><\/li>\n<li><a href=\"https:\/\/www.facebook.com\/SecurITproject\" target=\"_blank\" rel=\"noopener\">Facebook<\/a><\/li>\n<\/ol>\n<h4><\/h4>\n<p>&nbsp;<\/p>\n<h4><strong>Contacts:<\/strong><\/h4>\n<p>&nbsp;<\/p>\n<p>Marielle Campanella &#8211; <a href=\"mailto:marielle.campanella@aktantis.com\">marielle.campanella@aktantis.com\u00a0<\/a><\/p>\n<p>Cl\u00e9mence Castell &#8211; <a href=\"mailto:clemence.castell@aktantis.com\">clemence.castell@aktantis.com<\/a><\/p>\n<p>&nbsp;<\/p>\n<p style=\"text-align: center;\"><em><span class=\"EOP SCXW159075553 BCX0\" data-ccp-props=\"{&quot;201341983&quot;:0,&quot;335559739&quot;:160,&quot;335559740&quot;:259}\"><span class=\"TextRun SCXW63570960 BCX0\" lang=\"EN-GB\" xml:lang=\"EN-GB\" data-contrast=\"auto\"><span class=\"NormalTextRun SCXW63570960 BCX0\">This project has received funding from the European Union&#8217;s Horizon 2020 research and innovation programme under grant agreement No 101005292.<\/span><\/span><span class=\"EOP SCXW63570960 BCX0\" data-ccp-props=\"{&quot;201341983&quot;:0,&quot;335559739&quot;:160,&quot;335559740&quot;:259}\">\u00a0<\/span><\/span><\/em><\/p>\n<p style=\"text-align: center;\">\u00a0 \u00a0\u00a0 \u00a0 \u00a0 \u00a0\u00a0 <img loading=\"lazy\" decoding=\"async\" class=\"alignnone size-full wp-image-91149231\" src=\"https:\/\/www.aktantis.com\/wp-content\/uploads\/2021\/03\/eu-flag-82x55-1.png\" alt=\"\" width=\"82\" height=\"55\" \/><\/p>\n<p>[\/vc_column_text][\/vc_column][\/vc_row]<\/p>\n<\/div>","protected":false},"excerpt":{"rendered":"<p>[vc_row][vc_column][vc_column_text]<br \/>\nSecurIT &#8211; New industrial value chain for Safe, sECURe and resilient cIties and\u00a0 Territories<br \/>\n&nbsp;<\/p>\n<p>SecurIT\u00a0is a European project aiming at supporting and co-financing the development of&#8230;<\/p>\n","protected":false},"author":1287,"featured_media":0,"parent":91148705,"menu_order":0,"comment_status":"closed","ping_status":"closed","template":"","meta":{"footnotes":""},"class_list":["post-91153553","page","type-page","status-publish","hentry"],"yoast_head":"<!-- This site is optimized with the Yoast SEO plugin v25.8 - https:\/\/yoast.com\/wordpress\/plugins\/seo\/ -->\n<title>SecurIT<\/title>\n<meta name=\"description\" content=\"projets collaboratifs permettant le prototypage et l\u2019exp\u00e9rimentation de solutions technologiques dans le domaine de la s\u00e9curit\u00e9\" \/>\n<meta name=\"robots\" content=\"index, follow, max-snippet:-1, max-image-preview:large, max-video-preview:-1\" \/>\n<link rel=\"canonical\" href=\"https:\/\/www.aktantis.com\/en\/innovation\/europe\/securit\/\" \/>\n<meta property=\"og:locale\" content=\"en_US\" \/>\n<meta property=\"og:type\" content=\"article\" \/>\n<meta property=\"og:title\" content=\"SecurIT\" \/>\n<meta property=\"og:description\" content=\"projets collaboratifs permettant le prototypage et l\u2019exp\u00e9rimentation de solutions technologiques dans le domaine de la s\u00e9curit\u00e9\" \/>\n<meta property=\"og:url\" content=\"https:\/\/www.aktantis.com\/en\/innovation\/europe\/securit\/\" \/>\n<meta property=\"og:site_name\" content=\"AKTANTIS\" \/>\n<meta property=\"article:publisher\" content=\"https:\/\/www.facebook.com\/PoleSCS\/\" \/>\n<meta property=\"article:modified_time\" content=\"2025-09-05T13:32:01+00:00\" \/>\n<meta property=\"og:image\" content=\"https:\/\/www.aktantis.com\/wp-content\/uploads\/2021\/10\/SecurIT.png\" \/>\n\t<meta property=\"og:image:width\" content=\"1200\" \/>\n\t<meta property=\"og:image:height\" content=\"327\" \/>\n\t<meta property=\"og:image:type\" content=\"image\/png\" \/>\n<meta name=\"twitter:card\" content=\"summary_large_image\" \/>\n<meta name=\"twitter:site\" content=\"@Pole_SCS\" \/>\n<script type=\"application\/ld+json\" class=\"yoast-schema-graph\">{\"@context\":\"https:\/\/schema.org\",\"@graph\":[{\"@type\":\"WebPage\",\"@id\":\"https:\/\/www.aktantis.com\/en\/innovation\/europe\/securit\/\",\"url\":\"https:\/\/www.aktantis.com\/en\/innovation\/europe\/securit\/\",\"name\":\"SecurIT\",\"isPartOf\":{\"@id\":\"https:\/\/www.aktantis.com\/#website\"},\"primaryImageOfPage\":{\"@id\":\"https:\/\/www.aktantis.com\/en\/innovation\/europe\/securit\/#primaryimage\"},\"image\":{\"@id\":\"https:\/\/www.aktantis.com\/en\/innovation\/europe\/securit\/#primaryimage\"},\"thumbnailUrl\":\"https:\/\/www.aktantis.com\/wp-content\/uploads\/2021\/10\/SecurIT-1024x279.png\",\"datePublished\":\"2021-08-20T08:45:46+00:00\",\"dateModified\":\"2025-09-05T13:32:01+00:00\",\"description\":\"projets collaboratifs permettant le prototypage et l\u2019exp\u00e9rimentation de solutions technologiques dans le domaine de la s\u00e9curit\u00e9\",\"breadcrumb\":{\"@id\":\"https:\/\/www.aktantis.com\/en\/innovation\/europe\/securit\/#breadcrumb\"},\"inLanguage\":\"en-US\",\"potentialAction\":[{\"@type\":\"ReadAction\",\"target\":[\"https:\/\/www.aktantis.com\/en\/innovation\/europe\/securit\/\"]}]},{\"@type\":\"ImageObject\",\"inLanguage\":\"en-US\",\"@id\":\"https:\/\/www.aktantis.com\/en\/innovation\/europe\/securit\/#primaryimage\",\"url\":\"https:\/\/www.aktantis.com\/wp-content\/uploads\/2021\/10\/SecurIT-1024x279.png\",\"contentUrl\":\"https:\/\/www.aktantis.com\/wp-content\/uploads\/2021\/10\/SecurIT-1024x279.png\"},{\"@type\":\"BreadcrumbList\",\"@id\":\"https:\/\/www.aktantis.com\/en\/innovation\/europe\/securit\/#breadcrumb\",\"itemListElement\":[{\"@type\":\"ListItem\",\"position\":1,\"name\":\"Accueil\",\"item\":\"https:\/\/www.aktantis.com\/en\/\"},{\"@type\":\"ListItem\",\"position\":2,\"name\":\"Innovation\",\"item\":\"https:\/\/www.aktantis.com\/innovation\/\"},{\"@type\":\"ListItem\",\"position\":3,\"name\":\"Europe\",\"item\":\"https:\/\/www.aktantis.com\/en\/innovation\/europe\/\"},{\"@type\":\"ListItem\",\"position\":4,\"name\":\"SecurIT\"}]},{\"@type\":\"WebSite\",\"@id\":\"https:\/\/www.aktantis.com\/#website\",\"url\":\"https:\/\/www.aktantis.com\/\",\"name\":\"AKTANTIS\",\"description\":\"1er \u00e9cosyst\u00e8me europ\u00e9en\",\"publisher\":{\"@id\":\"https:\/\/www.aktantis.com\/#organization\"},\"potentialAction\":[{\"@type\":\"SearchAction\",\"target\":{\"@type\":\"EntryPoint\",\"urlTemplate\":\"https:\/\/www.aktantis.com\/?s={search_term_string}\"},\"query-input\":{\"@type\":\"PropertyValueSpecification\",\"valueRequired\":true,\"valueName\":\"search_term_string\"}}],\"inLanguage\":\"en-US\"},{\"@type\":\"Organization\",\"@id\":\"https:\/\/www.aktantis.com\/#organization\",\"name\":\"Aktantis\",\"url\":\"https:\/\/www.aktantis.com\/\",\"logo\":{\"@type\":\"ImageObject\",\"inLanguage\":\"en-US\",\"@id\":\"https:\/\/www.aktantis.com\/#\/schema\/logo\/image\/\",\"url\":\"https:\/\/www.aktantis.com\/wp-content\/uploads\/2018\/03\/cropped-logo_scs.png\",\"contentUrl\":\"https:\/\/www.aktantis.com\/wp-content\/uploads\/2018\/03\/cropped-logo_scs.png\",\"width\":720,\"height\":250,\"caption\":\"Aktantis\"},\"image\":{\"@id\":\"https:\/\/www.aktantis.com\/#\/schema\/logo\/image\/\"},\"sameAs\":[\"https:\/\/www.facebook.com\/PoleSCS\/\",\"https:\/\/x.com\/Pole_SCS\",\"https:\/\/www.linkedin.com\/company\/pole-scs\/\"]}]}<\/script>\n<!-- \/ Yoast SEO plugin. -->","yoast_head_json":{"title":"SecurIT","description":"projets collaboratifs permettant le prototypage et l\u2019exp\u00e9rimentation de solutions technologiques dans le domaine de la s\u00e9curit\u00e9","robots":{"index":"index","follow":"follow","max-snippet":"max-snippet:-1","max-image-preview":"max-image-preview:large","max-video-preview":"max-video-preview:-1"},"canonical":"https:\/\/www.aktantis.com\/en\/innovation\/europe\/securit\/","og_locale":"en_US","og_type":"article","og_title":"SecurIT","og_description":"projets collaboratifs permettant le prototypage et l\u2019exp\u00e9rimentation de solutions technologiques dans le domaine de la s\u00e9curit\u00e9","og_url":"https:\/\/www.aktantis.com\/en\/innovation\/europe\/securit\/","og_site_name":"AKTANTIS","article_publisher":"https:\/\/www.facebook.com\/PoleSCS\/","article_modified_time":"2025-09-05T13:32:01+00:00","og_image":[{"width":1200,"height":327,"url":"https:\/\/www.aktantis.com\/wp-content\/uploads\/2021\/10\/SecurIT.png","type":"image\/png"}],"twitter_card":"summary_large_image","twitter_site":"@Pole_SCS","schema":{"@context":"https:\/\/schema.org","@graph":[{"@type":"WebPage","@id":"https:\/\/www.aktantis.com\/en\/innovation\/europe\/securit\/","url":"https:\/\/www.aktantis.com\/en\/innovation\/europe\/securit\/","name":"SecurIT","isPartOf":{"@id":"https:\/\/www.aktantis.com\/#website"},"primaryImageOfPage":{"@id":"https:\/\/www.aktantis.com\/en\/innovation\/europe\/securit\/#primaryimage"},"image":{"@id":"https:\/\/www.aktantis.com\/en\/innovation\/europe\/securit\/#primaryimage"},"thumbnailUrl":"https:\/\/www.aktantis.com\/wp-content\/uploads\/2021\/10\/SecurIT-1024x279.png","datePublished":"2021-08-20T08:45:46+00:00","dateModified":"2025-09-05T13:32:01+00:00","description":"projets collaboratifs permettant le prototypage et l\u2019exp\u00e9rimentation de solutions technologiques dans le domaine de la s\u00e9curit\u00e9","breadcrumb":{"@id":"https:\/\/www.aktantis.com\/en\/innovation\/europe\/securit\/#breadcrumb"},"inLanguage":"en-US","potentialAction":[{"@type":"ReadAction","target":["https:\/\/www.aktantis.com\/en\/innovation\/europe\/securit\/"]}]},{"@type":"ImageObject","inLanguage":"en-US","@id":"https:\/\/www.aktantis.com\/en\/innovation\/europe\/securit\/#primaryimage","url":"https:\/\/www.aktantis.com\/wp-content\/uploads\/2021\/10\/SecurIT-1024x279.png","contentUrl":"https:\/\/www.aktantis.com\/wp-content\/uploads\/2021\/10\/SecurIT-1024x279.png"},{"@type":"BreadcrumbList","@id":"https:\/\/www.aktantis.com\/en\/innovation\/europe\/securit\/#breadcrumb","itemListElement":[{"@type":"ListItem","position":1,"name":"Accueil","item":"https:\/\/www.aktantis.com\/en\/"},{"@type":"ListItem","position":2,"name":"Innovation","item":"https:\/\/www.aktantis.com\/innovation\/"},{"@type":"ListItem","position":3,"name":"Europe","item":"https:\/\/www.aktantis.com\/en\/innovation\/europe\/"},{"@type":"ListItem","position":4,"name":"SecurIT"}]},{"@type":"WebSite","@id":"https:\/\/www.aktantis.com\/#website","url":"https:\/\/www.aktantis.com\/","name":"AKTANTIS","description":"1er \u00e9cosyst\u00e8me europ\u00e9en","publisher":{"@id":"https:\/\/www.aktantis.com\/#organization"},"potentialAction":[{"@type":"SearchAction","target":{"@type":"EntryPoint","urlTemplate":"https:\/\/www.aktantis.com\/?s={search_term_string}"},"query-input":{"@type":"PropertyValueSpecification","valueRequired":true,"valueName":"search_term_string"}}],"inLanguage":"en-US"},{"@type":"Organization","@id":"https:\/\/www.aktantis.com\/#organization","name":"Aktantis","url":"https:\/\/www.aktantis.com\/","logo":{"@type":"ImageObject","inLanguage":"en-US","@id":"https:\/\/www.aktantis.com\/#\/schema\/logo\/image\/","url":"https:\/\/www.aktantis.com\/wp-content\/uploads\/2018\/03\/cropped-logo_scs.png","contentUrl":"https:\/\/www.aktantis.com\/wp-content\/uploads\/2018\/03\/cropped-logo_scs.png","width":720,"height":250,"caption":"Aktantis"},"image":{"@id":"https:\/\/www.aktantis.com\/#\/schema\/logo\/image\/"},"sameAs":["https:\/\/www.facebook.com\/PoleSCS\/","https:\/\/x.com\/Pole_SCS","https:\/\/www.linkedin.com\/company\/pole-scs\/"]}]}},"_links":{"self":[{"href":"https:\/\/www.aktantis.com\/en\/wp-json\/wp\/v2\/pages\/91153553","targetHints":{"allow":["GET"]}}],"collection":[{"href":"https:\/\/www.aktantis.com\/en\/wp-json\/wp\/v2\/pages"}],"about":[{"href":"https:\/\/www.aktantis.com\/en\/wp-json\/wp\/v2\/types\/page"}],"author":[{"embeddable":true,"href":"https:\/\/www.aktantis.com\/en\/wp-json\/wp\/v2\/users\/1287"}],"replies":[{"embeddable":true,"href":"https:\/\/www.aktantis.com\/en\/wp-json\/wp\/v2\/comments?post=91153553"}],"version-history":[{"count":19,"href":"https:\/\/www.aktantis.com\/en\/wp-json\/wp\/v2\/pages\/91153553\/revisions"}],"predecessor-version":[{"id":91170033,"href":"https:\/\/www.aktantis.com\/en\/wp-json\/wp\/v2\/pages\/91153553\/revisions\/91170033"}],"up":[{"embeddable":true,"href":"https:\/\/www.aktantis.com\/en\/wp-json\/wp\/v2\/pages\/91148705"}],"wp:attachment":[{"href":"https:\/\/www.aktantis.com\/en\/wp-json\/wp\/v2\/media?parent=91153553"}],"curies":[{"name":"wp","href":"https:\/\/api.w.org\/{rel}","templated":true}]}}