{"id":91150471,"date":"2020-04-08T10:45:46","date_gmt":"2020-04-08T08:45:46","guid":{"rendered":"https:\/\/www.aktantis.com\/ecovem\/"},"modified":"2021-05-17T10:15:51","modified_gmt":"2021-05-17T08:15:51","slug":"ecovem","status":"publish","type":"page","link":"https:\/\/www.aktantis.com\/en\/innovation\/europe\/ecovem\/","title":{"rendered":"ECoVEM"},"content":{"rendered":"<div class=\"wpb-content-wrapper\"><p>[vc_row][vc_column][vc_column_text]<\/p>\n<h3 style=\"text-align: center;\"><\/h3>\n<p><img loading=\"lazy\" decoding=\"async\" class=\"aligncenter wp-image-91149526 \" src=\"https:\/\/www.aktantis.com\/wp-content\/uploads\/2021\/03\/ECoVEM-1.png\" alt=\"\" width=\"274\" height=\"141\" srcset=\"https:\/\/www.aktantis.com\/wp-content\/uploads\/2021\/03\/ECoVEM-1.png 274w, https:\/\/www.aktantis.com\/wp-content\/uploads\/2021\/03\/ECoVEM-1-160x82.png 160w, https:\/\/www.aktantis.com\/wp-content\/uploads\/2021\/03\/ECoVEM-1-173x89.png 173w\" sizes=\"auto, (max-width: 274px) 100vw, 274px\" \/><\/p>\n<p>SCS is a partner of the ECoVEM project.<\/p>\n<p>Microelectronics is one of the most growing technologies, and training in this domain is crucial. An approach based on partnership between education and industry is necessary to promote the development of technological skills as well as soft skills, in adequacy with new job positions and recruitment needs in microelectronics.<\/p>\n<p>In this context, microelectronics is one of the six industrial sectors that have been selected by the European Commission for the development of centre of vocational excellence, as part of the ERASMUS+ programme.<\/p>\n<p>ECoVEM project brings together VET (<em>Vocational Education and Training<\/em>) centres, polytechnics, industrial associations, social partners to establish a European Cooperation platform of Vocational Excellence in Microelectronics. ECoVEM builds on and complements the strengths of national VET systems in countries with more-advanced VET and supports the not-so-advanced regions to achieve VET excellence. ECoVEM implements innovative instructional approaches towards life-long capacity to self-regulate learning, hard skills and soft skills using the ecosystems-based theoretical models and performance support systems.<\/p>\n<p>The final outcome of ECoVEM is to establish a European education framework which is better adapted to the labour market changes, relying on partnerships between business and education.<\/p>\n<p>Innovative training programs will be delivered by ECoVEM, covering a large spectrum of the European Qualification Framework, from EQF 3 to EQF 8.<\/p>\n<p>ECoVEM will also promote the dissemination of examples of applications in microelectronics to tackle the challenges of digitalisation, green energies, automation, space technologies, health, in order to increase the attractiveness of microelectronics, as a response to the increased labour needs of companies.<\/p>\n<p>&nbsp;<\/p>\n<h4><strong>Events :<\/strong><\/h4>\n<p>&nbsp;<\/p>\n<ul>\n<li>20\/11\/2020 : kick-off meeting<\/li>\n<\/ul>\n<p>&nbsp;<\/p>\n<h4><strong>Project details :<\/strong><\/h4>\n<p>&nbsp;<\/p>\n<ul>\n<li>Program : ERASMUS+<\/li>\n<li>Duration : 48 months (01\/11\/2020 \u2013 31\/10\/2024)<\/li>\n<li>Coordinator : Technical University of Sofia (Bulgaria)<\/li>\n<\/ul>\n<p>&nbsp;<\/p>\n<h4><strong>Project Partners :<\/strong><\/h4>\n<p>&nbsp;<\/p>\n<ul>\n<li><a href=\"https:\/\/tu-sofia.bg\" target=\"_blank\" rel=\"noopener\">Technical University of Sofia<\/a> (Bulgarie)<\/li>\n<li><a href=\"https:\/\/en.bia-bg.com\" target=\"_blank\" rel=\"noopener\">Bulgarian Industrial Association<\/a> (Bulgarie)<\/li>\n<li><a href=\"http:\/\/scas.acad.bg\" target=\"_blank\" rel=\"noopener\">Student Computer Art Society (SCAS)<\/a> (Bulgarie)<\/li>\n<li><a href=\"http:\/\/www.mashoeood.com\" target=\"_blank\" rel=\"noopener\">MASHO EOOD<\/a> (Bulgarie)<\/li>\n<li><a href=\"https:\/\/www.j-arteck.org\" target=\"_blank\" rel=\"noopener\">J-ArtEck Jugendbildungsst\u00e4tte e.V.<\/a> (Allemagne)<\/li>\n<li><a href=\"https:\/\/www.semi.org\/eu\" target=\"_blank\" rel=\"noopener\">SEMI EUROPE GMBH<\/a> (Allemagne)<\/li>\n<li><a href=\"https:\/\/www.tu.berlin\/en\/\" target=\"_blank\" rel=\"noopener\">Technical University Berlin<\/a> (Allemagne)<\/li>\n<li><a href=\"https:\/\/exolaunch.com\" target=\"_blank\" rel=\"noopener\">EXOLAUNCH GMBH<\/a> (Allemagne)<\/li>\n<li><a href=\"https:\/\/www.ialweb.it\" target=\"_blank\" rel=\"noopener\">IAL Innovazione Apprendimento Lavoro Friuli Venezia Giulia srl<\/a> (Italie)<\/li>\n<li><a href=\"http:\/\/www.clustercomet.it\" target=\"_blank\" rel=\"noopener\">COMET SCRL<\/a> (Italie)<\/li>\n<li><a href=\"http:\/\/www.cimea.it\/en\/index.aspx\" target=\"_blank\" rel=\"noopener\">Associazione CIMEA<\/a> (Italie)<\/li>\n<li><a href=\"https:\/\/www.ines-solaire.org\" target=\"_blank\" rel=\"noopener\">Institut National d\u2019Energie Solaire, INES-Formation<\/a> (France)<\/li>\n<li><a href=\"https:\/\/www.aktantis.com\/en\/\" target=\"_blank\" rel=\"noopener\">Aktantis<\/a> (France)<\/li>\n<li><a href=\"http:\/\/www.anccp.es\" target=\"_blank\" rel=\"noopener\">ANCCP<\/a> (Espagne)<\/li>\n<li><a href=\"https:\/\/www.cepyme.es\" target=\"_blank\" rel=\"noopener\">CEPYME<\/a> (Espagne)<\/li>\n<li><a href=\"https:\/\/www.uned.es\" target=\"_blank\" rel=\"noopener\">UNED<\/a> (Espagne)<\/li>\n<li><a href=\"http:\/\/www.mlsi.gov.cy\" target=\"_blank\" rel=\"noopener\">Cyprus Productivity Centre<\/a> (Chypre)<\/li>\n<li><a href=\"https:\/\/ccci.org.cy\" target=\"_blank\" rel=\"noopener\">Cyprus Chamber of Commerce and Industry<\/a> (Chypre)<\/li>\n<li><a href=\"http:\/\/eacg.eu\" target=\"_blank\" rel=\"noopener\">European Association of Career Guidance<\/a> (Gr\u00e8ce)<\/li>\n<li><a href=\"http:\/\/www.ecwt.eu\" target=\"_blank\" rel=\"noopener\">European Centre for Women and Technology<\/a> (ECWT) (Norv\u00e8ge)<\/li>\n<li><a href=\"http:\/\/www.romit-bg.com\" target=\"_blank\" rel=\"noopener\">Romit Ltd<\/a> (Bulgarie)<\/li>\n<\/ul>\n<p>&nbsp;<\/p>\n<h4><strong>Communication :<\/strong><\/h4>\n<p>&nbsp;<\/p>\n<ul>\n<li><a href=\"https:\/\/ecovem.eu\/ECoVEM%20Leaflet%201.1.pdf\" target=\"_blank\" rel=\"noopener\">Leaflet<\/a><\/li>\n<li><a href=\"https:\/\/ecovem.eu\/\" target=\"_blank\" rel=\"noopener\">Site web<\/a><\/li>\n<li><a href=\"https:\/\/www.linkedin.com\/company\/ecovem\/\" target=\"_blank\" rel=\"noopener\">LinkedIn<\/a><\/li>\n<li><a href=\"https:\/\/www.facebook.com\/Ecovem-101904165153544\" target=\"_blank\" rel=\"noopener\">Facebook<\/a><\/li>\n<\/ul>\n<p>&nbsp;<\/p>\n<h4><strong>Contact :<\/strong><\/h4>\n<p>&nbsp;<\/p>\n<p>Marielle Campanella &#8211; <a href=\"mailto:marielle.campanella@aktantis.com\">marielle.campanella@aktantis.com<\/a><\/p>\n<p>&nbsp;<\/p>\n<p><em>This project has received funding from the Erasmus+ Programme of the European Union under Agreement\u00a0 number &#8211; 620101-EPP-1-2020-1-BG-EPPKA3-VET-COVE<\/em><\/p>\n<p style=\"text-align: center;\"><img loading=\"lazy\" decoding=\"async\" class=\"alignnone size-full wp-image-91149531\" src=\"https:\/\/www.aktantis.com\/wp-content\/uploads\/2021\/03\/Erasmus.png\" alt=\"\" width=\"321\" height=\"106\" srcset=\"https:\/\/www.aktantis.com\/wp-content\/uploads\/2021\/03\/Erasmus.png 321w, https:\/\/www.aktantis.com\/wp-content\/uploads\/2021\/03\/Erasmus-300x99.png 300w, https:\/\/www.aktantis.com\/wp-content\/uploads\/2021\/03\/Erasmus-160x53.png 160w, https:\/\/www.aktantis.com\/wp-content\/uploads\/2021\/03\/Erasmus-270x89.png 270w\" sizes=\"auto, (max-width: 321px) 100vw, 321px\" \/><\/p>\n<p>[\/vc_column_text][\/vc_column][\/vc_row]<\/p>\n<\/div>","protected":false},"excerpt":{"rendered":"<p>[vc_row][vc_column][vc_column_text]<\/p>\n<p>SCS is a partner of the ECoVEM project.<br \/>\nMicroelectronics is one of the most growing technologies, and training in this domain is crucial. An approach based&#8230;<\/p>\n","protected":false},"author":1287,"featured_media":0,"parent":91148705,"menu_order":0,"comment_status":"closed","ping_status":"closed","template":"","meta":{"footnotes":""},"class_list":["post-91150471","page","type-page","status-publish","hentry"],"yoast_head":"<!-- This site is optimized with the Yoast SEO plugin v25.8 - https:\/\/yoast.com\/wordpress\/plugins\/seo\/ -->\n<title>ECoVEM<\/title>\n<meta name=\"description\" content=\"SCS est partenaire du projet europ\u00e9en ECoVEM. Microelectronique mise en place un r\u00e9seau de centres de formation (initiale et continue)\" \/>\n<meta name=\"robots\" content=\"index, follow, max-snippet:-1, max-image-preview:large, max-video-preview:-1\" \/>\n<link rel=\"canonical\" href=\"https:\/\/www.aktantis.com\/en\/innovation\/europe\/ecovem\/\" \/>\n<meta property=\"og:locale\" content=\"en_US\" \/>\n<meta property=\"og:type\" content=\"article\" \/>\n<meta property=\"og:title\" content=\"ECoVEM\" \/>\n<meta property=\"og:description\" content=\"SCS est partenaire du projet europ\u00e9en ECoVEM. Microelectronique mise en place un r\u00e9seau de centres de formation (initiale et continue)\" \/>\n<meta property=\"og:url\" content=\"https:\/\/www.aktantis.com\/en\/innovation\/europe\/ecovem\/\" \/>\n<meta property=\"og:site_name\" content=\"AKTANTIS\" \/>\n<meta property=\"article:publisher\" content=\"https:\/\/www.facebook.com\/PoleSCS\/\" \/>\n<meta property=\"article:modified_time\" content=\"2021-05-17T08:15:51+00:00\" \/>\n<meta property=\"og:image\" content=\"https:\/\/www.aktantis.com\/wp-content\/uploads\/2021\/03\/ECoVEM-1.png\" \/>\n<meta name=\"twitter:card\" content=\"summary_large_image\" \/>\n<meta name=\"twitter:site\" content=\"@Pole_SCS\" \/>\n<script type=\"application\/ld+json\" class=\"yoast-schema-graph\">{\"@context\":\"https:\/\/schema.org\",\"@graph\":[{\"@type\":\"WebPage\",\"@id\":\"https:\/\/www.aktantis.com\/en\/innovation\/europe\/ecovem\/\",\"url\":\"https:\/\/www.aktantis.com\/en\/innovation\/europe\/ecovem\/\",\"name\":\"ECoVEM\",\"isPartOf\":{\"@id\":\"https:\/\/www.aktantis.com\/#website\"},\"primaryImageOfPage\":{\"@id\":\"https:\/\/www.aktantis.com\/en\/innovation\/europe\/ecovem\/#primaryimage\"},\"image\":{\"@id\":\"https:\/\/www.aktantis.com\/en\/innovation\/europe\/ecovem\/#primaryimage\"},\"thumbnailUrl\":\"https:\/\/www.aktantis.com\/wp-content\/uploads\/2021\/03\/ECoVEM-1.png\",\"datePublished\":\"2020-04-08T08:45:46+00:00\",\"dateModified\":\"2021-05-17T08:15:51+00:00\",\"description\":\"SCS est partenaire du projet europ\u00e9en ECoVEM. Microelectronique mise en place un r\u00e9seau de centres de formation (initiale et continue)\",\"breadcrumb\":{\"@id\":\"https:\/\/www.aktantis.com\/en\/innovation\/europe\/ecovem\/#breadcrumb\"},\"inLanguage\":\"en-US\",\"potentialAction\":[{\"@type\":\"ReadAction\",\"target\":[\"https:\/\/www.aktantis.com\/en\/innovation\/europe\/ecovem\/\"]}]},{\"@type\":\"ImageObject\",\"inLanguage\":\"en-US\",\"@id\":\"https:\/\/www.aktantis.com\/en\/innovation\/europe\/ecovem\/#primaryimage\",\"url\":\"https:\/\/www.aktantis.com\/wp-content\/uploads\/2021\/03\/ECoVEM-1.png\",\"contentUrl\":\"https:\/\/www.aktantis.com\/wp-content\/uploads\/2021\/03\/ECoVEM-1.png\"},{\"@type\":\"BreadcrumbList\",\"@id\":\"https:\/\/www.aktantis.com\/en\/innovation\/europe\/ecovem\/#breadcrumb\",\"itemListElement\":[{\"@type\":\"ListItem\",\"position\":1,\"name\":\"Accueil\",\"item\":\"https:\/\/www.aktantis.com\/en\/\"},{\"@type\":\"ListItem\",\"position\":2,\"name\":\"Innovation\",\"item\":\"https:\/\/www.aktantis.com\/innovation\/\"},{\"@type\":\"ListItem\",\"position\":3,\"name\":\"Europe\",\"item\":\"https:\/\/www.aktantis.com\/en\/innovation\/europe\/\"},{\"@type\":\"ListItem\",\"position\":4,\"name\":\"ECoVEM\"}]},{\"@type\":\"WebSite\",\"@id\":\"https:\/\/www.aktantis.com\/#website\",\"url\":\"https:\/\/www.aktantis.com\/\",\"name\":\"AKTANTIS\",\"description\":\"1er \u00e9cosyst\u00e8me europ\u00e9en\",\"publisher\":{\"@id\":\"https:\/\/www.aktantis.com\/#organization\"},\"potentialAction\":[{\"@type\":\"SearchAction\",\"target\":{\"@type\":\"EntryPoint\",\"urlTemplate\":\"https:\/\/www.aktantis.com\/?s={search_term_string}\"},\"query-input\":{\"@type\":\"PropertyValueSpecification\",\"valueRequired\":true,\"valueName\":\"search_term_string\"}}],\"inLanguage\":\"en-US\"},{\"@type\":\"Organization\",\"@id\":\"https:\/\/www.aktantis.com\/#organization\",\"name\":\"Aktantis\",\"url\":\"https:\/\/www.aktantis.com\/\",\"logo\":{\"@type\":\"ImageObject\",\"inLanguage\":\"en-US\",\"@id\":\"https:\/\/www.aktantis.com\/#\/schema\/logo\/image\/\",\"url\":\"https:\/\/www.aktantis.com\/wp-content\/uploads\/2018\/03\/cropped-logo_scs.png\",\"contentUrl\":\"https:\/\/www.aktantis.com\/wp-content\/uploads\/2018\/03\/cropped-logo_scs.png\",\"width\":720,\"height\":250,\"caption\":\"Aktantis\"},\"image\":{\"@id\":\"https:\/\/www.aktantis.com\/#\/schema\/logo\/image\/\"},\"sameAs\":[\"https:\/\/www.facebook.com\/PoleSCS\/\",\"https:\/\/x.com\/Pole_SCS\",\"https:\/\/www.linkedin.com\/company\/pole-scs\/\"]}]}<\/script>\n<!-- \/ Yoast SEO plugin. -->","yoast_head_json":{"title":"ECoVEM","description":"SCS est partenaire du projet europ\u00e9en ECoVEM. Microelectronique mise en place un r\u00e9seau de centres de formation (initiale et continue)","robots":{"index":"index","follow":"follow","max-snippet":"max-snippet:-1","max-image-preview":"max-image-preview:large","max-video-preview":"max-video-preview:-1"},"canonical":"https:\/\/www.aktantis.com\/en\/innovation\/europe\/ecovem\/","og_locale":"en_US","og_type":"article","og_title":"ECoVEM","og_description":"SCS est partenaire du projet europ\u00e9en ECoVEM. Microelectronique mise en place un r\u00e9seau de centres de formation (initiale et continue)","og_url":"https:\/\/www.aktantis.com\/en\/innovation\/europe\/ecovem\/","og_site_name":"AKTANTIS","article_publisher":"https:\/\/www.facebook.com\/PoleSCS\/","article_modified_time":"2021-05-17T08:15:51+00:00","og_image":[{"url":"https:\/\/www.aktantis.com\/wp-content\/uploads\/2021\/03\/ECoVEM-1.png","type":"","width":"","height":""}],"twitter_card":"summary_large_image","twitter_site":"@Pole_SCS","schema":{"@context":"https:\/\/schema.org","@graph":[{"@type":"WebPage","@id":"https:\/\/www.aktantis.com\/en\/innovation\/europe\/ecovem\/","url":"https:\/\/www.aktantis.com\/en\/innovation\/europe\/ecovem\/","name":"ECoVEM","isPartOf":{"@id":"https:\/\/www.aktantis.com\/#website"},"primaryImageOfPage":{"@id":"https:\/\/www.aktantis.com\/en\/innovation\/europe\/ecovem\/#primaryimage"},"image":{"@id":"https:\/\/www.aktantis.com\/en\/innovation\/europe\/ecovem\/#primaryimage"},"thumbnailUrl":"https:\/\/www.aktantis.com\/wp-content\/uploads\/2021\/03\/ECoVEM-1.png","datePublished":"2020-04-08T08:45:46+00:00","dateModified":"2021-05-17T08:15:51+00:00","description":"SCS est partenaire du projet europ\u00e9en ECoVEM. Microelectronique mise en place un r\u00e9seau de centres de formation (initiale et continue)","breadcrumb":{"@id":"https:\/\/www.aktantis.com\/en\/innovation\/europe\/ecovem\/#breadcrumb"},"inLanguage":"en-US","potentialAction":[{"@type":"ReadAction","target":["https:\/\/www.aktantis.com\/en\/innovation\/europe\/ecovem\/"]}]},{"@type":"ImageObject","inLanguage":"en-US","@id":"https:\/\/www.aktantis.com\/en\/innovation\/europe\/ecovem\/#primaryimage","url":"https:\/\/www.aktantis.com\/wp-content\/uploads\/2021\/03\/ECoVEM-1.png","contentUrl":"https:\/\/www.aktantis.com\/wp-content\/uploads\/2021\/03\/ECoVEM-1.png"},{"@type":"BreadcrumbList","@id":"https:\/\/www.aktantis.com\/en\/innovation\/europe\/ecovem\/#breadcrumb","itemListElement":[{"@type":"ListItem","position":1,"name":"Accueil","item":"https:\/\/www.aktantis.com\/en\/"},{"@type":"ListItem","position":2,"name":"Innovation","item":"https:\/\/www.aktantis.com\/innovation\/"},{"@type":"ListItem","position":3,"name":"Europe","item":"https:\/\/www.aktantis.com\/en\/innovation\/europe\/"},{"@type":"ListItem","position":4,"name":"ECoVEM"}]},{"@type":"WebSite","@id":"https:\/\/www.aktantis.com\/#website","url":"https:\/\/www.aktantis.com\/","name":"AKTANTIS","description":"1er \u00e9cosyst\u00e8me europ\u00e9en","publisher":{"@id":"https:\/\/www.aktantis.com\/#organization"},"potentialAction":[{"@type":"SearchAction","target":{"@type":"EntryPoint","urlTemplate":"https:\/\/www.aktantis.com\/?s={search_term_string}"},"query-input":{"@type":"PropertyValueSpecification","valueRequired":true,"valueName":"search_term_string"}}],"inLanguage":"en-US"},{"@type":"Organization","@id":"https:\/\/www.aktantis.com\/#organization","name":"Aktantis","url":"https:\/\/www.aktantis.com\/","logo":{"@type":"ImageObject","inLanguage":"en-US","@id":"https:\/\/www.aktantis.com\/#\/schema\/logo\/image\/","url":"https:\/\/www.aktantis.com\/wp-content\/uploads\/2018\/03\/cropped-logo_scs.png","contentUrl":"https:\/\/www.aktantis.com\/wp-content\/uploads\/2018\/03\/cropped-logo_scs.png","width":720,"height":250,"caption":"Aktantis"},"image":{"@id":"https:\/\/www.aktantis.com\/#\/schema\/logo\/image\/"},"sameAs":["https:\/\/www.facebook.com\/PoleSCS\/","https:\/\/x.com\/Pole_SCS","https:\/\/www.linkedin.com\/company\/pole-scs\/"]}]}},"_links":{"self":[{"href":"https:\/\/www.aktantis.com\/en\/wp-json\/wp\/v2\/pages\/91150471","targetHints":{"allow":["GET"]}}],"collection":[{"href":"https:\/\/www.aktantis.com\/en\/wp-json\/wp\/v2\/pages"}],"about":[{"href":"https:\/\/www.aktantis.com\/en\/wp-json\/wp\/v2\/types\/page"}],"author":[{"embeddable":true,"href":"https:\/\/www.aktantis.com\/en\/wp-json\/wp\/v2\/users\/1287"}],"replies":[{"embeddable":true,"href":"https:\/\/www.aktantis.com\/en\/wp-json\/wp\/v2\/comments?post=91150471"}],"version-history":[{"count":8,"href":"https:\/\/www.aktantis.com\/en\/wp-json\/wp\/v2\/pages\/91150471\/revisions"}],"predecessor-version":[{"id":91150479,"href":"https:\/\/www.aktantis.com\/en\/wp-json\/wp\/v2\/pages\/91150471\/revisions\/91150479"}],"up":[{"embeddable":true,"href":"https:\/\/www.aktantis.com\/en\/wp-json\/wp\/v2\/pages\/91148705"}],"wp:attachment":[{"href":"https:\/\/www.aktantis.com\/en\/wp-json\/wp\/v2\/media?parent=91150471"}],"curies":[{"name":"wp","href":"https:\/\/api.w.org\/{rel}","templated":true}]}}