{"id":91148827,"date":"2018-01-18T17:58:18","date_gmt":"2018-01-18T16:58:18","guid":{"rendered":"https:\/\/www.aktantis.com\/business-planning-3\/"},"modified":"2025-09-02T13:01:57","modified_gmt":"2025-09-02T11:01:57","slug":"improve-innovation","status":"publish","type":"page","link":"https:\/\/www.aktantis.com\/en\/innovation\/improve-innovation\/","title":{"rendered":"Improve my innovation"},"content":{"rendered":"<div class=\"wpb-content-wrapper\"><p>[vc_row css=&#8221;.vc_custom_1516293835315{padding-bottom: 50px !important;}&#8221;][vc_column width=&#8221;1\/6&#8243;][\/vc_column][vc_column width=&#8221;4\/6&#8243;][vc_column_text css_animation=&#8221;none&#8221; css=&#8221;&#8221;]<\/p>\n<h2 style=\"text-align: center;\">Improve your innovation<\/h2>\n<p style=\"text-align: center;\">Have you developed an innovation and now want to improve its potential? AKTANTIS allows you to do this thanks to AI and Micro\/Electronics test platforms.<\/p>\n<p>[\/vc_column_text][\/vc_column][vc_column width=&#8221;1\/6&#8243;][\/vc_column][\/vc_row][vc_row css=&#8221;.vc_custom_1516368684864{padding-bottom: 50px !important;}&#8221;][vc_column][vc_tta_tour style=&#8221;flat&#8221; shape=&#8221;square&#8221; color=&#8221;sky&#8221; spacing=&#8221;&#8221; gap=&#8221;35&#8243; active_section=&#8221;1&#8243; no_fill_content_area=&#8221;true&#8221;][vc_tta_section i_icon_fontawesome=&#8221;fas fa-chevron-right&#8221; add_icon=&#8221;true&#8221; title=&#8221;I want to integrate AI technologies into my products &amp; services&#8221; tab_id=&#8221;IA&#8221; el_class=&#8221;tab-cherche&#8221;][vc_column_text css=&#8221;&#8221;]<\/p>\n<h4>STARTUPS, SMEs: your data and AI can strongly boost your growth<\/h4>\n<ul>\n<li><span style=\"font-weight: 400;\">Identify your areas of value creation through the use of your data and AI<\/span><\/li>\n<li><span style=\"font-weight: 400;\">How to create new products \/ services with AI? or develop a new business model?<\/span><\/li>\n<li><span style=\"font-weight: 400;\">How much data is needed? What computing resources? &#8230;<\/span><\/li>\n<\/ul>\n<p>[\/vc_column_text][vc_row_inner][vc_column_inner width=&#8221;2\/3&#8243; css=&#8221;.vc_custom_1516374410016{padding-right: 50px !important;padding-left: 0px !important;}&#8221;][vc_column_text css=&#8221;&#8221;]<\/p>\n<h4>OUR FORMULA:<\/h4>\n<p>[\/vc_column_text][vc_column_text css=&#8221;&#8221;]<b>FLASH AI Diagnostic Service :<\/b> assess the impact of artificial intelligence on your products and services<\/p>\n<ul>\n<li>3 days of expertise to analyze the potential of AI with experts confirmed and selected by AKTANTIS<\/li>\n<li>Benefit from a clear action plan, professional follow-up and recommendations<\/li>\n<li>Improve its products \/ services \/ processes for more competitive differentiation<\/li>\n<\/ul>\n<p><a href=\"https:\/\/www.aktantis.com\/wp-content\/uploads\/2025\/04\/fiches_DIAGNOSTIC_FLASH_IA_AKTANTIS_2025.pdf\"><strong>Detailed brochure (in French) &gt;<\/strong><\/a>[\/vc_column_text][\/vc_column_inner][vc_column_inner width=&#8221;1\/3&#8243; css=&#8221;.vc_custom_1516374404411{padding-right: 35px !important;padding-left: 0px !important;}&#8221;][vc_single_image image=&#8221;91173927&#8243; img_size=&#8221;medium&#8221; css=&#8221;&#8221;][\/vc_column_inner][\/vc_row_inner][vc_column_text][\/vc_column_text][\/vc_tta_section][vc_tta_section i_icon_fontawesome=&#8221;fas fa-chevron-right&#8221; add_icon=&#8221;true&#8221; title=&#8221;I want to integrate Microelectronics technologies&#8221; tab_id=&#8221;microelectronique&#8221; el_class=&#8221;tab-cherche&#8221;][vc_column_text css=&#8221;&#8221;]<\/p>\n<h4>Do you need to develop microelectronics projects, design electronic chips, develop manufacturing processes, integrate chips into objects?<\/h4>\n<p>You can benefit from shared tools to access with controlled and attractive costs :<\/p>\n<ul>\n<li>latest generation software<\/li>\n<li>cutting-edge technological machines and tools<\/li>\n<li>technical expertise<\/li>\n<\/ul>\n<p>[\/vc_column_text][vc_column_text]<\/p>\n<h3 style=\"text-align: left;\"><strong>2 PLATFORMS ARE AVAILABLE: <\/strong><\/h3>\n<p>[\/vc_column_text][vc_row_inner][vc_column_inner width=&#8221;1\/2&#8243; css=&#8221;.vc_custom_1516374410016{padding-right: 50px !important;padding-left: 0px !important;}&#8221;][vc_single_image image=&#8221;91148832&#8243; img_size=&#8221;full&#8221;][vc_column_text css=&#8221;&#8221;]<strong>CARACTERISATION CIM PACA Platform :<\/strong> The &#8220;Caracterisation&#8221; platform serves the development of chip manufacturing processes.<\/p>\n<p><strong><a href=\"http:\/\/www.pf-caracterisation.org\/\" target=\"_blank\" rel=\"noopener\">More Info &gt;<\/a><\/strong>[\/vc_column_text][\/vc_column_inner][vc_column_inner width=&#8221;1\/2&#8243; css=&#8221;.vc_custom_1516374404411{padding-right: 35px !important;padding-left: 0px !important;}&#8221;][vc_single_image image=&#8221;91148834&#8243; img_size=&#8221;full&#8221;][vc_column_text css=&#8221;&#8221;]<strong>MICRO-PACKS CIM PACA Platform:<\/strong> The &#8220;Micro-PackS&#8221; platform serves the integration of chips in objects.<\/p>\n<p><strong><a href=\"http:\/\/www.pf-micropacks.org\/\" target=\"_blank\" rel=\"noopener\">More info &gt;<\/a><\/strong>[\/vc_column_text][\/vc_column_inner][\/vc_row_inner][\/vc_tta_section][\/vc_tta_tour][\/vc_column][\/vc_row][vc_row][vc_column][vc_column_text css=&#8221;.vc_custom_1520288179247{margin-bottom: 70px !important;}&#8221;]<\/p>\n<p style=\"text-align: left;\"><a class=\"btn-return\" href=\"https:\/\/www.aktantis.com\/en\/innovation\/\">&lt; Back<\/a><\/p>\n<p>[\/vc_column_text][\/vc_column][\/vc_row][vc_row full_width=&#8221;stretch_row_content_no_spaces&#8221; equal_height=&#8221;yes&#8221; css=&#8221;.vc_custom_1731511423081{margin-top: 0px !important;margin-bottom: 0px !important;padding-bottom: 0px !important;background-color: #F3F3F9 !important;}&#8221;][vc_column width=&#8221;1\/2&#8243; css=&#8221;.vc_custom_1519589088105{padding-top: 0px !important;padding-right: 0px !important;padding-bottom: 0px !important;padding-left: 0px !important;}&#8221; offset=&#8221;vc_hidden-xs&#8221;][vc_column_text css=&#8221;.vc_custom_1731511442340{margin-top: 35px !important;margin-bottom: 35px !important;padding-top: 50px !important;padding-right: 10% !important;padding-bottom: 50px !important;}&#8221;]<\/p>\n<p style=\"text-align: right;\"><a class=\"shrtd-contact-icon\" href=\"https:\/\/www.aktantis.com\/en\/\/contact\/\" ><i class=\"icomoon icon-bubbles6\"><\/i><\/a><\/p>\n<h4 style=\"text-align: right; max-width: 400px; float: right;\">For more info about our BUSINESS services, contact us<\/h4>\n<p>[\/vc_column_text][\/vc_column][vc_column width=&#8221;1\/2&#8243; css=&#8221;.vc_custom_1516939675433{padding-top: 0px !important;padding-right: 0px !important;padding-bottom: 0px !important;padding-left: 0px !important;}&#8221;][vc_column_text css=&#8221;.vc_custom_1731511431373{margin-top: 70px !important;margin-bottom: 70px !important;border-bottom-width: 0px !important;border-left-width: 1px !important;padding-top: 0px !important;padding-right: 0px !important;padding-left: 10% !important;border-left-style: solid !important;border-bottom-style: solid !important;border-color: rgba(0,133,166,0.49) !important;}&#8221;]<\/p>\n<h2 style=\"text-align: left;\">YOUR CONTACT<strong><br \/>\n<\/strong><\/h2>\n<div class=\"portrait-contact shortcode clearfix\">\r\n                <img loading=\"lazy\" decoding=\"async\" width=\"165\" height=\"165\" src=\"https:\/\/www.aktantis.com\/wp-content\/uploads\/2024\/11\/Stephanie-165x165.jpg\" class=\"attachment-scs_equipe_portrait size-scs_equipe_portrait wp-post-image\" alt=\"\" srcset=\"https:\/\/www.aktantis.com\/wp-content\/uploads\/2024\/11\/Stephanie-165x165.jpg 165w, https:\/\/www.aktantis.com\/wp-content\/uploads\/2024\/11\/Stephanie-300x300.jpg 300w, https:\/\/www.aktantis.com\/wp-content\/uploads\/2024\/11\/Stephanie-150x150.jpg 150w, https:\/\/www.aktantis.com\/wp-content\/uploads\/2024\/11\/Stephanie-160x160.jpg 160w, https:\/\/www.aktantis.com\/wp-content\/uploads\/2024\/11\/Stephanie-89x89.jpg 89w, https:\/\/www.aktantis.com\/wp-content\/uploads\/2024\/11\/Stephanie-238x238.jpg 238w, https:\/\/www.aktantis.com\/wp-content\/uploads\/2024\/11\/Stephanie-100x100.jpg 100w, https:\/\/www.aktantis.com\/wp-content\/uploads\/2024\/11\/Stephanie.jpg 750w\" sizes=\"auto, 100vw\" \/>                <div class=\"infos\">\r\n                    <h4>St\u00e9phanie SCHOHN<\/h4>                    <p>Event and Ecosystem Director<\/p>\r\n                    <p class=\"contact\">\r\n                        <i class=\"icon-phone\"><\/i><a href=\"tel:+33 4 42 53 82 84\">+33 4 42 53 82 84<\/a><br\/>                        <i class=\"icon-mobile2\"><\/i><a href=\"tel:+33 6 89 96 19 11\">+33 6 89 96 19 11<\/a>                        <br\/>                        <i class=\"icon-envelop\"><\/i><a href=\"mailto:stephanie.schohn@aktantis.com\">stephanie.schohn@aktantis.com<\/a>                                            <\/p>\r\n                <\/div>\r\n            <\/div>\r\n        [\/vc_column_text][\/vc_column][\/vc_row]<\/p>\n<\/div>","protected":false},"excerpt":{"rendered":"","protected":false},"author":1,"featured_media":0,"parent":91173860,"menu_order":0,"comment_status":"closed","ping_status":"closed","template":"","meta":{"footnotes":""},"class_list":["post-91148827","page","type-page","status-publish","hentry"],"yoast_head":"<!-- This site is optimized with the Yoast SEO plugin v25.8 - https:\/\/yoast.com\/wordpress\/plugins\/seo\/ -->\n<title>Improve Your Innovation | AKTANTIS<\/title>\n<meta name=\"description\" content=\"Have you developed an innovation in digital, contactless, IoT security? AKTANTIS offers you its services!\" \/>\n<meta name=\"robots\" content=\"index, follow, max-snippet:-1, max-image-preview:large, max-video-preview:-1\" \/>\n<link rel=\"canonical\" href=\"https:\/\/www.aktantis.com\/en\/innovation\/improve-innovation\/\" \/>\n<meta property=\"og:locale\" content=\"en_US\" \/>\n<meta property=\"og:type\" content=\"article\" \/>\n<meta property=\"og:title\" content=\"Improve Your Innovation | AKTANTIS\" \/>\n<meta property=\"og:description\" content=\"Have you developed an innovation in digital, contactless, IoT security? AKTANTIS offers you its services!\" \/>\n<meta property=\"og:url\" content=\"https:\/\/www.aktantis.com\/en\/innovation\/improve-innovation\/\" \/>\n<meta property=\"og:site_name\" content=\"AKTANTIS\" \/>\n<meta property=\"article:publisher\" content=\"https:\/\/www.facebook.com\/PoleSCS\/\" \/>\n<meta property=\"article:modified_time\" content=\"2025-09-02T11:01:57+00:00\" \/>\n<meta name=\"twitter:card\" content=\"summary_large_image\" \/>\n<meta name=\"twitter:site\" content=\"@Pole_SCS\" \/>\n<script type=\"application\/ld+json\" class=\"yoast-schema-graph\">{\"@context\":\"https:\/\/schema.org\",\"@graph\":[{\"@type\":\"WebPage\",\"@id\":\"https:\/\/www.aktantis.com\/en\/innovation\/improve-innovation\/\",\"url\":\"https:\/\/www.aktantis.com\/en\/innovation\/improve-innovation\/\",\"name\":\"Improve Your Innovation | AKTANTIS\",\"isPartOf\":{\"@id\":\"https:\/\/www.aktantis.com\/#website\"},\"datePublished\":\"2018-01-18T16:58:18+00:00\",\"dateModified\":\"2025-09-02T11:01:57+00:00\",\"description\":\"Have you developed an innovation in digital, contactless, IoT security? AKTANTIS offers you its services!\",\"breadcrumb\":{\"@id\":\"https:\/\/www.aktantis.com\/en\/innovation\/improve-innovation\/#breadcrumb\"},\"inLanguage\":\"en-US\",\"potentialAction\":[{\"@type\":\"ReadAction\",\"target\":[\"https:\/\/www.aktantis.com\/en\/innovation\/improve-innovation\/\"]}]},{\"@type\":\"BreadcrumbList\",\"@id\":\"https:\/\/www.aktantis.com\/en\/innovation\/improve-innovation\/#breadcrumb\",\"itemListElement\":[{\"@type\":\"ListItem\",\"position\":1,\"name\":\"Accueil\",\"item\":\"https:\/\/www.aktantis.com\/en\/\"},{\"@type\":\"ListItem\",\"position\":2,\"name\":\"Innovation\",\"item\":\"https:\/\/www.aktantis.com\/innovation\/\"},{\"@type\":\"ListItem\",\"position\":3,\"name\":\"Improve my innovation\"}]},{\"@type\":\"WebSite\",\"@id\":\"https:\/\/www.aktantis.com\/#website\",\"url\":\"https:\/\/www.aktantis.com\/\",\"name\":\"AKTANTIS\",\"description\":\"1er \u00e9cosyst\u00e8me europ\u00e9en\",\"publisher\":{\"@id\":\"https:\/\/www.aktantis.com\/#organization\"},\"potentialAction\":[{\"@type\":\"SearchAction\",\"target\":{\"@type\":\"EntryPoint\",\"urlTemplate\":\"https:\/\/www.aktantis.com\/?s={search_term_string}\"},\"query-input\":{\"@type\":\"PropertyValueSpecification\",\"valueRequired\":true,\"valueName\":\"search_term_string\"}}],\"inLanguage\":\"en-US\"},{\"@type\":\"Organization\",\"@id\":\"https:\/\/www.aktantis.com\/#organization\",\"name\":\"Aktantis\",\"url\":\"https:\/\/www.aktantis.com\/\",\"logo\":{\"@type\":\"ImageObject\",\"inLanguage\":\"en-US\",\"@id\":\"https:\/\/www.aktantis.com\/#\/schema\/logo\/image\/\",\"url\":\"https:\/\/www.aktantis.com\/wp-content\/uploads\/2018\/03\/cropped-logo_scs.png\",\"contentUrl\":\"https:\/\/www.aktantis.com\/wp-content\/uploads\/2018\/03\/cropped-logo_scs.png\",\"width\":720,\"height\":250,\"caption\":\"Aktantis\"},\"image\":{\"@id\":\"https:\/\/www.aktantis.com\/#\/schema\/logo\/image\/\"},\"sameAs\":[\"https:\/\/www.facebook.com\/PoleSCS\/\",\"https:\/\/x.com\/Pole_SCS\",\"https:\/\/www.linkedin.com\/company\/pole-scs\/\"]}]}<\/script>\n<!-- \/ Yoast SEO plugin. -->","yoast_head_json":{"title":"Improve Your Innovation | AKTANTIS","description":"Have you developed an innovation in digital, contactless, IoT security? AKTANTIS offers you its services!","robots":{"index":"index","follow":"follow","max-snippet":"max-snippet:-1","max-image-preview":"max-image-preview:large","max-video-preview":"max-video-preview:-1"},"canonical":"https:\/\/www.aktantis.com\/en\/innovation\/improve-innovation\/","og_locale":"en_US","og_type":"article","og_title":"Improve Your Innovation | AKTANTIS","og_description":"Have you developed an innovation in digital, contactless, IoT security? AKTANTIS offers you its services!","og_url":"https:\/\/www.aktantis.com\/en\/innovation\/improve-innovation\/","og_site_name":"AKTANTIS","article_publisher":"https:\/\/www.facebook.com\/PoleSCS\/","article_modified_time":"2025-09-02T11:01:57+00:00","twitter_card":"summary_large_image","twitter_site":"@Pole_SCS","schema":{"@context":"https:\/\/schema.org","@graph":[{"@type":"WebPage","@id":"https:\/\/www.aktantis.com\/en\/innovation\/improve-innovation\/","url":"https:\/\/www.aktantis.com\/en\/innovation\/improve-innovation\/","name":"Improve Your Innovation | AKTANTIS","isPartOf":{"@id":"https:\/\/www.aktantis.com\/#website"},"datePublished":"2018-01-18T16:58:18+00:00","dateModified":"2025-09-02T11:01:57+00:00","description":"Have you developed an innovation in digital, contactless, IoT security? AKTANTIS offers you its services!","breadcrumb":{"@id":"https:\/\/www.aktantis.com\/en\/innovation\/improve-innovation\/#breadcrumb"},"inLanguage":"en-US","potentialAction":[{"@type":"ReadAction","target":["https:\/\/www.aktantis.com\/en\/innovation\/improve-innovation\/"]}]},{"@type":"BreadcrumbList","@id":"https:\/\/www.aktantis.com\/en\/innovation\/improve-innovation\/#breadcrumb","itemListElement":[{"@type":"ListItem","position":1,"name":"Accueil","item":"https:\/\/www.aktantis.com\/en\/"},{"@type":"ListItem","position":2,"name":"Innovation","item":"https:\/\/www.aktantis.com\/innovation\/"},{"@type":"ListItem","position":3,"name":"Improve my innovation"}]},{"@type":"WebSite","@id":"https:\/\/www.aktantis.com\/#website","url":"https:\/\/www.aktantis.com\/","name":"AKTANTIS","description":"1er \u00e9cosyst\u00e8me europ\u00e9en","publisher":{"@id":"https:\/\/www.aktantis.com\/#organization"},"potentialAction":[{"@type":"SearchAction","target":{"@type":"EntryPoint","urlTemplate":"https:\/\/www.aktantis.com\/?s={search_term_string}"},"query-input":{"@type":"PropertyValueSpecification","valueRequired":true,"valueName":"search_term_string"}}],"inLanguage":"en-US"},{"@type":"Organization","@id":"https:\/\/www.aktantis.com\/#organization","name":"Aktantis","url":"https:\/\/www.aktantis.com\/","logo":{"@type":"ImageObject","inLanguage":"en-US","@id":"https:\/\/www.aktantis.com\/#\/schema\/logo\/image\/","url":"https:\/\/www.aktantis.com\/wp-content\/uploads\/2018\/03\/cropped-logo_scs.png","contentUrl":"https:\/\/www.aktantis.com\/wp-content\/uploads\/2018\/03\/cropped-logo_scs.png","width":720,"height":250,"caption":"Aktantis"},"image":{"@id":"https:\/\/www.aktantis.com\/#\/schema\/logo\/image\/"},"sameAs":["https:\/\/www.facebook.com\/PoleSCS\/","https:\/\/x.com\/Pole_SCS","https:\/\/www.linkedin.com\/company\/pole-scs\/"]}]}},"_links":{"self":[{"href":"https:\/\/www.aktantis.com\/en\/wp-json\/wp\/v2\/pages\/91148827","targetHints":{"allow":["GET"]}}],"collection":[{"href":"https:\/\/www.aktantis.com\/en\/wp-json\/wp\/v2\/pages"}],"about":[{"href":"https:\/\/www.aktantis.com\/en\/wp-json\/wp\/v2\/types\/page"}],"author":[{"embeddable":true,"href":"https:\/\/www.aktantis.com\/en\/wp-json\/wp\/v2\/users\/1"}],"replies":[{"embeddable":true,"href":"https:\/\/www.aktantis.com\/en\/wp-json\/wp\/v2\/comments?post=91148827"}],"version-history":[{"count":12,"href":"https:\/\/www.aktantis.com\/en\/wp-json\/wp\/v2\/pages\/91148827\/revisions"}],"predecessor-version":[{"id":91180529,"href":"https:\/\/www.aktantis.com\/en\/wp-json\/wp\/v2\/pages\/91148827\/revisions\/91180529"}],"up":[{"embeddable":true,"href":"https:\/\/www.aktantis.com\/en\/wp-json\/wp\/v2\/pages\/91173860"}],"wp:attachment":[{"href":"https:\/\/www.aktantis.com\/en\/wp-json\/wp\/v2\/media?parent=91148827"}],"curies":[{"name":"wp","href":"https:\/\/api.w.org\/{rel}","templated":true}]}}