{"id":91148705,"date":"2018-01-11T19:44:12","date_gmt":"2018-01-11T18:44:12","guid":{"rendered":"https:\/\/www.aktantis.com\/offers\/business\/"},"modified":"2025-09-01T18:27:22","modified_gmt":"2025-09-01T16:27:22","slug":"europe","status":"publish","type":"page","link":"https:\/\/www.aktantis.com\/en\/innovation\/europe\/","title":{"rendered":"Europe"},"content":{"rendered":"<div class=\"wpb-content-wrapper\"><p>[vc_row][vc_column width=&#8221;1\/6&#8243;][\/vc_column][vc_column width=&#8221;2\/3&#8243;][vc_column_text css=&#8221;.vc_custom_1731591610033{padding-bottom: 20px !important;}&#8221; el_class=&#8221;centered&#8221;]<\/p>\n<h2 style=\"text-align: center;\">EUROPEAN PROJECTS SUPPORT<\/h2>\n<p style=\"text-align: center;\"><span style=\"font-weight: 400;\">AKTANTIS supports you to maximize your chances of success and save you time from the development to the filing of your European project.<\/span><\/p>\n<p>[\/vc_column_text][\/vc_column][vc_column width=&#8221;1\/6&#8243;][\/vc_column][\/vc_row][vc_row][vc_column width=&#8221;1\/2&#8243; css=&#8221;.vc_custom_1516802843777{padding-right: 4rem !important;padding-left: 2rem !important;}&#8221;][vc_column_text]<\/p>\n<h3>EUROPEAN PROJECTS: BENEFIT FROM RECOGNIZED EXPERTISE AT EACH\u00a0 DEVELOPMENT STAGE<\/h3>\n<p>[\/vc_column_text][vc_row_inner css=&#8221;.vc_custom_1516872656686{margin-right: -15px !important;margin-left: -15px !important;}&#8221;][vc_column_inner][vc_column_text css=&#8221;&#8221;]European R&amp;D funding instruments for SMEs are very attractive in terms of amounts and funding rates.<br \/>\nHowever, these are very competitive calls with a <strong>success rate of 15% for French companies<\/strong> and only 12.2% for those based in the SOUTH Region.<\/p>\n<p>In this context and with substantial and recognized experience in setting up and coordinating this type of project, AKTANTIS has developed <strong>100% individualized support<\/strong> addressing all of the stages of developing your project to allow you to increase your chances of success.<\/p>\n<p><strong>A program in 6 key steps :<\/strong><\/p>\n<ul>\n<li>Qualification and Orientation<\/li>\n<li>Consortium<\/li>\n<li>Writing<\/li>\n<li>Budget<\/li>\n<li>Administrative support and Submission<\/li>\n<li>Valuation<\/li>\n<\/ul>\n<p>[\/vc_column_text][vc_column_text css=&#8221;&#8221;]<\/p>\n<h4>AKTANTIS OFFER:<\/h4>\n<p>With<strong> In Extenso Innovation Croissance<\/strong> support and intervention on the Writing &amp; Budget sections, AKTANTIS has built a customised program at an unbeatable price o<strong>f \u20ac 5,000<\/strong> excluding tax for the fixed part and a success bonus.[\/vc_column_text][\/vc_column_inner][\/vc_row_inner][\/vc_column][vc_column width=&#8221;1\/2&#8243; css=&#8221;.vc_custom_1516287629561{padding-right: 2rem !important;padding-left: 2rem !important;}&#8221;][vc_column_text css=&#8221;.vc_custom_1731592152185{padding-top: 4em !important;padding-right: 4em !important;padding-bottom: 4em !important;padding-left: 4em !important;background-color: #7BAFDF !important;}&#8221;]<span style=\"color: #ffffff; font-size: 28px;\"><strong>KEY FIGURES<\/strong><\/span><\/p>\n<p>&nbsp;<\/p>\n<p><span style=\"color: #ffffff; font-size: 18px;\">Over 50 European projects supported by the AKTANTIS Innovation team and a success rate of 50% depending on the system<\/span><\/p>\n<hr style=\"background-color: white;\" \/>\n<p><span style=\"color: #ffffff; font-size: 18px;\">AKTANTIS supports you with a network of 40 European partners and 10,000 companies<\/span><\/p>\n<hr style=\"background-color: white;\" \/>\n<p><span style=\"color: #ffffff; font-size: 18px;\">French companies rank 3rd among H2020 beneficiaries with 11.1% of the grants awarded behind Germany and the United Kingdom<\/span><\/p>\n<hr style=\"background-color: white;\" \/>\n<p>[\/vc_column_text][\/vc_column][\/vc_row][vc_row][vc_column][vc_column_text css=&#8221;&#8221;]<\/p>\n<h3>EUROPEAN PROJECTS:<\/h3>\n<p>[\/vc_column_text][\/vc_column][\/vc_row][vc_row css=&#8221;.vc_custom_1731598802317{margin-bottom: 60px !important;}&#8221;][vc_column][vc_column_text css=&#8221;&#8221;]<\/p>\n<h4>EUROPEAN PROJECTS IN PROGRESS:<\/h4>\n<p>[\/vc_column_text]\r\n    <div class=\"logo-list acteur_area scs-membre\">\r\n    <div class=\"logo-container\"><a target=\"_blank\" rel=\"nofollow\" href=\"https:\/\/www.aktantis.com\/en\/innovation\/europe\/nero-advanced-cybersecurity-awareness-ecosystem-for-smes\/\" title=\"NERO\"><img decoding=\"async\" alt=\"Logo NERO\" src=\"https:\/\/www.aktantis.com\/wp-content\/uploads\/2024\/01\/Logo-NERO-Blanc-e1710325618810.png\"\/><div class=\"title\"><h5>NERO<\/h5><\/div><\/div><\/a><div class=\"logo-container\"><a target=\"_blank\" rel=\"nofollow\" href=\"https:\/\/www.aktantis.com\/en\/innovation\/europe\/photonhub-europe-guichet-unique-europeen-de-linnovation-photonique\/\" title=\"PhotonHub Europe\"><img decoding=\"async\" alt=\"Logo PhotonHub Europe\" src=\"https:\/\/www.aktantis.com\/wp-content\/uploads\/2025\/01\/Logo-PhotonHub-Europe.jpg\"\/><div class=\"title\"><h5>PhotonHub Europe<\/h5><\/div><\/div><\/a><div class=\"logo-container\"><a target=\"_blank\" rel=\"nofollow\" href=\"https:\/\/www.aktantis.com\/en\/innovation\/europe\/move2digital\/\" title=\"MOVE2DIGITAL\"><img decoding=\"async\" alt=\"Logo MOVE2DIGITAL\" src=\"https:\/\/www.aktantis.com\/wp-content\/uploads\/2025\/01\/move2digital.png\"\/><div class=\"title\"><h5>MOVE2DIGITAL<\/h5><\/div><\/div><\/a><div class=\"logo-container\"><a target=\"_blank\" rel=\"nofollow\" href=\"https:\/\/www.aktantis.com\/en\/innovation\/europe\/edih-occitania\/\" title=\"EDIH OCCITANIA\"><img decoding=\"async\" alt=\"Logo EDIH OCCITANIA\" src=\"https:\/\/www.aktantis.com\/wp-content\/uploads\/2025\/01\/occitania.png\"\/><div class=\"title\"><h5>EDIH OCCITANIA<\/h5><\/div><\/div><\/a><div class=\"logo-container\"><a target=\"_blank\" rel=\"nofollow\" href=\"https:\/\/www.aktantis.com\/en\/innovation\/europe\/digivillae-cross-border-cooperation-for-more-innovative-territories\/\" title=\"Digivillae\"><img decoding=\"async\" alt=\"Logo Digivillae\" src=\"https:\/\/www.aktantis.com\/wp-content\/uploads\/2025\/10\/logo_DEF_vert.png\"\/><div class=\"title\"><h5>Digivillae<\/h5><\/div><\/div><\/a><div class=\"logo-container\"><a target=\"_blank\" rel=\"nofollow\" href=\"https:\/\/www.aktantis.com\/en\/innovation\/europe\/citadel-une-europe-resiliente-et-sure-renforcer-la-securite-grace-aux-transitions-ecologique-et-numerique\/\" title=\"CITADEL\"><img decoding=\"async\" alt=\"Logo CITADEL\" src=\"https:\/\/www.aktantis.com\/wp-content\/uploads\/2025\/12\/CITADEL_Logo.png\"\/><div class=\"title\"><h5>CITADEL<\/h5><\/div><\/div><\/a>    <\/div>\r\n    [\/vc_column][\/vc_row][vc_row css=&#8221;.vc_custom_1731598802317{margin-bottom: 60px !important;}&#8221;][vc_column][vc_column_text css=&#8221;&#8221;]<\/p>\n<h4>EUROPEAN PROJECTS CLOSED:<\/h4>\n<p>[\/vc_column_text]\r\n    <div class=\"logo-list acteur_area scs-membre\">\r\n    <div class=\"logo-container\"><a target=\"_blank\" rel=\"nofollow\" href=\"https:\/\/www.aktantis.com\/en\/innovation\/europe\/dream\/\" title=\"DREAM\"><img decoding=\"async\" alt=\"Logo DREAM\" src=\"https:\/\/www.aktantis.com\/wp-content\/uploads\/2022\/11\/DREAM-400x400-1-e1731598962338.jpg\"\/><div class=\"title\"><h5>DREAM<\/h5><\/div><\/div><\/a><div class=\"logo-container\"><a target=\"_blank\" rel=\"nofollow\" href=\"https:\/\/www.aktantis.com\/en\/innovation\/europe\/ecovem\/\" title=\"ECoVEM\"><img decoding=\"async\" alt=\"Logo ECoVEM\" src=\"https:\/\/www.aktantis.com\/wp-content\/uploads\/2021\/03\/ECoVEM-1.png\"\/><div class=\"title\"><h5>ECoVEM<\/h5><\/div><\/div><\/a><div class=\"logo-container\"><a target=\"_blank\" rel=\"nofollow\" href=\"https:\/\/www.aktantis.com\/en\/innovation\/europe\/silicon-eurocluster\/\" title=\"Silicon Eurocluster\"><img decoding=\"async\" alt=\"Logo Silicon Eurocluster\" src=\"https:\/\/www.aktantis.com\/wp-content\/uploads\/2022\/10\/SILICON-EUROCLUSTER.jpg\"\/><div class=\"title\"><h5>Silicon Eurocluster<\/h5><\/div><\/div><\/a><div class=\"logo-container\"><a target=\"_blank\" rel=\"nofollow\" href=\"https:\/\/www.aktantis.com\/en\/adpack2\/\" title=\"AdPack2\"><img decoding=\"async\" alt=\"Logo AdPack2\" src=\"https:\/\/www.aktantis.com\/wp-content\/uploads\/2021\/03\/adpack_finallogo_colour_version_1.png\"\/><div class=\"title\"><h5>AdPack2<\/h5><\/div><\/div><\/a><div class=\"logo-container\"><a target=\"_blank\" rel=\"nofollow\" href=\"https:\/\/www.aktantis.com\/en\/alliance\/\" title=\"Alliance\"><img decoding=\"async\" alt=\"Logo Alliance\" src=\"https:\/\/www.aktantis.com\/wp-content\/uploads\/2021\/03\/ALLIANCE_event-invitation_eng.jpg\"\/><div class=\"title\"><h5>Alliance<\/h5><\/div><\/div><\/a><div class=\"logo-container\"><a target=\"_blank\" rel=\"nofollow\" href=\"https:\/\/www.aktantis.com\/en\/clusgrid\/\" title=\"Clusgrid\"><img decoding=\"async\" alt=\"Logo Clusgrid\" src=\"https:\/\/www.aktantis.com\/wp-content\/uploads\/2021\/03\/Clusgrid.png\"\/><div class=\"title\"><h5>Clusgrid<\/h5><\/div><\/div><\/a><div class=\"logo-container\"><a target=\"_blank\" rel=\"nofollow\" href=\"https:\/\/www.aktantis.com\/en\/cluster4smart\/\" title=\"Cluster4Smart\"><img decoding=\"async\" alt=\"Logo Cluster4Smart\" src=\"https:\/\/www.aktantis.com\/wp-content\/uploads\/2021\/03\/Cluster4Smart.jpg\"\/><div class=\"title\"><h5>Cluster4Smart<\/h5><\/div><\/div><\/a><div class=\"logo-container\"><a target=\"_blank\" rel=\"nofollow\" href=\"https:\/\/www.aktantis.com\/en\/cyber-secure-light\/\" title=\"Cyber Secure Light\"><img decoding=\"async\" alt=\"Logo Cyber Secure Light\" src=\"https:\/\/www.aktantis.com\/wp-content\/uploads\/2024\/11\/CSL.jpg\"\/><div class=\"title\"><h5>Cyber Secure Light<\/h5><\/div><\/div><\/a><div class=\"logo-container\"><a target=\"_blank\" rel=\"nofollow\" href=\"https:\/\/www.aktantis.com\/dia\/\" title=\"European Digital Industry Alliance (DIA)\"><img decoding=\"async\" alt=\"Logo European Digital Industry Alliance (DIA)\" src=\"https:\/\/www.aktantis.com\/wp-content\/uploads\/2022\/04\/DIA.jpg\"\/><div class=\"title\"><h5>European Digital Industry Alliance (DIA)<\/h5><\/div><\/div><\/a><div class=\"logo-container\"><a target=\"_blank\" rel=\"nofollow\" href=\"https:\/\/www.aktantis.com\/en\/en-excite\/\" title=\"EXCITE\"><img decoding=\"async\" alt=\"Logo EXCITE\" src=\"https:\/\/www.aktantis.com\/wp-content\/uploads\/2023\/03\/logo-excite.png\"\/><div class=\"title\"><h5>EXCITE<\/h5><\/div><\/div><\/a><div class=\"logo-container\"><a target=\"_blank\" rel=\"nofollow\" href=\"https:\/\/www.aktantis.com\/en\/iot4industry\/\" title=\"IoT4Industry\"><img decoding=\"async\" alt=\"Logo IoT4Industry\" src=\"https:\/\/www.aktantis.com\/wp-content\/uploads\/2022\/04\/32369_IOT4INDUSTRY_Logo_2c.jpg\"\/><div class=\"title\"><h5>IoT4Industry<\/h5><\/div><\/div><\/a><div class=\"logo-container\"><a target=\"_blank\" rel=\"nofollow\" href=\"https:\/\/www.aktantis.com\/en\/securit\/\" title=\"SecurIT\"><img decoding=\"async\" alt=\"Logo SecurIT\" src=\"https:\/\/www.aktantis.com\/wp-content\/uploads\/2021\/10\/SecurIT.png\"\/><div class=\"title\"><h5>SecurIT<\/h5><\/div><\/div><\/a><div class=\"logo-container\"><a target=\"_blank\" rel=\"nofollow\" href=\"https:\/\/www.aktantis.com\/en\/startup3\/\" title=\"STARTUP3\"><img decoding=\"async\" alt=\"Logo STARTUP3\" src=\"https:\/\/www.aktantis.com\/wp-content\/uploads\/2021\/03\/startup3-graphic-1.png\"\/><div class=\"title\"><h5>STARTUP3<\/h5><\/div><\/div><\/a>    <\/div>\r\n    [\/vc_column][\/vc_row][vc_row][vc_column][vc_column_text css=&#8221;.vc_custom_1520287547235{margin-bottom: 70px !important;}&#8221;]<\/p>\n<p style=\"text-align: left;\"><a class=\"btn-return\" href=\"https:\/\/www.aktantis.com\/en\/\">&lt; Back<\/a><\/p>\n<p>[\/vc_column_text][\/vc_column][\/vc_row][vc_row full_width=&#8221;stretch_row_content_no_spaces&#8221; css=&#8221;.vc_custom_1731500868360{margin-top: 50px !important;margin-bottom: 0px !important;padding-top: 50px !important;padding-bottom: 50px !important;background-color: #F3F3F9 !important;}&#8221;][vc_column width=&#8221;1\/2&#8243; css=&#8221;.vc_custom_1731502058662{border-right-width: 1px !important;padding-right: 20% !important;padding-left: 20% !important;border-right-style: none !important;border-color: #FFFFFF !important;}&#8221; offset=&#8221;vc_hidden-xs&#8221;][vc_column_text css=&#8221;&#8221;]<\/p>\n<p style=\"text-align: right;\"><a class=\"shrtd-contact-icon\" href=\"https:\/\/www.aktantis.com\/en\/\/contact\/\" ><i class=\"icomoon icon-bubbles6\"><\/i><\/a><\/p>\n<h4 style=\"text-align: right;\">For more information about our Support for European Projects, contact us<\/h4>\n<p>[\/vc_column_text][\/vc_column][vc_column width=&#8221;1\/2&#8243; css=&#8221;.vc_custom_1731502074501{padding-right: 20% !important;padding-left: 20% !important;border-radius: 1px !important;border-color: #0085A67D !important;}&#8221;][vc_column_text css=&#8221;.vc_custom_1731591848433{border-radius: 1px !important;border-color: #7BAFDF !important;}&#8221;]<\/p>\n<h2 style=\"text-align: left;\">YOUR CONTACT<strong><br \/>\n<\/strong><\/h2>\n<div class=\"portrait-contact shortcode clearfix\">\r\n                <img loading=\"lazy\" decoding=\"async\" width=\"165\" height=\"165\" src=\"https:\/\/www.aktantis.com\/wp-content\/uploads\/2017\/03\/Marielle-165x165.jpg\" class=\"attachment-scs_equipe_portrait size-scs_equipe_portrait wp-post-image\" alt=\"\" srcset=\"https:\/\/www.aktantis.com\/wp-content\/uploads\/2017\/03\/Marielle-165x165.jpg 165w, https:\/\/www.aktantis.com\/wp-content\/uploads\/2017\/03\/Marielle-300x300.jpg 300w, https:\/\/www.aktantis.com\/wp-content\/uploads\/2017\/03\/Marielle-150x150.jpg 150w, https:\/\/www.aktantis.com\/wp-content\/uploads\/2017\/03\/Marielle-160x160.jpg 160w, https:\/\/www.aktantis.com\/wp-content\/uploads\/2017\/03\/Marielle-89x89.jpg 89w, https:\/\/www.aktantis.com\/wp-content\/uploads\/2017\/03\/Marielle-238x238.jpg 238w, https:\/\/www.aktantis.com\/wp-content\/uploads\/2017\/03\/Marielle-100x100.jpg 100w, https:\/\/www.aktantis.com\/wp-content\/uploads\/2017\/03\/Marielle.jpg 750w\" sizes=\"auto, 100vw\" \/>                <div class=\"infos\">\r\n                    <h4>Marielle CAMPANELLA<\/h4>                    <p>Innovation - European R&D projects<\/p>\r\n                    <p class=\"contact\">\r\n                                                <i class=\"icon-mobile2\"><\/i><a href=\"tel:+33 6 47 49 85 37\">+33 6 47 49 85 37<\/a>                        <br\/>                        <i class=\"icon-envelop\"><\/i><a href=\"mailto:marielle.campanella@aktantis.com\">marielle.campanella@aktantis.com<\/a>                                            <\/p>\r\n                <\/div>\r\n            <\/div>\r\n        [\/vc_column_text][\/vc_column][\/vc_row]<\/p>\n<\/div>","protected":false},"excerpt":{"rendered":"","protected":false},"author":1,"featured_media":0,"parent":91173860,"menu_order":0,"comment_status":"closed","ping_status":"closed","template":"","meta":{"footnotes":""},"class_list":["post-91148705","page","type-page","status-publish","hentry"],"yoast_head":"<!-- This site is optimized with the Yoast SEO plugin v25.8 - https:\/\/yoast.com\/wordpress\/plugins\/seo\/ -->\n<title>European Projects Support | AKTANTIS<\/title>\n<meta name=\"description\" content=\"AKTANTIS supports you to maximize your chances of success and save you time from development to submission of your European project.\" \/>\n<meta name=\"robots\" content=\"index, follow, max-snippet:-1, max-image-preview:large, max-video-preview:-1\" \/>\n<link rel=\"canonical\" href=\"https:\/\/www.aktantis.com\/en\/innovation\/europe\/\" \/>\n<meta property=\"og:locale\" content=\"en_US\" \/>\n<meta property=\"og:type\" content=\"article\" \/>\n<meta property=\"og:title\" content=\"European Projects Support | AKTANTIS\" \/>\n<meta property=\"og:description\" content=\"AKTANTIS supports you to maximize your chances of success and save you time from development to submission of your European project.\" \/>\n<meta property=\"og:url\" content=\"https:\/\/www.aktantis.com\/en\/innovation\/europe\/\" \/>\n<meta property=\"og:site_name\" content=\"AKTANTIS\" \/>\n<meta property=\"article:publisher\" content=\"https:\/\/www.facebook.com\/PoleSCS\/\" \/>\n<meta property=\"article:modified_time\" content=\"2025-09-01T16:27:22+00:00\" \/>\n<meta name=\"twitter:card\" content=\"summary_large_image\" \/>\n<meta name=\"twitter:site\" content=\"@Pole_SCS\" \/>\n<script type=\"application\/ld+json\" class=\"yoast-schema-graph\">{\"@context\":\"https:\/\/schema.org\",\"@graph\":[{\"@type\":\"WebPage\",\"@id\":\"https:\/\/www.aktantis.com\/en\/innovation\/europe\/\",\"url\":\"https:\/\/www.aktantis.com\/en\/innovation\/europe\/\",\"name\":\"European Projects Support | AKTANTIS\",\"isPartOf\":{\"@id\":\"https:\/\/www.aktantis.com\/#website\"},\"datePublished\":\"2018-01-11T18:44:12+00:00\",\"dateModified\":\"2025-09-01T16:27:22+00:00\",\"description\":\"AKTANTIS supports you to maximize your chances of success and save you time from development to submission of your European project.\",\"breadcrumb\":{\"@id\":\"https:\/\/www.aktantis.com\/en\/innovation\/europe\/#breadcrumb\"},\"inLanguage\":\"en-US\",\"potentialAction\":[{\"@type\":\"ReadAction\",\"target\":[\"https:\/\/www.aktantis.com\/en\/innovation\/europe\/\"]}]},{\"@type\":\"BreadcrumbList\",\"@id\":\"https:\/\/www.aktantis.com\/en\/innovation\/europe\/#breadcrumb\",\"itemListElement\":[{\"@type\":\"ListItem\",\"position\":1,\"name\":\"Accueil\",\"item\":\"https:\/\/www.aktantis.com\/en\/\"},{\"@type\":\"ListItem\",\"position\":2,\"name\":\"Innovation\",\"item\":\"https:\/\/www.aktantis.com\/innovation\/\"},{\"@type\":\"ListItem\",\"position\":3,\"name\":\"Europe\"}]},{\"@type\":\"WebSite\",\"@id\":\"https:\/\/www.aktantis.com\/#website\",\"url\":\"https:\/\/www.aktantis.com\/\",\"name\":\"AKTANTIS\",\"description\":\"1er \u00e9cosyst\u00e8me europ\u00e9en\",\"publisher\":{\"@id\":\"https:\/\/www.aktantis.com\/#organization\"},\"potentialAction\":[{\"@type\":\"SearchAction\",\"target\":{\"@type\":\"EntryPoint\",\"urlTemplate\":\"https:\/\/www.aktantis.com\/?s={search_term_string}\"},\"query-input\":{\"@type\":\"PropertyValueSpecification\",\"valueRequired\":true,\"valueName\":\"search_term_string\"}}],\"inLanguage\":\"en-US\"},{\"@type\":\"Organization\",\"@id\":\"https:\/\/www.aktantis.com\/#organization\",\"name\":\"Aktantis\",\"url\":\"https:\/\/www.aktantis.com\/\",\"logo\":{\"@type\":\"ImageObject\",\"inLanguage\":\"en-US\",\"@id\":\"https:\/\/www.aktantis.com\/#\/schema\/logo\/image\/\",\"url\":\"https:\/\/www.aktantis.com\/wp-content\/uploads\/2018\/03\/cropped-logo_scs.png\",\"contentUrl\":\"https:\/\/www.aktantis.com\/wp-content\/uploads\/2018\/03\/cropped-logo_scs.png\",\"width\":720,\"height\":250,\"caption\":\"Aktantis\"},\"image\":{\"@id\":\"https:\/\/www.aktantis.com\/#\/schema\/logo\/image\/\"},\"sameAs\":[\"https:\/\/www.facebook.com\/PoleSCS\/\",\"https:\/\/x.com\/Pole_SCS\",\"https:\/\/www.linkedin.com\/company\/pole-scs\/\"]}]}<\/script>\n<!-- \/ Yoast SEO plugin. -->","yoast_head_json":{"title":"European Projects Support | AKTANTIS","description":"AKTANTIS supports you to maximize your chances of success and save you time from development to submission of your European project.","robots":{"index":"index","follow":"follow","max-snippet":"max-snippet:-1","max-image-preview":"max-image-preview:large","max-video-preview":"max-video-preview:-1"},"canonical":"https:\/\/www.aktantis.com\/en\/innovation\/europe\/","og_locale":"en_US","og_type":"article","og_title":"European Projects Support | AKTANTIS","og_description":"AKTANTIS supports you to maximize your chances of success and save you time from development to submission of your European project.","og_url":"https:\/\/www.aktantis.com\/en\/innovation\/europe\/","og_site_name":"AKTANTIS","article_publisher":"https:\/\/www.facebook.com\/PoleSCS\/","article_modified_time":"2025-09-01T16:27:22+00:00","twitter_card":"summary_large_image","twitter_site":"@Pole_SCS","schema":{"@context":"https:\/\/schema.org","@graph":[{"@type":"WebPage","@id":"https:\/\/www.aktantis.com\/en\/innovation\/europe\/","url":"https:\/\/www.aktantis.com\/en\/innovation\/europe\/","name":"European Projects Support | AKTANTIS","isPartOf":{"@id":"https:\/\/www.aktantis.com\/#website"},"datePublished":"2018-01-11T18:44:12+00:00","dateModified":"2025-09-01T16:27:22+00:00","description":"AKTANTIS supports you to maximize your chances of success and save you time from development to submission of your European project.","breadcrumb":{"@id":"https:\/\/www.aktantis.com\/en\/innovation\/europe\/#breadcrumb"},"inLanguage":"en-US","potentialAction":[{"@type":"ReadAction","target":["https:\/\/www.aktantis.com\/en\/innovation\/europe\/"]}]},{"@type":"BreadcrumbList","@id":"https:\/\/www.aktantis.com\/en\/innovation\/europe\/#breadcrumb","itemListElement":[{"@type":"ListItem","position":1,"name":"Accueil","item":"https:\/\/www.aktantis.com\/en\/"},{"@type":"ListItem","position":2,"name":"Innovation","item":"https:\/\/www.aktantis.com\/innovation\/"},{"@type":"ListItem","position":3,"name":"Europe"}]},{"@type":"WebSite","@id":"https:\/\/www.aktantis.com\/#website","url":"https:\/\/www.aktantis.com\/","name":"AKTANTIS","description":"1er \u00e9cosyst\u00e8me europ\u00e9en","publisher":{"@id":"https:\/\/www.aktantis.com\/#organization"},"potentialAction":[{"@type":"SearchAction","target":{"@type":"EntryPoint","urlTemplate":"https:\/\/www.aktantis.com\/?s={search_term_string}"},"query-input":{"@type":"PropertyValueSpecification","valueRequired":true,"valueName":"search_term_string"}}],"inLanguage":"en-US"},{"@type":"Organization","@id":"https:\/\/www.aktantis.com\/#organization","name":"Aktantis","url":"https:\/\/www.aktantis.com\/","logo":{"@type":"ImageObject","inLanguage":"en-US","@id":"https:\/\/www.aktantis.com\/#\/schema\/logo\/image\/","url":"https:\/\/www.aktantis.com\/wp-content\/uploads\/2018\/03\/cropped-logo_scs.png","contentUrl":"https:\/\/www.aktantis.com\/wp-content\/uploads\/2018\/03\/cropped-logo_scs.png","width":720,"height":250,"caption":"Aktantis"},"image":{"@id":"https:\/\/www.aktantis.com\/#\/schema\/logo\/image\/"},"sameAs":["https:\/\/www.facebook.com\/PoleSCS\/","https:\/\/x.com\/Pole_SCS","https:\/\/www.linkedin.com\/company\/pole-scs\/"]}]}},"_links":{"self":[{"href":"https:\/\/www.aktantis.com\/en\/wp-json\/wp\/v2\/pages\/91148705","targetHints":{"allow":["GET"]}}],"collection":[{"href":"https:\/\/www.aktantis.com\/en\/wp-json\/wp\/v2\/pages"}],"about":[{"href":"https:\/\/www.aktantis.com\/en\/wp-json\/wp\/v2\/types\/page"}],"author":[{"embeddable":true,"href":"https:\/\/www.aktantis.com\/en\/wp-json\/wp\/v2\/users\/1"}],"replies":[{"embeddable":true,"href":"https:\/\/www.aktantis.com\/en\/wp-json\/wp\/v2\/comments?post=91148705"}],"version-history":[{"count":10,"href":"https:\/\/www.aktantis.com\/en\/wp-json\/wp\/v2\/pages\/91148705\/revisions"}],"predecessor-version":[{"id":91180479,"href":"https:\/\/www.aktantis.com\/en\/wp-json\/wp\/v2\/pages\/91148705\/revisions\/91180479"}],"up":[{"embeddable":true,"href":"https:\/\/www.aktantis.com\/en\/wp-json\/wp\/v2\/pages\/91173860"}],"wp:attachment":[{"href":"https:\/\/www.aktantis.com\/en\/wp-json\/wp\/v2\/media?parent=91148705"}],"curies":[{"name":"wp","href":"https:\/\/api.w.org\/{rel}","templated":true}]}}