{"id":91147688,"date":"2020-04-09T15:11:39","date_gmt":"2020-04-09T13:11:39","guid":{"rendered":"https:\/\/www.aktantis.com\/?page_id=91147688"},"modified":"2022-04-14T14:01:46","modified_gmt":"2022-04-14T12:01:46","slug":"dia","status":"publish","type":"page","link":"https:\/\/www.aktantis.com\/en\/dia\/","title":{"rendered":"DIA"},"content":{"rendered":"<div class=\"wpb-content-wrapper\"><p>[vc_row][vc_column][vc_column_text]<\/p>\n<h3 style=\"text-align: center;\">European Digital Industry Alliance (DIA)<\/h3>\n<p><img loading=\"lazy\" decoding=\"async\" class=\"aligncenter wp-image-91158281 size-medium\" src=\"https:\/\/www.aktantis.com\/wp-content\/uploads\/2022\/04\/DIA-300x236.jpg\" alt=\"\" width=\"300\" height=\"236\" srcset=\"https:\/\/www.aktantis.com\/wp-content\/uploads\/2022\/04\/DIA-300x236.jpg 300w, https:\/\/www.aktantis.com\/wp-content\/uploads\/2022\/04\/DIA-160x126.jpg 160w, https:\/\/www.aktantis.com\/wp-content\/uploads\/2022\/04\/DIA-113x89.jpg 113w, https:\/\/www.aktantis.com\/wp-content\/uploads\/2022\/04\/DIA.jpg 333w\" sizes=\"auto, (max-width: 300px) 100vw, 300px\" \/><\/p>\n<p>SCS Cluster is coordinator of DIA &#8211; European Digital Industry Alliance project.<\/p>\n<p>The main objective of the project is to build-up a partnership of world leading clusters to\u00a0<strong>configure a \u201cEuropean Strategic Cluster Partnership \u2013 Going International\u201d focused on internationalization of digital technologies applied to manufacturing and industry (also called \u201cIndustry 4.0\u201d)<\/strong>. This European Strategic Cluster Partnership (ESCP-4i) will lead clusters to increase their competitiveness and innovation potential for internationalization with a European coherence, fostering international cooperation among SMEs, and enhance innovation. The global value chain will be structured around an\u00a0<strong>innovative transnational collaborative approach focused on cross-sectoral collaboration to commercialize the different technologies, product and services jointly\u00a0<\/strong>in the field of digital technologies applied to manufacturing and industry developed by the clusters (and their SMEs) in international markets that will be identified in the project.<\/p>\n<p>The project will provide a better understanding of the most effective ways to improvecross-sectoral collaboration between clusters at a European interregional level in order todevelop and commercialize frontline innovations internationally. Besides, although focused on digital technology in the manufacturing field, the universality of the method will allow developing other global value chain with other regions and in other technology domains, a very useful approach to build-up regional smart specialization strategies.<\/p>\n<p>&nbsp;<\/p>\n<h4><strong>Events :<\/strong><\/h4>\n<p>&nbsp;<\/p>\n<ul>\n<li>13th September 2018, Torino &#8211; MESAP Study Visit &#8211; More Informations <a href=\"https:\/\/www.aktantis.com\/wp-content\/uploads\/2018\/07\/DIA-internal-meeting_13-09-2018.pdf\" target=\"_blank\" rel=\"noopener noreferrer\">HERE<\/a><\/li>\n<li>14th September 2018, Torino &#8211; International Networking towards Digital Industries<span style=\"font-size: 1rem;\">\u00a0&#8211; More Informations <a href=\"https:\/\/www.mesap.it\/wp-content\/uploads\/DwnVer-4-1.pdf\" target=\"_blank\" rel=\"noopener noreferrer\">HERE<\/a><\/span><\/li>\n<li>14th May 2019, Gardanne &#8211; Workshop during IoT Event &#8211; More Informations <a href=\"https:\/\/www.aktantis.com\/2019\/02\/25\/pleniere-iot-scs-feuille-de-route-4-0\/\" target=\"_blank\" rel=\"noopener noreferrer\">HERE<\/a><\/li>\n<li>25-27 September 2019, Eskilstuna, Sweden \u2013 MITC Study Visit<\/li>\n<li>October 29th, 2019 Barcelona &#8211; Conference &#8220;Digital Industry: disruptive solutions to shape the future of SMEs&#8221; during IoTSWC 2019 &#8211; More informations <a href=\"https:\/\/www.aktantis.com\/en\/2019\/09\/17\/digital-industry-disruptive-solutions-to-shape-the-future-of-smes\/\" target=\"_blank\" rel=\"noopener noreferrer\">HERE<\/a><\/li>\n<\/ul>\n<p>&nbsp;<\/p>\n<p>&nbsp;<\/p>\n<h4><strong>Project details :<\/strong><\/h4>\n<p>&nbsp;<\/p>\n<ul>\n<li>Programm\u00a0 : COSME<\/li>\n<li>Duration : 1\/12\/2017 till 1\/12\/2019<\/li>\n<li>Coordinator : SCS Cluster<\/li>\n<\/ul>\n<p>&nbsp;<\/p>\n<h4><strong>Partnership :<\/strong><\/h4>\n<p>&nbsp;<\/p>\n<ul>\n<li><a href=\"http:\/\/mitc.nu\/\" target=\"_blank\" rel=\"noopener noreferrer\">MITC<\/a>\u00a0(Sweden)<\/li>\n<li><a href=\"http:\/\/www.gaia.es\" target=\"_blank\" rel=\"noopener noreferrer\">GAIA<\/a>\u00a0(Spain)<\/li>\n<li>\u00a0<a href=\"https:\/\/www.mesap.it\" target=\"_blank\" rel=\"noopener noreferrer\">MESAP Innovation Cluster<\/a>\u00a0(Italy)<\/li>\n<li><a href=\"https:\/\/www.tice.pt\/\" target=\"_blank\" rel=\"noopener noreferrer\">TICE.PT<\/a>\u00a0(Portugal)<\/li>\n<li><a href=\"http:\/\/www.balticnet-plasmatec.org\/\" target=\"_blank\" rel=\"noopener noreferrer\">BalticNet-PlasmaTec e.V.<\/a>\u00a0(Germany)<\/li>\n<\/ul>\n<p>&nbsp;<\/p>\n<h4><strong>Communication :<\/strong><\/h4>\n<p>&nbsp;<\/p>\n<ol>\n<li>Official Website\u00a0 <a href=\"https:\/\/digitalindustryalliance.eu\/\" target=\"_blank\" rel=\"noopener noreferrer\">HERE<\/a><\/li>\n<li><span style=\"font-size: 1rem;\">Digital Industry Alliance (DIA) Newsletter July 2018 \u2013\u00a0\u00a0<\/span><a style=\"font-size: 1rem;\" href=\"https:\/\/www.aktantis.com\/wp-content\/uploads\/2018\/07\/DIA-newsletter-July-2018.pdf\" target=\"_blank\" rel=\"noopener noreferrer\">HERE<\/a><\/li>\n<li><span style=\"font-size: 1rem;\">Digital Industry Alliance (DIA) Newsletter July 2018 \u2013\u00a0\u00a0<\/span><a href=\"https:\/\/www.aktantis.com\/wp-content\/uploads\/2019\/07\/DIA-news-letter-3-Summer-2019.pdf\" target=\"_blank\" rel=\"noopener noreferrer\">HERE<\/a><\/li>\n<\/ol>\n<p>&nbsp;<\/p>\n<h4><strong>Contact :<\/strong><\/h4>\n<p>&nbsp;<\/p>\n<p>Marielle Campanella &#8211; <a href=\"mailto:marielle.campanella@aktantis.com\">marielle.campanella@aktantis.com<\/a><\/p>\n<p>&nbsp;<\/p>\n<p style=\"text-align: center;\"><em>The DIA project has received funding from the European Union\u2019s Cosme\u00a0 programme under grant agreement n\u00b0 783390<\/em><\/p>\n<p style=\"text-align: center;\">\u00a0 \u00a0 \u00a0 \u00a0 <img loading=\"lazy\" decoding=\"async\" class=\"aligncenter wp-image-91158305 size-medium\" src=\"https:\/\/www.aktantis.com\/wp-content\/uploads\/2022\/04\/europe-cosme-300x62.png\" alt=\"\" width=\"300\" height=\"62\" srcset=\"https:\/\/www.aktantis.com\/wp-content\/uploads\/2022\/04\/europe-cosme-300x62.png 300w, https:\/\/www.aktantis.com\/wp-content\/uploads\/2022\/04\/europe-cosme-1024x211.png 1024w, https:\/\/www.aktantis.com\/wp-content\/uploads\/2022\/04\/europe-cosme-768x158.png 768w, https:\/\/www.aktantis.com\/wp-content\/uploads\/2022\/04\/europe-cosme-1536x316.png 1536w, https:\/\/www.aktantis.com\/wp-content\/uploads\/2022\/04\/europe-cosme-2048x422.png 2048w, https:\/\/www.aktantis.com\/wp-content\/uploads\/2022\/04\/europe-cosme-160x33.png 160w, https:\/\/www.aktantis.com\/wp-content\/uploads\/2022\/04\/europe-cosme-432x89.png 432w\" sizes=\"auto, (max-width: 300px) 100vw, 300px\" \/><\/p>\n<p>[\/vc_column_text][\/vc_column][\/vc_row]<\/p>\n<\/div>","protected":false},"excerpt":{"rendered":"<p>[vc_row][vc_column][vc_column_text]<br \/>\nEuropean Digital Industry Alliance (DIA)<\/p>\n<p>SCS Cluster is coordinator of DIA &#8211; European Digital Industry Alliance project.<br \/>\nThe main objective of the project is to build-up a&#8230;<\/p>\n","protected":false},"author":1287,"featured_media":0,"parent":0,"menu_order":0,"comment_status":"closed","ping_status":"closed","template":"","meta":{"footnotes":""},"class_list":["post-91147688","page","type-page","status-publish","hentry"],"yoast_head":"<!-- This site is optimized with the Yoast SEO plugin v25.8 - https:\/\/yoast.com\/wordpress\/plugins\/seo\/ -->\n<title>DIA<\/title>\n<meta name=\"description\" content=\"The main objective of the project is to build-up a partnership of world leading clusters to\u00a0configure a \u201cEuropean Strategic Cluster Partnership \u2013 Going International\u201d focused on internationalization of digital technologies applied to manufacturing and industry (also called \u201cIndustry 4.0\u201d).\" \/>\n<meta name=\"robots\" content=\"index, follow, max-snippet:-1, max-image-preview:large, max-video-preview:-1\" \/>\n<link rel=\"canonical\" href=\"https:\/\/www.aktantis.com\/en\/dia\/\" \/>\n<meta property=\"og:locale\" content=\"en_US\" \/>\n<meta property=\"og:type\" content=\"article\" \/>\n<meta property=\"og:title\" content=\"DIA\" \/>\n<meta property=\"og:description\" content=\"The main objective of the project is to build-up a partnership of world leading clusters to\u00a0configure a \u201cEuropean Strategic Cluster Partnership \u2013 Going International\u201d focused on internationalization of digital technologies applied to manufacturing and industry (also called \u201cIndustry 4.0\u201d).\" \/>\n<meta property=\"og:url\" content=\"https:\/\/www.aktantis.com\/en\/dia\/\" \/>\n<meta property=\"og:site_name\" content=\"AKTANTIS\" \/>\n<meta property=\"article:publisher\" content=\"https:\/\/www.facebook.com\/PoleSCS\/\" \/>\n<meta property=\"article:modified_time\" content=\"2022-04-14T12:01:46+00:00\" \/>\n<meta property=\"og:image\" content=\"https:\/\/www.aktantis.com\/wp-content\/uploads\/2022\/04\/DIA-300x236.jpg\" \/>\n<meta name=\"twitter:card\" content=\"summary_large_image\" \/>\n<meta name=\"twitter:site\" content=\"@Pole_SCS\" \/>\n<script type=\"application\/ld+json\" class=\"yoast-schema-graph\">{\"@context\":\"https:\/\/schema.org\",\"@graph\":[{\"@type\":\"WebPage\",\"@id\":\"https:\/\/www.aktantis.com\/en\/dia\/\",\"url\":\"https:\/\/www.aktantis.com\/en\/dia\/\",\"name\":\"DIA\",\"isPartOf\":{\"@id\":\"https:\/\/www.aktantis.com\/#website\"},\"primaryImageOfPage\":{\"@id\":\"https:\/\/www.aktantis.com\/en\/dia\/#primaryimage\"},\"image\":{\"@id\":\"https:\/\/www.aktantis.com\/en\/dia\/#primaryimage\"},\"thumbnailUrl\":\"https:\/\/www.aktantis.com\/wp-content\/uploads\/2022\/04\/DIA-300x236.jpg\",\"datePublished\":\"2020-04-09T13:11:39+00:00\",\"dateModified\":\"2022-04-14T12:01:46+00:00\",\"description\":\"The main objective of the project is to build-up a partnership of world leading clusters to\u00a0configure a \u201cEuropean Strategic Cluster Partnership \u2013 Going International\u201d focused on internationalization of digital technologies applied to manufacturing and industry (also called \u201cIndustry 4.0\u201d).\",\"breadcrumb\":{\"@id\":\"https:\/\/www.aktantis.com\/en\/dia\/#breadcrumb\"},\"inLanguage\":\"en-US\",\"potentialAction\":[{\"@type\":\"ReadAction\",\"target\":[\"https:\/\/www.aktantis.com\/en\/dia\/\"]}]},{\"@type\":\"ImageObject\",\"inLanguage\":\"en-US\",\"@id\":\"https:\/\/www.aktantis.com\/en\/dia\/#primaryimage\",\"url\":\"https:\/\/www.aktantis.com\/wp-content\/uploads\/2022\/04\/DIA-300x236.jpg\",\"contentUrl\":\"https:\/\/www.aktantis.com\/wp-content\/uploads\/2022\/04\/DIA-300x236.jpg\"},{\"@type\":\"BreadcrumbList\",\"@id\":\"https:\/\/www.aktantis.com\/en\/dia\/#breadcrumb\",\"itemListElement\":[{\"@type\":\"ListItem\",\"position\":1,\"name\":\"Accueil\",\"item\":\"https:\/\/www.aktantis.com\/en\/\"},{\"@type\":\"ListItem\",\"position\":2,\"name\":\"DIA\"}]},{\"@type\":\"WebSite\",\"@id\":\"https:\/\/www.aktantis.com\/#website\",\"url\":\"https:\/\/www.aktantis.com\/\",\"name\":\"AKTANTIS\",\"description\":\"1er \u00e9cosyst\u00e8me europ\u00e9en\",\"publisher\":{\"@id\":\"https:\/\/www.aktantis.com\/#organization\"},\"potentialAction\":[{\"@type\":\"SearchAction\",\"target\":{\"@type\":\"EntryPoint\",\"urlTemplate\":\"https:\/\/www.aktantis.com\/?s={search_term_string}\"},\"query-input\":{\"@type\":\"PropertyValueSpecification\",\"valueRequired\":true,\"valueName\":\"search_term_string\"}}],\"inLanguage\":\"en-US\"},{\"@type\":\"Organization\",\"@id\":\"https:\/\/www.aktantis.com\/#organization\",\"name\":\"Aktantis\",\"url\":\"https:\/\/www.aktantis.com\/\",\"logo\":{\"@type\":\"ImageObject\",\"inLanguage\":\"en-US\",\"@id\":\"https:\/\/www.aktantis.com\/#\/schema\/logo\/image\/\",\"url\":\"https:\/\/www.aktantis.com\/wp-content\/uploads\/2018\/03\/cropped-logo_scs.png\",\"contentUrl\":\"https:\/\/www.aktantis.com\/wp-content\/uploads\/2018\/03\/cropped-logo_scs.png\",\"width\":720,\"height\":250,\"caption\":\"Aktantis\"},\"image\":{\"@id\":\"https:\/\/www.aktantis.com\/#\/schema\/logo\/image\/\"},\"sameAs\":[\"https:\/\/www.facebook.com\/PoleSCS\/\",\"https:\/\/x.com\/Pole_SCS\",\"https:\/\/www.linkedin.com\/company\/pole-scs\/\"]}]}<\/script>\n<!-- \/ Yoast SEO plugin. -->","yoast_head_json":{"title":"DIA","description":"The main objective of the project is to build-up a partnership of world leading clusters to\u00a0configure a \u201cEuropean Strategic Cluster Partnership \u2013 Going International\u201d focused on internationalization of digital technologies applied to manufacturing and industry (also called \u201cIndustry 4.0\u201d).","robots":{"index":"index","follow":"follow","max-snippet":"max-snippet:-1","max-image-preview":"max-image-preview:large","max-video-preview":"max-video-preview:-1"},"canonical":"https:\/\/www.aktantis.com\/en\/dia\/","og_locale":"en_US","og_type":"article","og_title":"DIA","og_description":"The main objective of the project is to build-up a partnership of world leading clusters to\u00a0configure a \u201cEuropean Strategic Cluster Partnership \u2013 Going International\u201d focused on internationalization of digital technologies applied to manufacturing and industry (also called \u201cIndustry 4.0\u201d).","og_url":"https:\/\/www.aktantis.com\/en\/dia\/","og_site_name":"AKTANTIS","article_publisher":"https:\/\/www.facebook.com\/PoleSCS\/","article_modified_time":"2022-04-14T12:01:46+00:00","og_image":[{"url":"https:\/\/www.aktantis.com\/wp-content\/uploads\/2022\/04\/DIA-300x236.jpg","type":"","width":"","height":""}],"twitter_card":"summary_large_image","twitter_site":"@Pole_SCS","schema":{"@context":"https:\/\/schema.org","@graph":[{"@type":"WebPage","@id":"https:\/\/www.aktantis.com\/en\/dia\/","url":"https:\/\/www.aktantis.com\/en\/dia\/","name":"DIA","isPartOf":{"@id":"https:\/\/www.aktantis.com\/#website"},"primaryImageOfPage":{"@id":"https:\/\/www.aktantis.com\/en\/dia\/#primaryimage"},"image":{"@id":"https:\/\/www.aktantis.com\/en\/dia\/#primaryimage"},"thumbnailUrl":"https:\/\/www.aktantis.com\/wp-content\/uploads\/2022\/04\/DIA-300x236.jpg","datePublished":"2020-04-09T13:11:39+00:00","dateModified":"2022-04-14T12:01:46+00:00","description":"The main objective of the project is to build-up a partnership of world leading clusters to\u00a0configure a \u201cEuropean Strategic Cluster Partnership \u2013 Going International\u201d focused on internationalization of digital technologies applied to manufacturing and industry (also called \u201cIndustry 4.0\u201d).","breadcrumb":{"@id":"https:\/\/www.aktantis.com\/en\/dia\/#breadcrumb"},"inLanguage":"en-US","potentialAction":[{"@type":"ReadAction","target":["https:\/\/www.aktantis.com\/en\/dia\/"]}]},{"@type":"ImageObject","inLanguage":"en-US","@id":"https:\/\/www.aktantis.com\/en\/dia\/#primaryimage","url":"https:\/\/www.aktantis.com\/wp-content\/uploads\/2022\/04\/DIA-300x236.jpg","contentUrl":"https:\/\/www.aktantis.com\/wp-content\/uploads\/2022\/04\/DIA-300x236.jpg"},{"@type":"BreadcrumbList","@id":"https:\/\/www.aktantis.com\/en\/dia\/#breadcrumb","itemListElement":[{"@type":"ListItem","position":1,"name":"Accueil","item":"https:\/\/www.aktantis.com\/en\/"},{"@type":"ListItem","position":2,"name":"DIA"}]},{"@type":"WebSite","@id":"https:\/\/www.aktantis.com\/#website","url":"https:\/\/www.aktantis.com\/","name":"AKTANTIS","description":"1er \u00e9cosyst\u00e8me europ\u00e9en","publisher":{"@id":"https:\/\/www.aktantis.com\/#organization"},"potentialAction":[{"@type":"SearchAction","target":{"@type":"EntryPoint","urlTemplate":"https:\/\/www.aktantis.com\/?s={search_term_string}"},"query-input":{"@type":"PropertyValueSpecification","valueRequired":true,"valueName":"search_term_string"}}],"inLanguage":"en-US"},{"@type":"Organization","@id":"https:\/\/www.aktantis.com\/#organization","name":"Aktantis","url":"https:\/\/www.aktantis.com\/","logo":{"@type":"ImageObject","inLanguage":"en-US","@id":"https:\/\/www.aktantis.com\/#\/schema\/logo\/image\/","url":"https:\/\/www.aktantis.com\/wp-content\/uploads\/2018\/03\/cropped-logo_scs.png","contentUrl":"https:\/\/www.aktantis.com\/wp-content\/uploads\/2018\/03\/cropped-logo_scs.png","width":720,"height":250,"caption":"Aktantis"},"image":{"@id":"https:\/\/www.aktantis.com\/#\/schema\/logo\/image\/"},"sameAs":["https:\/\/www.facebook.com\/PoleSCS\/","https:\/\/x.com\/Pole_SCS","https:\/\/www.linkedin.com\/company\/pole-scs\/"]}]}},"_links":{"self":[{"href":"https:\/\/www.aktantis.com\/en\/wp-json\/wp\/v2\/pages\/91147688","targetHints":{"allow":["GET"]}}],"collection":[{"href":"https:\/\/www.aktantis.com\/en\/wp-json\/wp\/v2\/pages"}],"about":[{"href":"https:\/\/www.aktantis.com\/en\/wp-json\/wp\/v2\/types\/page"}],"author":[{"embeddable":true,"href":"https:\/\/www.aktantis.com\/en\/wp-json\/wp\/v2\/users\/1287"}],"replies":[{"embeddable":true,"href":"https:\/\/www.aktantis.com\/en\/wp-json\/wp\/v2\/comments?post=91147688"}],"version-history":[{"count":4,"href":"https:\/\/www.aktantis.com\/en\/wp-json\/wp\/v2\/pages\/91147688\/revisions"}],"predecessor-version":[{"id":91158327,"href":"https:\/\/www.aktantis.com\/en\/wp-json\/wp\/v2\/pages\/91147688\/revisions\/91158327"}],"wp:attachment":[{"href":"https:\/\/www.aktantis.com\/en\/wp-json\/wp\/v2\/media?parent=91147688"}],"curies":[{"name":"wp","href":"https:\/\/api.w.org\/{rel}","templated":true}]}}