{"id":91147685,"date":"2020-04-08T10:45:46","date_gmt":"2020-04-08T08:45:46","guid":{"rendered":"https:\/\/www.aktantis.com\/?page_id=91147685"},"modified":"2023-05-09T16:53:43","modified_gmt":"2023-05-09T14:53:43","slug":"iot4industry","status":"publish","type":"page","link":"https:\/\/www.aktantis.com\/en\/innovation\/europe\/iot4industry\/","title":{"rendered":"IoT4Industry"},"content":{"rendered":"<div class=\"wpb-content-wrapper\"><p>[vc_row][vc_column][vc_column_text]<\/p>\n<h3 style=\"text-align: center;\">INTERNET OF THINGS FOR INDUSTRY<\/h3>\n<p>&nbsp;<\/p>\n<p><img loading=\"lazy\" decoding=\"async\" class=\"aligncenter wp-image-91158284 size-full\" src=\"https:\/\/www.aktantis.com\/wp-content\/uploads\/2022\/04\/32369_IOT4INDUSTRY_Logo_2c.jpg\" alt=\"\" width=\"487\" height=\"120\" srcset=\"https:\/\/www.aktantis.com\/wp-content\/uploads\/2022\/04\/32369_IOT4INDUSTRY_Logo_2c.jpg 487w, https:\/\/www.aktantis.com\/wp-content\/uploads\/2022\/04\/32369_IOT4INDUSTRY_Logo_2c-300x74.jpg 300w, https:\/\/www.aktantis.com\/wp-content\/uploads\/2022\/04\/32369_IOT4INDUSTRY_Logo_2c-160x39.jpg 160w, https:\/\/www.aktantis.com\/wp-content\/uploads\/2022\/04\/32369_IOT4INDUSTRY_Logo_2c-361x89.jpg 361w\" sizes=\"auto, (max-width: 487px) 100vw, 487px\" \/><\/p>\n<p>The IoT4Industry project supported EU growth and competitiveness through the development of a new cross-sectoral industrial value chain based on the integration and use of Internet of Things (IoT) and related components (Digital Security, Cloud Computing, Big Data, Artificial Intelligence, Communication networks, sensors, chips, electronics component, etc.) into manufacturing tools, machines and robots, industrial processes, factories environment, supply chain, intra logistics &amp; logistics 4.0, product life cycle, smart packaging, etc. through the cross-border collaboration between SMEs and other RDI actors of the ICT and advanced manufacturing sectors.<\/p>\n<p>The project brought together 3 Information and Communication Technologies clusters having strong competences in IoT with 4 Advanced Manufacturing clusters having access to tool manufacturers and manufacturing SMEs.<\/p>\n<p>The project provided support services and funding to develop collaborative projects. The services included matchmaking and project support. In total, more than <strong>3.6<\/strong> million euros funding was allocated to <strong>77<\/strong> European SMEs in <strong>39<\/strong> innovative projects (feasibility studies, prototyping, demonstrators), from <strong>17<\/strong> European countries and <strong>20<\/strong> industrial sectors, through 2 calls for projects, and the support services were provided by the consortium partners through calls for expression of interest.<\/p>\n<p>&nbsp;<\/p>\n<p><iframe loading=\"lazy\" title=\"IoT4industry 2020 \u2014 Final project video\" width=\"525\" height=\"295\" src=\"https:\/\/www.youtube.com\/embed\/lyFglrSJrPg?feature=oembed\" frameborder=\"0\" allow=\"accelerometer; autoplay; clipboard-write; encrypted-media; gyroscope; picture-in-picture; web-share\" referrerpolicy=\"strict-origin-when-cross-origin\" allowfullscreen><\/iframe><\/p>\n<p>&nbsp;<\/p>\n<p>More information on the project results: <a href=\"https:\/\/www.aktantis.com\/2021\/01\/25\/iot4industry-clap-de-fin-pour-le-projet-europeen-pilote-par-scs\/\" target=\"_blank\" rel=\"noopener\">HERE<\/a><\/p>\n<p>Discover the supported projects: <a href=\"https:\/\/www.youtube.com\/playlist?list=PLxfW-9saC7Kco9SdtChZDXOaMuqpk0zaR\" target=\"_blank\" rel=\"noopener\">HERE<\/a><\/p>\n<p>&nbsp;<\/p>\n<p>The project was awarded \u201c<em><strong>European Cluster Partnership of the Year<\/strong><\/em>\u201d by the European Commission at the ECCP EU Cluster Conference on 11 November 2020. More information <a href=\"https:\/\/www.aktantis.com\/wp-content\/uploads\/2021\/03\/CP-Pole-SCS-IoT4Industry-Award-2020-VF.pdf\" target=\"_blank\" rel=\"noopener\">HERE<\/a><\/p>\n<p>&nbsp;<\/p>\n<h4><strong>Events :<\/strong><\/h4>\n<p>&nbsp;<\/p>\n<ul>\n<li>14th September 2018, Turin &#8211; IoT4Industry call launch and matchmaking opportunities &#8211; More information<span style=\"font-size: 1rem;\">\u00a0<a href=\"https:\/\/www.mesap.it\/wp-content\/uploads\/DwnVer-4-1.pdf\" target=\"_blank\" rel=\"noopener noreferrer\">HERE<\/a><\/span><\/li>\n<li>27 September 2018, Brignoles, Training session<\/li>\n<li>6 &#8211; 7 November 2018, Industria, Nice<\/li>\n<li>5 February 2019, Brussels, EU Industry Days<\/li>\n<li>26 March 2019, Marignane, Training session<\/li>\n<li>2 April 2019, Hannover Messe, Germany, Launch of second call and matchmaking opportunities<\/li>\n<li>24 April 2019, Carros, Training session<\/li>\n<li>4 November 2019, MTC Digitalising Manufacturing Conference, Coventry, UK<\/li>\n<li>5-6 October 2020, MTC Digitalising Manufacturing Online Conference, final even<\/li>\n<\/ul>\n<p>&nbsp;<\/p>\n<h4><strong>Project Details :<\/strong><\/h4>\n<p>&nbsp;<\/p>\n<ul>\n<li>Programm : Horizon 2020 &#8211; INNOSUP<\/li>\n<li>Duration : 1\/04\/2018 &#8211; 31\/12\/2020<\/li>\n<li>Coordinator : SCS Cluster<\/li>\n<\/ul>\n<p>&nbsp;<\/p>\n<h4><strong>Partnership :<\/strong><\/h4>\n<p>&nbsp;<\/p>\n<ul>\n<li><a href=\"https:\/\/www.microtec-suedwest.de\/\" target=\"_blank\" rel=\"noopener noreferrer\">MicroTech S\u00fcdWest e.V.<\/a> (Allemagne)<\/li>\n<li><a href=\"http:\/\/www.dspvalley.com\/\" target=\"_blank\" rel=\"noopener noreferrer\">DSP Valley<\/a> (Belgique)<\/li>\n<li><a href=\"https:\/\/www.mesap.it\" target=\"_blank\" rel=\"noopener noreferrer\">MESAP Innovation Cluster<\/a>\u00a0(Italie)<\/li>\n<li><a href=\"http:\/\/www.montblancindustries.com\/\" target=\"_blank\" rel=\"noopener noreferrer\">Mont Blanc Industries<\/a> (France)<\/li>\n<li><a href=\"https:\/\/www.polemecatech.be\/fr\/\" target=\"_blank\" rel=\"noopener noreferrer\">P\u00f4le MecaTech<\/a> (Belgique)<\/li>\n<li><a href=\"http:\/\/www.the-mtc.org\/\" target=\"_blank\" rel=\"noopener noreferrer\">Manufacturing Technology Centre<\/a> (Royaume-Uni)<\/li>\n<li><a href=\"https:\/\/www.inno-tsd.fr\/fr\" target=\"_blank\" rel=\"noopener noreferrer\">inno TSD<\/a> (France)<\/li>\n<\/ul>\n<p>&nbsp;<\/p>\n<h4><strong>Communication :<\/strong><\/h4>\n<p>&nbsp;<\/p>\n<ol>\n<li>Website<a href=\"http:\/\/www.iot4industry.eu\" target=\"_blank\" rel=\"noopener noreferrer\">\u00a0HERE<\/a><\/li>\n<li>Newsletter July 2018 &#8211; <a href=\"https:\/\/www.clustercollaboration.eu\/sites\/default\/files\/profile-article\/iot4industry_newsletter1.pdf\" target=\"_blank\" rel=\"noopener noreferrer\">HERE<\/a><\/li>\n<li>Newsletter September 2018 &#8211; <a href=\"https:\/\/www.aktantis.com\/wp-content\/uploads\/2018\/09\/IoT4Industry_newsletter2_REV.pdf\" target=\"_blank\" rel=\"noopener noreferrer\">HERE<\/a><\/li>\n<li>Video Presentation by MTC &#8211; <a href=\"https:\/\/dms.licdn.com\/playback\/C5605AQGn4oNpb6ikqA\/54f6c722da43407dbfc1688ee2324847\/feedshare-mp4_3300-captions-thumbnails\/1507940147251-drlcss?e=1538226000&amp;v=beta&amp;t=lZVcY1MMOgxTi1JNU_3YXgBPUpX0dI2jzMqZECv729M\" target=\"_blank\" rel=\"noopener noreferrer\">HERE<\/a><\/li>\n<\/ol>\n<p>&nbsp;<\/p>\n<h4><strong>Contact :<\/strong><\/h4>\n<p>&nbsp;<\/p>\n<p>Marielle Campanella &#8211; <a href=\"mailto:marielle.campanella@aktantis.com\">marielle.campanella@aktantis.com<\/a><\/p>\n<p>&nbsp;<\/p>\n<p style=\"text-align: center;\"><em>This project has received funding from the European Union\u2019s Horizon 2020 research and innovation programme under grant agreement No 777455<\/em><\/p>\n<p style=\"text-align: center;\">\u00a0\u00a0 <img loading=\"lazy\" decoding=\"async\" class=\"alignnone size-full wp-image-91149231\" src=\"https:\/\/www.aktantis.com\/wp-content\/uploads\/2021\/03\/eu-flag-82x55-1.png\" alt=\"\" width=\"82\" height=\"55\" \/><\/p>\n<p>[\/vc_column_text][\/vc_column][\/vc_row]<\/p>\n<\/div>","protected":false},"excerpt":{"rendered":"<p>[vc_row][vc_column][vc_column_text]<br \/>\nINTERNET OF THINGS FOR INDUSTRY<br \/>\n&nbsp;<\/p>\n<p>The IoT4Industry project supported EU growth and competitiveness through the development of a new cross-sectoral industrial value chain based on the&#8230;<\/p>\n","protected":false},"author":1287,"featured_media":0,"parent":91148705,"menu_order":0,"comment_status":"closed","ping_status":"closed","template":"","meta":{"footnotes":""},"class_list":["post-91147685","page","type-page","status-publish","hentry"],"yoast_head":"<!-- This site is optimized with the Yoast SEO plugin v25.8 - https:\/\/yoast.com\/wordpress\/plugins\/seo\/ -->\n<title>IoT4Industry<\/title>\n<meta name=\"description\" content=\"The IoT4Industry project seeks to support EU growth and competitiveness through the development of a new cross-sectoral industrial value chain based on the integration and use of Internet of Things (IoT) and related components (Digital Security, Cloud Computing, Big Data, Artificial Intelligence, Communication networks, sensors, chips, electronics component, etc.) into manufacturing tools, machines and robots, industrial processes, factories environment, supply chain, intra\u00a0 logistics &amp; logistics 4.0, product life cycle, smart packaging, etc.\" \/>\n<meta name=\"robots\" content=\"index, follow, max-snippet:-1, max-image-preview:large, max-video-preview:-1\" \/>\n<link rel=\"canonical\" href=\"https:\/\/www.aktantis.com\/en\/iot4industry\/\" \/>\n<meta property=\"og:locale\" content=\"en_US\" \/>\n<meta property=\"og:type\" content=\"article\" \/>\n<meta property=\"og:title\" content=\"IoT4Industry\" \/>\n<meta property=\"og:description\" content=\"The IoT4Industry project seeks to support EU growth and competitiveness through the development of a new cross-sectoral industrial value chain based on the integration and use of Internet of Things (IoT) and related components (Digital Security, Cloud Computing, Big Data, Artificial Intelligence, Communication networks, sensors, chips, electronics component, etc.) into manufacturing tools, machines and robots, industrial processes, factories environment, supply chain, intra\u00a0 logistics &amp; logistics 4.0, product life cycle, smart packaging, etc.\" \/>\n<meta property=\"og:url\" content=\"https:\/\/www.aktantis.com\/en\/iot4industry\/\" \/>\n<meta property=\"og:site_name\" content=\"AKTANTIS\" \/>\n<meta property=\"article:publisher\" content=\"https:\/\/www.facebook.com\/PoleSCS\/\" \/>\n<meta property=\"article:modified_time\" content=\"2023-05-09T14:53:43+00:00\" \/>\n<meta property=\"og:image\" content=\"https:\/\/www.aktantis.com\/wp-content\/uploads\/2022\/04\/32369_IOT4INDUSTRY_Logo_2c.jpg\" \/>\n<meta name=\"twitter:card\" content=\"summary_large_image\" \/>\n<meta name=\"twitter:site\" content=\"@Pole_SCS\" \/>\n<script type=\"application\/ld+json\" class=\"yoast-schema-graph\">{\"@context\":\"https:\/\/schema.org\",\"@graph\":[{\"@type\":\"WebPage\",\"@id\":\"https:\/\/www.aktantis.com\/en\/iot4industry\/\",\"url\":\"https:\/\/www.aktantis.com\/en\/iot4industry\/\",\"name\":\"IoT4Industry\",\"isPartOf\":{\"@id\":\"https:\/\/www.aktantis.com\/#website\"},\"primaryImageOfPage\":{\"@id\":\"https:\/\/www.aktantis.com\/en\/iot4industry\/#primaryimage\"},\"image\":{\"@id\":\"https:\/\/www.aktantis.com\/en\/iot4industry\/#primaryimage\"},\"thumbnailUrl\":\"https:\/\/www.aktantis.com\/wp-content\/uploads\/2022\/04\/32369_IOT4INDUSTRY_Logo_2c.jpg\",\"datePublished\":\"2020-04-08T08:45:46+00:00\",\"dateModified\":\"2023-05-09T14:53:43+00:00\",\"description\":\"The IoT4Industry project seeks to support EU growth and competitiveness through the development of a new cross-sectoral industrial value chain based on the integration and use of Internet of Things (IoT) and related components (Digital Security, Cloud Computing, Big Data, Artificial Intelligence, Communication networks, sensors, chips, electronics component, etc.) into manufacturing tools, machines and robots, industrial processes, factories environment, supply chain, intra\u00a0 logistics & logistics 4.0, product life cycle, smart packaging, etc.\",\"breadcrumb\":{\"@id\":\"https:\/\/www.aktantis.com\/en\/iot4industry\/#breadcrumb\"},\"inLanguage\":\"en-US\",\"potentialAction\":[{\"@type\":\"ReadAction\",\"target\":[\"https:\/\/www.aktantis.com\/en\/iot4industry\/\"]}]},{\"@type\":\"ImageObject\",\"inLanguage\":\"en-US\",\"@id\":\"https:\/\/www.aktantis.com\/en\/iot4industry\/#primaryimage\",\"url\":\"https:\/\/www.aktantis.com\/wp-content\/uploads\/2022\/04\/32369_IOT4INDUSTRY_Logo_2c.jpg\",\"contentUrl\":\"https:\/\/www.aktantis.com\/wp-content\/uploads\/2022\/04\/32369_IOT4INDUSTRY_Logo_2c.jpg\"},{\"@type\":\"BreadcrumbList\",\"@id\":\"https:\/\/www.aktantis.com\/en\/iot4industry\/#breadcrumb\",\"itemListElement\":[{\"@type\":\"ListItem\",\"position\":1,\"name\":\"Accueil\",\"item\":\"https:\/\/www.aktantis.com\/en\/\"},{\"@type\":\"ListItem\",\"position\":2,\"name\":\"IoT4Industry\"}]},{\"@type\":\"WebSite\",\"@id\":\"https:\/\/www.aktantis.com\/#website\",\"url\":\"https:\/\/www.aktantis.com\/\",\"name\":\"AKTANTIS\",\"description\":\"1er \u00e9cosyst\u00e8me europ\u00e9en\",\"publisher\":{\"@id\":\"https:\/\/www.aktantis.com\/#organization\"},\"potentialAction\":[{\"@type\":\"SearchAction\",\"target\":{\"@type\":\"EntryPoint\",\"urlTemplate\":\"https:\/\/www.aktantis.com\/?s={search_term_string}\"},\"query-input\":{\"@type\":\"PropertyValueSpecification\",\"valueRequired\":true,\"valueName\":\"search_term_string\"}}],\"inLanguage\":\"en-US\"},{\"@type\":\"Organization\",\"@id\":\"https:\/\/www.aktantis.com\/#organization\",\"name\":\"Aktantis\",\"url\":\"https:\/\/www.aktantis.com\/\",\"logo\":{\"@type\":\"ImageObject\",\"inLanguage\":\"en-US\",\"@id\":\"https:\/\/www.aktantis.com\/#\/schema\/logo\/image\/\",\"url\":\"https:\/\/www.aktantis.com\/wp-content\/uploads\/2018\/03\/cropped-logo_scs.png\",\"contentUrl\":\"https:\/\/www.aktantis.com\/wp-content\/uploads\/2018\/03\/cropped-logo_scs.png\",\"width\":720,\"height\":250,\"caption\":\"Aktantis\"},\"image\":{\"@id\":\"https:\/\/www.aktantis.com\/#\/schema\/logo\/image\/\"},\"sameAs\":[\"https:\/\/www.facebook.com\/PoleSCS\/\",\"https:\/\/x.com\/Pole_SCS\",\"https:\/\/www.linkedin.com\/company\/pole-scs\/\"]}]}<\/script>\n<!-- \/ Yoast SEO plugin. -->","yoast_head_json":{"title":"IoT4Industry","description":"The IoT4Industry project seeks to support EU growth and competitiveness through the development of a new cross-sectoral industrial value chain based on the integration and use of Internet of Things (IoT) and related components (Digital Security, Cloud Computing, Big Data, Artificial Intelligence, Communication networks, sensors, chips, electronics component, etc.) into manufacturing tools, machines and robots, industrial processes, factories environment, supply chain, intra\u00a0 logistics & logistics 4.0, product life cycle, smart packaging, etc.","robots":{"index":"index","follow":"follow","max-snippet":"max-snippet:-1","max-image-preview":"max-image-preview:large","max-video-preview":"max-video-preview:-1"},"canonical":"https:\/\/www.aktantis.com\/en\/iot4industry\/","og_locale":"en_US","og_type":"article","og_title":"IoT4Industry","og_description":"The IoT4Industry project seeks to support EU growth and competitiveness through the development of a new cross-sectoral industrial value chain based on the integration and use of Internet of Things (IoT) and related components (Digital Security, Cloud Computing, Big Data, Artificial Intelligence, Communication networks, sensors, chips, electronics component, etc.) into manufacturing tools, machines and robots, industrial processes, factories environment, supply chain, intra\u00a0 logistics & logistics 4.0, product life cycle, smart packaging, etc.","og_url":"https:\/\/www.aktantis.com\/en\/iot4industry\/","og_site_name":"AKTANTIS","article_publisher":"https:\/\/www.facebook.com\/PoleSCS\/","article_modified_time":"2023-05-09T14:53:43+00:00","og_image":[{"url":"https:\/\/www.aktantis.com\/wp-content\/uploads\/2022\/04\/32369_IOT4INDUSTRY_Logo_2c.jpg","type":"","width":"","height":""}],"twitter_card":"summary_large_image","twitter_site":"@Pole_SCS","schema":{"@context":"https:\/\/schema.org","@graph":[{"@type":"WebPage","@id":"https:\/\/www.aktantis.com\/en\/iot4industry\/","url":"https:\/\/www.aktantis.com\/en\/iot4industry\/","name":"IoT4Industry","isPartOf":{"@id":"https:\/\/www.aktantis.com\/#website"},"primaryImageOfPage":{"@id":"https:\/\/www.aktantis.com\/en\/iot4industry\/#primaryimage"},"image":{"@id":"https:\/\/www.aktantis.com\/en\/iot4industry\/#primaryimage"},"thumbnailUrl":"https:\/\/www.aktantis.com\/wp-content\/uploads\/2022\/04\/32369_IOT4INDUSTRY_Logo_2c.jpg","datePublished":"2020-04-08T08:45:46+00:00","dateModified":"2023-05-09T14:53:43+00:00","description":"The IoT4Industry project seeks to support EU growth and competitiveness through the development of a new cross-sectoral industrial value chain based on the integration and use of Internet of Things (IoT) and related components (Digital Security, Cloud Computing, Big Data, Artificial Intelligence, Communication networks, sensors, chips, electronics component, etc.) into manufacturing tools, machines and robots, industrial processes, factories environment, supply chain, intra\u00a0 logistics & logistics 4.0, product life cycle, smart packaging, etc.","breadcrumb":{"@id":"https:\/\/www.aktantis.com\/en\/iot4industry\/#breadcrumb"},"inLanguage":"en-US","potentialAction":[{"@type":"ReadAction","target":["https:\/\/www.aktantis.com\/en\/iot4industry\/"]}]},{"@type":"ImageObject","inLanguage":"en-US","@id":"https:\/\/www.aktantis.com\/en\/iot4industry\/#primaryimage","url":"https:\/\/www.aktantis.com\/wp-content\/uploads\/2022\/04\/32369_IOT4INDUSTRY_Logo_2c.jpg","contentUrl":"https:\/\/www.aktantis.com\/wp-content\/uploads\/2022\/04\/32369_IOT4INDUSTRY_Logo_2c.jpg"},{"@type":"BreadcrumbList","@id":"https:\/\/www.aktantis.com\/en\/iot4industry\/#breadcrumb","itemListElement":[{"@type":"ListItem","position":1,"name":"Accueil","item":"https:\/\/www.aktantis.com\/en\/"},{"@type":"ListItem","position":2,"name":"IoT4Industry"}]},{"@type":"WebSite","@id":"https:\/\/www.aktantis.com\/#website","url":"https:\/\/www.aktantis.com\/","name":"AKTANTIS","description":"1er \u00e9cosyst\u00e8me europ\u00e9en","publisher":{"@id":"https:\/\/www.aktantis.com\/#organization"},"potentialAction":[{"@type":"SearchAction","target":{"@type":"EntryPoint","urlTemplate":"https:\/\/www.aktantis.com\/?s={search_term_string}"},"query-input":{"@type":"PropertyValueSpecification","valueRequired":true,"valueName":"search_term_string"}}],"inLanguage":"en-US"},{"@type":"Organization","@id":"https:\/\/www.aktantis.com\/#organization","name":"Aktantis","url":"https:\/\/www.aktantis.com\/","logo":{"@type":"ImageObject","inLanguage":"en-US","@id":"https:\/\/www.aktantis.com\/#\/schema\/logo\/image\/","url":"https:\/\/www.aktantis.com\/wp-content\/uploads\/2018\/03\/cropped-logo_scs.png","contentUrl":"https:\/\/www.aktantis.com\/wp-content\/uploads\/2018\/03\/cropped-logo_scs.png","width":720,"height":250,"caption":"Aktantis"},"image":{"@id":"https:\/\/www.aktantis.com\/#\/schema\/logo\/image\/"},"sameAs":["https:\/\/www.facebook.com\/PoleSCS\/","https:\/\/x.com\/Pole_SCS","https:\/\/www.linkedin.com\/company\/pole-scs\/"]}]}},"_links":{"self":[{"href":"https:\/\/www.aktantis.com\/en\/wp-json\/wp\/v2\/pages\/91147685","targetHints":{"allow":["GET"]}}],"collection":[{"href":"https:\/\/www.aktantis.com\/en\/wp-json\/wp\/v2\/pages"}],"about":[{"href":"https:\/\/www.aktantis.com\/en\/wp-json\/wp\/v2\/types\/page"}],"author":[{"embeddable":true,"href":"https:\/\/www.aktantis.com\/en\/wp-json\/wp\/v2\/users\/1287"}],"replies":[{"embeddable":true,"href":"https:\/\/www.aktantis.com\/en\/wp-json\/wp\/v2\/comments?post=91147685"}],"version-history":[{"count":13,"href":"https:\/\/www.aktantis.com\/en\/wp-json\/wp\/v2\/pages\/91147685\/revisions"}],"predecessor-version":[{"id":91164245,"href":"https:\/\/www.aktantis.com\/en\/wp-json\/wp\/v2\/pages\/91147685\/revisions\/91164245"}],"up":[{"embeddable":true,"href":"https:\/\/www.aktantis.com\/en\/wp-json\/wp\/v2\/pages\/91148705"}],"wp:attachment":[{"href":"https:\/\/www.aktantis.com\/en\/wp-json\/wp\/v2\/media?parent=91147685"}],"curies":[{"name":"wp","href":"https:\/\/api.w.org\/{rel}","templated":true}]}}