{"id":91146579,"date":"2020-02-14T14:49:51","date_gmt":"2020-02-14T13:49:51","guid":{"rendered":"https:\/\/www.aktantis.com\/offers\/innovation\/financement\/"},"modified":"2024-11-13T10:58:11","modified_gmt":"2024-11-13T09:58:11","slug":"funding","status":"publish","type":"page","link":"https:\/\/www.aktantis.com\/en\/innovation\/developing-financing-your-project\/funding\/","title":{"rendered":"Funding"},"content":{"rendered":"<div class=\"wpb-content-wrapper\"><p>[vc_row][vc_column][\/vc_column][\/vc_row][vc_row][vc_column width=&#8221;1\/6&#8243;][\/vc_column][vc_column width=&#8221;4\/6&#8243;][vc_single_image image=&#8221;91173880&#8243; img_size=&#8221;full&#8221; alignment=&#8221;center&#8221; css=&#8221;&#8221;][vc_column_text css=&#8221;&#8221;]<\/p>\n<h2 style=\"text-align: center;\">FUNDING<\/h2>\n<p>[\/vc_column_text][vc_column_text css=&#8221;.vc_custom_1731491828771{margin-top: 50px !important;}&#8221;]<\/p>\n<h3 style=\"text-align: center;\">HOW AKTANTIS CONTRIBUTES TO YOUR FUNDING:<\/h3>\n<p>[\/vc_column_text][vc_column_text css=&#8221;&#8221;]<\/p>\n<p style=\"text-align: center;\">Once your project has been selected, AKTANTIS contributes by various services to the financing package the most suited to your situation and the context of the project.<\/p>\n<p style=\"text-align: center;\"><span style=\"font-weight: 400;\">\u00a0<\/span><\/p>\n<p>[\/vc_column_text][\/vc_column][vc_column width=&#8221;1\/6&#8243;][\/vc_column][\/vc_row][vc_row][vc_column][vc_column_text]<\/p>\n<p style=\"text-align: center;\">Among the different financers:<\/p>\n<p>[\/vc_column_text][vc_column_text]<\/p>\n<p style=\"text-align: center;\"><div class=\"scs_acteurs\"><div class=\"acteur_area\"><div class=\"item item0\"><div class=\"logo-container\"><img loading=\"lazy\" decoding=\"async\" width=\"400\" height=\"400\" src=\"https:\/\/www.aktantis.com\/wp-content\/uploads\/2021\/04\/European-Innovation-Council.jpg\" class=\"attachment-post-thumbnail size-post-thumbnail wp-post-image\" alt=\"\" srcset=\"https:\/\/www.aktantis.com\/wp-content\/uploads\/2021\/04\/European-Innovation-Council.jpg 400w, https:\/\/www.aktantis.com\/wp-content\/uploads\/2021\/04\/European-Innovation-Council-300x300.jpg 300w, https:\/\/www.aktantis.com\/wp-content\/uploads\/2021\/04\/European-Innovation-Council-150x150.jpg 150w, https:\/\/www.aktantis.com\/wp-content\/uploads\/2021\/04\/European-Innovation-Council-160x160.jpg 160w, https:\/\/www.aktantis.com\/wp-content\/uploads\/2021\/04\/European-Innovation-Council-165x165.jpg 165w, https:\/\/www.aktantis.com\/wp-content\/uploads\/2021\/04\/European-Innovation-Council-89x89.jpg 89w, https:\/\/www.aktantis.com\/wp-content\/uploads\/2021\/04\/European-Innovation-Council-238x238.jpg 238w, https:\/\/www.aktantis.com\/wp-content\/uploads\/2021\/04\/European-Innovation-Council-100x100.jpg 100w\" sizes=\"auto, 100vw\" \/><div class=\"title\"><h5>European Innovation Council (EIC)<\/h5><\/div><\/div><\/div><div class=\"item item0\"><div class=\"logo-container\"><img loading=\"lazy\" decoding=\"async\" width=\"333\" height=\"152\" src=\"https:\/\/www.aktantis.com\/wp-content\/uploads\/2020\/02\/europe.png\" class=\"attachment-post-thumbnail size-post-thumbnail wp-post-image\" alt=\"\" srcset=\"https:\/\/www.aktantis.com\/wp-content\/uploads\/2020\/02\/europe.png 333w, https:\/\/www.aktantis.com\/wp-content\/uploads\/2020\/02\/europe-300x137.png 300w, https:\/\/www.aktantis.com\/wp-content\/uploads\/2020\/02\/europe-160x73.png 160w, https:\/\/www.aktantis.com\/wp-content\/uploads\/2020\/02\/europe-195x89.png 195w\" sizes=\"auto, 100vw\" \/><div class=\"title\"><h5>Commission Europ\u00e9enne<\/h5><\/div><\/div><\/div><div class=\"item item0\"><div class=\"logo-container\"><img loading=\"lazy\" decoding=\"async\" width=\"993\" height=\"1024\" src=\"https:\/\/www.aktantis.com\/wp-content\/uploads\/2018\/02\/LogoDGA.svg_-1-1-1-1.png\" class=\"attachment-post-thumbnail size-post-thumbnail wp-post-image\" alt=\"\" srcset=\"https:\/\/www.aktantis.com\/wp-content\/uploads\/2018\/02\/LogoDGA.svg_-1-1-1-1.png 993w, https:\/\/www.aktantis.com\/wp-content\/uploads\/2018\/02\/LogoDGA.svg_-1-1-1-1-291x300.png 291w, https:\/\/www.aktantis.com\/wp-content\/uploads\/2018\/02\/LogoDGA.svg_-1-1-1-1-768x792.png 768w, https:\/\/www.aktantis.com\/wp-content\/uploads\/2018\/02\/LogoDGA.svg_-1-1-1-1-155x160.png 155w, https:\/\/www.aktantis.com\/wp-content\/uploads\/2018\/02\/LogoDGA.svg_-1-1-1-1-86x89.png 86w\" sizes=\"auto, 100vw\" \/><div class=\"title\"><h5>DGA<\/h5><\/div><\/div><\/div><div class=\"item item0\"><div class=\"logo-container\"><img loading=\"lazy\" decoding=\"async\" width=\"318\" height=\"158\" src=\"https:\/\/www.aktantis.com\/wp-content\/uploads\/2020\/02\/aiforhumanity.png\" class=\"attachment-post-thumbnail size-post-thumbnail wp-post-image\" alt=\"\" srcset=\"https:\/\/www.aktantis.com\/wp-content\/uploads\/2020\/02\/aiforhumanity.png 318w, https:\/\/www.aktantis.com\/wp-content\/uploads\/2020\/02\/aiforhumanity-300x149.png 300w, https:\/\/www.aktantis.com\/wp-content\/uploads\/2020\/02\/aiforhumanity-160x79.png 160w, https:\/\/www.aktantis.com\/wp-content\/uploads\/2020\/02\/aiforhumanity-179x89.png 179w\" sizes=\"auto, 100vw\" \/><div class=\"title\"><h5>AI for Humanity<\/h5><\/div><\/div><\/div><div class=\"item item0\"><div class=\"logo-container\"><img loading=\"lazy\" decoding=\"async\" width=\"195\" height=\"80\" src=\"https:\/\/www.aktantis.com\/wp-content\/uploads\/2018\/02\/logo-bpi-2-1-1-1-1.jpg\" class=\"attachment-post-thumbnail size-post-thumbnail wp-post-image\" alt=\"\" srcset=\"https:\/\/www.aktantis.com\/wp-content\/uploads\/2018\/02\/logo-bpi-2-1-1-1-1.jpg 195w, https:\/\/www.aktantis.com\/wp-content\/uploads\/2018\/02\/logo-bpi-2-1-1-1-1-160x66.jpg 160w\" sizes=\"auto, 100vw\" \/><div class=\"title\"><h5>BPI France<\/h5><\/div><\/div><\/div><div class=\"item item0\"><div class=\"logo-container\"><img loading=\"lazy\" decoding=\"async\" width=\"515\" height=\"297\" src=\"https:\/\/www.aktantis.com\/wp-content\/uploads\/2021\/03\/Region-Sud.jpg\" class=\"attachment-post-thumbnail size-post-thumbnail wp-post-image\" alt=\"\" srcset=\"https:\/\/www.aktantis.com\/wp-content\/uploads\/2021\/03\/Region-Sud.jpg 515w, https:\/\/www.aktantis.com\/wp-content\/uploads\/2021\/03\/Region-Sud-300x173.jpg 300w, https:\/\/www.aktantis.com\/wp-content\/uploads\/2021\/03\/Region-Sud-160x92.jpg 160w, https:\/\/www.aktantis.com\/wp-content\/uploads\/2021\/03\/Region-Sud-154x89.jpg 154w\" sizes=\"auto, 100vw\" \/><div class=\"title\"><h5>R\u00e9gion Sud Provence Alpes C\u00f4te d&#8217;Azur<\/h5><\/div><\/div><\/div><div class=\"item item0\"><div class=\"logo-container\"><img loading=\"lazy\" decoding=\"async\" width=\"326\" height=\"155\" src=\"https:\/\/www.aktantis.com\/wp-content\/uploads\/2020\/02\/regions-de-france.png\" class=\"attachment-post-thumbnail size-post-thumbnail wp-post-image\" alt=\"\" srcset=\"https:\/\/www.aktantis.com\/wp-content\/uploads\/2020\/02\/regions-de-france.png 326w, https:\/\/www.aktantis.com\/wp-content\/uploads\/2020\/02\/regions-de-france-300x143.png 300w, https:\/\/www.aktantis.com\/wp-content\/uploads\/2020\/02\/regions-de-france-160x76.png 160w, https:\/\/www.aktantis.com\/wp-content\/uploads\/2020\/02\/regions-de-france-187x89.png 187w\" sizes=\"auto, 100vw\" \/><div class=\"title\"><h5>R\u00e9gions de France<\/h5><\/div><\/div><\/div><div class=\"item item0\"><div class=\"logo-container\"><img loading=\"lazy\" decoding=\"async\" width=\"225\" height=\"225\" src=\"https:\/\/www.aktantis.com\/wp-content\/uploads\/2020\/02\/investir-l-avenir.png\" class=\"attachment-post-thumbnail size-post-thumbnail wp-post-image\" alt=\"\" srcset=\"https:\/\/www.aktantis.com\/wp-content\/uploads\/2020\/02\/investir-l-avenir.png 225w, https:\/\/www.aktantis.com\/wp-content\/uploads\/2020\/02\/investir-l-avenir-150x150.png 150w, https:\/\/www.aktantis.com\/wp-content\/uploads\/2020\/02\/investir-l-avenir-160x160.png 160w, https:\/\/www.aktantis.com\/wp-content\/uploads\/2020\/02\/investir-l-avenir-165x165.png 165w, https:\/\/www.aktantis.com\/wp-content\/uploads\/2020\/02\/investir-l-avenir-89x89.png 89w, https:\/\/www.aktantis.com\/wp-content\/uploads\/2020\/02\/investir-l-avenir-100x100.png 100w\" sizes=\"auto, 100vw\" \/><div class=\"title\"><h5>Investir l&#8217;avenir<\/h5><\/div><\/div><\/div><div class=\"item item0\"><div class=\"logo-container\"><img loading=\"lazy\" decoding=\"async\" width=\"247\" height=\"204\" src=\"https:\/\/www.aktantis.com\/wp-content\/uploads\/2020\/02\/Prefet-PACA.jpg\" class=\"attachment-post-thumbnail size-post-thumbnail wp-post-image\" alt=\"\" srcset=\"https:\/\/www.aktantis.com\/wp-content\/uploads\/2020\/02\/Prefet-PACA.jpg 247w, https:\/\/www.aktantis.com\/wp-content\/uploads\/2020\/02\/Prefet-PACA-160x132.jpg 160w, https:\/\/www.aktantis.com\/wp-content\/uploads\/2020\/02\/Prefet-PACA-108x89.jpg 108w\" sizes=\"auto, 100vw\" \/><div class=\"title\"><h5>Pr\u00e9fet de la R\u00e9gion Provence-Alpes-C\u00f4te d&#8217;Azur<\/h5><\/div><\/div><\/div><div class=\"item item0\"><div class=\"logo-container\"><img loading=\"lazy\" decoding=\"async\" width=\"260\" height=\"80\" src=\"https:\/\/www.aktantis.com\/wp-content\/uploads\/2020\/02\/anr-logo-2021.png\" class=\"attachment-post-thumbnail size-post-thumbnail wp-post-image\" alt=\"\" srcset=\"https:\/\/www.aktantis.com\/wp-content\/uploads\/2020\/02\/anr-logo-2021.png 260w, https:\/\/www.aktantis.com\/wp-content\/uploads\/2020\/02\/anr-logo-2021-160x49.png 160w\" sizes=\"auto, 100vw\" \/><div class=\"title\"><h5>ANR<\/h5><\/div><\/div><\/div><\/div><\/div>\n<p>[\/vc_column_text][\/vc_column][\/vc_row][vc_row][vc_column][vc_column_text css=&#8221;.vc_custom_1520287547235{margin-bottom: 70px !important;}&#8221;]<\/p>\n<p style=\"text-align: left;\"><a class=\"btn-return\" href=\"https:\/\/www.aktantis.com\/en\/\">&lt; Back<\/a><\/p>\n<p>[\/vc_column_text][\/vc_column][\/vc_row][vc_row full_width=&#8221;stretch_row_content_no_spaces&#8221; equal_height=&#8221;yes&#8221; css=&#8221;.vc_custom_1731491871091{margin-top: 0px !important;margin-bottom: 0px !important;padding-top: 0px !important;padding-bottom: 0px !important;background-color: #F3F3F9 !important;}&#8221;][vc_column width=&#8221;1\/2&#8243; css=&#8221;.vc_custom_1519588854393{border-bottom-width: 0px !important;padding-top: 0px !important;padding-right: 0px !important;padding-left: 0px !important;}&#8221; offset=&#8221;vc_hidden-xs&#8221;][vc_column_text css=&#8221;.vc_custom_1731491861424{margin-top: 35px !important;margin-bottom: 35px !important;padding-top: 50px !important;padding-right: 10% !important;padding-bottom: 50px !important;}&#8221;]<\/p>\n<p style=\"text-align: right;\"><a class=\"shrtd-contact-icon\" href=\"https:\/\/www.aktantis.com\/en\/\/contact\/\" ><i class=\"icomoon icon-bubbles6\"><\/i><\/a><\/p>\n<h4 style=\"text-align: right; max-width: 400px; float: right;\">For more information on our FINANCING services, or to discuss your project upstream, contact us<\/h4>\n<p>[\/vc_column_text][\/vc_column][vc_column width=&#8221;1\/2&#8243; css=&#8221;.vc_custom_1520244792008{padding-top: 0px !important;padding-right: 0px !important;padding-bottom: 0px !important;padding-left: 0px !important;}&#8221;][vc_column_text css=&#8221;.vc_custom_1731491852136{margin-top: 70px !important;margin-bottom: 70px !important;border-left-width: 1px !important;padding-top: 0px !important;padding-right: 0px !important;padding-bottom: 0px !important;padding-left: 10% !important;border-left-style: solid !important;border-color: rgba(0,133,166,0.49) !important;}&#8221;]<\/p>\n<h2 style=\"text-align: left;\">YOUR CONTACTS<\/h2>\n<div class=\"portrait-contact shortcode clearfix\">\r\n                <img loading=\"lazy\" decoding=\"async\" width=\"165\" height=\"165\" src=\"https:\/\/www.aktantis.com\/wp-content\/uploads\/2024\/11\/19-165x165.jpg\" class=\"attachment-scs_equipe_portrait size-scs_equipe_portrait wp-post-image\" alt=\"\" srcset=\"https:\/\/www.aktantis.com\/wp-content\/uploads\/2024\/11\/19-165x165.jpg 165w, https:\/\/www.aktantis.com\/wp-content\/uploads\/2024\/11\/19-300x300.jpg 300w, https:\/\/www.aktantis.com\/wp-content\/uploads\/2024\/11\/19-150x150.jpg 150w, https:\/\/www.aktantis.com\/wp-content\/uploads\/2024\/11\/19-160x160.jpg 160w, https:\/\/www.aktantis.com\/wp-content\/uploads\/2024\/11\/19-89x89.jpg 89w, https:\/\/www.aktantis.com\/wp-content\/uploads\/2024\/11\/19-238x238.jpg 238w, https:\/\/www.aktantis.com\/wp-content\/uploads\/2024\/11\/19-100x100.jpg 100w, https:\/\/www.aktantis.com\/wp-content\/uploads\/2024\/11\/19.jpg 750w\" sizes=\"auto, 100vw\" \/>                <div class=\"infos\">\r\n                    <h4>G\u00e9rard MARTINEZ<\/h4>                    <p>Managing Director<\/p>\r\n                    <p class=\"contact\">\r\n                                                <i class=\"icon-mobile2\"><\/i><a href=\"tel:06 73 52 30 02\">06 73 52 30 02<\/a>                        <br\/>                        <i class=\"icon-envelop\"><\/i><a href=\"mailto:gerard.martinez@aktantis.com\">gerard.martinez@aktantis.com<\/a>                                            <\/p>\r\n                <\/div>\r\n            <\/div>\r\n                    <div class=\"portrait-contact shortcode clearfix\">\r\n                <img loading=\"lazy\" decoding=\"async\" width=\"165\" height=\"165\" src=\"https:\/\/www.aktantis.com\/wp-content\/uploads\/2018\/01\/nadira-linkedIn-165x165.jpg\" class=\"attachment-scs_equipe_portrait size-scs_equipe_portrait wp-post-image\" alt=\"\" srcset=\"https:\/\/www.aktantis.com\/wp-content\/uploads\/2018\/01\/nadira-linkedIn-165x165.jpg 165w, https:\/\/www.aktantis.com\/wp-content\/uploads\/2018\/01\/nadira-linkedIn-150x150.jpg 150w, https:\/\/www.aktantis.com\/wp-content\/uploads\/2018\/01\/nadira-linkedIn-238x238.jpg 238w, https:\/\/www.aktantis.com\/wp-content\/uploads\/2018\/01\/nadira-linkedIn-100x100.jpg 100w\" sizes=\"auto, 100vw\" \/>                <div class=\"infos\">\r\n                    <h4>Nadira LEPAGNOT<\/h4>                    <p>Innovation - French R&D projects<\/p>\r\n                    <p class=\"contact\">\r\n                                                <i class=\"icon-mobile2\"><\/i><a href=\"tel:+33 6 46 83 31 82\">+33 6 46 83 31 82<\/a>                        <br\/>                        <i class=\"icon-envelop\"><\/i><a href=\"mailto:nadira.lepagnot@aktantis.com\">nadira.lepagnot@aktantis.com<\/a>                                            <\/p>\r\n                <\/div>\r\n            <\/div>\r\n        [\/vc_column_text][\/vc_column][\/vc_row]<\/p>\n<\/div>","protected":false},"excerpt":{"rendered":"","protected":false},"author":2,"featured_media":0,"parent":91146617,"menu_order":0,"comment_status":"closed","ping_status":"closed","template":"","meta":{"footnotes":""},"class_list":["post-91146579","page","type-page","status-publish","hentry"],"yoast_head":"<!-- This site is optimized with the Yoast SEO plugin v25.8 - https:\/\/yoast.com\/wordpress\/plugins\/seo\/ -->\n<title>Help in Financing your Innovative Projects - AKTANTIS<\/title>\n<meta name=\"description\" content=\"AKTANTIS contributes by various services to the financing package the most adapted to your situation and the context of the project.\" \/>\n<meta name=\"robots\" content=\"index, follow, max-snippet:-1, max-image-preview:large, max-video-preview:-1\" \/>\n<link rel=\"canonical\" href=\"https:\/\/www.aktantis.com\/innovation\/developpement-financement-projet\/financement\/\" \/>\n<meta property=\"og:locale\" content=\"en_US\" \/>\n<meta property=\"og:type\" content=\"article\" \/>\n<meta property=\"og:title\" content=\"Help in Financing your Innovative Projects - AKTANTIS\" \/>\n<meta property=\"og:description\" content=\"AKTANTIS contributes by various services to the financing package the most adapted to your situation and the context of the project.\" \/>\n<meta property=\"og:url\" content=\"https:\/\/www.aktantis.com\/innovation\/developpement-financement-projet\/financement\/\" \/>\n<meta property=\"og:site_name\" content=\"AKTANTIS\" \/>\n<meta property=\"article:publisher\" content=\"https:\/\/www.facebook.com\/PoleSCS\/\" \/>\n<meta property=\"article:modified_time\" content=\"2024-11-13T09:58:11+00:00\" \/>\n<meta name=\"twitter:card\" content=\"summary_large_image\" \/>\n<meta name=\"twitter:site\" content=\"@Pole_SCS\" \/>\n<script type=\"application\/ld+json\" class=\"yoast-schema-graph\">{\"@context\":\"https:\/\/schema.org\",\"@graph\":[{\"@type\":\"WebPage\",\"@id\":\"https:\/\/www.aktantis.com\/innovation\/developpement-financement-projet\/financement\/\",\"url\":\"https:\/\/www.aktantis.com\/innovation\/developpement-financement-projet\/financement\/\",\"name\":\"Help in Financing your Innovative Projects - AKTANTIS\",\"isPartOf\":{\"@id\":\"https:\/\/www.aktantis.com\/#website\"},\"datePublished\":\"2020-02-14T13:49:51+00:00\",\"dateModified\":\"2024-11-13T09:58:11+00:00\",\"description\":\"AKTANTIS contributes by various services to the financing package the most adapted to your situation and the context of the project.\",\"breadcrumb\":{\"@id\":\"https:\/\/www.aktantis.com\/innovation\/developpement-financement-projet\/financement\/#breadcrumb\"},\"inLanguage\":\"en-US\",\"potentialAction\":[{\"@type\":\"ReadAction\",\"target\":[\"https:\/\/www.aktantis.com\/innovation\/developpement-financement-projet\/financement\/\"]}]},{\"@type\":\"BreadcrumbList\",\"@id\":\"https:\/\/www.aktantis.com\/innovation\/developpement-financement-projet\/financement\/#breadcrumb\",\"itemListElement\":[{\"@type\":\"ListItem\",\"position\":1,\"name\":\"Accueil\",\"item\":\"https:\/\/www.aktantis.com\/en\/\"},{\"@type\":\"ListItem\",\"position\":2,\"name\":\"Innovation\",\"item\":\"https:\/\/www.aktantis.com\/innovation\/\"},{\"@type\":\"ListItem\",\"position\":3,\"name\":\"Developing and financing your project\",\"item\":\"https:\/\/www.aktantis.com\/innovation\/developpement-financement-projet\/\"},{\"@type\":\"ListItem\",\"position\":4,\"name\":\"Funding\"}]},{\"@type\":\"WebSite\",\"@id\":\"https:\/\/www.aktantis.com\/#website\",\"url\":\"https:\/\/www.aktantis.com\/\",\"name\":\"AKTANTIS\",\"description\":\"1er \u00e9cosyst\u00e8me europ\u00e9en\",\"publisher\":{\"@id\":\"https:\/\/www.aktantis.com\/#organization\"},\"potentialAction\":[{\"@type\":\"SearchAction\",\"target\":{\"@type\":\"EntryPoint\",\"urlTemplate\":\"https:\/\/www.aktantis.com\/?s={search_term_string}\"},\"query-input\":{\"@type\":\"PropertyValueSpecification\",\"valueRequired\":true,\"valueName\":\"search_term_string\"}}],\"inLanguage\":\"en-US\"},{\"@type\":\"Organization\",\"@id\":\"https:\/\/www.aktantis.com\/#organization\",\"name\":\"Aktantis\",\"url\":\"https:\/\/www.aktantis.com\/\",\"logo\":{\"@type\":\"ImageObject\",\"inLanguage\":\"en-US\",\"@id\":\"https:\/\/www.aktantis.com\/#\/schema\/logo\/image\/\",\"url\":\"https:\/\/www.aktantis.com\/wp-content\/uploads\/2018\/03\/cropped-logo_scs.png\",\"contentUrl\":\"https:\/\/www.aktantis.com\/wp-content\/uploads\/2018\/03\/cropped-logo_scs.png\",\"width\":720,\"height\":250,\"caption\":\"Aktantis\"},\"image\":{\"@id\":\"https:\/\/www.aktantis.com\/#\/schema\/logo\/image\/\"},\"sameAs\":[\"https:\/\/www.facebook.com\/PoleSCS\/\",\"https:\/\/x.com\/Pole_SCS\",\"https:\/\/www.linkedin.com\/company\/pole-scs\/\"]}]}<\/script>\n<!-- \/ Yoast SEO plugin. -->","yoast_head_json":{"title":"Help in Financing your Innovative Projects - AKTANTIS","description":"AKTANTIS contributes by various services to the financing package the most adapted to your situation and the context of the project.","robots":{"index":"index","follow":"follow","max-snippet":"max-snippet:-1","max-image-preview":"max-image-preview:large","max-video-preview":"max-video-preview:-1"},"canonical":"https:\/\/www.aktantis.com\/innovation\/developpement-financement-projet\/financement\/","og_locale":"en_US","og_type":"article","og_title":"Help in Financing your Innovative Projects - AKTANTIS","og_description":"AKTANTIS contributes by various services to the financing package the most adapted to your situation and the context of the project.","og_url":"https:\/\/www.aktantis.com\/innovation\/developpement-financement-projet\/financement\/","og_site_name":"AKTANTIS","article_publisher":"https:\/\/www.facebook.com\/PoleSCS\/","article_modified_time":"2024-11-13T09:58:11+00:00","twitter_card":"summary_large_image","twitter_site":"@Pole_SCS","schema":{"@context":"https:\/\/schema.org","@graph":[{"@type":"WebPage","@id":"https:\/\/www.aktantis.com\/innovation\/developpement-financement-projet\/financement\/","url":"https:\/\/www.aktantis.com\/innovation\/developpement-financement-projet\/financement\/","name":"Help in Financing your Innovative Projects - AKTANTIS","isPartOf":{"@id":"https:\/\/www.aktantis.com\/#website"},"datePublished":"2020-02-14T13:49:51+00:00","dateModified":"2024-11-13T09:58:11+00:00","description":"AKTANTIS contributes by various services to the financing package the most adapted to your situation and the context of the project.","breadcrumb":{"@id":"https:\/\/www.aktantis.com\/innovation\/developpement-financement-projet\/financement\/#breadcrumb"},"inLanguage":"en-US","potentialAction":[{"@type":"ReadAction","target":["https:\/\/www.aktantis.com\/innovation\/developpement-financement-projet\/financement\/"]}]},{"@type":"BreadcrumbList","@id":"https:\/\/www.aktantis.com\/innovation\/developpement-financement-projet\/financement\/#breadcrumb","itemListElement":[{"@type":"ListItem","position":1,"name":"Accueil","item":"https:\/\/www.aktantis.com\/en\/"},{"@type":"ListItem","position":2,"name":"Innovation","item":"https:\/\/www.aktantis.com\/innovation\/"},{"@type":"ListItem","position":3,"name":"Developing and financing your project","item":"https:\/\/www.aktantis.com\/innovation\/developpement-financement-projet\/"},{"@type":"ListItem","position":4,"name":"Funding"}]},{"@type":"WebSite","@id":"https:\/\/www.aktantis.com\/#website","url":"https:\/\/www.aktantis.com\/","name":"AKTANTIS","description":"1er \u00e9cosyst\u00e8me europ\u00e9en","publisher":{"@id":"https:\/\/www.aktantis.com\/#organization"},"potentialAction":[{"@type":"SearchAction","target":{"@type":"EntryPoint","urlTemplate":"https:\/\/www.aktantis.com\/?s={search_term_string}"},"query-input":{"@type":"PropertyValueSpecification","valueRequired":true,"valueName":"search_term_string"}}],"inLanguage":"en-US"},{"@type":"Organization","@id":"https:\/\/www.aktantis.com\/#organization","name":"Aktantis","url":"https:\/\/www.aktantis.com\/","logo":{"@type":"ImageObject","inLanguage":"en-US","@id":"https:\/\/www.aktantis.com\/#\/schema\/logo\/image\/","url":"https:\/\/www.aktantis.com\/wp-content\/uploads\/2018\/03\/cropped-logo_scs.png","contentUrl":"https:\/\/www.aktantis.com\/wp-content\/uploads\/2018\/03\/cropped-logo_scs.png","width":720,"height":250,"caption":"Aktantis"},"image":{"@id":"https:\/\/www.aktantis.com\/#\/schema\/logo\/image\/"},"sameAs":["https:\/\/www.facebook.com\/PoleSCS\/","https:\/\/x.com\/Pole_SCS","https:\/\/www.linkedin.com\/company\/pole-scs\/"]}]}},"_links":{"self":[{"href":"https:\/\/www.aktantis.com\/en\/wp-json\/wp\/v2\/pages\/91146579","targetHints":{"allow":["GET"]}}],"collection":[{"href":"https:\/\/www.aktantis.com\/en\/wp-json\/wp\/v2\/pages"}],"about":[{"href":"https:\/\/www.aktantis.com\/en\/wp-json\/wp\/v2\/types\/page"}],"author":[{"embeddable":true,"href":"https:\/\/www.aktantis.com\/en\/wp-json\/wp\/v2\/users\/2"}],"replies":[{"embeddable":true,"href":"https:\/\/www.aktantis.com\/en\/wp-json\/wp\/v2\/comments?post=91146579"}],"version-history":[{"count":11,"href":"https:\/\/www.aktantis.com\/en\/wp-json\/wp\/v2\/pages\/91146579\/revisions"}],"predecessor-version":[{"id":91149757,"href":"https:\/\/www.aktantis.com\/en\/wp-json\/wp\/v2\/pages\/91146579\/revisions\/91149757"}],"up":[{"embeddable":true,"href":"https:\/\/www.aktantis.com\/en\/wp-json\/wp\/v2\/pages\/91146617"}],"wp:attachment":[{"href":"https:\/\/www.aktantis.com\/en\/wp-json\/wp\/v2\/media?parent=91146579"}],"curies":[{"name":"wp","href":"https:\/\/api.w.org\/{rel}","templated":true}]}}