{"id":91146559,"date":"2020-02-14T14:49:51","date_gmt":"2020-02-14T13:49:51","guid":{"rendered":"https:\/\/www.aktantis.com\/offers\/innovation\/emergence\/"},"modified":"2025-09-05T11:18:25","modified_gmt":"2025-09-05T09:18:25","slug":"emergence","status":"publish","type":"page","link":"https:\/\/www.aktantis.com\/en\/innovation\/developing-financing-your-project\/emergence\/","title":{"rendered":"Emergence"},"content":{"rendered":"<div class=\"wpb-content-wrapper\"><p>[vc_row][vc_column width=&#8221;1\/6&#8243;][\/vc_column][vc_column width=&#8221;4\/6&#8243;][vc_single_image image=&#8221;91173864&#8243; img_size=&#8221;full&#8221; alignment=&#8221;center&#8221; css=&#8221;&#8221;][vc_column_text css=&#8221;&#8221;]<\/p>\n<h2 style=\"text-align: center;\">EMERGENCE<\/h2>\n<p>[\/vc_column_text][vc_column_text css=&#8221;&#8221;]<\/p>\n<p style=\"text-align: center;\"><strong>Do you want to innovate?\u00a0<\/strong>Find out about the activities offered to broaden your network and increase innovation opportunities.<\/p>\n<p>[\/vc_column_text][\/vc_column][vc_column width=&#8221;1\/6&#8243;][\/vc_column][\/vc_row][vc_row][vc_column width=&#8221;1\/3&#8243;][vc_column_text css=&#8221;.vc_custom_1757062306124{margin-top: 50px !important;}&#8221;]<\/p>\n<h3 style=\"text-align: left;\">AKTANTIS SUPPORTS YOU IN FINDING PARTNERS FOR YOUR COLLABORATIVE PROJECT<\/h3>\n<p>[\/vc_column_text][vc_column_text css=&#8221;&#8221;]In <strong>collaborative project<\/strong>s, building the project and assembling a consortium can be time-consuming and may delay your funding application.<\/p>\n<p>In preparation for this process, AKTANTIS has made a form available<a href=\"https:\/\/forms.office.com\/Pages\/ResponsePage.aspx?id=pak3kWSrKEex1Pd170NW4uHN_StLVLNDnI5cf2YFO0dUQ0JJQjBIQlVKSkRSVU9VRUlHS1g5SEw5Qi4u&amp;wdLOR=c62F0F931-5DEA-4E55-861D-5582683F3AF4\"> HERE<\/a>, <strong>open to both members and non-members<\/strong>, to help us better understand your needs.<br data-start=\"592\" data-end=\"595\" \/>Once submitted, a member of our project team will be in touch to arrange an initial discussion.[\/vc_column_text][\/vc_column][vc_column width=&#8221;2\/3&#8243;][vc_column_text css=&#8221;.vc_custom_1757062494175{margin-top: 50px !important;}&#8221;]<\/p>\n<h3 style=\"text-align: left;\">EMERGENCE WORKSHOPS TO HELP YOU MEET YOUR FUTURE PARTNERS:<\/h3>\n<p>[\/vc_column_text][vc_column_text css=&#8221;&#8221;]<\/p>\n<p style=\"text-align: left;\">AKTANTIS has set up several Working Groups involving technology partners:<\/p>\n<p>[\/vc_column_text][vc_row_inner][vc_column_inner width=&#8221;1\/3&#8243;][vc_single_image image=&#8221;91180599&#8243; img_size=&#8221;medium&#8221; alignment=&#8221;center&#8221; css=&#8221;&#8221;][\/vc_column_inner][vc_column_inner width=&#8221;1\/3&#8243;][vc_single_image image=&#8221;91180592&#8243; img_size=&#8221;medium&#8221; alignment=&#8221;center&#8221; css=&#8221;&#8221;][\/vc_column_inner][vc_column_inner width=&#8221;1\/3&#8243;][vc_single_image image=&#8221;91180596&#8243; img_size=&#8221;medium&#8221; alignment=&#8221;center&#8221; css=&#8221;&#8221;][\/vc_column_inner][\/vc_row_inner][vc_row_inner][vc_column_inner width=&#8221;1\/3&#8243;][vc_single_image image=&#8221;91180588&#8243; img_size=&#8221;full&#8221; alignment=&#8221;center&#8221; css=&#8221;&#8221;][\/vc_column_inner][vc_column_inner width=&#8221;1\/3&#8243;][vc_single_image image=&#8221;91180578&#8243; img_size=&#8221;full&#8221; alignment=&#8221;center&#8221; css=&#8221;&#8221;][\/vc_column_inner][vc_column_inner width=&#8221;1\/3&#8243;][\/vc_column_inner][\/vc_row_inner][\/vc_column][\/vc_row][vc_row content_placement=&#8221;top&#8221;][vc_column][vc_row_inner equal_height=&#8221;yes&#8221; content_placement=&#8221;top&#8221; gap=&#8221;15&#8243;][vc_column_inner css=&#8221;.vc_custom_1731603100812{padding-top: 25px !important;padding-right: 25px !important;padding-bottom: 15px !important;padding-left: 25px !important;background-color: #F3F3F9 !important;}&#8221;][vc_column_text css=&#8221;.vc_custom_1757062907735{padding-top: 10px !important;padding-right: 10px !important;padding-bottom: 10px !important;padding-left: 10px !important;}&#8221;]<\/p>\n<h3 style=\"text-align: center;\">INSIDE THE CLUSTER<\/h3>\n<p>[\/vc_column_text][vc_column_text css=&#8221;&#8221;]<\/p>\n<p style=\"text-align: center;\"><strong>Discover a video about our working groups<\/strong><\/p>\n<p style=\"text-align: center;\">With EURA NOVA, SmarDTV, Initiative Smart Port de Marseille, Advans Group interviews:<\/p>\n<p>[\/vc_column_text][vc_video link=&#8221;https:\/\/vimeo.com\/364773621&#8243; el_width=&#8221;80&#8243; align=&#8221;center&#8221; css=&#8221;&#8221;][\/vc_column_inner][\/vc_row_inner][\/vc_column][\/vc_row][vc_row][vc_column css=&#8221;.vc_custom_1582130777332{margin-top: 30px !important;}&#8221;][vc_column_text css=&#8221;.vc_custom_1520287547235{margin-bottom: 70px !important;}&#8221;]<\/p>\n<p style=\"text-align: left;\"><a class=\"btn-return\" href=\"https:\/\/www.aktantis.com\/en\/innovation\/developing-financing-your-project\/\">&lt; Back<\/a><\/p>\n<p>[\/vc_column_text][\/vc_column][\/vc_row][vc_row full_width=&#8221;stretch_row_content_no_spaces&#8221; equal_height=&#8221;yes&#8221; css=&#8221;.vc_custom_1731489683770{margin-top: 0px !important;margin-bottom: 0px !important;padding-top: 0px !important;padding-bottom: 0px !important;background-color: #F3F3F9 !important;}&#8221;][vc_column width=&#8221;1\/2&#8243; css=&#8221;.vc_custom_1519588854393{border-bottom-width: 0px !important;padding-top: 0px !important;padding-right: 0px !important;padding-left: 0px !important;}&#8221; offset=&#8221;vc_hidden-xs&#8221;][vc_column_text css=&#8221;.vc_custom_1757062954772{margin-top: 35px !important;margin-bottom: 35px !important;padding-top: 50px !important;padding-right: 10% !important;padding-bottom: 50px !important;}&#8221;]<\/p>\n<p style=\"text-align: right;\"><a class=\"shrtd-contact-icon\" href=\"https:\/\/www.aktantis.com\/en\/\/contact\/\" ><i class=\"icomoon icon-bubbles6\"><\/i><\/a><\/p>\n<h4 style=\"text-align: right; max-width: 400px; float: right;\">For more information on our EMERGENCE services, or to discuss your project upstream, contact us<\/h4>\n<p>[\/vc_column_text][\/vc_column][vc_column width=&#8221;1\/2&#8243; css=&#8221;.vc_custom_1520244792008{padding-top: 0px !important;padding-right: 0px !important;padding-bottom: 0px !important;padding-left: 0px !important;}&#8221;][vc_column_text css=&#8221;.vc_custom_1731489692528{margin-top: 70px !important;margin-bottom: 70px !important;border-left-width: 1px !important;padding-top: 0px !important;padding-right: 0px !important;padding-bottom: 0px !important;padding-left: 10% !important;border-left-style: solid !important;border-color: rgba(0,133,166,0.49) !important;}&#8221;]<\/p>\n<h2 style=\"text-align: left;\">VOTRE CONTACT<\/h2>\n<div class=\"portrait-contact shortcode clearfix\">\r\n                <img loading=\"lazy\" decoding=\"async\" width=\"165\" height=\"165\" src=\"https:\/\/www.aktantis.com\/wp-content\/uploads\/2023\/01\/Fabienne-165x165.jpg\" class=\"attachment-scs_equipe_portrait size-scs_equipe_portrait wp-post-image\" alt=\"\" srcset=\"https:\/\/www.aktantis.com\/wp-content\/uploads\/2023\/01\/Fabienne-165x165.jpg 165w, https:\/\/www.aktantis.com\/wp-content\/uploads\/2023\/01\/Fabienne-300x300.jpg 300w, https:\/\/www.aktantis.com\/wp-content\/uploads\/2023\/01\/Fabienne-150x150.jpg 150w, https:\/\/www.aktantis.com\/wp-content\/uploads\/2023\/01\/Fabienne-160x160.jpg 160w, https:\/\/www.aktantis.com\/wp-content\/uploads\/2023\/01\/Fabienne-89x89.jpg 89w, https:\/\/www.aktantis.com\/wp-content\/uploads\/2023\/01\/Fabienne-238x238.jpg 238w, https:\/\/www.aktantis.com\/wp-content\/uploads\/2023\/01\/Fabienne-100x100.jpg 100w, https:\/\/www.aktantis.com\/wp-content\/uploads\/2023\/01\/Fabienne.jpg 750w\" sizes=\"auto, 100vw\" \/>                <div class=\"infos\">\r\n                    <h4>Fabienne DE TOMA<\/h4>                    <p>Innovation - Strategy<\/p>\r\n                    <p class=\"contact\">\r\n                        <i class=\"icon-phone\"><\/i><a href=\"tel:+33 4 42 53 82 86\">+33 4 42 53 82 86<\/a><br\/>                        <i class=\"icon-mobile2\"><\/i><a href=\"tel:+33 6 73 03 30 23\">+33 6 73 03 30 23<\/a>                        <br\/>                        <i class=\"icon-envelop\"><\/i><a href=\"mailto:fabienne.detoma@aktantis.com\">fabienne.detoma@aktantis.com<\/a>                                            <\/p>\r\n                <\/div>\r\n            <\/div>\r\n        [\/vc_column_text][\/vc_column][\/vc_row]<\/p>\n<\/div>","protected":false},"excerpt":{"rendered":"","protected":false},"author":2,"featured_media":0,"parent":91146617,"menu_order":0,"comment_status":"closed","ping_status":"closed","template":"","meta":{"footnotes":""},"class_list":["post-91146559","page","type-page","status-publish","hentry"],"yoast_head":"<!-- This site is optimized with the Yoast SEO plugin v25.8 - https:\/\/yoast.com\/wordpress\/plugins\/seo\/ -->\n<title>Innovation Services and working groups - AKTANTIS<\/title>\n<meta name=\"description\" content=\"Looking to innovate? Discover the AKTANTIS events designed to expand your network and boost your innovation opportunities.\" \/>\n<meta name=\"robots\" content=\"index, follow, max-snippet:-1, max-image-preview:large, max-video-preview:-1\" \/>\n<link rel=\"canonical\" href=\"https:\/\/www.aktantis.com\/en\/innovation\/developing-financing-your-project\/emergence\/\" \/>\n<meta property=\"og:locale\" content=\"en_US\" \/>\n<meta property=\"og:type\" content=\"article\" \/>\n<meta property=\"og:title\" content=\"Innovation Services and working groups - AKTANTIS\" \/>\n<meta property=\"og:description\" content=\"Looking to innovate? Discover the AKTANTIS events designed to expand your network and boost your innovation opportunities.\" \/>\n<meta property=\"og:url\" content=\"https:\/\/www.aktantis.com\/en\/innovation\/developing-financing-your-project\/emergence\/\" \/>\n<meta property=\"og:site_name\" content=\"AKTANTIS\" \/>\n<meta property=\"article:publisher\" content=\"https:\/\/www.facebook.com\/PoleSCS\/\" \/>\n<meta property=\"article:modified_time\" content=\"2025-09-05T09:18:25+00:00\" \/>\n<meta name=\"twitter:card\" content=\"summary_large_image\" \/>\n<meta name=\"twitter:site\" content=\"@Pole_SCS\" \/>\n<script type=\"application\/ld+json\" class=\"yoast-schema-graph\">{\"@context\":\"https:\/\/schema.org\",\"@graph\":[{\"@type\":\"WebPage\",\"@id\":\"https:\/\/www.aktantis.com\/en\/innovation\/developing-financing-your-project\/emergence\/\",\"url\":\"https:\/\/www.aktantis.com\/en\/innovation\/developing-financing-your-project\/emergence\/\",\"name\":\"Innovation Services and working groups - AKTANTIS\",\"isPartOf\":{\"@id\":\"https:\/\/www.aktantis.com\/#website\"},\"datePublished\":\"2020-02-14T13:49:51+00:00\",\"dateModified\":\"2025-09-05T09:18:25+00:00\",\"description\":\"Looking to innovate? Discover the AKTANTIS events designed to expand your network and boost your innovation opportunities.\",\"breadcrumb\":{\"@id\":\"https:\/\/www.aktantis.com\/en\/innovation\/developing-financing-your-project\/emergence\/#breadcrumb\"},\"inLanguage\":\"en-US\",\"potentialAction\":[{\"@type\":\"ReadAction\",\"target\":[\"https:\/\/www.aktantis.com\/en\/innovation\/developing-financing-your-project\/emergence\/\"]}]},{\"@type\":\"BreadcrumbList\",\"@id\":\"https:\/\/www.aktantis.com\/en\/innovation\/developing-financing-your-project\/emergence\/#breadcrumb\",\"itemListElement\":[{\"@type\":\"ListItem\",\"position\":1,\"name\":\"Accueil\",\"item\":\"https:\/\/www.aktantis.com\/en\/\"},{\"@type\":\"ListItem\",\"position\":2,\"name\":\"Innovation\",\"item\":\"https:\/\/www.aktantis.com\/innovation\/\"},{\"@type\":\"ListItem\",\"position\":3,\"name\":\"Developing and financing your project\",\"item\":\"https:\/\/www.aktantis.com\/innovation\/developpement-financement-projet\/\"},{\"@type\":\"ListItem\",\"position\":4,\"name\":\"Emergence\"}]},{\"@type\":\"WebSite\",\"@id\":\"https:\/\/www.aktantis.com\/#website\",\"url\":\"https:\/\/www.aktantis.com\/\",\"name\":\"AKTANTIS\",\"description\":\"1er \u00e9cosyst\u00e8me europ\u00e9en\",\"publisher\":{\"@id\":\"https:\/\/www.aktantis.com\/#organization\"},\"potentialAction\":[{\"@type\":\"SearchAction\",\"target\":{\"@type\":\"EntryPoint\",\"urlTemplate\":\"https:\/\/www.aktantis.com\/?s={search_term_string}\"},\"query-input\":{\"@type\":\"PropertyValueSpecification\",\"valueRequired\":true,\"valueName\":\"search_term_string\"}}],\"inLanguage\":\"en-US\"},{\"@type\":\"Organization\",\"@id\":\"https:\/\/www.aktantis.com\/#organization\",\"name\":\"Aktantis\",\"url\":\"https:\/\/www.aktantis.com\/\",\"logo\":{\"@type\":\"ImageObject\",\"inLanguage\":\"en-US\",\"@id\":\"https:\/\/www.aktantis.com\/#\/schema\/logo\/image\/\",\"url\":\"https:\/\/www.aktantis.com\/wp-content\/uploads\/2018\/03\/cropped-logo_scs.png\",\"contentUrl\":\"https:\/\/www.aktantis.com\/wp-content\/uploads\/2018\/03\/cropped-logo_scs.png\",\"width\":720,\"height\":250,\"caption\":\"Aktantis\"},\"image\":{\"@id\":\"https:\/\/www.aktantis.com\/#\/schema\/logo\/image\/\"},\"sameAs\":[\"https:\/\/www.facebook.com\/PoleSCS\/\",\"https:\/\/x.com\/Pole_SCS\",\"https:\/\/www.linkedin.com\/company\/pole-scs\/\"]}]}<\/script>\n<!-- \/ Yoast SEO plugin. -->","yoast_head_json":{"title":"Innovation Services and working groups - AKTANTIS","description":"Looking to innovate? Discover the AKTANTIS events designed to expand your network and boost your innovation opportunities.","robots":{"index":"index","follow":"follow","max-snippet":"max-snippet:-1","max-image-preview":"max-image-preview:large","max-video-preview":"max-video-preview:-1"},"canonical":"https:\/\/www.aktantis.com\/en\/innovation\/developing-financing-your-project\/emergence\/","og_locale":"en_US","og_type":"article","og_title":"Innovation Services and working groups - AKTANTIS","og_description":"Looking to innovate? Discover the AKTANTIS events designed to expand your network and boost your innovation opportunities.","og_url":"https:\/\/www.aktantis.com\/en\/innovation\/developing-financing-your-project\/emergence\/","og_site_name":"AKTANTIS","article_publisher":"https:\/\/www.facebook.com\/PoleSCS\/","article_modified_time":"2025-09-05T09:18:25+00:00","twitter_card":"summary_large_image","twitter_site":"@Pole_SCS","schema":{"@context":"https:\/\/schema.org","@graph":[{"@type":"WebPage","@id":"https:\/\/www.aktantis.com\/en\/innovation\/developing-financing-your-project\/emergence\/","url":"https:\/\/www.aktantis.com\/en\/innovation\/developing-financing-your-project\/emergence\/","name":"Innovation Services and working groups - AKTANTIS","isPartOf":{"@id":"https:\/\/www.aktantis.com\/#website"},"datePublished":"2020-02-14T13:49:51+00:00","dateModified":"2025-09-05T09:18:25+00:00","description":"Looking to innovate? Discover the AKTANTIS events designed to expand your network and boost your innovation opportunities.","breadcrumb":{"@id":"https:\/\/www.aktantis.com\/en\/innovation\/developing-financing-your-project\/emergence\/#breadcrumb"},"inLanguage":"en-US","potentialAction":[{"@type":"ReadAction","target":["https:\/\/www.aktantis.com\/en\/innovation\/developing-financing-your-project\/emergence\/"]}]},{"@type":"BreadcrumbList","@id":"https:\/\/www.aktantis.com\/en\/innovation\/developing-financing-your-project\/emergence\/#breadcrumb","itemListElement":[{"@type":"ListItem","position":1,"name":"Accueil","item":"https:\/\/www.aktantis.com\/en\/"},{"@type":"ListItem","position":2,"name":"Innovation","item":"https:\/\/www.aktantis.com\/innovation\/"},{"@type":"ListItem","position":3,"name":"Developing and financing your project","item":"https:\/\/www.aktantis.com\/innovation\/developpement-financement-projet\/"},{"@type":"ListItem","position":4,"name":"Emergence"}]},{"@type":"WebSite","@id":"https:\/\/www.aktantis.com\/#website","url":"https:\/\/www.aktantis.com\/","name":"AKTANTIS","description":"1er \u00e9cosyst\u00e8me europ\u00e9en","publisher":{"@id":"https:\/\/www.aktantis.com\/#organization"},"potentialAction":[{"@type":"SearchAction","target":{"@type":"EntryPoint","urlTemplate":"https:\/\/www.aktantis.com\/?s={search_term_string}"},"query-input":{"@type":"PropertyValueSpecification","valueRequired":true,"valueName":"search_term_string"}}],"inLanguage":"en-US"},{"@type":"Organization","@id":"https:\/\/www.aktantis.com\/#organization","name":"Aktantis","url":"https:\/\/www.aktantis.com\/","logo":{"@type":"ImageObject","inLanguage":"en-US","@id":"https:\/\/www.aktantis.com\/#\/schema\/logo\/image\/","url":"https:\/\/www.aktantis.com\/wp-content\/uploads\/2018\/03\/cropped-logo_scs.png","contentUrl":"https:\/\/www.aktantis.com\/wp-content\/uploads\/2018\/03\/cropped-logo_scs.png","width":720,"height":250,"caption":"Aktantis"},"image":{"@id":"https:\/\/www.aktantis.com\/#\/schema\/logo\/image\/"},"sameAs":["https:\/\/www.facebook.com\/PoleSCS\/","https:\/\/x.com\/Pole_SCS","https:\/\/www.linkedin.com\/company\/pole-scs\/"]}]}},"_links":{"self":[{"href":"https:\/\/www.aktantis.com\/en\/wp-json\/wp\/v2\/pages\/91146559","targetHints":{"allow":["GET"]}}],"collection":[{"href":"https:\/\/www.aktantis.com\/en\/wp-json\/wp\/v2\/pages"}],"about":[{"href":"https:\/\/www.aktantis.com\/en\/wp-json\/wp\/v2\/types\/page"}],"author":[{"embeddable":true,"href":"https:\/\/www.aktantis.com\/en\/wp-json\/wp\/v2\/users\/2"}],"replies":[{"embeddable":true,"href":"https:\/\/www.aktantis.com\/en\/wp-json\/wp\/v2\/comments?post=91146559"}],"version-history":[{"count":42,"href":"https:\/\/www.aktantis.com\/en\/wp-json\/wp\/v2\/pages\/91146559\/revisions"}],"predecessor-version":[{"id":91180601,"href":"https:\/\/www.aktantis.com\/en\/wp-json\/wp\/v2\/pages\/91146559\/revisions\/91180601"}],"up":[{"embeddable":true,"href":"https:\/\/www.aktantis.com\/en\/wp-json\/wp\/v2\/pages\/91146617"}],"wp:attachment":[{"href":"https:\/\/www.aktantis.com\/en\/wp-json\/wp\/v2\/media?parent=91146559"}],"curies":[{"name":"wp","href":"https:\/\/api.w.org\/{rel}","templated":true}]}}