{"id":91146468,"date":"2018-01-18T17:58:18","date_gmt":"2018-01-18T16:58:18","guid":{"rendered":"https:\/\/www.aktantis.com\/business-planning-3\/"},"modified":"2020-02-19T18:05:42","modified_gmt":"2020-02-19T17:05:42","slug":"business-planning-3","status":"publish","type":"page","link":"https:\/\/www.aktantis.com\/en\/business-planning-3\/","title":{"rendered":"Business planning"},"content":{"rendered":"<div class=\"wpb-content-wrapper\"><p>[vc_row css=&#8221;.vc_custom_1516293835315{padding-bottom: 50px !important;}&#8221;][vc_column width=&#8221;1\/12&#8243;][\/vc_column][vc_column width=&#8221;10\/12&#8243;][vc_column_text css_animation=&#8221;none&#8221;]<\/p>\n<hr \/>\n<h2 style=\"text-align: center;\"><span>I want to<\/span> access markets<\/h2>\n<p style=\"text-align: center;\">You have developed an innovation, and now want to work on your business plan? You are a startup and you want to raise funds? The SCS Cluster offers you its services!<\/p>\n<p>[\/vc_column_text][\/vc_column][vc_column width=&#8221;1\/12&#8243;][\/vc_column][\/vc_row][vc_row css=&#8221;.vc_custom_1516368684864{padding-bottom: 50px !important;}&#8221;][vc_column][vc_tta_tour color=&#8221;white&#8221; active_section=&#8221;1&#8243;][vc_tta_section i_icon_fontawesome=&#8221;fa fa-check&#8221; add_icon=&#8221;true&#8221; title=&#8221;I want to define my strategy &#8221; tab_id=&#8221;strategy&#8221; el_class=&#8221;tab-cherche&#8221;][vc_column_text]<\/p>\n<h4><span style=\"color: #4caac1;\"><strong>You have developed an innovation and you seek to define and\/or improve your strategic business planning to reach performance and step up with growth?<\/strong><\/span><\/h4>\n<p>The SCS Cluster allows you to benefit from high level expertise on topics such as:<\/p>\n<ol>\n<li><span style=\"font-weight: 400;\">product validation<\/span><\/li>\n<li><span style=\"font-weight: 400;\">product industrial planning<\/span><\/li>\n<li><span style=\"font-weight: 400;\">offer positioning<\/span><\/li>\n<li><span style=\"font-weight: 400;\">market segmentation<\/span><\/li>\n<li><span style=\"font-weight: 400;\">Business Model &amp; strategy<\/span><\/li>\n<li><span style=\"font-weight: 400;\">international development<\/span><\/li>\n<li><span style=\"font-weight: 400;\">financial strategy<\/span><\/li>\n<li><span style=\"font-weight: 400;\">workforce growth<\/span><\/li>\n<li>etc.<\/li>\n<\/ol>\n<p>So far up to <strong>60 companies<\/strong> have been supported in their market access strategy.<\/p>\n<p>Our offer : <strong>PASS STRATEGIE<\/strong><\/p>\n<p><img loading=\"lazy\" decoding=\"async\" class=\"alignnone size-medium wp-image-91145577\" src=\"https:\/\/www.aktantis.com\/wp-content\/uploads\/2019\/12\/PASS-STRATEGIE-300x300.jpg\" alt=\"\" width=\"300\" height=\"300\" srcset=\"https:\/\/www.aktantis.com\/wp-content\/uploads\/2019\/12\/PASS-STRATEGIE-300x300.jpg 300w, https:\/\/www.aktantis.com\/wp-content\/uploads\/2019\/12\/PASS-STRATEGIE-150x150.jpg 150w, https:\/\/www.aktantis.com\/wp-content\/uploads\/2019\/12\/PASS-STRATEGIE-160x160.jpg 160w, https:\/\/www.aktantis.com\/wp-content\/uploads\/2019\/12\/PASS-STRATEGIE-200x200.jpg 200w, https:\/\/www.aktantis.com\/wp-content\/uploads\/2019\/12\/PASS-STRATEGIE-64x64.jpg 64w, https:\/\/www.aktantis.com\/wp-content\/uploads\/2019\/12\/PASS-STRATEGIE-165x165.jpg 165w, https:\/\/www.aktantis.com\/wp-content\/uploads\/2019\/12\/PASS-STRATEGIE-89x89.jpg 89w, https:\/\/www.aktantis.com\/wp-content\/uploads\/2019\/12\/PASS-STRATEGIE-238x238.jpg 238w, https:\/\/www.aktantis.com\/wp-content\/uploads\/2019\/12\/PASS-STRATEGIE-360x360.jpg 360w, https:\/\/www.aktantis.com\/wp-content\/uploads\/2019\/12\/PASS-STRATEGIE-100x100.jpg 100w, https:\/\/www.aktantis.com\/wp-content\/uploads\/2019\/12\/PASS-STRATEGIE.jpg 473w\" sizes=\"auto, (max-width: 300px) 100vw, 300px\" \/>[\/vc_column_text][vc_row_inner][vc_column_inner width=&#8221;1\/3&#8243; css=&#8221;.vc_custom_1516374404411{padding-right: 35px !important;padding-left: 0px !important;}&#8221;][\/vc_column_inner][\/vc_row_inner][\/vc_tta_section][vc_tta_section i_icon_fontawesome=&#8221;fa fa-check&#8221; add_icon=&#8221;true&#8221; title=&#8221;I need to raise money&#8221; tab_id=&#8221;raise-money&#8221; el_class=&#8221;tab-cherche&#8221;][vc_column_text]<\/p>\n<h4><span style=\"color: #4caac1;\"><strong>250 million euros have been raised by the members of the cluster. You too, want to raise funds?<\/strong><\/span><\/h4>\n<p><span style=\"font-weight: 400;\">The SCS cluster accompanied more than 60 young businesses in the private equity raising process by helping them to prepare a business plan. <\/span><br \/>\n<strong>Thanks to the SCS support, startup are 5 times more likely to raise funds!<\/strong><\/p>\n<p><span style=\"font-weight: 400;\">Unique added value to help you raise equity fund: <\/span><\/p>\n<ol>\n<li style=\"font-weight: 400;\"><span style=\"font-weight: 400;\">a selection committee made up of senior executives from major industrial groups, SME managers and venture capitalists<\/span><\/li>\n<li style=\"font-weight: 400;\"><span style=\"font-weight: 400;\">25 venture investors: Business Angels networks, VC\u2019s, bank corporate finance<\/span><\/li>\n<li style=\"font-weight: 400;\"><span style=\"font-weight: 400;\">a public co-financing for your accompaniment program<\/span><\/li>\n<li style=\"font-weight: 400;\"><span style=\"font-weight: 400;\">a national EIP certification for visibility and recognition throughout France<\/span><\/li>\n<\/ol>\n<p>&nbsp;<\/p>\n<p><strong style=\"font-size: 1rem;\">2 OPTIONS ARE AVAILABLE:<\/strong>[\/vc_column_text][vc_row_inner][vc_column_inner width=&#8221;1\/2&#8243; css=&#8221;.vc_custom_1516374410016{padding-right: 50px !important;padding-left: 0px !important;}&#8221;][vc_column_text]<strong>Private Equity Pass<\/strong>: one to one 2-day express support to challenge and review your Business Plan and all necessary documentation (Pitch, Executive Summary, InfoMemo, Financial terms) in order to put you in contact with potential investors[\/vc_column_text][vc_single_image image=&#8221;91141510&#8243; img_size=&#8221;medium&#8221;][\/vc_column_inner][vc_column_inner width=&#8221;1\/2&#8243; css=&#8221;.vc_custom_1516374404411{padding-right: 35px !important;padding-left: 0px !important;}&#8221;][vc_column_text]<strong>Private Equity fundraising Program<\/strong>: tailored 7-day support with senior advisors for strategy and funding issues, over a period of 5 months to challenge your Business Plan and prepare all the necessary documentation, national EIP certification[\/vc_column_text][vc_single_image image=&#8221;91139394&#8243; img_size=&#8221;full&#8221;][\/vc_column_inner][\/vc_row_inner][\/vc_tta_section][vc_tta_section i_icon_fontawesome=&#8221;fa fa-check&#8221; add_icon=&#8221;true&#8221; title=&#8221;I want to reach operational excellence&#8221; tab_id=&#8221;operational-excellence&#8221; el_class=&#8221;tab-veux&#8221;][vc_column_text]<\/p>\n<h4><span style=\"color: #4caac1;\"><strong>The quality of execution is as key success factor for startups.<\/strong><\/span><\/h4>\n<div dir=\"ltr\">\n<div class=\"input-box\" spellcheck=\"false\" aria-hidden=\"false\">\n<div id=\"waffle-rich-text-editor\" class=\"cell-input editable\" dir=\"ltr\" tabindex=\"0\" role=\"combobox\" contenteditable=\"true\" aria-autocomplete=\"list\" aria-label=\"E60\"><span style=\"font-size: 12pt;\">You are either \u00e0 Fabless company or\u00a0your design electronic products with a high potential of microelectronics integration or you design More Than Moore components or systems for IoT, the SCS cluster give you support to reach a perfect operational execution.<\/span><\/div>\n<\/div>\n<\/div>\n<p><strong>3 PHASE-PROGRAM TO ACHIEVE OPERATIONAL EXCELLENCE:\u00a0<\/strong>[\/vc_column_text][vc_row_inner][vc_column_inner css=&#8221;.vc_custom_1516374410016{padding-right: 50px !important;padding-left: 0px !important;}&#8221;][vc_single_image image=&#8221;91139398&#8243; img_size=&#8221;full&#8221;][vc_column_text]<\/p>\n<ol>\n<li style=\"font-weight: 400;\"><span style=\"font-weight: 400;\">audit<\/span><\/li>\n<li style=\"font-weight: 400;\"><span style=\"font-weight: 400;\">advice<\/span><\/li>\n<li style=\"font-weight: 400;\"><span style=\"font-weight: 400;\">operational support<\/span><\/li>\n<\/ol>\n<p><span style=\"font-weight: 400;\">From 12 to 18 expert days over a period of 6 to 12 months.<\/span><\/p>\n<p><span style=\"font-weight: 400;\">Operational support is provided on the top priorities arising from the audit and consultancy phase. <\/span><\/p>\n<p><span style=\"font-weight: 400;\">The program is delivered by 3 senior experts, specially selected for their high level of skills and their career in large companies or startups in the fields of microelectronics and IoT, helped by a dedicated steering committee to provide even more business advice.<\/span>[\/vc_column_text][\/vc_column_inner][\/vc_row_inner][\/vc_tta_section][\/vc_tta_tour][\/vc_column][\/vc_row][vc_row][vc_column][vc_column_text css=&#8221;.vc_custom_1520285619090{margin-bottom: 20px !important;}&#8221;]<\/p>\n<p style=\"text-align: left;\"><a class=\"btn-return\" href=\"https:\/\/www.aktantis.com\/en\/\">&lt; Back<\/a><\/p>\n<p>[\/vc_column_text][\/vc_column][\/vc_row][vc_row full_width=&#8221;stretch_row_content_no_spaces&#8221; equal_height=&#8221;yes&#8221; css=&#8221;.vc_custom_1516939697595{margin-top: 0px !important;margin-bottom: 0px !important;background-color: #f4f4f4 !important;}&#8221;][vc_column width=&#8221;1\/2&#8243; css=&#8221;.vc_custom_1519589125923{padding-top: 0px !important;padding-right: 0px !important;padding-bottom: 0px !important;padding-left: 0px !important;}&#8221; offset=&#8221;vc_hidden-xs&#8221;][vc_column_text css=&#8221;.vc_custom_1518954793072{margin-top: 35px !important;margin-bottom: 35px !important;padding-top: 50px !important;padding-right: 10% !important;padding-bottom: 50px !important;}&#8221;]<\/p>\n<p style=\"text-align: right;\"><a class=\"shrtd-contact-icon\" href=\"https:\/\/www.aktantis.com\/en\/\/contact\/\" ><i class=\"icomoon icon-bubbles6\"><\/i><\/a><\/p>\n<p style=\"text-align: right; max-width: 400px; float: right;\"><strong>For more information on your business development, fundraising, and operational excellence, contact us<\/strong><\/p>\n<p>[\/vc_column_text][\/vc_column][vc_column width=&#8221;1\/2&#8243; css=&#8221;.vc_custom_1516939675433{padding-top: 0px !important;padding-right: 0px !important;padding-bottom: 0px !important;padding-left: 0px !important;}&#8221;][vc_column_text css=&#8221;.vc_custom_1548682733076{margin-top: 70px !important;margin-bottom: 70px !important;border-bottom-width: 0px !important;border-left-width: 1px !important;padding-top: 0px !important;padding-right: 0px !important;padding-left: 10% !important;border-left-color: rgba(0,133,166,0.49) !important;border-left-style: solid !important;border-bottom-color: rgba(0,133,166,0.49) !important;border-bottom-style: solid !important;}&#8221;]<\/p>\n<p style=\"text-align: left;\"><strong>YOUR CONTACTS<br \/>\n<\/strong><\/p>\n<div class=\"portrait-contact shortcode clearfix\">\r\n                <img loading=\"lazy\" decoding=\"async\" width=\"165\" height=\"165\" src=\"https:\/\/www.aktantis.com\/wp-content\/uploads\/2024\/11\/Stephanie-165x165.jpg\" class=\"attachment-scs_equipe_portrait size-scs_equipe_portrait wp-post-image\" alt=\"\" srcset=\"https:\/\/www.aktantis.com\/wp-content\/uploads\/2024\/11\/Stephanie-165x165.jpg 165w, https:\/\/www.aktantis.com\/wp-content\/uploads\/2024\/11\/Stephanie-300x300.jpg 300w, https:\/\/www.aktantis.com\/wp-content\/uploads\/2024\/11\/Stephanie-150x150.jpg 150w, https:\/\/www.aktantis.com\/wp-content\/uploads\/2024\/11\/Stephanie-160x160.jpg 160w, https:\/\/www.aktantis.com\/wp-content\/uploads\/2024\/11\/Stephanie-89x89.jpg 89w, https:\/\/www.aktantis.com\/wp-content\/uploads\/2024\/11\/Stephanie-238x238.jpg 238w, https:\/\/www.aktantis.com\/wp-content\/uploads\/2024\/11\/Stephanie-100x100.jpg 100w, https:\/\/www.aktantis.com\/wp-content\/uploads\/2024\/11\/Stephanie.jpg 750w\" sizes=\"auto, 100vw\" \/>                <div class=\"infos\">\r\n                    <h4>St\u00e9phanie SCHOHN<\/h4>                    <p>Event and Ecosystem Director<\/p>\r\n                    <p class=\"contact\">\r\n                        <i class=\"icon-phone\"><\/i><a href=\"tel:+33 4 42 53 82 84\">+33 4 42 53 82 84<\/a><br\/>                        <i class=\"icon-mobile2\"><\/i><a href=\"tel:+33 6 89 96 19 11\">+33 6 89 96 19 11<\/a>                        <br\/>                        <i class=\"icon-envelop\"><\/i><a href=\"mailto:stephanie.schohn@aktantis.com\">stephanie.schohn@aktantis.com<\/a>                                            <\/p>\r\n                <\/div>\r\n            <\/div>\r\n                    <div class=\"portrait-contact shortcode clearfix\">\r\n                <img loading=\"lazy\" decoding=\"async\" width=\"165\" height=\"165\" src=\"https:\/\/www.aktantis.com\/wp-content\/uploads\/2018\/01\/Karine-degrenne-AKTANTIS-165x165.jpg\" class=\"attachment-scs_equipe_portrait size-scs_equipe_portrait wp-post-image\" alt=\"\" srcset=\"https:\/\/www.aktantis.com\/wp-content\/uploads\/2018\/01\/Karine-degrenne-AKTANTIS-165x165.jpg 165w, https:\/\/www.aktantis.com\/wp-content\/uploads\/2018\/01\/Karine-degrenne-AKTANTIS-150x150.jpg 150w, https:\/\/www.aktantis.com\/wp-content\/uploads\/2018\/01\/Karine-degrenne-AKTANTIS-238x238.jpg 238w, https:\/\/www.aktantis.com\/wp-content\/uploads\/2018\/01\/Karine-degrenne-AKTANTIS-100x100.jpg 100w\" sizes=\"auto, 100vw\" \/>                <div class=\"infos\">\r\n                    <h4>Karine DEGRENNE<\/h4>                    <p>SME support<\/p>\r\n                    <p class=\"contact\">\r\n                                                <i class=\"icon-mobile2\"><\/i><a href=\"tel:+ 33 6 48 72 22 91\">+ 33 6 48 72 22 91<\/a>                        <br\/>                        <i class=\"icon-envelop\"><\/i><a href=\"mailto:karine.degrenne@aktantis.com\">karine.degrenne@aktantis.com<\/a>                                            <\/p>\r\n                <\/div>\r\n            <\/div>\r\n        [\/vc_column_text][\/vc_column][\/vc_row]<\/p>\n<\/div>","protected":false},"excerpt":{"rendered":"","protected":false},"author":1,"featured_media":0,"parent":0,"menu_order":0,"comment_status":"closed","ping_status":"closed","template":"","meta":{"footnotes":""},"class_list":["post-91146468","page","type-page","status-publish","hentry"],"yoast_head":"<!-- This site is optimized with the Yoast SEO plugin v25.8 - https:\/\/yoast.com\/wordpress\/plugins\/seo\/ -->\n<title>Business Planning | P\u00f4le SCS - Ecosyt\u00e8me Europ\u00e9en Leader<\/title>\n<meta name=\"description\" content=\"Vous avez d\u00e9velopp\u00e9 une innovation en s\u00e9curit\u00e9 num\u00e9rique, sans contact, IoT, et vous souhaitez d\u00e9sormais travailler votre plan de d\u00e9veloppement ? Vous \u00eates une startup et vous souhaitez faire une lev\u00e9e de fonds ? Le P\u00f4le Aktantis vous propose ses services\u00a0 !\" \/>\n<meta name=\"robots\" content=\"index, follow, max-snippet:-1, max-image-preview:large, max-video-preview:-1\" \/>\n<link rel=\"canonical\" href=\"https:\/\/www.aktantis.com\/en\/business-planning-3\/\" \/>\n<meta property=\"og:locale\" content=\"en_US\" \/>\n<meta property=\"og:type\" content=\"article\" \/>\n<meta property=\"og:title\" content=\"Business Planning | P\u00f4le SCS - Ecosyt\u00e8me Europ\u00e9en Leader\" \/>\n<meta property=\"og:description\" content=\"Vous avez d\u00e9velopp\u00e9 une innovation en s\u00e9curit\u00e9 num\u00e9rique, sans contact, IoT, et vous souhaitez d\u00e9sormais travailler votre plan de d\u00e9veloppement ? Vous \u00eates une startup et vous souhaitez faire une lev\u00e9e de fonds ? Le P\u00f4le Aktantis vous propose ses services\u00a0 !\" \/>\n<meta property=\"og:url\" content=\"https:\/\/www.aktantis.com\/en\/business-planning-3\/\" \/>\n<meta property=\"og:site_name\" content=\"AKTANTIS\" \/>\n<meta property=\"article:publisher\" content=\"https:\/\/www.facebook.com\/PoleSCS\/\" \/>\n<meta property=\"article:modified_time\" content=\"2020-02-19T17:05:42+00:00\" \/>\n<meta property=\"og:image\" content=\"https:\/\/www.aktantis.com\/wp-content\/uploads\/2019\/12\/PASS-STRATEGIE-300x300.jpg\" \/>\n<meta name=\"twitter:card\" content=\"summary_large_image\" \/>\n<meta name=\"twitter:site\" content=\"@Pole_SCS\" \/>\n<script type=\"application\/ld+json\" class=\"yoast-schema-graph\">{\"@context\":\"https:\/\/schema.org\",\"@graph\":[{\"@type\":\"WebPage\",\"@id\":\"https:\/\/www.aktantis.com\/en\/business-planning-3\/\",\"url\":\"https:\/\/www.aktantis.com\/en\/business-planning-3\/\",\"name\":\"Business Planning | P\u00f4le SCS - Ecosyt\u00e8me Europ\u00e9en Leader\",\"isPartOf\":{\"@id\":\"https:\/\/www.aktantis.com\/#website\"},\"primaryImageOfPage\":{\"@id\":\"https:\/\/www.aktantis.com\/en\/business-planning-3\/#primaryimage\"},\"image\":{\"@id\":\"https:\/\/www.aktantis.com\/en\/business-planning-3\/#primaryimage\"},\"thumbnailUrl\":\"https:\/\/www.aktantis.com\/wp-content\/uploads\/2019\/12\/PASS-STRATEGIE-300x300.jpg\",\"datePublished\":\"2018-01-18T16:58:18+00:00\",\"dateModified\":\"2020-02-19T17:05:42+00:00\",\"description\":\"Vous avez d\u00e9velopp\u00e9 une innovation en s\u00e9curit\u00e9 num\u00e9rique, sans contact, IoT, et vous souhaitez d\u00e9sormais travailler votre plan de d\u00e9veloppement ? Vous \u00eates une startup et vous souhaitez faire une lev\u00e9e de fonds ? Le P\u00f4le Aktantis vous propose ses services\u00a0 !\",\"breadcrumb\":{\"@id\":\"https:\/\/www.aktantis.com\/en\/business-planning-3\/#breadcrumb\"},\"inLanguage\":\"en-US\",\"potentialAction\":[{\"@type\":\"ReadAction\",\"target\":[\"https:\/\/www.aktantis.com\/en\/business-planning-3\/\"]}]},{\"@type\":\"ImageObject\",\"inLanguage\":\"en-US\",\"@id\":\"https:\/\/www.aktantis.com\/en\/business-planning-3\/#primaryimage\",\"url\":\"https:\/\/www.aktantis.com\/wp-content\/uploads\/2019\/12\/PASS-STRATEGIE-300x300.jpg\",\"contentUrl\":\"https:\/\/www.aktantis.com\/wp-content\/uploads\/2019\/12\/PASS-STRATEGIE-300x300.jpg\"},{\"@type\":\"BreadcrumbList\",\"@id\":\"https:\/\/www.aktantis.com\/en\/business-planning-3\/#breadcrumb\",\"itemListElement\":[{\"@type\":\"ListItem\",\"position\":1,\"name\":\"Accueil\",\"item\":\"https:\/\/www.aktantis.com\/en\/\"},{\"@type\":\"ListItem\",\"position\":2,\"name\":\"Business planning\"}]},{\"@type\":\"WebSite\",\"@id\":\"https:\/\/www.aktantis.com\/#website\",\"url\":\"https:\/\/www.aktantis.com\/\",\"name\":\"AKTANTIS\",\"description\":\"1er \u00e9cosyst\u00e8me europ\u00e9en\",\"publisher\":{\"@id\":\"https:\/\/www.aktantis.com\/#organization\"},\"potentialAction\":[{\"@type\":\"SearchAction\",\"target\":{\"@type\":\"EntryPoint\",\"urlTemplate\":\"https:\/\/www.aktantis.com\/?s={search_term_string}\"},\"query-input\":{\"@type\":\"PropertyValueSpecification\",\"valueRequired\":true,\"valueName\":\"search_term_string\"}}],\"inLanguage\":\"en-US\"},{\"@type\":\"Organization\",\"@id\":\"https:\/\/www.aktantis.com\/#organization\",\"name\":\"Aktantis\",\"url\":\"https:\/\/www.aktantis.com\/\",\"logo\":{\"@type\":\"ImageObject\",\"inLanguage\":\"en-US\",\"@id\":\"https:\/\/www.aktantis.com\/#\/schema\/logo\/image\/\",\"url\":\"https:\/\/www.aktantis.com\/wp-content\/uploads\/2018\/03\/cropped-logo_scs.png\",\"contentUrl\":\"https:\/\/www.aktantis.com\/wp-content\/uploads\/2018\/03\/cropped-logo_scs.png\",\"width\":720,\"height\":250,\"caption\":\"Aktantis\"},\"image\":{\"@id\":\"https:\/\/www.aktantis.com\/#\/schema\/logo\/image\/\"},\"sameAs\":[\"https:\/\/www.facebook.com\/PoleSCS\/\",\"https:\/\/x.com\/Pole_SCS\",\"https:\/\/www.linkedin.com\/company\/pole-scs\/\"]}]}<\/script>\n<!-- \/ Yoast SEO plugin. -->","yoast_head_json":{"title":"Business Planning | P\u00f4le SCS - Ecosyt\u00e8me Europ\u00e9en Leader","description":"Vous avez d\u00e9velopp\u00e9 une innovation en s\u00e9curit\u00e9 num\u00e9rique, sans contact, IoT, et vous souhaitez d\u00e9sormais travailler votre plan de d\u00e9veloppement ? Vous \u00eates une startup et vous souhaitez faire une lev\u00e9e de fonds ? Le P\u00f4le Aktantis vous propose ses services\u00a0 !","robots":{"index":"index","follow":"follow","max-snippet":"max-snippet:-1","max-image-preview":"max-image-preview:large","max-video-preview":"max-video-preview:-1"},"canonical":"https:\/\/www.aktantis.com\/en\/business-planning-3\/","og_locale":"en_US","og_type":"article","og_title":"Business Planning | P\u00f4le SCS - Ecosyt\u00e8me Europ\u00e9en Leader","og_description":"Vous avez d\u00e9velopp\u00e9 une innovation en s\u00e9curit\u00e9 num\u00e9rique, sans contact, IoT, et vous souhaitez d\u00e9sormais travailler votre plan de d\u00e9veloppement ? Vous \u00eates une startup et vous souhaitez faire une lev\u00e9e de fonds ? Le P\u00f4le Aktantis vous propose ses services\u00a0 !","og_url":"https:\/\/www.aktantis.com\/en\/business-planning-3\/","og_site_name":"AKTANTIS","article_publisher":"https:\/\/www.facebook.com\/PoleSCS\/","article_modified_time":"2020-02-19T17:05:42+00:00","og_image":[{"url":"https:\/\/www.aktantis.com\/wp-content\/uploads\/2019\/12\/PASS-STRATEGIE-300x300.jpg","type":"","width":"","height":""}],"twitter_card":"summary_large_image","twitter_site":"@Pole_SCS","schema":{"@context":"https:\/\/schema.org","@graph":[{"@type":"WebPage","@id":"https:\/\/www.aktantis.com\/en\/business-planning-3\/","url":"https:\/\/www.aktantis.com\/en\/business-planning-3\/","name":"Business Planning | P\u00f4le SCS - Ecosyt\u00e8me Europ\u00e9en Leader","isPartOf":{"@id":"https:\/\/www.aktantis.com\/#website"},"primaryImageOfPage":{"@id":"https:\/\/www.aktantis.com\/en\/business-planning-3\/#primaryimage"},"image":{"@id":"https:\/\/www.aktantis.com\/en\/business-planning-3\/#primaryimage"},"thumbnailUrl":"https:\/\/www.aktantis.com\/wp-content\/uploads\/2019\/12\/PASS-STRATEGIE-300x300.jpg","datePublished":"2018-01-18T16:58:18+00:00","dateModified":"2020-02-19T17:05:42+00:00","description":"Vous avez d\u00e9velopp\u00e9 une innovation en s\u00e9curit\u00e9 num\u00e9rique, sans contact, IoT, et vous souhaitez d\u00e9sormais travailler votre plan de d\u00e9veloppement ? Vous \u00eates une startup et vous souhaitez faire une lev\u00e9e de fonds ? Le P\u00f4le Aktantis vous propose ses services\u00a0 !","breadcrumb":{"@id":"https:\/\/www.aktantis.com\/en\/business-planning-3\/#breadcrumb"},"inLanguage":"en-US","potentialAction":[{"@type":"ReadAction","target":["https:\/\/www.aktantis.com\/en\/business-planning-3\/"]}]},{"@type":"ImageObject","inLanguage":"en-US","@id":"https:\/\/www.aktantis.com\/en\/business-planning-3\/#primaryimage","url":"https:\/\/www.aktantis.com\/wp-content\/uploads\/2019\/12\/PASS-STRATEGIE-300x300.jpg","contentUrl":"https:\/\/www.aktantis.com\/wp-content\/uploads\/2019\/12\/PASS-STRATEGIE-300x300.jpg"},{"@type":"BreadcrumbList","@id":"https:\/\/www.aktantis.com\/en\/business-planning-3\/#breadcrumb","itemListElement":[{"@type":"ListItem","position":1,"name":"Accueil","item":"https:\/\/www.aktantis.com\/en\/"},{"@type":"ListItem","position":2,"name":"Business planning"}]},{"@type":"WebSite","@id":"https:\/\/www.aktantis.com\/#website","url":"https:\/\/www.aktantis.com\/","name":"AKTANTIS","description":"1er \u00e9cosyst\u00e8me europ\u00e9en","publisher":{"@id":"https:\/\/www.aktantis.com\/#organization"},"potentialAction":[{"@type":"SearchAction","target":{"@type":"EntryPoint","urlTemplate":"https:\/\/www.aktantis.com\/?s={search_term_string}"},"query-input":{"@type":"PropertyValueSpecification","valueRequired":true,"valueName":"search_term_string"}}],"inLanguage":"en-US"},{"@type":"Organization","@id":"https:\/\/www.aktantis.com\/#organization","name":"Aktantis","url":"https:\/\/www.aktantis.com\/","logo":{"@type":"ImageObject","inLanguage":"en-US","@id":"https:\/\/www.aktantis.com\/#\/schema\/logo\/image\/","url":"https:\/\/www.aktantis.com\/wp-content\/uploads\/2018\/03\/cropped-logo_scs.png","contentUrl":"https:\/\/www.aktantis.com\/wp-content\/uploads\/2018\/03\/cropped-logo_scs.png","width":720,"height":250,"caption":"Aktantis"},"image":{"@id":"https:\/\/www.aktantis.com\/#\/schema\/logo\/image\/"},"sameAs":["https:\/\/www.facebook.com\/PoleSCS\/","https:\/\/x.com\/Pole_SCS","https:\/\/www.linkedin.com\/company\/pole-scs\/"]}]}},"_links":{"self":[{"href":"https:\/\/www.aktantis.com\/en\/wp-json\/wp\/v2\/pages\/91146468","targetHints":{"allow":["GET"]}}],"collection":[{"href":"https:\/\/www.aktantis.com\/en\/wp-json\/wp\/v2\/pages"}],"about":[{"href":"https:\/\/www.aktantis.com\/en\/wp-json\/wp\/v2\/types\/page"}],"author":[{"embeddable":true,"href":"https:\/\/www.aktantis.com\/en\/wp-json\/wp\/v2\/users\/1"}],"replies":[{"embeddable":true,"href":"https:\/\/www.aktantis.com\/en\/wp-json\/wp\/v2\/comments?post=91146468"}],"version-history":[{"count":1,"href":"https:\/\/www.aktantis.com\/en\/wp-json\/wp\/v2\/pages\/91146468\/revisions"}],"predecessor-version":[{"id":91146469,"href":"https:\/\/www.aktantis.com\/en\/wp-json\/wp\/v2\/pages\/91146468\/revisions\/91146469"}],"wp:attachment":[{"href":"https:\/\/www.aktantis.com\/en\/wp-json\/wp\/v2\/media?parent=91146468"}],"curies":[{"name":"wp","href":"https:\/\/api.w.org\/{rel}","templated":true}]}}