{"id":91136493,"date":"2018-01-11T19:43:41","date_gmt":"2018-01-11T18:43:41","guid":{"rendered":"https:\/\/www.aktantis.com\/ecosystem\/network\/"},"modified":"2024-11-13T19:15:46","modified_gmt":"2024-11-13T18:15:46","slug":"aktantis-national-network","status":"publish","type":"page","link":"https:\/\/www.aktantis.com\/en\/ecosystem\/aktantis-national-network\/","title":{"rendered":"AKTANTIS National Network"},"content":{"rendered":"<div class=\"wpb-content-wrapper\"><p>[vc_row css=&#8221;.vc_custom_1516293835315{padding-bottom: 50px !important;}&#8221;][vc_column][vc_column_text css_animation=&#8221;none&#8221; css=&#8221;&#8221;]<\/p>\n<h2 style=\"text-align: center;\">AKTANTIS French Network<\/h2>\n<p style=\"text-align: center;\">To give more visibility to its actions and to its members, AKTANTIS relies on a network of regional, and national partners.<br \/>\nAKTANTIS is also a member of many French and European associations.<\/p>\n<p>[\/vc_column_text][\/vc_column][\/vc_row][vc_row el_id=&#8221;institutions&#8221;][vc_column][vc_column_text]<\/p>\n<h3>Member of Institutions &amp; Associations:<\/h3>\n<p>[\/vc_column_text][\/vc_column][\/vc_row][vc_row equal_height=&#8221;yes&#8221; css=&#8221;.vc_custom_1517777135369{margin-bottom: 50px !important;padding-top: 0px !important;padding-right: 0px !important;padding-bottom: 0px !important;padding-left: 0px !important;}&#8221;][vc_column css=&#8221;.vc_custom_1517776356597{margin-top: 0px !important;margin-right: 0px !important;margin-bottom: 0px !important;margin-left: 0px !important;padding-top: 0px !important;padding-right: 0px !important;padding-bottom: 0px !important;padding-left: 0px !important;}&#8221;][vc_row_inner content_placement=&#8221;middle&#8221; css=&#8221;.vc_custom_1517777156776{margin-top: 0px !important;margin-right: 0px !important;margin-bottom: 30px !important;margin-left: 0px !important;border-top-width: 1px !important;border-right-width: 1px !important;border-bottom-width: 1px !important;border-left-width: 1px !important;padding-top: 0px !important;padding-right: 0px !important;padding-bottom: 0px !important;padding-left: 0px !important;border-left-color: #f0f0f0 !important;border-left-style: solid !important;border-right-color: #f0f0f0 !important;border-right-style: solid !important;border-top-color: #f0f0f0 !important;border-top-style: solid !important;border-bottom-color: #f0f0f0 !important;border-bottom-style: solid !important;}&#8221;][vc_column_inner width=&#8221;1\/3&#8243; css=&#8221;.vc_custom_1517776175091{margin-top: 0px !important;margin-right: 0px !important;margin-bottom: 0px !important;margin-left: 0px !important;padding-top: 0px !important;padding-right: 0px !important;padding-bottom: 0px !important;padding-left: 0px !important;background-color: #ffffff !important;}&#8221;][vc_single_image image=&#8221;91149108&#8243; img_size=&#8221;full&#8221; alignment=&#8221;center&#8221; css=&#8221;.vc_custom_1618999069567{margin-top: 0px !important;margin-bottom: 0px !important;}&#8221;][\/vc_column_inner][vc_column_inner width=&#8221;2\/3&#8243; css=&#8221;.vc_custom_1517776325465{margin-top: 0px !important;margin-right: 0px !important;margin-bottom: 0px !important;margin-left: 0px !important;padding-top: 0px !important;padding-right: 0px !important;padding-bottom: 0px !important;padding-left: 0px !important;background-color: #f0f0f0 !important;}&#8221;][vc_column_text css=&#8221;.vc_custom_1518882378506{margin-top: 0px !important;margin-right: 0px !important;margin-bottom: 0px !important;margin-left: 0px !important;padding-top: 70px !important;padding-right: 55px !important;padding-bottom: 70px !important;padding-left: 55px !important;}&#8221;]<\/p>\n<h3>Alliance pour la confiance num\u00e9rique<\/h3>\n<p>The \u201cAlliance pour la Confiance Num\u00e9rique\u201d is aimed to bring together the French and European digital trust key players and involved in building a strong digital security sector in France<\/p>\n<p>&nbsp;<\/p>\n<p><a href=\"https:\/\/www.confiance-numerique.fr\" target=\"_blank\" rel=\"noopener noreferrer\">www.confiance-numerique.fr<\/a>[\/vc_column_text][\/vc_column_inner][\/vc_row_inner][vc_row_inner content_placement=&#8221;middle&#8221; css=&#8221;.vc_custom_1517777107901{margin-top: 0px !important;margin-right: 0px !important;margin-bottom: 30px !important;margin-left: 0px !important;border-top-width: 1px !important;border-right-width: 1px !important;border-bottom-width: 1px !important;border-left-width: 1px !important;padding-top: 0px !important;padding-right: 0px !important;padding-bottom: 0px !important;padding-left: 0px !important;border-left-color: #f0f0f0 !important;border-left-style: solid !important;border-right-color: #f0f0f0 !important;border-right-style: solid !important;border-top-color: #f0f0f0 !important;border-top-style: solid !important;border-bottom-color: #f0f0f0 !important;border-bottom-style: solid !important;}&#8221;][vc_column_inner width=&#8221;1\/3&#8243; css=&#8221;.vc_custom_1517776175091{margin-top: 0px !important;margin-right: 0px !important;margin-bottom: 0px !important;margin-left: 0px !important;padding-top: 0px !important;padding-right: 0px !important;padding-bottom: 0px !important;padding-left: 0px !important;background-color: #ffffff !important;}&#8221;][vc_single_image image=&#8221;2686&#8243; img_size=&#8221;full&#8221; alignment=&#8221;center&#8221; css=&#8221;.vc_custom_1517863698303{margin-top: 0px !important;margin-bottom: 0px !important;}&#8221;][\/vc_column_inner][vc_column_inner width=&#8221;2\/3&#8243; css=&#8221;.vc_custom_1517776325465{margin-top: 0px !important;margin-right: 0px !important;margin-bottom: 0px !important;margin-left: 0px !important;padding-top: 0px !important;padding-right: 0px !important;padding-bottom: 0px !important;padding-left: 0px !important;background-color: #f0f0f0 !important;}&#8221;][vc_column_text css=&#8221;.vc_custom_1518882393529{margin-top: 0px !important;margin-right: 0px !important;margin-bottom: 0px !important;margin-left: 0px !important;padding-top: 70px !important;padding-right: 55px !important;padding-bottom: 70px !important;padding-left: 55px !important;}&#8221;]<\/p>\n<h3>Association fran\u00e7aise de l\u2019\u00e9lectronique imprim\u00e9e<\/h3>\n<p><span style=\"font-weight: 400;\">The main role of AFELIM is to promote the printed electronics fields in France.<\/span><\/p>\n<p>&nbsp;<\/p>\n<p><a href=\"http:\/\/www.afelim.fr\/\" target=\"_blank\" rel=\"noopener noreferrer\">www.afelim.fr<\/a>[\/vc_column_text][\/vc_column_inner][\/vc_row_inner][vc_row_inner content_placement=&#8221;middle&#8221; css=&#8221;.vc_custom_1517777107901{margin-top: 0px !important;margin-right: 0px !important;margin-bottom: 30px !important;margin-left: 0px !important;border-top-width: 1px !important;border-right-width: 1px !important;border-bottom-width: 1px !important;border-left-width: 1px !important;padding-top: 0px !important;padding-right: 0px !important;padding-bottom: 0px !important;padding-left: 0px !important;border-left-color: #f0f0f0 !important;border-left-style: solid !important;border-right-color: #f0f0f0 !important;border-right-style: solid !important;border-top-color: #f0f0f0 !important;border-top-style: solid !important;border-bottom-color: #f0f0f0 !important;border-bottom-style: solid !important;}&#8221;][vc_column_inner width=&#8221;1\/3&#8243; css=&#8221;.vc_custom_1517776175091{margin-top: 0px !important;margin-right: 0px !important;margin-bottom: 0px !important;margin-left: 0px !important;padding-top: 0px !important;padding-right: 0px !important;padding-bottom: 0px !important;padding-left: 0px !important;background-color: #ffffff !important;}&#8221;][vc_single_image image=&#8221;2791&#8243; img_size=&#8221;full&#8221; alignment=&#8221;center&#8221; css=&#8221;.vc_custom_1517872916043{margin-top: 0px !important;margin-bottom: 0px !important;}&#8221;][\/vc_column_inner][vc_column_inner width=&#8221;2\/3&#8243; css=&#8221;.vc_custom_1517776325465{margin-top: 0px !important;margin-right: 0px !important;margin-bottom: 0px !important;margin-left: 0px !important;padding-top: 0px !important;padding-right: 0px !important;padding-bottom: 0px !important;padding-left: 0px !important;background-color: #f0f0f0 !important;}&#8221;][vc_column_text css=&#8221;.vc_custom_1520277467128{margin-top: 0px !important;margin-right: 0px !important;margin-bottom: 0px !important;margin-left: 0px !important;padding-top: 70px !important;padding-right: 55px !important;padding-bottom: 70px !important;padding-left: 55px !important;}&#8221;]<\/p>\n<h3>Association Fran\u00e7aise des P\u00f4les de Comp\u00e9titivit\u00e9<\/h3>\n<p>Support and promote the clusters\u2019 SMEs members.<\/p>\n<p>&nbsp;<\/p>\n<p><a href=\"http:\/\/afpc.eu\/\" target=\"_blank\" rel=\"noopener noreferrer\">afpc.eu<\/a>[\/vc_column_text][\/vc_column_inner][\/vc_row_inner][vc_row_inner content_placement=&#8221;middle&#8221; css=&#8221;.vc_custom_1517777118440{margin-top: 0px !important;margin-right: 0px !important;margin-bottom: 30px !important;margin-left: 0px !important;border-top-width: 1px !important;border-right-width: 1px !important;border-bottom-width: 1px !important;border-left-width: 1px !important;padding-top: 0px !important;padding-right: 0px !important;padding-bottom: 0px !important;padding-left: 0px !important;border-left-color: #f0f0f0 !important;border-left-style: solid !important;border-right-color: #f0f0f0 !important;border-right-style: solid !important;border-top-color: #f0f0f0 !important;border-top-style: solid !important;border-bottom-color: #f0f0f0 !important;border-bottom-style: solid !important;}&#8221;][vc_column_inner width=&#8221;1\/3&#8243; css=&#8221;.vc_custom_1517776175091{margin-top: 0px !important;margin-right: 0px !important;margin-bottom: 0px !important;margin-left: 0px !important;padding-top: 0px !important;padding-right: 0px !important;padding-bottom: 0px !important;padding-left: 0px !important;background-color: #ffffff !important;}&#8221;][vc_single_image image=&#8221;91149111&#8243; img_size=&#8221;full&#8221; alignment=&#8221;center&#8221; css=&#8221;.vc_custom_1642154056401{margin-top: 0px !important;margin-bottom: 0px !important;}&#8221;][\/vc_column_inner][vc_column_inner width=&#8221;2\/3&#8243; css=&#8221;.vc_custom_1517776325465{margin-top: 0px !important;margin-right: 0px !important;margin-bottom: 0px !important;margin-left: 0px !important;padding-top: 0px !important;padding-right: 0px !important;padding-bottom: 0px !important;padding-left: 0px !important;background-color: #f0f0f0 !important;}&#8221;][vc_column_text css=&#8221;.vc_custom_1553158133883{margin-top: 0px !important;margin-right: 0px !important;margin-bottom: 0px !important;margin-left: 0px !important;padding-top: 70px !important;padding-right: 55px !important;padding-bottom: 70px !important;padding-left: 55px !important;}&#8221;]<\/p>\n<h3>Cluster IA<\/h3>\n<p><span style=\"font-weight: 400;\">The Cluster IA is the association bringing together all the actors of Artificial Intelligence (companies, associations and institutions around the 3IA C\u00f4te d&#8217;Azur).<\/span><\/p>\n<p>&nbsp;<\/p>\n<p><a href=\"https:\/\/www.clusteria.fr\/\" target=\"_blank\" rel=\"noopener noreferrer\">www.clusteria.fr\/<\/a>[\/vc_column_text][\/vc_column_inner][\/vc_row_inner][\/vc_column][\/vc_row][vc_row el_id=&#8221;partenaires&#8221;][vc_column css=&#8221;.vc_custom_1517766105679{padding-top: 40px !important;padding-bottom: 70px !important;}&#8221;][vc_column_text]<\/p>\n<h3>Our regional partners:<\/h3>\n<p>&nbsp;<\/p>\n<div class=\"partenaire-shortcode row\">\r\n\t<div class=\"col-md-4 aligncenter\"><a target=\"_blank\" href=\"https:\/\/c2rcsud.org\/\"><img loading=\"lazy\" decoding=\"async\" width=\"2560\" height=\"1045\" src=\"https:\/\/www.aktantis.com\/wp-content\/uploads\/2021\/03\/C2RC.png\" class=\"attachment-post-thumbnail size-post-thumbnail wp-post-image\" alt=\"\" srcset=\"https:\/\/www.aktantis.com\/wp-content\/uploads\/2021\/03\/C2RC.png 2560w, https:\/\/www.aktantis.com\/wp-content\/uploads\/2021\/03\/C2RC-300x122.png 300w, https:\/\/www.aktantis.com\/wp-content\/uploads\/2021\/03\/C2RC-1024x418.png 1024w, https:\/\/www.aktantis.com\/wp-content\/uploads\/2021\/03\/C2RC-768x314.png 768w, https:\/\/www.aktantis.com\/wp-content\/uploads\/2021\/03\/C2RC-1536x627.png 1536w, https:\/\/www.aktantis.com\/wp-content\/uploads\/2021\/03\/C2RC-2048x836.png 2048w, https:\/\/www.aktantis.com\/wp-content\/uploads\/2021\/03\/C2RC-160x65.png 160w, https:\/\/www.aktantis.com\/wp-content\/uploads\/2021\/03\/C2RC-218x89.png 218w\" sizes=\"auto, 100vw\" \/><\/a><\/div><div class=\"col-md-4 aligncenter\"><a target=\"_blank\" href=\"http:\/\/www.belledemai.org\/\"><img loading=\"lazy\" decoding=\"async\" width=\"300\" height=\"165\" src=\"https:\/\/www.aktantis.com\/wp-content\/uploads\/2018\/02\/logo-reseau-belle-de-mai.jpg\" class=\"attachment-post-thumbnail size-post-thumbnail wp-post-image\" alt=\"\" srcset=\"https:\/\/www.aktantis.com\/wp-content\/uploads\/2018\/02\/logo-reseau-belle-de-mai.jpg 300w, https:\/\/www.aktantis.com\/wp-content\/uploads\/2018\/02\/logo-reseau-belle-de-mai-160x88.jpg 160w, https:\/\/www.aktantis.com\/wp-content\/uploads\/2018\/02\/logo-reseau-belle-de-mai-162x89.jpg 162w\" sizes=\"auto, 100vw\" \/><\/a><\/div><div class=\"col-md-4 aligncenter\"><a target=\"_blank\" href=\"http:\/\/incubateur-impulse.fr\/\"><img loading=\"lazy\" decoding=\"async\" width=\"300\" height=\"165\" src=\"https:\/\/www.aktantis.com\/wp-content\/uploads\/2018\/02\/logo-reseau-impulse.jpg\" class=\"attachment-post-thumbnail size-post-thumbnail wp-post-image\" alt=\"\" srcset=\"https:\/\/www.aktantis.com\/wp-content\/uploads\/2018\/02\/logo-reseau-impulse.jpg 300w, https:\/\/www.aktantis.com\/wp-content\/uploads\/2018\/02\/logo-reseau-impulse-160x88.jpg 160w, https:\/\/www.aktantis.com\/wp-content\/uploads\/2018\/02\/logo-reseau-impulse-162x89.jpg 162w\" sizes=\"auto, 100vw\" \/><\/a><\/div><div class=\"col-md-4 aligncenter\"><a target=\"_blank\" href=\"http:\/\/www.incubateurpacaest.org\/\"><img loading=\"lazy\" decoding=\"async\" width=\"500\" height=\"218\" src=\"https:\/\/www.aktantis.com\/wp-content\/uploads\/2018\/02\/Logo_IPCA.png\" class=\"attachment-post-thumbnail size-post-thumbnail wp-post-image\" alt=\"\" srcset=\"https:\/\/www.aktantis.com\/wp-content\/uploads\/2018\/02\/Logo_IPCA.png 500w, https:\/\/www.aktantis.com\/wp-content\/uploads\/2018\/02\/Logo_IPCA-300x131.png 300w, https:\/\/www.aktantis.com\/wp-content\/uploads\/2018\/02\/Logo_IPCA-160x70.png 160w, https:\/\/www.aktantis.com\/wp-content\/uploads\/2018\/02\/Logo_IPCA-204x89.png 204w\" sizes=\"auto, 100vw\" \/><\/a><\/div><div class=\"col-md-4 aligncenter\"><a target=\"_blank\" href=\"https:\/\/www.investinprovence.com\/\"><img loading=\"lazy\" decoding=\"async\" width=\"730\" height=\"275\" src=\"https:\/\/www.aktantis.com\/wp-content\/uploads\/2018\/02\/provence_promotion.png\" class=\"attachment-post-thumbnail size-post-thumbnail wp-post-image\" alt=\"\" srcset=\"https:\/\/www.aktantis.com\/wp-content\/uploads\/2018\/02\/provence_promotion.png 730w, https:\/\/www.aktantis.com\/wp-content\/uploads\/2018\/02\/provence_promotion-300x113.png 300w, https:\/\/www.aktantis.com\/wp-content\/uploads\/2018\/02\/provence_promotion-160x60.png 160w, https:\/\/www.aktantis.com\/wp-content\/uploads\/2018\/02\/provence_promotion-236x89.png 236w\" sizes=\"auto, 100vw\" \/><\/a><\/div><div class=\"col-md-4 aligncenter\"><a target=\"_blank\" href=\"https:\/\/www.risingsud.fr\"><img loading=\"lazy\" decoding=\"async\" width=\"264\" height=\"98\" src=\"https:\/\/www.aktantis.com\/wp-content\/uploads\/2021\/03\/Rising-SUD.png\" class=\"attachment-post-thumbnail size-post-thumbnail wp-post-image\" alt=\"\" srcset=\"https:\/\/www.aktantis.com\/wp-content\/uploads\/2021\/03\/Rising-SUD.png 264w, https:\/\/www.aktantis.com\/wp-content\/uploads\/2021\/03\/Rising-SUD-160x59.png 160w, https:\/\/www.aktantis.com\/wp-content\/uploads\/2021\/03\/Rising-SUD-240x89.png 240w\" sizes=\"auto, 100vw\" \/><\/a><\/div><div class=\"col-md-4 aligncenter\"><a target=\"_blank\" href=\"http:\/\/www.investincotedazur.com\/\"><img loading=\"lazy\" decoding=\"async\" width=\"1181\" height=\"591\" src=\"https:\/\/www.aktantis.com\/wp-content\/uploads\/2018\/02\/TCA.png\" class=\"attachment-post-thumbnail size-post-thumbnail wp-post-image\" alt=\"\" srcset=\"https:\/\/www.aktantis.com\/wp-content\/uploads\/2018\/02\/TCA.png 1181w, https:\/\/www.aktantis.com\/wp-content\/uploads\/2018\/02\/TCA-300x150.png 300w, https:\/\/www.aktantis.com\/wp-content\/uploads\/2018\/02\/TCA-1024x512.png 1024w, https:\/\/www.aktantis.com\/wp-content\/uploads\/2018\/02\/TCA-768x384.png 768w, https:\/\/www.aktantis.com\/wp-content\/uploads\/2018\/02\/TCA-160x80.png 160w, https:\/\/www.aktantis.com\/wp-content\/uploads\/2018\/02\/TCA-178x89.png 178w\" sizes=\"auto, 100vw\" \/><\/a><\/div><div class=\"col-md-4 aligncenter\"><a target=\"_blank\" href=\"https:\/\/thecamp.fr\/fr\"><img loading=\"lazy\" decoding=\"async\" width=\"329\" height=\"153\" src=\"https:\/\/www.aktantis.com\/wp-content\/uploads\/2018\/02\/image3.png\" class=\"attachment-post-thumbnail size-post-thumbnail wp-post-image\" alt=\"\" srcset=\"https:\/\/www.aktantis.com\/wp-content\/uploads\/2018\/02\/image3.png 329w, https:\/\/www.aktantis.com\/wp-content\/uploads\/2018\/02\/image3-300x140.png 300w, https:\/\/www.aktantis.com\/wp-content\/uploads\/2018\/02\/image3-160x74.png 160w, https:\/\/www.aktantis.com\/wp-content\/uploads\/2018\/02\/image3-191x89.png 191w\" sizes=\"auto, 100vw\" \/><\/a><\/div><div class=\"col-md-4 aligncenter\"><a target=\"_blank\" href=\"http:\/\/www.tvt.fr\/\"><img loading=\"lazy\" decoding=\"async\" width=\"287\" height=\"176\" src=\"https:\/\/www.aktantis.com\/wp-content\/uploads\/2021\/03\/TVT-Innovation.jpg\" class=\"attachment-post-thumbnail size-post-thumbnail wp-post-image\" alt=\"\" srcset=\"https:\/\/www.aktantis.com\/wp-content\/uploads\/2021\/03\/TVT-Innovation.jpg 287w, https:\/\/www.aktantis.com\/wp-content\/uploads\/2021\/03\/TVT-Innovation-160x98.jpg 160w, https:\/\/www.aktantis.com\/wp-content\/uploads\/2021\/03\/TVT-Innovation-145x89.jpg 145w\" sizes=\"auto, 100vw\" \/><\/a><\/div><div class=\"col-md-4 aligncenter\"><a target=\"_blank\" href=\"https:\/\/www.investinvaucluseprovence.com\/\"><img loading=\"lazy\" decoding=\"async\" width=\"292\" height=\"151\" src=\"https:\/\/www.aktantis.com\/wp-content\/uploads\/2018\/02\/vaucluse-provence-attractivite.png\" class=\"attachment-post-thumbnail size-post-thumbnail wp-post-image\" alt=\"Vaucluse Provence attractivit\u00e9\" srcset=\"https:\/\/www.aktantis.com\/wp-content\/uploads\/2018\/02\/vaucluse-provence-attractivite.png 292w, https:\/\/www.aktantis.com\/wp-content\/uploads\/2018\/02\/vaucluse-provence-attractivite-160x83.png 160w, https:\/\/www.aktantis.com\/wp-content\/uploads\/2018\/02\/vaucluse-provence-attractivite-172x89.png 172w\" sizes=\"auto, 100vw\" \/><\/a><\/div>    <\/div>\r\n    [\/vc_column_text][\/vc_column][\/vc_row]<\/p>\n<\/div>","protected":false},"excerpt":{"rendered":"","protected":false},"author":1,"featured_media":0,"parent":91132255,"menu_order":0,"comment_status":"closed","ping_status":"closed","template":"","meta":{"footnotes":""},"class_list":["post-91136493","page","type-page","status-publish","hentry"],"yoast_head":"<!-- This site is optimized with the Yoast SEO plugin v25.8 - https:\/\/yoast.com\/wordpress\/plugins\/seo\/ -->\n<title>French Network | AKTANTIS World-Class Competitiveness Cluster<\/title>\n<meta name=\"description\" content=\"To give more visibility to its actions and to its members, AKTANTIS relies on a network of French partners\" \/>\n<meta name=\"robots\" content=\"index, follow, max-snippet:-1, max-image-preview:large, max-video-preview:-1\" \/>\n<link rel=\"canonical\" href=\"https:\/\/www.aktantis.com\/ecosysteme\/reseau-national-aktantis\/\" \/>\n<meta property=\"og:locale\" content=\"en_US\" \/>\n<meta property=\"og:type\" content=\"article\" \/>\n<meta property=\"og:title\" content=\"French Network | AKTANTIS World-Class Competitiveness Cluster\" \/>\n<meta property=\"og:description\" content=\"To give more visibility to its actions and to its members, AKTANTIS relies on a network of French partners\" \/>\n<meta property=\"og:url\" content=\"https:\/\/www.aktantis.com\/ecosysteme\/reseau-national-aktantis\/\" \/>\n<meta property=\"og:site_name\" content=\"AKTANTIS\" \/>\n<meta property=\"article:publisher\" content=\"https:\/\/www.facebook.com\/PoleSCS\/\" \/>\n<meta property=\"article:modified_time\" content=\"2024-11-13T18:15:46+00:00\" \/>\n<meta name=\"twitter:card\" content=\"summary_large_image\" \/>\n<meta name=\"twitter:site\" content=\"@Pole_SCS\" \/>\n<script type=\"application\/ld+json\" class=\"yoast-schema-graph\">{\"@context\":\"https:\/\/schema.org\",\"@graph\":[{\"@type\":\"WebPage\",\"@id\":\"https:\/\/www.aktantis.com\/ecosysteme\/reseau-national-aktantis\/\",\"url\":\"https:\/\/www.aktantis.com\/ecosysteme\/reseau-national-aktantis\/\",\"name\":\"French Network | AKTANTIS World-Class Competitiveness Cluster\",\"isPartOf\":{\"@id\":\"https:\/\/www.aktantis.com\/#website\"},\"datePublished\":\"2018-01-11T18:43:41+00:00\",\"dateModified\":\"2024-11-13T18:15:46+00:00\",\"description\":\"To give more visibility to its actions and to its members, AKTANTIS relies on a network of French partners\",\"breadcrumb\":{\"@id\":\"https:\/\/www.aktantis.com\/ecosysteme\/reseau-national-aktantis\/#breadcrumb\"},\"inLanguage\":\"en-US\",\"potentialAction\":[{\"@type\":\"ReadAction\",\"target\":[\"https:\/\/www.aktantis.com\/ecosysteme\/reseau-national-aktantis\/\"]}]},{\"@type\":\"BreadcrumbList\",\"@id\":\"https:\/\/www.aktantis.com\/ecosysteme\/reseau-national-aktantis\/#breadcrumb\",\"itemListElement\":[{\"@type\":\"ListItem\",\"position\":1,\"name\":\"Accueil\",\"item\":\"https:\/\/www.aktantis.com\/en\/\"},{\"@type\":\"ListItem\",\"position\":2,\"name\":\"Ecosystem\",\"item\":\"https:\/\/www.aktantis.com\/ecosysteme\/\"},{\"@type\":\"ListItem\",\"position\":3,\"name\":\"AKTANTIS National Network\"}]},{\"@type\":\"WebSite\",\"@id\":\"https:\/\/www.aktantis.com\/#website\",\"url\":\"https:\/\/www.aktantis.com\/\",\"name\":\"AKTANTIS\",\"description\":\"1er \u00e9cosyst\u00e8me europ\u00e9en\",\"publisher\":{\"@id\":\"https:\/\/www.aktantis.com\/#organization\"},\"potentialAction\":[{\"@type\":\"SearchAction\",\"target\":{\"@type\":\"EntryPoint\",\"urlTemplate\":\"https:\/\/www.aktantis.com\/?s={search_term_string}\"},\"query-input\":{\"@type\":\"PropertyValueSpecification\",\"valueRequired\":true,\"valueName\":\"search_term_string\"}}],\"inLanguage\":\"en-US\"},{\"@type\":\"Organization\",\"@id\":\"https:\/\/www.aktantis.com\/#organization\",\"name\":\"Aktantis\",\"url\":\"https:\/\/www.aktantis.com\/\",\"logo\":{\"@type\":\"ImageObject\",\"inLanguage\":\"en-US\",\"@id\":\"https:\/\/www.aktantis.com\/#\/schema\/logo\/image\/\",\"url\":\"https:\/\/www.aktantis.com\/wp-content\/uploads\/2018\/03\/cropped-logo_scs.png\",\"contentUrl\":\"https:\/\/www.aktantis.com\/wp-content\/uploads\/2018\/03\/cropped-logo_scs.png\",\"width\":720,\"height\":250,\"caption\":\"Aktantis\"},\"image\":{\"@id\":\"https:\/\/www.aktantis.com\/#\/schema\/logo\/image\/\"},\"sameAs\":[\"https:\/\/www.facebook.com\/PoleSCS\/\",\"https:\/\/x.com\/Pole_SCS\",\"https:\/\/www.linkedin.com\/company\/pole-scs\/\"]}]}<\/script>\n<!-- \/ Yoast SEO plugin. -->","yoast_head_json":{"title":"French Network | AKTANTIS World-Class Competitiveness Cluster","description":"To give more visibility to its actions and to its members, AKTANTIS relies on a network of French partners","robots":{"index":"index","follow":"follow","max-snippet":"max-snippet:-1","max-image-preview":"max-image-preview:large","max-video-preview":"max-video-preview:-1"},"canonical":"https:\/\/www.aktantis.com\/ecosysteme\/reseau-national-aktantis\/","og_locale":"en_US","og_type":"article","og_title":"French Network | AKTANTIS World-Class Competitiveness Cluster","og_description":"To give more visibility to its actions and to its members, AKTANTIS relies on a network of French partners","og_url":"https:\/\/www.aktantis.com\/ecosysteme\/reseau-national-aktantis\/","og_site_name":"AKTANTIS","article_publisher":"https:\/\/www.facebook.com\/PoleSCS\/","article_modified_time":"2024-11-13T18:15:46+00:00","twitter_card":"summary_large_image","twitter_site":"@Pole_SCS","schema":{"@context":"https:\/\/schema.org","@graph":[{"@type":"WebPage","@id":"https:\/\/www.aktantis.com\/ecosysteme\/reseau-national-aktantis\/","url":"https:\/\/www.aktantis.com\/ecosysteme\/reseau-national-aktantis\/","name":"French Network | AKTANTIS World-Class Competitiveness Cluster","isPartOf":{"@id":"https:\/\/www.aktantis.com\/#website"},"datePublished":"2018-01-11T18:43:41+00:00","dateModified":"2024-11-13T18:15:46+00:00","description":"To give more visibility to its actions and to its members, AKTANTIS relies on a network of French partners","breadcrumb":{"@id":"https:\/\/www.aktantis.com\/ecosysteme\/reseau-national-aktantis\/#breadcrumb"},"inLanguage":"en-US","potentialAction":[{"@type":"ReadAction","target":["https:\/\/www.aktantis.com\/ecosysteme\/reseau-national-aktantis\/"]}]},{"@type":"BreadcrumbList","@id":"https:\/\/www.aktantis.com\/ecosysteme\/reseau-national-aktantis\/#breadcrumb","itemListElement":[{"@type":"ListItem","position":1,"name":"Accueil","item":"https:\/\/www.aktantis.com\/en\/"},{"@type":"ListItem","position":2,"name":"Ecosystem","item":"https:\/\/www.aktantis.com\/ecosysteme\/"},{"@type":"ListItem","position":3,"name":"AKTANTIS National Network"}]},{"@type":"WebSite","@id":"https:\/\/www.aktantis.com\/#website","url":"https:\/\/www.aktantis.com\/","name":"AKTANTIS","description":"1er \u00e9cosyst\u00e8me europ\u00e9en","publisher":{"@id":"https:\/\/www.aktantis.com\/#organization"},"potentialAction":[{"@type":"SearchAction","target":{"@type":"EntryPoint","urlTemplate":"https:\/\/www.aktantis.com\/?s={search_term_string}"},"query-input":{"@type":"PropertyValueSpecification","valueRequired":true,"valueName":"search_term_string"}}],"inLanguage":"en-US"},{"@type":"Organization","@id":"https:\/\/www.aktantis.com\/#organization","name":"Aktantis","url":"https:\/\/www.aktantis.com\/","logo":{"@type":"ImageObject","inLanguage":"en-US","@id":"https:\/\/www.aktantis.com\/#\/schema\/logo\/image\/","url":"https:\/\/www.aktantis.com\/wp-content\/uploads\/2018\/03\/cropped-logo_scs.png","contentUrl":"https:\/\/www.aktantis.com\/wp-content\/uploads\/2018\/03\/cropped-logo_scs.png","width":720,"height":250,"caption":"Aktantis"},"image":{"@id":"https:\/\/www.aktantis.com\/#\/schema\/logo\/image\/"},"sameAs":["https:\/\/www.facebook.com\/PoleSCS\/","https:\/\/x.com\/Pole_SCS","https:\/\/www.linkedin.com\/company\/pole-scs\/"]}]}},"_links":{"self":[{"href":"https:\/\/www.aktantis.com\/en\/wp-json\/wp\/v2\/pages\/91136493","targetHints":{"allow":["GET"]}}],"collection":[{"href":"https:\/\/www.aktantis.com\/en\/wp-json\/wp\/v2\/pages"}],"about":[{"href":"https:\/\/www.aktantis.com\/en\/wp-json\/wp\/v2\/types\/page"}],"author":[{"embeddable":true,"href":"https:\/\/www.aktantis.com\/en\/wp-json\/wp\/v2\/users\/1"}],"replies":[{"embeddable":true,"href":"https:\/\/www.aktantis.com\/en\/wp-json\/wp\/v2\/comments?post=91136493"}],"version-history":[{"count":15,"href":"https:\/\/www.aktantis.com\/en\/wp-json\/wp\/v2\/pages\/91136493\/revisions"}],"predecessor-version":[{"id":91173990,"href":"https:\/\/www.aktantis.com\/en\/wp-json\/wp\/v2\/pages\/91136493\/revisions\/91173990"}],"up":[{"embeddable":true,"href":"https:\/\/www.aktantis.com\/en\/wp-json\/wp\/v2\/pages\/91132255"}],"wp:attachment":[{"href":"https:\/\/www.aktantis.com\/en\/wp-json\/wp\/v2\/media?parent=91136493"}],"curies":[{"name":"wp","href":"https:\/\/api.w.org\/{rel}","templated":true}]}}