{"id":91133004,"date":"2018-01-11T19:45:56","date_gmt":"2018-01-11T18:45:56","guid":{"rendered":"http:\/\/www.aktantis.com\/?page_id=91133004"},"modified":"2021-04-15T13:15:32","modified_gmt":"2021-04-15T11:15:32","slug":"newsletters","status":"publish","type":"page","link":"https:\/\/www.aktantis.com\/en\/newsletters\/","title":{"rendered":"Newsletters"},"content":{"rendered":"<div class=\"wpb-content-wrapper\"><p>[vc_row css=&#8221;.vc_custom_1516293835315{padding-bottom: 50px !important;}&#8221;][vc_column][vc_column_text css_animation=&#8221;none&#8221;]<\/p>\n<hr \/>\n<h2 style=\"text-align: center;\"><span>Subscribe to<\/span> our newsletter<\/h2>\n<p style=\"text-align: center;\">To receive news from the SCS Cluster and its partners, to know all about our events and our international actions, to know the latest calls for innovative projects, and many other topics &#8230;<\/p>\n<p style=\"text-align: center;\"><strong>Subscribe to our monthly newsletter!<\/strong> (in French of course)<\/p>\n<p>[\/vc_column_text][vc_row_inner][vc_column_inner el_class=&#8221;form-container-center&#8221; el_id=&#8221;custom-form&#8221;]<script type=\"text\/javascript\">\n\/* <![CDATA[ *\/\nvar gform;gform||(document.addEventListener(\"gform_main_scripts_loaded\",function(){gform.scriptsLoaded=!0}),document.addEventListener(\"gform\/theme\/scripts_loaded\",function(){gform.themeScriptsLoaded=!0}),window.addEventListener(\"DOMContentLoaded\",function(){gform.domLoaded=!0}),gform={domLoaded:!1,scriptsLoaded:!1,themeScriptsLoaded:!1,isFormEditor:()=>\"function\"==typeof InitializeEditor,callIfLoaded:function(o){return!(!gform.domLoaded||!gform.scriptsLoaded||!gform.themeScriptsLoaded&&!gform.isFormEditor()||(gform.isFormEditor()&&console.warn(\"The use of gform.initializeOnLoaded() is deprecated in the form editor context and will be removed in Gravity Forms 3.1.\"),o(),0))},initializeOnLoaded:function(o){gform.callIfLoaded(o)||(document.addEventListener(\"gform_main_scripts_loaded\",()=>{gform.scriptsLoaded=!0,gform.callIfLoaded(o)}),document.addEventListener(\"gform\/theme\/scripts_loaded\",()=>{gform.themeScriptsLoaded=!0,gform.callIfLoaded(o)}),window.addEventListener(\"DOMContentLoaded\",()=>{gform.domLoaded=!0,gform.callIfLoaded(o)}))},hooks:{action:{},filter:{}},addAction:function(o,r,e,t){gform.addHook(\"action\",o,r,e,t)},addFilter:function(o,r,e,t){gform.addHook(\"filter\",o,r,e,t)},doAction:function(o){gform.doHook(\"action\",o,arguments)},applyFilters:function(o){return gform.doHook(\"filter\",o,arguments)},removeAction:function(o,r){gform.removeHook(\"action\",o,r)},removeFilter:function(o,r,e){gform.removeHook(\"filter\",o,r,e)},addHook:function(o,r,e,t,n){null==gform.hooks[o][r]&&(gform.hooks[o][r]=[]);var d=gform.hooks[o][r];null==n&&(n=r+\"_\"+d.length),gform.hooks[o][r].push({tag:n,callable:e,priority:t=null==t?10:t})},doHook:function(r,o,e){var t;if(e=Array.prototype.slice.call(e,1),null!=gform.hooks[r][o]&&((o=gform.hooks[r][o]).sort(function(o,r){return o.priority-r.priority}),o.forEach(function(o){\"function\"!=typeof(t=o.callable)&&(t=window[t]),\"action\"==r?t.apply(null,e):e[0]=t.apply(null,e)})),\"filter\"==r)return e[0]},removeHook:function(o,r,t,n){var e;null!=gform.hooks[o][r]&&(e=(e=gform.hooks[o][r]).filter(function(o,r,e){return!!(null!=n&&n!=o.tag||null!=t&&t!=o.priority)}),gform.hooks[o][r]=e)}});\n\/* ]]> *\/\n<\/script>\n\n                <div class='gf_browser_gecko gform_wrapper gform_legacy_markup_wrapper gform-theme--no-framework' data-form-theme='legacy' data-form-index='0' id='gform_wrapper_5' ><form method='post' enctype='multipart\/form-data' target='gform_ajax_frame_5' id='gform_5'  action='\/en\/wp-json\/wp\/v2\/pages\/91133004' data-formid='5' novalidate>\n                        <div class='gform-body gform_body'><ul id='gform_fields_5' class='gform_fields top_label form_sublabel_below description_below validation_below'><li id=\"field_5_7\" class=\"gfield gfield--type-text gfield--input-type-text field_sublabel_below gfield--no-description field_description_below field_validation_below gfield_visibility_visible\"  ><label class='gfield_label gform-field-label' for='input_5_7'>Last Name:<\/label><div class='ginput_container ginput_container_text'><input name='input_7' id='input_5_7' type='text' value='' class='medium'      aria-invalid=\"false\"   \/><\/div><\/li><li id=\"field_5_10\" class=\"gfield gfield--type-text gfield--input-type-text field_sublabel_below gfield--no-description field_description_below field_validation_below gfield_visibility_visible\"  ><label class='gfield_label gform-field-label' for='input_5_10'>First Name<\/label><div class='ginput_container ginput_container_text'><input name='input_10' id='input_5_10' type='text' value='' class='medium'      aria-invalid=\"false\"   \/><\/div><\/li><li id=\"field_5_1\" class=\"gfield gfield--type-text gfield--input-type-text field_sublabel_below gfield--no-description field_description_below field_validation_below gfield_visibility_visible\"  ><label class='gfield_label gform-field-label' for='input_5_1'>Company:<\/label><div class='ginput_container ginput_container_text'><input name='input_1' id='input_5_1' type='text' value='' class='medium'      aria-invalid=\"false\"   \/><\/div><\/li><li id=\"field_5_3\" class=\"gfield gfield--type-email gfield--input-type-email gfield_contains_required field_sublabel_below gfield--no-description field_description_below field_validation_below gfield_visibility_visible\"  ><label class='gfield_label gform-field-label' for='input_5_3'>Email:<span class=\"gfield_required\"><span class=\"gfield_required gfield_required_asterisk\">*<\/span><\/span><\/label><div class='ginput_container ginput_container_email'>\n                            <input name='input_3' id='input_5_3' type='email' value='' class='medium'    aria-required=\"true\" aria-invalid=\"false\"  \/>\n                        <\/div><\/li><li id=\"field_5_9\" class=\"gfield gfield--type-checkbox gfield--type-choice gfield--input-type-checkbox gfield_contains_required field_sublabel_below gfield--has-description field_description_below field_validation_below gfield_visibility_visible\"  ><label class='gfield_label gform-field-label gfield_label_before_complex' >I accept to receive news from AKTANTIS<span class=\"gfield_required\"><span class=\"gfield_required gfield_required_asterisk\">*<\/span><\/span><\/label><div class='ginput_container ginput_container_checkbox'><ul class='gfield_checkbox' id='input_5_9'><li class='gchoice gchoice_5_9_1'>\n\t\t\t\t\t\t\t\t<input class='gfield-choice-input' name='input_9.1' type='checkbox'  value='Yes'  id='choice_5_9_1'   aria-describedby=\"gfield_description_5_9\"\/>\n\t\t\t\t\t\t\t\t<label for='choice_5_9_1' id='label_5_9_1' class='gform-field-label gform-field-label--type-inline'>Yes<\/label>\n\t\t\t\t\t\t\t<\/li><\/ul><\/div><div class='gfield_description' id='gfield_description_5_9'>In accordance with the Data Protection Act of 6 January 1978 as amended and the European Regulation of 27 April 2016, the information collected as part of this registration form for newsletters is subject to computer processing. In this context, you have, on your data, a right of access, rectification, deletion, portability, limitation, opposition to treatment, and organization of the fate of your post-mortem data. You also have the right to withdraw your consent at any time. All your rights may be exercised by contacting AKTANTIS Communication - <a href=\"mailto:contact@aktantis.com\">contact@aktantis.com<\/a><\/span>. You also have the possibility to lodge a complaint with the supervisory authority (CNIL). If you wish to unsubscribe, you can do so via the following link: <a href=\"mailto:contact@aktantis.com\">Unsubscribe<\/a><\/span>. For more information, please see our <a href=\"https:\/\/www.aktantis.com\/en\/legal-notice\/\" target=\"_blank\" rel=\"noopener\">Privacy Policy<\/a><\/span><\/div><\/li><li id=\"field_5_11\" class=\"gfield gfield--type-honeypot gform_validation_container field_sublabel_below gfield--has-description field_description_below field_validation_below gfield_visibility_visible\"  ><label class='gfield_label gform-field-label' for='input_5_11'>X\/Twitter<\/label><div class='ginput_container'><input name='input_11' id='input_5_11' type='text' value='' autocomplete='new-password'\/><\/div><div class='gfield_description' id='gfield_description_5_11'>This field is for validation purposes and should be left unchanged.<\/div><\/li><\/ul><\/div>\n        <div class='gform-footer gform_footer top_label'> <input type='submit' id='gform_submit_button_5' class='gform_button button' onclick='gform.submission.handleButtonClick(this);' data-submission-type='submit' value='Subscribe'  \/> <input type='hidden' name='gform_ajax' value='form_id=5&amp;title=&amp;description=&amp;tabindex=0&amp;theme=legacy&amp;styles=[]&amp;hash=af07b4de0079a73ae6a927d649ec2842' \/>\n            <input type='hidden' class='gform_hidden' name='gform_submission_method' data-js='gform_submission_method_5' value='iframe' \/>\n            <input type='hidden' class='gform_hidden' name='gform_theme' data-js='gform_theme_5' id='gform_theme_5' value='legacy' \/>\n            <input type='hidden' class='gform_hidden' name='gform_style_settings' data-js='gform_style_settings_5' id='gform_style_settings_5' value='[]' \/>\n            <input type='hidden' class='gform_hidden' name='is_submit_5' value='1' \/>\n            <input type='hidden' class='gform_hidden' name='gform_submit' value='5' \/>\n            \n            <input type='hidden' class='gform_hidden' name='gform_unique_id' value='' \/>\n            <input type='hidden' class='gform_hidden' name='state_5' value='WyJbXSIsIjcwNDM2ZTFiNTBmMmU1M2UwM2JmYzU3N2Q3Y2FiNjI0Il0=' \/>\n            <input type='hidden' autocomplete='off' class='gform_hidden' name='gform_target_page_number_5' id='gform_target_page_number_5' value='0' \/>\n            <input type='hidden' autocomplete='off' class='gform_hidden' name='gform_source_page_number_5' id='gform_source_page_number_5' value='1' \/>\n            <input type='hidden' name='gform_field_values' value='' \/>\n            \n        <\/div>\n                        <\/form>\n                        <\/div>\n\t\t                <iframe style='display:none;width:0px;height:0px;' src='about:blank' name='gform_ajax_frame_5' id='gform_ajax_frame_5' title='This iframe contains the logic required to handle Ajax powered Gravity Forms.'><\/iframe>\n\t\t                <script type=\"text\/javascript\">\n\/* <![CDATA[ *\/\n gform.initializeOnLoaded( function() {gformInitSpinner( 5, 'https:\/\/www.aktantis.com\/wp-content\/plugins\/gravityforms\/images\/spinner.svg', true );jQuery('#gform_ajax_frame_5').on('load',function(){var contents = jQuery(this).contents().find('*').html();var is_postback = contents.indexOf('GF_AJAX_POSTBACK') >= 0;if(!is_postback){return;}var form_content = jQuery(this).contents().find('#gform_wrapper_5');var is_confirmation = jQuery(this).contents().find('#gform_confirmation_wrapper_5').length > 0;var is_redirect = contents.indexOf('gformRedirect(){') >= 0;var is_form = form_content.length > 0 && ! is_redirect && ! is_confirmation;var mt = parseInt(jQuery('html').css('margin-top'), 10) + parseInt(jQuery('body').css('margin-top'), 10) + 100;if(is_form){jQuery('#gform_wrapper_5').html(form_content.html());if(form_content.hasClass('gform_validation_error')){jQuery('#gform_wrapper_5').addClass('gform_validation_error');} else {jQuery('#gform_wrapper_5').removeClass('gform_validation_error');}setTimeout( function() { \/* delay the scroll by 50 milliseconds to fix a bug in chrome *\/  }, 50 );if(window['gformInitDatepicker']) {gformInitDatepicker();}if(window['gformInitPriceFields']) {gformInitPriceFields();}var current_page = jQuery('#gform_source_page_number_5').val();gformInitSpinner( 5, 'https:\/\/www.aktantis.com\/wp-content\/plugins\/gravityforms\/images\/spinner.svg', true );jQuery(document).trigger('gform_page_loaded', [5, current_page]);window['gf_submitting_5'] = false;}else if(!is_redirect){var confirmation_content = jQuery(this).contents().find('.GF_AJAX_POSTBACK').html();if(!confirmation_content){confirmation_content = contents;}jQuery('#gform_wrapper_5').replaceWith(confirmation_content);jQuery(document).trigger('gform_confirmation_loaded', [5]);window['gf_submitting_5'] = false;wp.a11y.speak(jQuery('#gform_confirmation_message_5').text());}else{jQuery('#gform_5').append(contents);if(window['gformRedirect']) {gformRedirect();}}jQuery(document).trigger(\"gform_pre_post_render\", [{ formId: \"5\", currentPage: \"current_page\", abort: function() { this.preventDefault(); } }]);        if (event && event.defaultPrevented) {                return;        }        const gformWrapperDiv = document.getElementById( \"gform_wrapper_5\" );        if ( gformWrapperDiv ) {            const visibilitySpan = document.createElement( \"span\" );            visibilitySpan.id = \"gform_visibility_test_5\";            gformWrapperDiv.insertAdjacentElement( \"afterend\", visibilitySpan );        }        const visibilityTestDiv = document.getElementById( \"gform_visibility_test_5\" );        let postRenderFired = false;        function triggerPostRender() {            if ( postRenderFired ) {                return;            }            postRenderFired = true;            gform.core.triggerPostRenderEvents( 5, current_page );            if ( visibilityTestDiv ) {                visibilityTestDiv.parentNode.removeChild( visibilityTestDiv );            }        }        function debounce( func, wait, immediate ) {            var timeout;            return function() {                var context = this, args = arguments;                var later = function() {                    timeout = null;                    if ( !immediate ) func.apply( context, args );                };                var callNow = immediate && !timeout;                clearTimeout( timeout );                timeout = setTimeout( later, wait );                if ( callNow ) func.apply( context, args );            };        }        const debouncedTriggerPostRender = debounce( function() {            triggerPostRender();        }, 200 );        if ( visibilityTestDiv && visibilityTestDiv.offsetParent === null ) {            const observer = new MutationObserver( ( mutations ) => {                mutations.forEach( ( mutation ) => {                    if ( mutation.type === 'attributes' && visibilityTestDiv.offsetParent !== null ) {                        debouncedTriggerPostRender();                        observer.disconnect();                    }                });            });            observer.observe( document.body, {                attributes: true,                childList: false,                subtree: true,                attributeFilter: [ 'style', 'class' ],            });        } else {            triggerPostRender();        }    } );} ); \n\/* ]]> *\/\n<\/script>\n[\/vc_column_inner][\/vc_row_inner][\/vc_column][\/vc_row][vc_row css=&#8221;.vc_custom_1516293835315{padding-bottom: 50px !important;}&#8221;][vc_column offset=&#8221;vc_hidden-lg vc_hidden-md vc_hidden-sm vc_hidden-xs&#8221;][vc_column_text css_animation=&#8221;none&#8221;]<\/p>\n<hr \/>\n<h2 style=\"text-align: center;\"><span>Read<\/span> our Microelectronics Newsletter<\/h2>\n<p style=\"text-align: center;\">Last Microelectronics Newsletter (May 2019) <a href=\"https:\/\/mailchi.mp\/aktantis.com\/microelectronics-newsletter-n4en\" target=\"_blank\" rel=\"noopener noreferrer\">here<\/a><\/p>\n<p>[\/vc_column_text][\/vc_column][\/vc_row][vc_row][vc_column][vc_empty_space height=&#8221;50px&#8221;][\/vc_column][\/vc_row]<\/p>\n<\/div>","protected":false},"excerpt":{"rendered":"<p>[vc_row css=&#8221;.vc_custom_1516293835315{padding-bottom: 50px !important;}&#8221;][vc_column][vc_column_text css_animation=&#8221;none&#8221;]<\/p>\n<p>Subscribe to our newsletter<br \/>\nTo receive news from the SCS Cluster and its partners, to know all about our events and our&#8230;<\/p>\n","protected":false},"author":1,"featured_media":0,"parent":0,"menu_order":0,"comment_status":"closed","ping_status":"closed","template":"","meta":{"footnotes":""},"class_list":["post-91133004","page","type-page","status-publish","hentry"],"yoast_head":"<!-- This site is optimized with the Yoast SEO plugin v25.8 - https:\/\/yoast.com\/wordpress\/plugins\/seo\/ -->\n<title>Newsletters P\u00f4le SCS<\/title>\n<meta name=\"description\" content=\"Pour recevoir l\u2019actualit\u00e9 du P\u00f4le Aktantis et de ses partenaires, tout savoir sur nos \u00e9v\u00e9nements et nos actions \u00e0 l\u2019international, conna\u00eetre les derniers appels \u00e0 projets innovants, et bien d\u2019autres sujets\u2026\" \/>\n<meta name=\"robots\" content=\"index, follow, max-snippet:-1, max-image-preview:large, max-video-preview:-1\" \/>\n<link rel=\"canonical\" href=\"https:\/\/www.aktantis.com\/newsletters\/\" \/>\n<meta property=\"og:locale\" content=\"en_US\" \/>\n<meta property=\"og:type\" content=\"article\" \/>\n<meta property=\"og:title\" content=\"Newsletters P\u00f4le SCS\" \/>\n<meta property=\"og:description\" content=\"Pour recevoir l\u2019actualit\u00e9 du P\u00f4le Aktantis et de ses partenaires, tout savoir sur nos \u00e9v\u00e9nements et nos actions \u00e0 l\u2019international, conna\u00eetre les derniers appels \u00e0 projets innovants, et bien d\u2019autres sujets\u2026\" \/>\n<meta property=\"og:url\" content=\"https:\/\/www.aktantis.com\/newsletters\/\" \/>\n<meta property=\"og:site_name\" content=\"AKTANTIS\" \/>\n<meta property=\"article:publisher\" content=\"https:\/\/www.facebook.com\/PoleSCS\/\" \/>\n<meta property=\"article:modified_time\" content=\"2021-04-15T11:15:32+00:00\" \/>\n<meta name=\"twitter:card\" content=\"summary_large_image\" \/>\n<meta name=\"twitter:site\" content=\"@Pole_SCS\" \/>\n<script type=\"application\/ld+json\" class=\"yoast-schema-graph\">{\"@context\":\"https:\/\/schema.org\",\"@graph\":[{\"@type\":\"WebPage\",\"@id\":\"https:\/\/www.aktantis.com\/newsletters\/\",\"url\":\"https:\/\/www.aktantis.com\/newsletters\/\",\"name\":\"Newsletters P\u00f4le SCS\",\"isPartOf\":{\"@id\":\"https:\/\/www.aktantis.com\/#website\"},\"datePublished\":\"2018-01-11T18:45:56+00:00\",\"dateModified\":\"2021-04-15T11:15:32+00:00\",\"description\":\"Pour recevoir l\u2019actualit\u00e9 du P\u00f4le Aktantis et de ses partenaires, tout savoir sur nos \u00e9v\u00e9nements et nos actions \u00e0 l\u2019international, conna\u00eetre les derniers appels \u00e0 projets innovants, et bien d\u2019autres sujets\u2026\",\"breadcrumb\":{\"@id\":\"https:\/\/www.aktantis.com\/newsletters\/#breadcrumb\"},\"inLanguage\":\"en-US\",\"potentialAction\":[{\"@type\":\"ReadAction\",\"target\":[\"https:\/\/www.aktantis.com\/newsletters\/\"]}]},{\"@type\":\"BreadcrumbList\",\"@id\":\"https:\/\/www.aktantis.com\/newsletters\/#breadcrumb\",\"itemListElement\":[{\"@type\":\"ListItem\",\"position\":1,\"name\":\"Accueil\",\"item\":\"https:\/\/www.aktantis.com\/en\/\"},{\"@type\":\"ListItem\",\"position\":2,\"name\":\"Newsletters\"}]},{\"@type\":\"WebSite\",\"@id\":\"https:\/\/www.aktantis.com\/#website\",\"url\":\"https:\/\/www.aktantis.com\/\",\"name\":\"AKTANTIS\",\"description\":\"\u00c9cosyst\u00e8me europ\u00e9en Deeptech pour une transition num\u00e9rique durable\",\"publisher\":{\"@id\":\"https:\/\/www.aktantis.com\/#organization\"},\"potentialAction\":[{\"@type\":\"SearchAction\",\"target\":{\"@type\":\"EntryPoint\",\"urlTemplate\":\"https:\/\/www.aktantis.com\/?s={search_term_string}\"},\"query-input\":{\"@type\":\"PropertyValueSpecification\",\"valueRequired\":true,\"valueName\":\"search_term_string\"}}],\"inLanguage\":\"en-US\"},{\"@type\":\"Organization\",\"@id\":\"https:\/\/www.aktantis.com\/#organization\",\"name\":\"Aktantis\",\"url\":\"https:\/\/www.aktantis.com\/\",\"logo\":{\"@type\":\"ImageObject\",\"inLanguage\":\"en-US\",\"@id\":\"https:\/\/www.aktantis.com\/#\/schema\/logo\/image\/\",\"url\":\"https:\/\/www.aktantis.com\/wp-content\/uploads\/2018\/03\/cropped-logo_scs.png\",\"contentUrl\":\"https:\/\/www.aktantis.com\/wp-content\/uploads\/2018\/03\/cropped-logo_scs.png\",\"width\":720,\"height\":250,\"caption\":\"Aktantis\"},\"image\":{\"@id\":\"https:\/\/www.aktantis.com\/#\/schema\/logo\/image\/\"},\"sameAs\":[\"https:\/\/www.facebook.com\/PoleSCS\/\",\"https:\/\/x.com\/Pole_SCS\",\"https:\/\/www.linkedin.com\/company\/pole-scs\/\"]}]}<\/script>\n<!-- \/ Yoast SEO plugin. -->","yoast_head_json":{"title":"Newsletters P\u00f4le SCS","description":"Pour recevoir l\u2019actualit\u00e9 du P\u00f4le Aktantis et de ses partenaires, tout savoir sur nos \u00e9v\u00e9nements et nos actions \u00e0 l\u2019international, conna\u00eetre les derniers appels \u00e0 projets innovants, et bien d\u2019autres sujets\u2026","robots":{"index":"index","follow":"follow","max-snippet":"max-snippet:-1","max-image-preview":"max-image-preview:large","max-video-preview":"max-video-preview:-1"},"canonical":"https:\/\/www.aktantis.com\/newsletters\/","og_locale":"en_US","og_type":"article","og_title":"Newsletters P\u00f4le SCS","og_description":"Pour recevoir l\u2019actualit\u00e9 du P\u00f4le Aktantis et de ses partenaires, tout savoir sur nos \u00e9v\u00e9nements et nos actions \u00e0 l\u2019international, conna\u00eetre les derniers appels \u00e0 projets innovants, et bien d\u2019autres sujets\u2026","og_url":"https:\/\/www.aktantis.com\/newsletters\/","og_site_name":"AKTANTIS","article_publisher":"https:\/\/www.facebook.com\/PoleSCS\/","article_modified_time":"2021-04-15T11:15:32+00:00","twitter_card":"summary_large_image","twitter_site":"@Pole_SCS","schema":{"@context":"https:\/\/schema.org","@graph":[{"@type":"WebPage","@id":"https:\/\/www.aktantis.com\/newsletters\/","url":"https:\/\/www.aktantis.com\/newsletters\/","name":"Newsletters P\u00f4le SCS","isPartOf":{"@id":"https:\/\/www.aktantis.com\/#website"},"datePublished":"2018-01-11T18:45:56+00:00","dateModified":"2021-04-15T11:15:32+00:00","description":"Pour recevoir l\u2019actualit\u00e9 du P\u00f4le Aktantis et de ses partenaires, tout savoir sur nos \u00e9v\u00e9nements et nos actions \u00e0 l\u2019international, conna\u00eetre les derniers appels \u00e0 projets innovants, et bien d\u2019autres sujets\u2026","breadcrumb":{"@id":"https:\/\/www.aktantis.com\/newsletters\/#breadcrumb"},"inLanguage":"en-US","potentialAction":[{"@type":"ReadAction","target":["https:\/\/www.aktantis.com\/newsletters\/"]}]},{"@type":"BreadcrumbList","@id":"https:\/\/www.aktantis.com\/newsletters\/#breadcrumb","itemListElement":[{"@type":"ListItem","position":1,"name":"Accueil","item":"https:\/\/www.aktantis.com\/en\/"},{"@type":"ListItem","position":2,"name":"Newsletters"}]},{"@type":"WebSite","@id":"https:\/\/www.aktantis.com\/#website","url":"https:\/\/www.aktantis.com\/","name":"AKTANTIS","description":"\u00c9cosyst\u00e8me europ\u00e9en Deeptech pour une transition num\u00e9rique durable","publisher":{"@id":"https:\/\/www.aktantis.com\/#organization"},"potentialAction":[{"@type":"SearchAction","target":{"@type":"EntryPoint","urlTemplate":"https:\/\/www.aktantis.com\/?s={search_term_string}"},"query-input":{"@type":"PropertyValueSpecification","valueRequired":true,"valueName":"search_term_string"}}],"inLanguage":"en-US"},{"@type":"Organization","@id":"https:\/\/www.aktantis.com\/#organization","name":"Aktantis","url":"https:\/\/www.aktantis.com\/","logo":{"@type":"ImageObject","inLanguage":"en-US","@id":"https:\/\/www.aktantis.com\/#\/schema\/logo\/image\/","url":"https:\/\/www.aktantis.com\/wp-content\/uploads\/2018\/03\/cropped-logo_scs.png","contentUrl":"https:\/\/www.aktantis.com\/wp-content\/uploads\/2018\/03\/cropped-logo_scs.png","width":720,"height":250,"caption":"Aktantis"},"image":{"@id":"https:\/\/www.aktantis.com\/#\/schema\/logo\/image\/"},"sameAs":["https:\/\/www.facebook.com\/PoleSCS\/","https:\/\/x.com\/Pole_SCS","https:\/\/www.linkedin.com\/company\/pole-scs\/"]}]}},"_links":{"self":[{"href":"https:\/\/www.aktantis.com\/en\/wp-json\/wp\/v2\/pages\/91133004","targetHints":{"allow":["GET"]}}],"collection":[{"href":"https:\/\/www.aktantis.com\/en\/wp-json\/wp\/v2\/pages"}],"about":[{"href":"https:\/\/www.aktantis.com\/en\/wp-json\/wp\/v2\/types\/page"}],"author":[{"embeddable":true,"href":"https:\/\/www.aktantis.com\/en\/wp-json\/wp\/v2\/users\/1"}],"replies":[{"embeddable":true,"href":"https:\/\/www.aktantis.com\/en\/wp-json\/wp\/v2\/comments?post=91133004"}],"version-history":[{"count":11,"href":"https:\/\/www.aktantis.com\/en\/wp-json\/wp\/v2\/pages\/91133004\/revisions"}],"predecessor-version":[{"id":91150039,"href":"https:\/\/www.aktantis.com\/en\/wp-json\/wp\/v2\/pages\/91133004\/revisions\/91150039"}],"wp:attachment":[{"href":"https:\/\/www.aktantis.com\/en\/wp-json\/wp\/v2\/media?parent=91133004"}],"curies":[{"name":"wp","href":"https:\/\/api.w.org\/{rel}","templated":true}]}}