{"id":91132447,"date":"2018-01-18T18:00:46","date_gmt":"2018-01-18T17:00:46","guid":{"rendered":"http:\/\/www.aktantis.com\/expertise\/"},"modified":"2020-04-01T16:04:28","modified_gmt":"2020-04-01T14:04:28","slug":"expertise-skills","status":"publish","type":"page","link":"https:\/\/www.aktantis.com\/en\/expertise-skills\/","title":{"rendered":"Expertise &#038; Skills"},"content":{"rendered":"<div class=\"wpb-content-wrapper\"><p>[vc_row css=&#8221;.vc_custom_1516293835315{padding-bottom: 50px !important;}&#8221;][vc_column][vc_column_text css_animation=&#8221;none&#8221;]<\/p>\n<hr \/>\n<h2 style=\"text-align: center;\"><span>I want to<\/span>\u00a0find an expert<\/h2>\n<p style=\"text-align: center;\"><span data-sheets-value=\"{&quot;1&quot;:2,&quot;2&quot;:&quot;Do you need to find an expert? Are you looking for a specific expertise, the SCS Cluster provides you with the best experts &quot;}\" data-sheets-userformat=\"{&quot;2&quot;:13117,&quot;3&quot;:[null,0],&quot;5&quot;:{&quot;1&quot;:[{&quot;1&quot;:2,&quot;2&quot;:0,&quot;5&quot;:[null,2,0]},{&quot;1&quot;:0,&quot;2&quot;:0,&quot;3&quot;:3},{&quot;1&quot;:1,&quot;2&quot;:0,&quot;4&quot;:1}]},&quot;6&quot;:{&quot;1&quot;:[{&quot;1&quot;:2,&quot;2&quot;:0,&quot;5&quot;:[null,2,0]},{&quot;1&quot;:0,&quot;2&quot;:0,&quot;3&quot;:3},{&quot;1&quot;:1,&quot;2&quot;:0,&quot;4&quot;:1}]},&quot;7&quot;:{&quot;1&quot;:[{&quot;1&quot;:2,&quot;2&quot;:0,&quot;5&quot;:[null,2,0]},{&quot;1&quot;:0,&quot;2&quot;:0,&quot;3&quot;:3},{&quot;1&quot;:1,&quot;2&quot;:0,&quot;4&quot;:1}]},&quot;8&quot;:{&quot;1&quot;:[{&quot;1&quot;:2,&quot;2&quot;:0,&quot;5&quot;:[null,2,0]},{&quot;1&quot;:0,&quot;2&quot;:0,&quot;3&quot;:3},{&quot;1&quot;:1,&quot;2&quot;:0,&quot;4&quot;:1}]},&quot;11&quot;:4,&quot;12&quot;:0,&quot;15&quot;:&quot;Arial&quot;,&quot;16&quot;:10}\">Do you need to find an expert? Are you looking for a specific expertise? The SCS Cluster provides you with the best experts.<\/span><\/p>\n<p>[\/vc_column_text][\/vc_column][\/vc_row][vc_row css=&#8221;.vc_custom_1516368684864{padding-bottom: 50px !important;}&#8221;][vc_column][vc_tta_tour color=&#8221;white&#8221; active_section=&#8221;1&#8243;][vc_tta_section i_icon_fontawesome=&#8221;fa fa-check&#8221; add_icon=&#8221;true&#8221; title=&#8221;Expertise&#8221; tab_id=&#8221;expertises&#8221; el_class=&#8221;tab-cherche&#8221;][vc_column_text]<\/p>\n<h4><span style=\"color: #4caac1;\"><strong>The SCS ecosystem brings together a large number of expertise to support the innovation and development of startups and SMEs. <\/strong><\/span><\/h4>\n<p>We invite you to contact us to find out how we can help you. We will then put you in touch with the most appropriate expert to meet your needs and expectations.[\/vc_column_text][\/vc_tta_section][vc_tta_section i_icon_fontawesome=&#8221;fa fa-check&#8221; add_icon=&#8221;true&#8221; title=&#8221;Studies and white papers&#8221; tab_id=&#8221;studies-and-white-papers&#8221; el_class=&#8221;tab-cherche&#8221;][vc_column_text]<\/p>\n<h4><span style=\"color: #4caac1;\"><strong>Looking for documentation on Microelectronics, Digital Security, Internet of Things (IoT), Big Data or Artificial Intelligence (AI)?<\/strong><\/span><\/h4>\n<p>The SCS Cluster and its partners provide you with their studies and white papers.<\/p>\n<p><a href=\"https:\/\/www.aktantis.com\/en\/publications\/white-papers-studies\/\" target=\"_blank\" rel=\"noopener noreferrer\"><strong>Discover our studies and white papers &gt;<\/strong><\/a>[\/vc_column_text][vc_column_text][\/vc_column_text][\/vc_tta_section][\/vc_tta_tour][\/vc_column][\/vc_row][vc_row][vc_column][vc_column_text css=&#8221;.vc_custom_1520285619090{margin-bottom: 20px !important;}&#8221;]<\/p>\n<p style=\"text-align: left;\"><a class=\"btn-return\" href=\"https:\/\/www.aktantis.com\/en\/\">&lt; Back<\/a><\/p>\n<p>[\/vc_column_text][\/vc_column][\/vc_row][vc_row full_width=&#8221;stretch_row_content_no_spaces&#8221; equal_height=&#8221;yes&#8221; css=&#8221;.vc_custom_1516921746255{margin-top: 20px !important;margin-bottom: 0px !important;background-color: #f4f4f4 !important;}&#8221;][vc_column width=&#8221;1\/2&#8243; css=&#8221;.vc_custom_1519589330117{padding-top: 0px !important;padding-right: 0px !important;padding-bottom: 0px !important;padding-left: 0px !important;}&#8221; offset=&#8221;vc_hidden-xs&#8221;][vc_column_text css=&#8221;.vc_custom_1518959410915{margin-top: 35px !important;margin-bottom: 35px !important;padding-top: 50px !important;padding-right: 10% !important;padding-bottom: 50px !important;}&#8221;]<\/p>\n<p style=\"text-align: right;\"><a class=\"shrtd-contact-icon\" href=\"https:\/\/www.aktantis.com\/en\/\/contact\/\" ><i class=\"icomoon icon-bubbles6\"><\/i><\/a><\/p>\n<p style=\"text-align: right; max-width: 400px; float: right;\"><strong>For more information about our expertise and our experts, contact us<\/strong><\/p>\n<p>[\/vc_column_text][\/vc_column][vc_column width=&#8221;1\/2&#8243; css=&#8221;.vc_custom_1516921610954{padding-top: 0px !important;padding-right: 0px !important;padding-bottom: 0px !important;padding-left: 0px !important;}&#8221;][vc_column_text css=&#8221;.vc_custom_1585749852222{margin-top: 70px !important;margin-bottom: 70px !important;border-left-width: 1px !important;padding-top: 0px !important;padding-right: 0px !important;padding-bottom: 0px !important;padding-left: 10% !important;border-left-color: rgba(0,133,166,0.49) !important;border-left-style: solid !important;border-radius: 1px !important;}&#8221;]<\/p>\n<p style=\"text-align: left;\"><strong>YOUR CONTACTS<br \/>\n<\/strong><\/p>\n<div class=\"portrait-contact shortcode clearfix\">\r\n                <img loading=\"lazy\" decoding=\"async\" width=\"165\" height=\"165\" src=\"https:\/\/www.aktantis.com\/wp-content\/uploads\/2024\/11\/19-165x165.jpg\" class=\"attachment-scs_equipe_portrait size-scs_equipe_portrait wp-post-image\" alt=\"\" srcset=\"https:\/\/www.aktantis.com\/wp-content\/uploads\/2024\/11\/19-165x165.jpg 165w, https:\/\/www.aktantis.com\/wp-content\/uploads\/2024\/11\/19-300x300.jpg 300w, https:\/\/www.aktantis.com\/wp-content\/uploads\/2024\/11\/19-150x150.jpg 150w, https:\/\/www.aktantis.com\/wp-content\/uploads\/2024\/11\/19-160x160.jpg 160w, https:\/\/www.aktantis.com\/wp-content\/uploads\/2024\/11\/19-89x89.jpg 89w, https:\/\/www.aktantis.com\/wp-content\/uploads\/2024\/11\/19-238x238.jpg 238w, https:\/\/www.aktantis.com\/wp-content\/uploads\/2024\/11\/19-100x100.jpg 100w, https:\/\/www.aktantis.com\/wp-content\/uploads\/2024\/11\/19.jpg 750w\" sizes=\"auto, 100vw\" \/>                <div class=\"infos\">\r\n                    <h4>G\u00e9rard MARTINEZ<\/h4>                    <p>Managing Director<\/p>\r\n                    <p class=\"contact\">\r\n                                                <i class=\"icon-mobile2\"><\/i><a href=\"tel:06 73 52 30 02\">06 73 52 30 02<\/a>                        <br\/>                        <i class=\"icon-envelop\"><\/i><a href=\"mailto:gerard.martinez@aktantis.com\">gerard.martinez@aktantis.com<\/a>                                            <\/p>\r\n                <\/div>\r\n            <\/div>\r\n                    <div class=\"portrait-contact shortcode clearfix\">\r\n                <img loading=\"lazy\" decoding=\"async\" width=\"165\" height=\"165\" src=\"https:\/\/www.aktantis.com\/wp-content\/uploads\/2023\/01\/Fabienne-165x165.jpg\" class=\"attachment-scs_equipe_portrait size-scs_equipe_portrait wp-post-image\" alt=\"\" srcset=\"https:\/\/www.aktantis.com\/wp-content\/uploads\/2023\/01\/Fabienne-165x165.jpg 165w, https:\/\/www.aktantis.com\/wp-content\/uploads\/2023\/01\/Fabienne-300x300.jpg 300w, https:\/\/www.aktantis.com\/wp-content\/uploads\/2023\/01\/Fabienne-150x150.jpg 150w, https:\/\/www.aktantis.com\/wp-content\/uploads\/2023\/01\/Fabienne-160x160.jpg 160w, https:\/\/www.aktantis.com\/wp-content\/uploads\/2023\/01\/Fabienne-89x89.jpg 89w, https:\/\/www.aktantis.com\/wp-content\/uploads\/2023\/01\/Fabienne-238x238.jpg 238w, https:\/\/www.aktantis.com\/wp-content\/uploads\/2023\/01\/Fabienne-100x100.jpg 100w, https:\/\/www.aktantis.com\/wp-content\/uploads\/2023\/01\/Fabienne.jpg 750w\" sizes=\"auto, 100vw\" \/>                <div class=\"infos\">\r\n                    <h4>Fabienne DE TOMA<\/h4>                    <p>Innovation - Strategy<\/p>\r\n                    <p class=\"contact\">\r\n                        <i class=\"icon-phone\"><\/i><a href=\"tel:+33 4 42 53 82 86\">+33 4 42 53 82 86<\/a><br\/>                        <i class=\"icon-mobile2\"><\/i><a href=\"tel:+33 6 73 03 30 23\">+33 6 73 03 30 23<\/a>                        <br\/>                        <i class=\"icon-envelop\"><\/i><a href=\"mailto:fabienne.detoma@aktantis.com\">fabienne.detoma@aktantis.com<\/a>                                            <\/p>\r\n                <\/div>\r\n            <\/div>\r\n        [\/vc_column_text][\/vc_column][\/vc_row]<\/p>\n<\/div>","protected":false},"excerpt":{"rendered":"","protected":false},"author":1,"featured_media":0,"parent":0,"menu_order":0,"comment_status":"closed","ping_status":"closed","template":"","meta":{"footnotes":""},"class_list":["post-91132447","page","type-page","status-publish","hentry"],"yoast_head":"<!-- This site is optimized with the Yoast SEO plugin v25.8 - https:\/\/yoast.com\/wordpress\/plugins\/seo\/ -->\n<title>Expertise and skills | SCS World-class Competitiveness Cluster<\/title>\n<meta name=\"description\" content=\"Do you need to find an expert in digital ID, IoT, Contactless? Are you looking for a specific expertise in Cybersecurity, Big Data? The SCS Cluster provides you with the best experts.\" \/>\n<meta name=\"robots\" content=\"index, follow, max-snippet:-1, max-image-preview:large, max-video-preview:-1\" \/>\n<link rel=\"canonical\" href=\"https:\/\/www.aktantis.com\/expertise\/\" \/>\n<meta property=\"og:locale\" content=\"en_US\" \/>\n<meta property=\"og:type\" content=\"article\" \/>\n<meta property=\"og:title\" content=\"Expertise and skills | SCS World-class Competitiveness Cluster\" \/>\n<meta property=\"og:description\" content=\"Do you need to find an expert in digital ID, IoT, Contactless? Are you looking for a specific expertise in Cybersecurity, Big Data? The SCS Cluster provides you with the best experts.\" \/>\n<meta property=\"og:url\" content=\"https:\/\/www.aktantis.com\/expertise\/\" \/>\n<meta property=\"og:site_name\" content=\"AKTANTIS\" \/>\n<meta property=\"article:publisher\" content=\"https:\/\/www.facebook.com\/PoleSCS\/\" \/>\n<meta property=\"article:modified_time\" content=\"2020-04-01T14:04:28+00:00\" \/>\n<meta name=\"twitter:card\" content=\"summary_large_image\" \/>\n<meta name=\"twitter:site\" content=\"@Pole_SCS\" \/>\n<script type=\"application\/ld+json\" class=\"yoast-schema-graph\">{\"@context\":\"https:\/\/schema.org\",\"@graph\":[{\"@type\":\"WebPage\",\"@id\":\"https:\/\/www.aktantis.com\/expertise\/\",\"url\":\"https:\/\/www.aktantis.com\/expertise\/\",\"name\":\"Expertise and skills | SCS World-class Competitiveness Cluster\",\"isPartOf\":{\"@id\":\"https:\/\/www.aktantis.com\/#website\"},\"datePublished\":\"2018-01-18T17:00:46+00:00\",\"dateModified\":\"2020-04-01T14:04:28+00:00\",\"description\":\"Do you need to find an expert in digital ID, IoT, Contactless? Are you looking for a specific expertise in Cybersecurity, Big Data? The SCS Cluster provides you with the best experts.\",\"breadcrumb\":{\"@id\":\"https:\/\/www.aktantis.com\/expertise\/#breadcrumb\"},\"inLanguage\":\"en-US\",\"potentialAction\":[{\"@type\":\"ReadAction\",\"target\":[\"https:\/\/www.aktantis.com\/expertise\/\"]}]},{\"@type\":\"BreadcrumbList\",\"@id\":\"https:\/\/www.aktantis.com\/expertise\/#breadcrumb\",\"itemListElement\":[{\"@type\":\"ListItem\",\"position\":1,\"name\":\"Accueil\",\"item\":\"https:\/\/www.aktantis.com\/en\/\"},{\"@type\":\"ListItem\",\"position\":2,\"name\":\"Expertise &#038; Skills\"}]},{\"@type\":\"WebSite\",\"@id\":\"https:\/\/www.aktantis.com\/#website\",\"url\":\"https:\/\/www.aktantis.com\/\",\"name\":\"AKTANTIS\",\"description\":\"1er \u00e9cosyst\u00e8me europ\u00e9en\",\"publisher\":{\"@id\":\"https:\/\/www.aktantis.com\/#organization\"},\"potentialAction\":[{\"@type\":\"SearchAction\",\"target\":{\"@type\":\"EntryPoint\",\"urlTemplate\":\"https:\/\/www.aktantis.com\/?s={search_term_string}\"},\"query-input\":{\"@type\":\"PropertyValueSpecification\",\"valueRequired\":true,\"valueName\":\"search_term_string\"}}],\"inLanguage\":\"en-US\"},{\"@type\":\"Organization\",\"@id\":\"https:\/\/www.aktantis.com\/#organization\",\"name\":\"Aktantis\",\"url\":\"https:\/\/www.aktantis.com\/\",\"logo\":{\"@type\":\"ImageObject\",\"inLanguage\":\"en-US\",\"@id\":\"https:\/\/www.aktantis.com\/#\/schema\/logo\/image\/\",\"url\":\"https:\/\/www.aktantis.com\/wp-content\/uploads\/2018\/03\/cropped-logo_scs.png\",\"contentUrl\":\"https:\/\/www.aktantis.com\/wp-content\/uploads\/2018\/03\/cropped-logo_scs.png\",\"width\":720,\"height\":250,\"caption\":\"Aktantis\"},\"image\":{\"@id\":\"https:\/\/www.aktantis.com\/#\/schema\/logo\/image\/\"},\"sameAs\":[\"https:\/\/www.facebook.com\/PoleSCS\/\",\"https:\/\/x.com\/Pole_SCS\",\"https:\/\/www.linkedin.com\/company\/pole-scs\/\"]}]}<\/script>\n<!-- \/ Yoast SEO plugin. -->","yoast_head_json":{"title":"Expertise and skills | SCS World-class Competitiveness Cluster","description":"Do you need to find an expert in digital ID, IoT, Contactless? Are you looking for a specific expertise in Cybersecurity, Big Data? The SCS Cluster provides you with the best experts.","robots":{"index":"index","follow":"follow","max-snippet":"max-snippet:-1","max-image-preview":"max-image-preview:large","max-video-preview":"max-video-preview:-1"},"canonical":"https:\/\/www.aktantis.com\/expertise\/","og_locale":"en_US","og_type":"article","og_title":"Expertise and skills | SCS World-class Competitiveness Cluster","og_description":"Do you need to find an expert in digital ID, IoT, Contactless? Are you looking for a specific expertise in Cybersecurity, Big Data? The SCS Cluster provides you with the best experts.","og_url":"https:\/\/www.aktantis.com\/expertise\/","og_site_name":"AKTANTIS","article_publisher":"https:\/\/www.facebook.com\/PoleSCS\/","article_modified_time":"2020-04-01T14:04:28+00:00","twitter_card":"summary_large_image","twitter_site":"@Pole_SCS","schema":{"@context":"https:\/\/schema.org","@graph":[{"@type":"WebPage","@id":"https:\/\/www.aktantis.com\/expertise\/","url":"https:\/\/www.aktantis.com\/expertise\/","name":"Expertise and skills | SCS World-class Competitiveness Cluster","isPartOf":{"@id":"https:\/\/www.aktantis.com\/#website"},"datePublished":"2018-01-18T17:00:46+00:00","dateModified":"2020-04-01T14:04:28+00:00","description":"Do you need to find an expert in digital ID, IoT, Contactless? Are you looking for a specific expertise in Cybersecurity, Big Data? The SCS Cluster provides you with the best experts.","breadcrumb":{"@id":"https:\/\/www.aktantis.com\/expertise\/#breadcrumb"},"inLanguage":"en-US","potentialAction":[{"@type":"ReadAction","target":["https:\/\/www.aktantis.com\/expertise\/"]}]},{"@type":"BreadcrumbList","@id":"https:\/\/www.aktantis.com\/expertise\/#breadcrumb","itemListElement":[{"@type":"ListItem","position":1,"name":"Accueil","item":"https:\/\/www.aktantis.com\/en\/"},{"@type":"ListItem","position":2,"name":"Expertise &#038; Skills"}]},{"@type":"WebSite","@id":"https:\/\/www.aktantis.com\/#website","url":"https:\/\/www.aktantis.com\/","name":"AKTANTIS","description":"1er \u00e9cosyst\u00e8me europ\u00e9en","publisher":{"@id":"https:\/\/www.aktantis.com\/#organization"},"potentialAction":[{"@type":"SearchAction","target":{"@type":"EntryPoint","urlTemplate":"https:\/\/www.aktantis.com\/?s={search_term_string}"},"query-input":{"@type":"PropertyValueSpecification","valueRequired":true,"valueName":"search_term_string"}}],"inLanguage":"en-US"},{"@type":"Organization","@id":"https:\/\/www.aktantis.com\/#organization","name":"Aktantis","url":"https:\/\/www.aktantis.com\/","logo":{"@type":"ImageObject","inLanguage":"en-US","@id":"https:\/\/www.aktantis.com\/#\/schema\/logo\/image\/","url":"https:\/\/www.aktantis.com\/wp-content\/uploads\/2018\/03\/cropped-logo_scs.png","contentUrl":"https:\/\/www.aktantis.com\/wp-content\/uploads\/2018\/03\/cropped-logo_scs.png","width":720,"height":250,"caption":"Aktantis"},"image":{"@id":"https:\/\/www.aktantis.com\/#\/schema\/logo\/image\/"},"sameAs":["https:\/\/www.facebook.com\/PoleSCS\/","https:\/\/x.com\/Pole_SCS","https:\/\/www.linkedin.com\/company\/pole-scs\/"]}]}},"_links":{"self":[{"href":"https:\/\/www.aktantis.com\/en\/wp-json\/wp\/v2\/pages\/91132447","targetHints":{"allow":["GET"]}}],"collection":[{"href":"https:\/\/www.aktantis.com\/en\/wp-json\/wp\/v2\/pages"}],"about":[{"href":"https:\/\/www.aktantis.com\/en\/wp-json\/wp\/v2\/types\/page"}],"author":[{"embeddable":true,"href":"https:\/\/www.aktantis.com\/en\/wp-json\/wp\/v2\/users\/1"}],"replies":[{"embeddable":true,"href":"https:\/\/www.aktantis.com\/en\/wp-json\/wp\/v2\/comments?post=91132447"}],"version-history":[{"count":17,"href":"https:\/\/www.aktantis.com\/en\/wp-json\/wp\/v2\/pages\/91132447\/revisions"}],"predecessor-version":[{"id":91147349,"href":"https:\/\/www.aktantis.com\/en\/wp-json\/wp\/v2\/pages\/91132447\/revisions\/91147349"}],"wp:attachment":[{"href":"https:\/\/www.aktantis.com\/en\/wp-json\/wp\/v2\/media?parent=91132447"}],"curies":[{"name":"wp","href":"https:\/\/api.w.org\/{rel}","templated":true}]}}