{"id":91132441,"date":"2018-01-18T18:00:25","date_gmt":"2018-01-18T17:00:25","guid":{"rendered":"http:\/\/www.aktantis.com\/business-international\/"},"modified":"2026-01-13T09:28:20","modified_gmt":"2026-01-13T08:28:20","slug":"international-business","status":"publish","type":"page","link":"https:\/\/www.aktantis.com\/en\/services-aktantis\/international-business\/","title":{"rendered":"Going to International"},"content":{"rendered":"<div class=\"wpb-content-wrapper\"><p>[vc_row css=&#8221;.vc_custom_1516293835315{padding-bottom: 50px !important;}&#8221;][vc_column width=&#8221;1\/12&#8243;][\/vc_column][vc_column width=&#8221;10\/12&#8243;][vc_column_text css_animation=&#8221;none&#8221; css=&#8221;&#8221; el_class=&#8221;centered&#8221;]<\/p>\n<h2 style=\"text-align: center;\">Going to International<\/h2>\n<p style=\"text-align: center;\">Do you want to address foreign markets? Have access to large groups? AKTANTIS can help you go international!<\/p>\n<p>[\/vc_column_text][\/vc_column][vc_column width=&#8221;1\/12&#8243;][\/vc_column][\/vc_row][vc_row css=&#8221;.vc_custom_1516368684864{padding-bottom: 50px !important;}&#8221;][vc_column][vc_tta_tour style=&#8221;flat&#8221; shape=&#8221;square&#8221; color=&#8221;sky&#8221; spacing=&#8221;&#8221; active_section=&#8221;1&#8243; no_fill_content_area=&#8221;true&#8221;][vc_tta_section i_icon_fontawesome=&#8221;fas fa-chevron-right&#8221; add_icon=&#8221;true&#8221; title=&#8221;International Tradeshows and world congresses&#8221; tab_id=&#8221;tradeshows-and-world-congresses&#8221; el_class=&#8221;tab-cherche&#8221;][vc_row_inner][vc_column_inner][vc_column_text css=&#8221;&#8221;]<\/p>\n<h4>You need to make yourself visible and build your notoriety?<\/h4>\n<p>To help you strengthen your direct commercial action (customers) and indirect (distributors, partners), AKTANTIS selected a set of trade shows or world congresses, both in France and abroad, covering the whole domains of AKTANTIS.[\/vc_column_text][\/vc_column_inner][\/vc_row_inner][vc_row_inner][vc_column_inner width=&#8221;1\/2&#8243;][vc_column_text css=&#8221;&#8221;]<span style=\"font-weight: 400;\">Should you want to exhibit at an attractive cost on a shared pavillion, please enquire about the next shows and congresses we will take part.<\/span>[\/vc_column_text][\/vc_column_inner][vc_column_inner width=&#8221;1\/2&#8243;][vc_single_image image=&#8221;91180582&#8243; img_size=&#8221;medium&#8221; css=&#8221;&#8221;][\/vc_column_inner][\/vc_row_inner][vc_row_inner][vc_column_inner][vc_column_text css=&#8221;&#8221;]<\/p>\n<h3>International events and world congresses 2026:<\/h3>\n<p>[\/vc_column_text][\/vc_column_inner][\/vc_row_inner][vc_row_inner][vc_column_inner width=&#8221;1\/3&#8243; css=&#8221;.vc_custom_1516374410016{padding-right: 50px !important;padding-left: 0px !important;}&#8221;][vc_single_image image=&#8221;91178098&#8243; onclick=&#8221;custom_link&#8221; img_link_target=&#8221;_blank&#8221; css=&#8221;&#8221; link=&#8221;https:\/\/www.sido-paris.com\/&#8221;][vc_column_text css=&#8221;&#8221;]<\/p>\n<h4>SPIE Photonics West<\/h4>\n<p><strong>Topic:<\/strong> Photonics<br \/>\n<strong>Place: <\/strong>San Francisco<br \/>\n<strong>Dates: <\/strong>01\/20\/2026 to 01\/22\/2026[\/vc_column_text][\/vc_column_inner][vc_column_inner width=&#8221;1\/3&#8243;][vc_single_image image=&#8221;91156192&#8243; onclick=&#8221;custom_link&#8221; img_link_target=&#8221;_blank&#8221; link=&#8221;http:\/\/www.iotsworldcongress.com\/&#8221;][vc_column_text css=&#8221;&#8221;]<\/p>\n<h4>World AI Cannes Festival<\/h4>\n<p><strong>Topic:<\/strong> IA<br \/>\n<strong>Place:<\/strong> Cannes<br \/>\n<strong>Dates:<\/strong> 02\/12\/2026 to 02\/13\/2026[\/vc_column_text][\/vc_column_inner][vc_column_inner width=&#8221;1\/3&#8243;][vc_single_image image=&#8221;91178104&#8243; onclick=&#8221;custom_link&#8221; img_link_target=&#8221;_blank&#8221; css=&#8221;&#8221; link=&#8221;https:\/\/www.mwcbarcelona.com\/&#8221;][vc_column_text css=&#8221;&#8221;]<\/p>\n<h4>MWC &#8211; Mobile World Congress<\/h4>\n<p><strong>Topic:<\/strong> Industrie mobile<br \/>\n<strong>Place:<\/strong> Barcelone<br \/>\n<strong>Dates:<\/strong> 03\/02\/2026 to 03\/05\/2026[\/vc_column_text][\/vc_column_inner][\/vc_row_inner][vc_row_inner][vc_column_inner width=&#8221;1\/3&#8243;][vc_single_image image=&#8221;91178107&#8243; onclick=&#8221;custom_link&#8221; img_link_target=&#8221;_blank&#8221; css=&#8221;&#8221; link=&#8221;http:\/\/www.iotsworldcongress.com\/&#8221;][vc_column_text css=&#8221;&#8221;]<\/p>\n<h4>Forum InCyber Europe<\/h4>\n<p><strong>Topic:<\/strong> Cybersecurity<br \/>\n<strong>Place:<\/strong> Marseille<br \/>\n<strong>Dates:<\/strong> 03\/31\/2026 to 04\/02\/2026[\/vc_column_text][\/vc_column_inner][vc_column_inner width=&#8221;1\/3&#8243;][vc_single_image image=&#8221;91182238&#8243; css=&#8221;&#8221;][vc_column_text css=&#8221;&#8221;]<\/p>\n<h4>Global Industrie 2026<\/h4>\n<p><strong>Topic:<\/strong> Industry<br \/>\n<strong>Lieu:<\/strong> Paris Villepinte<br \/>\n<strong>Dates:<\/strong> 03\/30\/2026 to 04\/02\/2026[\/vc_column_text][\/vc_column_inner][vc_column_inner width=&#8221;1\/3&#8243;][vc_single_image image=&#8221;91182221&#8243; css=&#8221;&#8221;][vc_column_text css=&#8221;&#8221;]<\/p>\n<h4>SPIE Photonics Europe<\/h4>\n<p><strong>Topic:<\/strong> Photonics<br \/>\n<strong>Lieu:<\/strong> Strasbourg<br \/>\n<strong>Dates:<\/strong> 04\/12\/2026 to 04\/16\/2026[\/vc_column_text][\/vc_column_inner][\/vc_row_inner][vc_row_inner][vc_column_inner width=&#8221;1\/3&#8243;][vc_single_image image=&#8221;91149408&#8243; onclick=&#8221;custom_link&#8221; img_link_target=&#8221;_blank&#8221; link=&#8221;https:\/\/vivatechnology.com\/&#8221;][vc_column_text css=&#8221;&#8221;]<\/p>\n<h4>Vivatech<\/h4>\n<p><strong>Topic:<\/strong> Digital<br \/>\n<strong>Place: <\/strong>Paris<br \/>\n<strong>Dates : <\/strong>06\/17\/2026 to 06\/20\/2026[\/vc_column_text][\/vc_column_inner][vc_column_inner width=&#8221;1\/3&#8243;][vc_single_image image=&#8221;91178095&#8243; onclick=&#8221;custom_link&#8221; img_link_target=&#8221;_blank&#8221; css=&#8221;&#8221; link=&#8221;https:\/\/www.sido-lyon.com\/&#8221;][vc_column_text css=&#8221;&#8221;]<\/p>\n<h4>SIDO<\/h4>\n<p><strong>Topics:<\/strong>\u00a0 IoT, IA, Robotique<br \/>\n<strong>Place:<\/strong> Lyon<br \/>\n<strong>Dates:<\/strong> 09\/16\/2026 to 09\/17\/2026[\/vc_column_text][\/vc_column_inner][vc_column_inner width=&#8221;1\/3&#8243; css=&#8221;.vc_custom_1516374410016{padding-right: 50px !important;padding-left: 0px !important;}&#8221;][vc_single_image image=&#8221;91178092&#8243; css=&#8221;&#8221;][vc_column_text css=&#8221;&#8221;]<\/p>\n<h4>SEMICON Europa<\/h4>\n<p><strong>Topic:<\/strong> Semiconductors<br \/>\n<strong>Lieu:<\/strong> M\u00fcnchen<br \/>\n<strong>Dates:<\/strong> 11\/10\/2026 to 11\/13\/2026[\/vc_column_text][\/vc_column_inner][\/vc_row_inner][\/vc_tta_section][vc_tta_section i_icon_fontawesome=&#8221;fas fa-chevron-right&#8221; add_icon=&#8221;true&#8221; title=&#8221;International activities&#8221; tab_id=&#8221;missions-internationales&#8221; el_class=&#8221;tab-cherche&#8221;][vc_column_text css=&#8221;&#8221;]<\/p>\n<h4>Participate in international missions with AKTANTIS!<\/h4>\n<p>The international missions are designed custom-tailored by AKTANTIS and its partners to answer the participants expectations.<\/p>\n<p><strong>This kind of mission usually includes:<\/strong><\/p>\n<ul>\n<li>A program of individual and collective meetings with potential partners<\/li>\n<li><span style=\"font-weight: 400;\">The organization of a seminar to promote competitiveness cluster members and their skills through their R&amp;D projects<\/span><\/li>\n<li><span style=\"font-weight: 400;\">A presentation of the innovation sector\/function in the targeted country<\/span><\/li>\n<li><span style=\"font-weight: 400;\">Flexible programming, on a case-by-case basis (visit of trade show, targeted technical seminar)<\/span><\/li>\n<\/ul>\n<p><span style=\"font-weight: 400;\">Thanks to the International missions:<\/span><\/p>\n<ul>\n<li><span style=\"font-weight: 400;\">Ensure international technological intelligence<\/span><\/li>\n<li><span style=\"font-weight: 400;\">Find partners for co-development<\/span><\/li>\n<li><span style=\"font-weight: 400;\">Transfer\/acquire technologies<\/span><\/li>\n<li><span style=\"font-weight: 400;\">Establish partnerships in R&amp;D and industry <\/span><\/li>\n<li><span style=\"font-weight: 400;\">Penetrate the world&#8217;s main markets durably<\/span><\/li>\n<\/ul>\n<p>[\/vc_column_text][\/vc_tta_section][vc_tta_section i_icon_fontawesome=&#8221;fas fa-chevron-right&#8221; add_icon=&#8221;true&#8221; title=&#8221;Large world corporates&#8221; tab_id=&#8221;world-corporates&#8221; el_class=&#8221;tab-veux&#8221;][vc_column_text css=&#8221;&#8221;]<\/p>\n<h4>For startups:<\/h4>\n<p>The large world corporates Open Innovation strategy is difficult to access from France for a French innovative startup.<\/p>\n<p>You may face complex, long decision cycles and difficulties in building contacts with the appropriate decision makers?<\/p>\n<p>AKTANTIS is able to capture the needs of these large companies and knows how to carry the capacities and performances of its ecosystem \u00a0to give all necessary support until the deal is closed.<\/p>\n<p><strong>We offer you the opportunity to connect with major foreign groups to develop business relationships and technological partnerships in export markets.<\/strong>[\/vc_column_text][vc_column_text css=&#8221;&#8221;]<\/p>\n<h4>For large corporates:<\/h4>\n<p>You want to connect to an ecosystem made up of more than 2,000 startups in France and all over Europe: in Germany, Italy, Spain, Sweden, Belgium, Portugal?<\/p>\n<p><strong>AKTANTIS can give you access to the most relevant startups with attractive products and technologies you need.<\/strong><\/p>\n<p><span style=\"font-weight: 400;\">You will benefit from:<\/span><\/p>\n<ul>\n<li><span style=\"font-weight: 400;\">In-depth knowledge of startup technologies and markets<\/span><\/li>\n<li><span style=\"font-weight: 400;\">qualified and reliable innovative startups<\/span><\/li>\n<li><span style=\"font-weight: 400;\">quick identification and contact<\/span><\/li>\n<li><span style=\"font-weight: 400;\">support and coordination up to contracting with companies<\/span><\/li>\n<li><span style=\"font-weight: 400;\">save time and money in your search<\/span><\/li>\n<\/ul>\n<p>[\/vc_column_text][\/vc_tta_section][\/vc_tta_tour][\/vc_column][\/vc_row][vc_row][vc_column][vc_column_text css=&#8221;.vc_custom_1520285619090{margin-bottom: 20px !important;}&#8221;]<\/p>\n<p style=\"text-align: left;\"><a class=\"btn-return\" href=\"https:\/\/www.aktantis.com\/en\/services-aktantis\/\">&lt; Back<\/a><\/p>\n<p>[\/vc_column_text][\/vc_column][\/vc_row][vc_row full_width=&#8221;stretch_row_content_no_spaces&#8221; equal_height=&#8221;yes&#8221; css=&#8221;.vc_custom_1731409481331{margin-top: 0px !important;margin-bottom: 0px !important;padding-bottom: 35px !important;background-color: #F3F3F9 !important;}&#8221;][vc_column width=&#8221;1\/2&#8243; css=&#8221;.vc_custom_1519589272175{padding-top: 0px !important;padding-right: 0px !important;padding-bottom: 0px !important;padding-left: 0px !important;}&#8221; offset=&#8221;vc_hidden-xs&#8221;][vc_column_text css=&#8221;.vc_custom_1731409494908{margin-top: 35px !important;margin-bottom: 35px !important;padding-top: 50px !important;padding-right: 10% !important;padding-bottom: 50px !important;}&#8221;]<\/p>\n<p style=\"text-align: right;\"><a class=\"shrtd-contact-icon\" href=\"https:\/\/www.aktantis.com\/en\/\/contact\/\" ><i class=\"icomoon icon-bubbles6\"><\/i><\/a><\/p>\n<h4 style=\"text-align: right; max-width: 400px; float: right;\">For more information on our international actions, contact us<\/h4>\n<p>[\/vc_column_text][\/vc_column][vc_column width=&#8221;1\/2&#8243; css=&#8221;.vc_custom_1516923985537{padding-top: 0px !important;padding-right: 0px !important;padding-bottom: 0px !important;padding-left: 0px !important;}&#8221;][vc_column_text css=&#8221;.vc_custom_1731409503377{margin-top: 70px !important;margin-bottom: 70px !important;border-left-width: 1px !important;padding-top: 0px !important;padding-right: 0px !important;padding-bottom: 0px !important;padding-left: 10% !important;border-left-style: solid !important;border-color: rgba(0,133,166,0.49) !important;}&#8221;]<\/p>\n<h2 style=\"text-align: left;\">YOUR CONTACTS<\/h2>\n<div class=\"portrait-contact shortcode clearfix\">\r\n                <img loading=\"lazy\" decoding=\"async\" width=\"165\" height=\"165\" src=\"https:\/\/www.aktantis.com\/wp-content\/uploads\/2024\/11\/Stephanie-165x165.jpg\" class=\"attachment-scs_equipe_portrait size-scs_equipe_portrait wp-post-image\" alt=\"\" srcset=\"https:\/\/www.aktantis.com\/wp-content\/uploads\/2024\/11\/Stephanie-165x165.jpg 165w, https:\/\/www.aktantis.com\/wp-content\/uploads\/2024\/11\/Stephanie-300x300.jpg 300w, https:\/\/www.aktantis.com\/wp-content\/uploads\/2024\/11\/Stephanie-150x150.jpg 150w, https:\/\/www.aktantis.com\/wp-content\/uploads\/2024\/11\/Stephanie-160x160.jpg 160w, https:\/\/www.aktantis.com\/wp-content\/uploads\/2024\/11\/Stephanie-89x89.jpg 89w, https:\/\/www.aktantis.com\/wp-content\/uploads\/2024\/11\/Stephanie-238x238.jpg 238w, https:\/\/www.aktantis.com\/wp-content\/uploads\/2024\/11\/Stephanie-100x100.jpg 100w, https:\/\/www.aktantis.com\/wp-content\/uploads\/2024\/11\/Stephanie.jpg 750w\" sizes=\"auto, 100vw\" \/>                <div class=\"infos\">\r\n                    <h4>St\u00e9phanie SCHOHN<\/h4>                    <p>Event and Ecosystem Director<\/p>\r\n                    <p class=\"contact\">\r\n                        <i class=\"icon-phone\"><\/i><a href=\"tel:+33 4 42 53 82 84\">+33 4 42 53 82 84<\/a><br\/>                        <i class=\"icon-mobile2\"><\/i><a href=\"tel:+33 6 89 96 19 11\">+33 6 89 96 19 11<\/a>                        <br\/>                        <i class=\"icon-envelop\"><\/i><a href=\"mailto:stephanie.schohn@aktantis.com\">stephanie.schohn@aktantis.com<\/a>                                            <\/p>\r\n                <\/div>\r\n            <\/div>\r\n                    <div class=\"portrait-contact shortcode clearfix\">\r\n                <img loading=\"lazy\" decoding=\"async\" width=\"165\" height=\"165\" src=\"https:\/\/www.aktantis.com\/wp-content\/uploads\/2023\/01\/Fabienne-165x165.jpg\" class=\"attachment-scs_equipe_portrait size-scs_equipe_portrait wp-post-image\" alt=\"\" srcset=\"https:\/\/www.aktantis.com\/wp-content\/uploads\/2023\/01\/Fabienne-165x165.jpg 165w, https:\/\/www.aktantis.com\/wp-content\/uploads\/2023\/01\/Fabienne-300x300.jpg 300w, https:\/\/www.aktantis.com\/wp-content\/uploads\/2023\/01\/Fabienne-150x150.jpg 150w, https:\/\/www.aktantis.com\/wp-content\/uploads\/2023\/01\/Fabienne-160x160.jpg 160w, https:\/\/www.aktantis.com\/wp-content\/uploads\/2023\/01\/Fabienne-89x89.jpg 89w, https:\/\/www.aktantis.com\/wp-content\/uploads\/2023\/01\/Fabienne-238x238.jpg 238w, https:\/\/www.aktantis.com\/wp-content\/uploads\/2023\/01\/Fabienne-100x100.jpg 100w, https:\/\/www.aktantis.com\/wp-content\/uploads\/2023\/01\/Fabienne.jpg 750w\" sizes=\"auto, 100vw\" \/>                <div class=\"infos\">\r\n                    <h4>Fabienne DE TOMA<\/h4>                    <p>Innovation - Strategy<\/p>\r\n                    <p class=\"contact\">\r\n                        <i class=\"icon-phone\"><\/i><a href=\"tel:+33 4 42 53 82 86\">+33 4 42 53 82 86<\/a><br\/>                        <i class=\"icon-mobile2\"><\/i><a href=\"tel:+33 6 73 03 30 23\">+33 6 73 03 30 23<\/a>                        <br\/>                        <i class=\"icon-envelop\"><\/i><a href=\"mailto:fabienne.detoma@aktantis.com\">fabienne.detoma@aktantis.com<\/a>                                            <\/p>\r\n                <\/div>\r\n            <\/div>\r\n        [\/vc_column_text][\/vc_column][\/vc_row]<\/p>\n<\/div>","protected":false},"excerpt":{"rendered":"","protected":false},"author":1,"featured_media":0,"parent":91174333,"menu_order":0,"comment_status":"closed","ping_status":"closed","template":"","meta":{"footnotes":""},"class_list":["post-91132441","page","type-page","status-publish","hentry"],"yoast_head":"<!-- This site is optimized with the Yoast SEO plugin v25.8 - https:\/\/yoast.com\/wordpress\/plugins\/seo\/ -->\n<title>International Development | AKTANTIS<\/title>\n<meta name=\"description\" content=\"Do you want to address foreign markets? Participate in international trade shows with AKTANTIS and in international missions.\" \/>\n<meta name=\"robots\" content=\"index, follow, max-snippet:-1, max-image-preview:large, max-video-preview:-1\" \/>\n<link rel=\"canonical\" href=\"https:\/\/www.aktantis.com\/en\/services-aktantis\/international-business\/\" \/>\n<meta property=\"og:locale\" content=\"en_US\" \/>\n<meta property=\"og:type\" content=\"article\" \/>\n<meta property=\"og:title\" content=\"International Development | AKTANTIS\" \/>\n<meta property=\"og:description\" content=\"Do you want to address foreign markets? Participate in international trade shows with AKTANTIS and in international missions.\" \/>\n<meta property=\"og:url\" content=\"https:\/\/www.aktantis.com\/en\/services-aktantis\/international-business\/\" \/>\n<meta property=\"og:site_name\" content=\"AKTANTIS\" \/>\n<meta property=\"article:publisher\" content=\"https:\/\/www.facebook.com\/PoleSCS\/\" \/>\n<meta property=\"article:modified_time\" content=\"2026-01-13T08:28:20+00:00\" \/>\n<meta name=\"twitter:card\" content=\"summary_large_image\" \/>\n<meta name=\"twitter:site\" content=\"@Pole_SCS\" \/>\n<script type=\"application\/ld+json\" class=\"yoast-schema-graph\">{\"@context\":\"https:\/\/schema.org\",\"@graph\":[{\"@type\":\"WebPage\",\"@id\":\"https:\/\/www.aktantis.com\/en\/services-aktantis\/international-business\/\",\"url\":\"https:\/\/www.aktantis.com\/en\/services-aktantis\/international-business\/\",\"name\":\"International Development | AKTANTIS\",\"isPartOf\":{\"@id\":\"https:\/\/www.aktantis.com\/#website\"},\"datePublished\":\"2018-01-18T17:00:25+00:00\",\"dateModified\":\"2026-01-13T08:28:20+00:00\",\"description\":\"Do you want to address foreign markets? Participate in international trade shows with AKTANTIS and in international missions.\",\"breadcrumb\":{\"@id\":\"https:\/\/www.aktantis.com\/en\/services-aktantis\/international-business\/#breadcrumb\"},\"inLanguage\":\"en-US\",\"potentialAction\":[{\"@type\":\"ReadAction\",\"target\":[\"https:\/\/www.aktantis.com\/en\/services-aktantis\/international-business\/\"]}]},{\"@type\":\"BreadcrumbList\",\"@id\":\"https:\/\/www.aktantis.com\/en\/services-aktantis\/international-business\/#breadcrumb\",\"itemListElement\":[{\"@type\":\"ListItem\",\"position\":1,\"name\":\"Accueil\",\"item\":\"https:\/\/www.aktantis.com\/en\/\"},{\"@type\":\"ListItem\",\"position\":2,\"name\":\"Services\",\"item\":\"https:\/\/www.aktantis.com\/en\/services-aktantis\/\"},{\"@type\":\"ListItem\",\"position\":3,\"name\":\"Going to International\"}]},{\"@type\":\"WebSite\",\"@id\":\"https:\/\/www.aktantis.com\/#website\",\"url\":\"https:\/\/www.aktantis.com\/\",\"name\":\"AKTANTIS\",\"description\":\"1er \u00e9cosyst\u00e8me europ\u00e9en\",\"publisher\":{\"@id\":\"https:\/\/www.aktantis.com\/#organization\"},\"potentialAction\":[{\"@type\":\"SearchAction\",\"target\":{\"@type\":\"EntryPoint\",\"urlTemplate\":\"https:\/\/www.aktantis.com\/?s={search_term_string}\"},\"query-input\":{\"@type\":\"PropertyValueSpecification\",\"valueRequired\":true,\"valueName\":\"search_term_string\"}}],\"inLanguage\":\"en-US\"},{\"@type\":\"Organization\",\"@id\":\"https:\/\/www.aktantis.com\/#organization\",\"name\":\"Aktantis\",\"url\":\"https:\/\/www.aktantis.com\/\",\"logo\":{\"@type\":\"ImageObject\",\"inLanguage\":\"en-US\",\"@id\":\"https:\/\/www.aktantis.com\/#\/schema\/logo\/image\/\",\"url\":\"https:\/\/www.aktantis.com\/wp-content\/uploads\/2018\/03\/cropped-logo_scs.png\",\"contentUrl\":\"https:\/\/www.aktantis.com\/wp-content\/uploads\/2018\/03\/cropped-logo_scs.png\",\"width\":720,\"height\":250,\"caption\":\"Aktantis\"},\"image\":{\"@id\":\"https:\/\/www.aktantis.com\/#\/schema\/logo\/image\/\"},\"sameAs\":[\"https:\/\/www.facebook.com\/PoleSCS\/\",\"https:\/\/x.com\/Pole_SCS\",\"https:\/\/www.linkedin.com\/company\/pole-scs\/\"]}]}<\/script>\n<!-- \/ Yoast SEO plugin. -->","yoast_head_json":{"title":"International Development | AKTANTIS","description":"Do you want to address foreign markets? Participate in international trade shows with AKTANTIS and in international missions.","robots":{"index":"index","follow":"follow","max-snippet":"max-snippet:-1","max-image-preview":"max-image-preview:large","max-video-preview":"max-video-preview:-1"},"canonical":"https:\/\/www.aktantis.com\/en\/services-aktantis\/international-business\/","og_locale":"en_US","og_type":"article","og_title":"International Development | AKTANTIS","og_description":"Do you want to address foreign markets? Participate in international trade shows with AKTANTIS and in international missions.","og_url":"https:\/\/www.aktantis.com\/en\/services-aktantis\/international-business\/","og_site_name":"AKTANTIS","article_publisher":"https:\/\/www.facebook.com\/PoleSCS\/","article_modified_time":"2026-01-13T08:28:20+00:00","twitter_card":"summary_large_image","twitter_site":"@Pole_SCS","schema":{"@context":"https:\/\/schema.org","@graph":[{"@type":"WebPage","@id":"https:\/\/www.aktantis.com\/en\/services-aktantis\/international-business\/","url":"https:\/\/www.aktantis.com\/en\/services-aktantis\/international-business\/","name":"International Development | AKTANTIS","isPartOf":{"@id":"https:\/\/www.aktantis.com\/#website"},"datePublished":"2018-01-18T17:00:25+00:00","dateModified":"2026-01-13T08:28:20+00:00","description":"Do you want to address foreign markets? Participate in international trade shows with AKTANTIS and in international missions.","breadcrumb":{"@id":"https:\/\/www.aktantis.com\/en\/services-aktantis\/international-business\/#breadcrumb"},"inLanguage":"en-US","potentialAction":[{"@type":"ReadAction","target":["https:\/\/www.aktantis.com\/en\/services-aktantis\/international-business\/"]}]},{"@type":"BreadcrumbList","@id":"https:\/\/www.aktantis.com\/en\/services-aktantis\/international-business\/#breadcrumb","itemListElement":[{"@type":"ListItem","position":1,"name":"Accueil","item":"https:\/\/www.aktantis.com\/en\/"},{"@type":"ListItem","position":2,"name":"Services","item":"https:\/\/www.aktantis.com\/en\/services-aktantis\/"},{"@type":"ListItem","position":3,"name":"Going to International"}]},{"@type":"WebSite","@id":"https:\/\/www.aktantis.com\/#website","url":"https:\/\/www.aktantis.com\/","name":"AKTANTIS","description":"1er \u00e9cosyst\u00e8me europ\u00e9en","publisher":{"@id":"https:\/\/www.aktantis.com\/#organization"},"potentialAction":[{"@type":"SearchAction","target":{"@type":"EntryPoint","urlTemplate":"https:\/\/www.aktantis.com\/?s={search_term_string}"},"query-input":{"@type":"PropertyValueSpecification","valueRequired":true,"valueName":"search_term_string"}}],"inLanguage":"en-US"},{"@type":"Organization","@id":"https:\/\/www.aktantis.com\/#organization","name":"Aktantis","url":"https:\/\/www.aktantis.com\/","logo":{"@type":"ImageObject","inLanguage":"en-US","@id":"https:\/\/www.aktantis.com\/#\/schema\/logo\/image\/","url":"https:\/\/www.aktantis.com\/wp-content\/uploads\/2018\/03\/cropped-logo_scs.png","contentUrl":"https:\/\/www.aktantis.com\/wp-content\/uploads\/2018\/03\/cropped-logo_scs.png","width":720,"height":250,"caption":"Aktantis"},"image":{"@id":"https:\/\/www.aktantis.com\/#\/schema\/logo\/image\/"},"sameAs":["https:\/\/www.facebook.com\/PoleSCS\/","https:\/\/x.com\/Pole_SCS","https:\/\/www.linkedin.com\/company\/pole-scs\/"]}]}},"_links":{"self":[{"href":"https:\/\/www.aktantis.com\/en\/wp-json\/wp\/v2\/pages\/91132441","targetHints":{"allow":["GET"]}}],"collection":[{"href":"https:\/\/www.aktantis.com\/en\/wp-json\/wp\/v2\/pages"}],"about":[{"href":"https:\/\/www.aktantis.com\/en\/wp-json\/wp\/v2\/types\/page"}],"author":[{"embeddable":true,"href":"https:\/\/www.aktantis.com\/en\/wp-json\/wp\/v2\/users\/1"}],"replies":[{"embeddable":true,"href":"https:\/\/www.aktantis.com\/en\/wp-json\/wp\/v2\/comments?post=91132441"}],"version-history":[{"count":76,"href":"https:\/\/www.aktantis.com\/en\/wp-json\/wp\/v2\/pages\/91132441\/revisions"}],"predecessor-version":[{"id":91182241,"href":"https:\/\/www.aktantis.com\/en\/wp-json\/wp\/v2\/pages\/91132441\/revisions\/91182241"}],"up":[{"embeddable":true,"href":"https:\/\/www.aktantis.com\/en\/wp-json\/wp\/v2\/pages\/91174333"}],"wp:attachment":[{"href":"https:\/\/www.aktantis.com\/en\/wp-json\/wp\/v2\/media?parent=91132441"}],"curies":[{"name":"wp","href":"https:\/\/api.w.org\/{rel}","templated":true}]}}