{"id":91132435,"date":"2018-01-18T17:59:54","date_gmt":"2018-01-18T16:59:54","guid":{"rendered":"http:\/\/www.aktantis.com\/visibilite-notoriete\/"},"modified":"2025-09-11T16:49:24","modified_gmt":"2025-09-11T14:49:24","slug":"visibility-notoriety","status":"publish","type":"page","link":"https:\/\/www.aktantis.com\/en\/services-aktantis\/visibility-notoriety\/","title":{"rendered":"Visibility &#038; notoriety"},"content":{"rendered":"<div class=\"wpb-content-wrapper\"><p>[vc_row css=&#8221;.vc_custom_1516293835315{padding-bottom: 50px !important;}&#8221;][vc_column width=&#8221;1\/12&#8243;][\/vc_column][vc_column width=&#8221;10\/12&#8243;][vc_column_text css_animation=&#8221;none&#8221; css=&#8221;&#8221; el_class=&#8221;centered&#8221;]<\/p>\n<h2 style=\"text-align: center;\">Boost your visibility<\/h2>\n<p style=\"text-align: center;\">Would you like to network? Find partners? Get people talking about you? AKTANTIS can help you make a name for yourself.<\/p>\n<p>[\/vc_column_text][\/vc_column][vc_column width=&#8221;1\/12&#8243;][\/vc_column][\/vc_row][vc_row css=&#8221;.vc_custom_1516368684864{padding-bottom: 50px !important;}&#8221;][vc_column][vc_tta_tour style=&#8221;flat&#8221; shape=&#8221;square&#8221; color=&#8221;sky&#8221; spacing=&#8221;&#8221; active_section=&#8221;1&#8243; no_fill_content_area=&#8221;true&#8221;][vc_tta_section i_icon_fontawesome=&#8221;fas fa-chevron-right&#8221; add_icon=&#8221;true&#8221; title=&#8221;Networking BtoB&#8221; tab_id=&#8221;networking-btob&#8221; el_class=&#8221;tab-cherche&#8221;][vc_column_text css=&#8221;&#8221;]<\/p>\n<h4>AKTANTIS gives you access to almost 300 players in the field of deeptech technologies and assists you in your search for business and \/ or technological partners.<\/h4>\n<p>As an AKTANTIS member, we can help you identifying the partner(s) able to meet your needs, and help creating a relationship with the appropriate members of our ecosystem.<\/p>\n<p>It is through local, national and international events that AKTANTIS will help you meet and deal with your future partners or clients.<\/p>\n<p>We propose:<\/p>\n<ul>\n<li>Market Meetings<\/li>\n<li>Thematic Work Groups<\/li>\n<li>R&amp;D information Meetings<\/li>\n<li>Awareness Sessions<\/li>\n<li>&#8230;<\/li>\n<\/ul>\n<p><a href=\"https:\/\/www.aktantis.com\/wp-content\/uploads\/2025\/04\/fiches_EVENEMENTS_AKTANTIS_2025.pdf\"><strong>Detailed brochure dedicated to events<\/strong> (in French)<strong> &gt;<\/strong><\/a><\/p>\n<p><a href=\"https:\/\/www.aktantis.com\/wp-content\/uploads\/2025\/04\/fiches_MISE_EN_RELATION_CIBLE_AKTANTIS_2025.pdf\"><strong>Detailed brochure dedicated to targeted relationship<\/strong> (in French)<strong> &gt;<\/strong><\/a><\/p>\n<p>&nbsp;<\/p>\n<p>To identify upcoming events at a glance, check out our events agenda!<\/p>\n<p><a href=\"https:\/\/www.aktantis.com\/en\/category\/events\/\"><strong>All AKTANTIS Events &gt;<\/strong><\/a>[\/vc_column_text][\/vc_tta_section][vc_tta_section i_icon_fontawesome=&#8221;fas fa-chevron-right&#8221; add_icon=&#8221;true&#8221; title=&#8221;Media Relations&#8221; tab_id=&#8221;media-coverage&#8221; el_class=&#8221;tab-cherche&#8221;][vc_column_text css=&#8221;&#8221;]<\/p>\n<h4>You are looking for high visibility and media coverage?<\/h4>\n<p>AKTANTIS gives you access to a range of services<\/p>\n<ul>\n<li>Relay your latest news and events on our Website and\/or in our Microelectronics half-yearly Newsletter<\/li>\n<li>Take part in Press conferences dedicated to companies that exhibit in major international trade shows<\/li>\n<li>Highlight your company news on our social networks <strong>AKTANTIS:<\/strong> <strong><a href=\"https:\/\/x.com\/pole_scs\" target=\"_blank\" rel=\"noopener\">X<\/a>, <a href=\"https:\/\/www.facebook.com\/PoleSCS\" target=\"_blank\" rel=\"noopener\">Facebook <\/a><\/strong>and<strong><a href=\"https:\/\/www.linkedin.com\/company\/pole-scs\" target=\"_blank\" rel=\"noopener\"> LinkedIn<\/a>)<\/strong><\/li>\n<\/ul>\n<p><a href=\"https:\/\/www.aktantis.com\/wp-content\/uploads\/2025\/04\/fiches_PROMOTION_DES_ADHERENTS_AKTANTIS_2025.pdf\"><strong>Detailed Brochure <\/strong>(in French)<strong> &gt;<\/strong><\/a>[\/vc_column_text][\/vc_tta_section][vc_tta_section i_icon_fontawesome=&#8221;fas fa-chevron-right&#8221; add_icon=&#8221;true&#8221; title=&#8221;Marketing&#8221; tab_id=&#8221;promotion&#8221; el_class=&#8221;tab-veux&#8221;][vc_column_text css=&#8221;&#8221;]<\/p>\n<p style=\"text-align: center;\"><strong>Gain visibility and boost your growth through digital marketing<\/strong><\/p>\n<p>Whether you&#8217;re a start-up, a technology SME, a design office or an integrator, you work in environments where technology and innovation are of the utmost importance. Advanced technology alone is not enough in the face of competition and the challenges of adoption: you also need to make it visible, understandable and attractive to your customers, investors and partners.<\/p>\n<p>As part of your membership, you can take advantage of a digital maturity diagnostic to help you plan concrete actions:<\/p>\n<ul>\n<li><strong>Book an online appointment with a senior expert<\/strong> &#8211; select a time slot for a 30-minute video conference (contact our team for the link to the appointment).<\/li>\n<li><strong>Structured discussion with a senior expert<\/strong> &#8211; the expert analyses your marketing maturity using an exploratory questionnaire.<\/li>\n<li><strong>Analysis and feedback<\/strong> &#8211; You receive a detailed report with actionable areas for improvement.<\/li>\n<\/ul>\n<p>[\/vc_column_text][\/vc_tta_section][\/vc_tta_tour][\/vc_column][\/vc_row][vc_row][vc_column][vc_column_text css=&#8221;.vc_custom_1618826993880{margin-bottom: 20px !important;}&#8221;]<\/p>\n<p style=\"text-align: left;\"><a class=\"btn-return\" href=\"https:\/\/www.aktantis.com\/en\/services-aktantis\/\">&lt; Back<\/a><\/p>\n<p>[\/vc_column_text][\/vc_column][\/vc_row][vc_row full_width=&#8221;stretch_row_content_no_spaces&#8221; equal_height=&#8221;yes&#8221; css=&#8221;.vc_custom_1731411989551{margin-top: 0px !important;margin-bottom: 0px !important;padding-bottom: 35px !important;background-color: #F3F3F9 !important;}&#8221;][vc_column width=&#8221;1\/2&#8243; css=&#8221;.vc_custom_1519589186430{padding-top: 0px !important;padding-right: 0px !important;padding-bottom: 0px !important;padding-left: 0px !important;}&#8221; offset=&#8221;vc_hidden-xs&#8221;][vc_column_text css=&#8221;.vc_custom_1731412060733{margin-top: 35px !important;margin-bottom: 35px !important;padding-top: 50px !important;padding-right: 10% !important;padding-bottom: 50px !important;}&#8221;]<\/p>\n<p style=\"text-align: right;\"><a class=\"shrtd-contact-icon\" href=\"https:\/\/www.aktantis.com\/en\/\/contact\/\" ><i class=\"icomoon icon-bubbles6\"><\/i><\/a><\/p>\n<h4 style=\"text-align: right; max-width: 400px; float: right;\">Pour plus d\u2019information sur nos moyens de vous faire conna\u00eetre, contactez-nous<\/h4>\n<p>[\/vc_column_text][\/vc_column][vc_column width=&#8221;1\/2&#8243; css=&#8221;.vc_custom_1516922607712{padding-top: 0px !important;padding-right: 0px !important;padding-bottom: 0px !important;padding-left: 0px !important;}&#8221;][vc_column_text css=&#8221;.vc_custom_1731412037051{margin-top: 70px !important;margin-bottom: 70px !important;border-left-width: 1px !important;padding-top: 0px !important;padding-right: 0px !important;padding-bottom: 0px !important;padding-left: 10% !important;border-left-style: solid !important;border-radius: 1px !important;border-color: rgba(0,133,166,0.49) !important;}&#8221;]<\/p>\n<h2 style=\"text-align: left;\">YOUR CONTACTS<strong><br \/>\n<\/strong><\/h2>\n<div class=\"portrait-contact shortcode clearfix\">\r\n                <img loading=\"lazy\" decoding=\"async\" width=\"165\" height=\"165\" src=\"https:\/\/www.aktantis.com\/wp-content\/uploads\/2023\/01\/Fabienne-165x165.jpg\" class=\"attachment-scs_equipe_portrait size-scs_equipe_portrait wp-post-image\" alt=\"\" srcset=\"https:\/\/www.aktantis.com\/wp-content\/uploads\/2023\/01\/Fabienne-165x165.jpg 165w, https:\/\/www.aktantis.com\/wp-content\/uploads\/2023\/01\/Fabienne-300x300.jpg 300w, https:\/\/www.aktantis.com\/wp-content\/uploads\/2023\/01\/Fabienne-150x150.jpg 150w, https:\/\/www.aktantis.com\/wp-content\/uploads\/2023\/01\/Fabienne-160x160.jpg 160w, https:\/\/www.aktantis.com\/wp-content\/uploads\/2023\/01\/Fabienne-89x89.jpg 89w, https:\/\/www.aktantis.com\/wp-content\/uploads\/2023\/01\/Fabienne-238x238.jpg 238w, https:\/\/www.aktantis.com\/wp-content\/uploads\/2023\/01\/Fabienne-100x100.jpg 100w, https:\/\/www.aktantis.com\/wp-content\/uploads\/2023\/01\/Fabienne.jpg 750w\" sizes=\"auto, 100vw\" \/>                <div class=\"infos\">\r\n                    <h4>Fabienne DE TOMA<\/h4>                    <p>Innovation - Strategy<\/p>\r\n                    <p class=\"contact\">\r\n                        <i class=\"icon-phone\"><\/i><a href=\"tel:+33 4 42 53 82 86\">+33 4 42 53 82 86<\/a><br\/>                        <i class=\"icon-mobile2\"><\/i><a href=\"tel:+33 6 73 03 30 23\">+33 6 73 03 30 23<\/a>                        <br\/>                        <i class=\"icon-envelop\"><\/i><a href=\"mailto:fabienne.detoma@aktantis.com\">fabienne.detoma@aktantis.com<\/a>                                            <\/p>\r\n                <\/div>\r\n            <\/div>\r\n                    <div class=\"portrait-contact shortcode clearfix\">\r\n                <img loading=\"lazy\" decoding=\"async\" width=\"165\" height=\"165\" src=\"https:\/\/www.aktantis.com\/wp-content\/uploads\/2023\/09\/Celine-1-165x165.jpg\" class=\"attachment-scs_equipe_portrait size-scs_equipe_portrait wp-post-image\" alt=\"\" srcset=\"https:\/\/www.aktantis.com\/wp-content\/uploads\/2023\/09\/Celine-1-165x165.jpg 165w, https:\/\/www.aktantis.com\/wp-content\/uploads\/2023\/09\/Celine-1-150x150.jpg 150w, https:\/\/www.aktantis.com\/wp-content\/uploads\/2023\/09\/Celine-1-238x238.jpg 238w, https:\/\/www.aktantis.com\/wp-content\/uploads\/2023\/09\/Celine-1-100x100.jpg 100w\" sizes=\"auto, 100vw\" \/>                <div class=\"infos\">\r\n                    <h4>C\u00c9LINE HAOUJI<\/h4>                    <p>Communication Manager<\/p>\r\n                    <p class=\"contact\">\r\n                                                <i class=\"icon-mobile2\"><\/i><a href=\"tel:+33 6 31 40 57 65\">+33 6 31 40 57 65<\/a>                        <br\/>                        <i class=\"icon-envelop\"><\/i><a href=\"mailto:celine.haouji@aktantis.com\">celine.haouji@aktantis.com<\/a>                                            <\/p>\r\n                <\/div>\r\n            <\/div>\r\n        [\/vc_column_text][\/vc_column][\/vc_row]<\/p>\n<\/div>","protected":false},"excerpt":{"rendered":"","protected":false},"author":1,"featured_media":0,"parent":91174333,"menu_order":0,"comment_status":"closed","ping_status":"closed","template":"","meta":{"footnotes":""},"class_list":["post-91132435","page","type-page","status-publish","hentry"],"yoast_head":"<!-- This site is optimized with the Yoast SEO plugin v25.8 - https:\/\/yoast.com\/wordpress\/plugins\/seo\/ -->\n<title>Visibility &amp; notoriety | AKTANTIS<\/title>\n<meta name=\"description\" content=\"Would you like to network? Find partners? Get people talking about you? AKTANTIS can help you make a name for yourself.\" \/>\n<meta name=\"robots\" content=\"index, follow, max-snippet:-1, max-image-preview:large, max-video-preview:-1\" \/>\n<link rel=\"canonical\" href=\"https:\/\/www.aktantis.com\/en\/services-aktantis\/visibility-notoriety\/\" \/>\n<meta property=\"og:locale\" content=\"en_US\" \/>\n<meta property=\"og:type\" content=\"article\" \/>\n<meta property=\"og:title\" content=\"Visibility &amp; notoriety | AKTANTIS\" \/>\n<meta property=\"og:description\" content=\"Would you like to network? Find partners? Get people talking about you? AKTANTIS can help you make a name for yourself.\" \/>\n<meta property=\"og:url\" content=\"https:\/\/www.aktantis.com\/en\/services-aktantis\/visibility-notoriety\/\" \/>\n<meta property=\"og:site_name\" content=\"AKTANTIS\" \/>\n<meta property=\"article:publisher\" content=\"https:\/\/www.facebook.com\/PoleSCS\/\" \/>\n<meta property=\"article:modified_time\" content=\"2025-09-11T14:49:24+00:00\" \/>\n<meta name=\"twitter:card\" content=\"summary_large_image\" \/>\n<meta name=\"twitter:site\" content=\"@Pole_SCS\" \/>\n<script type=\"application\/ld+json\" class=\"yoast-schema-graph\">{\"@context\":\"https:\/\/schema.org\",\"@graph\":[{\"@type\":\"WebPage\",\"@id\":\"https:\/\/www.aktantis.com\/en\/services-aktantis\/visibility-notoriety\/\",\"url\":\"https:\/\/www.aktantis.com\/en\/services-aktantis\/visibility-notoriety\/\",\"name\":\"Visibility & notoriety | AKTANTIS\",\"isPartOf\":{\"@id\":\"https:\/\/www.aktantis.com\/#website\"},\"datePublished\":\"2018-01-18T16:59:54+00:00\",\"dateModified\":\"2025-09-11T14:49:24+00:00\",\"description\":\"Would you like to network? Find partners? Get people talking about you? AKTANTIS can help you make a name for yourself.\",\"breadcrumb\":{\"@id\":\"https:\/\/www.aktantis.com\/en\/services-aktantis\/visibility-notoriety\/#breadcrumb\"},\"inLanguage\":\"en-US\",\"potentialAction\":[{\"@type\":\"ReadAction\",\"target\":[\"https:\/\/www.aktantis.com\/en\/services-aktantis\/visibility-notoriety\/\"]}]},{\"@type\":\"BreadcrumbList\",\"@id\":\"https:\/\/www.aktantis.com\/en\/services-aktantis\/visibility-notoriety\/#breadcrumb\",\"itemListElement\":[{\"@type\":\"ListItem\",\"position\":1,\"name\":\"Accueil\",\"item\":\"https:\/\/www.aktantis.com\/en\/\"},{\"@type\":\"ListItem\",\"position\":2,\"name\":\"Services\",\"item\":\"https:\/\/www.aktantis.com\/en\/services-aktantis\/\"},{\"@type\":\"ListItem\",\"position\":3,\"name\":\"Visibility &#038; notoriety\"}]},{\"@type\":\"WebSite\",\"@id\":\"https:\/\/www.aktantis.com\/#website\",\"url\":\"https:\/\/www.aktantis.com\/\",\"name\":\"AKTANTIS\",\"description\":\"1er \u00e9cosyst\u00e8me europ\u00e9en\",\"publisher\":{\"@id\":\"https:\/\/www.aktantis.com\/#organization\"},\"potentialAction\":[{\"@type\":\"SearchAction\",\"target\":{\"@type\":\"EntryPoint\",\"urlTemplate\":\"https:\/\/www.aktantis.com\/?s={search_term_string}\"},\"query-input\":{\"@type\":\"PropertyValueSpecification\",\"valueRequired\":true,\"valueName\":\"search_term_string\"}}],\"inLanguage\":\"en-US\"},{\"@type\":\"Organization\",\"@id\":\"https:\/\/www.aktantis.com\/#organization\",\"name\":\"Aktantis\",\"url\":\"https:\/\/www.aktantis.com\/\",\"logo\":{\"@type\":\"ImageObject\",\"inLanguage\":\"en-US\",\"@id\":\"https:\/\/www.aktantis.com\/#\/schema\/logo\/image\/\",\"url\":\"https:\/\/www.aktantis.com\/wp-content\/uploads\/2018\/03\/cropped-logo_scs.png\",\"contentUrl\":\"https:\/\/www.aktantis.com\/wp-content\/uploads\/2018\/03\/cropped-logo_scs.png\",\"width\":720,\"height\":250,\"caption\":\"Aktantis\"},\"image\":{\"@id\":\"https:\/\/www.aktantis.com\/#\/schema\/logo\/image\/\"},\"sameAs\":[\"https:\/\/www.facebook.com\/PoleSCS\/\",\"https:\/\/x.com\/Pole_SCS\",\"https:\/\/www.linkedin.com\/company\/pole-scs\/\"]}]}<\/script>\n<!-- \/ Yoast SEO plugin. -->","yoast_head_json":{"title":"Visibility & notoriety | AKTANTIS","description":"Would you like to network? Find partners? Get people talking about you? AKTANTIS can help you make a name for yourself.","robots":{"index":"index","follow":"follow","max-snippet":"max-snippet:-1","max-image-preview":"max-image-preview:large","max-video-preview":"max-video-preview:-1"},"canonical":"https:\/\/www.aktantis.com\/en\/services-aktantis\/visibility-notoriety\/","og_locale":"en_US","og_type":"article","og_title":"Visibility & notoriety | AKTANTIS","og_description":"Would you like to network? Find partners? Get people talking about you? AKTANTIS can help you make a name for yourself.","og_url":"https:\/\/www.aktantis.com\/en\/services-aktantis\/visibility-notoriety\/","og_site_name":"AKTANTIS","article_publisher":"https:\/\/www.facebook.com\/PoleSCS\/","article_modified_time":"2025-09-11T14:49:24+00:00","twitter_card":"summary_large_image","twitter_site":"@Pole_SCS","schema":{"@context":"https:\/\/schema.org","@graph":[{"@type":"WebPage","@id":"https:\/\/www.aktantis.com\/en\/services-aktantis\/visibility-notoriety\/","url":"https:\/\/www.aktantis.com\/en\/services-aktantis\/visibility-notoriety\/","name":"Visibility & notoriety | AKTANTIS","isPartOf":{"@id":"https:\/\/www.aktantis.com\/#website"},"datePublished":"2018-01-18T16:59:54+00:00","dateModified":"2025-09-11T14:49:24+00:00","description":"Would you like to network? Find partners? Get people talking about you? AKTANTIS can help you make a name for yourself.","breadcrumb":{"@id":"https:\/\/www.aktantis.com\/en\/services-aktantis\/visibility-notoriety\/#breadcrumb"},"inLanguage":"en-US","potentialAction":[{"@type":"ReadAction","target":["https:\/\/www.aktantis.com\/en\/services-aktantis\/visibility-notoriety\/"]}]},{"@type":"BreadcrumbList","@id":"https:\/\/www.aktantis.com\/en\/services-aktantis\/visibility-notoriety\/#breadcrumb","itemListElement":[{"@type":"ListItem","position":1,"name":"Accueil","item":"https:\/\/www.aktantis.com\/en\/"},{"@type":"ListItem","position":2,"name":"Services","item":"https:\/\/www.aktantis.com\/en\/services-aktantis\/"},{"@type":"ListItem","position":3,"name":"Visibility &#038; notoriety"}]},{"@type":"WebSite","@id":"https:\/\/www.aktantis.com\/#website","url":"https:\/\/www.aktantis.com\/","name":"AKTANTIS","description":"1er \u00e9cosyst\u00e8me europ\u00e9en","publisher":{"@id":"https:\/\/www.aktantis.com\/#organization"},"potentialAction":[{"@type":"SearchAction","target":{"@type":"EntryPoint","urlTemplate":"https:\/\/www.aktantis.com\/?s={search_term_string}"},"query-input":{"@type":"PropertyValueSpecification","valueRequired":true,"valueName":"search_term_string"}}],"inLanguage":"en-US"},{"@type":"Organization","@id":"https:\/\/www.aktantis.com\/#organization","name":"Aktantis","url":"https:\/\/www.aktantis.com\/","logo":{"@type":"ImageObject","inLanguage":"en-US","@id":"https:\/\/www.aktantis.com\/#\/schema\/logo\/image\/","url":"https:\/\/www.aktantis.com\/wp-content\/uploads\/2018\/03\/cropped-logo_scs.png","contentUrl":"https:\/\/www.aktantis.com\/wp-content\/uploads\/2018\/03\/cropped-logo_scs.png","width":720,"height":250,"caption":"Aktantis"},"image":{"@id":"https:\/\/www.aktantis.com\/#\/schema\/logo\/image\/"},"sameAs":["https:\/\/www.facebook.com\/PoleSCS\/","https:\/\/x.com\/Pole_SCS","https:\/\/www.linkedin.com\/company\/pole-scs\/"]}]}},"_links":{"self":[{"href":"https:\/\/www.aktantis.com\/en\/wp-json\/wp\/v2\/pages\/91132435","targetHints":{"allow":["GET"]}}],"collection":[{"href":"https:\/\/www.aktantis.com\/en\/wp-json\/wp\/v2\/pages"}],"about":[{"href":"https:\/\/www.aktantis.com\/en\/wp-json\/wp\/v2\/types\/page"}],"author":[{"embeddable":true,"href":"https:\/\/www.aktantis.com\/en\/wp-json\/wp\/v2\/users\/1"}],"replies":[{"embeddable":true,"href":"https:\/\/www.aktantis.com\/en\/wp-json\/wp\/v2\/comments?post=91132435"}],"version-history":[{"count":50,"href":"https:\/\/www.aktantis.com\/en\/wp-json\/wp\/v2\/pages\/91132435\/revisions"}],"predecessor-version":[{"id":91180732,"href":"https:\/\/www.aktantis.com\/en\/wp-json\/wp\/v2\/pages\/91132435\/revisions\/91180732"}],"up":[{"embeddable":true,"href":"https:\/\/www.aktantis.com\/en\/wp-json\/wp\/v2\/pages\/91174333"}],"wp:attachment":[{"href":"https:\/\/www.aktantis.com\/en\/wp-json\/wp\/v2\/media?parent=91132435"}],"curies":[{"name":"wp","href":"https:\/\/api.w.org\/{rel}","templated":true}]}}