{"id":91132414,"date":"2018-01-18T17:58:18","date_gmt":"2018-01-18T16:58:18","guid":{"rendered":"http:\/\/www.aktantis.com\/business-planning\/"},"modified":"2025-09-02T10:14:12","modified_gmt":"2025-09-02T08:14:12","slug":"accelerating-your-growth","status":"publish","type":"page","link":"https:\/\/www.aktantis.com\/en\/services-aktantis\/accelerating-your-growth\/","title":{"rendered":"Accelerating your growth"},"content":{"rendered":"<div class=\"wpb-content-wrapper\"><p>[vc_row][vc_column width=&#8221;1\/12&#8243;][\/vc_column][vc_column width=&#8221;10\/12&#8243;][vc_column_text css_animation=&#8221;none&#8221; css=&#8221;&#8221;]<\/p>\n<h2 style=\"text-align: center;\">Accelerating your growth<\/h2>\n<p style=\"text-align: center;\">\u00a0You are a startup or SME and you want to raise funds? AKTANTIS offers you a dedicated label hi France !<\/p>\n<p style=\"text-align: center;\">You have developed an innovation, and now want to work on your business plan ? AKTANTIS offers you strategic support tailored to your needs.<\/p>\n<p>[\/vc_column_text][\/vc_column][vc_column width=&#8221;1\/12&#8243;][\/vc_column][\/vc_row][vc_row css=&#8221;.vc_custom_1516368684864{padding-bottom: 50px !important;}&#8221;][vc_column][vc_tta_tour style=&#8221;flat&#8221; shape=&#8221;square&#8221; color=&#8221;sky&#8221; spacing=&#8221;&#8221; active_section=&#8221;1&#8243; no_fill_content_area=&#8221;true&#8221;][vc_tta_section i_icon_fontawesome=&#8221;fas fa-chevron-right&#8221; add_icon=&#8221;true&#8221; title=&#8221;Fundraising &#8211; hi France&#8221; tab_id=&#8221;raise-money&#8221; el_class=&#8221;tab-cherche&#8221;][vc_column_text css=&#8221;&#8221;]<\/p>\n<h4>500 million euros have been raised by the members of the cluster. You too, want to raise funds?<\/h4>\n<p>AKTANTIS accompanied more than 80 young businesses in the private equity raising process by helping them to prepare a business plan.<br \/>\n<strong>Thanks to AKTANTIS support, startup are 5 times more likely to raise funds!\u00a0\u00a0<\/strong><span style=\"font-weight: 400;\">Unique added value to help you raise equity fund: <\/span><\/p>\n<ul>\n<li>a label for national visibility of your fundraising project<\/li>\n<li>the in-depth expertise of several technological\u00a0 and markets clusters in France<\/li>\n<li>faster access to investors through France Invest and France Angels<\/li>\n<\/ul>\n<p>[\/vc_column_text][vc_row_inner][vc_column_inner width=&#8221;1\/2&#8243; css=&#8221;.vc_custom_1516374404411{padding-right: 35px !important;padding-left: 0px !important;}&#8221;][vc_column_text css=&#8221;&#8221;]<strong>Hi France Label<\/strong>: tailored support with senior advisors for strategy and funding issues<\/p>\n<p><a href=\"https:\/\/www.aktantis.com\/wp-content\/uploads\/2025\/04\/fiches_PASS-HI_FRANCE_AKTANTIS_2025.pdf\"><strong>More info (in French) &gt;<\/strong><\/a>[\/vc_column_text][\/vc_column_inner][vc_column_inner width=&#8221;1\/2&#8243;][vc_single_image image=&#8221;91154040&#8243; img_size=&#8221;full&#8221;][\/vc_column_inner][\/vc_row_inner][\/vc_tta_section][vc_tta_section i_icon_fontawesome=&#8221;fas fa-chevron-right&#8221; add_icon=&#8221;true&#8221; title=&#8221;Strategy Go To Market&#8221; tab_id=&#8221;strategy&#8221; el_class=&#8221;tab-cherche&#8221;][vc_column_text css=&#8221;&#8221;]<\/p>\n<h4>You have developed an innovation and you seek to define and\/or improve your strategic business planning to reach performance and step up with growth?<\/h4>\n<p>AKTANTIS allows you to benefit from high level expertise on topics such as:<\/p>\n<ul>\n<li><span style=\"font-weight: 400;\">product validation<\/span><\/li>\n<li><span style=\"font-weight: 400;\">product industrial planning<\/span><\/li>\n<li><span style=\"font-weight: 400;\">offer positioning<\/span><\/li>\n<li><span style=\"font-weight: 400;\">market segmentation<\/span><\/li>\n<li><span style=\"font-weight: 400;\">Business Model &amp; strategy<\/span><\/li>\n<li><span style=\"font-weight: 400;\">international development<\/span><\/li>\n<li><span style=\"font-weight: 400;\">financial strategy<\/span><\/li>\n<li><span style=\"font-weight: 400;\">workforce growth<\/span><\/li>\n<li>etc.<\/li>\n<\/ul>\n<p>So far up to <strong>60 companies<\/strong> have been supported in their market access strategy.[\/vc_column_text][vc_row_inner][vc_column_inner width=&#8221;1\/2&#8243; css=&#8221;.vc_custom_1516374404411{padding-right: 35px !important;padding-left: 0px !important;}&#8221;][vc_column_text css=&#8221;&#8221;]<\/p>\n<h4>STRATEGY PASS:<\/h4>\n<ul>\n<li>Workshops on priority topics<\/li>\n<li>Debates and discussions<\/li>\n<li>Restitution workshop<\/li>\n<li>Conclusions and recommendations<\/li>\n<li>Follow-up of any contacts<\/li>\n<\/ul>\n<p><a href=\"https:\/\/www.aktantis.com\/wp-content\/uploads\/2025\/04\/fiches_PASS_STRATEGIE_AKTANTIS_2025.pdf\"><strong>Detailed brochure (in French) &gt;<\/strong><\/a>[\/vc_column_text][\/vc_column_inner][vc_column_inner width=&#8221;1\/2&#8243;][\/vc_column_inner][\/vc_row_inner][\/vc_tta_section][\/vc_tta_tour][\/vc_column][\/vc_row][vc_row][vc_column][vc_column_text css=&#8221;.vc_custom_1520285619090{margin-bottom: 20px !important;}&#8221;]<\/p>\n<p style=\"text-align: left;\"><a class=\"btn-return\" href=\"https:\/\/www.aktantis.com\/en\/services-aktantis\/\">&lt; Back<\/a><\/p>\n<p>[\/vc_column_text][\/vc_column][\/vc_row][vc_row full_width=&#8221;stretch_row_content_no_spaces&#8221; equal_height=&#8221;yes&#8221; css=&#8221;.vc_custom_1731407488943{margin-top: 0px !important;margin-bottom: 0px !important;background-color: #F3F3F9 !important;}&#8221;][vc_column width=&#8221;1\/2&#8243; css=&#8221;.vc_custom_1519589125923{padding-top: 0px !important;padding-right: 0px !important;padding-bottom: 0px !important;padding-left: 0px !important;}&#8221; offset=&#8221;vc_hidden-xs&#8221;][vc_column_text css=&#8221;.vc_custom_1731682755967{margin-top: 35px !important;margin-bottom: 35px !important;padding-top: 50px !important;padding-right: 10% !important;padding-bottom: 50px !important;}&#8221;]<\/p>\n<p style=\"text-align: right;\"><a class=\"shrtd-contact-icon\" href=\"https:\/\/www.aktantis.com\/en\/\/contact\/\" ><i class=\"icomoon icon-bubbles6\"><\/i><\/a><\/p>\n<h4 style=\"text-align: right; max-width: 400px; float: right;\">For more information on your business development, fundraising, and operational excellence, contact us<\/h4>\n<p>[\/vc_column_text][\/vc_column][vc_column width=&#8221;1\/2&#8243; css=&#8221;.vc_custom_1516939675433{padding-top: 0px !important;padding-right: 0px !important;padding-bottom: 0px !important;padding-left: 0px !important;}&#8221;][vc_column_text css=&#8221;.vc_custom_1731682739731{margin-top: 70px !important;margin-bottom: 70px !important;border-bottom-width: 0px !important;border-left-width: 1px !important;padding-top: 0px !important;padding-right: 0px !important;padding-left: 10% !important;border-left-style: solid !important;border-bottom-style: solid !important;border-color: rgba(0,133,166,0.49) !important;}&#8221;]<\/p>\n<h2 style=\"text-align: left;\">YOUR CONTACTS<strong><br \/>\n<\/strong><\/h2>\n<div class=\"portrait-contact shortcode clearfix\">\r\n                <img loading=\"lazy\" decoding=\"async\" width=\"165\" height=\"165\" src=\"https:\/\/www.aktantis.com\/wp-content\/uploads\/2024\/11\/Stephanie-165x165.jpg\" class=\"attachment-scs_equipe_portrait size-scs_equipe_portrait wp-post-image\" alt=\"\" srcset=\"https:\/\/www.aktantis.com\/wp-content\/uploads\/2024\/11\/Stephanie-165x165.jpg 165w, https:\/\/www.aktantis.com\/wp-content\/uploads\/2024\/11\/Stephanie-300x300.jpg 300w, https:\/\/www.aktantis.com\/wp-content\/uploads\/2024\/11\/Stephanie-150x150.jpg 150w, https:\/\/www.aktantis.com\/wp-content\/uploads\/2024\/11\/Stephanie-160x160.jpg 160w, https:\/\/www.aktantis.com\/wp-content\/uploads\/2024\/11\/Stephanie-89x89.jpg 89w, https:\/\/www.aktantis.com\/wp-content\/uploads\/2024\/11\/Stephanie-238x238.jpg 238w, https:\/\/www.aktantis.com\/wp-content\/uploads\/2024\/11\/Stephanie-100x100.jpg 100w, https:\/\/www.aktantis.com\/wp-content\/uploads\/2024\/11\/Stephanie.jpg 750w\" sizes=\"auto, 100vw\" \/>                <div class=\"infos\">\r\n                    <h4>St\u00e9phanie SCHOHN<\/h4>                    <p>Event and Ecosystem Director<\/p>\r\n                    <p class=\"contact\">\r\n                        <i class=\"icon-phone\"><\/i><a href=\"tel:+33 4 42 53 82 84\">+33 4 42 53 82 84<\/a><br\/>                        <i class=\"icon-mobile2\"><\/i><a href=\"tel:+33 6 89 96 19 11\">+33 6 89 96 19 11<\/a>                        <br\/>                        <i class=\"icon-envelop\"><\/i><a href=\"mailto:stephanie.schohn@aktantis.com\">stephanie.schohn@aktantis.com<\/a>                                            <\/p>\r\n                <\/div>\r\n            <\/div>\r\n                    <div class=\"portrait-contact shortcode clearfix\">\r\n                <img loading=\"lazy\" decoding=\"async\" width=\"165\" height=\"165\" src=\"https:\/\/www.aktantis.com\/wp-content\/uploads\/2018\/01\/Karine-degrenne-AKTANTIS-165x165.jpg\" class=\"attachment-scs_equipe_portrait size-scs_equipe_portrait wp-post-image\" alt=\"\" srcset=\"https:\/\/www.aktantis.com\/wp-content\/uploads\/2018\/01\/Karine-degrenne-AKTANTIS-165x165.jpg 165w, https:\/\/www.aktantis.com\/wp-content\/uploads\/2018\/01\/Karine-degrenne-AKTANTIS-150x150.jpg 150w, https:\/\/www.aktantis.com\/wp-content\/uploads\/2018\/01\/Karine-degrenne-AKTANTIS-238x238.jpg 238w, https:\/\/www.aktantis.com\/wp-content\/uploads\/2018\/01\/Karine-degrenne-AKTANTIS-100x100.jpg 100w\" sizes=\"auto, 100vw\" \/>                <div class=\"infos\">\r\n                    <h4>Karine DEGRENNE<\/h4>                    <p>SME support<\/p>\r\n                    <p class=\"contact\">\r\n                                                <i class=\"icon-mobile2\"><\/i><a href=\"tel:+ 33 6 48 72 22 91\">+ 33 6 48 72 22 91<\/a>                        <br\/>                        <i class=\"icon-envelop\"><\/i><a href=\"mailto:karine.degrenne@aktantis.com\">karine.degrenne@aktantis.com<\/a>                                            <\/p>\r\n                <\/div>\r\n            <\/div>\r\n        [\/vc_column_text][\/vc_column][\/vc_row]<\/p>\n<\/div>","protected":false},"excerpt":{"rendered":"","protected":false},"author":1,"featured_media":0,"parent":91174333,"menu_order":0,"comment_status":"closed","ping_status":"closed","template":"","meta":{"footnotes":""},"class_list":["post-91132414","page","type-page","status-publish","hentry"],"yoast_head":"<!-- This site is optimized with the Yoast SEO plugin v25.8 - https:\/\/yoast.com\/wordpress\/plugins\/seo\/ -->\n<title>Accelerating your growth | AKTANTIS<\/title>\n<meta name=\"description\" content=\"Are you a startup and want to raise funds? AKTANTIS offers you its services to accelerate your growth.\" \/>\n<meta name=\"robots\" content=\"index, follow, max-snippet:-1, max-image-preview:large, max-video-preview:-1\" \/>\n<link rel=\"canonical\" href=\"https:\/\/www.aktantis.com\/en\/services-aktantis\/accelerating-your-growth\/\" \/>\n<meta property=\"og:locale\" content=\"en_US\" \/>\n<meta property=\"og:type\" content=\"article\" \/>\n<meta property=\"og:title\" content=\"Accelerating your growth | AKTANTIS\" \/>\n<meta property=\"og:description\" content=\"Are you a startup and want to raise funds? AKTANTIS offers you its services to accelerate your growth.\" \/>\n<meta property=\"og:url\" content=\"https:\/\/www.aktantis.com\/en\/services-aktantis\/accelerating-your-growth\/\" \/>\n<meta property=\"og:site_name\" content=\"AKTANTIS\" \/>\n<meta property=\"article:publisher\" content=\"https:\/\/www.facebook.com\/PoleSCS\/\" \/>\n<meta property=\"article:modified_time\" content=\"2025-09-02T08:14:12+00:00\" \/>\n<meta name=\"twitter:card\" content=\"summary_large_image\" \/>\n<meta name=\"twitter:site\" content=\"@Pole_SCS\" \/>\n<script type=\"application\/ld+json\" class=\"yoast-schema-graph\">{\"@context\":\"https:\/\/schema.org\",\"@graph\":[{\"@type\":\"WebPage\",\"@id\":\"https:\/\/www.aktantis.com\/en\/services-aktantis\/accelerating-your-growth\/\",\"url\":\"https:\/\/www.aktantis.com\/en\/services-aktantis\/accelerating-your-growth\/\",\"name\":\"Accelerating your growth | AKTANTIS\",\"isPartOf\":{\"@id\":\"https:\/\/www.aktantis.com\/#website\"},\"datePublished\":\"2018-01-18T16:58:18+00:00\",\"dateModified\":\"2025-09-02T08:14:12+00:00\",\"description\":\"Are you a startup and want to raise funds? AKTANTIS offers you its services to accelerate your growth.\",\"breadcrumb\":{\"@id\":\"https:\/\/www.aktantis.com\/en\/services-aktantis\/accelerating-your-growth\/#breadcrumb\"},\"inLanguage\":\"en-US\",\"potentialAction\":[{\"@type\":\"ReadAction\",\"target\":[\"https:\/\/www.aktantis.com\/en\/services-aktantis\/accelerating-your-growth\/\"]}]},{\"@type\":\"BreadcrumbList\",\"@id\":\"https:\/\/www.aktantis.com\/en\/services-aktantis\/accelerating-your-growth\/#breadcrumb\",\"itemListElement\":[{\"@type\":\"ListItem\",\"position\":1,\"name\":\"Accueil\",\"item\":\"https:\/\/www.aktantis.com\/en\/\"},{\"@type\":\"ListItem\",\"position\":2,\"name\":\"Services\",\"item\":\"https:\/\/www.aktantis.com\/en\/services-aktantis\/\"},{\"@type\":\"ListItem\",\"position\":3,\"name\":\"Accelerating your growth\"}]},{\"@type\":\"WebSite\",\"@id\":\"https:\/\/www.aktantis.com\/#website\",\"url\":\"https:\/\/www.aktantis.com\/\",\"name\":\"AKTANTIS\",\"description\":\"1er \u00e9cosyst\u00e8me europ\u00e9en\",\"publisher\":{\"@id\":\"https:\/\/www.aktantis.com\/#organization\"},\"potentialAction\":[{\"@type\":\"SearchAction\",\"target\":{\"@type\":\"EntryPoint\",\"urlTemplate\":\"https:\/\/www.aktantis.com\/?s={search_term_string}\"},\"query-input\":{\"@type\":\"PropertyValueSpecification\",\"valueRequired\":true,\"valueName\":\"search_term_string\"}}],\"inLanguage\":\"en-US\"},{\"@type\":\"Organization\",\"@id\":\"https:\/\/www.aktantis.com\/#organization\",\"name\":\"Aktantis\",\"url\":\"https:\/\/www.aktantis.com\/\",\"logo\":{\"@type\":\"ImageObject\",\"inLanguage\":\"en-US\",\"@id\":\"https:\/\/www.aktantis.com\/#\/schema\/logo\/image\/\",\"url\":\"https:\/\/www.aktantis.com\/wp-content\/uploads\/2018\/03\/cropped-logo_scs.png\",\"contentUrl\":\"https:\/\/www.aktantis.com\/wp-content\/uploads\/2018\/03\/cropped-logo_scs.png\",\"width\":720,\"height\":250,\"caption\":\"Aktantis\"},\"image\":{\"@id\":\"https:\/\/www.aktantis.com\/#\/schema\/logo\/image\/\"},\"sameAs\":[\"https:\/\/www.facebook.com\/PoleSCS\/\",\"https:\/\/x.com\/Pole_SCS\",\"https:\/\/www.linkedin.com\/company\/pole-scs\/\"]}]}<\/script>\n<!-- \/ Yoast SEO plugin. -->","yoast_head_json":{"title":"Accelerating your growth | AKTANTIS","description":"Are you a startup and want to raise funds? AKTANTIS offers you its services to accelerate your growth.","robots":{"index":"index","follow":"follow","max-snippet":"max-snippet:-1","max-image-preview":"max-image-preview:large","max-video-preview":"max-video-preview:-1"},"canonical":"https:\/\/www.aktantis.com\/en\/services-aktantis\/accelerating-your-growth\/","og_locale":"en_US","og_type":"article","og_title":"Accelerating your growth | AKTANTIS","og_description":"Are you a startup and want to raise funds? AKTANTIS offers you its services to accelerate your growth.","og_url":"https:\/\/www.aktantis.com\/en\/services-aktantis\/accelerating-your-growth\/","og_site_name":"AKTANTIS","article_publisher":"https:\/\/www.facebook.com\/PoleSCS\/","article_modified_time":"2025-09-02T08:14:12+00:00","twitter_card":"summary_large_image","twitter_site":"@Pole_SCS","schema":{"@context":"https:\/\/schema.org","@graph":[{"@type":"WebPage","@id":"https:\/\/www.aktantis.com\/en\/services-aktantis\/accelerating-your-growth\/","url":"https:\/\/www.aktantis.com\/en\/services-aktantis\/accelerating-your-growth\/","name":"Accelerating your growth | AKTANTIS","isPartOf":{"@id":"https:\/\/www.aktantis.com\/#website"},"datePublished":"2018-01-18T16:58:18+00:00","dateModified":"2025-09-02T08:14:12+00:00","description":"Are you a startup and want to raise funds? AKTANTIS offers you its services to accelerate your growth.","breadcrumb":{"@id":"https:\/\/www.aktantis.com\/en\/services-aktantis\/accelerating-your-growth\/#breadcrumb"},"inLanguage":"en-US","potentialAction":[{"@type":"ReadAction","target":["https:\/\/www.aktantis.com\/en\/services-aktantis\/accelerating-your-growth\/"]}]},{"@type":"BreadcrumbList","@id":"https:\/\/www.aktantis.com\/en\/services-aktantis\/accelerating-your-growth\/#breadcrumb","itemListElement":[{"@type":"ListItem","position":1,"name":"Accueil","item":"https:\/\/www.aktantis.com\/en\/"},{"@type":"ListItem","position":2,"name":"Services","item":"https:\/\/www.aktantis.com\/en\/services-aktantis\/"},{"@type":"ListItem","position":3,"name":"Accelerating your growth"}]},{"@type":"WebSite","@id":"https:\/\/www.aktantis.com\/#website","url":"https:\/\/www.aktantis.com\/","name":"AKTANTIS","description":"1er \u00e9cosyst\u00e8me europ\u00e9en","publisher":{"@id":"https:\/\/www.aktantis.com\/#organization"},"potentialAction":[{"@type":"SearchAction","target":{"@type":"EntryPoint","urlTemplate":"https:\/\/www.aktantis.com\/?s={search_term_string}"},"query-input":{"@type":"PropertyValueSpecification","valueRequired":true,"valueName":"search_term_string"}}],"inLanguage":"en-US"},{"@type":"Organization","@id":"https:\/\/www.aktantis.com\/#organization","name":"Aktantis","url":"https:\/\/www.aktantis.com\/","logo":{"@type":"ImageObject","inLanguage":"en-US","@id":"https:\/\/www.aktantis.com\/#\/schema\/logo\/image\/","url":"https:\/\/www.aktantis.com\/wp-content\/uploads\/2018\/03\/cropped-logo_scs.png","contentUrl":"https:\/\/www.aktantis.com\/wp-content\/uploads\/2018\/03\/cropped-logo_scs.png","width":720,"height":250,"caption":"Aktantis"},"image":{"@id":"https:\/\/www.aktantis.com\/#\/schema\/logo\/image\/"},"sameAs":["https:\/\/www.facebook.com\/PoleSCS\/","https:\/\/x.com\/Pole_SCS","https:\/\/www.linkedin.com\/company\/pole-scs\/"]}]}},"_links":{"self":[{"href":"https:\/\/www.aktantis.com\/en\/wp-json\/wp\/v2\/pages\/91132414","targetHints":{"allow":["GET"]}}],"collection":[{"href":"https:\/\/www.aktantis.com\/en\/wp-json\/wp\/v2\/pages"}],"about":[{"href":"https:\/\/www.aktantis.com\/en\/wp-json\/wp\/v2\/types\/page"}],"author":[{"embeddable":true,"href":"https:\/\/www.aktantis.com\/en\/wp-json\/wp\/v2\/users\/1"}],"replies":[{"embeddable":true,"href":"https:\/\/www.aktantis.com\/en\/wp-json\/wp\/v2\/comments?post=91132414"}],"version-history":[{"count":45,"href":"https:\/\/www.aktantis.com\/en\/wp-json\/wp\/v2\/pages\/91132414\/revisions"}],"predecessor-version":[{"id":91180484,"href":"https:\/\/www.aktantis.com\/en\/wp-json\/wp\/v2\/pages\/91132414\/revisions\/91180484"}],"up":[{"embeddable":true,"href":"https:\/\/www.aktantis.com\/en\/wp-json\/wp\/v2\/pages\/91174333"}],"wp:attachment":[{"href":"https:\/\/www.aktantis.com\/en\/wp-json\/wp\/v2\/media?parent=91132414"}],"curies":[{"name":"wp","href":"https:\/\/api.w.org\/{rel}","templated":true}]}}