{"id":91132228,"date":"2018-01-11T19:43:11","date_gmt":"2018-01-11T18:43:11","guid":{"rendered":"http:\/\/www.aktantis.com\/key-technologies\/technologies-sans-contact\/"},"modified":"2018-03-12T21:51:31","modified_gmt":"2018-03-12T20:51:31","slug":"contactless-nfc-rfid","status":"publish","type":"page","link":"https:\/\/www.aktantis.com\/en\/competitiveness-cluster\/key-technologies\/contactless-nfc-rfid\/","title":{"rendered":"Contactless Technologies"},"content":{"rendered":"<div class=\"wpb-content-wrapper\"><p>[vc_row][vc_column][vc_column_text css=&#8221;.vc_custom_1518877648809{padding-bottom: 50px !important;}&#8221; el_class=&#8221;centered&#8221;]<\/p>\n<hr \/>\n<h2 style=\"text-align: center;\"><span>Contactless<\/span> Technologies<\/h2>\n<p style=\"text-align: center;\">Capitalizing on leading technological players in the cradle of smart cards, the SCS Cluster is at the heart of contactless RFID and NFC technologies in France and internationally.<\/p>\n<p>[\/vc_column_text][\/vc_column][\/vc_row][vc_row][vc_column css=&#8221;.vc_custom_1519995869463{margin-top: 0px !important;margin-right: 0px !important;margin-bottom: 0px !important;margin-left: 0px !important;padding-top: 0px !important;padding-right: 0px !important;padding-bottom: 0px !important;padding-left: 0px !important;}&#8221; offset=&#8221;vc_hidden-lg vc_hidden-md&#8221;][vc_single_image image=&#8221;91133486&#8243; img_size=&#8221;full&#8221; alignment=&#8221;center&#8221; css=&#8221;.vc_custom_1519995767825{margin: 0px !important;padding: 0px !important;}&#8221;][\/vc_column][\/vc_row][vc_row full_width=&#8221;stretch_row_content_no_spaces&#8221; equal_height=&#8221;yes&#8221; css=&#8221;.vc_custom_1516893238002{margin-top: 0px !important;margin-bottom: 0px !important;padding-top: 0px !important;padding-bottom: 0px !important;background-color: #f0f0f0 !important;}&#8221;][vc_column width=&#8221;1\/2&#8243; css=&#8221;.vc_custom_1519587379025{margin-top: 0px !important;margin-bottom: 0px !important;padding-top: 0px !important;padding-bottom: 0px !important;background-color: #f0f0f0 !important;}&#8221; offset=&#8221;vc_col-lg-6 vc_col-md-12&#8243; el_class=&#8221;custom_vc_col-sm-12&#8243;][vc_column_text css=&#8221;.vc_custom_1519746424096{padding: 16% !important;}&#8221; el_class=&#8221;block-text&#8221;]<\/p>\n<h3>Contactless technologies: Deployment of large-scale uses<\/h3>\n<h4><span style=\"color: #0085a6;\"><strong>The NFC power<\/strong><\/span><\/h4>\n<p>The majority of the latest-generation smartphones natively integrate an NFC function. The power of this potentially far-reaching technology will allow for a great many uses, thereby improving people&#8217;s quality of life (e.g. communicating, real-time interaction, greater networking, reduced repetitive movements, etc.).<\/p>\n<p>The technological and practical convergence of connected mobile objects will promote the deployment of new applications and new uses.[\/vc_column_text][\/vc_column][vc_column width=&#8221;1\/2&#8243; css=&#8221;.vc_custom_1516894636442{border-top-width: 0px !important;border-bottom-width: 0px !important;padding-top: 0px !important;padding-bottom: 0px !important;background-image: url(https:\/\/www.aktantis.com\/wp-content\/uploads\/2018\/01\/scs-technologies-sans-contact-1.jpg?id=1175) !important;background-position: center !important;background-repeat: no-repeat !important;background-size: cover !important;}&#8221; offset=&#8221;vc_hidden-md vc_hidden-sm vc_hidden-xs&#8221;][\/vc_column][\/vc_row][vc_section full_width=&#8221;stretch_row_content&#8221; css=&#8221;.vc_custom_1516893292548{margin-top: 0px !important;margin-bottom: 0px !important;padding-top: 0px !important;padding-bottom: 0px !important;background-color: #f0f0f0 !important;}&#8221;][vc_row][vc_column css=&#8221;.vc_custom_1519995869463{margin-top: 0px !important;margin-right: 0px !important;margin-bottom: 0px !important;margin-left: 0px !important;padding-top: 0px !important;padding-right: 0px !important;padding-bottom: 0px !important;padding-left: 0px !important;}&#8221; offset=&#8221;vc_hidden-lg vc_hidden-md&#8221;][vc_single_image image=&#8221;91133489&#8243; img_size=&#8221;full&#8221; alignment=&#8221;center&#8221; css=&#8221;.vc_custom_1519996044047{margin-top: 0px !important;margin-right: 0px !important;margin-bottom: 0px !important;margin-left: 0px !important;padding-top: 0px !important;padding-right: 0px !important;padding-bottom: 0px !important;padding-left: 0px !important;}&#8221;][\/vc_column][\/vc_row][vc_row full_width=&#8221;stretch_row_content_no_spaces&#8221; equal_height=&#8221;yes&#8221; css=&#8221;.vc_custom_1516893420469{margin-top: 0px !important;margin-bottom: 0px !important;padding-top: 0px !important;padding-bottom: 0px !important;}&#8221;][vc_column width=&#8221;1\/2&#8243; css=&#8221;.vc_custom_1516894631419{margin-top: 0px !important;margin-bottom: 0px !important;padding-top: 0px !important;padding-bottom: 0px !important;background-image: url(https:\/\/www.aktantis.com\/wp-content\/uploads\/2018\/01\/scs-technologies-sans-contact-2.jpg?id=1176) !important;background-position: center !important;background-repeat: no-repeat !important;background-size: cover !important;}&#8221; offset=&#8221;vc_hidden-md vc_hidden-sm vc_hidden-xs&#8221;][\/vc_column][vc_column width=&#8221;1\/2&#8243; css=&#8221;.vc_custom_1519587374835{margin-top: 0px !important;margin-bottom: 0px !important;padding-top: 0px !important;padding-bottom: 0px !important;background-color: #f0f0f0 !important;}&#8221; offset=&#8221;vc_col-lg-6 vc_col-md-12&#8243; el_class=&#8221;custom_vc_col-sm-12&#8243;][vc_column_text css=&#8221;.vc_custom_1519746445674{padding: 16% !important;}&#8221; el_class=&#8221;block-text&#8221;]<\/p>\n<h4><span style=\"color: #0085a6;\"><strong>RFID: An evolving technology<\/strong><\/span><\/h4>\n<p>The technologies associated with RFID and its historic fields of application (logistics, traceability, etc.) are now moving towards new uses that bring with them renewed technological challenges (dual frequency, operating endurance, tag size, reading distance, security, data protection and so on).<br \/>\nAll these technologies constitute the last link in a completely interconnected world.<\/p>\n<p>Faced with these trends, the emergence of new markets, the arrival of the Internet of Things and advances in miniaturization and endurance technologies, the SCS Cluster seeks to build on its leadership in \u201cContactless technologies\u201d and focuses on the challenges of securing the Internet of Things and data protection.[\/vc_column_text][\/vc_column][\/vc_row][\/vc_section][vc_row css=&#8221;.vc_custom_1518463615912{margin-top: 70px !important;margin-bottom: 110px !important;}&#8221;][vc_column][vc_row_inner][vc_column_inner][vc_column_text css=&#8221;.vc_custom_1518878076789{margin-top: 90px !important;margin-bottom: 70px !important;}&#8221;]<\/p>\n<h3 style=\"text-align: center;\">Major technological challenges<\/h3>\n<p>[\/vc_column_text][\/vc_column_inner][\/vc_row_inner][vc_row_inner][vc_column_inner width=&#8221;1\/3&#8243;][vc_icon icon_fontawesome=&#8221;fa fa-check&#8221; color=&#8221;white&#8221; background_style=&#8221;rounded&#8221; background_color=&#8221;custom&#8221; size=&#8221;xs&#8221; custom_background_color=&#8221;#002f41&#8243; el_class=&#8221;float-left&#8221;][vc_column_text]<\/p>\n<h4><span style=\"color: #4caac1;\">Energy Harvesting<\/span><\/h4>\n<p>[\/vc_column_text][\/vc_column_inner][vc_column_inner width=&#8221;1\/3&#8243;][vc_icon icon_fontawesome=&#8221;fa fa-check&#8221; color=&#8221;white&#8221; background_style=&#8221;rounded&#8221; background_color=&#8221;custom&#8221; size=&#8221;xs&#8221; custom_background_color=&#8221;#002f41&#8243; el_class=&#8221;float-left&#8221;][vc_column_text]<\/p>\n<h4><span style=\"color: #4caac1;\">Authentication and encryption<\/span><\/h4>\n<p>[\/vc_column_text][\/vc_column_inner][vc_column_inner width=&#8221;1\/3&#8243;][vc_icon icon_fontawesome=&#8221;fa fa-check&#8221; color=&#8221;white&#8221; background_style=&#8221;rounded&#8221; background_color=&#8221;custom&#8221; size=&#8221;xs&#8221; custom_background_color=&#8221;#002f41&#8243; el_class=&#8221;float-left&#8221;][vc_column_text]<\/p>\n<h4><span style=\"color: #4caac1;\">Trusted Service Management (TSM) for service management and portability<\/span><\/h4>\n<p>[\/vc_column_text][\/vc_column_inner][\/vc_row_inner][vc_row_inner][vc_column_inner width=&#8221;1\/3&#8243;][vc_icon icon_fontawesome=&#8221;fa fa-check&#8221; color=&#8221;white&#8221; background_style=&#8221;rounded&#8221; background_color=&#8221;custom&#8221; size=&#8221;xs&#8221; custom_background_color=&#8221;#002f41&#8243; el_class=&#8221;float-left&#8221;][vc_column_text]<\/p>\n<h4><span style=\"color: #4caac1;\">Cloud Computing<\/span><\/h4>\n<p>[\/vc_column_text][\/vc_column_inner][vc_column_inner width=&#8221;1\/3&#8243;][vc_icon icon_fontawesome=&#8221;fa fa-check&#8221; color=&#8221;white&#8221; background_style=&#8221;rounded&#8221; background_color=&#8221;custom&#8221; size=&#8221;xs&#8221; custom_background_color=&#8221;#002f41&#8243; el_class=&#8221;float-left&#8221;][vc_column_text]<\/p>\n<h4><span style=\"color: #4caac1;\">Miniaturization of antennas<\/span><\/h4>\n<p>[\/vc_column_text][\/vc_column_inner][vc_column_inner width=&#8221;1\/3&#8243;][\/vc_column_inner][\/vc_row_inner][\/vc_column][\/vc_row][vc_row css=&#8221;.vc_custom_1516894266303{margin-top: 50px !important;margin-bottom: 50px !important;}&#8221;][vc_column width=&#8221;1\/2&#8243;][vc_column_text el_class=&#8221;block-blue&#8221;]<\/p>\n<h6><span style=\"color: #ffffff; margin-bottom: 15px;\">KEY FIGURES<\/span><\/h6>\n<ul>\n<li>A network of 60 partners<\/li>\n<li>70% of startups and SMEs<\/li>\n<li>200 Million \u20ac of R&amp;D invested<\/li>\n<li>39 R&amp;D projects funded up to 76 million \u20ac<\/li>\n<li>Networking of 600 partners<\/li>\n<\/ul>\n<p>[\/vc_column_text][\/vc_column][vc_column width=&#8221;1\/2&#8243;][vc_column_text]<\/p>\n<h3>Technologies for high-growth markets<\/h3>\n<p>To access markets and customers, the SCS Cluster has since 2013 launched &#8220;Market Meetings&#8221; with technology providers and major contractors for networking, for project launch or Proof Of Concepts.<\/p>\n<p><strong>These target markets are: <\/strong><\/p>\n<ul>\n<li><strong>Health<\/strong><\/li>\n<li><strong>Mass market Retail and e-retail<\/strong><\/li>\n<li><strong>Transport &amp; Logistics <\/strong><\/li>\n<li><strong>Banking &amp; Insurance<\/strong><\/li>\n<li><strong>Smart City<\/strong><\/li>\n<\/ul>\n<p>[\/vc_column_text][\/vc_column][\/vc_row][vc_row][vc_column][vc_column_text]<\/p>\n<p style=\"text-align: left;\"><a class=\"btn-return\" href=\"https:\/\/www.aktantis.com\/en\/competitiveness-cluster\/key-technologies\/\">&lt; Back<\/a><\/p>\n<p>[\/vc_column_text][\/vc_column][\/vc_row]<\/p>\n<\/div>","protected":false},"excerpt":{"rendered":"<p>[vc_row][vc_column][vc_column_text css=&#8221;.vc_custom_1518877648809{padding-bottom: 50px !important;}&#8221; el_class=&#8221;centered&#8221;]<\/p>\n<p>Contactless Technologies<br \/>\nCapitalizing on leading technological players in the cradle of smart cards, the SCS Cluster is at the heart of contactless&#8230;<\/p>\n","protected":false},"author":1,"featured_media":0,"parent":91132222,"menu_order":0,"comment_status":"closed","ping_status":"closed","template":"","meta":{"footnotes":""},"class_list":["post-91132228","page","type-page","status-publish","hentry"],"yoast_head":"<!-- This site is optimized with the Yoast SEO plugin v25.8 - https:\/\/yoast.com\/wordpress\/plugins\/seo\/ -->\n<title>Contactless technologies | SCS World-class Competitiveness Cluster<\/title>\n<meta name=\"description\" content=\"SCS est au c\u0153ur des technologies Sans Contact RFID et NFC en France et \u00e0 l&#039;international, capitalisant sur des acteurs technologiques leaders de la Carte \u00e0 Puce et de la Microelectronique\" \/>\n<meta name=\"robots\" content=\"index, follow, max-snippet:-1, max-image-preview:large, max-video-preview:-1\" \/>\n<link rel=\"canonical\" href=\"https:\/\/www.aktantis.com\/pole-de-competitivite\/technologies-cles\/sans-contact-nfc-rfid\/\" \/>\n<meta property=\"og:locale\" content=\"en_US\" \/>\n<meta property=\"og:type\" content=\"article\" \/>\n<meta property=\"og:title\" content=\"Contactless technologies | SCS World-class Competitiveness Cluster\" \/>\n<meta property=\"og:description\" content=\"SCS est au c\u0153ur des technologies Sans Contact RFID et NFC en France et \u00e0 l&#039;international, capitalisant sur des acteurs technologiques leaders de la Carte \u00e0 Puce et de la Microelectronique\" \/>\n<meta property=\"og:url\" content=\"https:\/\/www.aktantis.com\/pole-de-competitivite\/technologies-cles\/sans-contact-nfc-rfid\/\" \/>\n<meta property=\"og:site_name\" content=\"AKTANTIS\" \/>\n<meta property=\"article:publisher\" content=\"https:\/\/www.facebook.com\/PoleSCS\/\" \/>\n<meta property=\"article:modified_time\" content=\"2018-03-12T20:51:31+00:00\" \/>\n<meta name=\"twitter:card\" content=\"summary_large_image\" \/>\n<meta name=\"twitter:site\" content=\"@Pole_SCS\" \/>\n<script type=\"application\/ld+json\" class=\"yoast-schema-graph\">{\"@context\":\"https:\/\/schema.org\",\"@graph\":[{\"@type\":\"WebPage\",\"@id\":\"https:\/\/www.aktantis.com\/pole-de-competitivite\/technologies-cles\/sans-contact-nfc-rfid\/\",\"url\":\"https:\/\/www.aktantis.com\/pole-de-competitivite\/technologies-cles\/sans-contact-nfc-rfid\/\",\"name\":\"Contactless technologies | SCS World-class Competitiveness Cluster\",\"isPartOf\":{\"@id\":\"https:\/\/www.aktantis.com\/#website\"},\"datePublished\":\"2018-01-11T18:43:11+00:00\",\"dateModified\":\"2018-03-12T20:51:31+00:00\",\"description\":\"SCS est au c\u0153ur des technologies Sans Contact RFID et NFC en France et \u00e0 l'international, capitalisant sur des acteurs technologiques leaders de la Carte \u00e0 Puce et de la Microelectronique\",\"breadcrumb\":{\"@id\":\"https:\/\/www.aktantis.com\/pole-de-competitivite\/technologies-cles\/sans-contact-nfc-rfid\/#breadcrumb\"},\"inLanguage\":\"en-US\",\"potentialAction\":[{\"@type\":\"ReadAction\",\"target\":[\"https:\/\/www.aktantis.com\/pole-de-competitivite\/technologies-cles\/sans-contact-nfc-rfid\/\"]}]},{\"@type\":\"BreadcrumbList\",\"@id\":\"https:\/\/www.aktantis.com\/pole-de-competitivite\/technologies-cles\/sans-contact-nfc-rfid\/#breadcrumb\",\"itemListElement\":[{\"@type\":\"ListItem\",\"position\":1,\"name\":\"Accueil\",\"item\":\"https:\/\/www.aktantis.com\/en\/\"},{\"@type\":\"ListItem\",\"position\":2,\"name\":\"AKTANTIS\",\"item\":\"https:\/\/www.aktantis.com\/en\/competitiveness-cluster\/\"},{\"@type\":\"ListItem\",\"position\":3,\"name\":\"Key Technologies\",\"item\":\"https:\/\/www.aktantis.com\/en\/competitiveness-cluster\/key-technologies\/\"},{\"@type\":\"ListItem\",\"position\":4,\"name\":\"Contactless Technologies\"}]},{\"@type\":\"WebSite\",\"@id\":\"https:\/\/www.aktantis.com\/#website\",\"url\":\"https:\/\/www.aktantis.com\/\",\"name\":\"AKTANTIS\",\"description\":\"1er \u00e9cosyst\u00e8me europ\u00e9en\",\"publisher\":{\"@id\":\"https:\/\/www.aktantis.com\/#organization\"},\"potentialAction\":[{\"@type\":\"SearchAction\",\"target\":{\"@type\":\"EntryPoint\",\"urlTemplate\":\"https:\/\/www.aktantis.com\/?s={search_term_string}\"},\"query-input\":{\"@type\":\"PropertyValueSpecification\",\"valueRequired\":true,\"valueName\":\"search_term_string\"}}],\"inLanguage\":\"en-US\"},{\"@type\":\"Organization\",\"@id\":\"https:\/\/www.aktantis.com\/#organization\",\"name\":\"Aktantis\",\"url\":\"https:\/\/www.aktantis.com\/\",\"logo\":{\"@type\":\"ImageObject\",\"inLanguage\":\"en-US\",\"@id\":\"https:\/\/www.aktantis.com\/#\/schema\/logo\/image\/\",\"url\":\"https:\/\/www.aktantis.com\/wp-content\/uploads\/2018\/03\/cropped-logo_scs.png\",\"contentUrl\":\"https:\/\/www.aktantis.com\/wp-content\/uploads\/2018\/03\/cropped-logo_scs.png\",\"width\":720,\"height\":250,\"caption\":\"Aktantis\"},\"image\":{\"@id\":\"https:\/\/www.aktantis.com\/#\/schema\/logo\/image\/\"},\"sameAs\":[\"https:\/\/www.facebook.com\/PoleSCS\/\",\"https:\/\/x.com\/Pole_SCS\",\"https:\/\/www.linkedin.com\/company\/pole-scs\/\"]}]}<\/script>\n<!-- \/ Yoast SEO plugin. -->","yoast_head_json":{"title":"Contactless technologies | SCS World-class Competitiveness Cluster","description":"SCS est au c\u0153ur des technologies Sans Contact RFID et NFC en France et \u00e0 l'international, capitalisant sur des acteurs technologiques leaders de la Carte \u00e0 Puce et de la Microelectronique","robots":{"index":"index","follow":"follow","max-snippet":"max-snippet:-1","max-image-preview":"max-image-preview:large","max-video-preview":"max-video-preview:-1"},"canonical":"https:\/\/www.aktantis.com\/pole-de-competitivite\/technologies-cles\/sans-contact-nfc-rfid\/","og_locale":"en_US","og_type":"article","og_title":"Contactless technologies | SCS World-class Competitiveness Cluster","og_description":"SCS est au c\u0153ur des technologies Sans Contact RFID et NFC en France et \u00e0 l'international, capitalisant sur des acteurs technologiques leaders de la Carte \u00e0 Puce et de la Microelectronique","og_url":"https:\/\/www.aktantis.com\/pole-de-competitivite\/technologies-cles\/sans-contact-nfc-rfid\/","og_site_name":"AKTANTIS","article_publisher":"https:\/\/www.facebook.com\/PoleSCS\/","article_modified_time":"2018-03-12T20:51:31+00:00","twitter_card":"summary_large_image","twitter_site":"@Pole_SCS","schema":{"@context":"https:\/\/schema.org","@graph":[{"@type":"WebPage","@id":"https:\/\/www.aktantis.com\/pole-de-competitivite\/technologies-cles\/sans-contact-nfc-rfid\/","url":"https:\/\/www.aktantis.com\/pole-de-competitivite\/technologies-cles\/sans-contact-nfc-rfid\/","name":"Contactless technologies | SCS World-class Competitiveness Cluster","isPartOf":{"@id":"https:\/\/www.aktantis.com\/#website"},"datePublished":"2018-01-11T18:43:11+00:00","dateModified":"2018-03-12T20:51:31+00:00","description":"SCS est au c\u0153ur des technologies Sans Contact RFID et NFC en France et \u00e0 l'international, capitalisant sur des acteurs technologiques leaders de la Carte \u00e0 Puce et de la Microelectronique","breadcrumb":{"@id":"https:\/\/www.aktantis.com\/pole-de-competitivite\/technologies-cles\/sans-contact-nfc-rfid\/#breadcrumb"},"inLanguage":"en-US","potentialAction":[{"@type":"ReadAction","target":["https:\/\/www.aktantis.com\/pole-de-competitivite\/technologies-cles\/sans-contact-nfc-rfid\/"]}]},{"@type":"BreadcrumbList","@id":"https:\/\/www.aktantis.com\/pole-de-competitivite\/technologies-cles\/sans-contact-nfc-rfid\/#breadcrumb","itemListElement":[{"@type":"ListItem","position":1,"name":"Accueil","item":"https:\/\/www.aktantis.com\/en\/"},{"@type":"ListItem","position":2,"name":"AKTANTIS","item":"https:\/\/www.aktantis.com\/en\/competitiveness-cluster\/"},{"@type":"ListItem","position":3,"name":"Key Technologies","item":"https:\/\/www.aktantis.com\/en\/competitiveness-cluster\/key-technologies\/"},{"@type":"ListItem","position":4,"name":"Contactless Technologies"}]},{"@type":"WebSite","@id":"https:\/\/www.aktantis.com\/#website","url":"https:\/\/www.aktantis.com\/","name":"AKTANTIS","description":"1er \u00e9cosyst\u00e8me europ\u00e9en","publisher":{"@id":"https:\/\/www.aktantis.com\/#organization"},"potentialAction":[{"@type":"SearchAction","target":{"@type":"EntryPoint","urlTemplate":"https:\/\/www.aktantis.com\/?s={search_term_string}"},"query-input":{"@type":"PropertyValueSpecification","valueRequired":true,"valueName":"search_term_string"}}],"inLanguage":"en-US"},{"@type":"Organization","@id":"https:\/\/www.aktantis.com\/#organization","name":"Aktantis","url":"https:\/\/www.aktantis.com\/","logo":{"@type":"ImageObject","inLanguage":"en-US","@id":"https:\/\/www.aktantis.com\/#\/schema\/logo\/image\/","url":"https:\/\/www.aktantis.com\/wp-content\/uploads\/2018\/03\/cropped-logo_scs.png","contentUrl":"https:\/\/www.aktantis.com\/wp-content\/uploads\/2018\/03\/cropped-logo_scs.png","width":720,"height":250,"caption":"Aktantis"},"image":{"@id":"https:\/\/www.aktantis.com\/#\/schema\/logo\/image\/"},"sameAs":["https:\/\/www.facebook.com\/PoleSCS\/","https:\/\/x.com\/Pole_SCS","https:\/\/www.linkedin.com\/company\/pole-scs\/"]}]}},"_links":{"self":[{"href":"https:\/\/www.aktantis.com\/en\/wp-json\/wp\/v2\/pages\/91132228","targetHints":{"allow":["GET"]}}],"collection":[{"href":"https:\/\/www.aktantis.com\/en\/wp-json\/wp\/v2\/pages"}],"about":[{"href":"https:\/\/www.aktantis.com\/en\/wp-json\/wp\/v2\/types\/page"}],"author":[{"embeddable":true,"href":"https:\/\/www.aktantis.com\/en\/wp-json\/wp\/v2\/users\/1"}],"replies":[{"embeddable":true,"href":"https:\/\/www.aktantis.com\/en\/wp-json\/wp\/v2\/comments?post=91132228"}],"version-history":[{"count":12,"href":"https:\/\/www.aktantis.com\/en\/wp-json\/wp\/v2\/pages\/91132228\/revisions"}],"predecessor-version":[{"id":91134489,"href":"https:\/\/www.aktantis.com\/en\/wp-json\/wp\/v2\/pages\/91132228\/revisions\/91134489"}],"up":[{"embeddable":true,"href":"https:\/\/www.aktantis.com\/en\/wp-json\/wp\/v2\/pages\/91132222"}],"wp:attachment":[{"href":"https:\/\/www.aktantis.com\/en\/wp-json\/wp\/v2\/media?parent=91132228"}],"curies":[{"name":"wp","href":"https:\/\/api.w.org\/{rel}","templated":true}]}}