{"id":91132222,"date":"2018-01-23T12:51:39","date_gmt":"2018-01-23T11:51:39","guid":{"rendered":"http:\/\/www.aktantis.com\/technologie-cles\/"},"modified":"2025-09-05T15:52:05","modified_gmt":"2025-09-05T13:52:05","slug":"key-technologies","status":"publish","type":"page","link":"https:\/\/www.aktantis.com\/en\/competitiveness-cluster\/key-technologies\/","title":{"rendered":"Key Technologies"},"content":{"rendered":"<div class=\"wpb-content-wrapper\"><p>[vc_row][vc_column][vc_column_text css=&#8221;.vc_custom_1734365975809{padding-bottom: 1.1em !important;}&#8221; el_class=&#8221;centered&#8221;]<\/p>\n<h2 style=\"text-align: center;\">Our key technologies<\/h2>\n<p style=\"text-align: center;\">The technical domains of AKTANTIS members focus on key technologies in the fields of Micro\/Electronics, Artificial Intelligence and Data Analytics, Cyber \/ Digital Security, Internet of Things (IoT) and Photonics \/ Imaging.<\/p>\n<p>[\/vc_column_text][\/vc_column][\/vc_row][vc_row full_width=&#8221;stretch_row_content_no_spaces&#8221; equal_height=&#8221;yes&#8221; css=&#8221;.vc_custom_1516877474608{margin-top: 0px !important;margin-bottom: 0px !important;padding-top: 0px !important;padding-bottom: 0px !important;background-position: center !important;background-repeat: no-repeat !important;background-size: cover !important;}&#8221;][vc_column width=&#8221;1\/3&#8243; css=&#8221;.vc_custom_1757080322314{margin-top: 0px !important;margin-bottom: 0px !important;padding-top: 0px !important;padding-bottom: 0px !important;background: #4AC670 url(https:\/\/www.aktantis.com\/wp-content\/uploads\/2025\/09\/Generated-Image-September-05-2025-1_39PM.jpeg?id=91180631) !important;background-position: center !important;background-repeat: no-repeat !important;background-size: cover !important;}&#8221; el_class=&#8221;techno-card&#8221; offset=&#8221;vc_col-lg-offset-0 vc_col-lg-4 vc_col-md-offset-0 vc_col-md-6&#8243;][vc_column_text css=&#8221;.vc_custom_1734103907306{margin-bottom: 0px !important;}&#8221;]<a class=\"shrtd-card-promo\" style=\"background-color:transparent\" href=\"https:\/\/www.aktantis.com\/en\/competitiveness-cluster\/key-technologies\/microelectronics\/\" ><h3> MICRO \/ ELECTRONICS<i class=\"icomoon icon-arrow-right32\"><\/i><\/h3><\/a>[\/vc_column_text][\/vc_column][vc_column width=&#8221;1\/3&#8243; el_class=&#8221;degrad-lightblue&#8221; css=&#8221;.vc_custom_1757080292271{margin-top: 0px !important;margin-bottom: 0px !important;padding-top: 0px !important;padding-bottom: 0px !important;background-color: #4AC670 !important;}&#8221; offset=&#8221;vc_col-lg-4 vc_col-md-6&#8243;][vc_column_text css=&#8221;.vc_custom_1618078583242{margin-bottom: 0px !important;}&#8221; el_class=&#8221;techno-block&#8221;]<img loading=\"lazy\" decoding=\"async\" class=\"alignnone size-medium aligncenter op30\" src=\"https:\/\/www.aktantis.com\/wp-content\/uploads\/2021\/03\/icon-microelectronique.svg\" alt=\"microelectronique\" width=\"220\" height=\"150\" \/><\/p>\n<hr \/>\n<p style=\"text-align: left;\"><span style=\"color: #ffffff;\">Microelectronics includes all products, technologies and services that allow to build integrated circuits and electronic components. Electronics is for all products and services that incorporate circuits and components to build functions in many different products, solutions and digital systems.<\/span><\/p>\n<p style=\"text-align: left;\"><span style=\"color: #ffffff;\">Microelectronics and electronics are thus fully integrated in all types of equipments and digital systems at the center of the digitalization of the economy bringing intelligence, autonomy, connectivity and performance.<br \/>\n<\/span><\/p>\n<p>[\/vc_column_text][\/vc_column][vc_column width=&#8221;1\/3&#8243; css=&#8221;.vc_custom_1731680659468{margin-top: 0px !important;margin-bottom: 0px !important;padding-top: 0px !important;padding-bottom: 0px !important;background-image: url(https:\/\/www.aktantis.com\/wp-content\/uploads\/2024\/11\/Microelectronique_images_technos_pageBlocTechno.jpg?id=91174390) !important;background-position: center !important;background-repeat: no-repeat !important;background-size: cover !important;}&#8221; offset=&#8221;vc_hidden-md vc_hidden-sm vc_hidden-xs&#8221;][\/vc_column][\/vc_row][vc_row full_width=&#8221;stretch_row_content_no_spaces&#8221; equal_height=&#8221;yes&#8221; css=&#8221;.vc_custom_1516877593374{margin-top: 0px !important;margin-bottom: 0px !important;padding-top: 0px !important;padding-bottom: 0px !important;}&#8221;][vc_column width=&#8221;1\/3&#8243; css=&#8221;.vc_custom_1731331955378{margin-top: 0px !important;margin-bottom: 0px !important;padding-top: 0px !important;padding-bottom: 0px !important;background-image: url(https:\/\/www.aktantis.com\/wp-content\/uploads\/2024\/11\/IoT_images_technos_pageBlocTechno-1.jpg?id=91173705) !important;background-position: center !important;background-repeat: no-repeat !important;background-size: cover !important;}&#8221; offset=&#8221;vc_hidden-md vc_hidden-sm vc_hidden-xs&#8221;][\/vc_column][vc_column width=&#8221;1\/3&#8243; css=&#8221;.vc_custom_1731331972793{margin-top: 0px !important;margin-bottom: 0px !important;border-bottom-width: 0px !important;padding-top: 0px !important;background: #001489 url(https:\/\/www.aktantis.com\/wp-content\/uploads\/2024\/11\/AK_BKG-02-1.jpg?id=91173643) !important;background-position: center !important;background-repeat: no-repeat !important;background-size: cover !important;}&#8221; el_class=&#8221;techno-card&#8221; offset=&#8221;vc_col-lg-4 vc_col-md-6&#8243;][vc_column_text css=&#8221;.vc_custom_1734103913827{margin-bottom: 0px !important;}&#8221;]<a class=\"shrtd-card-promo\" style=\"background-color:transparent\" href=\"https:\/\/www.aktantis.com\/en\/competitiveness-cluster\/key-technologies\/iot\/\" ><h3> Internet of Things<i class=\"icomoon icon-arrow-right32\"><\/i><\/h3><\/a>[\/vc_column_text][\/vc_column][vc_column width=&#8221;1\/3&#8243; css=&#8221;.vc_custom_1731331986593{margin-top: 0px !important;margin-bottom: 0px !important;padding-top: 0px !important;padding-bottom: 0px !important;background-color: #001489 !important;}&#8221; el_class=&#8221;degrad-orange&#8221; offset=&#8221;vc_col-lg-4 vc_col-md-6&#8243;][vc_column_text css=&#8221;.vc_custom_1618078825441{margin-top: 0px !important;margin-right: 0px !important;margin-bottom: 0px !important;margin-left: 0px !important;}&#8221; el_class=&#8221;techno-block&#8221;]<img loading=\"lazy\" decoding=\"async\" class=\"alignnone size-medium aligncenter op30\" src=\"https:\/\/www.aktantis.com\/wp-content\/themes\/polescs\/assets\/images\/icon-techno-iot.svg\" alt=\"microelectronique\" width=\"220\" height=\"150\" \/><\/p>\n<hr \/>\n<p style=\"text-align: left;\"><span style=\"color: #ffffff;\">The Internet of Things (IoT) is a worldwide ecosystem, network of networks providing advanced services by connecting objects thanks to information technologies (network, M2M, cloud\u2026). It gathers a very large scope of key technologies like components and sensors, smart machines, embedded software, connectivity and networks, data collection and analysis (edge and cloud computing), and decision making automation.<br \/>\nThe IoT represents the Third revolution for the internet and digital world development. It will strongly impact the economy by bringing up new technological innovations for all sectors. <\/span><\/p>\n<p>[\/vc_column_text][\/vc_column][\/vc_row][vc_row full_width=&#8221;stretch_row_content_no_spaces&#8221; equal_height=&#8221;yes&#8221; css=&#8221;.vc_custom_1516877891250{margin-top: 0px !important;margin-bottom: 0px !important;padding-top: 0px !important;padding-bottom: 0px !important;}&#8221;][vc_column width=&#8221;1\/3&#8243; css=&#8221;.vc_custom_1731332029683{margin-top: 0px !important;margin-bottom: 0px !important;padding-top: 0px !important;padding-bottom: 0px !important;background: #FF6B00 url(https:\/\/www.aktantis.com\/wp-content\/uploads\/2024\/11\/AK_BKG-05-1.jpg?id=91173641) !important;background-position: center !important;background-repeat: no-repeat !important;background-size: cover !important;}&#8221; el_class=&#8221;techno-card&#8221; offset=&#8221;vc_col-lg-4 vc_col-md-6&#8243;][vc_column_text css=&#8221;.vc_custom_1734103921688{margin-top: 0px !important;margin-bottom: 0px !important;}&#8221;]<a class=\"shrtd-card-promo\" style=\"background-color:transparent\" href=\"https:\/\/www.aktantis.com\/en\/competitiveness-cluster\/key-technologies\/digital-security\/\" ><h3> Cyber \/ Digital Security<i class=\"icomoon icon-arrow-right32\"><\/i><\/h3><\/a>[\/vc_column_text][\/vc_column][vc_column width=&#8221;1\/3&#8243; css=&#8221;.vc_custom_1731332000723{margin-top: 0px !important;margin-bottom: 0px !important;padding-top: 0px !important;padding-bottom: 0px !important;background-color: #FF6B00 !important;}&#8221; el_class=&#8221;degrad-darkblue&#8221; offset=&#8221;vc_col-lg-4 vc_col-md-6&#8243;][vc_column_text css=&#8221;.vc_custom_1618078871432{margin-top: 0px !important;margin-right: 0px !important;margin-bottom: 0px !important;margin-left: 0px !important;}&#8221; el_class=&#8221;techno-block&#8221;]<img loading=\"lazy\" decoding=\"async\" class=\"alignnone size-medium aligncenter op30\" src=\"https:\/\/www.aktantis.com\/wp-content\/themes\/polescs\/assets\/images\/icon-techno-securite-identites-numeriques.svg\" alt=\"microelectronique\" width=\"220\" height=\"150\" \/><\/p>\n<hr \/>\n<p style=\"text-align: left;\"><span style=\"color: #ffffff;\">The digital security means all products, services and technologies that allow not only to protect and secure digital identities and data but also to protect and secure products and digital systems which process the data. <\/span><\/p>\n<p style=\"text-align: left;\"><span style=\"color: #ffffff;\">It is necessary to build trust in the economic world and for the citizen, especially for identity management, access management, biometrics, transactions, digital communications, IoT objects, connected vehicles, industrial processes and logistics, transports and networks for smart cities.<\/span><\/p>\n<p>[\/vc_column_text][\/vc_column][vc_column width=&#8221;1\/3&#8243; css=&#8221;.vc_custom_1731332015716{margin-top: 0px !important;margin-bottom: 0px !important;background-image: url(https:\/\/www.aktantis.com\/wp-content\/uploads\/2024\/11\/Cyber_images_technos_pageBlocTechno-1.jpg?id=91173711) !important;background-position: center !important;background-repeat: no-repeat !important;background-size: cover !important;}&#8221; offset=&#8221;vc_hidden-md vc_hidden-sm vc_hidden-xs&#8221;][\/vc_column][\/vc_row][vc_row full_width=&#8221;stretch_row_content_no_spaces&#8221; equal_height=&#8221;yes&#8221; css=&#8221;.vc_custom_1561711186552{margin-top: 0px !important;margin-bottom: 0px !important;padding-top: 0px !important;padding-bottom: 0px !important;background-position: center !important;background-repeat: no-repeat !important;background-size: cover !important;}&#8221;][vc_column width=&#8221;1\/3&#8243; css=&#8221;.vc_custom_1731332049697{margin-top: 0px !important;margin-bottom: 0px !important;padding-top: 0px !important;padding-bottom: 0px !important;background-image: url(https:\/\/www.aktantis.com\/wp-content\/uploads\/2024\/11\/IA_images_technos_pageBlocTechno-1.jpg?id=91173713) !important;background-position: center !important;background-repeat: no-repeat !important;background-size: cover !important;}&#8221; offset=&#8221;vc_hidden-md vc_hidden-sm vc_hidden-xs&#8221;][\/vc_column][vc_column width=&#8221;1\/3&#8243; css=&#8221;.vc_custom_1757080233743{margin-top: 0px !important;margin-bottom: 0px !important;padding-top: 0px !important;padding-bottom: 0px !important;background: #7433A5 url(https:\/\/www.aktantis.com\/wp-content\/uploads\/2025\/09\/Generated-Image-September-05-2025-2_02PM.jpeg?id=91180635) !important;background-position: center !important;background-repeat: no-repeat !important;background-size: cover !important;}&#8221; el_class=&#8221;techno-card&#8221; offset=&#8221;vc_col-lg-offset-0 vc_col-lg-4 vc_col-md-offset-0 vc_col-md-6&#8243;][vc_column_text css=&#8221;.vc_custom_1734103928792{margin-bottom: 0px !important;}&#8221;]<a class=\"shrtd-card-promo\" style=\"background-color:transparent\" href=\"https:\/\/www.aktantis.com\/en\/competitiveness-cluster\/key-technologies\/ai-big-data\/\" ><h3> AI &amp; DATA ANALYTICS<i class=\"icomoon icon-arrow-right32\"><\/i><\/h3><\/a>[\/vc_column_text][\/vc_column][vc_column width=&#8221;1\/3&#8243; el_class=&#8221;degrad-lightblue-inv&#8221; css=&#8221;.vc_custom_1757080271868{margin-top: 0px !important;margin-bottom: 0px !important;padding-top: 0px !important;padding-bottom: 0px !important;background-color: #7433A5 !important;}&#8221; offset=&#8221;vc_col-lg-4 vc_col-md-6&#8243;][vc_column_text css=&#8221;.vc_custom_1618079268092{margin-bottom: 0px !important;}&#8221; el_class=&#8221;techno-block&#8221;]<img loading=\"lazy\" decoding=\"async\" class=\"alignnone size-medium aligncenter op30\" src=\"https:\/\/www.aktantis.com\/wp-content\/uploads\/2021\/03\/icon-ai_bigdata.svg\" width=\"220\" height=\"150\" \/><\/p>\n<hr \/>\n<p style=\"text-align: left;\"><span style=\"color: #ffffff;\">The Big data stands for all products, services and technologies that allow to store, organize, analyse and manipulate digital data on a large scale.<\/span><\/p>\n<p style=\"text-align: left;\"><span style=\"color: #ffffff;\">Although there is no universal common definition of what is Artificial Intelligence (AI), we will refer to \u201cAI\u201d as all process automation that we (as humans) consider as being \u201csmart\u201d. AI gathers a large number of technologies such as automatic learning, knowledge and reasoning representation, automatic language processing.<\/span><\/p>\n<p>[\/vc_column_text][\/vc_column][\/vc_row][vc_row full_width=&#8221;stretch_row_content_no_spaces&#8221; equal_height=&#8221;yes&#8221; css=&#8221;.vc_custom_1516877593374{margin-top: 0px !important;margin-bottom: 0px !important;padding-top: 0px !important;padding-bottom: 0px !important;}&#8221;][vc_column width=&#8221;1\/3&#8243; css=&#8221;.vc_custom_1757080263171{margin-top: 0px !important;margin-bottom: 0px !important;border-bottom-width: 0px !important;padding-top: 0px !important;background: #E8D14F url(https:\/\/www.aktantis.com\/wp-content\/uploads\/2025\/09\/Generated-Image-September-05-2025-1_58PM.jpeg?id=91180633) !important;background-position: center !important;background-repeat: no-repeat !important;background-size: cover !important;}&#8221; el_class=&#8221;techno-card&#8221; offset=&#8221;vc_col-lg-4 vc_col-md-6&#8243;][vc_column_text css=&#8221;.vc_custom_1734103935980{margin-bottom: 0px !important;}&#8221;]<a class=\"shrtd-card-promo\" style=\"background-color:transparent\" href=\"https:\/\/www.aktantis.com\/en\/competitiveness-cluster\/key-technologies\/photonics-imaging\/\" ><h3> PHOTONICS \/ IMAGING<i class=\"icomoon icon-arrow-right32\"><\/i><\/h3><\/a>[\/vc_column_text][\/vc_column][vc_column width=&#8221;1\/3&#8243; css=&#8221;.vc_custom_1757080164627{margin-top: 0px !important;margin-bottom: 0px !important;padding-top: 0px !important;padding-bottom: 0px !important;background-color: #E8D14F !important;}&#8221; el_class=&#8221;degrad-orange&#8221; offset=&#8221;vc_col-lg-4 vc_col-md-6&#8243;][vc_column_text css=&#8221;.vc_custom_1709063394460{margin-top: 0px !important;margin-right: 0px !important;margin-bottom: 0px !important;margin-left: 0px !important;}&#8221; el_class=&#8221;techno-block&#8221;]<img loading=\"lazy\" decoding=\"async\" class=\"alignnone size-medium aligncenter op30\" src=\"https:\/\/www.aktantis.com\/wp-content\/themes\/polescs\/assets\/images\/icon-techno-photonique.svg\" alt=\"microelectronique\" width=\"220\" height=\"150\" \/><\/p>\n<hr \/>\n<p style=\"text-align: left;\"><span style=\"color: #ffffff;\">Photonics and imaging encompass all devices related to the visible or invisible light spectrum, from infrared to X-rays. Photonics is the science and technology of light, working on the duality of an electromagnetic wave and a particle known as a photon.<br \/>\nPhotonics is now widely used in our daily lives. Cameras, lasers, fibre optics, Augmented &amp; Virtual Reality, sensors, lighting, adaptive optics&#8230; photonics covers an infinite number of applications, thanks to its ability to generate, emit, transmit, capture and analyse photons.<\/span><\/p>\n<p>[\/vc_column_text][\/vc_column][vc_column width=&#8221;1\/3&#8243; css=&#8221;.vc_custom_1731332135086{margin-top: 0px !important;margin-bottom: 0px !important;padding-top: 0px !important;padding-bottom: 0px !important;background-image: url(https:\/\/www.aktantis.com\/wp-content\/uploads\/2024\/11\/Photonics_images_technos_pageBlocTechno.jpg?id=91173709) !important;background-position: center !important;background-repeat: no-repeat !important;background-size: cover !important;}&#8221; offset=&#8221;vc_hidden-md vc_hidden-sm vc_hidden-xs&#8221;][\/vc_column][\/vc_row]<\/p>\n<\/div>","protected":false},"excerpt":{"rendered":"<p>[vc_row][vc_column][vc_column_text css=&#8221;.vc_custom_1734365975809{padding-bottom: 1.1em !important;}&#8221; el_class=&#8221;centered&#8221;]<br \/>\nOur key technologies<br \/>\nThe technical domains of AKTANTIS members focus on key technologies in the fields of Micro\/Electronics, Artificial Intelligence and Data&#8230;<\/p>\n","protected":false},"author":1,"featured_media":0,"parent":91132257,"menu_order":0,"comment_status":"closed","ping_status":"closed","template":"","meta":{"footnotes":""},"class_list":["post-91132222","page","type-page","status-publish","hentry"],"yoast_head":"<!-- This site is optimized with the Yoast SEO plugin v25.8 - https:\/\/yoast.com\/wordpress\/plugins\/seo\/ -->\n<title>Key Technologies | AKTANTIS<\/title>\n<meta name=\"description\" content=\"Our technological domains: Micro\/electronics, AI and Data analytics, Cyber and Digital Security, IoT and Photonics \/ Imaging.\" \/>\n<meta name=\"robots\" content=\"index, follow, max-snippet:-1, max-image-preview:large, max-video-preview:-1\" \/>\n<link rel=\"canonical\" href=\"https:\/\/www.aktantis.com\/en\/competitiveness-cluster\/key-technologies\/\" \/>\n<meta property=\"og:locale\" content=\"en_US\" \/>\n<meta property=\"og:type\" content=\"article\" \/>\n<meta property=\"og:title\" content=\"Key Technologies | AKTANTIS\" \/>\n<meta property=\"og:description\" content=\"Our technological domains: Micro\/electronics, AI and Data analytics, Cyber and Digital Security, IoT and Photonics \/ Imaging.\" \/>\n<meta property=\"og:url\" content=\"https:\/\/www.aktantis.com\/en\/competitiveness-cluster\/key-technologies\/\" \/>\n<meta property=\"og:site_name\" content=\"AKTANTIS\" \/>\n<meta property=\"article:publisher\" content=\"https:\/\/www.facebook.com\/PoleSCS\/\" \/>\n<meta property=\"article:modified_time\" content=\"2025-09-05T13:52:05+00:00\" \/>\n<meta property=\"og:image\" content=\"https:\/\/www.aktantis.com\/wp-content\/uploads\/2021\/03\/icon-microelectronique.svg\" \/>\n<meta name=\"twitter:card\" content=\"summary_large_image\" \/>\n<meta name=\"twitter:site\" content=\"@Pole_SCS\" \/>\n<script type=\"application\/ld+json\" class=\"yoast-schema-graph\">{\"@context\":\"https:\/\/schema.org\",\"@graph\":[{\"@type\":\"WebPage\",\"@id\":\"https:\/\/www.aktantis.com\/en\/competitiveness-cluster\/key-technologies\/\",\"url\":\"https:\/\/www.aktantis.com\/en\/competitiveness-cluster\/key-technologies\/\",\"name\":\"Key Technologies | AKTANTIS\",\"isPartOf\":{\"@id\":\"https:\/\/www.aktantis.com\/#website\"},\"primaryImageOfPage\":{\"@id\":\"https:\/\/www.aktantis.com\/en\/competitiveness-cluster\/key-technologies\/#primaryimage\"},\"image\":{\"@id\":\"https:\/\/www.aktantis.com\/en\/competitiveness-cluster\/key-technologies\/#primaryimage\"},\"thumbnailUrl\":\"https:\/\/www.aktantis.com\/wp-content\/uploads\/2021\/03\/icon-microelectronique.svg\",\"datePublished\":\"2018-01-23T11:51:39+00:00\",\"dateModified\":\"2025-09-05T13:52:05+00:00\",\"description\":\"Our technological domains: Micro\/electronics, AI and Data analytics, Cyber and Digital Security, IoT and Photonics \/ Imaging.\",\"breadcrumb\":{\"@id\":\"https:\/\/www.aktantis.com\/en\/competitiveness-cluster\/key-technologies\/#breadcrumb\"},\"inLanguage\":\"en-US\",\"potentialAction\":[{\"@type\":\"ReadAction\",\"target\":[\"https:\/\/www.aktantis.com\/en\/competitiveness-cluster\/key-technologies\/\"]}]},{\"@type\":\"ImageObject\",\"inLanguage\":\"en-US\",\"@id\":\"https:\/\/www.aktantis.com\/en\/competitiveness-cluster\/key-technologies\/#primaryimage\",\"url\":\"https:\/\/www.aktantis.com\/wp-content\/uploads\/2021\/03\/icon-microelectronique.svg\",\"contentUrl\":\"https:\/\/www.aktantis.com\/wp-content\/uploads\/2021\/03\/icon-microelectronique.svg\"},{\"@type\":\"BreadcrumbList\",\"@id\":\"https:\/\/www.aktantis.com\/en\/competitiveness-cluster\/key-technologies\/#breadcrumb\",\"itemListElement\":[{\"@type\":\"ListItem\",\"position\":1,\"name\":\"Accueil\",\"item\":\"https:\/\/www.aktantis.com\/en\/\"},{\"@type\":\"ListItem\",\"position\":2,\"name\":\"AKTANTIS\",\"item\":\"https:\/\/www.aktantis.com\/en\/competitiveness-cluster\/\"},{\"@type\":\"ListItem\",\"position\":3,\"name\":\"Key Technologies\"}]},{\"@type\":\"WebSite\",\"@id\":\"https:\/\/www.aktantis.com\/#website\",\"url\":\"https:\/\/www.aktantis.com\/\",\"name\":\"AKTANTIS\",\"description\":\"1er \u00e9cosyst\u00e8me europ\u00e9en\",\"publisher\":{\"@id\":\"https:\/\/www.aktantis.com\/#organization\"},\"potentialAction\":[{\"@type\":\"SearchAction\",\"target\":{\"@type\":\"EntryPoint\",\"urlTemplate\":\"https:\/\/www.aktantis.com\/?s={search_term_string}\"},\"query-input\":{\"@type\":\"PropertyValueSpecification\",\"valueRequired\":true,\"valueName\":\"search_term_string\"}}],\"inLanguage\":\"en-US\"},{\"@type\":\"Organization\",\"@id\":\"https:\/\/www.aktantis.com\/#organization\",\"name\":\"Aktantis\",\"url\":\"https:\/\/www.aktantis.com\/\",\"logo\":{\"@type\":\"ImageObject\",\"inLanguage\":\"en-US\",\"@id\":\"https:\/\/www.aktantis.com\/#\/schema\/logo\/image\/\",\"url\":\"https:\/\/www.aktantis.com\/wp-content\/uploads\/2018\/03\/cropped-logo_scs.png\",\"contentUrl\":\"https:\/\/www.aktantis.com\/wp-content\/uploads\/2018\/03\/cropped-logo_scs.png\",\"width\":720,\"height\":250,\"caption\":\"Aktantis\"},\"image\":{\"@id\":\"https:\/\/www.aktantis.com\/#\/schema\/logo\/image\/\"},\"sameAs\":[\"https:\/\/www.facebook.com\/PoleSCS\/\",\"https:\/\/x.com\/Pole_SCS\",\"https:\/\/www.linkedin.com\/company\/pole-scs\/\"]}]}<\/script>\n<!-- \/ Yoast SEO plugin. -->","yoast_head_json":{"title":"Key Technologies | AKTANTIS","description":"Our technological domains: Micro\/electronics, AI and Data analytics, Cyber and Digital Security, IoT and Photonics \/ Imaging.","robots":{"index":"index","follow":"follow","max-snippet":"max-snippet:-1","max-image-preview":"max-image-preview:large","max-video-preview":"max-video-preview:-1"},"canonical":"https:\/\/www.aktantis.com\/en\/competitiveness-cluster\/key-technologies\/","og_locale":"en_US","og_type":"article","og_title":"Key Technologies | AKTANTIS","og_description":"Our technological domains: Micro\/electronics, AI and Data analytics, Cyber and Digital Security, IoT and Photonics \/ Imaging.","og_url":"https:\/\/www.aktantis.com\/en\/competitiveness-cluster\/key-technologies\/","og_site_name":"AKTANTIS","article_publisher":"https:\/\/www.facebook.com\/PoleSCS\/","article_modified_time":"2025-09-05T13:52:05+00:00","og_image":[{"url":"https:\/\/www.aktantis.com\/wp-content\/uploads\/2021\/03\/icon-microelectronique.svg","type":"","width":"","height":""}],"twitter_card":"summary_large_image","twitter_site":"@Pole_SCS","schema":{"@context":"https:\/\/schema.org","@graph":[{"@type":"WebPage","@id":"https:\/\/www.aktantis.com\/en\/competitiveness-cluster\/key-technologies\/","url":"https:\/\/www.aktantis.com\/en\/competitiveness-cluster\/key-technologies\/","name":"Key Technologies | AKTANTIS","isPartOf":{"@id":"https:\/\/www.aktantis.com\/#website"},"primaryImageOfPage":{"@id":"https:\/\/www.aktantis.com\/en\/competitiveness-cluster\/key-technologies\/#primaryimage"},"image":{"@id":"https:\/\/www.aktantis.com\/en\/competitiveness-cluster\/key-technologies\/#primaryimage"},"thumbnailUrl":"https:\/\/www.aktantis.com\/wp-content\/uploads\/2021\/03\/icon-microelectronique.svg","datePublished":"2018-01-23T11:51:39+00:00","dateModified":"2025-09-05T13:52:05+00:00","description":"Our technological domains: Micro\/electronics, AI and Data analytics, Cyber and Digital Security, IoT and Photonics \/ Imaging.","breadcrumb":{"@id":"https:\/\/www.aktantis.com\/en\/competitiveness-cluster\/key-technologies\/#breadcrumb"},"inLanguage":"en-US","potentialAction":[{"@type":"ReadAction","target":["https:\/\/www.aktantis.com\/en\/competitiveness-cluster\/key-technologies\/"]}]},{"@type":"ImageObject","inLanguage":"en-US","@id":"https:\/\/www.aktantis.com\/en\/competitiveness-cluster\/key-technologies\/#primaryimage","url":"https:\/\/www.aktantis.com\/wp-content\/uploads\/2021\/03\/icon-microelectronique.svg","contentUrl":"https:\/\/www.aktantis.com\/wp-content\/uploads\/2021\/03\/icon-microelectronique.svg"},{"@type":"BreadcrumbList","@id":"https:\/\/www.aktantis.com\/en\/competitiveness-cluster\/key-technologies\/#breadcrumb","itemListElement":[{"@type":"ListItem","position":1,"name":"Accueil","item":"https:\/\/www.aktantis.com\/en\/"},{"@type":"ListItem","position":2,"name":"AKTANTIS","item":"https:\/\/www.aktantis.com\/en\/competitiveness-cluster\/"},{"@type":"ListItem","position":3,"name":"Key Technologies"}]},{"@type":"WebSite","@id":"https:\/\/www.aktantis.com\/#website","url":"https:\/\/www.aktantis.com\/","name":"AKTANTIS","description":"1er \u00e9cosyst\u00e8me europ\u00e9en","publisher":{"@id":"https:\/\/www.aktantis.com\/#organization"},"potentialAction":[{"@type":"SearchAction","target":{"@type":"EntryPoint","urlTemplate":"https:\/\/www.aktantis.com\/?s={search_term_string}"},"query-input":{"@type":"PropertyValueSpecification","valueRequired":true,"valueName":"search_term_string"}}],"inLanguage":"en-US"},{"@type":"Organization","@id":"https:\/\/www.aktantis.com\/#organization","name":"Aktantis","url":"https:\/\/www.aktantis.com\/","logo":{"@type":"ImageObject","inLanguage":"en-US","@id":"https:\/\/www.aktantis.com\/#\/schema\/logo\/image\/","url":"https:\/\/www.aktantis.com\/wp-content\/uploads\/2018\/03\/cropped-logo_scs.png","contentUrl":"https:\/\/www.aktantis.com\/wp-content\/uploads\/2018\/03\/cropped-logo_scs.png","width":720,"height":250,"caption":"Aktantis"},"image":{"@id":"https:\/\/www.aktantis.com\/#\/schema\/logo\/image\/"},"sameAs":["https:\/\/www.facebook.com\/PoleSCS\/","https:\/\/x.com\/Pole_SCS","https:\/\/www.linkedin.com\/company\/pole-scs\/"]}]}},"_links":{"self":[{"href":"https:\/\/www.aktantis.com\/en\/wp-json\/wp\/v2\/pages\/91132222","targetHints":{"allow":["GET"]}}],"collection":[{"href":"https:\/\/www.aktantis.com\/en\/wp-json\/wp\/v2\/pages"}],"about":[{"href":"https:\/\/www.aktantis.com\/en\/wp-json\/wp\/v2\/types\/page"}],"author":[{"embeddable":true,"href":"https:\/\/www.aktantis.com\/en\/wp-json\/wp\/v2\/users\/1"}],"replies":[{"embeddable":true,"href":"https:\/\/www.aktantis.com\/en\/wp-json\/wp\/v2\/comments?post=91132222"}],"version-history":[{"count":41,"href":"https:\/\/www.aktantis.com\/en\/wp-json\/wp\/v2\/pages\/91132222\/revisions"}],"predecessor-version":[{"id":91180657,"href":"https:\/\/www.aktantis.com\/en\/wp-json\/wp\/v2\/pages\/91132222\/revisions\/91180657"}],"up":[{"embeddable":true,"href":"https:\/\/www.aktantis.com\/en\/wp-json\/wp\/v2\/pages\/91132257"}],"wp:attachment":[{"href":"https:\/\/www.aktantis.com\/en\/wp-json\/wp\/v2\/media?parent=91132222"}],"curies":[{"name":"wp","href":"https:\/\/api.w.org\/{rel}","templated":true}]}}