{"id":91132214,"date":"2018-01-11T19:42:39","date_gmt":"2018-01-11T18:42:39","guid":{"rendered":"http:\/\/www.aktantis.com\/notre-strategie\/"},"modified":"2024-03-15T16:14:39","modified_gmt":"2024-03-15T15:14:39","slug":"strategy","status":"publish","type":"page","link":"https:\/\/www.aktantis.com\/en\/competitiveness-cluster\/strategy\/","title":{"rendered":"Our strategy"},"content":{"rendered":"<div class=\"wpb-content-wrapper\"><p>[vc_row css=&#8221;.vc_custom_1516293835315{padding-bottom: 50px !important;}&#8221;][vc_column][vc_column_text css_animation=&#8221;none&#8221; css=&#8221;.vc_custom_1518875661970{padding-bottom: 20px !important;}&#8221;]<\/p>\n<hr \/>\n<h2 style=\"text-align: center;\"><span>Our<\/span> Strategy<\/h2>\n<p>[\/vc_column_text][vc_row_inner][vc_column_inner width=&#8221;1\/12&#8243;][\/vc_column_inner][vc_column_inner width=&#8221;10\/12&#8243;][vc_column_text]<\/p>\n<h3 style=\"text-align: center;\">BE EUROPE&#8217;S LEADING ECOSYSTEM IN OUR AREAS OF EXCELLENCE<\/h3>\n<h4 style=\"text-align: center;\"><span style=\"color: #4caac1;\"><strong>SCS\u2019 ambition is to develop Europe&#8217;s leading ecosystem and one of the world&#8217;s three largest in its areas of excellence.<\/strong><\/span><\/h4>\n<p>[\/vc_column_text][vc_column_text]<\/p>\n<p style=\"text-align: center;\"><span style=\"font-weight: 400;\">To that extent, the following priorities lead our strategy:<\/span><\/p>\n<p>[\/vc_column_text][\/vc_column_inner][vc_column_inner width=&#8221;1\/12&#8243;][\/vc_column_inner][\/vc_row_inner][vc_row_inner][vc_column_inner width=&#8221;1\/4&#8243;][vc_single_image image=&#8221;91142715&#8243; alignment=&#8221;center&#8221;][vc_column_text css_animation=&#8221;none&#8221;]<\/p>\n<ul>\n<li><strong>Generate significant technological breakthroughs in our strategic areas by orienting the activity of our ecosystem on these innovation issues, in particular our startups \/ SMEs<\/strong><\/li>\n<\/ul>\n<p>[\/vc_column_text][\/vc_column_inner][vc_column_inner width=&#8221;1\/4&#8243;][vc_single_image image=&#8221;91142718&#8243; alignment=&#8221;center&#8221;][vc_column_text]<\/p>\n<ul>\n<li><strong>Enhance and deploy these technological innovations in industrial sectors and markets that can gain a competitive advantage by converting these technological innovations into products and services<\/strong><\/li>\n<\/ul>\n<p>[\/vc_column_text][\/vc_column_inner][vc_column_inner width=&#8221;1\/4&#8243;][vc_single_image image=&#8221;91142716&#8243; alignment=&#8221;center&#8221;][vc_column_text]<\/p>\n<ul>\n<li><strong>Be a recognized partner of major international groups, clusters and public bodies in order to engage our industrial ecosystem, and in particular startups \/ SME, on dominant positions in their markets<\/strong><\/li>\n<\/ul>\n<p>[\/vc_column_text][\/vc_column_inner][vc_column_inner width=&#8221;1\/4&#8243;][vc_single_image image=&#8221;91142717&#8243; alignment=&#8221;center&#8221;][vc_column_text]<\/p>\n<ul>\n<li><b>Strengthen support actions to startups \/ SMEs by accompanying them on all their issues from innovation to business as part of a growth pathway to enable growth and jobs<\/b><\/li>\n<\/ul>\n<p>[\/vc_column_text][\/vc_column_inner][\/vc_row_inner][\/vc_column][\/vc_row][vc_row full_width=&#8221;stretch_row_content_no_spaces&#8221; css=&#8221;.vc_custom_1516288787329{margin-top: 50px !important;}&#8221;][vc_column][vc_single_image image=&#8221;91142695&#8243; img_size=&#8221;full&#8221; alignment=&#8221;center&#8221; css=&#8221;.vc_custom_1582131182866{margin-bottom: 0px !important;}&#8221; el_class=&#8221;full-width-content&#8221;][\/vc_column][\/vc_row][vc_row full_width=&#8221;stretch_row_content_no_spaces&#8221; parallax=&#8221;content-moving&#8221; parallax_image=&#8221;91134900&#8243; parallax_speed_bg=&#8221;2&#8243; css=&#8221;.vc_custom_1520810910660{margin-top: 0px !important;background-position: center;background-repeat: no-repeat !important;background-size: cover !important;}&#8221; el_class=&#8221;mobile-block-fix&#8221;][vc_column css=&#8221;.vc_custom_1519745774815{padding-top: 6rem !important;padding-bottom: 6rem !important;}&#8221;][vc_column_text el_class=&#8221;center-width&#8221;]<\/p>\n<h2 style=\"text-align: center;\"><span style=\"color: #ffffff;\">A LEADING CLUSTER IN ADVANCED TECHNOLOGIES<\/span><\/h2>\n<p style=\"text-align: center;\"><span style=\"color: #ffffff;\">The SCS Cluster is dedicated to key technologies in Micro\/Electronics, Artificial Intelligence and Data Analytics, Cyber \/ Digital Security, Internet of Things (IoT) and Photonics \/ Imaging.<\/span><\/p>\n<p>[\/vc_column_text][vc_btn title=&#8221;Discover our key technologies&#8221; style=&#8221;flat&#8221; size=&#8221;lg&#8221; align=&#8221;center&#8221; i_align=&#8221;right&#8221; i_icon_fontawesome=&#8221;fa fa-angle-right&#8221; add_icon=&#8221;true&#8221; el_class=&#8221;vc_btn_rounded white&#8221; link=&#8221;url:https%3A%2F%2Fwww.aktantis.com%2Fen%2Fecosystem%2Fkey-technologies%2F|||&#8221;][\/vc_column][\/vc_row]<\/p>\n<\/div>","protected":false},"excerpt":{"rendered":"<p>[vc_row css=&#8221;.vc_custom_1516293835315{padding-bottom: 50px !important;}&#8221;][vc_column][vc_column_text css_animation=&#8221;none&#8221; css=&#8221;.vc_custom_1518875661970{padding-bottom: 20px !important;}&#8221;]<\/p>\n<p>Our Strategy<br \/>\n[\/vc_column_text][vc_row_inner][vc_column_inner width=&#8221;1\/12&#8243;][\/vc_column_inner][vc_column_inner width=&#8221;10\/12&#8243;][vc_column_text]<br \/>\nBE EUROPE&#8217;S LEADING ECOSYSTEM IN OUR AREAS OF EXCELLENCE<br \/>\nSCS\u2019 ambition is to develop Europe&#8217;s leading&#8230;<\/p>\n","protected":false},"author":1,"featured_media":0,"parent":91132257,"menu_order":0,"comment_status":"closed","ping_status":"closed","template":"","meta":{"footnotes":""},"class_list":["post-91132214","page","type-page","status-publish","hentry"],"yoast_head":"<!-- This site is optimized with the Yoast SEO plugin v25.8 - https:\/\/yoast.com\/wordpress\/plugins\/seo\/ -->\n<title>Notre strat\u00e9gie<\/title>\n<meta name=\"description\" content=\"SCS ambition is to develop Europe&#039;s leading ecosystem and one of the world&#039;s three largest in Secured Communication Solutions: Cybersecurity, IoT, Contactless Technology, Big Data.\" \/>\n<meta name=\"robots\" content=\"index, follow, max-snippet:-1, max-image-preview:large, max-video-preview:-1\" \/>\n<link rel=\"canonical\" href=\"https:\/\/www.aktantis.com\/pole-de-competitivite\/strategie\/\" \/>\n<meta property=\"og:locale\" content=\"en_US\" \/>\n<meta property=\"og:type\" content=\"article\" \/>\n<meta property=\"og:title\" content=\"Notre strat\u00e9gie\" \/>\n<meta property=\"og:description\" content=\"SCS ambition is to develop Europe&#039;s leading ecosystem and one of the world&#039;s three largest in Secured Communication Solutions: Cybersecurity, IoT, Contactless Technology, Big Data.\" \/>\n<meta property=\"og:url\" content=\"https:\/\/www.aktantis.com\/pole-de-competitivite\/strategie\/\" \/>\n<meta property=\"og:site_name\" content=\"AKTANTIS\" \/>\n<meta property=\"article:publisher\" content=\"https:\/\/www.facebook.com\/PoleSCS\/\" \/>\n<meta property=\"article:modified_time\" content=\"2024-03-15T15:14:39+00:00\" \/>\n<meta name=\"twitter:card\" content=\"summary_large_image\" \/>\n<meta name=\"twitter:site\" content=\"@Pole_SCS\" \/>\n<script type=\"application\/ld+json\" class=\"yoast-schema-graph\">{\"@context\":\"https:\/\/schema.org\",\"@graph\":[{\"@type\":\"WebPage\",\"@id\":\"https:\/\/www.aktantis.com\/pole-de-competitivite\/strategie\/\",\"url\":\"https:\/\/www.aktantis.com\/pole-de-competitivite\/strategie\/\",\"name\":\"Notre strat\u00e9gie\",\"isPartOf\":{\"@id\":\"https:\/\/www.aktantis.com\/#website\"},\"datePublished\":\"2018-01-11T18:42:39+00:00\",\"dateModified\":\"2024-03-15T15:14:39+00:00\",\"description\":\"SCS ambition is to develop Europe's leading ecosystem and one of the world's three largest in Secured Communication Solutions: Cybersecurity, IoT, Contactless Technology, Big Data.\",\"breadcrumb\":{\"@id\":\"https:\/\/www.aktantis.com\/pole-de-competitivite\/strategie\/#breadcrumb\"},\"inLanguage\":\"en-US\",\"potentialAction\":[{\"@type\":\"ReadAction\",\"target\":[\"https:\/\/www.aktantis.com\/pole-de-competitivite\/strategie\/\"]}]},{\"@type\":\"BreadcrumbList\",\"@id\":\"https:\/\/www.aktantis.com\/pole-de-competitivite\/strategie\/#breadcrumb\",\"itemListElement\":[{\"@type\":\"ListItem\",\"position\":1,\"name\":\"Accueil\",\"item\":\"https:\/\/www.aktantis.com\/en\/\"},{\"@type\":\"ListItem\",\"position\":2,\"name\":\"AKTANTIS\",\"item\":\"https:\/\/www.aktantis.com\/en\/competitiveness-cluster\/\"},{\"@type\":\"ListItem\",\"position\":3,\"name\":\"Our strategy\"}]},{\"@type\":\"WebSite\",\"@id\":\"https:\/\/www.aktantis.com\/#website\",\"url\":\"https:\/\/www.aktantis.com\/\",\"name\":\"AKTANTIS\",\"description\":\"1er \u00e9cosyst\u00e8me europ\u00e9en\",\"publisher\":{\"@id\":\"https:\/\/www.aktantis.com\/#organization\"},\"potentialAction\":[{\"@type\":\"SearchAction\",\"target\":{\"@type\":\"EntryPoint\",\"urlTemplate\":\"https:\/\/www.aktantis.com\/?s={search_term_string}\"},\"query-input\":{\"@type\":\"PropertyValueSpecification\",\"valueRequired\":true,\"valueName\":\"search_term_string\"}}],\"inLanguage\":\"en-US\"},{\"@type\":\"Organization\",\"@id\":\"https:\/\/www.aktantis.com\/#organization\",\"name\":\"Aktantis\",\"url\":\"https:\/\/www.aktantis.com\/\",\"logo\":{\"@type\":\"ImageObject\",\"inLanguage\":\"en-US\",\"@id\":\"https:\/\/www.aktantis.com\/#\/schema\/logo\/image\/\",\"url\":\"https:\/\/www.aktantis.com\/wp-content\/uploads\/2018\/03\/cropped-logo_scs.png\",\"contentUrl\":\"https:\/\/www.aktantis.com\/wp-content\/uploads\/2018\/03\/cropped-logo_scs.png\",\"width\":720,\"height\":250,\"caption\":\"Aktantis\"},\"image\":{\"@id\":\"https:\/\/www.aktantis.com\/#\/schema\/logo\/image\/\"},\"sameAs\":[\"https:\/\/www.facebook.com\/PoleSCS\/\",\"https:\/\/x.com\/Pole_SCS\",\"https:\/\/www.linkedin.com\/company\/pole-scs\/\"]}]}<\/script>\n<!-- \/ Yoast SEO plugin. -->","yoast_head_json":{"title":"Notre strat\u00e9gie","description":"SCS ambition is to develop Europe's leading ecosystem and one of the world's three largest in Secured Communication Solutions: Cybersecurity, IoT, Contactless Technology, Big Data.","robots":{"index":"index","follow":"follow","max-snippet":"max-snippet:-1","max-image-preview":"max-image-preview:large","max-video-preview":"max-video-preview:-1"},"canonical":"https:\/\/www.aktantis.com\/pole-de-competitivite\/strategie\/","og_locale":"en_US","og_type":"article","og_title":"Notre strat\u00e9gie","og_description":"SCS ambition is to develop Europe's leading ecosystem and one of the world's three largest in Secured Communication Solutions: Cybersecurity, IoT, Contactless Technology, Big Data.","og_url":"https:\/\/www.aktantis.com\/pole-de-competitivite\/strategie\/","og_site_name":"AKTANTIS","article_publisher":"https:\/\/www.facebook.com\/PoleSCS\/","article_modified_time":"2024-03-15T15:14:39+00:00","twitter_card":"summary_large_image","twitter_site":"@Pole_SCS","schema":{"@context":"https:\/\/schema.org","@graph":[{"@type":"WebPage","@id":"https:\/\/www.aktantis.com\/pole-de-competitivite\/strategie\/","url":"https:\/\/www.aktantis.com\/pole-de-competitivite\/strategie\/","name":"Notre strat\u00e9gie","isPartOf":{"@id":"https:\/\/www.aktantis.com\/#website"},"datePublished":"2018-01-11T18:42:39+00:00","dateModified":"2024-03-15T15:14:39+00:00","description":"SCS ambition is to develop Europe's leading ecosystem and one of the world's three largest in Secured Communication Solutions: Cybersecurity, IoT, Contactless Technology, Big Data.","breadcrumb":{"@id":"https:\/\/www.aktantis.com\/pole-de-competitivite\/strategie\/#breadcrumb"},"inLanguage":"en-US","potentialAction":[{"@type":"ReadAction","target":["https:\/\/www.aktantis.com\/pole-de-competitivite\/strategie\/"]}]},{"@type":"BreadcrumbList","@id":"https:\/\/www.aktantis.com\/pole-de-competitivite\/strategie\/#breadcrumb","itemListElement":[{"@type":"ListItem","position":1,"name":"Accueil","item":"https:\/\/www.aktantis.com\/en\/"},{"@type":"ListItem","position":2,"name":"AKTANTIS","item":"https:\/\/www.aktantis.com\/en\/competitiveness-cluster\/"},{"@type":"ListItem","position":3,"name":"Our strategy"}]},{"@type":"WebSite","@id":"https:\/\/www.aktantis.com\/#website","url":"https:\/\/www.aktantis.com\/","name":"AKTANTIS","description":"1er \u00e9cosyst\u00e8me europ\u00e9en","publisher":{"@id":"https:\/\/www.aktantis.com\/#organization"},"potentialAction":[{"@type":"SearchAction","target":{"@type":"EntryPoint","urlTemplate":"https:\/\/www.aktantis.com\/?s={search_term_string}"},"query-input":{"@type":"PropertyValueSpecification","valueRequired":true,"valueName":"search_term_string"}}],"inLanguage":"en-US"},{"@type":"Organization","@id":"https:\/\/www.aktantis.com\/#organization","name":"Aktantis","url":"https:\/\/www.aktantis.com\/","logo":{"@type":"ImageObject","inLanguage":"en-US","@id":"https:\/\/www.aktantis.com\/#\/schema\/logo\/image\/","url":"https:\/\/www.aktantis.com\/wp-content\/uploads\/2018\/03\/cropped-logo_scs.png","contentUrl":"https:\/\/www.aktantis.com\/wp-content\/uploads\/2018\/03\/cropped-logo_scs.png","width":720,"height":250,"caption":"Aktantis"},"image":{"@id":"https:\/\/www.aktantis.com\/#\/schema\/logo\/image\/"},"sameAs":["https:\/\/www.facebook.com\/PoleSCS\/","https:\/\/x.com\/Pole_SCS","https:\/\/www.linkedin.com\/company\/pole-scs\/"]}]}},"_links":{"self":[{"href":"https:\/\/www.aktantis.com\/en\/wp-json\/wp\/v2\/pages\/91132214","targetHints":{"allow":["GET"]}}],"collection":[{"href":"https:\/\/www.aktantis.com\/en\/wp-json\/wp\/v2\/pages"}],"about":[{"href":"https:\/\/www.aktantis.com\/en\/wp-json\/wp\/v2\/types\/page"}],"author":[{"embeddable":true,"href":"https:\/\/www.aktantis.com\/en\/wp-json\/wp\/v2\/users\/1"}],"replies":[{"embeddable":true,"href":"https:\/\/www.aktantis.com\/en\/wp-json\/wp\/v2\/comments?post=91132214"}],"version-history":[{"count":14,"href":"https:\/\/www.aktantis.com\/en\/wp-json\/wp\/v2\/pages\/91132214\/revisions"}],"predecessor-version":[{"id":91170282,"href":"https:\/\/www.aktantis.com\/en\/wp-json\/wp\/v2\/pages\/91132214\/revisions\/91170282"}],"up":[{"embeddable":true,"href":"https:\/\/www.aktantis.com\/en\/wp-json\/wp\/v2\/pages\/91132257"}],"wp:attachment":[{"href":"https:\/\/www.aktantis.com\/en\/wp-json\/wp\/v2\/media?parent=91132214"}],"curies":[{"name":"wp","href":"https:\/\/api.w.org\/{rel}","templated":true}]}}