{"id":91132210,"date":"2018-01-11T19:42:20","date_gmt":"2018-01-11T18:42:20","guid":{"rendered":"http:\/\/www.aktantis.com\/qui-sommes-nous\/"},"modified":"2024-11-11T13:22:33","modified_gmt":"2024-11-11T12:22:33","slug":"about-us","status":"publish","type":"page","link":"https:\/\/www.aktantis.com\/en\/competitiveness-cluster\/about-us\/","title":{"rendered":"About us"},"content":{"rendered":"<div class=\"wpb-content-wrapper\"><p>[vc_row][vc_column][vc_column_text css=&#8221;.vc_custom_1710513773246{padding-bottom: 50px !important;}&#8221; el_class=&#8221;centered&#8221;]<\/p>\n<hr \/>\n<h2 style=\"text-align: center;\">world-class competitiveness cluster Secure Communicating Solutions<\/h2>\n<h3 style=\"text-align: center;\">ABOUT US<\/h3>\n<p style=\"text-align: center;\">AKTANTIS is a world-class competitiveness cluster dedicated to deeptech technologies.<br \/>\nCreated in 2005 in the Sud Provence-Alpes-C\u00f4te d&#8217;Azur region in the South of France, it brings together an ecosystem of almost 300 industrial players, large multi-national groups, SMEs and startups, research laboratories and leading universities in their fields. They are working together to develop and market products and innovative services to generate growth and jobs in high growth markets.<\/p>\n<p>[\/vc_column_text][\/vc_column][\/vc_row][vc_row full_width=&#8221;stretch_row_content_no_spaces&#8221; equal_height=&#8221;yes&#8221; content_placement=&#8221;middle&#8221; css=&#8221;.vc_custom_1519322825934{padding-top: 0px !important;background-color: #f0f0f0 !important;}&#8221;][vc_column width=&#8221;1\/2&#8243; css=&#8221;.vc_custom_1519745070610{margin-top: 50px !important;margin-bottom: 50px !important;padding-top: 24% !important;padding-right: 16% !important;padding-bottom: 24% !important;padding-left: 16% !important;}&#8221; el_class=&#8221;mobile-block-fix&#8221;][vc_column_text]<\/p>\n<h3>LEADER IN THE FIELDS OF MICRO\/ELECTRONICS, INTERNET OF THINGS, CYBER \/ DIGITAL SECURITY, ARTIFICIAL INTELLIGENCE \/ DATA ANALYTICS AND PHOTONICS\/IMAGING.<\/h3>\n<p>[\/vc_column_text][vc_column_text]AKTANTIS has built a leading European ecosystem in this 5 strategic priority areas.<\/p>\n<p>AKTANTIS Key technologies for the Internet of Things are focused on security of objects, networks, cloud infrastructures and Big Data and AI technologies essential to the development of these markets.[\/vc_column_text][\/vc_column][vc_column width=&#8221;1\/2&#8243; css=&#8221;.vc_custom_1516904050904{margin-top: 0px !important;margin-right: 0px !important;margin-bottom: 0px !important;margin-left: 0px !important;padding-top: 0px !important;padding-bottom: 0px !important;}&#8221; el_class=&#8221;degrad-darkblue&#8221;][vc_column_text css=&#8221;.vc_custom_1519745144122{margin-top: 0px !important;margin-right: 0px !important;margin-bottom: 0px !important;margin-left: 0px !important;padding-top: 0px !important;padding-right: 0px !important;padding-bottom: 0px !important;padding-left: 0px !important;}&#8221;]<a class=\"shrtd-card-promo\" style=\"background-color:transparent\" href=\"https:\/\/www.aktantis.com\/en\/ecosystem\/key-technologies\/\" ><h3><span><img decoding=\"async\" src=\"https:\/\/www.aktantis.com\/wp-content\/themes\/polescs\/assets\/images\/icon-techno-sans-contact.svg\"\/>\r\n\t\t\t\t<img decoding=\"async\" src=\"https:\/\/www.aktantis.com\/wp-content\/themes\/polescs\/assets\/images\/icon-techno-iot.svg\"\/>\r\n\t\t\t\t<img decoding=\"async\" src=\"https:\/\/www.aktantis.com\/wp-content\/themes\/polescs\/assets\/images\/icon-techno-securite-identites-numeriques.svg\"\/><\/span> Discover our key technologies<i class=\"icomoon icon-arrow-right32\"><\/i><\/h3><\/a>[\/vc_column_text][\/vc_column][\/vc_row][vc_row][vc_column][vc_column_text css=&#8221;.vc_custom_1520264703271{padding-bottom: 50px !important;}&#8221;]<\/p>\n<hr \/>\n<h2 style=\"text-align: center;\">AKTANTIS Cluster\u00a0Missions<\/h2>\n<p>[\/vc_column_text][\/vc_column][\/vc_row][vc_row][vc_column width=&#8221;1\/3&#8243; css=&#8221;.vc_custom_1516287646652{padding-right: 2rem !important;padding-left: 2rem !important;}&#8221;][vc_column_text css=&#8221;&#8221;]<\/p>\n<h3>ENCOURAGING COLLABORATIVE INNOVATION<\/h3>\n<p>To achieve ambitious goals of innovation and growth for its companies, AKTANTIS has deployed a winning strategy:<\/p>\n<ul>\n<li><strong>involve the best industrial and academic partners in innovative R&amp;D or industrialization projects and support them towards the best French and European financing programs<\/strong><\/li>\n<li><strong>connect promising SMEs and startups with the best large group for experiments, projects and business relationships<\/strong><\/li>\n<li><strong>position its players in the most important sector initiatives to give them publicity and opportunities and make the ecosystem essential in the strategic orientations of France and at European level<\/strong><\/li>\n<li><strong>internationally, AKTANTIS implements partnerships with major multi-national groups and leading foreign clusters <\/strong><\/li>\n<\/ul>\n<p>[\/vc_column_text][\/vc_column][vc_column width=&#8221;2\/3&#8243; css=&#8221;.vc_custom_1516287629561{padding-right: 2rem !important;padding-left: 2rem !important;}&#8221;][vc_column_text css=&#8221;&#8221;]<\/p>\n<h3>ACCELERATE THE GROWTH OF SMALL COMPANIES<\/h3>\n<p>Helping startups and SMEs to develop in their markets is a strong mission of AKTANTIS, through value-added support. <span data-sheets-value=\"{&quot;1&quot;:2,&quot;2&quot;:&quot;Through expertise and funding, AKTANTIS supports SMEs in growth and job creation in order form them to become future mid-cap companies in the Provence Alpes C\u00f4te d'Azur region&quot;}\" data-sheets-userformat=\"{&quot;2&quot;:8401731,&quot;3&quot;:[null,0],&quot;4&quot;:[null,2,16777215],&quot;9&quot;:0,&quot;11&quot;:4,&quot;12&quot;:0,&quot;15&quot;:&quot;Arial&quot;,&quot;16&quot;:10,&quot;26&quot;:400}\">Through expertise and funding, AKTANTIS supports SMEs in growth and job creation in order form them to become future mid-cap companies in the Sud Provence-Alpes-C\u00f4te d&#8217;Azur region<\/span>.[\/vc_column_text][vc_column_text css=&#8221;.vc_custom_1710514439938{background-color: rgba(0,133,166,0.6) !important;*background-color: rgb(0,133,166) !important;}&#8221; el_class=&#8221;block-blue&#8221;]<strong>With more than 360 projects funded and more than 1 billion euros R&amp;D investments made by 485 companies and 171 research laboratories, AKTANTIS acts as a catalyst for innovation.<\/strong>[\/vc_column_text][vc_column_text css=&#8221;&#8221;]<\/p>\n<h3>MAKE OUR DEEPTECH ECOSYSTEM ESSENTIAL<\/h3>\n<p>The role of the AKTANTIS\u00a0 is also to position its members in the most important sector initiatives to bring visibility and opportunities to our ecosystem. The aim is to make it essential in the strategic orientations of France and at European level.[\/vc_column_text][\/vc_column][\/vc_row][vc_row full_width=&#8221;stretch_row_content_no_spaces&#8221; css=&#8221;.vc_custom_1516870069570{margin-top: 50px !important;}&#8221;][vc_column][vc_single_image image=&#8221;91173691&#8243; img_size=&#8221;full&#8221; css=&#8221;.vc_custom_1731327570409{margin-top: 0px !important;margin-bottom: 0px !important;}&#8221; el_class=&#8221;full-width-content&#8221;][\/vc_column][\/vc_row][vc_row full_width=&#8221;stretch_row_content_no_spaces&#8221; content_placement=&#8221;middle&#8221; parallax=&#8221;content-moving&#8221; parallax_image=&#8221;91134900&#8243; parallax_speed_bg=&#8221;2&#8243; css_animation=&#8221;none&#8221; css=&#8221;.vc_custom_1520810784717{margin-top: 0px !important;background-position: center;background-repeat: no-repeat !important;background-size: cover !important;}&#8221; el_class=&#8221;mobile-block-fix&#8221;][vc_column css=&#8221;.vc_custom_1519745093478{padding-top: 6rem !important;padding-bottom: 6rem !important;}&#8221;][vc_column_text el_class=&#8221;center-width&#8221;]<\/p>\n<h2 style=\"text-align: center;\"><span style=\"color: #ffffff;\">AN<\/span> <span style=\"color: #ffffff;\">INTERNATIONAL DIMENSION<\/span><\/h2>\n<p style=\"text-align: center;\"><span style=\"color: #ffffff;\">AKTANTIS provides funding and support for its members to attend and exhibit in the largest trade shows such as the Mobile World Congress. Through major AKTANTIS partnerships with large international corporates, SMEs can access foreign markets. AKTANTIS builds networks of partners with European clusters and industrials to work on funding and business opportunities at a European scale.<\/span><\/p>\n<p>[\/vc_column_text][vc_btn title=&#8221;Join AKTANTIS&#8221; style=&#8221;flat&#8221; size=&#8221;lg&#8221; align=&#8221;center&#8221; i_align=&#8221;right&#8221; i_icon_fontawesome=&#8221;&#8221; css=&#8221;&#8221; add_icon=&#8221;true&#8221; el_class=&#8221;vc_btn_rounded white&#8221; link=&#8221;url:http%3A%2F%2Fwww.aktantis.com%2Fen%2Fmembership%2F|||&#8221;][\/vc_column][\/vc_row]<\/p>\n<\/div>","protected":false},"excerpt":{"rendered":"<p>[vc_row][vc_column][vc_column_text css=&#8221;.vc_custom_1710513773246{padding-bottom: 50px !important;}&#8221; el_class=&#8221;centered&#8221;]<\/p>\n<p>world-class competitiveness cluster Secure Communicating Solutions<br \/>\nABOUT US<br \/>\nAKTANTIS is a world-class competitiveness cluster dedicated to deeptech technologies.<br \/>\nCreated in 2005 in the Sud&#8230;<\/p>\n","protected":false},"author":1,"featured_media":0,"parent":91132257,"menu_order":0,"comment_status":"closed","ping_status":"closed","template":"","meta":{"footnotes":""},"class_list":["post-91132210","page","type-page","status-publish","hentry"],"yoast_head":"<!-- This site is optimized with the Yoast SEO plugin v25.8 - https:\/\/yoast.com\/wordpress\/plugins\/seo\/ -->\n<title>About us | AKTANTIS<\/title>\n<meta name=\"description\" content=\"AKTANTIS is a world-class competitiveness cluster dedicated to deeptech technologies : Micro\/electronics, IoT, Cyber\/Digital Security, AI \/ Data Analytics and Photonics\/imaging\" \/>\n<meta name=\"robots\" content=\"index, follow, max-snippet:-1, max-image-preview:large, max-video-preview:-1\" \/>\n<link rel=\"canonical\" href=\"https:\/\/www.aktantis.com\/en\/competitiveness-cluster\/about-us\/\" \/>\n<meta property=\"og:locale\" content=\"en_US\" \/>\n<meta property=\"og:type\" content=\"article\" \/>\n<meta property=\"og:title\" content=\"About us | AKTANTIS\" \/>\n<meta property=\"og:description\" content=\"AKTANTIS is a world-class competitiveness cluster dedicated to deeptech technologies : Micro\/electronics, IoT, Cyber\/Digital Security, AI \/ Data Analytics and Photonics\/imaging\" \/>\n<meta property=\"og:url\" content=\"https:\/\/www.aktantis.com\/en\/competitiveness-cluster\/about-us\/\" \/>\n<meta property=\"og:site_name\" content=\"AKTANTIS\" \/>\n<meta property=\"article:publisher\" content=\"https:\/\/www.facebook.com\/PoleSCS\/\" \/>\n<meta property=\"article:modified_time\" content=\"2024-11-11T12:22:33+00:00\" \/>\n<meta name=\"twitter:card\" content=\"summary_large_image\" \/>\n<meta name=\"twitter:site\" content=\"@Pole_SCS\" \/>\n<script type=\"application\/ld+json\" class=\"yoast-schema-graph\">{\"@context\":\"https:\/\/schema.org\",\"@graph\":[{\"@type\":\"WebPage\",\"@id\":\"https:\/\/www.aktantis.com\/en\/competitiveness-cluster\/about-us\/\",\"url\":\"https:\/\/www.aktantis.com\/en\/competitiveness-cluster\/about-us\/\",\"name\":\"About us | AKTANTIS\",\"isPartOf\":{\"@id\":\"https:\/\/www.aktantis.com\/#website\"},\"datePublished\":\"2018-01-11T18:42:20+00:00\",\"dateModified\":\"2024-11-11T12:22:33+00:00\",\"description\":\"AKTANTIS is a world-class competitiveness cluster dedicated to deeptech technologies : Micro\/electronics, IoT, Cyber\/Digital Security, AI \/ Data Analytics and Photonics\/imaging\",\"breadcrumb\":{\"@id\":\"https:\/\/www.aktantis.com\/en\/competitiveness-cluster\/about-us\/#breadcrumb\"},\"inLanguage\":\"en-US\",\"potentialAction\":[{\"@type\":\"ReadAction\",\"target\":[\"https:\/\/www.aktantis.com\/en\/competitiveness-cluster\/about-us\/\"]}]},{\"@type\":\"BreadcrumbList\",\"@id\":\"https:\/\/www.aktantis.com\/en\/competitiveness-cluster\/about-us\/#breadcrumb\",\"itemListElement\":[{\"@type\":\"ListItem\",\"position\":1,\"name\":\"Accueil\",\"item\":\"https:\/\/www.aktantis.com\/en\/\"},{\"@type\":\"ListItem\",\"position\":2,\"name\":\"AKTANTIS\",\"item\":\"https:\/\/www.aktantis.com\/en\/competitiveness-cluster\/\"},{\"@type\":\"ListItem\",\"position\":3,\"name\":\"About us\"}]},{\"@type\":\"WebSite\",\"@id\":\"https:\/\/www.aktantis.com\/#website\",\"url\":\"https:\/\/www.aktantis.com\/\",\"name\":\"AKTANTIS\",\"description\":\"1er \u00e9cosyst\u00e8me europ\u00e9en\",\"publisher\":{\"@id\":\"https:\/\/www.aktantis.com\/#organization\"},\"potentialAction\":[{\"@type\":\"SearchAction\",\"target\":{\"@type\":\"EntryPoint\",\"urlTemplate\":\"https:\/\/www.aktantis.com\/?s={search_term_string}\"},\"query-input\":{\"@type\":\"PropertyValueSpecification\",\"valueRequired\":true,\"valueName\":\"search_term_string\"}}],\"inLanguage\":\"en-US\"},{\"@type\":\"Organization\",\"@id\":\"https:\/\/www.aktantis.com\/#organization\",\"name\":\"Aktantis\",\"url\":\"https:\/\/www.aktantis.com\/\",\"logo\":{\"@type\":\"ImageObject\",\"inLanguage\":\"en-US\",\"@id\":\"https:\/\/www.aktantis.com\/#\/schema\/logo\/image\/\",\"url\":\"https:\/\/www.aktantis.com\/wp-content\/uploads\/2018\/03\/cropped-logo_scs.png\",\"contentUrl\":\"https:\/\/www.aktantis.com\/wp-content\/uploads\/2018\/03\/cropped-logo_scs.png\",\"width\":720,\"height\":250,\"caption\":\"Aktantis\"},\"image\":{\"@id\":\"https:\/\/www.aktantis.com\/#\/schema\/logo\/image\/\"},\"sameAs\":[\"https:\/\/www.facebook.com\/PoleSCS\/\",\"https:\/\/x.com\/Pole_SCS\",\"https:\/\/www.linkedin.com\/company\/pole-scs\/\"]}]}<\/script>\n<!-- \/ Yoast SEO plugin. -->","yoast_head_json":{"title":"About us | AKTANTIS","description":"AKTANTIS is a world-class competitiveness cluster dedicated to deeptech technologies : Micro\/electronics, IoT, Cyber\/Digital Security, AI \/ Data Analytics and Photonics\/imaging","robots":{"index":"index","follow":"follow","max-snippet":"max-snippet:-1","max-image-preview":"max-image-preview:large","max-video-preview":"max-video-preview:-1"},"canonical":"https:\/\/www.aktantis.com\/en\/competitiveness-cluster\/about-us\/","og_locale":"en_US","og_type":"article","og_title":"About us | AKTANTIS","og_description":"AKTANTIS is a world-class competitiveness cluster dedicated to deeptech technologies : Micro\/electronics, IoT, Cyber\/Digital Security, AI \/ Data Analytics and Photonics\/imaging","og_url":"https:\/\/www.aktantis.com\/en\/competitiveness-cluster\/about-us\/","og_site_name":"AKTANTIS","article_publisher":"https:\/\/www.facebook.com\/PoleSCS\/","article_modified_time":"2024-11-11T12:22:33+00:00","twitter_card":"summary_large_image","twitter_site":"@Pole_SCS","schema":{"@context":"https:\/\/schema.org","@graph":[{"@type":"WebPage","@id":"https:\/\/www.aktantis.com\/en\/competitiveness-cluster\/about-us\/","url":"https:\/\/www.aktantis.com\/en\/competitiveness-cluster\/about-us\/","name":"About us | AKTANTIS","isPartOf":{"@id":"https:\/\/www.aktantis.com\/#website"},"datePublished":"2018-01-11T18:42:20+00:00","dateModified":"2024-11-11T12:22:33+00:00","description":"AKTANTIS is a world-class competitiveness cluster dedicated to deeptech technologies : Micro\/electronics, IoT, Cyber\/Digital Security, AI \/ Data Analytics and Photonics\/imaging","breadcrumb":{"@id":"https:\/\/www.aktantis.com\/en\/competitiveness-cluster\/about-us\/#breadcrumb"},"inLanguage":"en-US","potentialAction":[{"@type":"ReadAction","target":["https:\/\/www.aktantis.com\/en\/competitiveness-cluster\/about-us\/"]}]},{"@type":"BreadcrumbList","@id":"https:\/\/www.aktantis.com\/en\/competitiveness-cluster\/about-us\/#breadcrumb","itemListElement":[{"@type":"ListItem","position":1,"name":"Accueil","item":"https:\/\/www.aktantis.com\/en\/"},{"@type":"ListItem","position":2,"name":"AKTANTIS","item":"https:\/\/www.aktantis.com\/en\/competitiveness-cluster\/"},{"@type":"ListItem","position":3,"name":"About us"}]},{"@type":"WebSite","@id":"https:\/\/www.aktantis.com\/#website","url":"https:\/\/www.aktantis.com\/","name":"AKTANTIS","description":"1er \u00e9cosyst\u00e8me europ\u00e9en","publisher":{"@id":"https:\/\/www.aktantis.com\/#organization"},"potentialAction":[{"@type":"SearchAction","target":{"@type":"EntryPoint","urlTemplate":"https:\/\/www.aktantis.com\/?s={search_term_string}"},"query-input":{"@type":"PropertyValueSpecification","valueRequired":true,"valueName":"search_term_string"}}],"inLanguage":"en-US"},{"@type":"Organization","@id":"https:\/\/www.aktantis.com\/#organization","name":"Aktantis","url":"https:\/\/www.aktantis.com\/","logo":{"@type":"ImageObject","inLanguage":"en-US","@id":"https:\/\/www.aktantis.com\/#\/schema\/logo\/image\/","url":"https:\/\/www.aktantis.com\/wp-content\/uploads\/2018\/03\/cropped-logo_scs.png","contentUrl":"https:\/\/www.aktantis.com\/wp-content\/uploads\/2018\/03\/cropped-logo_scs.png","width":720,"height":250,"caption":"Aktantis"},"image":{"@id":"https:\/\/www.aktantis.com\/#\/schema\/logo\/image\/"},"sameAs":["https:\/\/www.facebook.com\/PoleSCS\/","https:\/\/x.com\/Pole_SCS","https:\/\/www.linkedin.com\/company\/pole-scs\/"]}]}},"_links":{"self":[{"href":"https:\/\/www.aktantis.com\/en\/wp-json\/wp\/v2\/pages\/91132210","targetHints":{"allow":["GET"]}}],"collection":[{"href":"https:\/\/www.aktantis.com\/en\/wp-json\/wp\/v2\/pages"}],"about":[{"href":"https:\/\/www.aktantis.com\/en\/wp-json\/wp\/v2\/types\/page"}],"author":[{"embeddable":true,"href":"https:\/\/www.aktantis.com\/en\/wp-json\/wp\/v2\/users\/1"}],"replies":[{"embeddable":true,"href":"https:\/\/www.aktantis.com\/en\/wp-json\/wp\/v2\/comments?post=91132210"}],"version-history":[{"count":32,"href":"https:\/\/www.aktantis.com\/en\/wp-json\/wp\/v2\/pages\/91132210\/revisions"}],"predecessor-version":[{"id":91173694,"href":"https:\/\/www.aktantis.com\/en\/wp-json\/wp\/v2\/pages\/91132210\/revisions\/91173694"}],"up":[{"embeddable":true,"href":"https:\/\/www.aktantis.com\/en\/wp-json\/wp\/v2\/pages\/91132257"}],"wp:attachment":[{"href":"https:\/\/www.aktantis.com\/en\/wp-json\/wp\/v2\/media?parent=91132210"}],"curies":[{"name":"wp","href":"https:\/\/api.w.org\/{rel}","templated":true}]}}