{"id":91130538,"date":"2018-01-11T15:53:53","date_gmt":"2018-01-11T14:53:53","guid":{"rendered":"http:\/\/www.aktantis.com\/?page_id=91130538"},"modified":"2026-01-13T09:51:32","modified_gmt":"2026-01-13T08:51:32","slug":"accueil","status":"publish","type":"page","link":"https:\/\/www.aktantis.com\/en\/","title":{"rendered":"Accueil"},"content":{"rendered":"<p>Bienvenue sur votre site\u00a0! C\u2019est votre page d\u2019accueil que vos visiteurs verront lorsqu\u2019ils arriveront sur votre site la premi\u00e8re fois.<\/p>\n","protected":false},"excerpt":{"rendered":"<p>Bienvenue sur votre site\u00a0! C\u2019est votre page d\u2019accueil que vos visiteurs verront lorsqu\u2019ils arriveront sur votre site la premi\u00e8re fois.<\/p>\n","protected":false},"author":1,"featured_media":0,"parent":0,"menu_order":0,"comment_status":"closed","ping_status":"closed","template":"","meta":{"footnotes":""},"class_list":["post-91130538","page","type-page","status-publish","hentry"],"yoast_head":"<!-- This site is optimized with the Yoast SEO plugin v25.8 - https:\/\/yoast.com\/wordpress\/plugins\/seo\/ -->\n<title>AKTANTIS | P\u00f4le de comp\u00e9titivit\u00e9 Deeptech europ\u00e9en pour une transition num\u00e9rique durable<\/title>\n<meta name=\"description\" content=\"AKTANTIS est un p\u00f4le de comp\u00e9titivit\u00e9 deeptech europ\u00e9en (Micro\/Electronique, Cyber &amp; S\u00e9curit\u00e9 Num\u00e9rique, IoT, IA\/Data Analytics, Photonique\/Imagerie) en R\u00e9gion Sud et Occitanie.\" \/>\n<meta name=\"robots\" content=\"index, follow, max-snippet:-1, max-image-preview:large, max-video-preview:-1\" \/>\n<link rel=\"canonical\" href=\"https:\/\/www.aktantis.com\/en\/\" \/>\n<meta property=\"og:locale\" content=\"en_US\" \/>\n<meta property=\"og:type\" content=\"article\" \/>\n<meta property=\"og:title\" content=\"AKTANTIS | P\u00f4le de comp\u00e9titivit\u00e9 Deeptech europ\u00e9en pour une transition num\u00e9rique durable\" \/>\n<meta property=\"og:description\" content=\"AKTANTIS est un p\u00f4le de comp\u00e9titivit\u00e9 deeptech europ\u00e9en (Micro\/Electronique, Cyber &amp; S\u00e9curit\u00e9 Num\u00e9rique, IoT, IA\/Data Analytics, Photonique\/Imagerie) en R\u00e9gion Sud et Occitanie.\" \/>\n<meta property=\"og:url\" content=\"https:\/\/www.aktantis.com\/en\/\" \/>\n<meta property=\"og:site_name\" content=\"AKTANTIS\" \/>\n<meta property=\"article:publisher\" content=\"https:\/\/www.facebook.com\/PoleSCS\/\" \/>\n<meta property=\"article:modified_time\" content=\"2026-01-13T08:51:32+00:00\" \/>\n<meta name=\"twitter:card\" content=\"summary_large_image\" \/>\n<meta name=\"twitter:site\" content=\"@Pole_SCS\" \/>\n<script type=\"application\/ld+json\" class=\"yoast-schema-graph\">{\"@context\":\"https:\/\/schema.org\",\"@graph\":[{\"@type\":\"WebPage\",\"@id\":\"https:\/\/www.aktantis.com\/en\/\",\"url\":\"https:\/\/www.aktantis.com\/en\/\",\"name\":\"AKTANTIS | P\u00f4le de comp\u00e9titivit\u00e9 Deeptech europ\u00e9en pour une transition num\u00e9rique durable\",\"isPartOf\":{\"@id\":\"https:\/\/www.aktantis.com\/#website\"},\"datePublished\":\"2018-01-11T14:53:53+00:00\",\"dateModified\":\"2026-01-13T08:51:32+00:00\",\"description\":\"AKTANTIS est un p\u00f4le de comp\u00e9titivit\u00e9 deeptech europ\u00e9en (Micro\/Electronique, Cyber & S\u00e9curit\u00e9 Num\u00e9rique, IoT, IA\/Data Analytics, Photonique\/Imagerie) en R\u00e9gion Sud et Occitanie.\",\"breadcrumb\":{\"@id\":\"https:\/\/www.aktantis.com\/en\/#breadcrumb\"},\"inLanguage\":\"en-US\",\"potentialAction\":[{\"@type\":\"ReadAction\",\"target\":[\"https:\/\/www.aktantis.com\/en\/\"]}]},{\"@type\":\"BreadcrumbList\",\"@id\":\"https:\/\/www.aktantis.com\/en\/#breadcrumb\",\"itemListElement\":[{\"@type\":\"ListItem\",\"position\":1,\"name\":\"Accueil\",\"item\":\"https:\/\/www.aktantis.com\/en\/\"},{\"@type\":\"ListItem\",\"position\":2,\"name\":\"Accueil\"}]},{\"@type\":\"WebSite\",\"@id\":\"https:\/\/www.aktantis.com\/#website\",\"url\":\"https:\/\/www.aktantis.com\/\",\"name\":\"AKTANTIS\",\"description\":\"1er \u00e9cosyst\u00e8me europ\u00e9en\",\"publisher\":{\"@id\":\"https:\/\/www.aktantis.com\/#organization\"},\"potentialAction\":[{\"@type\":\"SearchAction\",\"target\":{\"@type\":\"EntryPoint\",\"urlTemplate\":\"https:\/\/www.aktantis.com\/?s={search_term_string}\"},\"query-input\":{\"@type\":\"PropertyValueSpecification\",\"valueRequired\":true,\"valueName\":\"search_term_string\"}}],\"inLanguage\":\"en-US\"},{\"@type\":\"Organization\",\"@id\":\"https:\/\/www.aktantis.com\/#organization\",\"name\":\"Aktantis\",\"url\":\"https:\/\/www.aktantis.com\/\",\"logo\":{\"@type\":\"ImageObject\",\"inLanguage\":\"en-US\",\"@id\":\"https:\/\/www.aktantis.com\/#\/schema\/logo\/image\/\",\"url\":\"https:\/\/www.aktantis.com\/wp-content\/uploads\/2018\/03\/cropped-logo_scs.png\",\"contentUrl\":\"https:\/\/www.aktantis.com\/wp-content\/uploads\/2018\/03\/cropped-logo_scs.png\",\"width\":720,\"height\":250,\"caption\":\"Aktantis\"},\"image\":{\"@id\":\"https:\/\/www.aktantis.com\/#\/schema\/logo\/image\/\"},\"sameAs\":[\"https:\/\/www.facebook.com\/PoleSCS\/\",\"https:\/\/x.com\/Pole_SCS\",\"https:\/\/www.linkedin.com\/company\/pole-scs\/\"]}]}<\/script>\n<!-- \/ Yoast SEO plugin. -->","yoast_head_json":{"title":"AKTANTIS | P\u00f4le de comp\u00e9titivit\u00e9 Deeptech europ\u00e9en pour une transition num\u00e9rique durable","description":"AKTANTIS est un p\u00f4le de comp\u00e9titivit\u00e9 deeptech europ\u00e9en (Micro\/Electronique, Cyber & S\u00e9curit\u00e9 Num\u00e9rique, IoT, IA\/Data Analytics, Photonique\/Imagerie) en R\u00e9gion Sud et Occitanie.","robots":{"index":"index","follow":"follow","max-snippet":"max-snippet:-1","max-image-preview":"max-image-preview:large","max-video-preview":"max-video-preview:-1"},"canonical":"https:\/\/www.aktantis.com\/en\/","og_locale":"en_US","og_type":"article","og_title":"AKTANTIS | P\u00f4le de comp\u00e9titivit\u00e9 Deeptech europ\u00e9en pour une transition num\u00e9rique durable","og_description":"AKTANTIS est un p\u00f4le de comp\u00e9titivit\u00e9 deeptech europ\u00e9en (Micro\/Electronique, Cyber & S\u00e9curit\u00e9 Num\u00e9rique, IoT, IA\/Data Analytics, Photonique\/Imagerie) en R\u00e9gion Sud et Occitanie.","og_url":"https:\/\/www.aktantis.com\/en\/","og_site_name":"AKTANTIS","article_publisher":"https:\/\/www.facebook.com\/PoleSCS\/","article_modified_time":"2026-01-13T08:51:32+00:00","twitter_card":"summary_large_image","twitter_site":"@Pole_SCS","schema":{"@context":"https:\/\/schema.org","@graph":[{"@type":"WebPage","@id":"https:\/\/www.aktantis.com\/en\/","url":"https:\/\/www.aktantis.com\/en\/","name":"AKTANTIS | P\u00f4le de comp\u00e9titivit\u00e9 Deeptech europ\u00e9en pour une transition num\u00e9rique durable","isPartOf":{"@id":"https:\/\/www.aktantis.com\/#website"},"datePublished":"2018-01-11T14:53:53+00:00","dateModified":"2026-01-13T08:51:32+00:00","description":"AKTANTIS est un p\u00f4le de comp\u00e9titivit\u00e9 deeptech europ\u00e9en (Micro\/Electronique, Cyber & S\u00e9curit\u00e9 Num\u00e9rique, IoT, IA\/Data Analytics, Photonique\/Imagerie) en R\u00e9gion Sud et Occitanie.","breadcrumb":{"@id":"https:\/\/www.aktantis.com\/en\/#breadcrumb"},"inLanguage":"en-US","potentialAction":[{"@type":"ReadAction","target":["https:\/\/www.aktantis.com\/en\/"]}]},{"@type":"BreadcrumbList","@id":"https:\/\/www.aktantis.com\/en\/#breadcrumb","itemListElement":[{"@type":"ListItem","position":1,"name":"Accueil","item":"https:\/\/www.aktantis.com\/en\/"},{"@type":"ListItem","position":2,"name":"Accueil"}]},{"@type":"WebSite","@id":"https:\/\/www.aktantis.com\/#website","url":"https:\/\/www.aktantis.com\/","name":"AKTANTIS","description":"1er \u00e9cosyst\u00e8me europ\u00e9en","publisher":{"@id":"https:\/\/www.aktantis.com\/#organization"},"potentialAction":[{"@type":"SearchAction","target":{"@type":"EntryPoint","urlTemplate":"https:\/\/www.aktantis.com\/?s={search_term_string}"},"query-input":{"@type":"PropertyValueSpecification","valueRequired":true,"valueName":"search_term_string"}}],"inLanguage":"en-US"},{"@type":"Organization","@id":"https:\/\/www.aktantis.com\/#organization","name":"Aktantis","url":"https:\/\/www.aktantis.com\/","logo":{"@type":"ImageObject","inLanguage":"en-US","@id":"https:\/\/www.aktantis.com\/#\/schema\/logo\/image\/","url":"https:\/\/www.aktantis.com\/wp-content\/uploads\/2018\/03\/cropped-logo_scs.png","contentUrl":"https:\/\/www.aktantis.com\/wp-content\/uploads\/2018\/03\/cropped-logo_scs.png","width":720,"height":250,"caption":"Aktantis"},"image":{"@id":"https:\/\/www.aktantis.com\/#\/schema\/logo\/image\/"},"sameAs":["https:\/\/www.facebook.com\/PoleSCS\/","https:\/\/x.com\/Pole_SCS","https:\/\/www.linkedin.com\/company\/pole-scs\/"]}]}},"_links":{"self":[{"href":"https:\/\/www.aktantis.com\/en\/wp-json\/wp\/v2\/pages\/91130538","targetHints":{"allow":["GET"]}}],"collection":[{"href":"https:\/\/www.aktantis.com\/en\/wp-json\/wp\/v2\/pages"}],"about":[{"href":"https:\/\/www.aktantis.com\/en\/wp-json\/wp\/v2\/types\/page"}],"author":[{"embeddable":true,"href":"https:\/\/www.aktantis.com\/en\/wp-json\/wp\/v2\/users\/1"}],"replies":[{"embeddable":true,"href":"https:\/\/www.aktantis.com\/en\/wp-json\/wp\/v2\/comments?post=91130538"}],"version-history":[{"count":1,"href":"https:\/\/www.aktantis.com\/en\/wp-json\/wp\/v2\/pages\/91130538\/revisions"}],"predecessor-version":[{"id":91130539,"href":"https:\/\/www.aktantis.com\/en\/wp-json\/wp\/v2\/pages\/91130538\/revisions\/91130539"}],"wp:attachment":[{"href":"https:\/\/www.aktantis.com\/en\/wp-json\/wp\/v2\/media?parent=91130538"}],"curies":[{"name":"wp","href":"https:\/\/api.w.org\/{rel}","templated":true}]}}